{"id":28690,"date":"2024-09-10T14:08:48","date_gmt":"2024-09-10T14:08:48","guid":{"rendered":"https:\/\/zamphelmets.co\/product\/poteaux-hans-noirs\/"},"modified":"2026-02-16T15:55:08","modified_gmt":"2026-02-16T15:55:08","slug":"poteaux-hans-noirs","status":"publish","type":"product","link":"https:\/\/zamphelmets.co\/fr\/produit\/poteaux-hans-noirs\/","title":{"rendered":"Poteaux HANS noirs"},"content":{"rendered":"<p>Ces montants rouges \u00e9l\u00e9gants de la marque HANS sont con\u00e7us pour s&rsquo;adapter \u00e0 tous les casques Zamp ADULT, qui disposent tous d&rsquo;un r\u00e9ceptacle filet\u00e9 femelle M6 int\u00e9gr\u00e9 dans le casque. Les montants permettent d&rsquo;installer un dispositif FHR \/ HANS sur le casque.<\/p>\n<ul>\n<li>Con\u00e7u pour s&rsquo;adapter aux casques dot\u00e9s d&rsquo;un r\u00e9ceptacle filet\u00e9 M6<\/li>\n<li>Permet le montage d&rsquo;un dispositif FHR \/ HANS sur un casque<\/li>\n<li>Marque HANS<\/li>\n<\/ul>\n<p>Vendu par paire de poteaux<\/p>\n<p>FIA 8858-2010 approuv\u00e9<\/p>\n","protected":false},"excerpt":{"rendered":"<p>Ces montants rouges \u00e9l\u00e9gants de la marque HANS sont con\u00e7us pour s&rsquo;adapter \u00e0 tous les casques Zamp ADULT, qui disposent tous d&rsquo;un r\u00e9ceptacle filet\u00e9 femelle M6 int\u00e9gr\u00e9 dans le casque. Les montants permettent d&rsquo;installer un dispositif FHR \/ HANS sur le casque. Con\u00e7u pour s&rsquo;adapter aux casques dot\u00e9s d&rsquo;un r\u00e9ceptacle filet\u00e9 M6 Permet le montage [&hellip;]<\/p>\n","protected":false},"featured_media":28677,"comment_status":"open","ping_status":"closed","template":"","meta":{"_acf_changed":false,"_iconic_wsb_product_page_order_bump_ids":[[]],"_sku":["RZHANSBLACK"],"_iconic_wsb_product_page_bump_modal_ids":[[]]},"product_brand":[],"product_cat":[170,171,223,141],"product_tag":[],"class_list":{"0":"post-28690","1":"product","2":"type-product","3":"status-publish","4":"has-post-thumbnail","6":"product_cat-accessoires-fr","7":"product_cat-accessoires-pour-casques","8":"product_cat-autre","9":"product_cat-zamp-fr","11":"first","12":"outofstock","13":"taxable","14":"shipping-taxable","15":"purchasable","16":"product-type-simple"},"acf":[],"yoast_head":"<!-- This site is optimized with the Yoast SEO plugin v27.0 - https:\/\/yoast.com\/product\/yoast-seo-wordpress\/ -->\n<title>Poteaux HANS noirs - Zamp Helmets | Helmet 28 EU<\/title>\n<meta name=\"robots\" content=\"index, follow, max-snippet:-1, max-image-preview:large, max-video-preview:-1\" \/>\n<link rel=\"canonical\" href=\"https:\/\/zamphelmets.co\/fr\/produit\/poteaux-hans-noirs\/\" \/>\n<meta property=\"og:locale\" content=\"fr_FR\" \/>\n<meta property=\"og:type\" content=\"article\" \/>\n<meta property=\"og:title\" content=\"Poteaux HANS noirs - Zamp Helmets | Helmet 28 EU\" \/>\n<meta property=\"og:description\" content=\"Ces montants rouges \u00e9l\u00e9gants de la marque HANS sont con\u00e7us pour s&rsquo;adapter \u00e0 tous les casques Zamp ADULT, qui disposent tous d&rsquo;un r\u00e9ceptacle filet\u00e9 femelle M6 int\u00e9gr\u00e9 dans le casque. Les montants permettent d&rsquo;installer un dispositif FHR \/ HANS sur le casque. Con\u00e7u pour s&rsquo;adapter aux casques dot\u00e9s d&rsquo;un r\u00e9ceptacle filet\u00e9 M6 Permet le montage [&hellip;]\" \/>\n<meta property=\"og:url\" content=\"https:\/\/zamphelmets.co\/fr\/produit\/poteaux-hans-noirs\/\" \/>\n<meta property=\"og:site_name\" content=\"Zamp Helmets | Helmet 28 EU\" \/>\n<meta property=\"article:modified_time\" content=\"2026-02-16T15:55:08+00:00\" \/>\n<meta property=\"og:image\" content=\"https:\/\/zamphelmets.co\/wp-content\/uploads\/2024\/09\/HANS_POST_SIMPSON_CK201.jpg\" \/>\n\t<meta property=\"og:image:width\" content=\"425\" \/>\n\t<meta property=\"og:image:height\" content=\"457\" \/>\n\t<meta property=\"og:image:type\" content=\"image\/jpeg\" \/>\n<meta name=\"twitter:card\" content=\"summary_large_image\" \/>\n<script type=\"application\/ld+json\" class=\"yoast-schema-graph\">{\"@context\":\"https:\/\/schema.org\",\"@graph\":[{\"@type\":\"WebPage\",\"@id\":\"https:\/\/zamphelmets.co\/fr\/produit\/poteaux-hans-noirs\/\",\"url\":\"https:\/\/zamphelmets.co\/fr\/produit\/poteaux-hans-noirs\/\",\"name\":\"Poteaux HANS noirs - Zamp Helmets | Helmet 28 EU\",\"isPartOf\":{\"@id\":\"https:\/\/zamphelmets.co\/fr\/#website\"},\"primaryImageOfPage\":{\"@id\":\"https:\/\/zamphelmets.co\/fr\/produit\/poteaux-hans-noirs\/#primaryimage\"},\"image\":{\"@id\":\"https:\/\/zamphelmets.co\/fr\/produit\/poteaux-hans-noirs\/#primaryimage\"},\"thumbnailUrl\":\"https:\/\/zamphelmets.co\/wp-content\/uploads\/2024\/09\/HANS_POST_SIMPSON_CK201.jpg\",\"datePublished\":\"2024-09-10T14:08:48+00:00\",\"dateModified\":\"2026-02-16T15:55:08+00:00\",\"breadcrumb\":{\"@id\":\"https:\/\/zamphelmets.co\/fr\/produit\/poteaux-hans-noirs\/#breadcrumb\"},\"inLanguage\":\"fr-FR\",\"potentialAction\":[{\"@type\":\"ReadAction\",\"target\":[\"https:\/\/zamphelmets.co\/fr\/produit\/poteaux-hans-noirs\/\"]}]},{\"@type\":\"ImageObject\",\"inLanguage\":\"fr-FR\",\"@id\":\"https:\/\/zamphelmets.co\/fr\/produit\/poteaux-hans-noirs\/#primaryimage\",\"url\":\"https:\/\/zamphelmets.co\/wp-content\/uploads\/2024\/09\/HANS_POST_SIMPSON_CK201.jpg\",\"contentUrl\":\"https:\/\/zamphelmets.co\/wp-content\/uploads\/2024\/09\/HANS_POST_SIMPSON_CK201.jpg\",\"width\":425,\"height\":457},{\"@type\":\"BreadcrumbList\",\"@id\":\"https:\/\/zamphelmets.co\/fr\/produit\/poteaux-hans-noirs\/#breadcrumb\",\"itemListElement\":[{\"@type\":\"ListItem\",\"position\":1,\"name\":\"Boutique\",\"item\":\"https:\/\/zamphelmets.co\/fr\/boutique\/\"},{\"@type\":\"ListItem\",\"position\":2,\"name\":\"Poteaux HANS noirs\"}]},{\"@type\":\"WebSite\",\"@id\":\"https:\/\/zamphelmets.co\/fr\/#website\",\"url\":\"https:\/\/zamphelmets.co\/fr\/\",\"name\":\"Zamp Helmets | Helmet 28 EU\",\"description\":\"High Quality Motorsport Helmets\",\"potentialAction\":[{\"@type\":\"SearchAction\",\"target\":{\"@type\":\"EntryPoint\",\"urlTemplate\":\"https:\/\/zamphelmets.co\/fr\/?s={search_term_string}\"},\"query-input\":{\"@type\":\"PropertyValueSpecification\",\"valueRequired\":true,\"valueName\":\"search_term_string\"}}],\"inLanguage\":\"fr-FR\"}]}<\/script>\n<!-- \/ Yoast SEO plugin. -->","yoast_head_json":{"title":"Poteaux HANS noirs - Zamp Helmets | Helmet 28 EU","robots":{"index":"index","follow":"follow","max-snippet":"max-snippet:-1","max-image-preview":"max-image-preview:large","max-video-preview":"max-video-preview:-1"},"canonical":"https:\/\/zamphelmets.co\/fr\/produit\/poteaux-hans-noirs\/","og_locale":"fr_FR","og_type":"article","og_title":"Poteaux HANS noirs - Zamp Helmets | Helmet 28 EU","og_description":"Ces montants rouges \u00e9l\u00e9gants de la marque HANS sont con\u00e7us pour s&rsquo;adapter \u00e0 tous les casques Zamp ADULT, qui disposent tous d&rsquo;un r\u00e9ceptacle filet\u00e9 femelle M6 int\u00e9gr\u00e9 dans le casque. Les montants permettent d&rsquo;installer un dispositif FHR \/ HANS sur le casque. Con\u00e7u pour s&rsquo;adapter aux casques dot\u00e9s d&rsquo;un r\u00e9ceptacle filet\u00e9 M6 Permet le montage [&hellip;]","og_url":"https:\/\/zamphelmets.co\/fr\/produit\/poteaux-hans-noirs\/","og_site_name":"Zamp Helmets | Helmet 28 EU","article_modified_time":"2026-02-16T15:55:08+00:00","og_image":[{"width":425,"height":457,"url":"https:\/\/zamphelmets.co\/wp-content\/uploads\/2024\/09\/HANS_POST_SIMPSON_CK201.jpg","type":"image\/jpeg"}],"twitter_card":"summary_large_image","schema":{"@context":"https:\/\/schema.org","@graph":[{"@type":"WebPage","@id":"https:\/\/zamphelmets.co\/fr\/produit\/poteaux-hans-noirs\/","url":"https:\/\/zamphelmets.co\/fr\/produit\/poteaux-hans-noirs\/","name":"Poteaux HANS noirs - Zamp Helmets | Helmet 28 EU","isPartOf":{"@id":"https:\/\/zamphelmets.co\/fr\/#website"},"primaryImageOfPage":{"@id":"https:\/\/zamphelmets.co\/fr\/produit\/poteaux-hans-noirs\/#primaryimage"},"image":{"@id":"https:\/\/zamphelmets.co\/fr\/produit\/poteaux-hans-noirs\/#primaryimage"},"thumbnailUrl":"https:\/\/zamphelmets.co\/wp-content\/uploads\/2024\/09\/HANS_POST_SIMPSON_CK201.jpg","datePublished":"2024-09-10T14:08:48+00:00","dateModified":"2026-02-16T15:55:08+00:00","breadcrumb":{"@id":"https:\/\/zamphelmets.co\/fr\/produit\/poteaux-hans-noirs\/#breadcrumb"},"inLanguage":"fr-FR","potentialAction":[{"@type":"ReadAction","target":["https:\/\/zamphelmets.co\/fr\/produit\/poteaux-hans-noirs\/"]}]},{"@type":"ImageObject","inLanguage":"fr-FR","@id":"https:\/\/zamphelmets.co\/fr\/produit\/poteaux-hans-noirs\/#primaryimage","url":"https:\/\/zamphelmets.co\/wp-content\/uploads\/2024\/09\/HANS_POST_SIMPSON_CK201.jpg","contentUrl":"https:\/\/zamphelmets.co\/wp-content\/uploads\/2024\/09\/HANS_POST_SIMPSON_CK201.jpg","width":425,"height":457},{"@type":"BreadcrumbList","@id":"https:\/\/zamphelmets.co\/fr\/produit\/poteaux-hans-noirs\/#breadcrumb","itemListElement":[{"@type":"ListItem","position":1,"name":"Boutique","item":"https:\/\/zamphelmets.co\/fr\/boutique\/"},{"@type":"ListItem","position":2,"name":"Poteaux HANS noirs"}]},{"@type":"WebSite","@id":"https:\/\/zamphelmets.co\/fr\/#website","url":"https:\/\/zamphelmets.co\/fr\/","name":"Zamp Helmets | Helmet 28 EU","description":"High Quality Motorsport Helmets","potentialAction":[{"@type":"SearchAction","target":{"@type":"EntryPoint","urlTemplate":"https:\/\/zamphelmets.co\/fr\/?s={search_term_string}"},"query-input":{"@type":"PropertyValueSpecification","valueRequired":true,"valueName":"search_term_string"}}],"inLanguage":"fr-FR"}]}},"_links":{"self":[{"href":"https:\/\/zamphelmets.co\/fr\/wp-json\/wp\/v2\/product\/28690","targetHints":{"allow":["GET"]}}],"collection":[{"href":"https:\/\/zamphelmets.co\/fr\/wp-json\/wp\/v2\/product"}],"about":[{"href":"https:\/\/zamphelmets.co\/fr\/wp-json\/wp\/v2\/types\/product"}],"replies":[{"embeddable":true,"href":"https:\/\/zamphelmets.co\/fr\/wp-json\/wp\/v2\/comments?post=28690"}],"wp:featuredmedia":[{"embeddable":true,"href":"https:\/\/zamphelmets.co\/fr\/wp-json\/wp\/v2\/media\/28677"}],"wp:attachment":[{"href":"https:\/\/zamphelmets.co\/fr\/wp-json\/wp\/v2\/media?parent=28690"}],"wp:term":[{"taxonomy":"product_brand","embeddable":true,"href":"https:\/\/zamphelmets.co\/fr\/wp-json\/wp\/v2\/product_brand?post=28690"},{"taxonomy":"product_cat","embeddable":true,"href":"https:\/\/zamphelmets.co\/fr\/wp-json\/wp\/v2\/product_cat?post=28690"},{"taxonomy":"product_tag","embeddable":true,"href":"https:\/\/zamphelmets.co\/fr\/wp-json\/wp\/v2\/product_tag?post=28690"}],"curies":[{"name":"wp","href":"https:\/\/api.w.org\/{rel}","templated":true}]}}