{"id":26147,"date":"2024-05-31T11:47:53","date_gmt":"2024-05-31T11:47:53","guid":{"rendered":"https:\/\/zamphelmets.co\/product\/cagoule-alpinestars-zx-evo-v2\/"},"modified":"2024-11-06T16:19:06","modified_gmt":"2024-11-06T16:19:06","slug":"cagoule-alpinestars-zx-evo-v2","status":"publish","type":"product","link":"https:\/\/zamphelmets.co\/fr\/produit\/cagoule-alpinestars-zx-evo-v2\/","title":{"rendered":"Cagoule Alpinestars ZX Evo V2"},"content":{"rendered":"<p>Les cagoules ZX Evo V2 ont \u00e9t\u00e9 con\u00e7ues pour r\u00e9pondre \u00e0 la nouvelle homologation FIA 8856-2018, plus stricte. D\u00e9velopp\u00e9 pour offrir une meilleure r\u00e9sistance \u00e0 la chaleur et aux flammes tout en restant l\u00e9ger et respirant.<\/p>\n<ul>\n<li>Meilleure r\u00e9sistance \u00e0 la chaleur et aux flammes<\/li>\n<li>Mat\u00e9riau l\u00e9ger et doux au toucher pour un meilleur confort<\/li>\n<li>La construction sans couture \u00e9limine les points de pression<\/li>\n<li>Double couche sur la face pour une protection accrue<\/li>\n<\/ul>\n<p>Con\u00e7ue sans compromis, la gamme de sous-v\u00eatements Alpinestars ZX Evo 2 permet d&rsquo;optimiser les performances du pilote. En r\u00e9gulant la temp\u00e9rature centrale du corps, ce qui entra\u00eene une diminution de la transpiration et du rythme cardiaque, les conducteurs peuvent b\u00e9n\u00e9ficier d&rsquo;une r\u00e9duction du stress et de la fatigue. Cela peut en fin de compte am\u00e9liorer la concentration, en particulier lors de courses plus longues.<\/p>\n<p>La gamme de sous-v\u00eatements ZX Evo 2 est fabriqu\u00e9e \u00e0 partir d&rsquo;un tissu hautement technique qui utilise un pourcentage \u00e9lev\u00e9 de mat\u00e9riau Lenzing FR. Lenzing FR est une fibre naturelle qui offre une r\u00e9sistance exceptionnelle \u00e0 la flamme et prot\u00e8ge contre le transfert de chaleur. Les cagoules utilisent une construction extensible en tricot ouvert pour une respirabilit\u00e9 maximale afin de r\u00e9duire la transpiration et d&rsquo;augmenter le confort. L&rsquo;ouverture de la bouche permet l&rsquo;utilisation d&rsquo;un tube de boisson. La gamme de sous-v\u00eatements ZX Evo V2 est le choix de nombreux pilotes professionnels de haut niveau dans diverses disciplines du sport automobile dans le monde entier.<\/p>\n<p>Taille unique<\/p>\n<p>FIA 8856-2018 approuv\u00e9e<\/p>\n","protected":false},"excerpt":{"rendered":"<p>Les cagoules ZX Evo V2 ont \u00e9t\u00e9 con\u00e7ues pour r\u00e9pondre \u00e0 la nouvelle homologation FIA 8856-2018, plus stricte. D\u00e9velopp\u00e9 pour offrir une meilleure r\u00e9sistance \u00e0 la chaleur et aux flammes tout en restant l\u00e9ger et respirant. Meilleure r\u00e9sistance \u00e0 la chaleur et aux flammes Mat\u00e9riau l\u00e9ger et doux au toucher pour un meilleur confort La [&hellip;]<\/p>\n","protected":false},"featured_media":26529,"comment_status":"open","ping_status":"closed","template":"","meta":{"_acf_changed":false,"_iconic_wsb_product_page_order_bump_ids":[[]],"_sku":["ALS475"],"_iconic_wsb_product_page_bump_modal_ids":[[]]},"product_brand":[],"product_cat":[171,223,193,141],"product_tag":[],"class_list":{"0":"post-26147","1":"product","2":"type-product","3":"status-publish","4":"has-post-thumbnail","6":"product_cat-accessoires-pour-casques","7":"product_cat-autre","8":"product_cat-protection-vetements","9":"product_cat-zamp-fr","11":"first","12":"instock","13":"taxable","14":"shipping-taxable","15":"purchasable","16":"product-type-variable"},"acf":[],"yoast_head":"<!-- This site is optimized with the Yoast SEO plugin v27.0 - https:\/\/yoast.com\/product\/yoast-seo-wordpress\/ -->\n<title>Cagoule Alpinestars ZX Evo V2 - Zamp Helmets | Helmet 28 EU<\/title>\n<meta name=\"description\" content=\"Les cagoules ZX Evo V2 incluent la nouvelle homologation FIA 8856-2018. Il offre une meilleure r\u00e9sistance \u00e0 la chaleur et aux flammes tout en restant l\u00e9ger et respirant.\" \/>\n<meta name=\"robots\" content=\"index, follow, max-snippet:-1, max-image-preview:large, max-video-preview:-1\" \/>\n<link rel=\"canonical\" href=\"https:\/\/zamphelmets.co\/fr\/produit\/cagoule-alpinestars-zx-evo-v2\/\" \/>\n<meta property=\"og:locale\" content=\"fr_FR\" \/>\n<meta property=\"og:type\" content=\"article\" \/>\n<meta property=\"og:title\" content=\"Cagoule Alpinestars ZX Evo V2 - Zamp Helmets | Helmet 28 EU\" \/>\n<meta property=\"og:description\" content=\"Les cagoules ZX Evo V2 incluent la nouvelle homologation FIA 8856-2018. Il offre une meilleure r\u00e9sistance \u00e0 la chaleur et aux flammes tout en restant l\u00e9ger et respirant.\" \/>\n<meta property=\"og:url\" content=\"https:\/\/zamphelmets.co\/fr\/produit\/cagoule-alpinestars-zx-evo-v2\/\" \/>\n<meta property=\"og:site_name\" content=\"Zamp Helmets | Helmet 28 EU\" \/>\n<meta property=\"article:modified_time\" content=\"2024-11-06T16:19:06+00:00\" \/>\n<meta name=\"twitter:card\" content=\"summary_large_image\" \/>\n<meta name=\"twitter:label1\" content=\"Est. reading time\" \/>\n\t<meta name=\"twitter:data1\" content=\"1 minute\" \/>\n<script type=\"application\/ld+json\" class=\"yoast-schema-graph\">{\"@context\":\"https:\/\/schema.org\",\"@graph\":[{\"@type\":\"WebPage\",\"@id\":\"https:\/\/zamphelmets.co\/fr\/produit\/cagoule-alpinestars-zx-evo-v2\/\",\"url\":\"https:\/\/zamphelmets.co\/fr\/produit\/cagoule-alpinestars-zx-evo-v2\/\",\"name\":\"Cagoule Alpinestars ZX Evo V2 - Zamp Helmets | Helmet 28 EU\",\"isPartOf\":{\"@id\":\"https:\/\/zamphelmets.co\/fr\/#website\"},\"primaryImageOfPage\":{\"@id\":\"https:\/\/zamphelmets.co\/fr\/produit\/cagoule-alpinestars-zx-evo-v2\/#primaryimage\"},\"image\":{\"@id\":\"https:\/\/zamphelmets.co\/fr\/produit\/cagoule-alpinestars-zx-evo-v2\/#primaryimage\"},\"thumbnailUrl\":\"https:\/\/zamphelmets.co\/wp-content\/uploads\/2024\/05\/blac-1.png\",\"datePublished\":\"2024-05-31T11:47:53+00:00\",\"dateModified\":\"2024-11-06T16:19:06+00:00\",\"description\":\"Les cagoules ZX Evo V2 incluent la nouvelle homologation FIA 8856-2018. Il offre une meilleure r\u00e9sistance \u00e0 la chaleur et aux flammes tout en restant l\u00e9ger et respirant.\",\"breadcrumb\":{\"@id\":\"https:\/\/zamphelmets.co\/fr\/produit\/cagoule-alpinestars-zx-evo-v2\/#breadcrumb\"},\"inLanguage\":\"fr-FR\",\"potentialAction\":[{\"@type\":\"ReadAction\",\"target\":[\"https:\/\/zamphelmets.co\/fr\/produit\/cagoule-alpinestars-zx-evo-v2\/\"]}]},{\"@type\":\"ImageObject\",\"inLanguage\":\"fr-FR\",\"@id\":\"https:\/\/zamphelmets.co\/fr\/produit\/cagoule-alpinestars-zx-evo-v2\/#primaryimage\",\"url\":\"https:\/\/zamphelmets.co\/wp-content\/uploads\/2024\/05\/blac-1.png\",\"contentUrl\":\"https:\/\/zamphelmets.co\/wp-content\/uploads\/2024\/05\/blac-1.png\",\"width\":1174,\"height\":1348},{\"@type\":\"BreadcrumbList\",\"@id\":\"https:\/\/zamphelmets.co\/fr\/produit\/cagoule-alpinestars-zx-evo-v2\/#breadcrumb\",\"itemListElement\":[{\"@type\":\"ListItem\",\"position\":1,\"name\":\"Boutique\",\"item\":\"https:\/\/zamphelmets.co\/fr\/boutique\/\"},{\"@type\":\"ListItem\",\"position\":2,\"name\":\"Cagoule Alpinestars ZX Evo V2\"}]},{\"@type\":\"WebSite\",\"@id\":\"https:\/\/zamphelmets.co\/fr\/#website\",\"url\":\"https:\/\/zamphelmets.co\/fr\/\",\"name\":\"Zamp Helmets | Helmet 28 EU\",\"description\":\"High Quality Motorsport Helmets\",\"potentialAction\":[{\"@type\":\"SearchAction\",\"target\":{\"@type\":\"EntryPoint\",\"urlTemplate\":\"https:\/\/zamphelmets.co\/fr\/?s={search_term_string}\"},\"query-input\":{\"@type\":\"PropertyValueSpecification\",\"valueRequired\":true,\"valueName\":\"search_term_string\"}}],\"inLanguage\":\"fr-FR\"}]}<\/script>\n<!-- \/ Yoast SEO plugin. -->","yoast_head_json":{"title":"Cagoule Alpinestars ZX Evo V2 - Zamp Helmets | Helmet 28 EU","description":"Les cagoules ZX Evo V2 incluent la nouvelle homologation FIA 8856-2018. Il offre une meilleure r\u00e9sistance \u00e0 la chaleur et aux flammes tout en restant l\u00e9ger et respirant.","robots":{"index":"index","follow":"follow","max-snippet":"max-snippet:-1","max-image-preview":"max-image-preview:large","max-video-preview":"max-video-preview:-1"},"canonical":"https:\/\/zamphelmets.co\/fr\/produit\/cagoule-alpinestars-zx-evo-v2\/","og_locale":"fr_FR","og_type":"article","og_title":"Cagoule Alpinestars ZX Evo V2 - Zamp Helmets | Helmet 28 EU","og_description":"Les cagoules ZX Evo V2 incluent la nouvelle homologation FIA 8856-2018. Il offre une meilleure r\u00e9sistance \u00e0 la chaleur et aux flammes tout en restant l\u00e9ger et respirant.","og_url":"https:\/\/zamphelmets.co\/fr\/produit\/cagoule-alpinestars-zx-evo-v2\/","og_site_name":"Zamp Helmets | Helmet 28 EU","article_modified_time":"2024-11-06T16:19:06+00:00","twitter_card":"summary_large_image","twitter_misc":{"Est. reading time":"1 minute"},"schema":{"@context":"https:\/\/schema.org","@graph":[{"@type":"WebPage","@id":"https:\/\/zamphelmets.co\/fr\/produit\/cagoule-alpinestars-zx-evo-v2\/","url":"https:\/\/zamphelmets.co\/fr\/produit\/cagoule-alpinestars-zx-evo-v2\/","name":"Cagoule Alpinestars ZX Evo V2 - Zamp Helmets | Helmet 28 EU","isPartOf":{"@id":"https:\/\/zamphelmets.co\/fr\/#website"},"primaryImageOfPage":{"@id":"https:\/\/zamphelmets.co\/fr\/produit\/cagoule-alpinestars-zx-evo-v2\/#primaryimage"},"image":{"@id":"https:\/\/zamphelmets.co\/fr\/produit\/cagoule-alpinestars-zx-evo-v2\/#primaryimage"},"thumbnailUrl":"https:\/\/zamphelmets.co\/wp-content\/uploads\/2024\/05\/blac-1.png","datePublished":"2024-05-31T11:47:53+00:00","dateModified":"2024-11-06T16:19:06+00:00","description":"Les cagoules ZX Evo V2 incluent la nouvelle homologation FIA 8856-2018. Il offre une meilleure r\u00e9sistance \u00e0 la chaleur et aux flammes tout en restant l\u00e9ger et respirant.","breadcrumb":{"@id":"https:\/\/zamphelmets.co\/fr\/produit\/cagoule-alpinestars-zx-evo-v2\/#breadcrumb"},"inLanguage":"fr-FR","potentialAction":[{"@type":"ReadAction","target":["https:\/\/zamphelmets.co\/fr\/produit\/cagoule-alpinestars-zx-evo-v2\/"]}]},{"@type":"ImageObject","inLanguage":"fr-FR","@id":"https:\/\/zamphelmets.co\/fr\/produit\/cagoule-alpinestars-zx-evo-v2\/#primaryimage","url":"https:\/\/zamphelmets.co\/wp-content\/uploads\/2024\/05\/blac-1.png","contentUrl":"https:\/\/zamphelmets.co\/wp-content\/uploads\/2024\/05\/blac-1.png","width":1174,"height":1348},{"@type":"BreadcrumbList","@id":"https:\/\/zamphelmets.co\/fr\/produit\/cagoule-alpinestars-zx-evo-v2\/#breadcrumb","itemListElement":[{"@type":"ListItem","position":1,"name":"Boutique","item":"https:\/\/zamphelmets.co\/fr\/boutique\/"},{"@type":"ListItem","position":2,"name":"Cagoule Alpinestars ZX Evo V2"}]},{"@type":"WebSite","@id":"https:\/\/zamphelmets.co\/fr\/#website","url":"https:\/\/zamphelmets.co\/fr\/","name":"Zamp Helmets | Helmet 28 EU","description":"High Quality Motorsport Helmets","potentialAction":[{"@type":"SearchAction","target":{"@type":"EntryPoint","urlTemplate":"https:\/\/zamphelmets.co\/fr\/?s={search_term_string}"},"query-input":{"@type":"PropertyValueSpecification","valueRequired":true,"valueName":"search_term_string"}}],"inLanguage":"fr-FR"}]}},"_links":{"self":[{"href":"https:\/\/zamphelmets.co\/fr\/wp-json\/wp\/v2\/product\/26147","targetHints":{"allow":["GET"]}}],"collection":[{"href":"https:\/\/zamphelmets.co\/fr\/wp-json\/wp\/v2\/product"}],"about":[{"href":"https:\/\/zamphelmets.co\/fr\/wp-json\/wp\/v2\/types\/product"}],"replies":[{"embeddable":true,"href":"https:\/\/zamphelmets.co\/fr\/wp-json\/wp\/v2\/comments?post=26147"}],"wp:featuredmedia":[{"embeddable":true,"href":"https:\/\/zamphelmets.co\/fr\/wp-json\/wp\/v2\/media\/26529"}],"wp:attachment":[{"href":"https:\/\/zamphelmets.co\/fr\/wp-json\/wp\/v2\/media?parent=26147"}],"wp:term":[{"taxonomy":"product_brand","embeddable":true,"href":"https:\/\/zamphelmets.co\/fr\/wp-json\/wp\/v2\/product_brand?post=26147"},{"taxonomy":"product_cat","embeddable":true,"href":"https:\/\/zamphelmets.co\/fr\/wp-json\/wp\/v2\/product_cat?post=26147"},{"taxonomy":"product_tag","embeddable":true,"href":"https:\/\/zamphelmets.co\/fr\/wp-json\/wp\/v2\/product_tag?post=26147"}],"curies":[{"name":"wp","href":"https:\/\/api.w.org\/{rel}","templated":true}]}}