{"id":25997,"date":"2024-05-31T11:47:40","date_gmt":"2024-05-31T11:47:40","guid":{"rendered":"https:\/\/zamphelmets.co\/product\/gants-sparco-rush-kart-gris-noir-jaune-fluo\/"},"modified":"2024-11-06T16:17:01","modified_gmt":"2024-11-06T16:17:01","slug":"gants-sparco-rush-kart-gris-noir-jaune-fluo","status":"publish","type":"product","link":"https:\/\/zamphelmets.co\/fr\/produit\/gants-sparco-rush-kart-gris-noir-jaune-fluo\/","title":{"rendered":"Gants Sparco Rush Kart Gris\/Noir\/Jaune fluo"},"content":{"rendered":"<p>Le Sparco Rush est un gant de kart d&rsquo;entr\u00e9e de gamme qui comprend des caract\u00e9ristiques que l&rsquo;on ne trouve habituellement que dans les mod\u00e8les plus chers. Ces caract\u00e9ristiques en font un excellent rapport qualit\u00e9-prix, adapt\u00e9 au karting de tous niveaux.<\/p>\n<ul>\n<li>La conception pr\u00e9-courb\u00e9e r\u00e9duit la formation de paquets de mat\u00e9riau lors de la prise de la roue.<\/li>\n<li>L&rsquo;impression de silicone sur la paume et les doigts offre une grande adh\u00e9rence.<\/li>\n<li>Ext\u00e9rieur r\u00e9sistant aux \u00e9raflures et paume en cuir synth\u00e9tique pour prot\u00e9ger vos mains<\/li>\n<li>Poignet \u00e9lastiqu\u00e9 avec tirettes en silicone pour une entr\u00e9e facile et un maintien s\u00fbr.<\/li>\n<\/ul>\n<p><img decoding=\"async\" class=\"alignnone wp-image-10061 lazyload\" data-src=\"https:\/\/zamphelmets.co\/wp-content\/uploads\/2024\/05\/sparco-racekartwear-gloves-combined-nov23-159x300.webp\" alt=\"\" width=\"440\" height=\"830\" data-srcset=\"https:\/\/zamphelmets.co\/wp-content\/uploads\/2024\/05\/sparco-racekartwear-gloves-combined-nov23-159x300.webp 159w, https:\/\/zamphelmets.co\/wp-content\/uploads\/2024\/05\/sparco-racekartwear-gloves-combined-nov23-543x1024.webp 543w, https:\/\/zamphelmets.co\/wp-content\/uploads\/2024\/05\/sparco-racekartwear-gloves-combined-nov23-768x1449.webp 768w, https:\/\/zamphelmets.co\/wp-content\/uploads\/2024\/05\/sparco-racekartwear-gloves-combined-nov23-814x1536.webp 814w, https:\/\/zamphelmets.co\/wp-content\/uploads\/2024\/05\/sparco-racekartwear-gloves-combined-nov23-1085x2048.webp 1085w, https:\/\/zamphelmets.co\/wp-content\/uploads\/2024\/05\/sparco-racekartwear-gloves-combined-nov23-600x1132.webp 600w, https:\/\/zamphelmets.co\/wp-content\/uploads\/2024\/05\/sparco-racekartwear-gloves-combined-nov23-scaled.webp 1357w\" data-sizes=\"(max-width: 440px) 100vw, 440px\" src=\"data:image\/svg+xml;base64,PHN2ZyB3aWR0aD0iMSIgaGVpZ2h0PSIxIiB4bWxucz0iaHR0cDovL3d3dy53My5vcmcvMjAwMC9zdmciPjwvc3ZnPg==\" style=\"--smush-placeholder-width: 440px; --smush-placeholder-aspect-ratio: 440\/830;\" \/><\/p>\n","protected":false},"excerpt":{"rendered":"<p>Le Sparco Rush est un gant de kart d&rsquo;entr\u00e9e de gamme qui comprend des caract\u00e9ristiques que l&rsquo;on ne trouve habituellement que dans les mod\u00e8les plus chers. Ces caract\u00e9ristiques en font un excellent rapport qualit\u00e9-prix, adapt\u00e9 au karting de tous niveaux. La conception pr\u00e9-courb\u00e9e r\u00e9duit la formation de paquets de mat\u00e9riau lors de la prise de [&hellip;]<\/p>\n","protected":false},"featured_media":21851,"comment_status":"open","ping_status":"closed","template":"","meta":{"_acf_changed":false,"_iconic_wsb_product_page_order_bump_ids":[[]],"_sku":["SKW002556GRGF"],"_iconic_wsb_product_page_bump_modal_ids":[[]]},"product_brand":[],"product_cat":[194,193],"product_tag":[],"class_list":{"0":"post-25997","1":"product","2":"type-product","3":"status-publish","4":"has-post-thumbnail","6":"product_cat-gants","7":"product_cat-protection-vetements","9":"first","10":"instock","11":"taxable","12":"shipping-taxable","13":"purchasable","14":"product-type-variable"},"acf":[],"yoast_head":"<!-- This site is optimized with the Yoast SEO plugin v27.0 - https:\/\/yoast.com\/product\/yoast-seo-wordpress\/ -->\n<title>Gants Sparco Rush Kart Gris\/Noir\/Jaune fluo - Zamp Helmets | Helmet 28 EU<\/title>\n<meta name=\"description\" content=\"Les Sparco Rush sont des gants de karting d&#039;entr\u00e9e de gamme qui int\u00e8grent les caract\u00e9ristiques des mod\u00e8les plus on\u00e9reux. Excellent rapport qualit\u00e9-prix et adapt\u00e9 au karting \u00e0 tous les niveaux.\" \/>\n<meta name=\"robots\" content=\"index, follow, max-snippet:-1, max-image-preview:large, max-video-preview:-1\" \/>\n<link rel=\"canonical\" href=\"https:\/\/zamphelmets.co\/fr\/produit\/gants-sparco-rush-kart-gris-noir-jaune-fluo\/\" \/>\n<meta property=\"og:locale\" content=\"fr_FR\" \/>\n<meta property=\"og:type\" content=\"article\" \/>\n<meta property=\"og:title\" content=\"Gants Sparco Rush Kart Gris\/Noir\/Jaune fluo - Zamp Helmets | Helmet 28 EU\" \/>\n<meta property=\"og:description\" content=\"Les Sparco Rush sont des gants de karting d&#039;entr\u00e9e de gamme qui int\u00e8grent les caract\u00e9ristiques des mod\u00e8les plus on\u00e9reux. Excellent rapport qualit\u00e9-prix et adapt\u00e9 au karting \u00e0 tous les niveaux.\" \/>\n<meta property=\"og:url\" content=\"https:\/\/zamphelmets.co\/fr\/produit\/gants-sparco-rush-kart-gris-noir-jaune-fluo\/\" \/>\n<meta property=\"og:site_name\" content=\"Zamp Helmets | Helmet 28 EU\" \/>\n<meta property=\"article:modified_time\" content=\"2024-11-06T16:17:01+00:00\" \/>\n<meta property=\"og:image\" content=\"https:\/\/zamphelmets.co\/wp-content\/uploads\/2024\/05\/grey20yellow.png\" \/>\n\t<meta property=\"og:image:width\" content=\"874\" \/>\n\t<meta property=\"og:image:height\" content=\"1000\" \/>\n\t<meta property=\"og:image:type\" content=\"image\/png\" \/>\n<meta name=\"twitter:card\" content=\"summary_large_image\" \/>\n<meta name=\"twitter:label1\" content=\"Est. reading time\" \/>\n\t<meta name=\"twitter:data1\" content=\"1 minute\" \/>\n<script type=\"application\/ld+json\" class=\"yoast-schema-graph\">{\"@context\":\"https:\/\/schema.org\",\"@graph\":[{\"@type\":\"WebPage\",\"@id\":\"https:\/\/zamphelmets.co\/fr\/produit\/gants-sparco-rush-kart-gris-noir-jaune-fluo\/\",\"url\":\"https:\/\/zamphelmets.co\/fr\/produit\/gants-sparco-rush-kart-gris-noir-jaune-fluo\/\",\"name\":\"Gants Sparco Rush Kart Gris\/Noir\/Jaune fluo - Zamp Helmets | Helmet 28 EU\",\"isPartOf\":{\"@id\":\"https:\/\/zamphelmets.co\/fr\/#website\"},\"primaryImageOfPage\":{\"@id\":\"https:\/\/zamphelmets.co\/fr\/produit\/gants-sparco-rush-kart-gris-noir-jaune-fluo\/#primaryimage\"},\"image\":{\"@id\":\"https:\/\/zamphelmets.co\/fr\/produit\/gants-sparco-rush-kart-gris-noir-jaune-fluo\/#primaryimage\"},\"thumbnailUrl\":\"https:\/\/zamphelmets.co\/wp-content\/uploads\/2024\/05\/grey20yellow.png\",\"datePublished\":\"2024-05-31T11:47:40+00:00\",\"dateModified\":\"2024-11-06T16:17:01+00:00\",\"description\":\"Les Sparco Rush sont des gants de karting d'entr\u00e9e de gamme qui int\u00e8grent les caract\u00e9ristiques des mod\u00e8les plus on\u00e9reux. Excellent rapport qualit\u00e9-prix et adapt\u00e9 au karting \u00e0 tous les niveaux.\",\"breadcrumb\":{\"@id\":\"https:\/\/zamphelmets.co\/fr\/produit\/gants-sparco-rush-kart-gris-noir-jaune-fluo\/#breadcrumb\"},\"inLanguage\":\"fr-FR\",\"potentialAction\":[{\"@type\":\"ReadAction\",\"target\":[\"https:\/\/zamphelmets.co\/fr\/produit\/gants-sparco-rush-kart-gris-noir-jaune-fluo\/\"]}]},{\"@type\":\"ImageObject\",\"inLanguage\":\"fr-FR\",\"@id\":\"https:\/\/zamphelmets.co\/fr\/produit\/gants-sparco-rush-kart-gris-noir-jaune-fluo\/#primaryimage\",\"url\":\"https:\/\/zamphelmets.co\/wp-content\/uploads\/2024\/05\/grey20yellow.png\",\"contentUrl\":\"https:\/\/zamphelmets.co\/wp-content\/uploads\/2024\/05\/grey20yellow.png\",\"width\":874,\"height\":1000},{\"@type\":\"BreadcrumbList\",\"@id\":\"https:\/\/zamphelmets.co\/fr\/produit\/gants-sparco-rush-kart-gris-noir-jaune-fluo\/#breadcrumb\",\"itemListElement\":[{\"@type\":\"ListItem\",\"position\":1,\"name\":\"Boutique\",\"item\":\"https:\/\/zamphelmets.co\/fr\/boutique\/\"},{\"@type\":\"ListItem\",\"position\":2,\"name\":\"Gants Sparco Rush Kart Gris\/Noir\/Jaune fluo\"}]},{\"@type\":\"WebSite\",\"@id\":\"https:\/\/zamphelmets.co\/fr\/#website\",\"url\":\"https:\/\/zamphelmets.co\/fr\/\",\"name\":\"Zamp Helmets | Helmet 28 EU\",\"description\":\"High Quality Motorsport Helmets\",\"potentialAction\":[{\"@type\":\"SearchAction\",\"target\":{\"@type\":\"EntryPoint\",\"urlTemplate\":\"https:\/\/zamphelmets.co\/fr\/?s={search_term_string}\"},\"query-input\":{\"@type\":\"PropertyValueSpecification\",\"valueRequired\":true,\"valueName\":\"search_term_string\"}}],\"inLanguage\":\"fr-FR\"}]}<\/script>\n<!-- \/ Yoast SEO plugin. -->","yoast_head_json":{"title":"Gants Sparco Rush Kart Gris\/Noir\/Jaune fluo - Zamp Helmets | Helmet 28 EU","description":"Les Sparco Rush sont des gants de karting d'entr\u00e9e de gamme qui int\u00e8grent les caract\u00e9ristiques des mod\u00e8les plus on\u00e9reux. Excellent rapport qualit\u00e9-prix et adapt\u00e9 au karting \u00e0 tous les niveaux.","robots":{"index":"index","follow":"follow","max-snippet":"max-snippet:-1","max-image-preview":"max-image-preview:large","max-video-preview":"max-video-preview:-1"},"canonical":"https:\/\/zamphelmets.co\/fr\/produit\/gants-sparco-rush-kart-gris-noir-jaune-fluo\/","og_locale":"fr_FR","og_type":"article","og_title":"Gants Sparco Rush Kart Gris\/Noir\/Jaune fluo - Zamp Helmets | Helmet 28 EU","og_description":"Les Sparco Rush sont des gants de karting d'entr\u00e9e de gamme qui int\u00e8grent les caract\u00e9ristiques des mod\u00e8les plus on\u00e9reux. Excellent rapport qualit\u00e9-prix et adapt\u00e9 au karting \u00e0 tous les niveaux.","og_url":"https:\/\/zamphelmets.co\/fr\/produit\/gants-sparco-rush-kart-gris-noir-jaune-fluo\/","og_site_name":"Zamp Helmets | Helmet 28 EU","article_modified_time":"2024-11-06T16:17:01+00:00","og_image":[{"width":874,"height":1000,"url":"https:\/\/zamphelmets.co\/wp-content\/uploads\/2024\/05\/grey20yellow.png","type":"image\/png"}],"twitter_card":"summary_large_image","twitter_misc":{"Est. reading time":"1 minute"},"schema":{"@context":"https:\/\/schema.org","@graph":[{"@type":"WebPage","@id":"https:\/\/zamphelmets.co\/fr\/produit\/gants-sparco-rush-kart-gris-noir-jaune-fluo\/","url":"https:\/\/zamphelmets.co\/fr\/produit\/gants-sparco-rush-kart-gris-noir-jaune-fluo\/","name":"Gants Sparco Rush Kart Gris\/Noir\/Jaune fluo - Zamp Helmets | Helmet 28 EU","isPartOf":{"@id":"https:\/\/zamphelmets.co\/fr\/#website"},"primaryImageOfPage":{"@id":"https:\/\/zamphelmets.co\/fr\/produit\/gants-sparco-rush-kart-gris-noir-jaune-fluo\/#primaryimage"},"image":{"@id":"https:\/\/zamphelmets.co\/fr\/produit\/gants-sparco-rush-kart-gris-noir-jaune-fluo\/#primaryimage"},"thumbnailUrl":"https:\/\/zamphelmets.co\/wp-content\/uploads\/2024\/05\/grey20yellow.png","datePublished":"2024-05-31T11:47:40+00:00","dateModified":"2024-11-06T16:17:01+00:00","description":"Les Sparco Rush sont des gants de karting d'entr\u00e9e de gamme qui int\u00e8grent les caract\u00e9ristiques des mod\u00e8les plus on\u00e9reux. Excellent rapport qualit\u00e9-prix et adapt\u00e9 au karting \u00e0 tous les niveaux.","breadcrumb":{"@id":"https:\/\/zamphelmets.co\/fr\/produit\/gants-sparco-rush-kart-gris-noir-jaune-fluo\/#breadcrumb"},"inLanguage":"fr-FR","potentialAction":[{"@type":"ReadAction","target":["https:\/\/zamphelmets.co\/fr\/produit\/gants-sparco-rush-kart-gris-noir-jaune-fluo\/"]}]},{"@type":"ImageObject","inLanguage":"fr-FR","@id":"https:\/\/zamphelmets.co\/fr\/produit\/gants-sparco-rush-kart-gris-noir-jaune-fluo\/#primaryimage","url":"https:\/\/zamphelmets.co\/wp-content\/uploads\/2024\/05\/grey20yellow.png","contentUrl":"https:\/\/zamphelmets.co\/wp-content\/uploads\/2024\/05\/grey20yellow.png","width":874,"height":1000},{"@type":"BreadcrumbList","@id":"https:\/\/zamphelmets.co\/fr\/produit\/gants-sparco-rush-kart-gris-noir-jaune-fluo\/#breadcrumb","itemListElement":[{"@type":"ListItem","position":1,"name":"Boutique","item":"https:\/\/zamphelmets.co\/fr\/boutique\/"},{"@type":"ListItem","position":2,"name":"Gants Sparco Rush Kart Gris\/Noir\/Jaune fluo"}]},{"@type":"WebSite","@id":"https:\/\/zamphelmets.co\/fr\/#website","url":"https:\/\/zamphelmets.co\/fr\/","name":"Zamp Helmets | Helmet 28 EU","description":"High Quality Motorsport Helmets","potentialAction":[{"@type":"SearchAction","target":{"@type":"EntryPoint","urlTemplate":"https:\/\/zamphelmets.co\/fr\/?s={search_term_string}"},"query-input":{"@type":"PropertyValueSpecification","valueRequired":true,"valueName":"search_term_string"}}],"inLanguage":"fr-FR"}]}},"_links":{"self":[{"href":"https:\/\/zamphelmets.co\/fr\/wp-json\/wp\/v2\/product\/25997","targetHints":{"allow":["GET"]}}],"collection":[{"href":"https:\/\/zamphelmets.co\/fr\/wp-json\/wp\/v2\/product"}],"about":[{"href":"https:\/\/zamphelmets.co\/fr\/wp-json\/wp\/v2\/types\/product"}],"replies":[{"embeddable":true,"href":"https:\/\/zamphelmets.co\/fr\/wp-json\/wp\/v2\/comments?post=25997"}],"wp:featuredmedia":[{"embeddable":true,"href":"https:\/\/zamphelmets.co\/fr\/wp-json\/wp\/v2\/media\/21851"}],"wp:attachment":[{"href":"https:\/\/zamphelmets.co\/fr\/wp-json\/wp\/v2\/media?parent=25997"}],"wp:term":[{"taxonomy":"product_brand","embeddable":true,"href":"https:\/\/zamphelmets.co\/fr\/wp-json\/wp\/v2\/product_brand?post=25997"},{"taxonomy":"product_cat","embeddable":true,"href":"https:\/\/zamphelmets.co\/fr\/wp-json\/wp\/v2\/product_cat?post=25997"},{"taxonomy":"product_tag","embeddable":true,"href":"https:\/\/zamphelmets.co\/fr\/wp-json\/wp\/v2\/product_tag?post=25997"}],"curies":[{"name":"wp","href":"https:\/\/api.w.org\/{rel}","templated":true}]}}