{"id":25326,"date":"2024-05-31T11:44:19","date_gmt":"2024-05-31T11:44:19","guid":{"rendered":"https:\/\/zamphelmets.co\/product\/sparco-thunder-kart-suit-black-orange\/"},"modified":"2024-11-06T16:01:27","modified_gmt":"2024-11-06T16:01:27","slug":"sparco-thunder-kart-suit-black-orange","status":"publish","type":"product","link":"https:\/\/zamphelmets.co\/fr\/produit\/sparco-thunder-kart-suit-black-orange\/","title":{"rendered":"Sparco Thunder Kart Suit Black\/Orange"},"content":{"rendered":"<p>La Sparco Thunder est une combinaison de kart d&rsquo;entr\u00e9e de gamme avec des caract\u00e9ristiques que l&rsquo;on ne trouve habituellement que sur des mod\u00e8les plus chers. Il s&rsquo;agit donc d&rsquo;un excellent rapport qualit\u00e9-prix, id\u00e9al pour les d\u00e9butants en karting.<\/p>\n<ul>\n<li>Les panneaux extensibles perfor\u00e9s permettent la circulation de l&rsquo;air pour aider \u00e0 r\u00e9guler la temp\u00e9rature corporelle.<\/li>\n<li>Les bras pr\u00e9-courb\u00e9s r\u00e9duisent la formation de paquets en position de conduite.<\/li>\n<li>Les manches semi-flottantes offrent une grande libert\u00e9 de mouvement<\/li>\n<\/ul>\n<p>La combinaison Thunder kart offre performance et confort \u00e0 un prix abordable. La construction \u00e0 deux couches comporte un grand panneau extensible dans la partie inf\u00e9rieure du dos pour permettre une mobilit\u00e9 maximale lorsque vous \u00eates assis dans le kart. Les panneaux extensibles perfor\u00e9s aux aisselles et \u00e0 l&rsquo;int\u00e9rieur des jambes permettent de respirer pour vous aider \u00e0 vous rafra\u00eechir et \u00e0 vous sentir plus \u00e0 l&rsquo;aise. Des poches cach\u00e9es et une ceinture traditionnelle compl\u00e8tent le look de cette \u00e9l\u00e9gante combinaison de karting.<\/p>\n<p>Homologu\u00e9 CIK FIA niveau 2<\/p>\n<p><img decoding=\"async\" class=\"alignnone wp-image-10046 lazyload\" data-src=\"https:\/\/zamphelmets.co\/wp-content\/uploads\/2024\/05\/sparco-racekartwear-kartsuits-nov23-176x300.webp\" alt=\"\" width=\"386\" height=\"658\" data-srcset=\"https:\/\/zamphelmets.co\/wp-content\/uploads\/2024\/05\/sparco-racekartwear-kartsuits-nov23-176x300.webp 176w, https:\/\/zamphelmets.co\/wp-content\/uploads\/2024\/05\/sparco-racekartwear-kartsuits-nov23-600x1025.webp 600w, https:\/\/zamphelmets.co\/wp-content\/uploads\/2024\/05\/sparco-racekartwear-kartsuits-nov23-768x1311.webp 768w, https:\/\/zamphelmets.co\/wp-content\/uploads\/2024\/05\/sparco-racekartwear-kartsuits-nov23-1199x2048.webp 1199w, https:\/\/zamphelmets.co\/wp-content\/uploads\/2024\/05\/sparco-racekartwear-kartsuits-nov23-scaled.webp 1499w\" data-sizes=\"(max-width: 386px) 100vw, 386px\" src=\"data:image\/svg+xml;base64,PHN2ZyB3aWR0aD0iMSIgaGVpZ2h0PSIxIiB4bWxucz0iaHR0cDovL3d3dy53My5vcmcvMjAwMC9zdmciPjwvc3ZnPg==\" style=\"--smush-placeholder-width: 386px; --smush-placeholder-aspect-ratio: 386\/658;\" \/><\/p>\n","protected":false},"excerpt":{"rendered":"<p>La Sparco Thunder est une combinaison de kart d&rsquo;entr\u00e9e de gamme avec des caract\u00e9ristiques que l&rsquo;on ne trouve habituellement que sur des mod\u00e8les plus chers. Il s&rsquo;agit donc d&rsquo;un excellent rapport qualit\u00e9-prix, id\u00e9al pour les d\u00e9butants en karting. Les panneaux extensibles perfor\u00e9s permettent la circulation de l&rsquo;air pour aider \u00e0 r\u00e9guler la temp\u00e9rature corporelle. Les [&hellip;]<\/p>\n","protected":false},"featured_media":21760,"comment_status":"open","ping_status":"closed","template":"","meta":{"_acf_changed":false,"_iconic_wsb_product_page_order_bump_ids":[[]],"_sku":["SKW002342BNRAF"],"_iconic_wsb_product_page_bump_modal_ids":[[]]},"product_brand":[],"product_cat":[337,193],"product_tag":[],"class_list":{"0":"post-25326","1":"product","2":"type-product","3":"status-publish","4":"has-post-thumbnail","6":"product_cat-costumes","7":"product_cat-protection-vetements","9":"first","10":"outofstock","11":"taxable","12":"shipping-taxable","13":"purchasable","14":"product-type-variable"},"acf":[],"yoast_head":"<!-- This site is optimized with the Yoast SEO plugin v27.0 - https:\/\/yoast.com\/product\/yoast-seo-wordpress\/ -->\n<title>Sparco Thunder Kart Suit Black\/Orange - Zamp Helmets | Helmet 28 EU<\/title>\n<meta name=\"description\" content=\"La Sparco Thunder est une combinaison de karting d&#039;entr\u00e9e de gamme qui pr\u00e9sente un excellent rapport qualit\u00e9-prix et qui est id\u00e9ale pour tous ceux qui d\u00e9butent dans le karting.\" \/>\n<meta name=\"robots\" content=\"index, follow, max-snippet:-1, max-image-preview:large, max-video-preview:-1\" \/>\n<link rel=\"canonical\" href=\"https:\/\/zamphelmets.co\/fr\/produit\/sparco-thunder-kart-suit-black-orange\/\" \/>\n<meta property=\"og:locale\" content=\"fr_FR\" \/>\n<meta property=\"og:type\" content=\"article\" \/>\n<meta property=\"og:title\" content=\"Sparco Thunder Kart Suit Black\/Orange - Zamp Helmets | Helmet 28 EU\" \/>\n<meta property=\"og:description\" content=\"La Sparco Thunder est une combinaison de karting d&#039;entr\u00e9e de gamme qui pr\u00e9sente un excellent rapport qualit\u00e9-prix et qui est id\u00e9ale pour tous ceux qui d\u00e9butent dans le karting.\" \/>\n<meta property=\"og:url\" content=\"https:\/\/zamphelmets.co\/fr\/produit\/sparco-thunder-kart-suit-black-orange\/\" \/>\n<meta property=\"og:site_name\" content=\"Zamp Helmets | Helmet 28 EU\" \/>\n<meta property=\"article:modified_time\" content=\"2024-11-06T16:01:27+00:00\" \/>\n<meta property=\"og:image\" content=\"https:\/\/zamphelmets.co\/wp-content\/uploads\/2024\/05\/orna.png\" \/>\n\t<meta property=\"og:image:width\" content=\"1000\" \/>\n\t<meta property=\"og:image:height\" content=\"996\" \/>\n\t<meta property=\"og:image:type\" content=\"image\/png\" \/>\n<meta name=\"twitter:card\" content=\"summary_large_image\" \/>\n<meta name=\"twitter:label1\" content=\"Est. reading time\" \/>\n\t<meta name=\"twitter:data1\" content=\"1 minute\" \/>\n<script type=\"application\/ld+json\" class=\"yoast-schema-graph\">{\"@context\":\"https:\/\/schema.org\",\"@graph\":[{\"@type\":\"WebPage\",\"@id\":\"https:\/\/zamphelmets.co\/fr\/produit\/sparco-thunder-kart-suit-black-orange\/\",\"url\":\"https:\/\/zamphelmets.co\/fr\/produit\/sparco-thunder-kart-suit-black-orange\/\",\"name\":\"Sparco Thunder Kart Suit Black\/Orange - Zamp Helmets | Helmet 28 EU\",\"isPartOf\":{\"@id\":\"https:\/\/zamphelmets.co\/fr\/#website\"},\"primaryImageOfPage\":{\"@id\":\"https:\/\/zamphelmets.co\/fr\/produit\/sparco-thunder-kart-suit-black-orange\/#primaryimage\"},\"image\":{\"@id\":\"https:\/\/zamphelmets.co\/fr\/produit\/sparco-thunder-kart-suit-black-orange\/#primaryimage\"},\"thumbnailUrl\":\"https:\/\/zamphelmets.co\/wp-content\/uploads\/2024\/05\/orna.png\",\"datePublished\":\"2024-05-31T11:44:19+00:00\",\"dateModified\":\"2024-11-06T16:01:27+00:00\",\"description\":\"La Sparco Thunder est une combinaison de karting d'entr\u00e9e de gamme qui pr\u00e9sente un excellent rapport qualit\u00e9-prix et qui est id\u00e9ale pour tous ceux qui d\u00e9butent dans le karting.\",\"breadcrumb\":{\"@id\":\"https:\/\/zamphelmets.co\/fr\/produit\/sparco-thunder-kart-suit-black-orange\/#breadcrumb\"},\"inLanguage\":\"fr-FR\",\"potentialAction\":[{\"@type\":\"ReadAction\",\"target\":[\"https:\/\/zamphelmets.co\/fr\/produit\/sparco-thunder-kart-suit-black-orange\/\"]}]},{\"@type\":\"ImageObject\",\"inLanguage\":\"fr-FR\",\"@id\":\"https:\/\/zamphelmets.co\/fr\/produit\/sparco-thunder-kart-suit-black-orange\/#primaryimage\",\"url\":\"https:\/\/zamphelmets.co\/wp-content\/uploads\/2024\/05\/orna.png\",\"contentUrl\":\"https:\/\/zamphelmets.co\/wp-content\/uploads\/2024\/05\/orna.png\",\"width\":1000,\"height\":996},{\"@type\":\"BreadcrumbList\",\"@id\":\"https:\/\/zamphelmets.co\/fr\/produit\/sparco-thunder-kart-suit-black-orange\/#breadcrumb\",\"itemListElement\":[{\"@type\":\"ListItem\",\"position\":1,\"name\":\"Boutique\",\"item\":\"https:\/\/zamphelmets.co\/fr\/boutique\/\"},{\"@type\":\"ListItem\",\"position\":2,\"name\":\"Sparco Thunder Kart Suit Black\/Orange\"}]},{\"@type\":\"WebSite\",\"@id\":\"https:\/\/zamphelmets.co\/fr\/#website\",\"url\":\"https:\/\/zamphelmets.co\/fr\/\",\"name\":\"Zamp Helmets | Helmet 28 EU\",\"description\":\"High Quality Motorsport Helmets\",\"potentialAction\":[{\"@type\":\"SearchAction\",\"target\":{\"@type\":\"EntryPoint\",\"urlTemplate\":\"https:\/\/zamphelmets.co\/fr\/?s={search_term_string}\"},\"query-input\":{\"@type\":\"PropertyValueSpecification\",\"valueRequired\":true,\"valueName\":\"search_term_string\"}}],\"inLanguage\":\"fr-FR\"}]}<\/script>\n<!-- \/ Yoast SEO plugin. -->","yoast_head_json":{"title":"Sparco Thunder Kart Suit Black\/Orange - Zamp Helmets | Helmet 28 EU","description":"La Sparco Thunder est une combinaison de karting d'entr\u00e9e de gamme qui pr\u00e9sente un excellent rapport qualit\u00e9-prix et qui est id\u00e9ale pour tous ceux qui d\u00e9butent dans le karting.","robots":{"index":"index","follow":"follow","max-snippet":"max-snippet:-1","max-image-preview":"max-image-preview:large","max-video-preview":"max-video-preview:-1"},"canonical":"https:\/\/zamphelmets.co\/fr\/produit\/sparco-thunder-kart-suit-black-orange\/","og_locale":"fr_FR","og_type":"article","og_title":"Sparco Thunder Kart Suit Black\/Orange - Zamp Helmets | Helmet 28 EU","og_description":"La Sparco Thunder est une combinaison de karting d'entr\u00e9e de gamme qui pr\u00e9sente un excellent rapport qualit\u00e9-prix et qui est id\u00e9ale pour tous ceux qui d\u00e9butent dans le karting.","og_url":"https:\/\/zamphelmets.co\/fr\/produit\/sparco-thunder-kart-suit-black-orange\/","og_site_name":"Zamp Helmets | Helmet 28 EU","article_modified_time":"2024-11-06T16:01:27+00:00","og_image":[{"width":1000,"height":996,"url":"https:\/\/zamphelmets.co\/wp-content\/uploads\/2024\/05\/orna.png","type":"image\/png"}],"twitter_card":"summary_large_image","twitter_misc":{"Est. reading time":"1 minute"},"schema":{"@context":"https:\/\/schema.org","@graph":[{"@type":"WebPage","@id":"https:\/\/zamphelmets.co\/fr\/produit\/sparco-thunder-kart-suit-black-orange\/","url":"https:\/\/zamphelmets.co\/fr\/produit\/sparco-thunder-kart-suit-black-orange\/","name":"Sparco Thunder Kart Suit Black\/Orange - Zamp Helmets | Helmet 28 EU","isPartOf":{"@id":"https:\/\/zamphelmets.co\/fr\/#website"},"primaryImageOfPage":{"@id":"https:\/\/zamphelmets.co\/fr\/produit\/sparco-thunder-kart-suit-black-orange\/#primaryimage"},"image":{"@id":"https:\/\/zamphelmets.co\/fr\/produit\/sparco-thunder-kart-suit-black-orange\/#primaryimage"},"thumbnailUrl":"https:\/\/zamphelmets.co\/wp-content\/uploads\/2024\/05\/orna.png","datePublished":"2024-05-31T11:44:19+00:00","dateModified":"2024-11-06T16:01:27+00:00","description":"La Sparco Thunder est une combinaison de karting d'entr\u00e9e de gamme qui pr\u00e9sente un excellent rapport qualit\u00e9-prix et qui est id\u00e9ale pour tous ceux qui d\u00e9butent dans le karting.","breadcrumb":{"@id":"https:\/\/zamphelmets.co\/fr\/produit\/sparco-thunder-kart-suit-black-orange\/#breadcrumb"},"inLanguage":"fr-FR","potentialAction":[{"@type":"ReadAction","target":["https:\/\/zamphelmets.co\/fr\/produit\/sparco-thunder-kart-suit-black-orange\/"]}]},{"@type":"ImageObject","inLanguage":"fr-FR","@id":"https:\/\/zamphelmets.co\/fr\/produit\/sparco-thunder-kart-suit-black-orange\/#primaryimage","url":"https:\/\/zamphelmets.co\/wp-content\/uploads\/2024\/05\/orna.png","contentUrl":"https:\/\/zamphelmets.co\/wp-content\/uploads\/2024\/05\/orna.png","width":1000,"height":996},{"@type":"BreadcrumbList","@id":"https:\/\/zamphelmets.co\/fr\/produit\/sparco-thunder-kart-suit-black-orange\/#breadcrumb","itemListElement":[{"@type":"ListItem","position":1,"name":"Boutique","item":"https:\/\/zamphelmets.co\/fr\/boutique\/"},{"@type":"ListItem","position":2,"name":"Sparco Thunder Kart Suit Black\/Orange"}]},{"@type":"WebSite","@id":"https:\/\/zamphelmets.co\/fr\/#website","url":"https:\/\/zamphelmets.co\/fr\/","name":"Zamp Helmets | Helmet 28 EU","description":"High Quality Motorsport Helmets","potentialAction":[{"@type":"SearchAction","target":{"@type":"EntryPoint","urlTemplate":"https:\/\/zamphelmets.co\/fr\/?s={search_term_string}"},"query-input":{"@type":"PropertyValueSpecification","valueRequired":true,"valueName":"search_term_string"}}],"inLanguage":"fr-FR"}]}},"_links":{"self":[{"href":"https:\/\/zamphelmets.co\/fr\/wp-json\/wp\/v2\/product\/25326","targetHints":{"allow":["GET"]}}],"collection":[{"href":"https:\/\/zamphelmets.co\/fr\/wp-json\/wp\/v2\/product"}],"about":[{"href":"https:\/\/zamphelmets.co\/fr\/wp-json\/wp\/v2\/types\/product"}],"replies":[{"embeddable":true,"href":"https:\/\/zamphelmets.co\/fr\/wp-json\/wp\/v2\/comments?post=25326"}],"wp:featuredmedia":[{"embeddable":true,"href":"https:\/\/zamphelmets.co\/fr\/wp-json\/wp\/v2\/media\/21760"}],"wp:attachment":[{"href":"https:\/\/zamphelmets.co\/fr\/wp-json\/wp\/v2\/media?parent=25326"}],"wp:term":[{"taxonomy":"product_brand","embeddable":true,"href":"https:\/\/zamphelmets.co\/fr\/wp-json\/wp\/v2\/product_brand?post=25326"},{"taxonomy":"product_cat","embeddable":true,"href":"https:\/\/zamphelmets.co\/fr\/wp-json\/wp\/v2\/product_cat?post=25326"},{"taxonomy":"product_tag","embeddable":true,"href":"https:\/\/zamphelmets.co\/fr\/wp-json\/wp\/v2\/product_tag?post=25326"}],"curies":[{"name":"wp","href":"https:\/\/api.w.org\/{rel}","templated":true}]}}