{"id":24978,"date":"2023-12-19T11:54:53","date_gmt":"2023-12-19T11:54:53","guid":{"rendered":"https:\/\/zamphelmets.co\/product\/combinaison-de-course-zr-52f-rouge\/"},"modified":"2023-12-19T11:54:53","modified_gmt":"2023-12-19T11:54:53","slug":"combinaison-de-course-zr-52f-rouge","status":"publish","type":"product","link":"https:\/\/zamphelmets.co\/fr\/produit\/combinaison-de-course-zr-52f-rouge\/","title":{"rendered":"Combinaison de course ZR-52F rouge"},"content":{"rendered":"<p>La nouvelle combinaison ZAMP ZR-52F est une combinaison FIA triple couche ultra-l\u00e9g\u00e8re, respirante et de haute qualit\u00e9. Offrant la norme FIA 8856-2018 la plus r\u00e9cente, et disponible dans une large gamme de tailles pour s&rsquo;adapter \u00e0 tous les pilotes.<\/p>\n<ul>\n<li>Construction ultra-l\u00e9g\u00e8re \u00e0 3 couches, en aramide doux, mat\u00e9riau ultra-l\u00e9ger et respirant de 290 g\/m\u00b2.\n<ul>\n<li>Couche ext\u00e9rieure : 100% Aramide, 200gsm<\/li>\n<li>Couche interm\u00e9diaire : 70% Meta Aramid, 30% Para Aramid, 70gsm<\/li>\n<li>Couche int\u00e9rieure : 95% Meta Aramid, 5% Para Aramid, 95gsm<\/li>\n<\/ul>\n<\/li>\n<li>Les panneaux ULTRA-STRETCH le long de la cage thoracique, du bas du dos, de l&rsquo;entrejambe et des \u00e9paules permettent un ajustement naturel &#8211; une flexibilit\u00e9 in\u00e9gal\u00e9e sans se tasser.<\/li>\n<li>Les coutures angulaires offrent un design tr\u00e8s attrayant<\/li>\n<li>Jambe droite et ceinture ajustable<\/li>\n<li>Manchettes en aramide pour un confort moelleux au niveau des chevilles et des poignets<\/li>\n<li>Les panneaux de flexion des \u00e9paules permettent une rotation des \u00e9paules \u00e0 360 degr\u00e9s.<\/li>\n<li>Certifi\u00e9 SFI 3.2A\/5 et FIA 8856-2018<\/li>\n<li>Note du TPP : 23,96<\/li>\n<li>Disponible en noir, gris, rouge ou bleu<\/li>\n<\/ul>\n<p><img decoding=\"async\" class=\"alignnone size-medium wp-image-10295 lazyload\" data-src=\"https:\/\/zamphelmets.eu\/wp-content\/uploads\/2023\/12\/SuitSizeChart_SlimFit_allmeasurements-204x300.jpeg\" alt=\"\" width=\"204\" height=\"300\" src=\"data:image\/svg+xml;base64,PHN2ZyB3aWR0aD0iMSIgaGVpZ2h0PSIxIiB4bWxucz0iaHR0cDovL3d3dy53My5vcmcvMjAwMC9zdmciPjwvc3ZnPg==\" style=\"--smush-placeholder-width: 204px; --smush-placeholder-aspect-ratio: 204\/300;\"><\/p>\n","protected":false},"excerpt":{"rendered":"<p>La nouvelle combinaison ZAMP ZR-52F est une combinaison FIA triple couche ultra-l\u00e9g\u00e8re, respirante et de haute qualit\u00e9. Offrant la norme FIA 8856-2018 la plus r\u00e9cente, et disponible dans une large gamme de tailles pour s&rsquo;adapter \u00e0 tous les pilotes. Construction ultra-l\u00e9g\u00e8re \u00e0 3 couches, en aramide doux, mat\u00e9riau ultra-l\u00e9ger et respirant de 290 g\/m\u00b2. Couche [&hellip;]<\/p>\n","protected":false},"featured_media":19779,"comment_status":"open","ping_status":"closed","template":"","meta":{"_acf_changed":false,"_iconic_wsb_product_page_order_bump_ids":[[]],"_sku":["R10002"],"_iconic_wsb_product_page_bump_modal_ids":[[]]},"product_brand":[],"product_cat":[337,193],"product_tag":[],"class_list":{"0":"post-24978","1":"product","2":"type-product","3":"status-publish","4":"has-post-thumbnail","6":"product_cat-costumes","7":"product_cat-protection-vetements","9":"first","10":"onbackorder","11":"taxable","12":"shipping-taxable","13":"purchasable","14":"product-type-variable"},"acf":[],"yoast_head":"<!-- This site is optimized with the Yoast SEO plugin v27.0 - https:\/\/yoast.com\/product\/yoast-seo-wordpress\/ -->\n<title>Combinaison de course ZR-52F rouge - Zamp Helmets | Helmet 28 EU<\/title>\n<meta name=\"robots\" content=\"index, follow, max-snippet:-1, max-image-preview:large, max-video-preview:-1\" \/>\n<link rel=\"canonical\" href=\"https:\/\/zamphelmets.co\/fr\/produit\/combinaison-de-course-zr-52f-rouge\/\" \/>\n<meta property=\"og:locale\" content=\"fr_FR\" \/>\n<meta property=\"og:type\" content=\"article\" \/>\n<meta property=\"og:title\" content=\"Combinaison de course ZR-52F rouge - Zamp Helmets | Helmet 28 EU\" \/>\n<meta property=\"og:description\" content=\"La nouvelle combinaison ZAMP ZR-52F est une combinaison FIA triple couche ultra-l\u00e9g\u00e8re, respirante et de haute qualit\u00e9. Offrant la norme FIA 8856-2018 la plus r\u00e9cente, et disponible dans une large gamme de tailles pour s&rsquo;adapter \u00e0 tous les pilotes. Construction ultra-l\u00e9g\u00e8re \u00e0 3 couches, en aramide doux, mat\u00e9riau ultra-l\u00e9ger et respirant de 290 g\/m\u00b2. Couche [&hellip;]\" \/>\n<meta property=\"og:url\" content=\"https:\/\/zamphelmets.co\/fr\/produit\/combinaison-de-course-zr-52f-rouge\/\" \/>\n<meta property=\"og:site_name\" content=\"Zamp Helmets | Helmet 28 EU\" \/>\n<meta property=\"og:image\" content=\"https:\/\/zamphelmets.co\/wp-content\/uploads\/2023\/12\/R10002.jpeg\" \/>\n\t<meta property=\"og:image:width\" content=\"1000\" \/>\n\t<meta property=\"og:image:height\" content=\"1000\" \/>\n\t<meta property=\"og:image:type\" content=\"image\/jpeg\" \/>\n<meta name=\"twitter:card\" content=\"summary_large_image\" \/>\n<meta name=\"twitter:label1\" content=\"Est. reading time\" \/>\n\t<meta name=\"twitter:data1\" content=\"1 minute\" \/>\n<script type=\"application\/ld+json\" class=\"yoast-schema-graph\">{\"@context\":\"https:\/\/schema.org\",\"@graph\":[{\"@type\":\"WebPage\",\"@id\":\"https:\/\/zamphelmets.co\/fr\/produit\/combinaison-de-course-zr-52f-rouge\/\",\"url\":\"https:\/\/zamphelmets.co\/fr\/produit\/combinaison-de-course-zr-52f-rouge\/\",\"name\":\"Combinaison de course ZR-52F rouge - Zamp Helmets | Helmet 28 EU\",\"isPartOf\":{\"@id\":\"https:\/\/zamphelmets.co\/fr\/#website\"},\"primaryImageOfPage\":{\"@id\":\"https:\/\/zamphelmets.co\/fr\/produit\/combinaison-de-course-zr-52f-rouge\/#primaryimage\"},\"image\":{\"@id\":\"https:\/\/zamphelmets.co\/fr\/produit\/combinaison-de-course-zr-52f-rouge\/#primaryimage\"},\"thumbnailUrl\":\"https:\/\/zamphelmets.co\/wp-content\/uploads\/2023\/12\/R10002.jpeg\",\"datePublished\":\"2023-12-19T11:54:53+00:00\",\"breadcrumb\":{\"@id\":\"https:\/\/zamphelmets.co\/fr\/produit\/combinaison-de-course-zr-52f-rouge\/#breadcrumb\"},\"inLanguage\":\"fr-FR\",\"potentialAction\":[{\"@type\":\"ReadAction\",\"target\":[\"https:\/\/zamphelmets.co\/fr\/produit\/combinaison-de-course-zr-52f-rouge\/\"]}]},{\"@type\":\"ImageObject\",\"inLanguage\":\"fr-FR\",\"@id\":\"https:\/\/zamphelmets.co\/fr\/produit\/combinaison-de-course-zr-52f-rouge\/#primaryimage\",\"url\":\"https:\/\/zamphelmets.co\/wp-content\/uploads\/2023\/12\/R10002.jpeg\",\"contentUrl\":\"https:\/\/zamphelmets.co\/wp-content\/uploads\/2023\/12\/R10002.jpeg\",\"width\":1000,\"height\":1000},{\"@type\":\"BreadcrumbList\",\"@id\":\"https:\/\/zamphelmets.co\/fr\/produit\/combinaison-de-course-zr-52f-rouge\/#breadcrumb\",\"itemListElement\":[{\"@type\":\"ListItem\",\"position\":1,\"name\":\"Boutique\",\"item\":\"https:\/\/zamphelmets.co\/fr\/boutique\/\"},{\"@type\":\"ListItem\",\"position\":2,\"name\":\"Combinaison de course ZR-52F rouge\"}]},{\"@type\":\"WebSite\",\"@id\":\"https:\/\/zamphelmets.co\/fr\/#website\",\"url\":\"https:\/\/zamphelmets.co\/fr\/\",\"name\":\"Zamp Helmets | Helmet 28 EU\",\"description\":\"High Quality Motorsport Helmets\",\"potentialAction\":[{\"@type\":\"SearchAction\",\"target\":{\"@type\":\"EntryPoint\",\"urlTemplate\":\"https:\/\/zamphelmets.co\/fr\/?s={search_term_string}\"},\"query-input\":{\"@type\":\"PropertyValueSpecification\",\"valueRequired\":true,\"valueName\":\"search_term_string\"}}],\"inLanguage\":\"fr-FR\"}]}<\/script>\n<!-- \/ Yoast SEO plugin. -->","yoast_head_json":{"title":"Combinaison de course ZR-52F rouge - Zamp Helmets | Helmet 28 EU","robots":{"index":"index","follow":"follow","max-snippet":"max-snippet:-1","max-image-preview":"max-image-preview:large","max-video-preview":"max-video-preview:-1"},"canonical":"https:\/\/zamphelmets.co\/fr\/produit\/combinaison-de-course-zr-52f-rouge\/","og_locale":"fr_FR","og_type":"article","og_title":"Combinaison de course ZR-52F rouge - Zamp Helmets | Helmet 28 EU","og_description":"La nouvelle combinaison ZAMP ZR-52F est une combinaison FIA triple couche ultra-l\u00e9g\u00e8re, respirante et de haute qualit\u00e9. Offrant la norme FIA 8856-2018 la plus r\u00e9cente, et disponible dans une large gamme de tailles pour s&rsquo;adapter \u00e0 tous les pilotes. Construction ultra-l\u00e9g\u00e8re \u00e0 3 couches, en aramide doux, mat\u00e9riau ultra-l\u00e9ger et respirant de 290 g\/m\u00b2. Couche [&hellip;]","og_url":"https:\/\/zamphelmets.co\/fr\/produit\/combinaison-de-course-zr-52f-rouge\/","og_site_name":"Zamp Helmets | Helmet 28 EU","og_image":[{"width":1000,"height":1000,"url":"https:\/\/zamphelmets.co\/wp-content\/uploads\/2023\/12\/R10002.jpeg","type":"image\/jpeg"}],"twitter_card":"summary_large_image","twitter_misc":{"Est. reading time":"1 minute"},"schema":{"@context":"https:\/\/schema.org","@graph":[{"@type":"WebPage","@id":"https:\/\/zamphelmets.co\/fr\/produit\/combinaison-de-course-zr-52f-rouge\/","url":"https:\/\/zamphelmets.co\/fr\/produit\/combinaison-de-course-zr-52f-rouge\/","name":"Combinaison de course ZR-52F rouge - Zamp Helmets | Helmet 28 EU","isPartOf":{"@id":"https:\/\/zamphelmets.co\/fr\/#website"},"primaryImageOfPage":{"@id":"https:\/\/zamphelmets.co\/fr\/produit\/combinaison-de-course-zr-52f-rouge\/#primaryimage"},"image":{"@id":"https:\/\/zamphelmets.co\/fr\/produit\/combinaison-de-course-zr-52f-rouge\/#primaryimage"},"thumbnailUrl":"https:\/\/zamphelmets.co\/wp-content\/uploads\/2023\/12\/R10002.jpeg","datePublished":"2023-12-19T11:54:53+00:00","breadcrumb":{"@id":"https:\/\/zamphelmets.co\/fr\/produit\/combinaison-de-course-zr-52f-rouge\/#breadcrumb"},"inLanguage":"fr-FR","potentialAction":[{"@type":"ReadAction","target":["https:\/\/zamphelmets.co\/fr\/produit\/combinaison-de-course-zr-52f-rouge\/"]}]},{"@type":"ImageObject","inLanguage":"fr-FR","@id":"https:\/\/zamphelmets.co\/fr\/produit\/combinaison-de-course-zr-52f-rouge\/#primaryimage","url":"https:\/\/zamphelmets.co\/wp-content\/uploads\/2023\/12\/R10002.jpeg","contentUrl":"https:\/\/zamphelmets.co\/wp-content\/uploads\/2023\/12\/R10002.jpeg","width":1000,"height":1000},{"@type":"BreadcrumbList","@id":"https:\/\/zamphelmets.co\/fr\/produit\/combinaison-de-course-zr-52f-rouge\/#breadcrumb","itemListElement":[{"@type":"ListItem","position":1,"name":"Boutique","item":"https:\/\/zamphelmets.co\/fr\/boutique\/"},{"@type":"ListItem","position":2,"name":"Combinaison de course ZR-52F rouge"}]},{"@type":"WebSite","@id":"https:\/\/zamphelmets.co\/fr\/#website","url":"https:\/\/zamphelmets.co\/fr\/","name":"Zamp Helmets | Helmet 28 EU","description":"High Quality Motorsport Helmets","potentialAction":[{"@type":"SearchAction","target":{"@type":"EntryPoint","urlTemplate":"https:\/\/zamphelmets.co\/fr\/?s={search_term_string}"},"query-input":{"@type":"PropertyValueSpecification","valueRequired":true,"valueName":"search_term_string"}}],"inLanguage":"fr-FR"}]}},"_links":{"self":[{"href":"https:\/\/zamphelmets.co\/fr\/wp-json\/wp\/v2\/product\/24978","targetHints":{"allow":["GET"]}}],"collection":[{"href":"https:\/\/zamphelmets.co\/fr\/wp-json\/wp\/v2\/product"}],"about":[{"href":"https:\/\/zamphelmets.co\/fr\/wp-json\/wp\/v2\/types\/product"}],"replies":[{"embeddable":true,"href":"https:\/\/zamphelmets.co\/fr\/wp-json\/wp\/v2\/comments?post=24978"}],"wp:featuredmedia":[{"embeddable":true,"href":"https:\/\/zamphelmets.co\/fr\/wp-json\/wp\/v2\/media\/19779"}],"wp:attachment":[{"href":"https:\/\/zamphelmets.co\/fr\/wp-json\/wp\/v2\/media?parent=24978"}],"wp:term":[{"taxonomy":"product_brand","embeddable":true,"href":"https:\/\/zamphelmets.co\/fr\/wp-json\/wp\/v2\/product_brand?post=24978"},{"taxonomy":"product_cat","embeddable":true,"href":"https:\/\/zamphelmets.co\/fr\/wp-json\/wp\/v2\/product_cat?post=24978"},{"taxonomy":"product_tag","embeddable":true,"href":"https:\/\/zamphelmets.co\/fr\/wp-json\/wp\/v2\/product_tag?post=24978"}],"curies":[{"name":"wp","href":"https:\/\/api.w.org\/{rel}","templated":true}]}}