{"id":24871,"date":"2023-12-05T11:51:10","date_gmt":"2023-12-05T11:51:10","guid":{"rendered":"https:\/\/zamphelmets.co\/product\/aileron-arriere-transparent-zr-72\/"},"modified":"2023-12-05T11:51:10","modified_gmt":"2023-12-05T11:51:10","slug":"aileron-arriere-transparent-zr-72","status":"publish","type":"product","link":"https:\/\/zamphelmets.co\/fr\/produit\/aileron-arriere-transparent-zr-72\/","title":{"rendered":"Aileron arri\u00e8re transparent ZR 72"},"content":{"rendered":"<p>L&rsquo;aileron arri\u00e8re ZR 72, \u00e9l\u00e9gant et a\u00e9rodynamique, s&rsquo;adapte \u00e0 la <a href=\"https:\/\/zamphelmets.co\/?s=zr+72&amp;post_type=product\">gamme de casques ZR 72<\/a> pour cr\u00e9er une exp\u00e9rience de conduite encore plus a\u00e9rodynamique et permettre au casque d&rsquo;\u00eatre plus stable \u00e0 grande vitesse.<\/p>\n<p>L&rsquo;aileron arri\u00e8re ZR 72 est livr\u00e9 avec une bande adh\u00e9sive double face extra forte pour garantir que l&rsquo;aileron peut \u00eatre mont\u00e9 en toute s\u00e9curit\u00e9 sur le casque.<\/p>\n","protected":false},"excerpt":{"rendered":"<p>L&rsquo;aileron arri\u00e8re ZR 72, \u00e9l\u00e9gant et a\u00e9rodynamique, s&rsquo;adapte \u00e0 la gamme de casques ZR 72 pour cr\u00e9er une exp\u00e9rience de conduite encore plus a\u00e9rodynamique et permettre au casque d&rsquo;\u00eatre plus stable \u00e0 grande vitesse. L&rsquo;aileron arri\u00e8re ZR 72 est livr\u00e9 avec une bande adh\u00e9sive double face extra forte pour garantir que l&rsquo;aileron peut \u00eatre mont\u00e9 [&hellip;]<\/p>\n","protected":false},"featured_media":19632,"comment_status":"open","ping_status":"closed","template":"","meta":{"_acf_changed":false,"_iconic_wsb_product_page_order_bump_ids":[[]],"_sku":["HSZ301CL"],"_iconic_wsb_product_page_bump_modal_ids":[[]]},"product_brand":[],"product_cat":[170,171,141],"product_tag":[],"class_list":{"0":"post-24871","1":"product","2":"type-product","3":"status-publish","4":"has-post-thumbnail","6":"product_cat-accessoires-fr","7":"product_cat-accessoires-pour-casques","8":"product_cat-zamp-fr","10":"first","11":"onbackorder","12":"taxable","13":"shipping-taxable","14":"purchasable","15":"product-type-simple"},"acf":[],"yoast_head":"<!-- This site is optimized with the Yoast SEO plugin v27.0 - https:\/\/yoast.com\/product\/yoast-seo-wordpress\/ -->\n<title>Aileron arri\u00e8re transparent ZR 72 - Zamp Helmets | Helmet 28 EU<\/title>\n<meta name=\"description\" content=\"L&#039;aileron arri\u00e8re ZR 72, \u00e9l\u00e9gant et a\u00e9rodynamique, s&#039;adapte \u00e0 la gamme de casques ZR 72 pour cr\u00e9er une exp\u00e9rience de conduite encore plus a\u00e9rodynamique.\" \/>\n<meta name=\"robots\" content=\"index, follow, max-snippet:-1, max-image-preview:large, max-video-preview:-1\" \/>\n<link rel=\"canonical\" href=\"https:\/\/zamphelmets.co\/fr\/produit\/aileron-arriere-transparent-zr-72\/\" \/>\n<meta property=\"og:locale\" content=\"fr_FR\" \/>\n<meta property=\"og:type\" content=\"article\" \/>\n<meta property=\"og:title\" content=\"Aileron arri\u00e8re transparent ZR 72 - Zamp Helmets | Helmet 28 EU\" \/>\n<meta property=\"og:description\" content=\"L&#039;aileron arri\u00e8re ZR 72, \u00e9l\u00e9gant et a\u00e9rodynamique, s&#039;adapte \u00e0 la gamme de casques ZR 72 pour cr\u00e9er une exp\u00e9rience de conduite encore plus a\u00e9rodynamique.\" \/>\n<meta property=\"og:url\" content=\"https:\/\/zamphelmets.co\/fr\/produit\/aileron-arriere-transparent-zr-72\/\" \/>\n<meta property=\"og:site_name\" content=\"Zamp Helmets | Helmet 28 EU\" \/>\n<meta property=\"og:image\" content=\"https:\/\/zamphelmets.co\/wp-content\/uploads\/2023\/12\/HSZ301CL.jpeg\" \/>\n\t<meta property=\"og:image:width\" content=\"1000\" \/>\n\t<meta property=\"og:image:height\" content=\"1000\" \/>\n\t<meta property=\"og:image:type\" content=\"image\/jpeg\" \/>\n<meta name=\"twitter:card\" content=\"summary_large_image\" \/>\n<script type=\"application\/ld+json\" class=\"yoast-schema-graph\">{\"@context\":\"https:\/\/schema.org\",\"@graph\":[{\"@type\":\"WebPage\",\"@id\":\"https:\/\/zamphelmets.co\/fr\/produit\/aileron-arriere-transparent-zr-72\/\",\"url\":\"https:\/\/zamphelmets.co\/fr\/produit\/aileron-arriere-transparent-zr-72\/\",\"name\":\"Aileron arri\u00e8re transparent ZR 72 - Zamp Helmets | Helmet 28 EU\",\"isPartOf\":{\"@id\":\"https:\/\/zamphelmets.co\/fr\/#website\"},\"primaryImageOfPage\":{\"@id\":\"https:\/\/zamphelmets.co\/fr\/produit\/aileron-arriere-transparent-zr-72\/#primaryimage\"},\"image\":{\"@id\":\"https:\/\/zamphelmets.co\/fr\/produit\/aileron-arriere-transparent-zr-72\/#primaryimage\"},\"thumbnailUrl\":\"https:\/\/zamphelmets.co\/wp-content\/uploads\/2023\/12\/HSZ301CL.jpeg\",\"datePublished\":\"2023-12-05T11:51:10+00:00\",\"description\":\"L'aileron arri\u00e8re ZR 72, \u00e9l\u00e9gant et a\u00e9rodynamique, s'adapte \u00e0 la gamme de casques ZR 72 pour cr\u00e9er une exp\u00e9rience de conduite encore plus a\u00e9rodynamique.\",\"breadcrumb\":{\"@id\":\"https:\/\/zamphelmets.co\/fr\/produit\/aileron-arriere-transparent-zr-72\/#breadcrumb\"},\"inLanguage\":\"fr-FR\",\"potentialAction\":[{\"@type\":\"ReadAction\",\"target\":[\"https:\/\/zamphelmets.co\/fr\/produit\/aileron-arriere-transparent-zr-72\/\"]}]},{\"@type\":\"ImageObject\",\"inLanguage\":\"fr-FR\",\"@id\":\"https:\/\/zamphelmets.co\/fr\/produit\/aileron-arriere-transparent-zr-72\/#primaryimage\",\"url\":\"https:\/\/zamphelmets.co\/wp-content\/uploads\/2023\/12\/HSZ301CL.jpeg\",\"contentUrl\":\"https:\/\/zamphelmets.co\/wp-content\/uploads\/2023\/12\/HSZ301CL.jpeg\",\"width\":1000,\"height\":1000},{\"@type\":\"BreadcrumbList\",\"@id\":\"https:\/\/zamphelmets.co\/fr\/produit\/aileron-arriere-transparent-zr-72\/#breadcrumb\",\"itemListElement\":[{\"@type\":\"ListItem\",\"position\":1,\"name\":\"Boutique\",\"item\":\"https:\/\/zamphelmets.co\/fr\/boutique\/\"},{\"@type\":\"ListItem\",\"position\":2,\"name\":\"Aileron arri\u00e8re transparent ZR 72\"}]},{\"@type\":\"WebSite\",\"@id\":\"https:\/\/zamphelmets.co\/fr\/#website\",\"url\":\"https:\/\/zamphelmets.co\/fr\/\",\"name\":\"Zamp Helmets | Helmet 28 EU\",\"description\":\"High Quality Motorsport Helmets\",\"potentialAction\":[{\"@type\":\"SearchAction\",\"target\":{\"@type\":\"EntryPoint\",\"urlTemplate\":\"https:\/\/zamphelmets.co\/fr\/?s={search_term_string}\"},\"query-input\":{\"@type\":\"PropertyValueSpecification\",\"valueRequired\":true,\"valueName\":\"search_term_string\"}}],\"inLanguage\":\"fr-FR\"}]}<\/script>\n<!-- \/ Yoast SEO plugin. -->","yoast_head_json":{"title":"Aileron arri\u00e8re transparent ZR 72 - Zamp Helmets | Helmet 28 EU","description":"L'aileron arri\u00e8re ZR 72, \u00e9l\u00e9gant et a\u00e9rodynamique, s'adapte \u00e0 la gamme de casques ZR 72 pour cr\u00e9er une exp\u00e9rience de conduite encore plus a\u00e9rodynamique.","robots":{"index":"index","follow":"follow","max-snippet":"max-snippet:-1","max-image-preview":"max-image-preview:large","max-video-preview":"max-video-preview:-1"},"canonical":"https:\/\/zamphelmets.co\/fr\/produit\/aileron-arriere-transparent-zr-72\/","og_locale":"fr_FR","og_type":"article","og_title":"Aileron arri\u00e8re transparent ZR 72 - Zamp Helmets | Helmet 28 EU","og_description":"L'aileron arri\u00e8re ZR 72, \u00e9l\u00e9gant et a\u00e9rodynamique, s'adapte \u00e0 la gamme de casques ZR 72 pour cr\u00e9er une exp\u00e9rience de conduite encore plus a\u00e9rodynamique.","og_url":"https:\/\/zamphelmets.co\/fr\/produit\/aileron-arriere-transparent-zr-72\/","og_site_name":"Zamp Helmets | Helmet 28 EU","og_image":[{"width":1000,"height":1000,"url":"https:\/\/zamphelmets.co\/wp-content\/uploads\/2023\/12\/HSZ301CL.jpeg","type":"image\/jpeg"}],"twitter_card":"summary_large_image","schema":{"@context":"https:\/\/schema.org","@graph":[{"@type":"WebPage","@id":"https:\/\/zamphelmets.co\/fr\/produit\/aileron-arriere-transparent-zr-72\/","url":"https:\/\/zamphelmets.co\/fr\/produit\/aileron-arriere-transparent-zr-72\/","name":"Aileron arri\u00e8re transparent ZR 72 - Zamp Helmets | Helmet 28 EU","isPartOf":{"@id":"https:\/\/zamphelmets.co\/fr\/#website"},"primaryImageOfPage":{"@id":"https:\/\/zamphelmets.co\/fr\/produit\/aileron-arriere-transparent-zr-72\/#primaryimage"},"image":{"@id":"https:\/\/zamphelmets.co\/fr\/produit\/aileron-arriere-transparent-zr-72\/#primaryimage"},"thumbnailUrl":"https:\/\/zamphelmets.co\/wp-content\/uploads\/2023\/12\/HSZ301CL.jpeg","datePublished":"2023-12-05T11:51:10+00:00","description":"L'aileron arri\u00e8re ZR 72, \u00e9l\u00e9gant et a\u00e9rodynamique, s'adapte \u00e0 la gamme de casques ZR 72 pour cr\u00e9er une exp\u00e9rience de conduite encore plus a\u00e9rodynamique.","breadcrumb":{"@id":"https:\/\/zamphelmets.co\/fr\/produit\/aileron-arriere-transparent-zr-72\/#breadcrumb"},"inLanguage":"fr-FR","potentialAction":[{"@type":"ReadAction","target":["https:\/\/zamphelmets.co\/fr\/produit\/aileron-arriere-transparent-zr-72\/"]}]},{"@type":"ImageObject","inLanguage":"fr-FR","@id":"https:\/\/zamphelmets.co\/fr\/produit\/aileron-arriere-transparent-zr-72\/#primaryimage","url":"https:\/\/zamphelmets.co\/wp-content\/uploads\/2023\/12\/HSZ301CL.jpeg","contentUrl":"https:\/\/zamphelmets.co\/wp-content\/uploads\/2023\/12\/HSZ301CL.jpeg","width":1000,"height":1000},{"@type":"BreadcrumbList","@id":"https:\/\/zamphelmets.co\/fr\/produit\/aileron-arriere-transparent-zr-72\/#breadcrumb","itemListElement":[{"@type":"ListItem","position":1,"name":"Boutique","item":"https:\/\/zamphelmets.co\/fr\/boutique\/"},{"@type":"ListItem","position":2,"name":"Aileron arri\u00e8re transparent ZR 72"}]},{"@type":"WebSite","@id":"https:\/\/zamphelmets.co\/fr\/#website","url":"https:\/\/zamphelmets.co\/fr\/","name":"Zamp Helmets | Helmet 28 EU","description":"High Quality Motorsport Helmets","potentialAction":[{"@type":"SearchAction","target":{"@type":"EntryPoint","urlTemplate":"https:\/\/zamphelmets.co\/fr\/?s={search_term_string}"},"query-input":{"@type":"PropertyValueSpecification","valueRequired":true,"valueName":"search_term_string"}}],"inLanguage":"fr-FR"}]}},"_links":{"self":[{"href":"https:\/\/zamphelmets.co\/fr\/wp-json\/wp\/v2\/product\/24871","targetHints":{"allow":["GET"]}}],"collection":[{"href":"https:\/\/zamphelmets.co\/fr\/wp-json\/wp\/v2\/product"}],"about":[{"href":"https:\/\/zamphelmets.co\/fr\/wp-json\/wp\/v2\/types\/product"}],"replies":[{"embeddable":true,"href":"https:\/\/zamphelmets.co\/fr\/wp-json\/wp\/v2\/comments?post=24871"}],"wp:featuredmedia":[{"embeddable":true,"href":"https:\/\/zamphelmets.co\/fr\/wp-json\/wp\/v2\/media\/19632"}],"wp:attachment":[{"href":"https:\/\/zamphelmets.co\/fr\/wp-json\/wp\/v2\/media?parent=24871"}],"wp:term":[{"taxonomy":"product_brand","embeddable":true,"href":"https:\/\/zamphelmets.co\/fr\/wp-json\/wp\/v2\/product_brand?post=24871"},{"taxonomy":"product_cat","embeddable":true,"href":"https:\/\/zamphelmets.co\/fr\/wp-json\/wp\/v2\/product_cat?post=24871"},{"taxonomy":"product_tag","embeddable":true,"href":"https:\/\/zamphelmets.co\/fr\/wp-json\/wp\/v2\/product_tag?post=24871"}],"curies":[{"name":"wp","href":"https:\/\/api.w.org\/{rel}","templated":true}]}}