{"id":24775,"date":"2023-12-04T15:56:29","date_gmt":"2023-12-04T15:56:29","guid":{"rendered":"https:\/\/zamphelmets.co\/product\/zr-72-noir-mat\/"},"modified":"2026-02-16T15:08:17","modified_gmt":"2026-02-16T15:08:17","slug":"zr-72-noir-mat","status":"publish","type":"product","link":"https:\/\/zamphelmets.co\/fr\/produit\/zr-72-noir-mat\/","title":{"rendered":"ZR-72 Noir mat"},"content":{"rendered":"<p>Zamp est fier d&rsquo;annoncer le tout nouveau casque ZR-72 <strong>fabriqu\u00e9 en Italie<\/strong>. Avec un design a\u00e9rodynamique unique et incroyable, des normes de s\u00e9curit\u00e9 avanc\u00e9es FIA 8859-2015 et Snell SA2020 et une coque ultra-l\u00e9g\u00e8re. Le casque ZR 72 est dot\u00e9 d&rsquo;une grande circulation d&rsquo;air et d&rsquo;un \u00e9cran antibu\u00e9e transparent.<\/p>\n<p>Les caract\u00e9ristiques comprennent :<\/p>\n<ul>\n<li>Conception avanc\u00e9e pour une <strong>coque incroyablement l\u00e9g\u00e8re<\/strong><\/li>\n<li><strong>Coquille a\u00e9rodynamique<\/strong> &#8211; plus une ligne d&rsquo;options d&rsquo;accessoires comprenant un becquet arri\u00e8re r\u00e9glable<\/li>\n<li>L&rsquo;entr\u00e9e d&rsquo;air sup\u00e9rieure vous permet d&rsquo;utiliser de l&rsquo;air naturel, de l&rsquo;air forc\u00e9 ou des bouchons d&rsquo;air. Comprend deux parties de l&rsquo;\u00e9vent central qui vous permettent d&rsquo;avoir le flux d&rsquo;air ventil\u00e9 ou ferm\u00e9.<\/li>\n<li>Int\u00e9rieur ultra-doux, <strong>amovible et lavable,<\/strong> ignifug\u00e9, avec mousse de mentonni\u00e8re EPS<\/li>\n<li><strong>\u00c9cran antibrouillard transparent<\/strong> avec poteaux d\u00e9chirables \u00e0 12,125 pouces de centre en utilisant des poteaux d\u00e9chirables de type banane.<\/li>\n<li>Compatible avec tous les boucliers de la s\u00e9rie Z20.<\/li>\n<li><strong>Inserts M6<\/strong> pour appuie-t\u00eate et appuie-nuque<\/li>\n<li>Fabriqu\u00e9 en Italie<\/li>\n<li><strong>FIA 8859-2015<\/strong> &amp; <strong>Snell SA2020<\/strong><\/li>\n<\/ul>\n<p><a href=\"https:\/\/zamphelmets.co\/fr\/lhomologation-expliquee\/\"><strong>L&rsquo;homologation expliqu\u00e9e<\/strong> &#8211; d\u00e9couvrez l&rsquo;homologation dont vous avez besoin<\/a><\/p>\n<p><a href=\"https:\/\/zamphelmets.co\/fr\/poteaux-hans-dispositifs-hans-et-fhr\/\"><strong>Dispositif FHR \/ HANS<\/strong> &#8211; quand est-il n\u00e9cessaire ?<\/a><\/p>\n<p>Veuillez noter que ce casque a une coque ext\u00e9rieure plus ovale et qu&rsquo;il est donc l\u00e9g\u00e8rement plus petit que ce qu&rsquo;indique notre guide des tailles de casques habituel.<\/p>\n<p>&nbsp;<\/p>\n<p><img decoding=\"async\" class=\"alignnone wp-image-26355 size-full lazyload\" data-src=\"https:\/\/zamphelmets.co\/wp-content\/uploads\/2024\/03\/Zamp-Helmets-sizing-guide-4166-x-4166-px-1.png\" alt=\"\" width=\"500\" height=\"500\" data-srcset=\"https:\/\/zamphelmets.co\/wp-content\/uploads\/2024\/03\/Zamp-Helmets-sizing-guide-4166-x-4166-px-1.png 500w, https:\/\/zamphelmets.co\/wp-content\/uploads\/2024\/03\/Zamp-Helmets-sizing-guide-4166-x-4166-px-1-300x300.png 300w, https:\/\/zamphelmets.co\/wp-content\/uploads\/2024\/03\/Zamp-Helmets-sizing-guide-4166-x-4166-px-1-150x150.png 150w, https:\/\/zamphelmets.co\/wp-content\/uploads\/2024\/03\/Zamp-Helmets-sizing-guide-4166-x-4166-px-1-100x100.png 100w\" data-sizes=\"(max-width: 500px) 100vw, 500px\" src=\"data:image\/svg+xml;base64,PHN2ZyB3aWR0aD0iMSIgaGVpZ2h0PSIxIiB4bWxucz0iaHR0cDovL3d3dy53My5vcmcvMjAwMC9zdmciPjwvc3ZnPg==\" style=\"--smush-placeholder-width: 500px; --smush-placeholder-aspect-ratio: 500\/500;\" \/><\/p>\n<div id=\"product-10089\" class=\"product type-product post-10089 status-publish first instock product_cat-fia product_cat-snell-2020-sa2020 product_cat-zamp has-post-thumbnail taxable shipping-taxable purchasable product-type-variable\">\n<div class=\"woocommerce-tabs wc-tabs-wrapper\">\n<div id=\"tab-description\" class=\"woocommerce-Tabs-panel woocommerce-Tabs-panel--description panel entry-content wc-tab\" role=\"tabpanel\" aria-labelledby=\"tab-title-description\">\n<p><strong>Vous n&rsquo;\u00eates pas s\u00fbr de la taille ? <\/strong><a href=\"https:\/\/form.jotform.com\/251263198513053\">Remplissez notre formulaire de dimensionnement<\/a> et un membre de l&rsquo;\u00e9quipe vous contactera pour vous faire part de nos recommandations.<\/p>\n<\/div>\n<\/div>\n<\/div>\n","protected":false},"excerpt":{"rendered":"<p>Zamp est fier d&rsquo;annoncer le tout nouveau casque ZR-72 fabriqu\u00e9 en Italie. Avec un design a\u00e9rodynamique unique et incroyable, des normes de s\u00e9curit\u00e9 avanc\u00e9es FIA 8859-2015 et Snell SA2020 et une coque ultra-l\u00e9g\u00e8re. Le casque ZR 72 est dot\u00e9 d&rsquo;une grande circulation d&rsquo;air et d&rsquo;un \u00e9cran antibu\u00e9e transparent. Les caract\u00e9ristiques comprennent : Conception avanc\u00e9e pour [&hellip;]<\/p>\n","protected":false},"featured_media":19590,"comment_status":"open","ping_status":"closed","template":"","meta":{"_acf_changed":false,"_iconic_wsb_product_page_order_bump_ids":[[]],"_sku":["H77803F"],"_iconic_wsb_product_page_bump_modal_ids":[[]]},"product_brand":[],"product_cat":[256,143,141],"product_tag":[],"class_list":{"0":"post-24775","1":"product","2":"type-product","3":"status-publish","4":"has-post-thumbnail","6":"product_cat-fia-8859-fr","7":"product_cat-snell-2020-sa2020-fr","8":"product_cat-zamp-fr","10":"first","11":"instock","12":"taxable","13":"shipping-taxable","14":"purchasable","15":"product-type-variable"},"acf":[],"yoast_head":"<!-- This site is optimized with the Yoast SEO plugin v27.0 - https:\/\/yoast.com\/product\/yoast-seo-wordpress\/ -->\n<title>ZR-72 Noir mat \u20ac474.17 - Zamp Helmets | Helmet 28 EU.<\/title>\n<meta name=\"description\" content=\"Le tout nouveau casque de Zamp, avanc\u00e9 FIA 8859-2015 et Snell SA2020, est dot\u00e9 d&#039;une coque super l\u00e9g\u00e8re et d&#039;un \u00e9cran antibu\u00e9e transparent.\" \/>\n<meta name=\"robots\" content=\"index, follow, max-snippet:-1, max-image-preview:large, max-video-preview:-1\" \/>\n<link rel=\"canonical\" href=\"https:\/\/zamphelmets.co\/fr\/produit\/zr-72-noir-mat\/\" \/>\n<meta property=\"og:locale\" content=\"fr_FR\" \/>\n<meta property=\"og:type\" content=\"article\" \/>\n<meta property=\"og:title\" content=\"ZR-72 Noir mat \u20ac474.17 - Zamp Helmets | Helmet 28 EU.\" \/>\n<meta property=\"og:description\" content=\"Le tout nouveau casque de Zamp, avanc\u00e9 FIA 8859-2015 et Snell SA2020, est dot\u00e9 d&#039;une coque super l\u00e9g\u00e8re et d&#039;un \u00e9cran antibu\u00e9e transparent.\" \/>\n<meta property=\"og:url\" content=\"https:\/\/zamphelmets.co\/fr\/produit\/zr-72-noir-mat\/\" \/>\n<meta property=\"og:site_name\" content=\"Zamp Helmets | Helmet 28 EU\" \/>\n<meta property=\"article:modified_time\" content=\"2026-02-16T15:08:17+00:00\" \/>\n<meta property=\"og:image\" content=\"https:\/\/zamphelmets.co\/wp-content\/uploads\/2023\/12\/H77803F.jpg\" \/>\n\t<meta property=\"og:image:width\" content=\"1000\" \/>\n\t<meta property=\"og:image:height\" content=\"1000\" \/>\n\t<meta property=\"og:image:type\" content=\"image\/jpeg\" \/>\n<meta name=\"twitter:card\" content=\"summary_large_image\" \/>\n<meta name=\"twitter:label1\" content=\"Est. reading time\" \/>\n\t<meta name=\"twitter:data1\" content=\"1 minute\" \/>\n<script type=\"application\/ld+json\" class=\"yoast-schema-graph\">{\"@context\":\"https:\/\/schema.org\",\"@graph\":[{\"@type\":\"WebPage\",\"@id\":\"https:\/\/zamphelmets.co\/fr\/produit\/zr-72-noir-mat\/\",\"url\":\"https:\/\/zamphelmets.co\/fr\/produit\/zr-72-noir-mat\/\",\"name\":\"ZR-72 Noir mat \u20ac474.17 - Zamp Helmets | Helmet 28 EU.\",\"isPartOf\":{\"@id\":\"https:\/\/zamphelmets.co\/fr\/#website\"},\"primaryImageOfPage\":{\"@id\":\"https:\/\/zamphelmets.co\/fr\/produit\/zr-72-noir-mat\/#primaryimage\"},\"image\":{\"@id\":\"https:\/\/zamphelmets.co\/fr\/produit\/zr-72-noir-mat\/#primaryimage\"},\"thumbnailUrl\":\"https:\/\/zamphelmets.co\/wp-content\/uploads\/2023\/12\/H77803F.jpg\",\"datePublished\":\"2023-12-04T15:56:29+00:00\",\"dateModified\":\"2026-02-16T15:08:17+00:00\",\"description\":\"Le tout nouveau casque de Zamp, avanc\u00e9 FIA 8859-2015 et Snell SA2020, est dot\u00e9 d'une coque super l\u00e9g\u00e8re et d'un \u00e9cran antibu\u00e9e transparent.\",\"breadcrumb\":{\"@id\":\"https:\/\/zamphelmets.co\/fr\/produit\/zr-72-noir-mat\/#breadcrumb\"},\"inLanguage\":\"fr-FR\",\"potentialAction\":[{\"@type\":\"ReadAction\",\"target\":[\"https:\/\/zamphelmets.co\/fr\/produit\/zr-72-noir-mat\/\"]}]},{\"@type\":\"ImageObject\",\"inLanguage\":\"fr-FR\",\"@id\":\"https:\/\/zamphelmets.co\/fr\/produit\/zr-72-noir-mat\/#primaryimage\",\"url\":\"https:\/\/zamphelmets.co\/wp-content\/uploads\/2023\/12\/H77803F.jpg\",\"contentUrl\":\"https:\/\/zamphelmets.co\/wp-content\/uploads\/2023\/12\/H77803F.jpg\",\"width\":1000,\"height\":1000},{\"@type\":\"BreadcrumbList\",\"@id\":\"https:\/\/zamphelmets.co\/fr\/produit\/zr-72-noir-mat\/#breadcrumb\",\"itemListElement\":[{\"@type\":\"ListItem\",\"position\":1,\"name\":\"Boutique\",\"item\":\"https:\/\/zamphelmets.co\/fr\/boutique\/\"},{\"@type\":\"ListItem\",\"position\":2,\"name\":\"ZR-72 Noir mat\"}]},{\"@type\":\"WebSite\",\"@id\":\"https:\/\/zamphelmets.co\/fr\/#website\",\"url\":\"https:\/\/zamphelmets.co\/fr\/\",\"name\":\"Zamp Helmets | Helmet 28 EU\",\"description\":\"High Quality Motorsport Helmets\",\"potentialAction\":[{\"@type\":\"SearchAction\",\"target\":{\"@type\":\"EntryPoint\",\"urlTemplate\":\"https:\/\/zamphelmets.co\/fr\/?s={search_term_string}\"},\"query-input\":{\"@type\":\"PropertyValueSpecification\",\"valueRequired\":true,\"valueName\":\"search_term_string\"}}],\"inLanguage\":\"fr-FR\"}]}<\/script>\n<!-- \/ Yoast SEO plugin. -->","yoast_head_json":{"title":"ZR-72 Noir mat \u20ac474.17 - Zamp Helmets | Helmet 28 EU.","description":"Le tout nouveau casque de Zamp, avanc\u00e9 FIA 8859-2015 et Snell SA2020, est dot\u00e9 d'une coque super l\u00e9g\u00e8re et d'un \u00e9cran antibu\u00e9e transparent.","robots":{"index":"index","follow":"follow","max-snippet":"max-snippet:-1","max-image-preview":"max-image-preview:large","max-video-preview":"max-video-preview:-1"},"canonical":"https:\/\/zamphelmets.co\/fr\/produit\/zr-72-noir-mat\/","og_locale":"fr_FR","og_type":"article","og_title":"ZR-72 Noir mat \u20ac474.17 - Zamp Helmets | Helmet 28 EU.","og_description":"Le tout nouveau casque de Zamp, avanc\u00e9 FIA 8859-2015 et Snell SA2020, est dot\u00e9 d'une coque super l\u00e9g\u00e8re et d'un \u00e9cran antibu\u00e9e transparent.","og_url":"https:\/\/zamphelmets.co\/fr\/produit\/zr-72-noir-mat\/","og_site_name":"Zamp Helmets | Helmet 28 EU","article_modified_time":"2026-02-16T15:08:17+00:00","og_image":[{"width":1000,"height":1000,"url":"https:\/\/zamphelmets.co\/wp-content\/uploads\/2023\/12\/H77803F.jpg","type":"image\/jpeg"}],"twitter_card":"summary_large_image","twitter_misc":{"Est. reading time":"1 minute"},"schema":{"@context":"https:\/\/schema.org","@graph":[{"@type":"WebPage","@id":"https:\/\/zamphelmets.co\/fr\/produit\/zr-72-noir-mat\/","url":"https:\/\/zamphelmets.co\/fr\/produit\/zr-72-noir-mat\/","name":"ZR-72 Noir mat \u20ac474.17 - Zamp Helmets | Helmet 28 EU.","isPartOf":{"@id":"https:\/\/zamphelmets.co\/fr\/#website"},"primaryImageOfPage":{"@id":"https:\/\/zamphelmets.co\/fr\/produit\/zr-72-noir-mat\/#primaryimage"},"image":{"@id":"https:\/\/zamphelmets.co\/fr\/produit\/zr-72-noir-mat\/#primaryimage"},"thumbnailUrl":"https:\/\/zamphelmets.co\/wp-content\/uploads\/2023\/12\/H77803F.jpg","datePublished":"2023-12-04T15:56:29+00:00","dateModified":"2026-02-16T15:08:17+00:00","description":"Le tout nouveau casque de Zamp, avanc\u00e9 FIA 8859-2015 et Snell SA2020, est dot\u00e9 d'une coque super l\u00e9g\u00e8re et d'un \u00e9cran antibu\u00e9e transparent.","breadcrumb":{"@id":"https:\/\/zamphelmets.co\/fr\/produit\/zr-72-noir-mat\/#breadcrumb"},"inLanguage":"fr-FR","potentialAction":[{"@type":"ReadAction","target":["https:\/\/zamphelmets.co\/fr\/produit\/zr-72-noir-mat\/"]}]},{"@type":"ImageObject","inLanguage":"fr-FR","@id":"https:\/\/zamphelmets.co\/fr\/produit\/zr-72-noir-mat\/#primaryimage","url":"https:\/\/zamphelmets.co\/wp-content\/uploads\/2023\/12\/H77803F.jpg","contentUrl":"https:\/\/zamphelmets.co\/wp-content\/uploads\/2023\/12\/H77803F.jpg","width":1000,"height":1000},{"@type":"BreadcrumbList","@id":"https:\/\/zamphelmets.co\/fr\/produit\/zr-72-noir-mat\/#breadcrumb","itemListElement":[{"@type":"ListItem","position":1,"name":"Boutique","item":"https:\/\/zamphelmets.co\/fr\/boutique\/"},{"@type":"ListItem","position":2,"name":"ZR-72 Noir mat"}]},{"@type":"WebSite","@id":"https:\/\/zamphelmets.co\/fr\/#website","url":"https:\/\/zamphelmets.co\/fr\/","name":"Zamp Helmets | Helmet 28 EU","description":"High Quality Motorsport Helmets","potentialAction":[{"@type":"SearchAction","target":{"@type":"EntryPoint","urlTemplate":"https:\/\/zamphelmets.co\/fr\/?s={search_term_string}"},"query-input":{"@type":"PropertyValueSpecification","valueRequired":true,"valueName":"search_term_string"}}],"inLanguage":"fr-FR"}]}},"_links":{"self":[{"href":"https:\/\/zamphelmets.co\/fr\/wp-json\/wp\/v2\/product\/24775","targetHints":{"allow":["GET"]}}],"collection":[{"href":"https:\/\/zamphelmets.co\/fr\/wp-json\/wp\/v2\/product"}],"about":[{"href":"https:\/\/zamphelmets.co\/fr\/wp-json\/wp\/v2\/types\/product"}],"replies":[{"embeddable":true,"href":"https:\/\/zamphelmets.co\/fr\/wp-json\/wp\/v2\/comments?post=24775"}],"wp:featuredmedia":[{"embeddable":true,"href":"https:\/\/zamphelmets.co\/fr\/wp-json\/wp\/v2\/media\/19590"}],"wp:attachment":[{"href":"https:\/\/zamphelmets.co\/fr\/wp-json\/wp\/v2\/media?parent=24775"}],"wp:term":[{"taxonomy":"product_brand","embeddable":true,"href":"https:\/\/zamphelmets.co\/fr\/wp-json\/wp\/v2\/product_brand?post=24775"},{"taxonomy":"product_cat","embeddable":true,"href":"https:\/\/zamphelmets.co\/fr\/wp-json\/wp\/v2\/product_cat?post=24775"},{"taxonomy":"product_tag","embeddable":true,"href":"https:\/\/zamphelmets.co\/fr\/wp-json\/wp\/v2\/product_tag?post=24775"}],"curies":[{"name":"wp","href":"https:\/\/api.w.org\/{rel}","templated":true}]}}