{"id":24422,"date":"2022-02-15T13:14:19","date_gmt":"2022-02-15T13:14:19","guid":{"rendered":"https:\/\/zamphelmets.co\/product\/film-anti-brouillard\/"},"modified":"2026-02-16T15:07:24","modified_gmt":"2026-02-16T15:07:24","slug":"film-anti-brouillard","status":"publish","type":"product","link":"https:\/\/zamphelmets.co\/fr\/produit\/film-anti-brouillard\/","title":{"rendered":"Film anti-brouillard"},"content":{"rendered":"<p>Notre <strong>insert anti-bu\u00e9e<\/strong> permet d&rsquo;\u00e9viter la formation de bu\u00e9e sur l&rsquo;\u00e9cran de votre casque. S&rsquo;installe facilement en quelques \u00e9tapes : <\/p>\n<ol>\n<li>Retirez le film protecteur de la face avant<\/li>\n<li>Alignez et centrez l&rsquo;insert \u00e0 l&rsquo;aide de la croix blanche<\/li>\n<li>Pressez autour du bord adh\u00e9sif une fois align\u00e9<\/li>\n<li>D\u00e9coller le dos du film protecteur<\/li>\n<\/ol>\n<p>Vous devez vous assurer que le film est appliqu\u00e9 correctement et que le c\u00f4t\u00e9 appropri\u00e9 est plac\u00e9 \u00e0 l&rsquo;int\u00e9rieur de la visi\u00e8re. Lors de l&rsquo;application, les utilisateurs doivent veiller \u00e0 ne pas cr\u00e9er de bulles d&rsquo;air afin d&rsquo;obtenir les meilleurs r\u00e9sultats.<\/p>\n<p>&nbsp;<\/p>\n<div style=\"width: 640px;\" class=\"wp-video\"><video class=\"wp-video-shortcode\" id=\"video-24422-1\" width=\"640\" height=\"360\" preload=\"metadata\" controls=\"controls\"><source type=\"video\/mp4\" src=\"https:\/\/www.zamp-racing.com\/videos\/fogfreeinstall-2.mp4?_=1\" \/><a href=\"https:\/\/www.zamp-racing.com\/videos\/fogfreeinstall-2.mp4\">https:\/\/www.zamp-racing.com\/videos\/fogfreeinstall-2.mp4<\/a><\/video><\/div>\n","protected":false},"excerpt":{"rendered":"<p>Notre insert anti-bu\u00e9e permet d&rsquo;\u00e9viter la formation de bu\u00e9e sur l&rsquo;\u00e9cran de votre casque. S&rsquo;installe facilement en quelques \u00e9tapes : Retirez le film protecteur de la face avant Alignez et centrez l&rsquo;insert \u00e0 l&rsquo;aide de la croix blanche Pressez autour du bord adh\u00e9sif une fois align\u00e9 D\u00e9coller le dos du film protecteur Vous devez vous [&hellip;]<\/p>\n","protected":false},"featured_media":19555,"comment_status":"open","ping_status":"closed","template":"","meta":{"_acf_changed":false,"_iconic_wsb_product_page_order_bump_ids":[[]],"_sku":["P0100012"],"_iconic_wsb_product_page_bump_modal_ids":[[]]},"product_brand":[],"product_cat":[170,299,141],"product_tag":[],"class_list":{"0":"post-24422","1":"product","2":"type-product","3":"status-publish","4":"has-post-thumbnail","6":"product_cat-accessoires-fr","7":"product_cat-visieres","8":"product_cat-zamp-fr","10":"first","11":"onbackorder","12":"taxable","13":"shipping-taxable","14":"purchasable","15":"product-type-simple"},"acf":[],"yoast_head":"<!-- This site is optimized with the Yoast SEO plugin v27.0 - https:\/\/yoast.com\/product\/yoast-seo-wordpress\/ -->\n<title>Film anti-brouillard - Zamp Helmets | Helmet 28 EU<\/title>\n<meta name=\"robots\" content=\"index, follow, max-snippet:-1, max-image-preview:large, max-video-preview:-1\" \/>\n<link rel=\"canonical\" href=\"https:\/\/zamphelmets.co\/fr\/produit\/film-anti-brouillard\/\" \/>\n<meta property=\"og:locale\" content=\"fr_FR\" \/>\n<meta property=\"og:type\" content=\"article\" \/>\n<meta property=\"og:title\" content=\"Film anti-brouillard - Zamp Helmets | Helmet 28 EU\" \/>\n<meta property=\"og:description\" content=\"Notre insert anti-bu\u00e9e permet d&rsquo;\u00e9viter la formation de bu\u00e9e sur l&rsquo;\u00e9cran de votre casque. S&rsquo;installe facilement en quelques \u00e9tapes : Retirez le film protecteur de la face avant Alignez et centrez l&rsquo;insert \u00e0 l&rsquo;aide de la croix blanche Pressez autour du bord adh\u00e9sif une fois align\u00e9 D\u00e9coller le dos du film protecteur Vous devez vous [&hellip;]\" \/>\n<meta property=\"og:url\" content=\"https:\/\/zamphelmets.co\/fr\/produit\/film-anti-brouillard\/\" \/>\n<meta property=\"og:site_name\" content=\"Zamp Helmets | Helmet 28 EU\" \/>\n<meta property=\"article:modified_time\" content=\"2026-02-16T15:07:24+00:00\" \/>\n<meta property=\"og:image\" content=\"https:\/\/zamphelmets.co\/wp-content\/uploads\/2022\/02\/P0100012a.jpeg\" \/>\n\t<meta property=\"og:image:width\" content=\"1500\" \/>\n\t<meta property=\"og:image:height\" content=\"1500\" \/>\n\t<meta property=\"og:image:type\" content=\"image\/jpeg\" \/>\n<meta name=\"twitter:card\" content=\"summary_large_image\" \/>\n<meta name=\"twitter:label1\" content=\"Est. reading time\" \/>\n\t<meta name=\"twitter:data1\" content=\"1 minute\" \/>\n<script type=\"application\/ld+json\" class=\"yoast-schema-graph\">{\"@context\":\"https:\/\/schema.org\",\"@graph\":[{\"@type\":\"WebPage\",\"@id\":\"https:\/\/zamphelmets.co\/fr\/produit\/film-anti-brouillard\/\",\"url\":\"https:\/\/zamphelmets.co\/fr\/produit\/film-anti-brouillard\/\",\"name\":\"Film anti-brouillard - Zamp Helmets | Helmet 28 EU\",\"isPartOf\":{\"@id\":\"https:\/\/zamphelmets.co\/fr\/#website\"},\"primaryImageOfPage\":{\"@id\":\"https:\/\/zamphelmets.co\/fr\/produit\/film-anti-brouillard\/#primaryimage\"},\"image\":{\"@id\":\"https:\/\/zamphelmets.co\/fr\/produit\/film-anti-brouillard\/#primaryimage\"},\"thumbnailUrl\":\"https:\/\/zamphelmets.co\/wp-content\/uploads\/2022\/02\/P0100012a.jpeg\",\"datePublished\":\"2022-02-15T13:14:19+00:00\",\"dateModified\":\"2026-02-16T15:07:24+00:00\",\"breadcrumb\":{\"@id\":\"https:\/\/zamphelmets.co\/fr\/produit\/film-anti-brouillard\/#breadcrumb\"},\"inLanguage\":\"fr-FR\",\"potentialAction\":[{\"@type\":\"ReadAction\",\"target\":[\"https:\/\/zamphelmets.co\/fr\/produit\/film-anti-brouillard\/\"]}]},{\"@type\":\"ImageObject\",\"inLanguage\":\"fr-FR\",\"@id\":\"https:\/\/zamphelmets.co\/fr\/produit\/film-anti-brouillard\/#primaryimage\",\"url\":\"https:\/\/zamphelmets.co\/wp-content\/uploads\/2022\/02\/P0100012a.jpeg\",\"contentUrl\":\"https:\/\/zamphelmets.co\/wp-content\/uploads\/2022\/02\/P0100012a.jpeg\",\"width\":1500,\"height\":1500},{\"@type\":\"BreadcrumbList\",\"@id\":\"https:\/\/zamphelmets.co\/fr\/produit\/film-anti-brouillard\/#breadcrumb\",\"itemListElement\":[{\"@type\":\"ListItem\",\"position\":1,\"name\":\"Boutique\",\"item\":\"https:\/\/zamphelmets.co\/fr\/boutique\/\"},{\"@type\":\"ListItem\",\"position\":2,\"name\":\"Film anti-brouillard\"}]},{\"@type\":\"WebSite\",\"@id\":\"https:\/\/zamphelmets.co\/fr\/#website\",\"url\":\"https:\/\/zamphelmets.co\/fr\/\",\"name\":\"Zamp Helmets | Helmet 28 EU\",\"description\":\"High Quality Motorsport Helmets\",\"potentialAction\":[{\"@type\":\"SearchAction\",\"target\":{\"@type\":\"EntryPoint\",\"urlTemplate\":\"https:\/\/zamphelmets.co\/fr\/?s={search_term_string}\"},\"query-input\":{\"@type\":\"PropertyValueSpecification\",\"valueRequired\":true,\"valueName\":\"search_term_string\"}}],\"inLanguage\":\"fr-FR\"}]}<\/script>\n<!-- \/ Yoast SEO plugin. -->","yoast_head_json":{"title":"Film anti-brouillard - Zamp Helmets | Helmet 28 EU","robots":{"index":"index","follow":"follow","max-snippet":"max-snippet:-1","max-image-preview":"max-image-preview:large","max-video-preview":"max-video-preview:-1"},"canonical":"https:\/\/zamphelmets.co\/fr\/produit\/film-anti-brouillard\/","og_locale":"fr_FR","og_type":"article","og_title":"Film anti-brouillard - Zamp Helmets | Helmet 28 EU","og_description":"Notre insert anti-bu\u00e9e permet d&rsquo;\u00e9viter la formation de bu\u00e9e sur l&rsquo;\u00e9cran de votre casque. S&rsquo;installe facilement en quelques \u00e9tapes : Retirez le film protecteur de la face avant Alignez et centrez l&rsquo;insert \u00e0 l&rsquo;aide de la croix blanche Pressez autour du bord adh\u00e9sif une fois align\u00e9 D\u00e9coller le dos du film protecteur Vous devez vous [&hellip;]","og_url":"https:\/\/zamphelmets.co\/fr\/produit\/film-anti-brouillard\/","og_site_name":"Zamp Helmets | Helmet 28 EU","article_modified_time":"2026-02-16T15:07:24+00:00","og_image":[{"width":1500,"height":1500,"url":"https:\/\/zamphelmets.co\/wp-content\/uploads\/2022\/02\/P0100012a.jpeg","type":"image\/jpeg"}],"twitter_card":"summary_large_image","twitter_misc":{"Est. reading time":"1 minute"},"schema":{"@context":"https:\/\/schema.org","@graph":[{"@type":"WebPage","@id":"https:\/\/zamphelmets.co\/fr\/produit\/film-anti-brouillard\/","url":"https:\/\/zamphelmets.co\/fr\/produit\/film-anti-brouillard\/","name":"Film anti-brouillard - Zamp Helmets | Helmet 28 EU","isPartOf":{"@id":"https:\/\/zamphelmets.co\/fr\/#website"},"primaryImageOfPage":{"@id":"https:\/\/zamphelmets.co\/fr\/produit\/film-anti-brouillard\/#primaryimage"},"image":{"@id":"https:\/\/zamphelmets.co\/fr\/produit\/film-anti-brouillard\/#primaryimage"},"thumbnailUrl":"https:\/\/zamphelmets.co\/wp-content\/uploads\/2022\/02\/P0100012a.jpeg","datePublished":"2022-02-15T13:14:19+00:00","dateModified":"2026-02-16T15:07:24+00:00","breadcrumb":{"@id":"https:\/\/zamphelmets.co\/fr\/produit\/film-anti-brouillard\/#breadcrumb"},"inLanguage":"fr-FR","potentialAction":[{"@type":"ReadAction","target":["https:\/\/zamphelmets.co\/fr\/produit\/film-anti-brouillard\/"]}]},{"@type":"ImageObject","inLanguage":"fr-FR","@id":"https:\/\/zamphelmets.co\/fr\/produit\/film-anti-brouillard\/#primaryimage","url":"https:\/\/zamphelmets.co\/wp-content\/uploads\/2022\/02\/P0100012a.jpeg","contentUrl":"https:\/\/zamphelmets.co\/wp-content\/uploads\/2022\/02\/P0100012a.jpeg","width":1500,"height":1500},{"@type":"BreadcrumbList","@id":"https:\/\/zamphelmets.co\/fr\/produit\/film-anti-brouillard\/#breadcrumb","itemListElement":[{"@type":"ListItem","position":1,"name":"Boutique","item":"https:\/\/zamphelmets.co\/fr\/boutique\/"},{"@type":"ListItem","position":2,"name":"Film anti-brouillard"}]},{"@type":"WebSite","@id":"https:\/\/zamphelmets.co\/fr\/#website","url":"https:\/\/zamphelmets.co\/fr\/","name":"Zamp Helmets | Helmet 28 EU","description":"High Quality Motorsport Helmets","potentialAction":[{"@type":"SearchAction","target":{"@type":"EntryPoint","urlTemplate":"https:\/\/zamphelmets.co\/fr\/?s={search_term_string}"},"query-input":{"@type":"PropertyValueSpecification","valueRequired":true,"valueName":"search_term_string"}}],"inLanguage":"fr-FR"}]}},"_links":{"self":[{"href":"https:\/\/zamphelmets.co\/fr\/wp-json\/wp\/v2\/product\/24422","targetHints":{"allow":["GET"]}}],"collection":[{"href":"https:\/\/zamphelmets.co\/fr\/wp-json\/wp\/v2\/product"}],"about":[{"href":"https:\/\/zamphelmets.co\/fr\/wp-json\/wp\/v2\/types\/product"}],"replies":[{"embeddable":true,"href":"https:\/\/zamphelmets.co\/fr\/wp-json\/wp\/v2\/comments?post=24422"}],"wp:featuredmedia":[{"embeddable":true,"href":"https:\/\/zamphelmets.co\/fr\/wp-json\/wp\/v2\/media\/19555"}],"wp:attachment":[{"href":"https:\/\/zamphelmets.co\/fr\/wp-json\/wp\/v2\/media?parent=24422"}],"wp:term":[{"taxonomy":"product_brand","embeddable":true,"href":"https:\/\/zamphelmets.co\/fr\/wp-json\/wp\/v2\/product_brand?post=24422"},{"taxonomy":"product_cat","embeddable":true,"href":"https:\/\/zamphelmets.co\/fr\/wp-json\/wp\/v2\/product_cat?post=24422"},{"taxonomy":"product_tag","embeddable":true,"href":"https:\/\/zamphelmets.co\/fr\/wp-json\/wp\/v2\/product_tag?post=24422"}],"curies":[{"name":"wp","href":"https:\/\/api.w.org\/{rel}","templated":true}]}}