{"id":24273,"date":"2020-08-07T11:58:44","date_gmt":"2020-08-07T11:58:44","guid":{"rendered":"https:\/\/zamphelmets.co\/product\/rz-65d-noir-gris\/"},"modified":"2026-04-12T11:20:18","modified_gmt":"2026-04-12T11:20:18","slug":"rz-65d-noir-gris","status":"publish","type":"product","link":"https:\/\/zamphelmets.co\/fr\/produit\/rz-65d-noir-gris\/","title":{"rendered":"RZ 65D Noir\/Gris"},"content":{"rendered":"<p><strong>Le RZ-65D est un casque en carbone haut de gamme, capable de fonctionner avec un grand nombre de configurations de course diff\u00e9rentes. Avec un tissage en carbone \u00e9pais et attrayant associ\u00e9 \u00e0 un graphique noir\/gris \u00e9tonnant, il sera remarqu\u00e9 sur n&rsquo;importe quel circuit dans le monde. Dot\u00e9 de la classification Snell SA2020 sur un tissu en fibre de carbone large et ultra l\u00e9ger, le RZ 65D offre un confort et une s\u00e9curit\u00e9 ultimes aux conducteurs par temps chaud ou lors de longs trajets.<\/strong><\/p>\n<p><strong>Les caract\u00e9ristiques comprennent :  <\/strong><\/p>\n<ul>\n<li>Coque en <strong>m\u00e9lange de carbone \u00e0 large tissage<\/strong> pour une coque tr\u00e8s l\u00e9g\u00e8re<\/li>\n<li><strong>DUAL Chin Curtains<\/strong> Mont\u00e9 sur le haut et le bas de la barre de menton<\/li>\n<li><strong>A\u00e9rodynamisme <\/strong>optimis\u00e9 pour une meilleure stabilit\u00e9 gr\u00e2ce \u00e0 un grand becquet inf\u00e9rieur avant<\/li>\n<li>Le <strong>syst\u00e8me Top Air <\/strong>vous permet d&rsquo;utiliser de l&rsquo;air naturel, de l&rsquo;air forc\u00e9 ou des bouchons d&rsquo;air.<\/li>\n<li>Int\u00e9rieur ultra-doux en <strong>peluche ignifug\u00e9e Performance Fit <\/strong>amovible\/lavable avec mousse de mentonni\u00e8re EPS<\/li>\n<li><strong>Z-20 Series 3mm Clear Shield <\/strong>with tensioning Tear Offs Posts at 12.25 centre posts using Banana Style Tear Offs<\/li>\n<li><strong>Trou\/prise d&rsquo;hydratation<\/strong> en avant et au centre de la barre de menton pour une installation facile. Retirez le bouchon pour installer le kit d&rsquo;hydratation.<\/li>\n<li>Les oreillettes <strong>et les coussinets<\/strong> offrent au conducteur un environnement plus silencieux pour entendre ce que vous avez besoin d&rsquo;entendre. Int\u00e9gration facile de l&rsquo;\u00e9quipement de communication avec l&rsquo;EPS de la joue et la doublure de confort.<\/li>\n<li><strong>Inserts M6<\/strong> pour appuie-t\u00eate et appuie-nuque<\/li>\n<li><strong>Approuv\u00e9 Snell SA2020<\/strong><\/li>\n<li><strong>Poids : environ 1360 g +\/-20 g en taille M<\/strong><\/li>\n<\/ul>\n<p>Comme c&rsquo;est souvent le cas dans le sport automobile, nos tailles varient en fonction du mod\u00e8le de casque. Pour en savoir plus sur la taille de votre casque, <a href=\"https:\/\/zamphelmets.co\/fr\/comment-choisir-la-bonne-taille-de-casque\/\">cliquez ici<\/a>.<\/p>\n<p>La jupe de menton et les d\u00e9flecteurs de respiration peuvent \u00eatre facilement retir\u00e9s. Voir la vid\u00e9o ici pour l&rsquo;installation et le guide pour l&rsquo;enl\u00e8vement :<\/p>\n<p><iframe title=\"How to Install the Fabric Breath Deflector\/Chin Curtain on your Zamp Helmet\" width=\"500\" height=\"281\" data-src=\"https:\/\/www.youtube.com\/embed\/aKc17YTgtSA?start=32&#038;feature=oembed\" frameborder=\"0\" allow=\"accelerometer; autoplay; clipboard-write; encrypted-media; gyroscope; picture-in-picture; web-share\" referrerpolicy=\"strict-origin-when-cross-origin\" allowfullscreen src=\"data:image\/svg+xml;base64,PHN2ZyB3aWR0aD0iMSIgaGVpZ2h0PSIxIiB4bWxucz0iaHR0cDovL3d3dy53My5vcmcvMjAwMC9zdmciPjwvc3ZnPg==\" class=\"lazyload\" data-load-mode=\"1\"><\/iframe><\/p>\n<p><a href=\"https:\/\/zamphelmets.co\/fr\/lhomologation-expliquee\/\"><strong>L&rsquo;homologation expliqu\u00e9e<\/strong> &#8211; d\u00e9couvrez l&rsquo;homologation dont vous avez besoin<\/a><\/p>\n<p><a href=\"https:\/\/zamphelmets.co\/fr\/poteaux-hans-dispositifs-hans-et-fhr\/\"><strong>Dispositif FHR \/ HANS<\/strong> &#8211; quand est-il n\u00e9cessaire ?<\/a><\/p>\n<p>&nbsp;<\/p>\n<p><img decoding=\"async\" class=\"alignnone wp-image-26355 size-full lazyload\" data-src=\"https:\/\/zamphelmets.co\/wp-content\/uploads\/2024\/03\/Zamp-Helmets-sizing-guide-4166-x-4166-px-1.png\" alt=\"\" width=\"500\" height=\"500\" data-srcset=\"https:\/\/zamphelmets.co\/wp-content\/uploads\/2024\/03\/Zamp-Helmets-sizing-guide-4166-x-4166-px-1.png 500w, https:\/\/zamphelmets.co\/wp-content\/uploads\/2024\/03\/Zamp-Helmets-sizing-guide-4166-x-4166-px-1-300x300.png 300w, https:\/\/zamphelmets.co\/wp-content\/uploads\/2024\/03\/Zamp-Helmets-sizing-guide-4166-x-4166-px-1-150x150.png 150w, https:\/\/zamphelmets.co\/wp-content\/uploads\/2024\/03\/Zamp-Helmets-sizing-guide-4166-x-4166-px-1-100x100.png 100w\" data-sizes=\"(max-width: 500px) 100vw, 500px\" src=\"data:image\/svg+xml;base64,PHN2ZyB3aWR0aD0iMSIgaGVpZ2h0PSIxIiB4bWxucz0iaHR0cDovL3d3dy53My5vcmcvMjAwMC9zdmciPjwvc3ZnPg==\" style=\"--smush-placeholder-width: 500px; --smush-placeholder-aspect-ratio: 500\/500;\" \/><\/p>\n<div id=\"product-10089\" class=\"product type-product post-10089 status-publish first instock product_cat-fia product_cat-snell-2020-sa2020 product_cat-zamp has-post-thumbnail taxable shipping-taxable purchasable product-type-variable\">\n<div class=\"woocommerce-tabs wc-tabs-wrapper\">\n<div id=\"tab-description\" class=\"woocommerce-Tabs-panel woocommerce-Tabs-panel--description panel entry-content wc-tab\" role=\"tabpanel\" aria-labelledby=\"tab-title-description\">\n<p><strong>Vous n&rsquo;\u00eates pas s\u00fbr de la taille ? <\/strong><a href=\"https:\/\/form.jotform.com\/251263198513053\">Remplissez notre formulaire de dimensionnement<\/a> et un membre de l&rsquo;\u00e9quipe vous contactera pour vous faire part de nos recommandations.<\/p>\n<\/div>\n<\/div>\n<\/div>\n","protected":false},"excerpt":{"rendered":"<p><strong>Le RZ-65D Black\/Grey de Zamp est un casque en carbone haut de gamme capable de fonctionner avec un grand nombre de configurations de course diff\u00e9rentes. Avec un tissage en carbone \u00e9pais et attrayant, il sera remarqu\u00e9 sur n&rsquo;importe quel circuit dans le monde. Dot\u00e9 de la nouvelle classification Snell SA2020 sur un tissu ultra l\u00e9ger en fibre de carbone, le RZ 65D offre un confort et une s\u00e9curit\u00e9 ultimes aux pilotes par temps chaud ou lors de longs trajets.  <\/strong><\/p>\n","protected":false},"featured_media":11960,"comment_status":"open","ping_status":"closed","template":"","meta":{"_acf_changed":false,"_iconic_wsb_product_page_order_bump_ids":[[]],"_sku":[],"_iconic_wsb_product_page_bump_modal_ids":[[]]},"product_brand":[],"product_cat":[142,147,145,143,141],"product_tag":[],"class_list":{"0":"post-24273","1":"product","2":"type-product","3":"status-publish","4":"has-post-thumbnail","6":"product_cat-casques-zamp","7":"product_cat-prime","8":"product_cat-snell-fr","9":"product_cat-snell-2020-sa2020-fr","10":"product_cat-zamp-fr","12":"first","13":"outofstock","14":"taxable","15":"shipping-taxable","16":"product-type-variable"},"acf":[],"yoast_head":"<!-- This site is optimized with the Yoast SEO plugin v27.0 - https:\/\/yoast.com\/product\/yoast-seo-wordpress\/ -->\n<title>RZ 65D Noir\/Gris \u20ac585.83 - Zamp Helmets | Helmet 28 EU SA2020<\/title>\n<meta name=\"description\" content=\"Graphique attrayant en carbone noir\/gris RZ 65D sur un carbone \u00e9pais. Ultra l\u00e9ger et complet avec l&#039;homologation Snell 2020.\" \/>\n<meta name=\"robots\" content=\"index, follow, max-snippet:-1, max-image-preview:large, max-video-preview:-1\" \/>\n<link rel=\"canonical\" href=\"https:\/\/zamphelmets.co\/fr\/produit\/rz-65d-noir-gris\/\" \/>\n<meta property=\"og:locale\" content=\"fr_FR\" \/>\n<meta property=\"og:type\" content=\"article\" \/>\n<meta property=\"og:title\" content=\"RZ 65D Noir\/Gris \u20ac585.83 - Zamp Helmets | Helmet 28 EU SA2020\" \/>\n<meta property=\"og:description\" content=\"Graphique attrayant en carbone noir\/gris RZ 65D sur un carbone \u00e9pais. Ultra l\u00e9ger et complet avec l&#039;homologation Snell 2020.\" \/>\n<meta property=\"og:url\" content=\"https:\/\/zamphelmets.co\/fr\/produit\/rz-65d-noir-gris\/\" \/>\n<meta property=\"og:site_name\" content=\"Zamp Helmets | Helmet 28 EU\" \/>\n<meta property=\"article:modified_time\" content=\"2026-04-12T11:20:18+00:00\" \/>\n<meta property=\"og:image\" content=\"https:\/\/zamphelmets.co\/wp-content\/uploads\/2020\/08\/7zn6VhGpRjybL0aL5KoV_H775C15.jpg\" \/>\n\t<meta property=\"og:image:width\" content=\"1500\" \/>\n\t<meta property=\"og:image:height\" content=\"1500\" \/>\n\t<meta property=\"og:image:type\" content=\"image\/jpeg\" \/>\n<meta name=\"twitter:card\" content=\"summary_large_image\" \/>\n<meta name=\"twitter:label1\" content=\"Est. reading time\" \/>\n\t<meta name=\"twitter:data1\" content=\"2 minutes\" \/>\n<script type=\"application\/ld+json\" class=\"yoast-schema-graph\">{\"@context\":\"https:\/\/schema.org\",\"@graph\":[{\"@type\":\"WebPage\",\"@id\":\"https:\/\/zamphelmets.co\/fr\/produit\/rz-65d-noir-gris\/\",\"url\":\"https:\/\/zamphelmets.co\/fr\/produit\/rz-65d-noir-gris\/\",\"name\":\"RZ 65D Noir\/Gris \u20ac585.83 - Zamp Helmets | Helmet 28 EU SA2020\",\"isPartOf\":{\"@id\":\"https:\/\/zamphelmets.co\/fr\/#website\"},\"primaryImageOfPage\":{\"@id\":\"https:\/\/zamphelmets.co\/fr\/produit\/rz-65d-noir-gris\/#primaryimage\"},\"image\":{\"@id\":\"https:\/\/zamphelmets.co\/fr\/produit\/rz-65d-noir-gris\/#primaryimage\"},\"thumbnailUrl\":\"https:\/\/zamphelmets.co\/wp-content\/uploads\/2020\/08\/7zn6VhGpRjybL0aL5KoV_H775C15.jpg\",\"datePublished\":\"2020-08-07T11:58:44+00:00\",\"dateModified\":\"2026-04-12T11:20:18+00:00\",\"description\":\"Graphique attrayant en carbone noir\/gris RZ 65D sur un carbone \u00e9pais. Ultra l\u00e9ger et complet avec l'homologation Snell 2020.\",\"breadcrumb\":{\"@id\":\"https:\/\/zamphelmets.co\/fr\/produit\/rz-65d-noir-gris\/#breadcrumb\"},\"inLanguage\":\"fr-FR\",\"potentialAction\":[{\"@type\":\"ReadAction\",\"target\":[\"https:\/\/zamphelmets.co\/fr\/produit\/rz-65d-noir-gris\/\"]}]},{\"@type\":\"ImageObject\",\"inLanguage\":\"fr-FR\",\"@id\":\"https:\/\/zamphelmets.co\/fr\/produit\/rz-65d-noir-gris\/#primaryimage\",\"url\":\"https:\/\/zamphelmets.co\/wp-content\/uploads\/2020\/08\/7zn6VhGpRjybL0aL5KoV_H775C15.jpg\",\"contentUrl\":\"https:\/\/zamphelmets.co\/wp-content\/uploads\/2020\/08\/7zn6VhGpRjybL0aL5KoV_H775C15.jpg\",\"width\":1500,\"height\":1500,\"caption\":\"Casque de course RZ 65D noir\/gris en carbone de Zamp Helmets\"},{\"@type\":\"BreadcrumbList\",\"@id\":\"https:\/\/zamphelmets.co\/fr\/produit\/rz-65d-noir-gris\/#breadcrumb\",\"itemListElement\":[{\"@type\":\"ListItem\",\"position\":1,\"name\":\"Boutique\",\"item\":\"https:\/\/zamphelmets.co\/fr\/boutique\/\"},{\"@type\":\"ListItem\",\"position\":2,\"name\":\"RZ 65D Noir\/Gris\"}]},{\"@type\":\"WebSite\",\"@id\":\"https:\/\/zamphelmets.co\/fr\/#website\",\"url\":\"https:\/\/zamphelmets.co\/fr\/\",\"name\":\"Zamp Helmets | Helmet 28 EU\",\"description\":\"High Quality Motorsport Helmets\",\"potentialAction\":[{\"@type\":\"SearchAction\",\"target\":{\"@type\":\"EntryPoint\",\"urlTemplate\":\"https:\/\/zamphelmets.co\/fr\/?s={search_term_string}\"},\"query-input\":{\"@type\":\"PropertyValueSpecification\",\"valueRequired\":true,\"valueName\":\"search_term_string\"}}],\"inLanguage\":\"fr-FR\"}]}<\/script>\n<!-- \/ Yoast SEO plugin. -->","yoast_head_json":{"title":"RZ 65D Noir\/Gris \u20ac585.83 - Zamp Helmets | Helmet 28 EU SA2020","description":"Graphique attrayant en carbone noir\/gris RZ 65D sur un carbone \u00e9pais. Ultra l\u00e9ger et complet avec l'homologation Snell 2020.","robots":{"index":"index","follow":"follow","max-snippet":"max-snippet:-1","max-image-preview":"max-image-preview:large","max-video-preview":"max-video-preview:-1"},"canonical":"https:\/\/zamphelmets.co\/fr\/produit\/rz-65d-noir-gris\/","og_locale":"fr_FR","og_type":"article","og_title":"RZ 65D Noir\/Gris \u20ac585.83 - Zamp Helmets | Helmet 28 EU SA2020","og_description":"Graphique attrayant en carbone noir\/gris RZ 65D sur un carbone \u00e9pais. Ultra l\u00e9ger et complet avec l'homologation Snell 2020.","og_url":"https:\/\/zamphelmets.co\/fr\/produit\/rz-65d-noir-gris\/","og_site_name":"Zamp Helmets | Helmet 28 EU","article_modified_time":"2026-04-12T11:20:18+00:00","og_image":[{"width":1500,"height":1500,"url":"https:\/\/zamphelmets.co\/wp-content\/uploads\/2020\/08\/7zn6VhGpRjybL0aL5KoV_H775C15.jpg","type":"image\/jpeg"}],"twitter_card":"summary_large_image","twitter_misc":{"Est. reading time":"2 minutes"},"schema":{"@context":"https:\/\/schema.org","@graph":[{"@type":"WebPage","@id":"https:\/\/zamphelmets.co\/fr\/produit\/rz-65d-noir-gris\/","url":"https:\/\/zamphelmets.co\/fr\/produit\/rz-65d-noir-gris\/","name":"RZ 65D Noir\/Gris \u20ac585.83 - Zamp Helmets | Helmet 28 EU SA2020","isPartOf":{"@id":"https:\/\/zamphelmets.co\/fr\/#website"},"primaryImageOfPage":{"@id":"https:\/\/zamphelmets.co\/fr\/produit\/rz-65d-noir-gris\/#primaryimage"},"image":{"@id":"https:\/\/zamphelmets.co\/fr\/produit\/rz-65d-noir-gris\/#primaryimage"},"thumbnailUrl":"https:\/\/zamphelmets.co\/wp-content\/uploads\/2020\/08\/7zn6VhGpRjybL0aL5KoV_H775C15.jpg","datePublished":"2020-08-07T11:58:44+00:00","dateModified":"2026-04-12T11:20:18+00:00","description":"Graphique attrayant en carbone noir\/gris RZ 65D sur un carbone \u00e9pais. Ultra l\u00e9ger et complet avec l'homologation Snell 2020.","breadcrumb":{"@id":"https:\/\/zamphelmets.co\/fr\/produit\/rz-65d-noir-gris\/#breadcrumb"},"inLanguage":"fr-FR","potentialAction":[{"@type":"ReadAction","target":["https:\/\/zamphelmets.co\/fr\/produit\/rz-65d-noir-gris\/"]}]},{"@type":"ImageObject","inLanguage":"fr-FR","@id":"https:\/\/zamphelmets.co\/fr\/produit\/rz-65d-noir-gris\/#primaryimage","url":"https:\/\/zamphelmets.co\/wp-content\/uploads\/2020\/08\/7zn6VhGpRjybL0aL5KoV_H775C15.jpg","contentUrl":"https:\/\/zamphelmets.co\/wp-content\/uploads\/2020\/08\/7zn6VhGpRjybL0aL5KoV_H775C15.jpg","width":1500,"height":1500,"caption":"Casque de course RZ 65D noir\/gris en carbone de Zamp Helmets"},{"@type":"BreadcrumbList","@id":"https:\/\/zamphelmets.co\/fr\/produit\/rz-65d-noir-gris\/#breadcrumb","itemListElement":[{"@type":"ListItem","position":1,"name":"Boutique","item":"https:\/\/zamphelmets.co\/fr\/boutique\/"},{"@type":"ListItem","position":2,"name":"RZ 65D Noir\/Gris"}]},{"@type":"WebSite","@id":"https:\/\/zamphelmets.co\/fr\/#website","url":"https:\/\/zamphelmets.co\/fr\/","name":"Zamp Helmets | Helmet 28 EU","description":"High Quality Motorsport Helmets","potentialAction":[{"@type":"SearchAction","target":{"@type":"EntryPoint","urlTemplate":"https:\/\/zamphelmets.co\/fr\/?s={search_term_string}"},"query-input":{"@type":"PropertyValueSpecification","valueRequired":true,"valueName":"search_term_string"}}],"inLanguage":"fr-FR"}]}},"_links":{"self":[{"href":"https:\/\/zamphelmets.co\/fr\/wp-json\/wp\/v2\/product\/24273","targetHints":{"allow":["GET"]}}],"collection":[{"href":"https:\/\/zamphelmets.co\/fr\/wp-json\/wp\/v2\/product"}],"about":[{"href":"https:\/\/zamphelmets.co\/fr\/wp-json\/wp\/v2\/types\/product"}],"replies":[{"embeddable":true,"href":"https:\/\/zamphelmets.co\/fr\/wp-json\/wp\/v2\/comments?post=24273"}],"wp:featuredmedia":[{"embeddable":true,"href":"https:\/\/zamphelmets.co\/fr\/wp-json\/wp\/v2\/media\/11960"}],"wp:attachment":[{"href":"https:\/\/zamphelmets.co\/fr\/wp-json\/wp\/v2\/media?parent=24273"}],"wp:term":[{"taxonomy":"product_brand","embeddable":true,"href":"https:\/\/zamphelmets.co\/fr\/wp-json\/wp\/v2\/product_brand?post=24273"},{"taxonomy":"product_cat","embeddable":true,"href":"https:\/\/zamphelmets.co\/fr\/wp-json\/wp\/v2\/product_cat?post=24273"},{"taxonomy":"product_tag","embeddable":true,"href":"https:\/\/zamphelmets.co\/fr\/wp-json\/wp\/v2\/product_tag?post=24273"}],"curies":[{"name":"wp","href":"https:\/\/api.w.org\/{rel}","templated":true}]}}