{"id":24270,"date":"2022-02-19T16:47:17","date_gmt":"2022-02-19T16:47:17","guid":{"rendered":"https:\/\/zamphelmets.co\/product\/aileron-arriere\/"},"modified":"2026-04-05T20:57:32","modified_gmt":"2026-04-05T20:57:32","slug":"aileron-arriere","status":"publish","type":"product","link":"https:\/\/zamphelmets.co\/fr\/produit\/aileron-arriere\/","title":{"rendered":"Aileron arri\u00e8re"},"content":{"rendered":"<p>L&rsquo;excellente conception de cet aileron arri\u00e8re en fait un excellent choix pour tout pilote de Zamp cherchant \u00e0 r\u00e9duire les mouvements et la tra\u00een\u00e9e lors des courses en cockpit ouvert. Facile \u00e0 monter et id\u00e9al pour le karting, cet aileron arri\u00e8re peut \u00eatre mont\u00e9 sur les casques suivants :<\/p>\n<ul>\n<li>RZ 44CE \/ RZ 44CE Graphique<\/li>\n<li>RZ 70E<\/li>\n<li>RZ 42 Jeunes<\/li>\n<li>RZ 65D \/ RZ 65D Gris\/Noir<\/li>\n<li>RZ 62<\/li>\n<\/ul>\n<p><iframe title=\"Lecteur vid\u00e9o YouTube\" data-src=\"https:\/\/www.youtube.com\/embed\/O3_PtsyDxTA\" width=\"560\" height=\"315\" frameborder=\"0\" allowfullscreen=\"allowfullscreen\" src=\"data:image\/svg+xml;base64,PHN2ZyB3aWR0aD0iMSIgaGVpZ2h0PSIxIiB4bWxucz0iaHR0cDovL3d3dy53My5vcmcvMjAwMC9zdmciPjwvc3ZnPg==\" class=\"lazyload\" data-load-mode=\"1\"><\/iframe><\/p>\n","protected":false},"excerpt":{"rendered":"<p>L&rsquo;excellente conception de cet aileron arri\u00e8re en fait un excellent choix pour tout pilote de Zamp cherchant \u00e0 r\u00e9duire les mouvements et la tra\u00een\u00e9e lors des courses en cockpit ouvert. Facile \u00e0 monter et id\u00e9al pour le karting, cet aileron arri\u00e8re peut \u00eatre mont\u00e9 sur les casques suivants : RZ 44CE \/ RZ 44CE Graphique [&hellip;]<\/p>\n","protected":false},"featured_media":12373,"comment_status":"open","ping_status":"closed","template":"","meta":{"_acf_changed":false,"_iconic_wsb_product_page_order_bump_ids":[],"_sku":["HSZ220CL"],"_iconic_wsb_product_page_bump_modal_ids":[]},"product_brand":[],"product_cat":[170,171,141],"product_tag":[],"class_list":{"0":"post-24270","1":"product","2":"type-product","3":"status-publish","4":"has-post-thumbnail","6":"product_cat-accessoires-fr","7":"product_cat-accessoires-pour-casques","8":"product_cat-zamp-fr","10":"first","11":"instock","12":"taxable","13":"shipping-taxable","14":"purchasable","15":"product-type-simple"},"acf":[],"yoast_head":"<!-- This site is optimized with the Yoast SEO plugin v27.0 - https:\/\/yoast.com\/product\/yoast-seo-wordpress\/ -->\n<title>Aileron arri\u00e8re for Racing Helmets - Zamp Helmets | Helmet 28 EU<\/title>\n<meta name=\"description\" content=\"L&#039;excellente conception de cet aileron arri\u00e8re en fait un excellent choix pour tout pilote de Zamp cherchant \u00e0 r\u00e9duire les mouvements et la tra\u00een\u00e9e lors des courses en cockpit ouvert.\" \/>\n<meta name=\"robots\" content=\"index, follow, max-snippet:-1, max-image-preview:large, max-video-preview:-1\" \/>\n<link rel=\"canonical\" href=\"https:\/\/zamphelmets.co\/fr\/produit\/aileron-arriere\/\" \/>\n<meta property=\"og:locale\" content=\"fr_FR\" \/>\n<meta property=\"og:type\" content=\"article\" \/>\n<meta property=\"og:title\" content=\"Aileron arri\u00e8re for Racing Helmets - Zamp Helmets | Helmet 28 EU\" \/>\n<meta property=\"og:description\" content=\"L&#039;excellente conception de cet aileron arri\u00e8re en fait un excellent choix pour tout pilote de Zamp cherchant \u00e0 r\u00e9duire les mouvements et la tra\u00een\u00e9e lors des courses en cockpit ouvert.\" \/>\n<meta property=\"og:url\" content=\"https:\/\/zamphelmets.co\/fr\/produit\/aileron-arriere\/\" \/>\n<meta property=\"og:site_name\" content=\"Zamp Helmets | Helmet 28 EU\" \/>\n<meta property=\"article:modified_time\" content=\"2026-04-05T20:57:32+00:00\" \/>\n<meta property=\"og:image\" content=\"https:\/\/zamphelmets.co\/wp-content\/uploads\/2020\/08\/TgkrcRJTRCWO4eEYEJCV_HSZ220CL_66ab241d-f25e-4db8-b1be-8c3ab6129275.jpg\" \/>\n\t<meta property=\"og:image:width\" content=\"1000\" \/>\n\t<meta property=\"og:image:height\" content=\"1000\" \/>\n\t<meta property=\"og:image:type\" content=\"image\/jpeg\" \/>\n<meta name=\"twitter:card\" content=\"summary_large_image\" \/>\n<script type=\"application\/ld+json\" class=\"yoast-schema-graph\">{\"@context\":\"https:\/\/schema.org\",\"@graph\":[{\"@type\":\"WebPage\",\"@id\":\"https:\/\/zamphelmets.co\/fr\/produit\/aileron-arriere\/\",\"url\":\"https:\/\/zamphelmets.co\/fr\/produit\/aileron-arriere\/\",\"name\":\"Aileron arri\u00e8re for Racing Helmets - Zamp Helmets | Helmet 28 EU\",\"isPartOf\":{\"@id\":\"https:\/\/zamphelmets.co\/fr\/#website\"},\"primaryImageOfPage\":{\"@id\":\"https:\/\/zamphelmets.co\/fr\/produit\/aileron-arriere\/#primaryimage\"},\"image\":{\"@id\":\"https:\/\/zamphelmets.co\/fr\/produit\/aileron-arriere\/#primaryimage\"},\"thumbnailUrl\":\"https:\/\/zamphelmets.co\/wp-content\/uploads\/2020\/08\/TgkrcRJTRCWO4eEYEJCV_HSZ220CL_66ab241d-f25e-4db8-b1be-8c3ab6129275.jpg\",\"datePublished\":\"2022-02-19T16:47:17+00:00\",\"dateModified\":\"2026-04-05T20:57:32+00:00\",\"description\":\"L'excellente conception de cet aileron arri\u00e8re en fait un excellent choix pour tout pilote de Zamp cherchant \u00e0 r\u00e9duire les mouvements et la tra\u00een\u00e9e lors des courses en cockpit ouvert.\",\"breadcrumb\":{\"@id\":\"https:\/\/zamphelmets.co\/fr\/produit\/aileron-arriere\/#breadcrumb\"},\"inLanguage\":\"fr-FR\",\"potentialAction\":[{\"@type\":\"ReadAction\",\"target\":[\"https:\/\/zamphelmets.co\/fr\/produit\/aileron-arriere\/\"]}]},{\"@type\":\"ImageObject\",\"inLanguage\":\"fr-FR\",\"@id\":\"https:\/\/zamphelmets.co\/fr\/produit\/aileron-arriere\/#primaryimage\",\"url\":\"https:\/\/zamphelmets.co\/wp-content\/uploads\/2020\/08\/TgkrcRJTRCWO4eEYEJCV_HSZ220CL_66ab241d-f25e-4db8-b1be-8c3ab6129275.jpg\",\"contentUrl\":\"https:\/\/zamphelmets.co\/wp-content\/uploads\/2020\/08\/TgkrcRJTRCWO4eEYEJCV_HSZ220CL_66ab241d-f25e-4db8-b1be-8c3ab6129275.jpg\",\"width\":1000,\"height\":1000,\"caption\":\"Zamp Helmets Rear Spoiler for racing (Aileron arri\u00e8re pour casque de course)\"},{\"@type\":\"BreadcrumbList\",\"@id\":\"https:\/\/zamphelmets.co\/fr\/produit\/aileron-arriere\/#breadcrumb\",\"itemListElement\":[{\"@type\":\"ListItem\",\"position\":1,\"name\":\"Boutique\",\"item\":\"https:\/\/zamphelmets.co\/fr\/boutique\/\"},{\"@type\":\"ListItem\",\"position\":2,\"name\":\"Aileron arri\u00e8re\"}]},{\"@type\":\"WebSite\",\"@id\":\"https:\/\/zamphelmets.co\/fr\/#website\",\"url\":\"https:\/\/zamphelmets.co\/fr\/\",\"name\":\"Zamp Helmets | Helmet 28 EU\",\"description\":\"High Quality Motorsport Helmets\",\"potentialAction\":[{\"@type\":\"SearchAction\",\"target\":{\"@type\":\"EntryPoint\",\"urlTemplate\":\"https:\/\/zamphelmets.co\/fr\/?s={search_term_string}\"},\"query-input\":{\"@type\":\"PropertyValueSpecification\",\"valueRequired\":true,\"valueName\":\"search_term_string\"}}],\"inLanguage\":\"fr-FR\"}]}<\/script>\n<!-- \/ Yoast SEO plugin. -->","yoast_head_json":{"title":"Aileron arri\u00e8re for Racing Helmets - Zamp Helmets | Helmet 28 EU","description":"L'excellente conception de cet aileron arri\u00e8re en fait un excellent choix pour tout pilote de Zamp cherchant \u00e0 r\u00e9duire les mouvements et la tra\u00een\u00e9e lors des courses en cockpit ouvert.","robots":{"index":"index","follow":"follow","max-snippet":"max-snippet:-1","max-image-preview":"max-image-preview:large","max-video-preview":"max-video-preview:-1"},"canonical":"https:\/\/zamphelmets.co\/fr\/produit\/aileron-arriere\/","og_locale":"fr_FR","og_type":"article","og_title":"Aileron arri\u00e8re for Racing Helmets - Zamp Helmets | Helmet 28 EU","og_description":"L'excellente conception de cet aileron arri\u00e8re en fait un excellent choix pour tout pilote de Zamp cherchant \u00e0 r\u00e9duire les mouvements et la tra\u00een\u00e9e lors des courses en cockpit ouvert.","og_url":"https:\/\/zamphelmets.co\/fr\/produit\/aileron-arriere\/","og_site_name":"Zamp Helmets | Helmet 28 EU","article_modified_time":"2026-04-05T20:57:32+00:00","og_image":[{"width":1000,"height":1000,"url":"https:\/\/zamphelmets.co\/wp-content\/uploads\/2020\/08\/TgkrcRJTRCWO4eEYEJCV_HSZ220CL_66ab241d-f25e-4db8-b1be-8c3ab6129275.jpg","type":"image\/jpeg"}],"twitter_card":"summary_large_image","schema":{"@context":"https:\/\/schema.org","@graph":[{"@type":"WebPage","@id":"https:\/\/zamphelmets.co\/fr\/produit\/aileron-arriere\/","url":"https:\/\/zamphelmets.co\/fr\/produit\/aileron-arriere\/","name":"Aileron arri\u00e8re for Racing Helmets - Zamp Helmets | Helmet 28 EU","isPartOf":{"@id":"https:\/\/zamphelmets.co\/fr\/#website"},"primaryImageOfPage":{"@id":"https:\/\/zamphelmets.co\/fr\/produit\/aileron-arriere\/#primaryimage"},"image":{"@id":"https:\/\/zamphelmets.co\/fr\/produit\/aileron-arriere\/#primaryimage"},"thumbnailUrl":"https:\/\/zamphelmets.co\/wp-content\/uploads\/2020\/08\/TgkrcRJTRCWO4eEYEJCV_HSZ220CL_66ab241d-f25e-4db8-b1be-8c3ab6129275.jpg","datePublished":"2022-02-19T16:47:17+00:00","dateModified":"2026-04-05T20:57:32+00:00","description":"L'excellente conception de cet aileron arri\u00e8re en fait un excellent choix pour tout pilote de Zamp cherchant \u00e0 r\u00e9duire les mouvements et la tra\u00een\u00e9e lors des courses en cockpit ouvert.","breadcrumb":{"@id":"https:\/\/zamphelmets.co\/fr\/produit\/aileron-arriere\/#breadcrumb"},"inLanguage":"fr-FR","potentialAction":[{"@type":"ReadAction","target":["https:\/\/zamphelmets.co\/fr\/produit\/aileron-arriere\/"]}]},{"@type":"ImageObject","inLanguage":"fr-FR","@id":"https:\/\/zamphelmets.co\/fr\/produit\/aileron-arriere\/#primaryimage","url":"https:\/\/zamphelmets.co\/wp-content\/uploads\/2020\/08\/TgkrcRJTRCWO4eEYEJCV_HSZ220CL_66ab241d-f25e-4db8-b1be-8c3ab6129275.jpg","contentUrl":"https:\/\/zamphelmets.co\/wp-content\/uploads\/2020\/08\/TgkrcRJTRCWO4eEYEJCV_HSZ220CL_66ab241d-f25e-4db8-b1be-8c3ab6129275.jpg","width":1000,"height":1000,"caption":"Zamp Helmets Rear Spoiler for racing (Aileron arri\u00e8re pour casque de course)"},{"@type":"BreadcrumbList","@id":"https:\/\/zamphelmets.co\/fr\/produit\/aileron-arriere\/#breadcrumb","itemListElement":[{"@type":"ListItem","position":1,"name":"Boutique","item":"https:\/\/zamphelmets.co\/fr\/boutique\/"},{"@type":"ListItem","position":2,"name":"Aileron arri\u00e8re"}]},{"@type":"WebSite","@id":"https:\/\/zamphelmets.co\/fr\/#website","url":"https:\/\/zamphelmets.co\/fr\/","name":"Zamp Helmets | Helmet 28 EU","description":"High Quality Motorsport Helmets","potentialAction":[{"@type":"SearchAction","target":{"@type":"EntryPoint","urlTemplate":"https:\/\/zamphelmets.co\/fr\/?s={search_term_string}"},"query-input":{"@type":"PropertyValueSpecification","valueRequired":true,"valueName":"search_term_string"}}],"inLanguage":"fr-FR"}]}},"_links":{"self":[{"href":"https:\/\/zamphelmets.co\/fr\/wp-json\/wp\/v2\/product\/24270","targetHints":{"allow":["GET"]}}],"collection":[{"href":"https:\/\/zamphelmets.co\/fr\/wp-json\/wp\/v2\/product"}],"about":[{"href":"https:\/\/zamphelmets.co\/fr\/wp-json\/wp\/v2\/types\/product"}],"replies":[{"embeddable":true,"href":"https:\/\/zamphelmets.co\/fr\/wp-json\/wp\/v2\/comments?post=24270"}],"wp:featuredmedia":[{"embeddable":true,"href":"https:\/\/zamphelmets.co\/fr\/wp-json\/wp\/v2\/media\/12373"}],"wp:attachment":[{"href":"https:\/\/zamphelmets.co\/fr\/wp-json\/wp\/v2\/media?parent=24270"}],"wp:term":[{"taxonomy":"product_brand","embeddable":true,"href":"https:\/\/zamphelmets.co\/fr\/wp-json\/wp\/v2\/product_brand?post=24270"},{"taxonomy":"product_cat","embeddable":true,"href":"https:\/\/zamphelmets.co\/fr\/wp-json\/wp\/v2\/product_cat?post=24270"},{"taxonomy":"product_tag","embeddable":true,"href":"https:\/\/zamphelmets.co\/fr\/wp-json\/wp\/v2\/product_tag?post=24270"}],"curies":[{"name":"wp","href":"https:\/\/api.w.org\/{rel}","templated":true}]}}