{"id":24211,"date":"2022-02-16T10:58:03","date_gmt":"2022-02-16T10:58:03","guid":{"rendered":"https:\/\/zamphelmets.co\/product\/zamp-ear-cup-avec-haut-parleurs\/"},"modified":"2026-02-16T15:59:36","modified_gmt":"2026-02-16T15:59:36","slug":"zamp-ear-cup-avec-haut-parleurs","status":"publish","type":"product","link":"https:\/\/zamphelmets.co\/fr\/produit\/zamp-ear-cup-avec-haut-parleurs\/","title":{"rendered":"Zamp Ear Cup avec haut-parleurs"},"content":{"rendered":"<p><small>Les oreillettes avec haut-parleurs de Zamp vous permettent d&rsquo;\u00e9tablir une communication unidirectionnelle ou bidirectionnelle dans votre casque pr\u00e9f\u00e9r\u00e9. Faciles \u00e0 installer et \u00e0 configurer, ces oreillettes avec haut-parleurs se fixent \u00e0 l&rsquo;int\u00e9rieur du casque pour une installation et une utilisation ais\u00e9es.<\/small><\/p>\n<ul>\n<li>Haut-parleur de haute qualit\u00e9 de 28 mm de diam\u00e8tre<\/li>\n<li>La prise st\u00e9r\u00e9o de 3,5 mm fonctionne pour les r\u00e9cepteurs unidirectionnels ou les syst\u00e8mes de communication bidirectionnels.<\/li>\n<li>Pochettes en velcro install\u00e9es dans les oreillettes pour faciliter l&rsquo;installation dans le casque<\/li>\n<li>Leur faible encombrement permet de les monter \u00e0 l&rsquo;int\u00e9rieur des oreillettes.<\/li>\n<\/ul>\n<p><small>Nos enceintes sont con\u00e7ues pour utiliser un minimum de c\u00e2blage et permettre une installation propre et facile. 10 pouces de fil d&rsquo;un haut-parleur \u00e0 l&rsquo;autre<\/small><\/p>\n<p>Compatible avec : <strong>RZ 44CE \/ RZ 70E \/ RL 70E \/ RZ 65D \/ RZ 62<\/strong><\/p>\n<p><iframe title=\"Lecteur vid\u00e9o YouTube\" data-src=\"https:\/\/www.youtube.com\/embed\/cknXzIY0meI\" width=\"560\" height=\"315\" frameborder=\"0\" allowfullscreen=\"allowfullscreen\" src=\"data:image\/svg+xml;base64,PHN2ZyB3aWR0aD0iMSIgaGVpZ2h0PSIxIiB4bWxucz0iaHR0cDovL3d3dy53My5vcmcvMjAwMC9zdmciPjwvc3ZnPg==\" class=\"lazyload\" data-load-mode=\"1\"><\/iframe><\/p>\n","protected":false},"excerpt":{"rendered":"<p>Les oreillettes avec haut-parleurs de Zamp vous permettent d&rsquo;\u00e9tablir une communication unidirectionnelle ou bidirectionnelle dans votre casque pr\u00e9f\u00e9r\u00e9. Faciles \u00e0 installer et \u00e0 configurer, ces oreillettes avec haut-parleurs se fixent \u00e0 l&rsquo;int\u00e9rieur du casque pour une installation et une utilisation ais\u00e9es. Haut-parleur de haute qualit\u00e9 de 28 mm de diam\u00e8tre La prise st\u00e9r\u00e9o de 3,5 [&hellip;]<\/p>\n","protected":false},"featured_media":13815,"comment_status":"open","ping_status":"closed","template":"","meta":{"_acf_changed":false,"_iconic_wsb_product_page_order_bump_ids":[],"_sku":["KITEAR003COM"],"_iconic_wsb_product_page_bump_modal_ids":[]},"product_brand":[],"product_cat":[170,171,223,141],"product_tag":[],"class_list":{"0":"post-24211","1":"product","2":"type-product","3":"status-publish","4":"has-post-thumbnail","6":"product_cat-accessoires-fr","7":"product_cat-accessoires-pour-casques","8":"product_cat-autre","9":"product_cat-zamp-fr","11":"first","12":"instock","13":"taxable","14":"shipping-taxable","15":"purchasable","16":"product-type-simple"},"acf":[],"yoast_head":"<!-- This site is optimized with the Yoast SEO plugin v27.0 - https:\/\/yoast.com\/product\/yoast-seo-wordpress\/ -->\n<title>Zamp Ear Cup avec haut-parleurs installation facile - Zamp Helmets | Helmet 28 EU<\/title>\n<meta name=\"description\" content=\"Les oreillettes Zamp avec haut-parleurs facilitent l&#039;installation d&#039;une communication unidirectionnelle ou bidirectionnelle dans votre casque Zamp pr\u00e9f\u00e9r\u00e9.\" \/>\n<meta name=\"robots\" content=\"index, follow, max-snippet:-1, max-image-preview:large, max-video-preview:-1\" \/>\n<link rel=\"canonical\" href=\"https:\/\/zamphelmets.co\/fr\/produit\/zamp-ear-cup-avec-haut-parleurs\/\" \/>\n<meta property=\"og:locale\" content=\"fr_FR\" \/>\n<meta property=\"og:type\" content=\"article\" \/>\n<meta property=\"og:title\" content=\"Zamp Ear Cup avec haut-parleurs installation facile - Zamp Helmets | Helmet 28 EU\" \/>\n<meta property=\"og:description\" content=\"Les oreillettes Zamp avec haut-parleurs facilitent l&#039;installation d&#039;une communication unidirectionnelle ou bidirectionnelle dans votre casque Zamp pr\u00e9f\u00e9r\u00e9.\" \/>\n<meta property=\"og:url\" content=\"https:\/\/zamphelmets.co\/fr\/produit\/zamp-ear-cup-avec-haut-parleurs\/\" \/>\n<meta property=\"og:site_name\" content=\"Zamp Helmets | Helmet 28 EU\" \/>\n<meta property=\"article:modified_time\" content=\"2026-02-16T15:59:36+00:00\" \/>\n<meta property=\"og:image\" content=\"https:\/\/zamphelmets.co\/wp-content\/uploads\/2021\/02\/KITEAR003COM.jpg\" \/>\n\t<meta property=\"og:image:width\" content=\"1000\" \/>\n\t<meta property=\"og:image:height\" content=\"1000\" \/>\n\t<meta property=\"og:image:type\" content=\"image\/jpeg\" \/>\n<meta name=\"twitter:card\" content=\"summary_large_image\" \/>\n<meta name=\"twitter:label1\" content=\"Est. reading time\" \/>\n\t<meta name=\"twitter:data1\" content=\"1 minute\" \/>\n<script type=\"application\/ld+json\" class=\"yoast-schema-graph\">{\"@context\":\"https:\/\/schema.org\",\"@graph\":[{\"@type\":\"WebPage\",\"@id\":\"https:\/\/zamphelmets.co\/fr\/produit\/zamp-ear-cup-avec-haut-parleurs\/\",\"url\":\"https:\/\/zamphelmets.co\/fr\/produit\/zamp-ear-cup-avec-haut-parleurs\/\",\"name\":\"Zamp Ear Cup avec haut-parleurs installation facile - Zamp Helmets | Helmet 28 EU\",\"isPartOf\":{\"@id\":\"https:\/\/zamphelmets.co\/fr\/#website\"},\"primaryImageOfPage\":{\"@id\":\"https:\/\/zamphelmets.co\/fr\/produit\/zamp-ear-cup-avec-haut-parleurs\/#primaryimage\"},\"image\":{\"@id\":\"https:\/\/zamphelmets.co\/fr\/produit\/zamp-ear-cup-avec-haut-parleurs\/#primaryimage\"},\"thumbnailUrl\":\"https:\/\/zamphelmets.co\/wp-content\/uploads\/2021\/02\/KITEAR003COM.jpg\",\"datePublished\":\"2022-02-16T10:58:03+00:00\",\"dateModified\":\"2026-02-16T15:59:36+00:00\",\"description\":\"Les oreillettes Zamp avec haut-parleurs facilitent l'installation d'une communication unidirectionnelle ou bidirectionnelle dans votre casque Zamp pr\u00e9f\u00e9r\u00e9.\",\"breadcrumb\":{\"@id\":\"https:\/\/zamphelmets.co\/fr\/produit\/zamp-ear-cup-avec-haut-parleurs\/#breadcrumb\"},\"inLanguage\":\"fr-FR\",\"potentialAction\":[{\"@type\":\"ReadAction\",\"target\":[\"https:\/\/zamphelmets.co\/fr\/produit\/zamp-ear-cup-avec-haut-parleurs\/\"]}]},{\"@type\":\"ImageObject\",\"inLanguage\":\"fr-FR\",\"@id\":\"https:\/\/zamphelmets.co\/fr\/produit\/zamp-ear-cup-avec-haut-parleurs\/#primaryimage\",\"url\":\"https:\/\/zamphelmets.co\/wp-content\/uploads\/2021\/02\/KITEAR003COM.jpg\",\"contentUrl\":\"https:\/\/zamphelmets.co\/wp-content\/uploads\/2021\/02\/KITEAR003COM.jpg\",\"width\":1000,\"height\":1000,\"caption\":\"Zamp Helmets Ear Cups with Speakers (bonnets d'oreilles avec haut-parleurs)\"},{\"@type\":\"BreadcrumbList\",\"@id\":\"https:\/\/zamphelmets.co\/fr\/produit\/zamp-ear-cup-avec-haut-parleurs\/#breadcrumb\",\"itemListElement\":[{\"@type\":\"ListItem\",\"position\":1,\"name\":\"Boutique\",\"item\":\"https:\/\/zamphelmets.co\/fr\/boutique\/\"},{\"@type\":\"ListItem\",\"position\":2,\"name\":\"Zamp Ear Cup avec haut-parleurs\"}]},{\"@type\":\"WebSite\",\"@id\":\"https:\/\/zamphelmets.co\/fr\/#website\",\"url\":\"https:\/\/zamphelmets.co\/fr\/\",\"name\":\"Zamp Helmets | Helmet 28 EU\",\"description\":\"High Quality Motorsport Helmets\",\"potentialAction\":[{\"@type\":\"SearchAction\",\"target\":{\"@type\":\"EntryPoint\",\"urlTemplate\":\"https:\/\/zamphelmets.co\/fr\/?s={search_term_string}\"},\"query-input\":{\"@type\":\"PropertyValueSpecification\",\"valueRequired\":true,\"valueName\":\"search_term_string\"}}],\"inLanguage\":\"fr-FR\"}]}<\/script>\n<!-- \/ Yoast SEO plugin. -->","yoast_head_json":{"title":"Zamp Ear Cup avec haut-parleurs installation facile - Zamp Helmets | Helmet 28 EU","description":"Les oreillettes Zamp avec haut-parleurs facilitent l'installation d'une communication unidirectionnelle ou bidirectionnelle dans votre casque Zamp pr\u00e9f\u00e9r\u00e9.","robots":{"index":"index","follow":"follow","max-snippet":"max-snippet:-1","max-image-preview":"max-image-preview:large","max-video-preview":"max-video-preview:-1"},"canonical":"https:\/\/zamphelmets.co\/fr\/produit\/zamp-ear-cup-avec-haut-parleurs\/","og_locale":"fr_FR","og_type":"article","og_title":"Zamp Ear Cup avec haut-parleurs installation facile - Zamp Helmets | Helmet 28 EU","og_description":"Les oreillettes Zamp avec haut-parleurs facilitent l'installation d'une communication unidirectionnelle ou bidirectionnelle dans votre casque Zamp pr\u00e9f\u00e9r\u00e9.","og_url":"https:\/\/zamphelmets.co\/fr\/produit\/zamp-ear-cup-avec-haut-parleurs\/","og_site_name":"Zamp Helmets | Helmet 28 EU","article_modified_time":"2026-02-16T15:59:36+00:00","og_image":[{"width":1000,"height":1000,"url":"https:\/\/zamphelmets.co\/wp-content\/uploads\/2021\/02\/KITEAR003COM.jpg","type":"image\/jpeg"}],"twitter_card":"summary_large_image","twitter_misc":{"Est. reading time":"1 minute"},"schema":{"@context":"https:\/\/schema.org","@graph":[{"@type":"WebPage","@id":"https:\/\/zamphelmets.co\/fr\/produit\/zamp-ear-cup-avec-haut-parleurs\/","url":"https:\/\/zamphelmets.co\/fr\/produit\/zamp-ear-cup-avec-haut-parleurs\/","name":"Zamp Ear Cup avec haut-parleurs installation facile - Zamp Helmets | Helmet 28 EU","isPartOf":{"@id":"https:\/\/zamphelmets.co\/fr\/#website"},"primaryImageOfPage":{"@id":"https:\/\/zamphelmets.co\/fr\/produit\/zamp-ear-cup-avec-haut-parleurs\/#primaryimage"},"image":{"@id":"https:\/\/zamphelmets.co\/fr\/produit\/zamp-ear-cup-avec-haut-parleurs\/#primaryimage"},"thumbnailUrl":"https:\/\/zamphelmets.co\/wp-content\/uploads\/2021\/02\/KITEAR003COM.jpg","datePublished":"2022-02-16T10:58:03+00:00","dateModified":"2026-02-16T15:59:36+00:00","description":"Les oreillettes Zamp avec haut-parleurs facilitent l'installation d'une communication unidirectionnelle ou bidirectionnelle dans votre casque Zamp pr\u00e9f\u00e9r\u00e9.","breadcrumb":{"@id":"https:\/\/zamphelmets.co\/fr\/produit\/zamp-ear-cup-avec-haut-parleurs\/#breadcrumb"},"inLanguage":"fr-FR","potentialAction":[{"@type":"ReadAction","target":["https:\/\/zamphelmets.co\/fr\/produit\/zamp-ear-cup-avec-haut-parleurs\/"]}]},{"@type":"ImageObject","inLanguage":"fr-FR","@id":"https:\/\/zamphelmets.co\/fr\/produit\/zamp-ear-cup-avec-haut-parleurs\/#primaryimage","url":"https:\/\/zamphelmets.co\/wp-content\/uploads\/2021\/02\/KITEAR003COM.jpg","contentUrl":"https:\/\/zamphelmets.co\/wp-content\/uploads\/2021\/02\/KITEAR003COM.jpg","width":1000,"height":1000,"caption":"Zamp Helmets Ear Cups with Speakers (bonnets d'oreilles avec haut-parleurs)"},{"@type":"BreadcrumbList","@id":"https:\/\/zamphelmets.co\/fr\/produit\/zamp-ear-cup-avec-haut-parleurs\/#breadcrumb","itemListElement":[{"@type":"ListItem","position":1,"name":"Boutique","item":"https:\/\/zamphelmets.co\/fr\/boutique\/"},{"@type":"ListItem","position":2,"name":"Zamp Ear Cup avec haut-parleurs"}]},{"@type":"WebSite","@id":"https:\/\/zamphelmets.co\/fr\/#website","url":"https:\/\/zamphelmets.co\/fr\/","name":"Zamp Helmets | Helmet 28 EU","description":"High Quality Motorsport Helmets","potentialAction":[{"@type":"SearchAction","target":{"@type":"EntryPoint","urlTemplate":"https:\/\/zamphelmets.co\/fr\/?s={search_term_string}"},"query-input":{"@type":"PropertyValueSpecification","valueRequired":true,"valueName":"search_term_string"}}],"inLanguage":"fr-FR"}]}},"_links":{"self":[{"href":"https:\/\/zamphelmets.co\/fr\/wp-json\/wp\/v2\/product\/24211","targetHints":{"allow":["GET"]}}],"collection":[{"href":"https:\/\/zamphelmets.co\/fr\/wp-json\/wp\/v2\/product"}],"about":[{"href":"https:\/\/zamphelmets.co\/fr\/wp-json\/wp\/v2\/types\/product"}],"replies":[{"embeddable":true,"href":"https:\/\/zamphelmets.co\/fr\/wp-json\/wp\/v2\/comments?post=24211"}],"wp:featuredmedia":[{"embeddable":true,"href":"https:\/\/zamphelmets.co\/fr\/wp-json\/wp\/v2\/media\/13815"}],"wp:attachment":[{"href":"https:\/\/zamphelmets.co\/fr\/wp-json\/wp\/v2\/media?parent=24211"}],"wp:term":[{"taxonomy":"product_brand","embeddable":true,"href":"https:\/\/zamphelmets.co\/fr\/wp-json\/wp\/v2\/product_brand?post=24211"},{"taxonomy":"product_cat","embeddable":true,"href":"https:\/\/zamphelmets.co\/fr\/wp-json\/wp\/v2\/product_cat?post=24211"},{"taxonomy":"product_tag","embeddable":true,"href":"https:\/\/zamphelmets.co\/fr\/wp-json\/wp\/v2\/product_tag?post=24211"}],"curies":[{"name":"wp","href":"https:\/\/api.w.org\/{rel}","templated":true}]}}