{"id":24208,"date":"2020-08-07T11:58:28","date_gmt":"2020-08-07T11:58:28","guid":{"rendered":"https:\/\/zamphelmets.co\/product\/rz-62-rouge-orange\/"},"modified":"2026-02-16T15:13:17","modified_gmt":"2026-02-16T15:13:17","slug":"rz-62-rouge-orange","status":"publish","type":"product","link":"https:\/\/zamphelmets.co\/fr\/produit\/rz-62-rouge-orange\/","title":{"rendered":"RZ 62 Rouge\/Orange"},"content":{"rendered":"<p><strong>Le Zamp RZ-62 Red\/Orange offre plus de configurations de course uniques que n&rsquo;importe quel autre casque dans sa gamme de prix. Une construction l\u00e9g\u00e8re en Aramid Mix associ\u00e9e \u00e0 un flux d&rsquo;air incroyable donne un casque superbe pour le prix. Les pilotes auront \u00e9galement la possibilit\u00e9 de personnaliser le RZ 62 en fonction d&rsquo;un large \u00e9ventail de configurations de course, notamment pour les courses en roue libre, en cockpit ferm\u00e9 ou en karting. De plus, le RZ 62 est disponible avec certains des graphiques les plus \u00e9tonnants jamais vus dans la conception d&rsquo;un casque, ces casques pr\u00e9-peints offrent des graphiques de haut niveau finis selon les normes les plus strictes.<\/strong><\/p>\n<p><strong>Les caract\u00e9ristiques comprennent<\/strong><\/p>\n<ul>\n<li>Coquille en <strong>m\u00e9lange d&rsquo;aramide<\/strong> pour un casque super l\u00e9ger<\/li>\n<li>Coquille et mentonni\u00e8re <strong>a\u00e9rodynamiques <\/strong>, l\u00e8vres a\u00e9rodynamiques dans la coquille. Installation facile de la l\u00e8vre de menton a\u00e9rodynamique et de l&rsquo;aileron arri\u00e8re a\u00e9rodynamique (accessoires)<\/li>\n<li><strong>Syst\u00e8me d&rsquo;air TRI-Tech <\/strong>&#8211; Vous permet d&rsquo;utiliser de l&rsquo;air naturel, de l&rsquo;air forc\u00e9 et des bouchons d&rsquo;air dans trois entr\u00e9es r\u00e9glables sur le dessus et les deux c\u00f4t\u00e9s de la mentonni\u00e8re pour le flux d&rsquo;air le plus r\u00e9glable du march\u00e9.<\/li>\n<li>Int\u00e9rieur <strong>ultra-doux<\/strong> <strong>ignifug\u00e9<\/strong>, amovible et lavable, avec mousse EPS au niveau de la mentonni\u00e8re<\/li>\n<li><strong>Z-20 Series 3mm Clear Shield<\/strong> with Tear Off Posts at 12.25-inch centre posts using banana style tear off posts<\/li>\n<li><strong>Trou\/prise d&rsquo;hydratation \u00e0 <\/strong>l&rsquo;avant et au centre de la mentonni\u00e8re, facile \u00e0 installer<\/li>\n<li>L&rsquo;<strong>option \u00ab\u00a0Ear Cup <\/strong>\u00a0\u00bb est dot\u00e9e d&rsquo;une poche auriculaire qui vous permet d&rsquo;ins\u00e9rer facilement la \u00ab\u00a0Ear Cup\u00a0\u00bb de Zamp \u00e0 l&rsquo;aide d&rsquo;un Velcro, afin de permettre au conducteur d&rsquo;entendre les communications dans un environnement plus silencieux.<\/li>\n<li><strong>Inserts M6 <\/strong>pour la retenue de la t\u00eate et du cou<\/li>\n<li>Snell <strong>SA-2020<\/strong><\/li>\n<li><strong>Poids : env. 1420 g en taille M<\/strong><\/li>\n<\/ul>\n<p>Comme c&rsquo;est souvent le cas dans le sport automobile, nos tailles varient en fonction du mod\u00e8le de casque. Pour en savoir plus sur la taille de votre casque, <a href=\"https:\/\/zamphelmets.co\/fr\/comment-choisir-la-bonne-taille-de-casque\/\">cliquez ici<\/a>.<\/p>\n<p><a href=\"https:\/\/zamphelmets.co\/fr\/lhomologation-expliquee\/\"><strong>L&rsquo;homologation expliqu\u00e9e<\/strong> &#8211; d\u00e9couvrez l&rsquo;homologation dont vous avez besoin<\/a><\/p>\n<p><a href=\"https:\/\/zamphelmets.co\/fr\/poteaux-hans-dispositifs-hans-et-fhr\/\"><strong>Dispositif FHR \/ HANS<\/strong> &#8211; quand est-il n\u00e9cessaire ?<\/a><\/p>\n<p>&nbsp;<\/p>\n<p><img decoding=\"async\" class=\"alignnone wp-image-26355 size-full lazyload\" data-src=\"https:\/\/zamphelmets.co\/wp-content\/uploads\/2024\/03\/Zamp-Helmets-sizing-guide-4166-x-4166-px-1.png\" alt=\"\" width=\"500\" height=\"500\" data-srcset=\"https:\/\/zamphelmets.co\/wp-content\/uploads\/2024\/03\/Zamp-Helmets-sizing-guide-4166-x-4166-px-1.png 500w, https:\/\/zamphelmets.co\/wp-content\/uploads\/2024\/03\/Zamp-Helmets-sizing-guide-4166-x-4166-px-1-300x300.png 300w, https:\/\/zamphelmets.co\/wp-content\/uploads\/2024\/03\/Zamp-Helmets-sizing-guide-4166-x-4166-px-1-150x150.png 150w, https:\/\/zamphelmets.co\/wp-content\/uploads\/2024\/03\/Zamp-Helmets-sizing-guide-4166-x-4166-px-1-100x100.png 100w\" data-sizes=\"(max-width: 500px) 100vw, 500px\" src=\"data:image\/svg+xml;base64,PHN2ZyB3aWR0aD0iMSIgaGVpZ2h0PSIxIiB4bWxucz0iaHR0cDovL3d3dy53My5vcmcvMjAwMC9zdmciPjwvc3ZnPg==\" style=\"--smush-placeholder-width: 500px; --smush-placeholder-aspect-ratio: 500\/500;\" \/><\/p>\n<div id=\"product-10089\" class=\"product type-product post-10089 status-publish first instock product_cat-fia product_cat-snell-2020-sa2020 product_cat-zamp has-post-thumbnail taxable shipping-taxable purchasable product-type-variable\">\n<div class=\"woocommerce-tabs wc-tabs-wrapper\">\n<div id=\"tab-description\" class=\"woocommerce-Tabs-panel woocommerce-Tabs-panel--description panel entry-content wc-tab\" role=\"tabpanel\" aria-labelledby=\"tab-title-description\">\n<p><strong>Vous n&rsquo;\u00eates pas s\u00fbr de la taille ? <\/strong><a href=\"https:\/\/form.jotform.com\/251263198513053\">Remplissez notre formulaire de dimensionnement<\/a> et un membre de l&rsquo;\u00e9quipe vous contactera pour vous faire part de nos recommandations.<\/p>\n<\/div>\n<\/div>\n<\/div>\n","protected":false},"excerpt":{"rendered":"<p><strong>Le Zamp RZ-62 offre plus de configurations de course uniques que n&rsquo;importe quel autre casque dans sa gamme de prix. Une construction l\u00e9g\u00e8re en Aramid Mix associ\u00e9e \u00e0 un flux d&rsquo;air incroyable donne un casque superbe pour le prix. Les pilotes auront \u00e9galement la possibilit\u00e9 de personnaliser le RZ 62 en fonction d&rsquo;un large \u00e9ventail de configurations de course, notamment pour les courses en roue libre, en cockpit ferm\u00e9 ou en karting. De plus, le RZ 62 est disponible avec certains des graphiques les plus \u00e9tonnants jamais vus dans la conception d&rsquo;un casque, ces casques pr\u00e9peints offrent des graphiques de haut niveau finis selon les normes les plus strictes.<\/strong><\/p>\n","protected":false},"featured_media":11953,"comment_status":"open","ping_status":"closed","template":"","meta":{"_acf_changed":false,"_iconic_wsb_product_page_order_bump_ids":[[]],"_sku":[],"_iconic_wsb_product_page_bump_modal_ids":[[]]},"product_brand":[],"product_cat":[142,147,145,143,141],"product_tag":[],"class_list":{"0":"post-24208","1":"product","2":"type-product","3":"status-publish","4":"has-post-thumbnail","6":"product_cat-casques-zamp","7":"product_cat-prime","8":"product_cat-snell-fr","9":"product_cat-snell-2020-sa2020-fr","10":"product_cat-zamp-fr","12":"first","13":"outofstock","14":"taxable","15":"shipping-taxable","16":"product-type-variable"},"acf":[],"yoast_head":"<!-- This site is optimized with the Yoast SEO plugin v27.0 - https:\/\/yoast.com\/product\/yoast-seo-wordpress\/ -->\n<title>RZ 62 Rouge\/Orange \u20ac451.67 - Zamp Helmets | Helmet 28 EU Graphic SA2020<\/title>\n<meta name=\"description\" content=\"Le RZ 62 Rouge\/Orange est le casque pr\u00e9peint leader du march\u00e9 dans l&#039;industrie. Complet avec SA2020, le RZ 62 Rouge\/Orange ne co\u00fbte que 451,67 \u20ac.\" \/>\n<meta name=\"robots\" content=\"index, follow, max-snippet:-1, max-image-preview:large, max-video-preview:-1\" \/>\n<link rel=\"canonical\" href=\"https:\/\/zamphelmets.co\/fr\/produit\/rz-62-rouge-orange\/\" \/>\n<meta property=\"og:locale\" content=\"fr_FR\" \/>\n<meta property=\"og:type\" content=\"article\" \/>\n<meta property=\"og:title\" content=\"RZ 62 Rouge\/Orange \u20ac451.67 - Zamp Helmets | Helmet 28 EU Graphic SA2020\" \/>\n<meta property=\"og:description\" content=\"Le RZ 62 Rouge\/Orange est le casque pr\u00e9peint leader du march\u00e9 dans l&#039;industrie. Complet avec SA2020, le RZ 62 Rouge\/Orange ne co\u00fbte que 451,67 \u20ac.\" \/>\n<meta property=\"og:url\" content=\"https:\/\/zamphelmets.co\/fr\/produit\/rz-62-rouge-orange\/\" \/>\n<meta property=\"og:site_name\" content=\"Zamp Helmets | Helmet 28 EU\" \/>\n<meta property=\"article:modified_time\" content=\"2026-02-16T15:13:17+00:00\" \/>\n<meta property=\"og:image\" content=\"https:\/\/zamphelmets.co\/wp-content\/uploads\/2020\/08\/G4bt7eFxT0CPyK9bB9Cl_H764C35.jpg\" \/>\n\t<meta property=\"og:image:width\" content=\"1500\" \/>\n\t<meta property=\"og:image:height\" content=\"1500\" \/>\n\t<meta property=\"og:image:type\" content=\"image\/jpeg\" \/>\n<meta name=\"twitter:card\" content=\"summary_large_image\" \/>\n<meta name=\"twitter:label1\" content=\"Est. reading time\" \/>\n\t<meta name=\"twitter:data1\" content=\"2 minutes\" \/>\n<script type=\"application\/ld+json\" class=\"yoast-schema-graph\">{\"@context\":\"https:\/\/schema.org\",\"@graph\":[{\"@type\":\"WebPage\",\"@id\":\"https:\/\/zamphelmets.co\/fr\/produit\/rz-62-rouge-orange\/\",\"url\":\"https:\/\/zamphelmets.co\/fr\/produit\/rz-62-rouge-orange\/\",\"name\":\"RZ 62 Rouge\/Orange \u20ac451.67 - Zamp Helmets | Helmet 28 EU Graphic SA2020\",\"isPartOf\":{\"@id\":\"https:\/\/zamphelmets.co\/fr\/#website\"},\"primaryImageOfPage\":{\"@id\":\"https:\/\/zamphelmets.co\/fr\/produit\/rz-62-rouge-orange\/#primaryimage\"},\"image\":{\"@id\":\"https:\/\/zamphelmets.co\/fr\/produit\/rz-62-rouge-orange\/#primaryimage\"},\"thumbnailUrl\":\"https:\/\/zamphelmets.co\/wp-content\/uploads\/2020\/08\/G4bt7eFxT0CPyK9bB9Cl_H764C35.jpg\",\"datePublished\":\"2020-08-07T11:58:28+00:00\",\"dateModified\":\"2026-02-16T15:13:17+00:00\",\"description\":\"Le RZ 62 Rouge\/Orange est le casque pr\u00e9peint leader du march\u00e9 dans l'industrie. Complet avec SA2020, le RZ 62 Rouge\/Orange ne co\u00fbte que 451,67 \u20ac.\",\"breadcrumb\":{\"@id\":\"https:\/\/zamphelmets.co\/fr\/produit\/rz-62-rouge-orange\/#breadcrumb\"},\"inLanguage\":\"fr-FR\",\"potentialAction\":[{\"@type\":\"ReadAction\",\"target\":[\"https:\/\/zamphelmets.co\/fr\/produit\/rz-62-rouge-orange\/\"]}]},{\"@type\":\"ImageObject\",\"inLanguage\":\"fr-FR\",\"@id\":\"https:\/\/zamphelmets.co\/fr\/produit\/rz-62-rouge-orange\/#primaryimage\",\"url\":\"https:\/\/zamphelmets.co\/wp-content\/uploads\/2020\/08\/G4bt7eFxT0CPyK9bB9Cl_H764C35.jpg\",\"contentUrl\":\"https:\/\/zamphelmets.co\/wp-content\/uploads\/2020\/08\/G4bt7eFxT0CPyK9bB9Cl_H764C35.jpg\",\"width\":1500,\"height\":1500,\"caption\":\"Casque de course RZ 62 Rouge\/Orange de Zamp Helmets\"},{\"@type\":\"BreadcrumbList\",\"@id\":\"https:\/\/zamphelmets.co\/fr\/produit\/rz-62-rouge-orange\/#breadcrumb\",\"itemListElement\":[{\"@type\":\"ListItem\",\"position\":1,\"name\":\"Boutique\",\"item\":\"https:\/\/zamphelmets.co\/fr\/boutique\/\"},{\"@type\":\"ListItem\",\"position\":2,\"name\":\"RZ 62 Rouge\/Orange\"}]},{\"@type\":\"WebSite\",\"@id\":\"https:\/\/zamphelmets.co\/fr\/#website\",\"url\":\"https:\/\/zamphelmets.co\/fr\/\",\"name\":\"Zamp Helmets | Helmet 28 EU\",\"description\":\"High Quality Motorsport Helmets\",\"potentialAction\":[{\"@type\":\"SearchAction\",\"target\":{\"@type\":\"EntryPoint\",\"urlTemplate\":\"https:\/\/zamphelmets.co\/fr\/?s={search_term_string}\"},\"query-input\":{\"@type\":\"PropertyValueSpecification\",\"valueRequired\":true,\"valueName\":\"search_term_string\"}}],\"inLanguage\":\"fr-FR\"}]}<\/script>\n<!-- \/ Yoast SEO plugin. -->","yoast_head_json":{"title":"RZ 62 Rouge\/Orange \u20ac451.67 - Zamp Helmets | Helmet 28 EU Graphic SA2020","description":"Le RZ 62 Rouge\/Orange est le casque pr\u00e9peint leader du march\u00e9 dans l'industrie. Complet avec SA2020, le RZ 62 Rouge\/Orange ne co\u00fbte que 451,67 \u20ac.","robots":{"index":"index","follow":"follow","max-snippet":"max-snippet:-1","max-image-preview":"max-image-preview:large","max-video-preview":"max-video-preview:-1"},"canonical":"https:\/\/zamphelmets.co\/fr\/produit\/rz-62-rouge-orange\/","og_locale":"fr_FR","og_type":"article","og_title":"RZ 62 Rouge\/Orange \u20ac451.67 - Zamp Helmets | Helmet 28 EU Graphic SA2020","og_description":"Le RZ 62 Rouge\/Orange est le casque pr\u00e9peint leader du march\u00e9 dans l'industrie. Complet avec SA2020, le RZ 62 Rouge\/Orange ne co\u00fbte que 451,67 \u20ac.","og_url":"https:\/\/zamphelmets.co\/fr\/produit\/rz-62-rouge-orange\/","og_site_name":"Zamp Helmets | Helmet 28 EU","article_modified_time":"2026-02-16T15:13:17+00:00","og_image":[{"width":1500,"height":1500,"url":"https:\/\/zamphelmets.co\/wp-content\/uploads\/2020\/08\/G4bt7eFxT0CPyK9bB9Cl_H764C35.jpg","type":"image\/jpeg"}],"twitter_card":"summary_large_image","twitter_misc":{"Est. reading time":"2 minutes"},"schema":{"@context":"https:\/\/schema.org","@graph":[{"@type":"WebPage","@id":"https:\/\/zamphelmets.co\/fr\/produit\/rz-62-rouge-orange\/","url":"https:\/\/zamphelmets.co\/fr\/produit\/rz-62-rouge-orange\/","name":"RZ 62 Rouge\/Orange \u20ac451.67 - Zamp Helmets | Helmet 28 EU Graphic SA2020","isPartOf":{"@id":"https:\/\/zamphelmets.co\/fr\/#website"},"primaryImageOfPage":{"@id":"https:\/\/zamphelmets.co\/fr\/produit\/rz-62-rouge-orange\/#primaryimage"},"image":{"@id":"https:\/\/zamphelmets.co\/fr\/produit\/rz-62-rouge-orange\/#primaryimage"},"thumbnailUrl":"https:\/\/zamphelmets.co\/wp-content\/uploads\/2020\/08\/G4bt7eFxT0CPyK9bB9Cl_H764C35.jpg","datePublished":"2020-08-07T11:58:28+00:00","dateModified":"2026-02-16T15:13:17+00:00","description":"Le RZ 62 Rouge\/Orange est le casque pr\u00e9peint leader du march\u00e9 dans l'industrie. Complet avec SA2020, le RZ 62 Rouge\/Orange ne co\u00fbte que 451,67 \u20ac.","breadcrumb":{"@id":"https:\/\/zamphelmets.co\/fr\/produit\/rz-62-rouge-orange\/#breadcrumb"},"inLanguage":"fr-FR","potentialAction":[{"@type":"ReadAction","target":["https:\/\/zamphelmets.co\/fr\/produit\/rz-62-rouge-orange\/"]}]},{"@type":"ImageObject","inLanguage":"fr-FR","@id":"https:\/\/zamphelmets.co\/fr\/produit\/rz-62-rouge-orange\/#primaryimage","url":"https:\/\/zamphelmets.co\/wp-content\/uploads\/2020\/08\/G4bt7eFxT0CPyK9bB9Cl_H764C35.jpg","contentUrl":"https:\/\/zamphelmets.co\/wp-content\/uploads\/2020\/08\/G4bt7eFxT0CPyK9bB9Cl_H764C35.jpg","width":1500,"height":1500,"caption":"Casque de course RZ 62 Rouge\/Orange de Zamp Helmets"},{"@type":"BreadcrumbList","@id":"https:\/\/zamphelmets.co\/fr\/produit\/rz-62-rouge-orange\/#breadcrumb","itemListElement":[{"@type":"ListItem","position":1,"name":"Boutique","item":"https:\/\/zamphelmets.co\/fr\/boutique\/"},{"@type":"ListItem","position":2,"name":"RZ 62 Rouge\/Orange"}]},{"@type":"WebSite","@id":"https:\/\/zamphelmets.co\/fr\/#website","url":"https:\/\/zamphelmets.co\/fr\/","name":"Zamp Helmets | Helmet 28 EU","description":"High Quality Motorsport Helmets","potentialAction":[{"@type":"SearchAction","target":{"@type":"EntryPoint","urlTemplate":"https:\/\/zamphelmets.co\/fr\/?s={search_term_string}"},"query-input":{"@type":"PropertyValueSpecification","valueRequired":true,"valueName":"search_term_string"}}],"inLanguage":"fr-FR"}]}},"_links":{"self":[{"href":"https:\/\/zamphelmets.co\/fr\/wp-json\/wp\/v2\/product\/24208","targetHints":{"allow":["GET"]}}],"collection":[{"href":"https:\/\/zamphelmets.co\/fr\/wp-json\/wp\/v2\/product"}],"about":[{"href":"https:\/\/zamphelmets.co\/fr\/wp-json\/wp\/v2\/types\/product"}],"replies":[{"embeddable":true,"href":"https:\/\/zamphelmets.co\/fr\/wp-json\/wp\/v2\/comments?post=24208"}],"wp:featuredmedia":[{"embeddable":true,"href":"https:\/\/zamphelmets.co\/fr\/wp-json\/wp\/v2\/media\/11953"}],"wp:attachment":[{"href":"https:\/\/zamphelmets.co\/fr\/wp-json\/wp\/v2\/media?parent=24208"}],"wp:term":[{"taxonomy":"product_brand","embeddable":true,"href":"https:\/\/zamphelmets.co\/fr\/wp-json\/wp\/v2\/product_brand?post=24208"},{"taxonomy":"product_cat","embeddable":true,"href":"https:\/\/zamphelmets.co\/fr\/wp-json\/wp\/v2\/product_cat?post=24208"},{"taxonomy":"product_tag","embeddable":true,"href":"https:\/\/zamphelmets.co\/fr\/wp-json\/wp\/v2\/product_tag?post=24208"}],"curies":[{"name":"wp","href":"https:\/\/api.w.org\/{rel}","templated":true}]}}