{"id":24064,"date":"2020-01-30T12:50:44","date_gmt":"2020-01-30T12:50:44","guid":{"rendered":"https:\/\/zamphelmets.co\/product\/interrupteur-rz-70e-bleu-bleu-clair\/"},"modified":"2026-04-07T10:12:26","modified_gmt":"2026-04-07T10:12:26","slug":"interrupteur-rz-70e-bleu-bleu-clair","status":"publish","type":"product","link":"https:\/\/zamphelmets.co\/fr\/produit\/interrupteur-rz-70e-bleu-bleu-clair\/","title":{"rendered":"Interrupteur RZ 70E Bleu \/ Bleu clair"},"content":{"rendered":"<p>Voici notre casque r\u00e9volutionnaire <strong>RZ-70E SWITCH <\/strong>. Notre syst\u00e8me unique vous permet de configurer facilement votre casque pour une vari\u00e9t\u00e9 de configurations de course.  <strong>Ajouter la communication ou l&rsquo;hydratation \u00e0 votre casque n&rsquo;a jamais \u00e9t\u00e9 aussi facile !  <\/strong><\/p>\n<p>&nbsp;<\/p>\n<p>Ce casque est \u00e9quip\u00e9 du nouveau DDAIR-SYSTEM, un nouveau syst\u00e8me d&rsquo;int\u00e9gration d&rsquo;air \u00e0 double densit\u00e9. Canalisation d&rsquo;air \u00e0 360 degr\u00e9s pour une circulation d&rsquo;air optimale. L&rsquo;air frais entre dans le casque, l&rsquo;air chaud en sort.<\/p>\n<ul>\n<li>Coque l\u00e9g\u00e8re en <strong>m\u00e9lange d&rsquo;aramide composite<\/strong> <\/li>\n<li><strong>Z-Design<\/strong> in Shell fait circuler l&rsquo;air dans toute la coque gr\u00e2ce \u00e0 de larges canaux internes.<\/li>\n<li>Les <strong>canaux de la mentonni\u00e8re EPS <\/strong>permettent de monter facilement un microphone ou un tube de boisson.<\/li>\n<li><strong>ZF-20 Series<\/strong> 3mm Clear Shield with Tear Off Posts which use 12.125 inch banana style Tear Offs<\/li>\n<li><strong>Inserts M6 <\/strong>pour la retenue de la t\u00eate et du cou<\/li>\n<li><strong>Installation disponible pour les communications et l&rsquo;hydratation<\/strong><\/li>\n<li><strong>FIA 8859-2015\/Snell SA-2020 Approuv\u00e9<\/strong><\/li>\n<li><strong>Poids : environ 1510 g +\/-30 g en taille M<\/strong><\/li>\n<\/ul>\n<p>Comme c&rsquo;est souvent le cas dans le sport automobile, nos tailles varient en fonction du mod\u00e8le de casque. Pour en savoir plus sur la taille de votre casque, <a href=\"https:\/\/zamphelmets.co\/fr\/comment-choisir-la-bonne-taille-de-casque\/\">cliquez ici<\/a>.<\/p>\n<p><a href=\"https:\/\/zamphelmets.co\/fr\/lhomologation-expliquee\/\"><strong>L&rsquo;homologation expliqu\u00e9e<\/strong> &#8211; d\u00e9couvrez l&rsquo;homologation dont vous avez besoin<\/a><\/p>\n<p><a href=\"https:\/\/zamphelmets.co\/fr\/poteaux-hans-dispositifs-hans-et-fhr\/\"><strong>Dispositif FHR \/ HANS<\/strong> &#8211; quand est-il n\u00e9cessaire ?<\/a><\/p>\n<p>&nbsp;<\/p>\n<p><img decoding=\"async\" class=\"alignnone wp-image-26355 size-full lazyload\" data-src=\"https:\/\/zamphelmets.co\/wp-content\/uploads\/2024\/03\/Zamp-Helmets-sizing-guide-4166-x-4166-px-1.png\" alt=\"\" width=\"500\" height=\"500\" data-srcset=\"https:\/\/zamphelmets.co\/wp-content\/uploads\/2024\/03\/Zamp-Helmets-sizing-guide-4166-x-4166-px-1.png 500w, https:\/\/zamphelmets.co\/wp-content\/uploads\/2024\/03\/Zamp-Helmets-sizing-guide-4166-x-4166-px-1-300x300.png 300w, https:\/\/zamphelmets.co\/wp-content\/uploads\/2024\/03\/Zamp-Helmets-sizing-guide-4166-x-4166-px-1-150x150.png 150w, https:\/\/zamphelmets.co\/wp-content\/uploads\/2024\/03\/Zamp-Helmets-sizing-guide-4166-x-4166-px-1-100x100.png 100w\" data-sizes=\"(max-width: 500px) 100vw, 500px\" src=\"data:image\/svg+xml;base64,PHN2ZyB3aWR0aD0iMSIgaGVpZ2h0PSIxIiB4bWxucz0iaHR0cDovL3d3dy53My5vcmcvMjAwMC9zdmciPjwvc3ZnPg==\" style=\"--smush-placeholder-width: 500px; --smush-placeholder-aspect-ratio: 500\/500;\" \/><\/p>\n<div id=\"product-10089\" class=\"product type-product post-10089 status-publish first instock product_cat-fia product_cat-snell-2020-sa2020 product_cat-zamp has-post-thumbnail taxable shipping-taxable purchasable product-type-variable\">\n<div class=\"woocommerce-tabs wc-tabs-wrapper\">\n<div id=\"tab-description\" class=\"woocommerce-Tabs-panel woocommerce-Tabs-panel--description panel entry-content wc-tab\" role=\"tabpanel\" aria-labelledby=\"tab-title-description\">\n<p><strong>Vous n&rsquo;\u00eates pas s\u00fbr de la taille ? <\/strong><a href=\"https:\/\/form.jotform.com\/251263198513053\">Remplissez notre formulaire de dimensionnement<\/a> et un membre de l&rsquo;\u00e9quipe vous contactera pour vous faire part de nos recommandations.<\/p>\n<\/div>\n<\/div>\n<\/div>\n","protected":false},"excerpt":{"rendered":"<p>Voici notre casque r\u00e9volutionnaire RZ-70E SWITCH . Notre syst\u00e8me unique vous permet de configurer facilement votre casque pour une vari\u00e9t\u00e9 de configurations de course. Ajouter la communication ou l&rsquo;hydratation \u00e0 votre casque n&rsquo;a jamais \u00e9t\u00e9 aussi facile ! &nbsp; Ce casque est \u00e9quip\u00e9 du nouveau DDAIR-SYSTEM, un nouveau syst\u00e8me d&rsquo;int\u00e9gration d&rsquo;air \u00e0 double densit\u00e9. Canalisation [&hellip;]<\/p>\n","protected":false},"featured_media":11260,"comment_status":"open","ping_status":"closed","template":"","meta":{"_acf_changed":false,"_iconic_wsb_product_page_order_bump_ids":[[]],"_sku":[],"_iconic_wsb_product_page_bump_modal_ids":[[]]},"product_brand":[],"product_cat":[142,256,147,145,143,141],"product_tag":[],"class_list":{"0":"post-24064","1":"product","2":"type-product","3":"status-publish","4":"has-post-thumbnail","6":"product_cat-casques-zamp","7":"product_cat-fia-8859-fr","8":"product_cat-prime","9":"product_cat-snell-fr","10":"product_cat-snell-2020-sa2020-fr","11":"product_cat-zamp-fr","13":"first","14":"instock","15":"taxable","16":"shipping-taxable","17":"product-type-variable"},"acf":[],"yoast_head":"<!-- This site is optimized with the Yoast SEO plugin v27.0 - https:\/\/yoast.com\/product\/yoast-seo-wordpress\/ -->\n<title>Interrupteur RZ 70E Bleu \/ Bleu clair \u20ac515. - Zamp Helmets | Helmet 28 EU<\/title>\n<meta name=\"description\" content=\"Le Zamp RZ 70E Blue\/Light Blue est le casque polyvalent par excellence. Casque l\u00e9ger FIA 8859 avec plusieurs configurations disponibles pour la journ\u00e9e de course.\" \/>\n<meta name=\"robots\" content=\"index, follow, max-snippet:-1, max-image-preview:large, max-video-preview:-1\" \/>\n<link rel=\"canonical\" href=\"https:\/\/zamphelmets.co\/fr\/produit\/interrupteur-rz-70e-bleu-bleu-clair\/\" \/>\n<meta property=\"og:locale\" content=\"fr_FR\" \/>\n<meta property=\"og:type\" content=\"article\" \/>\n<meta property=\"og:title\" content=\"Interrupteur RZ 70E Bleu \/ Bleu clair \u20ac515. - Zamp Helmets | Helmet 28 EU\" \/>\n<meta property=\"og:description\" content=\"Le Zamp RZ 70E Blue\/Light Blue est le casque polyvalent par excellence. Casque l\u00e9ger FIA 8859 avec plusieurs configurations disponibles pour la journ\u00e9e de course.\" \/>\n<meta property=\"og:url\" content=\"https:\/\/zamphelmets.co\/fr\/produit\/interrupteur-rz-70e-bleu-bleu-clair\/\" \/>\n<meta property=\"og:site_name\" content=\"Zamp Helmets | Helmet 28 EU\" \/>\n<meta property=\"article:modified_time\" content=\"2026-04-07T10:12:26+00:00\" \/>\n<meta property=\"og:image\" content=\"https:\/\/zamphelmets.co\/wp-content\/uploads\/2020\/01\/H760C31300dpi.jpg\" \/>\n\t<meta property=\"og:image:width\" content=\"1500\" \/>\n\t<meta property=\"og:image:height\" content=\"1500\" \/>\n\t<meta property=\"og:image:type\" content=\"image\/jpeg\" \/>\n<meta name=\"twitter:card\" content=\"summary_large_image\" \/>\n<meta name=\"twitter:label1\" content=\"Est. reading time\" \/>\n\t<meta name=\"twitter:data1\" content=\"1 minute\" \/>\n<script type=\"application\/ld+json\" class=\"yoast-schema-graph\">{\"@context\":\"https:\/\/schema.org\",\"@graph\":[{\"@type\":\"WebPage\",\"@id\":\"https:\/\/zamphelmets.co\/fr\/produit\/interrupteur-rz-70e-bleu-bleu-clair\/\",\"url\":\"https:\/\/zamphelmets.co\/fr\/produit\/interrupteur-rz-70e-bleu-bleu-clair\/\",\"name\":\"Interrupteur RZ 70E Bleu \/ Bleu clair \u20ac515. - Zamp Helmets | Helmet 28 EU\",\"isPartOf\":{\"@id\":\"https:\/\/zamphelmets.co\/fr\/#website\"},\"primaryImageOfPage\":{\"@id\":\"https:\/\/zamphelmets.co\/fr\/produit\/interrupteur-rz-70e-bleu-bleu-clair\/#primaryimage\"},\"image\":{\"@id\":\"https:\/\/zamphelmets.co\/fr\/produit\/interrupteur-rz-70e-bleu-bleu-clair\/#primaryimage\"},\"thumbnailUrl\":\"https:\/\/zamphelmets.co\/wp-content\/uploads\/2020\/01\/H760C31300dpi.jpg\",\"datePublished\":\"2020-01-30T12:50:44+00:00\",\"dateModified\":\"2026-04-07T10:12:26+00:00\",\"description\":\"Le Zamp RZ 70E Blue\/Light Blue est le casque polyvalent par excellence. Casque l\u00e9ger FIA 8859 avec plusieurs configurations disponibles pour la journ\u00e9e de course.\",\"breadcrumb\":{\"@id\":\"https:\/\/zamphelmets.co\/fr\/produit\/interrupteur-rz-70e-bleu-bleu-clair\/#breadcrumb\"},\"inLanguage\":\"fr-FR\",\"potentialAction\":[{\"@type\":\"ReadAction\",\"target\":[\"https:\/\/zamphelmets.co\/fr\/produit\/interrupteur-rz-70e-bleu-bleu-clair\/\"]}]},{\"@type\":\"ImageObject\",\"inLanguage\":\"fr-FR\",\"@id\":\"https:\/\/zamphelmets.co\/fr\/produit\/interrupteur-rz-70e-bleu-bleu-clair\/#primaryimage\",\"url\":\"https:\/\/zamphelmets.co\/wp-content\/uploads\/2020\/01\/H760C31300dpi.jpg\",\"contentUrl\":\"https:\/\/zamphelmets.co\/wp-content\/uploads\/2020\/01\/H760C31300dpi.jpg\",\"width\":1500,\"height\":1500,\"caption\":\"Casque de course Zamp RZ 70E bleu\"},{\"@type\":\"BreadcrumbList\",\"@id\":\"https:\/\/zamphelmets.co\/fr\/produit\/interrupteur-rz-70e-bleu-bleu-clair\/#breadcrumb\",\"itemListElement\":[{\"@type\":\"ListItem\",\"position\":1,\"name\":\"Boutique\",\"item\":\"https:\/\/zamphelmets.co\/fr\/boutique\/\"},{\"@type\":\"ListItem\",\"position\":2,\"name\":\"Interrupteur RZ 70E Bleu \/ Bleu clair\"}]},{\"@type\":\"WebSite\",\"@id\":\"https:\/\/zamphelmets.co\/fr\/#website\",\"url\":\"https:\/\/zamphelmets.co\/fr\/\",\"name\":\"Zamp Helmets | Helmet 28 EU\",\"description\":\"High Quality Motorsport Helmets\",\"potentialAction\":[{\"@type\":\"SearchAction\",\"target\":{\"@type\":\"EntryPoint\",\"urlTemplate\":\"https:\/\/zamphelmets.co\/fr\/?s={search_term_string}\"},\"query-input\":{\"@type\":\"PropertyValueSpecification\",\"valueRequired\":true,\"valueName\":\"search_term_string\"}}],\"inLanguage\":\"fr-FR\"}]}<\/script>\n<!-- \/ Yoast SEO plugin. -->","yoast_head_json":{"title":"Interrupteur RZ 70E Bleu \/ Bleu clair \u20ac515. - Zamp Helmets | Helmet 28 EU","description":"Le Zamp RZ 70E Blue\/Light Blue est le casque polyvalent par excellence. Casque l\u00e9ger FIA 8859 avec plusieurs configurations disponibles pour la journ\u00e9e de course.","robots":{"index":"index","follow":"follow","max-snippet":"max-snippet:-1","max-image-preview":"max-image-preview:large","max-video-preview":"max-video-preview:-1"},"canonical":"https:\/\/zamphelmets.co\/fr\/produit\/interrupteur-rz-70e-bleu-bleu-clair\/","og_locale":"fr_FR","og_type":"article","og_title":"Interrupteur RZ 70E Bleu \/ Bleu clair \u20ac515. - Zamp Helmets | Helmet 28 EU","og_description":"Le Zamp RZ 70E Blue\/Light Blue est le casque polyvalent par excellence. Casque l\u00e9ger FIA 8859 avec plusieurs configurations disponibles pour la journ\u00e9e de course.","og_url":"https:\/\/zamphelmets.co\/fr\/produit\/interrupteur-rz-70e-bleu-bleu-clair\/","og_site_name":"Zamp Helmets | Helmet 28 EU","article_modified_time":"2026-04-07T10:12:26+00:00","og_image":[{"width":1500,"height":1500,"url":"https:\/\/zamphelmets.co\/wp-content\/uploads\/2020\/01\/H760C31300dpi.jpg","type":"image\/jpeg"}],"twitter_card":"summary_large_image","twitter_misc":{"Est. reading time":"1 minute"},"schema":{"@context":"https:\/\/schema.org","@graph":[{"@type":"WebPage","@id":"https:\/\/zamphelmets.co\/fr\/produit\/interrupteur-rz-70e-bleu-bleu-clair\/","url":"https:\/\/zamphelmets.co\/fr\/produit\/interrupteur-rz-70e-bleu-bleu-clair\/","name":"Interrupteur RZ 70E Bleu \/ Bleu clair \u20ac515. - Zamp Helmets | Helmet 28 EU","isPartOf":{"@id":"https:\/\/zamphelmets.co\/fr\/#website"},"primaryImageOfPage":{"@id":"https:\/\/zamphelmets.co\/fr\/produit\/interrupteur-rz-70e-bleu-bleu-clair\/#primaryimage"},"image":{"@id":"https:\/\/zamphelmets.co\/fr\/produit\/interrupteur-rz-70e-bleu-bleu-clair\/#primaryimage"},"thumbnailUrl":"https:\/\/zamphelmets.co\/wp-content\/uploads\/2020\/01\/H760C31300dpi.jpg","datePublished":"2020-01-30T12:50:44+00:00","dateModified":"2026-04-07T10:12:26+00:00","description":"Le Zamp RZ 70E Blue\/Light Blue est le casque polyvalent par excellence. Casque l\u00e9ger FIA 8859 avec plusieurs configurations disponibles pour la journ\u00e9e de course.","breadcrumb":{"@id":"https:\/\/zamphelmets.co\/fr\/produit\/interrupteur-rz-70e-bleu-bleu-clair\/#breadcrumb"},"inLanguage":"fr-FR","potentialAction":[{"@type":"ReadAction","target":["https:\/\/zamphelmets.co\/fr\/produit\/interrupteur-rz-70e-bleu-bleu-clair\/"]}]},{"@type":"ImageObject","inLanguage":"fr-FR","@id":"https:\/\/zamphelmets.co\/fr\/produit\/interrupteur-rz-70e-bleu-bleu-clair\/#primaryimage","url":"https:\/\/zamphelmets.co\/wp-content\/uploads\/2020\/01\/H760C31300dpi.jpg","contentUrl":"https:\/\/zamphelmets.co\/wp-content\/uploads\/2020\/01\/H760C31300dpi.jpg","width":1500,"height":1500,"caption":"Casque de course Zamp RZ 70E bleu"},{"@type":"BreadcrumbList","@id":"https:\/\/zamphelmets.co\/fr\/produit\/interrupteur-rz-70e-bleu-bleu-clair\/#breadcrumb","itemListElement":[{"@type":"ListItem","position":1,"name":"Boutique","item":"https:\/\/zamphelmets.co\/fr\/boutique\/"},{"@type":"ListItem","position":2,"name":"Interrupteur RZ 70E Bleu \/ Bleu clair"}]},{"@type":"WebSite","@id":"https:\/\/zamphelmets.co\/fr\/#website","url":"https:\/\/zamphelmets.co\/fr\/","name":"Zamp Helmets | Helmet 28 EU","description":"High Quality Motorsport Helmets","potentialAction":[{"@type":"SearchAction","target":{"@type":"EntryPoint","urlTemplate":"https:\/\/zamphelmets.co\/fr\/?s={search_term_string}"},"query-input":{"@type":"PropertyValueSpecification","valueRequired":true,"valueName":"search_term_string"}}],"inLanguage":"fr-FR"}]}},"_links":{"self":[{"href":"https:\/\/zamphelmets.co\/fr\/wp-json\/wp\/v2\/product\/24064","targetHints":{"allow":["GET"]}}],"collection":[{"href":"https:\/\/zamphelmets.co\/fr\/wp-json\/wp\/v2\/product"}],"about":[{"href":"https:\/\/zamphelmets.co\/fr\/wp-json\/wp\/v2\/types\/product"}],"replies":[{"embeddable":true,"href":"https:\/\/zamphelmets.co\/fr\/wp-json\/wp\/v2\/comments?post=24064"}],"wp:featuredmedia":[{"embeddable":true,"href":"https:\/\/zamphelmets.co\/fr\/wp-json\/wp\/v2\/media\/11260"}],"wp:attachment":[{"href":"https:\/\/zamphelmets.co\/fr\/wp-json\/wp\/v2\/media?parent=24064"}],"wp:term":[{"taxonomy":"product_brand","embeddable":true,"href":"https:\/\/zamphelmets.co\/fr\/wp-json\/wp\/v2\/product_brand?post=24064"},{"taxonomy":"product_cat","embeddable":true,"href":"https:\/\/zamphelmets.co\/fr\/wp-json\/wp\/v2\/product_cat?post=24064"},{"taxonomy":"product_tag","embeddable":true,"href":"https:\/\/zamphelmets.co\/fr\/wp-json\/wp\/v2\/product_tag?post=24064"}],"curies":[{"name":"wp","href":"https:\/\/api.w.org\/{rel}","templated":true}]}}