{"id":23964,"date":"2022-02-23T16:32:59","date_gmt":"2022-02-23T16:32:59","guid":{"rendered":"https:\/\/zamphelmets.co\/product\/visieres-z20-antifog-series\/"},"modified":"2026-04-23T08:33:42","modified_gmt":"2026-04-23T08:33:42","slug":"visieres-z20-antifog-series","status":"publish","type":"product","link":"https:\/\/zamphelmets.co\/fr\/produit\/visieres-z20-antifog-series\/","title":{"rendered":"Visi\u00e8res Z20 AntiFog Series"},"content":{"rendered":"<p class=\"_3vFF3xH4Yd\">Les \u00e9crans de la s\u00e9rie Zamp Z-20 sont con\u00e7us pour s&rsquo;adapter \u00e0 tous les casques de la s\u00e9rie Zamp RZ. Les boucliers Zamp Z-20 ont une \u00e9paisseur de 3 mm et sont dot\u00e9s de poteaux d\u00e9tachables. Toutes les visi\u00e8res Z-20 sont \u00e9galement dot\u00e9es d&rsquo;un rev\u00eatement antibu\u00e9e de premi\u00e8re qualit\u00e9 <a href=\"https:\/\/youtu.be\/4oJ1dM1s-HE\">https:\/\/youtu.be\/4oJ1dM1s-HE<\/a><\/p>\n<p><strong><span style=\"color: black; font-size: 10pt;\">Zamp Z-20 Shield Replacement :<\/span><\/strong><\/p>\n<p><span style=\"color: black; font-size: 10pt;\">REMARQUE : Il est important de ne pas utiliser d&rsquo;outils \u00e9lectriques et de ne pas trop serrer les vis lors du remplacement des boucliers.<\/span><\/p>\n<p><strong><br \/>\n  <span style=\"color: black; font-size: 10pt;\">\u00c9tape 1 <\/span><br \/>\n<\/strong><span style=\"color: black; font-size: 10pt;\">Posez une serviette sur une surface plane et posez-y le casque.<\/span><\/p>\n<p><strong><span style=\"color: black; font-size: 10pt;\">\u00c9tape 2  <\/span><\/strong><span style=\"color: black; font-size: 10pt;\">Retirez les tendeurs de pivot de bouclier de chaque c\u00f4t\u00e9. Il s&rsquo;agit de la plus petite vis situ\u00e9e sur les c\u00f4t\u00e9s du bouclier.<\/span><\/p>\n<p><strong><span style=\"color: black; font-size: 10pt;\">\u00c9tape 3  <\/span><\/strong><span style=\"color: black; font-size: 10pt;\">Retirez les vis de pivotement du bouclier de chaque c\u00f4t\u00e9. Il s&rsquo;agit de la vis la plus grande sur le c\u00f4t\u00e9 du bouclier. Pour de meilleurs r\u00e9sultats, nous vous conseillons d&rsquo;utiliser une pi\u00e8ce de vingt-cinq cents pour desserrer ou resserrer ce dispositif.<\/span><\/p>\n<p><strong><span style=\"color: black; font-size: 10pt;\">\u00c9tape 4  <\/span><\/strong><span style=\"color: black; font-size: 10pt;\">Retirez le bouclier. Nous vous conseillons d&rsquo;utiliser une serviette en tissu pour essuyer le joint en caoutchouc ainsi que l&rsquo;endroit o\u00f9 l&rsquo;\u00e9cran se fixe au casque pour obtenir les meilleurs r\u00e9sultats.<\/span><\/p>\n<p><strong><span style=\"color: black; font-size: 10pt;\">\u00c9tape 5  <\/span><\/strong><span style=\"color: black; font-size: 10pt;\">Placez l&rsquo;\u00e9cran sur le casque. Il y a deux rondelles blanches entre l&rsquo;\u00e9cran et le casque, assurez-vous qu&rsquo;elles sont en place avant de r\u00e9installer l&rsquo;\u00e9cran.<\/span><\/p>\n<p><strong><span style=\"color: black; font-size: 10pt;\">\u00c9tape 6  <\/span><\/strong><span style=\"color: black; font-size: 10pt;\">Un filet \u00e0 main dans les pivots du bouclier (vis plus grande) pour maintenir le bouclier en place. Une fois le filetage effectu\u00e9 \u00e0 la main, utilisez une pi\u00e8ce de monnaie et serrez jusqu&rsquo;\u00e0 ce qu&rsquo;ils soient bien ajust\u00e9s \u00e0 la coque du casque. Ne serrez pas trop fort.<\/span><\/p>\n<p><strong><br \/>\n  <span style=\"color: black; font-size: 10pt;\">\u00c9tape 7 <\/span><br \/>\n<\/strong><span style=\"color: black; font-size: 10pt;\">Enfilez \u00e0 la main les tendeurs de pivot de bouclier, puis serrez-les \u00e0 la tension souhait\u00e9e pour le mouvement du bouclier.<\/span><\/p>\n<p>&nbsp;<\/p>\n","protected":false},"excerpt":{"rendered":"[embed]https:\/\/www.youtube.com\/watch?v=DAw7PA8v1I0&amp;feature=emb_title[\/embed]\n","protected":false},"featured_media":18540,"comment_status":"open","ping_status":"closed","template":"","meta":{"_acf_changed":false,"_iconic_wsb_product_page_order_bump_ids":[[]],"_sku":[],"_iconic_wsb_product_page_bump_modal_ids":[[]]},"product_brand":[],"product_cat":[170,299,141],"product_tag":[],"class_list":{"0":"post-23964","1":"product","2":"type-product","3":"status-publish","4":"has-post-thumbnail","6":"product_cat-accessoires-fr","7":"product_cat-visieres","8":"product_cat-zamp-fr","10":"first","11":"onbackorder","12":"taxable","13":"shipping-taxable","14":"purchasable","15":"product-type-variable"},"acf":[],"yoast_head":"<!-- This site is optimized with the Yoast SEO plugin v27.0 - https:\/\/yoast.com\/product\/yoast-seo-wordpress\/ -->\n<title>Visi\u00e8res Z20 AntiFog Series - Parfait dans le Wet - Zamp Helmets | Helmet 28 EU<\/title>\n<meta name=\"description\" content=\"La s\u00e9rie de visi\u00e8res antibu\u00e9e Zamp est con\u00e7ue pour fonctionner dans les conditions les plus difficiles gr\u00e2ce \u00e0 notre rev\u00eatement de premi\u00e8re qualit\u00e9 qui garantit des conditions de course optimales.\" \/>\n<meta name=\"robots\" content=\"index, follow, max-snippet:-1, max-image-preview:large, max-video-preview:-1\" \/>\n<link rel=\"canonical\" href=\"https:\/\/zamphelmets.co\/fr\/produit\/visieres-z20-antifog-series\/\" \/>\n<meta property=\"og:locale\" content=\"fr_FR\" \/>\n<meta property=\"og:type\" content=\"article\" \/>\n<meta property=\"og:title\" content=\"Visi\u00e8res Z20 AntiFog Series - Parfait dans le Wet - Zamp Helmets | Helmet 28 EU\" \/>\n<meta property=\"og:description\" content=\"La s\u00e9rie de visi\u00e8res antibu\u00e9e Zamp est con\u00e7ue pour fonctionner dans les conditions les plus difficiles gr\u00e2ce \u00e0 notre rev\u00eatement de premi\u00e8re qualit\u00e9 qui garantit des conditions de course optimales.\" \/>\n<meta property=\"og:url\" content=\"https:\/\/zamphelmets.co\/fr\/produit\/visieres-z20-antifog-series\/\" \/>\n<meta property=\"og:site_name\" content=\"Zamp Helmets | Helmet 28 EU\" \/>\n<meta property=\"article:modified_time\" content=\"2026-04-23T08:33:42+00:00\" \/>\n<meta property=\"og:image\" content=\"https:\/\/zamphelmets.co\/wp-content\/uploads\/2022\/02\/HASZF20CL.jpg\" \/>\n\t<meta property=\"og:image:width\" content=\"1500\" \/>\n\t<meta property=\"og:image:height\" content=\"1500\" \/>\n\t<meta property=\"og:image:type\" content=\"image\/jpeg\" \/>\n<meta name=\"twitter:card\" content=\"summary_large_image\" \/>\n<meta name=\"twitter:label1\" content=\"Est. reading time\" \/>\n\t<meta name=\"twitter:data1\" content=\"2 minutes\" \/>\n<script type=\"application\/ld+json\" class=\"yoast-schema-graph\">{\"@context\":\"https:\/\/schema.org\",\"@graph\":[{\"@type\":\"WebPage\",\"@id\":\"https:\/\/zamphelmets.co\/fr\/produit\/visieres-z20-antifog-series\/\",\"url\":\"https:\/\/zamphelmets.co\/fr\/produit\/visieres-z20-antifog-series\/\",\"name\":\"Visi\u00e8res Z20 AntiFog Series - Parfait dans le Wet - Zamp Helmets | Helmet 28 EU\",\"isPartOf\":{\"@id\":\"https:\/\/zamphelmets.co\/fr\/#website\"},\"primaryImageOfPage\":{\"@id\":\"https:\/\/zamphelmets.co\/fr\/produit\/visieres-z20-antifog-series\/#primaryimage\"},\"image\":{\"@id\":\"https:\/\/zamphelmets.co\/fr\/produit\/visieres-z20-antifog-series\/#primaryimage\"},\"thumbnailUrl\":\"https:\/\/zamphelmets.co\/wp-content\/uploads\/2022\/02\/HASZF20CL.jpg\",\"datePublished\":\"2022-02-23T16:32:59+00:00\",\"dateModified\":\"2026-04-23T08:33:42+00:00\",\"description\":\"La s\u00e9rie de visi\u00e8res antibu\u00e9e Zamp est con\u00e7ue pour fonctionner dans les conditions les plus difficiles gr\u00e2ce \u00e0 notre rev\u00eatement de premi\u00e8re qualit\u00e9 qui garantit des conditions de course optimales.\",\"breadcrumb\":{\"@id\":\"https:\/\/zamphelmets.co\/fr\/produit\/visieres-z20-antifog-series\/#breadcrumb\"},\"inLanguage\":\"fr-FR\",\"potentialAction\":[{\"@type\":\"ReadAction\",\"target\":[\"https:\/\/zamphelmets.co\/fr\/produit\/visieres-z20-antifog-series\/\"]}]},{\"@type\":\"ImageObject\",\"inLanguage\":\"fr-FR\",\"@id\":\"https:\/\/zamphelmets.co\/fr\/produit\/visieres-z20-antifog-series\/#primaryimage\",\"url\":\"https:\/\/zamphelmets.co\/wp-content\/uploads\/2022\/02\/HASZF20CL.jpg\",\"contentUrl\":\"https:\/\/zamphelmets.co\/wp-content\/uploads\/2022\/02\/HASZF20CL.jpg\",\"width\":1500,\"height\":1500},{\"@type\":\"BreadcrumbList\",\"@id\":\"https:\/\/zamphelmets.co\/fr\/produit\/visieres-z20-antifog-series\/#breadcrumb\",\"itemListElement\":[{\"@type\":\"ListItem\",\"position\":1,\"name\":\"Boutique\",\"item\":\"https:\/\/zamphelmets.co\/fr\/boutique\/\"},{\"@type\":\"ListItem\",\"position\":2,\"name\":\"Visi\u00e8res Z20 AntiFog Series\"}]},{\"@type\":\"WebSite\",\"@id\":\"https:\/\/zamphelmets.co\/fr\/#website\",\"url\":\"https:\/\/zamphelmets.co\/fr\/\",\"name\":\"Zamp Helmets | Helmet 28 EU\",\"description\":\"High Quality Motorsport Helmets\",\"potentialAction\":[{\"@type\":\"SearchAction\",\"target\":{\"@type\":\"EntryPoint\",\"urlTemplate\":\"https:\/\/zamphelmets.co\/fr\/?s={search_term_string}\"},\"query-input\":{\"@type\":\"PropertyValueSpecification\",\"valueRequired\":true,\"valueName\":\"search_term_string\"}}],\"inLanguage\":\"fr-FR\"}]}<\/script>\n<!-- \/ Yoast SEO plugin. -->","yoast_head_json":{"title":"Visi\u00e8res Z20 AntiFog Series - Parfait dans le Wet - Zamp Helmets | Helmet 28 EU","description":"La s\u00e9rie de visi\u00e8res antibu\u00e9e Zamp est con\u00e7ue pour fonctionner dans les conditions les plus difficiles gr\u00e2ce \u00e0 notre rev\u00eatement de premi\u00e8re qualit\u00e9 qui garantit des conditions de course optimales.","robots":{"index":"index","follow":"follow","max-snippet":"max-snippet:-1","max-image-preview":"max-image-preview:large","max-video-preview":"max-video-preview:-1"},"canonical":"https:\/\/zamphelmets.co\/fr\/produit\/visieres-z20-antifog-series\/","og_locale":"fr_FR","og_type":"article","og_title":"Visi\u00e8res Z20 AntiFog Series - Parfait dans le Wet - Zamp Helmets | Helmet 28 EU","og_description":"La s\u00e9rie de visi\u00e8res antibu\u00e9e Zamp est con\u00e7ue pour fonctionner dans les conditions les plus difficiles gr\u00e2ce \u00e0 notre rev\u00eatement de premi\u00e8re qualit\u00e9 qui garantit des conditions de course optimales.","og_url":"https:\/\/zamphelmets.co\/fr\/produit\/visieres-z20-antifog-series\/","og_site_name":"Zamp Helmets | Helmet 28 EU","article_modified_time":"2026-04-23T08:33:42+00:00","og_image":[{"width":1500,"height":1500,"url":"https:\/\/zamphelmets.co\/wp-content\/uploads\/2022\/02\/HASZF20CL.jpg","type":"image\/jpeg"}],"twitter_card":"summary_large_image","twitter_misc":{"Est. reading time":"2 minutes"},"schema":{"@context":"https:\/\/schema.org","@graph":[{"@type":"WebPage","@id":"https:\/\/zamphelmets.co\/fr\/produit\/visieres-z20-antifog-series\/","url":"https:\/\/zamphelmets.co\/fr\/produit\/visieres-z20-antifog-series\/","name":"Visi\u00e8res Z20 AntiFog Series - Parfait dans le Wet - Zamp Helmets | Helmet 28 EU","isPartOf":{"@id":"https:\/\/zamphelmets.co\/fr\/#website"},"primaryImageOfPage":{"@id":"https:\/\/zamphelmets.co\/fr\/produit\/visieres-z20-antifog-series\/#primaryimage"},"image":{"@id":"https:\/\/zamphelmets.co\/fr\/produit\/visieres-z20-antifog-series\/#primaryimage"},"thumbnailUrl":"https:\/\/zamphelmets.co\/wp-content\/uploads\/2022\/02\/HASZF20CL.jpg","datePublished":"2022-02-23T16:32:59+00:00","dateModified":"2026-04-23T08:33:42+00:00","description":"La s\u00e9rie de visi\u00e8res antibu\u00e9e Zamp est con\u00e7ue pour fonctionner dans les conditions les plus difficiles gr\u00e2ce \u00e0 notre rev\u00eatement de premi\u00e8re qualit\u00e9 qui garantit des conditions de course optimales.","breadcrumb":{"@id":"https:\/\/zamphelmets.co\/fr\/produit\/visieres-z20-antifog-series\/#breadcrumb"},"inLanguage":"fr-FR","potentialAction":[{"@type":"ReadAction","target":["https:\/\/zamphelmets.co\/fr\/produit\/visieres-z20-antifog-series\/"]}]},{"@type":"ImageObject","inLanguage":"fr-FR","@id":"https:\/\/zamphelmets.co\/fr\/produit\/visieres-z20-antifog-series\/#primaryimage","url":"https:\/\/zamphelmets.co\/wp-content\/uploads\/2022\/02\/HASZF20CL.jpg","contentUrl":"https:\/\/zamphelmets.co\/wp-content\/uploads\/2022\/02\/HASZF20CL.jpg","width":1500,"height":1500},{"@type":"BreadcrumbList","@id":"https:\/\/zamphelmets.co\/fr\/produit\/visieres-z20-antifog-series\/#breadcrumb","itemListElement":[{"@type":"ListItem","position":1,"name":"Boutique","item":"https:\/\/zamphelmets.co\/fr\/boutique\/"},{"@type":"ListItem","position":2,"name":"Visi\u00e8res Z20 AntiFog Series"}]},{"@type":"WebSite","@id":"https:\/\/zamphelmets.co\/fr\/#website","url":"https:\/\/zamphelmets.co\/fr\/","name":"Zamp Helmets | Helmet 28 EU","description":"High Quality Motorsport Helmets","potentialAction":[{"@type":"SearchAction","target":{"@type":"EntryPoint","urlTemplate":"https:\/\/zamphelmets.co\/fr\/?s={search_term_string}"},"query-input":{"@type":"PropertyValueSpecification","valueRequired":true,"valueName":"search_term_string"}}],"inLanguage":"fr-FR"}]}},"_links":{"self":[{"href":"https:\/\/zamphelmets.co\/fr\/wp-json\/wp\/v2\/product\/23964","targetHints":{"allow":["GET"]}}],"collection":[{"href":"https:\/\/zamphelmets.co\/fr\/wp-json\/wp\/v2\/product"}],"about":[{"href":"https:\/\/zamphelmets.co\/fr\/wp-json\/wp\/v2\/types\/product"}],"replies":[{"embeddable":true,"href":"https:\/\/zamphelmets.co\/fr\/wp-json\/wp\/v2\/comments?post=23964"}],"wp:featuredmedia":[{"embeddable":true,"href":"https:\/\/zamphelmets.co\/fr\/wp-json\/wp\/v2\/media\/18540"}],"wp:attachment":[{"href":"https:\/\/zamphelmets.co\/fr\/wp-json\/wp\/v2\/media?parent=23964"}],"wp:term":[{"taxonomy":"product_brand","embeddable":true,"href":"https:\/\/zamphelmets.co\/fr\/wp-json\/wp\/v2\/product_brand?post=23964"},{"taxonomy":"product_cat","embeddable":true,"href":"https:\/\/zamphelmets.co\/fr\/wp-json\/wp\/v2\/product_cat?post=23964"},{"taxonomy":"product_tag","embeddable":true,"href":"https:\/\/zamphelmets.co\/fr\/wp-json\/wp\/v2\/product_tag?post=23964"}],"curies":[{"name":"wp","href":"https:\/\/api.w.org\/{rel}","templated":true}]}}