{"id":23385,"date":"2023-01-17T19:26:01","date_gmt":"2023-01-17T19:26:01","guid":{"rendered":"https:\/\/zamphelmets.co\/product\/rz-42-youth-noir-rouge\/"},"modified":"2026-04-08T21:34:24","modified_gmt":"2026-04-08T21:34:24","slug":"rz-42-youth-noir-rouge","status":"publish","type":"product","link":"https:\/\/zamphelmets.co\/fr\/produit\/rz-42-youth-noir-rouge\/","title":{"rendered":"RZ 42 Youth Noir \/ Rouge"},"content":{"rendered":"<p class=\"_3vFF3xH4Yd\" dir=\"ltr\">Tout nouveau pour 2023, le Zamp RZ-42Y CMR Youth Black\/Red est le casque de karting ultime avec CMR2016. Con\u00e7u pour les pilotes juniors de karting qui ont besoin de l&rsquo;homologation CMR standard. Dot\u00e9 de caract\u00e9ristiques modernes, le RZ-42Y est <strong>plus petit<\/strong> et plus <strong>l\u00e9ger<\/strong>, mais il est dot\u00e9 des m\u00eames caract\u00e9ristiques que le casque adulte.<\/p>\n<p dir=\"ltr\"><strong>Il s&rsquo;agit d&rsquo;un casque con\u00e7u sp\u00e9cifiquement pour les enfants. Il n&rsquo;est pas appropri\u00e9 de porter ce casque en tant qu&rsquo;adulte, voir le <a href=\"https:\/\/zamphelmets.co\/faqs\/#:~:text=I%20Have%20A%20Small%20Head%2C%20Can%20I%20Wear%20A%20Youth%20Helmet%3F\">LIEN ICI<\/a> pour plus de d\u00e9tails.<\/strong><\/p>\n<p dir=\"ltr\">Fabriqu\u00e9 \u00e0 partir d&rsquo;une coque en fibre de verre composite ultra-l\u00e9g\u00e8re, avec de multiples a\u00e9rations pour une ventilation optimale. Le casque est \u00e9galement \u00e9quip\u00e9 de doublures amovibles pour faciliter le lavage de votre casque.<\/p>\n<p dir=\"ltr\">Ce casque pr\u00e9peint en noir et rouge est d&rsquo;une finition exceptionnelle et se distingue des autres casques de grandes marques par sa position de leader sur le march\u00e9. Le graphisme Zamp noir\/rouge offre une excellente alternative \u00e0 l&rsquo;achat d&rsquo;une peinture d&rsquo;apr\u00e8s-vente pour une fraction du prix.<\/p>\n<ul>\n<li class=\"_3vFF3xH4Yd\">Une coque plus petite et plus l\u00e9g\u00e8re<\/li>\n<li class=\"_3vFF3xH4Yd\">Coquille l\u00e9g\u00e8re en composite Kevlar Mix<\/li>\n<li class=\"_3vFF3xH4Yd\">Int\u00e9rieur pelucheux ignifug\u00e9<\/li>\n<li class=\"_3vFF3xH4Yd\">S\u00e9rie Z-20 \u00c9cran transparent de 2,5 mm<\/li>\n<li>Spoiler arri\u00e8re inclus<\/li>\n<li class=\"_3vFF3xH4Yd\">Doublure confort amovible et lavable<\/li>\n<li>Prise d&rsquo;air sup\u00e9rieure et bouches d&rsquo;a\u00e9ration au niveau de la barre de menton. Permet de faire fonctionner l&rsquo;option accessoire Air forc\u00e9<\/li>\n<li class=\"_3vFF3xH4Yd\">Norme SNELL CMR2016<\/li>\n<li class=\"_3vFF3xH4Yd\">Tailles disponibles : 52cm, 54cm, 56cm, 57cm, 59cm<\/li>\n<\/ul>\n<p>&nbsp;<\/p>\n<p>Remarque : si vous \u00eates entre deux tailles, nous vous recommandons de choisir une taille au-dessus de votre taille habituelle pour un confort optimal et un bon positionnement du casque.<\/p>\n<p><img decoding=\"async\" class=\"alignnone wp-image-202049 lazyload\" data-src=\"https:\/\/zamphelmets.co\/wp-content\/uploads\/2025\/05\/Zamp-Helmets-sizing-guide-scaled.png\" alt=\"\" width=\"518\" height=\"518\" data-srcset=\"https:\/\/zamphelmets.co\/wp-content\/uploads\/2025\/05\/Zamp-Helmets-sizing-guide-scaled.png 2560w, https:\/\/zamphelmets.co\/wp-content\/uploads\/2025\/05\/Zamp-Helmets-sizing-guide-300x300.png 300w, https:\/\/zamphelmets.co\/wp-content\/uploads\/2025\/05\/Zamp-Helmets-sizing-guide-1024x1024.png 1024w, https:\/\/zamphelmets.co\/wp-content\/uploads\/2025\/05\/Zamp-Helmets-sizing-guide-150x150.png 150w, https:\/\/zamphelmets.co\/wp-content\/uploads\/2025\/05\/Zamp-Helmets-sizing-guide-768x768.png 768w, https:\/\/zamphelmets.co\/wp-content\/uploads\/2025\/05\/Zamp-Helmets-sizing-guide-1536x1536.png 1536w, https:\/\/zamphelmets.co\/wp-content\/uploads\/2025\/05\/Zamp-Helmets-sizing-guide-2048x2048.png 2048w, https:\/\/zamphelmets.co\/wp-content\/uploads\/2025\/05\/Zamp-Helmets-sizing-guide-600x600.png 600w, https:\/\/zamphelmets.co\/wp-content\/uploads\/2025\/05\/Zamp-Helmets-sizing-guide-100x100.png 100w\" data-sizes=\"(max-width: 518px) 100vw, 518px\" src=\"data:image\/svg+xml;base64,PHN2ZyB3aWR0aD0iMSIgaGVpZ2h0PSIxIiB4bWxucz0iaHR0cDovL3d3dy53My5vcmcvMjAwMC9zdmciPjwvc3ZnPg==\" style=\"--smush-placeholder-width: 518px; --smush-placeholder-aspect-ratio: 518\/518;\" \/><\/p>\n<div id=\"product-10089\" class=\"product type-product post-10089 status-publish first instock product_cat-fia product_cat-snell-2020-sa2020 product_cat-zamp has-post-thumbnail taxable shipping-taxable purchasable product-type-variable\">\n<div class=\"woocommerce-tabs wc-tabs-wrapper\">\n<div id=\"tab-description\" class=\"woocommerce-Tabs-panel woocommerce-Tabs-panel--description panel entry-content wc-tab\" role=\"tabpanel\" aria-labelledby=\"tab-title-description\">\n<p><strong>Vous n&rsquo;\u00eates pas s\u00fbr de la taille ? <\/strong><a href=\"https:\/\/form.jotform.com\/251263198513053\">Remplissez notre formulaire de dimensionnement<\/a> et un membre de l&rsquo;\u00e9quipe vous contactera pour vous faire part de nos recommandations.<\/p>\n<\/div>\n<\/div>\n<\/div>\n","protected":false},"excerpt":{"rendered":"<p>Tout nouveau pour 2023, le Zamp RZ-42Y CMR Youth Black\/Red est le casque de karting ultime avec CMR2016. Con\u00e7u pour les pilotes juniors de karting qui ont besoin de l&rsquo;homologation CMR standard. Dot\u00e9 de caract\u00e9ristiques modernes, le RZ-42Y est plus petit et plus l\u00e9ger, mais il est dot\u00e9 des m\u00eames caract\u00e9ristiques que le casque adulte. [&hellip;]<\/p>\n","protected":false},"featured_media":18155,"comment_status":"open","ping_status":"closed","template":"","meta":{"_acf_changed":false,"_iconic_wsb_product_page_order_bump_ids":[[]],"_sku":["HE753C42"],"_iconic_wsb_product_page_bump_modal_ids":[[]]},"product_brand":[],"product_cat":[142,286,141],"product_tag":[],"class_list":{"0":"post-23385","1":"product","2":"type-product","3":"status-publish","4":"has-post-thumbnail","6":"product_cat-casques-zamp","7":"product_cat-jeunes-cmr-2016","8":"product_cat-zamp-fr","10":"first","11":"instock","12":"taxable","13":"shipping-taxable","14":"purchasable","15":"product-type-variable"},"acf":[],"yoast_head":"<!-- This site is optimized with the Yoast SEO plugin v27.0 - https:\/\/yoast.com\/product\/yoast-seo-wordpress\/ -->\n<title>RZ 42 Youth Noir \/ Rouge \u20ac270.83 - Zamp Helmets | Helmet 28 EU<\/title>\n<meta name=\"description\" content=\"Le Zamp RZ 42Y est disponible dans un tout nouveau graphisme noir\/rouge. Le casque CMR 2016 le plus populaire vient de changer de look\" \/>\n<meta name=\"robots\" content=\"index, follow, max-snippet:-1, max-image-preview:large, max-video-preview:-1\" \/>\n<link rel=\"canonical\" href=\"https:\/\/zamphelmets.co\/fr\/produit\/rz-42-youth-noir-rouge\/\" \/>\n<meta property=\"og:locale\" content=\"fr_FR\" \/>\n<meta property=\"og:type\" content=\"article\" \/>\n<meta property=\"og:title\" content=\"RZ 42 Youth Noir \/ Rouge \u20ac270.83 - Zamp Helmets | Helmet 28 EU\" \/>\n<meta property=\"og:description\" content=\"Le Zamp RZ 42Y est disponible dans un tout nouveau graphisme noir\/rouge. Le casque CMR 2016 le plus populaire vient de changer de look\" \/>\n<meta property=\"og:url\" content=\"https:\/\/zamphelmets.co\/fr\/produit\/rz-42-youth-noir-rouge\/\" \/>\n<meta property=\"og:site_name\" content=\"Zamp Helmets | Helmet 28 EU\" \/>\n<meta property=\"article:modified_time\" content=\"2026-04-08T21:34:24+00:00\" \/>\n<meta property=\"og:image\" content=\"https:\/\/zamphelmets.co\/wp-content\/uploads\/2023\/01\/RZ-42Y-BlackRed.jpg\" \/>\n\t<meta property=\"og:image:width\" content=\"1500\" \/>\n\t<meta property=\"og:image:height\" content=\"1500\" \/>\n\t<meta property=\"og:image:type\" content=\"image\/jpeg\" \/>\n<meta name=\"twitter:card\" content=\"summary_large_image\" \/>\n<meta name=\"twitter:label1\" content=\"Est. reading time\" \/>\n\t<meta name=\"twitter:data1\" content=\"2 minutes\" \/>\n<script type=\"application\/ld+json\" class=\"yoast-schema-graph\">{\"@context\":\"https:\/\/schema.org\",\"@graph\":[{\"@type\":\"WebPage\",\"@id\":\"https:\/\/zamphelmets.co\/fr\/produit\/rz-42-youth-noir-rouge\/\",\"url\":\"https:\/\/zamphelmets.co\/fr\/produit\/rz-42-youth-noir-rouge\/\",\"name\":\"RZ 42 Youth Noir \/ Rouge \u20ac270.83 - Zamp Helmets | Helmet 28 EU\",\"isPartOf\":{\"@id\":\"https:\/\/zamphelmets.co\/fr\/#website\"},\"primaryImageOfPage\":{\"@id\":\"https:\/\/zamphelmets.co\/fr\/produit\/rz-42-youth-noir-rouge\/#primaryimage\"},\"image\":{\"@id\":\"https:\/\/zamphelmets.co\/fr\/produit\/rz-42-youth-noir-rouge\/#primaryimage\"},\"thumbnailUrl\":\"https:\/\/zamphelmets.co\/wp-content\/uploads\/2023\/01\/RZ-42Y-BlackRed.jpg\",\"datePublished\":\"2023-01-17T19:26:01+00:00\",\"dateModified\":\"2026-04-08T21:34:24+00:00\",\"description\":\"Le Zamp RZ 42Y est disponible dans un tout nouveau graphisme noir\/rouge. Le casque CMR 2016 le plus populaire vient de changer de look\",\"breadcrumb\":{\"@id\":\"https:\/\/zamphelmets.co\/fr\/produit\/rz-42-youth-noir-rouge\/#breadcrumb\"},\"inLanguage\":\"fr-FR\",\"potentialAction\":[{\"@type\":\"ReadAction\",\"target\":[\"https:\/\/zamphelmets.co\/fr\/produit\/rz-42-youth-noir-rouge\/\"]}]},{\"@type\":\"ImageObject\",\"inLanguage\":\"fr-FR\",\"@id\":\"https:\/\/zamphelmets.co\/fr\/produit\/rz-42-youth-noir-rouge\/#primaryimage\",\"url\":\"https:\/\/zamphelmets.co\/wp-content\/uploads\/2023\/01\/RZ-42Y-BlackRed.jpg\",\"contentUrl\":\"https:\/\/zamphelmets.co\/wp-content\/uploads\/2023\/01\/RZ-42Y-BlackRed.jpg\",\"width\":1500,\"height\":1500},{\"@type\":\"BreadcrumbList\",\"@id\":\"https:\/\/zamphelmets.co\/fr\/produit\/rz-42-youth-noir-rouge\/#breadcrumb\",\"itemListElement\":[{\"@type\":\"ListItem\",\"position\":1,\"name\":\"Boutique\",\"item\":\"https:\/\/zamphelmets.co\/fr\/boutique\/\"},{\"@type\":\"ListItem\",\"position\":2,\"name\":\"RZ 42 Youth Noir \/ Rouge\"}]},{\"@type\":\"WebSite\",\"@id\":\"https:\/\/zamphelmets.co\/fr\/#website\",\"url\":\"https:\/\/zamphelmets.co\/fr\/\",\"name\":\"Zamp Helmets | Helmet 28 EU\",\"description\":\"High Quality Motorsport Helmets\",\"potentialAction\":[{\"@type\":\"SearchAction\",\"target\":{\"@type\":\"EntryPoint\",\"urlTemplate\":\"https:\/\/zamphelmets.co\/fr\/?s={search_term_string}\"},\"query-input\":{\"@type\":\"PropertyValueSpecification\",\"valueRequired\":true,\"valueName\":\"search_term_string\"}}],\"inLanguage\":\"fr-FR\"}]}<\/script>\n<!-- \/ Yoast SEO plugin. -->","yoast_head_json":{"title":"RZ 42 Youth Noir \/ Rouge \u20ac270.83 - Zamp Helmets | Helmet 28 EU","description":"Le Zamp RZ 42Y est disponible dans un tout nouveau graphisme noir\/rouge. Le casque CMR 2016 le plus populaire vient de changer de look","robots":{"index":"index","follow":"follow","max-snippet":"max-snippet:-1","max-image-preview":"max-image-preview:large","max-video-preview":"max-video-preview:-1"},"canonical":"https:\/\/zamphelmets.co\/fr\/produit\/rz-42-youth-noir-rouge\/","og_locale":"fr_FR","og_type":"article","og_title":"RZ 42 Youth Noir \/ Rouge \u20ac270.83 - Zamp Helmets | Helmet 28 EU","og_description":"Le Zamp RZ 42Y est disponible dans un tout nouveau graphisme noir\/rouge. Le casque CMR 2016 le plus populaire vient de changer de look","og_url":"https:\/\/zamphelmets.co\/fr\/produit\/rz-42-youth-noir-rouge\/","og_site_name":"Zamp Helmets | Helmet 28 EU","article_modified_time":"2026-04-08T21:34:24+00:00","og_image":[{"width":1500,"height":1500,"url":"https:\/\/zamphelmets.co\/wp-content\/uploads\/2023\/01\/RZ-42Y-BlackRed.jpg","type":"image\/jpeg"}],"twitter_card":"summary_large_image","twitter_misc":{"Est. reading time":"2 minutes"},"schema":{"@context":"https:\/\/schema.org","@graph":[{"@type":"WebPage","@id":"https:\/\/zamphelmets.co\/fr\/produit\/rz-42-youth-noir-rouge\/","url":"https:\/\/zamphelmets.co\/fr\/produit\/rz-42-youth-noir-rouge\/","name":"RZ 42 Youth Noir \/ Rouge \u20ac270.83 - Zamp Helmets | Helmet 28 EU","isPartOf":{"@id":"https:\/\/zamphelmets.co\/fr\/#website"},"primaryImageOfPage":{"@id":"https:\/\/zamphelmets.co\/fr\/produit\/rz-42-youth-noir-rouge\/#primaryimage"},"image":{"@id":"https:\/\/zamphelmets.co\/fr\/produit\/rz-42-youth-noir-rouge\/#primaryimage"},"thumbnailUrl":"https:\/\/zamphelmets.co\/wp-content\/uploads\/2023\/01\/RZ-42Y-BlackRed.jpg","datePublished":"2023-01-17T19:26:01+00:00","dateModified":"2026-04-08T21:34:24+00:00","description":"Le Zamp RZ 42Y est disponible dans un tout nouveau graphisme noir\/rouge. Le casque CMR 2016 le plus populaire vient de changer de look","breadcrumb":{"@id":"https:\/\/zamphelmets.co\/fr\/produit\/rz-42-youth-noir-rouge\/#breadcrumb"},"inLanguage":"fr-FR","potentialAction":[{"@type":"ReadAction","target":["https:\/\/zamphelmets.co\/fr\/produit\/rz-42-youth-noir-rouge\/"]}]},{"@type":"ImageObject","inLanguage":"fr-FR","@id":"https:\/\/zamphelmets.co\/fr\/produit\/rz-42-youth-noir-rouge\/#primaryimage","url":"https:\/\/zamphelmets.co\/wp-content\/uploads\/2023\/01\/RZ-42Y-BlackRed.jpg","contentUrl":"https:\/\/zamphelmets.co\/wp-content\/uploads\/2023\/01\/RZ-42Y-BlackRed.jpg","width":1500,"height":1500},{"@type":"BreadcrumbList","@id":"https:\/\/zamphelmets.co\/fr\/produit\/rz-42-youth-noir-rouge\/#breadcrumb","itemListElement":[{"@type":"ListItem","position":1,"name":"Boutique","item":"https:\/\/zamphelmets.co\/fr\/boutique\/"},{"@type":"ListItem","position":2,"name":"RZ 42 Youth Noir \/ Rouge"}]},{"@type":"WebSite","@id":"https:\/\/zamphelmets.co\/fr\/#website","url":"https:\/\/zamphelmets.co\/fr\/","name":"Zamp Helmets | Helmet 28 EU","description":"High Quality Motorsport Helmets","potentialAction":[{"@type":"SearchAction","target":{"@type":"EntryPoint","urlTemplate":"https:\/\/zamphelmets.co\/fr\/?s={search_term_string}"},"query-input":{"@type":"PropertyValueSpecification","valueRequired":true,"valueName":"search_term_string"}}],"inLanguage":"fr-FR"}]}},"_links":{"self":[{"href":"https:\/\/zamphelmets.co\/fr\/wp-json\/wp\/v2\/product\/23385","targetHints":{"allow":["GET"]}}],"collection":[{"href":"https:\/\/zamphelmets.co\/fr\/wp-json\/wp\/v2\/product"}],"about":[{"href":"https:\/\/zamphelmets.co\/fr\/wp-json\/wp\/v2\/types\/product"}],"replies":[{"embeddable":true,"href":"https:\/\/zamphelmets.co\/fr\/wp-json\/wp\/v2\/comments?post=23385"}],"wp:featuredmedia":[{"embeddable":true,"href":"https:\/\/zamphelmets.co\/fr\/wp-json\/wp\/v2\/media\/18155"}],"wp:attachment":[{"href":"https:\/\/zamphelmets.co\/fr\/wp-json\/wp\/v2\/media?parent=23385"}],"wp:term":[{"taxonomy":"product_brand","embeddable":true,"href":"https:\/\/zamphelmets.co\/fr\/wp-json\/wp\/v2\/product_brand?post=23385"},{"taxonomy":"product_cat","embeddable":true,"href":"https:\/\/zamphelmets.co\/fr\/wp-json\/wp\/v2\/product_cat?post=23385"},{"taxonomy":"product_tag","embeddable":true,"href":"https:\/\/zamphelmets.co\/fr\/wp-json\/wp\/v2\/product_tag?post=23385"}],"curies":[{"name":"wp","href":"https:\/\/api.w.org\/{rel}","templated":true}]}}