{"id":22844,"date":"2021-02-25T10:08:07","date_gmt":"2021-02-25T10:08:07","guid":{"rendered":"https:\/\/zamphelmets.co\/product\/rz-59-noir-mat\/"},"modified":"2026-02-16T15:19:31","modified_gmt":"2026-02-16T15:19:31","slug":"rz-59-noir-mat","status":"publish","type":"product","link":"https:\/\/zamphelmets.co\/fr\/produit\/rz-59-noir-mat\/","title":{"rendered":"RZ 59 Noir mat"},"content":{"rendered":"<p><strong>Le casque Zamp RZ-59 Matte Black combine la derni\u00e8re technologie de casque Snell SA2020 avec un design de qualit\u00e9 pour offrir le meilleur rapport qualit\u00e9\/prix du march\u00e9 ! Ce mod\u00e8le offre une grande ventilation et un grand confort  <\/strong><strong>avec un design simple et \u00e9l\u00e9gant pour aider \u00e0 rester au frais et \u00e9viter la formation de bu\u00e9e dans des conditions de course extr\u00eames. Le RZ-59 offre un ajustement parfait, une finition de haut niveau et le prix le plus comp\u00e9titif de l&rsquo;industrie. La finition noire mate est un excellent casque d&rsquo;entr\u00e9e de gamme pour les journ\u00e9es sur piste, le karting et autres courses r\u00e9gies par la norme SA2020.<\/strong><\/p>\n<p><strong>Les caract\u00e9ristiques comprennent :<\/strong><\/p>\n<ul>\n<li>Coque l\u00e9g\u00e8re en <strong>fibre de verre composite <\/strong><\/li>\n<li><strong>Ventilation minimale vers l&rsquo;avant<\/strong> avec des \u00e9vents pour le cuir chevelu et des \u00e9vents d&rsquo;\u00e9chappement<\/li>\n<li><strong>Int\u00e9rieur pelucheux ignifug\u00e9<\/strong><\/li>\n<li><strong>Z-20 Series 3mm Shield <\/strong>with Tear Off Posts, 12.25in Center Posts<\/li>\n<li><strong>Inserts M6 <\/strong>pour appuie-t\u00eate et appuie-nuque<\/li>\n<li><strong>Approuv\u00e9 Snell SA2020<\/strong><\/li>\n<li><strong>Poids : 1440 g en taille M<\/strong><\/li>\n<\/ul>\n<p>Comme c&rsquo;est souvent le cas dans le sport automobile, nos tailles varient en fonction du mod\u00e8le de casque. Pour en savoir plus sur la taille de votre casque, <a href=\"https:\/\/zamphelmets.co\/fr\/comment-choisir-la-bonne-taille-de-casque\/\">cliquez ici<\/a>.<\/p>\n<p><a href=\"https:\/\/zamphelmets.co\/fr\/lhomologation-expliquee\/\"><strong>L&rsquo;homologation expliqu\u00e9e<\/strong> &#8211; d\u00e9couvrez l&rsquo;homologation dont vous avez besoin<\/a><\/p>\n<p><a href=\"https:\/\/zamphelmets.co\/fr\/poteaux-hans-dispositifs-hans-et-fhr\/\"><strong>Dispositif FHR \/ HANS<\/strong> &#8211; quand est-il n\u00e9cessaire ?<\/a><\/p>\n<p>&nbsp;<\/p>\n<p><img decoding=\"async\" class=\"alignnone wp-image-26355 size-full lazyload\" data-src=\"https:\/\/zamphelmets.co\/wp-content\/uploads\/2024\/03\/Zamp-Helmets-sizing-guide-4166-x-4166-px-1.png\" alt=\"\" width=\"500\" height=\"500\" data-srcset=\"https:\/\/zamphelmets.co\/wp-content\/uploads\/2024\/03\/Zamp-Helmets-sizing-guide-4166-x-4166-px-1.png 500w, https:\/\/zamphelmets.co\/wp-content\/uploads\/2024\/03\/Zamp-Helmets-sizing-guide-4166-x-4166-px-1-300x300.png 300w, https:\/\/zamphelmets.co\/wp-content\/uploads\/2024\/03\/Zamp-Helmets-sizing-guide-4166-x-4166-px-1-150x150.png 150w, https:\/\/zamphelmets.co\/wp-content\/uploads\/2024\/03\/Zamp-Helmets-sizing-guide-4166-x-4166-px-1-100x100.png 100w\" data-sizes=\"(max-width: 500px) 100vw, 500px\" src=\"data:image\/svg+xml;base64,PHN2ZyB3aWR0aD0iMSIgaGVpZ2h0PSIxIiB4bWxucz0iaHR0cDovL3d3dy53My5vcmcvMjAwMC9zdmciPjwvc3ZnPg==\" style=\"--smush-placeholder-width: 500px; --smush-placeholder-aspect-ratio: 500\/500;\" \/><\/p>\n<div id=\"product-10089\" class=\"product type-product post-10089 status-publish first instock product_cat-fia product_cat-snell-2020-sa2020 product_cat-zamp has-post-thumbnail taxable shipping-taxable purchasable product-type-variable\">\n<div class=\"woocommerce-tabs wc-tabs-wrapper\">\n<div id=\"tab-description\" class=\"woocommerce-Tabs-panel woocommerce-Tabs-panel--description panel entry-content wc-tab\" role=\"tabpanel\" aria-labelledby=\"tab-title-description\">\n<p><strong>Vous n&rsquo;\u00eates pas s\u00fbr de la taille ? <\/strong><a href=\"https:\/\/form.jotform.com\/251263198513053\">Remplissez notre formulaire de dimensionnement<\/a> et un membre de l&rsquo;\u00e9quipe vous contactera pour vous faire part de nos recommandations.<\/p>\n<\/div>\n<\/div>\n<\/div>\n","protected":false},"excerpt":{"rendered":"<p>Le casque Zamp RZ-59 Matte Black combine la derni\u00e8re technologie de casque Snell SA2020 avec un design de qualit\u00e9 pour offrir le meilleur rapport qualit\u00e9\/prix du march\u00e9 ! Ce mod\u00e8le offre une grande ventilation et un grand confort avec un design simple et \u00e9l\u00e9gant pour aider \u00e0 rester au frais et \u00e9viter la formation de [&hellip;]<\/p>\n","protected":false},"featured_media":13780,"comment_status":"open","ping_status":"closed","template":"","meta":{"_acf_changed":false,"_iconic_wsb_product_page_order_bump_ids":[[]],"_sku":[],"_iconic_wsb_product_page_bump_modal_ids":[[]]},"product_brand":[],"product_cat":[142,145,143,212,141],"product_tag":[],"class_list":{"0":"post-22844","1":"product","2":"type-product","3":"status-publish","4":"has-post-thumbnail","6":"product_cat-casques-zamp","7":"product_cat-snell-fr","8":"product_cat-snell-2020-sa2020-fr","9":"product_cat-standard-fr","10":"product_cat-zamp-fr","12":"first","13":"outofstock","14":"taxable","15":"shipping-taxable","16":"purchasable","17":"product-type-variable"},"acf":[],"yoast_head":"<!-- This site is optimized with the Yoast SEO plugin v27.0 - https:\/\/yoast.com\/product\/yoast-seo-wordpress\/ -->\n<title>RZ 59 Noir mat Racing Helmet - Zamp Helmets | Helmet 28 EU<\/title>\n<meta name=\"description\" content=\"Le casque Zamp RZ 59 Matte Black combine les derni\u00e8res technologies d&#039;homologation Snell avec un design de qualit\u00e9 pour offrir le meilleur rapport qualit\u00e9\/prix pour un casque de course !\" \/>\n<meta name=\"robots\" content=\"index, follow, max-snippet:-1, max-image-preview:large, max-video-preview:-1\" \/>\n<link rel=\"canonical\" href=\"https:\/\/zamphelmets.co\/fr\/produit\/rz-59-noir-mat\/\" \/>\n<meta property=\"og:locale\" content=\"fr_FR\" \/>\n<meta property=\"og:type\" content=\"article\" \/>\n<meta property=\"og:title\" content=\"RZ 59 Noir mat Racing Helmet - Zamp Helmets | Helmet 28 EU\" \/>\n<meta property=\"og:description\" content=\"Le casque Zamp RZ 59 Matte Black combine les derni\u00e8res technologies d&#039;homologation Snell avec un design de qualit\u00e9 pour offrir le meilleur rapport qualit\u00e9\/prix pour un casque de course !\" \/>\n<meta property=\"og:url\" content=\"https:\/\/zamphelmets.co\/fr\/produit\/rz-59-noir-mat\/\" \/>\n<meta property=\"og:site_name\" content=\"Zamp Helmets | Helmet 28 EU\" \/>\n<meta property=\"article:modified_time\" content=\"2026-02-16T15:19:31+00:00\" \/>\n<meta property=\"og:image\" content=\"https:\/\/zamphelmets.co\/wp-content\/uploads\/2021\/02\/H77203F.jpg\" \/>\n\t<meta property=\"og:image:width\" content=\"1500\" \/>\n\t<meta property=\"og:image:height\" content=\"1500\" \/>\n\t<meta property=\"og:image:type\" content=\"image\/jpeg\" \/>\n<meta name=\"twitter:card\" content=\"summary_large_image\" \/>\n<meta name=\"twitter:label1\" content=\"Est. reading time\" \/>\n\t<meta name=\"twitter:data1\" content=\"1 minute\" \/>\n<script type=\"application\/ld+json\" class=\"yoast-schema-graph\">{\"@context\":\"https:\/\/schema.org\",\"@graph\":[{\"@type\":\"WebPage\",\"@id\":\"https:\/\/zamphelmets.co\/fr\/produit\/rz-59-noir-mat\/\",\"url\":\"https:\/\/zamphelmets.co\/fr\/produit\/rz-59-noir-mat\/\",\"name\":\"RZ 59 Noir mat Racing Helmet - Zamp Helmets | Helmet 28 EU\",\"isPartOf\":{\"@id\":\"https:\/\/zamphelmets.co\/fr\/#website\"},\"primaryImageOfPage\":{\"@id\":\"https:\/\/zamphelmets.co\/fr\/produit\/rz-59-noir-mat\/#primaryimage\"},\"image\":{\"@id\":\"https:\/\/zamphelmets.co\/fr\/produit\/rz-59-noir-mat\/#primaryimage\"},\"thumbnailUrl\":\"https:\/\/zamphelmets.co\/wp-content\/uploads\/2021\/02\/H77203F.jpg\",\"datePublished\":\"2021-02-25T10:08:07+00:00\",\"dateModified\":\"2026-02-16T15:19:31+00:00\",\"description\":\"Le casque Zamp RZ 59 Matte Black combine les derni\u00e8res technologies d'homologation Snell avec un design de qualit\u00e9 pour offrir le meilleur rapport qualit\u00e9\/prix pour un casque de course !\",\"breadcrumb\":{\"@id\":\"https:\/\/zamphelmets.co\/fr\/produit\/rz-59-noir-mat\/#breadcrumb\"},\"inLanguage\":\"fr-FR\",\"potentialAction\":[{\"@type\":\"ReadAction\",\"target\":[\"https:\/\/zamphelmets.co\/fr\/produit\/rz-59-noir-mat\/\"]}]},{\"@type\":\"ImageObject\",\"inLanguage\":\"fr-FR\",\"@id\":\"https:\/\/zamphelmets.co\/fr\/produit\/rz-59-noir-mat\/#primaryimage\",\"url\":\"https:\/\/zamphelmets.co\/wp-content\/uploads\/2021\/02\/H77203F.jpg\",\"contentUrl\":\"https:\/\/zamphelmets.co\/wp-content\/uploads\/2021\/02\/H77203F.jpg\",\"width\":1500,\"height\":1500,\"caption\":\"RZ 59 Matte Black Racing Helmet de Zamp Helmets\"},{\"@type\":\"BreadcrumbList\",\"@id\":\"https:\/\/zamphelmets.co\/fr\/produit\/rz-59-noir-mat\/#breadcrumb\",\"itemListElement\":[{\"@type\":\"ListItem\",\"position\":1,\"name\":\"Boutique\",\"item\":\"https:\/\/zamphelmets.co\/fr\/boutique\/\"},{\"@type\":\"ListItem\",\"position\":2,\"name\":\"RZ 59 Noir mat\"}]},{\"@type\":\"WebSite\",\"@id\":\"https:\/\/zamphelmets.co\/fr\/#website\",\"url\":\"https:\/\/zamphelmets.co\/fr\/\",\"name\":\"Zamp Helmets | Helmet 28 EU\",\"description\":\"High Quality Motorsport Helmets\",\"potentialAction\":[{\"@type\":\"SearchAction\",\"target\":{\"@type\":\"EntryPoint\",\"urlTemplate\":\"https:\/\/zamphelmets.co\/fr\/?s={search_term_string}\"},\"query-input\":{\"@type\":\"PropertyValueSpecification\",\"valueRequired\":true,\"valueName\":\"search_term_string\"}}],\"inLanguage\":\"fr-FR\"}]}<\/script>\n<!-- \/ Yoast SEO plugin. -->","yoast_head_json":{"title":"RZ 59 Noir mat Racing Helmet - Zamp Helmets | Helmet 28 EU","description":"Le casque Zamp RZ 59 Matte Black combine les derni\u00e8res technologies d'homologation Snell avec un design de qualit\u00e9 pour offrir le meilleur rapport qualit\u00e9\/prix pour un casque de course !","robots":{"index":"index","follow":"follow","max-snippet":"max-snippet:-1","max-image-preview":"max-image-preview:large","max-video-preview":"max-video-preview:-1"},"canonical":"https:\/\/zamphelmets.co\/fr\/produit\/rz-59-noir-mat\/","og_locale":"fr_FR","og_type":"article","og_title":"RZ 59 Noir mat Racing Helmet - Zamp Helmets | Helmet 28 EU","og_description":"Le casque Zamp RZ 59 Matte Black combine les derni\u00e8res technologies d'homologation Snell avec un design de qualit\u00e9 pour offrir le meilleur rapport qualit\u00e9\/prix pour un casque de course !","og_url":"https:\/\/zamphelmets.co\/fr\/produit\/rz-59-noir-mat\/","og_site_name":"Zamp Helmets | Helmet 28 EU","article_modified_time":"2026-02-16T15:19:31+00:00","og_image":[{"width":1500,"height":1500,"url":"https:\/\/zamphelmets.co\/wp-content\/uploads\/2021\/02\/H77203F.jpg","type":"image\/jpeg"}],"twitter_card":"summary_large_image","twitter_misc":{"Est. reading time":"1 minute"},"schema":{"@context":"https:\/\/schema.org","@graph":[{"@type":"WebPage","@id":"https:\/\/zamphelmets.co\/fr\/produit\/rz-59-noir-mat\/","url":"https:\/\/zamphelmets.co\/fr\/produit\/rz-59-noir-mat\/","name":"RZ 59 Noir mat Racing Helmet - Zamp Helmets | Helmet 28 EU","isPartOf":{"@id":"https:\/\/zamphelmets.co\/fr\/#website"},"primaryImageOfPage":{"@id":"https:\/\/zamphelmets.co\/fr\/produit\/rz-59-noir-mat\/#primaryimage"},"image":{"@id":"https:\/\/zamphelmets.co\/fr\/produit\/rz-59-noir-mat\/#primaryimage"},"thumbnailUrl":"https:\/\/zamphelmets.co\/wp-content\/uploads\/2021\/02\/H77203F.jpg","datePublished":"2021-02-25T10:08:07+00:00","dateModified":"2026-02-16T15:19:31+00:00","description":"Le casque Zamp RZ 59 Matte Black combine les derni\u00e8res technologies d'homologation Snell avec un design de qualit\u00e9 pour offrir le meilleur rapport qualit\u00e9\/prix pour un casque de course !","breadcrumb":{"@id":"https:\/\/zamphelmets.co\/fr\/produit\/rz-59-noir-mat\/#breadcrumb"},"inLanguage":"fr-FR","potentialAction":[{"@type":"ReadAction","target":["https:\/\/zamphelmets.co\/fr\/produit\/rz-59-noir-mat\/"]}]},{"@type":"ImageObject","inLanguage":"fr-FR","@id":"https:\/\/zamphelmets.co\/fr\/produit\/rz-59-noir-mat\/#primaryimage","url":"https:\/\/zamphelmets.co\/wp-content\/uploads\/2021\/02\/H77203F.jpg","contentUrl":"https:\/\/zamphelmets.co\/wp-content\/uploads\/2021\/02\/H77203F.jpg","width":1500,"height":1500,"caption":"RZ 59 Matte Black Racing Helmet de Zamp Helmets"},{"@type":"BreadcrumbList","@id":"https:\/\/zamphelmets.co\/fr\/produit\/rz-59-noir-mat\/#breadcrumb","itemListElement":[{"@type":"ListItem","position":1,"name":"Boutique","item":"https:\/\/zamphelmets.co\/fr\/boutique\/"},{"@type":"ListItem","position":2,"name":"RZ 59 Noir mat"}]},{"@type":"WebSite","@id":"https:\/\/zamphelmets.co\/fr\/#website","url":"https:\/\/zamphelmets.co\/fr\/","name":"Zamp Helmets | Helmet 28 EU","description":"High Quality Motorsport Helmets","potentialAction":[{"@type":"SearchAction","target":{"@type":"EntryPoint","urlTemplate":"https:\/\/zamphelmets.co\/fr\/?s={search_term_string}"},"query-input":{"@type":"PropertyValueSpecification","valueRequired":true,"valueName":"search_term_string"}}],"inLanguage":"fr-FR"}]}},"_links":{"self":[{"href":"https:\/\/zamphelmets.co\/fr\/wp-json\/wp\/v2\/product\/22844","targetHints":{"allow":["GET"]}}],"collection":[{"href":"https:\/\/zamphelmets.co\/fr\/wp-json\/wp\/v2\/product"}],"about":[{"href":"https:\/\/zamphelmets.co\/fr\/wp-json\/wp\/v2\/types\/product"}],"replies":[{"embeddable":true,"href":"https:\/\/zamphelmets.co\/fr\/wp-json\/wp\/v2\/comments?post=22844"}],"wp:featuredmedia":[{"embeddable":true,"href":"https:\/\/zamphelmets.co\/fr\/wp-json\/wp\/v2\/media\/13780"}],"wp:attachment":[{"href":"https:\/\/zamphelmets.co\/fr\/wp-json\/wp\/v2\/media?parent=22844"}],"wp:term":[{"taxonomy":"product_brand","embeddable":true,"href":"https:\/\/zamphelmets.co\/fr\/wp-json\/wp\/v2\/product_brand?post=22844"},{"taxonomy":"product_cat","embeddable":true,"href":"https:\/\/zamphelmets.co\/fr\/wp-json\/wp\/v2\/product_cat?post=22844"},{"taxonomy":"product_tag","embeddable":true,"href":"https:\/\/zamphelmets.co\/fr\/wp-json\/wp\/v2\/product_tag?post=22844"}],"curies":[{"name":"wp","href":"https:\/\/api.w.org\/{rel}","templated":true}]}}