{"id":22794,"date":"2022-02-18T14:29:23","date_gmt":"2022-02-18T14:29:23","guid":{"rendered":"https:\/\/zamphelmets.co\/product\/bouchon-devent-superieur-transparent\/"},"modified":"2026-03-09T16:19:31","modified_gmt":"2026-03-09T16:19:31","slug":"bouchon-devent-superieur-transparent","status":"publish","type":"product","link":"https:\/\/zamphelmets.co\/fr\/produit\/bouchon-devent-superieur-transparent\/","title":{"rendered":"Bouchon d&rsquo;\u00e9vent sup\u00e9rieur transparent"},"content":{"rendered":"<p>Le Top Vent Scoop Clear peut \u00eatre mont\u00e9 sur tous les casques RZ de la gamme Zamp qui sont \u00e9quip\u00e9s du syst\u00e8me d&rsquo;a\u00e9ration par le haut. Cette \u00e9cope l\u00e9g\u00e8re et facile \u00e0 installer peut \u00eatre achet\u00e9e avec ou sans le bouchon pour emp\u00eacher le flux d&rsquo;air et l&rsquo;eau de p\u00e9n\u00e9trer dans le casque.<\/p>\n<p>&nbsp;<\/p>\n<p>Si vous n&rsquo;\u00eates pas s\u00fbr que votre casque soit compatible avec le Top Vent Scoop, contactez un membre de l&rsquo;\u00e9quipe et nous pourrons vous \u00e9clairer.<\/p>\n","protected":false},"excerpt":{"rendered":"<p>Le Top Vent Scoop Clear peut \u00eatre mont\u00e9 sur tous les casques RZ de la gamme Zamp qui sont \u00e9quip\u00e9s du syst\u00e8me d&rsquo;a\u00e9ration par le haut. Cette \u00e9cope l\u00e9g\u00e8re et facile \u00e0 installer peut \u00eatre achet\u00e9e avec ou sans le bouchon pour emp\u00eacher le flux d&rsquo;air et l&rsquo;eau de p\u00e9n\u00e9trer dans le casque. &nbsp; Si [&hellip;]<\/p>\n","protected":false},"featured_media":12415,"comment_status":"open","ping_status":"closed","template":"","meta":{"_acf_changed":false,"_iconic_wsb_product_page_order_bump_ids":[[]],"_sku":["HTV200CL"],"_iconic_wsb_product_page_bump_modal_ids":[[]]},"product_brand":[],"product_cat":[170,171,223,141],"product_tag":[],"class_list":{"0":"post-22794","1":"product","2":"type-product","3":"status-publish","4":"has-post-thumbnail","6":"product_cat-accessoires-fr","7":"product_cat-accessoires-pour-casques","8":"product_cat-autre","9":"product_cat-zamp-fr","11":"first","12":"onbackorder","13":"taxable","14":"shipping-taxable","15":"purchasable","16":"product-type-simple"},"acf":[],"yoast_head":"<!-- This site is optimized with the Yoast SEO plugin v27.0 - https:\/\/yoast.com\/product\/yoast-seo-wordpress\/ -->\n<title>Bouchon d&#039;\u00e9vent sup\u00e9rieur transparent for Zamp Helmets - Zamp Helmets | Helmet 28 EU<\/title>\n<meta name=\"description\" content=\"Le Top Vent Scoop Clear peut \u00eatre mont\u00e9 sur tous les casques de la gamme Zamp \u00e9quip\u00e9s du syst\u00e8me Top Air. Parcourez la gamme compl\u00e8te de Zamp pour en savoir plus.\" \/>\n<meta name=\"robots\" content=\"index, follow, max-snippet:-1, max-image-preview:large, max-video-preview:-1\" \/>\n<link rel=\"canonical\" href=\"https:\/\/zamphelmets.co\/fr\/produit\/bouchon-devent-superieur-transparent\/\" \/>\n<meta property=\"og:locale\" content=\"fr_FR\" \/>\n<meta property=\"og:type\" content=\"article\" \/>\n<meta property=\"og:title\" content=\"Bouchon d&#039;\u00e9vent sup\u00e9rieur transparent for Zamp Helmets - Zamp Helmets | Helmet 28 EU\" \/>\n<meta property=\"og:description\" content=\"Le Top Vent Scoop Clear peut \u00eatre mont\u00e9 sur tous les casques de la gamme Zamp \u00e9quip\u00e9s du syst\u00e8me Top Air. Parcourez la gamme compl\u00e8te de Zamp pour en savoir plus.\" \/>\n<meta property=\"og:url\" content=\"https:\/\/zamphelmets.co\/fr\/produit\/bouchon-devent-superieur-transparent\/\" \/>\n<meta property=\"og:site_name\" content=\"Zamp Helmets | Helmet 28 EU\" \/>\n<meta property=\"article:modified_time\" content=\"2026-03-09T16:19:31+00:00\" \/>\n<meta property=\"og:image\" content=\"https:\/\/zamphelmets.co\/wp-content\/uploads\/2020\/09\/HTV200CL.jpg\" \/>\n\t<meta property=\"og:image:width\" content=\"1000\" \/>\n\t<meta property=\"og:image:height\" content=\"1000\" \/>\n\t<meta property=\"og:image:type\" content=\"image\/jpeg\" \/>\n<meta name=\"twitter:card\" content=\"summary_large_image\" \/>\n<script type=\"application\/ld+json\" class=\"yoast-schema-graph\">{\"@context\":\"https:\/\/schema.org\",\"@graph\":[{\"@type\":\"WebPage\",\"@id\":\"https:\/\/zamphelmets.co\/fr\/produit\/bouchon-devent-superieur-transparent\/\",\"url\":\"https:\/\/zamphelmets.co\/fr\/produit\/bouchon-devent-superieur-transparent\/\",\"name\":\"Bouchon d'\u00e9vent sup\u00e9rieur transparent for Zamp Helmets - Zamp Helmets | Helmet 28 EU\",\"isPartOf\":{\"@id\":\"https:\/\/zamphelmets.co\/fr\/#website\"},\"primaryImageOfPage\":{\"@id\":\"https:\/\/zamphelmets.co\/fr\/produit\/bouchon-devent-superieur-transparent\/#primaryimage\"},\"image\":{\"@id\":\"https:\/\/zamphelmets.co\/fr\/produit\/bouchon-devent-superieur-transparent\/#primaryimage\"},\"thumbnailUrl\":\"https:\/\/zamphelmets.co\/wp-content\/uploads\/2020\/09\/HTV200CL.jpg\",\"datePublished\":\"2022-02-18T14:29:23+00:00\",\"dateModified\":\"2026-03-09T16:19:31+00:00\",\"description\":\"Le Top Vent Scoop Clear peut \u00eatre mont\u00e9 sur tous les casques de la gamme Zamp \u00e9quip\u00e9s du syst\u00e8me Top Air. Parcourez la gamme compl\u00e8te de Zamp pour en savoir plus.\",\"breadcrumb\":{\"@id\":\"https:\/\/zamphelmets.co\/fr\/produit\/bouchon-devent-superieur-transparent\/#breadcrumb\"},\"inLanguage\":\"fr-FR\",\"potentialAction\":[{\"@type\":\"ReadAction\",\"target\":[\"https:\/\/zamphelmets.co\/fr\/produit\/bouchon-devent-superieur-transparent\/\"]}]},{\"@type\":\"ImageObject\",\"inLanguage\":\"fr-FR\",\"@id\":\"https:\/\/zamphelmets.co\/fr\/produit\/bouchon-devent-superieur-transparent\/#primaryimage\",\"url\":\"https:\/\/zamphelmets.co\/wp-content\/uploads\/2020\/09\/HTV200CL.jpg\",\"contentUrl\":\"https:\/\/zamphelmets.co\/wp-content\/uploads\/2020\/09\/HTV200CL.jpg\",\"width\":1000,\"height\":1000,\"caption\":\"Zamp Top Vent Scoop Clear pour les casques Zamp\"},{\"@type\":\"BreadcrumbList\",\"@id\":\"https:\/\/zamphelmets.co\/fr\/produit\/bouchon-devent-superieur-transparent\/#breadcrumb\",\"itemListElement\":[{\"@type\":\"ListItem\",\"position\":1,\"name\":\"Boutique\",\"item\":\"https:\/\/zamphelmets.co\/fr\/boutique\/\"},{\"@type\":\"ListItem\",\"position\":2,\"name\":\"Bouchon d&#8217;\u00e9vent sup\u00e9rieur transparent\"}]},{\"@type\":\"WebSite\",\"@id\":\"https:\/\/zamphelmets.co\/fr\/#website\",\"url\":\"https:\/\/zamphelmets.co\/fr\/\",\"name\":\"Zamp Helmets | Helmet 28 EU\",\"description\":\"High Quality Motorsport Helmets\",\"potentialAction\":[{\"@type\":\"SearchAction\",\"target\":{\"@type\":\"EntryPoint\",\"urlTemplate\":\"https:\/\/zamphelmets.co\/fr\/?s={search_term_string}\"},\"query-input\":{\"@type\":\"PropertyValueSpecification\",\"valueRequired\":true,\"valueName\":\"search_term_string\"}}],\"inLanguage\":\"fr-FR\"}]}<\/script>\n<!-- \/ Yoast SEO plugin. -->","yoast_head_json":{"title":"Bouchon d'\u00e9vent sup\u00e9rieur transparent for Zamp Helmets - Zamp Helmets | Helmet 28 EU","description":"Le Top Vent Scoop Clear peut \u00eatre mont\u00e9 sur tous les casques de la gamme Zamp \u00e9quip\u00e9s du syst\u00e8me Top Air. Parcourez la gamme compl\u00e8te de Zamp pour en savoir plus.","robots":{"index":"index","follow":"follow","max-snippet":"max-snippet:-1","max-image-preview":"max-image-preview:large","max-video-preview":"max-video-preview:-1"},"canonical":"https:\/\/zamphelmets.co\/fr\/produit\/bouchon-devent-superieur-transparent\/","og_locale":"fr_FR","og_type":"article","og_title":"Bouchon d'\u00e9vent sup\u00e9rieur transparent for Zamp Helmets - Zamp Helmets | Helmet 28 EU","og_description":"Le Top Vent Scoop Clear peut \u00eatre mont\u00e9 sur tous les casques de la gamme Zamp \u00e9quip\u00e9s du syst\u00e8me Top Air. Parcourez la gamme compl\u00e8te de Zamp pour en savoir plus.","og_url":"https:\/\/zamphelmets.co\/fr\/produit\/bouchon-devent-superieur-transparent\/","og_site_name":"Zamp Helmets | Helmet 28 EU","article_modified_time":"2026-03-09T16:19:31+00:00","og_image":[{"width":1000,"height":1000,"url":"https:\/\/zamphelmets.co\/wp-content\/uploads\/2020\/09\/HTV200CL.jpg","type":"image\/jpeg"}],"twitter_card":"summary_large_image","schema":{"@context":"https:\/\/schema.org","@graph":[{"@type":"WebPage","@id":"https:\/\/zamphelmets.co\/fr\/produit\/bouchon-devent-superieur-transparent\/","url":"https:\/\/zamphelmets.co\/fr\/produit\/bouchon-devent-superieur-transparent\/","name":"Bouchon d'\u00e9vent sup\u00e9rieur transparent for Zamp Helmets - Zamp Helmets | Helmet 28 EU","isPartOf":{"@id":"https:\/\/zamphelmets.co\/fr\/#website"},"primaryImageOfPage":{"@id":"https:\/\/zamphelmets.co\/fr\/produit\/bouchon-devent-superieur-transparent\/#primaryimage"},"image":{"@id":"https:\/\/zamphelmets.co\/fr\/produit\/bouchon-devent-superieur-transparent\/#primaryimage"},"thumbnailUrl":"https:\/\/zamphelmets.co\/wp-content\/uploads\/2020\/09\/HTV200CL.jpg","datePublished":"2022-02-18T14:29:23+00:00","dateModified":"2026-03-09T16:19:31+00:00","description":"Le Top Vent Scoop Clear peut \u00eatre mont\u00e9 sur tous les casques de la gamme Zamp \u00e9quip\u00e9s du syst\u00e8me Top Air. Parcourez la gamme compl\u00e8te de Zamp pour en savoir plus.","breadcrumb":{"@id":"https:\/\/zamphelmets.co\/fr\/produit\/bouchon-devent-superieur-transparent\/#breadcrumb"},"inLanguage":"fr-FR","potentialAction":[{"@type":"ReadAction","target":["https:\/\/zamphelmets.co\/fr\/produit\/bouchon-devent-superieur-transparent\/"]}]},{"@type":"ImageObject","inLanguage":"fr-FR","@id":"https:\/\/zamphelmets.co\/fr\/produit\/bouchon-devent-superieur-transparent\/#primaryimage","url":"https:\/\/zamphelmets.co\/wp-content\/uploads\/2020\/09\/HTV200CL.jpg","contentUrl":"https:\/\/zamphelmets.co\/wp-content\/uploads\/2020\/09\/HTV200CL.jpg","width":1000,"height":1000,"caption":"Zamp Top Vent Scoop Clear pour les casques Zamp"},{"@type":"BreadcrumbList","@id":"https:\/\/zamphelmets.co\/fr\/produit\/bouchon-devent-superieur-transparent\/#breadcrumb","itemListElement":[{"@type":"ListItem","position":1,"name":"Boutique","item":"https:\/\/zamphelmets.co\/fr\/boutique\/"},{"@type":"ListItem","position":2,"name":"Bouchon d&#8217;\u00e9vent sup\u00e9rieur transparent"}]},{"@type":"WebSite","@id":"https:\/\/zamphelmets.co\/fr\/#website","url":"https:\/\/zamphelmets.co\/fr\/","name":"Zamp Helmets | Helmet 28 EU","description":"High Quality Motorsport Helmets","potentialAction":[{"@type":"SearchAction","target":{"@type":"EntryPoint","urlTemplate":"https:\/\/zamphelmets.co\/fr\/?s={search_term_string}"},"query-input":{"@type":"PropertyValueSpecification","valueRequired":true,"valueName":"search_term_string"}}],"inLanguage":"fr-FR"}]}},"_links":{"self":[{"href":"https:\/\/zamphelmets.co\/fr\/wp-json\/wp\/v2\/product\/22794","targetHints":{"allow":["GET"]}}],"collection":[{"href":"https:\/\/zamphelmets.co\/fr\/wp-json\/wp\/v2\/product"}],"about":[{"href":"https:\/\/zamphelmets.co\/fr\/wp-json\/wp\/v2\/types\/product"}],"replies":[{"embeddable":true,"href":"https:\/\/zamphelmets.co\/fr\/wp-json\/wp\/v2\/comments?post=22794"}],"wp:featuredmedia":[{"embeddable":true,"href":"https:\/\/zamphelmets.co\/fr\/wp-json\/wp\/v2\/media\/12415"}],"wp:attachment":[{"href":"https:\/\/zamphelmets.co\/fr\/wp-json\/wp\/v2\/media?parent=22794"}],"wp:term":[{"taxonomy":"product_brand","embeddable":true,"href":"https:\/\/zamphelmets.co\/fr\/wp-json\/wp\/v2\/product_brand?post=22794"},{"taxonomy":"product_cat","embeddable":true,"href":"https:\/\/zamphelmets.co\/fr\/wp-json\/wp\/v2\/product_cat?post=22794"},{"taxonomy":"product_tag","embeddable":true,"href":"https:\/\/zamphelmets.co\/fr\/wp-json\/wp\/v2\/product_tag?post=22794"}],"curies":[{"name":"wp","href":"https:\/\/api.w.org\/{rel}","templated":true}]}}