{"id":22665,"date":"2020-08-28T09:12:31","date_gmt":"2020-08-28T09:12:31","guid":{"rendered":"https:\/\/zamphelmets.co\/product\/rz-18h-blanc\/"},"modified":"2026-02-16T15:10:57","modified_gmt":"2026-02-16T15:10:57","slug":"rz-18h-blanc","status":"publish","type":"product","link":"https:\/\/zamphelmets.co\/fr\/produit\/rz-18h-blanc\/","title":{"rendered":"RZ 18H Blanc"},"content":{"rendered":"<div id=\"pageContainer2\" class=\"page\">\n<div>\n<div class=\"_1KgDGecM-D\">\n<p class=\"_3vFF3xH4Yd\" dir=\"ltr\">Le Zamp RZ-18H est un casque de course automobile Open-Face d&rsquo;entr\u00e9e de gamme, certifi\u00e9 SA2020, qui offre un maximum de confort et de qualit\u00e9 \u00e0 un prix extr\u00eamement comp\u00e9titif. Le RZ-18H est dot\u00e9 d&rsquo;une coque l\u00e9g\u00e8re en composite de fibre de verre avec 7 a\u00e9rations sur le dessus pour une excellente circulation de l&rsquo;air dans le casque. Ce casque est \u00e9galement dot\u00e9 d&rsquo;un int\u00e9rieur confortable en peluche et d&rsquo;une doublure amovible et lavable. Le RZ-18H comprend des bornes M6 pour faciliter l&rsquo;installation du mat\u00e9riel de retenue de la t\u00eate et du cou.<\/p>\n<\/div>\n<\/div>\n<\/div>\n<div id=\"pageContainer3\" class=\"page\">\n<div class=\"_1KgDGecM-D\">\n<ul>\n<li class=\"_3vFF3xH4Yd\">Coque ouverte l\u00e9g\u00e8re en fibre de verre composite<\/li>\n<li class=\"_3vFF3xH4Yd\">Ventilation du syst\u00e8me d&rsquo;air 7-Top<\/li>\n<li class=\"_3vFF3xH4Yd\">Int\u00e9rieur pelucheux ignifug\u00e9<\/li>\n<li class=\"_3vFF3xH4Yd\">Visi\u00e8re avec bandeau solaire<\/li>\n<li class=\"_3vFF3xH4Yd\">Doublure confort amovible et lavable<\/li>\n<li class=\"_3vFF3xH4Yd\">Inserts M6 pour le maintien de la nuque<\/li>\n<li class=\"_3vFF3xH4Yd\">Snell SA 2020<\/li>\n<\/ul>\n<p>Comme c&rsquo;est souvent le cas dans le sport automobile, nos tailles varient en fonction du mod\u00e8le de casque. Pour en savoir plus sur la taille de votre casque, <a href=\"https:\/\/zamphelmets.co\/fr\/comment-choisir-la-bonne-taille-de-casque\/\">cliquez ici<\/a>.<\/p>\n<p><a href=\"https:\/\/zamphelmets.co\/fr\/lhomologation-expliquee\/\"><strong>L&rsquo;homologation expliqu\u00e9e<\/strong> &#8211; d\u00e9couvrez l&rsquo;homologation dont vous avez besoin<\/a><\/p>\n<p><a href=\"https:\/\/zamphelmets.co\/fr\/poteaux-hans-dispositifs-hans-et-fhr\/\"><strong>Dispositif FHR \/ HANS<\/strong> &#8211; quand est-il n\u00e9cessaire ?<\/a><\/p>\n<\/div>\n<\/div>\n<p>&nbsp;<\/p>\n<p><img decoding=\"async\" class=\"alignnone wp-image-26355 size-full lazyload\" data-src=\"https:\/\/zamphelmets.co\/wp-content\/uploads\/2024\/03\/Zamp-Helmets-sizing-guide-4166-x-4166-px-1.png\" alt=\"\" width=\"500\" height=\"500\" data-srcset=\"https:\/\/zamphelmets.co\/wp-content\/uploads\/2024\/03\/Zamp-Helmets-sizing-guide-4166-x-4166-px-1.png 500w, https:\/\/zamphelmets.co\/wp-content\/uploads\/2024\/03\/Zamp-Helmets-sizing-guide-4166-x-4166-px-1-300x300.png 300w, https:\/\/zamphelmets.co\/wp-content\/uploads\/2024\/03\/Zamp-Helmets-sizing-guide-4166-x-4166-px-1-150x150.png 150w, https:\/\/zamphelmets.co\/wp-content\/uploads\/2024\/03\/Zamp-Helmets-sizing-guide-4166-x-4166-px-1-100x100.png 100w\" data-sizes=\"(max-width: 500px) 100vw, 500px\" src=\"data:image\/svg+xml;base64,PHN2ZyB3aWR0aD0iMSIgaGVpZ2h0PSIxIiB4bWxucz0iaHR0cDovL3d3dy53My5vcmcvMjAwMC9zdmciPjwvc3ZnPg==\" style=\"--smush-placeholder-width: 500px; --smush-placeholder-aspect-ratio: 500\/500;\" \/><\/p>\n","protected":false},"excerpt":{"rendered":"<p>Le Zamp RZ-18H est un casque de course automobile Open-Face d&rsquo;entr\u00e9e de gamme, certifi\u00e9 SA2020, qui offre un maximum de confort et de qualit\u00e9 \u00e0 un prix extr\u00eamement comp\u00e9titif. Le RZ-18H est dot\u00e9 d&rsquo;une coque l\u00e9g\u00e8re en composite de fibre de verre avec 7 a\u00e9rations sur le dessus pour une excellente circulation de l&rsquo;air dans [&hellip;]<\/p>\n","protected":false},"featured_media":12380,"comment_status":"open","ping_status":"closed","template":"","meta":{"_acf_changed":false,"_iconic_wsb_product_page_order_bump_ids":[[]],"_sku":[],"_iconic_wsb_product_page_bump_modal_ids":[[]]},"product_brand":[],"product_cat":[142,145,143,212,141],"product_tag":[],"class_list":{"0":"post-22665","1":"product","2":"type-product","3":"status-publish","4":"has-post-thumbnail","6":"product_cat-casques-zamp","7":"product_cat-snell-fr","8":"product_cat-snell-2020-sa2020-fr","9":"product_cat-standard-fr","10":"product_cat-zamp-fr","12":"first","13":"onbackorder","14":"taxable","15":"shipping-taxable","16":"product-type-variable"},"acf":[],"yoast_head":"<!-- This site is optimized with the Yoast SEO plugin v27.0 - https:\/\/yoast.com\/product\/yoast-seo-wordpress\/ -->\n<title>RZ 18H Blanc - Zamp Helmets | Helmet 28 EU - Open Face Seulement 170 euros<\/title>\n<meta name=\"description\" content=\"Le Zamp RZ-18H White est un casque de course automobile Open-Face d&#039;entr\u00e9e de gamme, certifi\u00e9 SA2020, qui offre un maximum de confort et de qualit\u00e9.\" \/>\n<meta name=\"robots\" content=\"index, follow, max-snippet:-1, max-image-preview:large, max-video-preview:-1\" \/>\n<link rel=\"canonical\" href=\"https:\/\/zamphelmets.co\/fr\/produit\/rz-18h-blanc\/\" \/>\n<meta property=\"og:locale\" content=\"fr_FR\" \/>\n<meta property=\"og:type\" content=\"article\" \/>\n<meta property=\"og:title\" content=\"RZ 18H Blanc - Zamp Helmets | Helmet 28 EU - Open Face Seulement 170 euros\" \/>\n<meta property=\"og:description\" content=\"Le Zamp RZ-18H White est un casque de course automobile Open-Face d&#039;entr\u00e9e de gamme, certifi\u00e9 SA2020, qui offre un maximum de confort et de qualit\u00e9.\" \/>\n<meta property=\"og:url\" content=\"https:\/\/zamphelmets.co\/fr\/produit\/rz-18h-blanc\/\" \/>\n<meta property=\"og:site_name\" content=\"Zamp Helmets | Helmet 28 EU\" \/>\n<meta property=\"article:modified_time\" content=\"2026-02-16T15:10:57+00:00\" \/>\n<meta property=\"og:image\" content=\"https:\/\/zamphelmets.co\/wp-content\/uploads\/2020\/08\/WY2MoZuuRJOZ33KVZInl_H774001.jpg\" \/>\n\t<meta property=\"og:image:width\" content=\"1500\" \/>\n\t<meta property=\"og:image:height\" content=\"1500\" \/>\n\t<meta property=\"og:image:type\" content=\"image\/jpeg\" \/>\n<meta name=\"twitter:card\" content=\"summary_large_image\" \/>\n<meta name=\"twitter:label1\" content=\"Est. reading time\" \/>\n\t<meta name=\"twitter:data1\" content=\"1 minute\" \/>\n<script type=\"application\/ld+json\" class=\"yoast-schema-graph\">{\"@context\":\"https:\/\/schema.org\",\"@graph\":[{\"@type\":\"WebPage\",\"@id\":\"https:\/\/zamphelmets.co\/fr\/produit\/rz-18h-blanc\/\",\"url\":\"https:\/\/zamphelmets.co\/fr\/produit\/rz-18h-blanc\/\",\"name\":\"RZ 18H Blanc - Zamp Helmets | Helmet 28 EU - Open Face Seulement 170 euros\",\"isPartOf\":{\"@id\":\"https:\/\/zamphelmets.co\/fr\/#website\"},\"primaryImageOfPage\":{\"@id\":\"https:\/\/zamphelmets.co\/fr\/produit\/rz-18h-blanc\/#primaryimage\"},\"image\":{\"@id\":\"https:\/\/zamphelmets.co\/fr\/produit\/rz-18h-blanc\/#primaryimage\"},\"thumbnailUrl\":\"https:\/\/zamphelmets.co\/wp-content\/uploads\/2020\/08\/WY2MoZuuRJOZ33KVZInl_H774001.jpg\",\"datePublished\":\"2020-08-28T09:12:31+00:00\",\"dateModified\":\"2026-02-16T15:10:57+00:00\",\"description\":\"Le Zamp RZ-18H White est un casque de course automobile Open-Face d'entr\u00e9e de gamme, certifi\u00e9 SA2020, qui offre un maximum de confort et de qualit\u00e9.\",\"breadcrumb\":{\"@id\":\"https:\/\/zamphelmets.co\/fr\/produit\/rz-18h-blanc\/#breadcrumb\"},\"inLanguage\":\"fr-FR\",\"potentialAction\":[{\"@type\":\"ReadAction\",\"target\":[\"https:\/\/zamphelmets.co\/fr\/produit\/rz-18h-blanc\/\"]}]},{\"@type\":\"ImageObject\",\"inLanguage\":\"fr-FR\",\"@id\":\"https:\/\/zamphelmets.co\/fr\/produit\/rz-18h-blanc\/#primaryimage\",\"url\":\"https:\/\/zamphelmets.co\/wp-content\/uploads\/2020\/08\/WY2MoZuuRJOZ33KVZInl_H774001.jpg\",\"contentUrl\":\"https:\/\/zamphelmets.co\/wp-content\/uploads\/2020\/08\/WY2MoZuuRJOZ33KVZInl_H774001.jpg\",\"width\":1500,\"height\":1500,\"caption\":\"Zamp RZ-18H Casque de course blanc\"},{\"@type\":\"BreadcrumbList\",\"@id\":\"https:\/\/zamphelmets.co\/fr\/produit\/rz-18h-blanc\/#breadcrumb\",\"itemListElement\":[{\"@type\":\"ListItem\",\"position\":1,\"name\":\"Boutique\",\"item\":\"https:\/\/zamphelmets.co\/fr\/boutique\/\"},{\"@type\":\"ListItem\",\"position\":2,\"name\":\"RZ 18H Blanc\"}]},{\"@type\":\"WebSite\",\"@id\":\"https:\/\/zamphelmets.co\/fr\/#website\",\"url\":\"https:\/\/zamphelmets.co\/fr\/\",\"name\":\"Zamp Helmets | Helmet 28 EU\",\"description\":\"High Quality Motorsport Helmets\",\"potentialAction\":[{\"@type\":\"SearchAction\",\"target\":{\"@type\":\"EntryPoint\",\"urlTemplate\":\"https:\/\/zamphelmets.co\/fr\/?s={search_term_string}\"},\"query-input\":{\"@type\":\"PropertyValueSpecification\",\"valueRequired\":true,\"valueName\":\"search_term_string\"}}],\"inLanguage\":\"fr-FR\"}]}<\/script>\n<!-- \/ Yoast SEO plugin. -->","yoast_head_json":{"title":"RZ 18H Blanc - Zamp Helmets | Helmet 28 EU - Open Face Seulement 170 euros","description":"Le Zamp RZ-18H White est un casque de course automobile Open-Face d'entr\u00e9e de gamme, certifi\u00e9 SA2020, qui offre un maximum de confort et de qualit\u00e9.","robots":{"index":"index","follow":"follow","max-snippet":"max-snippet:-1","max-image-preview":"max-image-preview:large","max-video-preview":"max-video-preview:-1"},"canonical":"https:\/\/zamphelmets.co\/fr\/produit\/rz-18h-blanc\/","og_locale":"fr_FR","og_type":"article","og_title":"RZ 18H Blanc - Zamp Helmets | Helmet 28 EU - Open Face Seulement 170 euros","og_description":"Le Zamp RZ-18H White est un casque de course automobile Open-Face d'entr\u00e9e de gamme, certifi\u00e9 SA2020, qui offre un maximum de confort et de qualit\u00e9.","og_url":"https:\/\/zamphelmets.co\/fr\/produit\/rz-18h-blanc\/","og_site_name":"Zamp Helmets | Helmet 28 EU","article_modified_time":"2026-02-16T15:10:57+00:00","og_image":[{"width":1500,"height":1500,"url":"https:\/\/zamphelmets.co\/wp-content\/uploads\/2020\/08\/WY2MoZuuRJOZ33KVZInl_H774001.jpg","type":"image\/jpeg"}],"twitter_card":"summary_large_image","twitter_misc":{"Est. reading time":"1 minute"},"schema":{"@context":"https:\/\/schema.org","@graph":[{"@type":"WebPage","@id":"https:\/\/zamphelmets.co\/fr\/produit\/rz-18h-blanc\/","url":"https:\/\/zamphelmets.co\/fr\/produit\/rz-18h-blanc\/","name":"RZ 18H Blanc - Zamp Helmets | Helmet 28 EU - Open Face Seulement 170 euros","isPartOf":{"@id":"https:\/\/zamphelmets.co\/fr\/#website"},"primaryImageOfPage":{"@id":"https:\/\/zamphelmets.co\/fr\/produit\/rz-18h-blanc\/#primaryimage"},"image":{"@id":"https:\/\/zamphelmets.co\/fr\/produit\/rz-18h-blanc\/#primaryimage"},"thumbnailUrl":"https:\/\/zamphelmets.co\/wp-content\/uploads\/2020\/08\/WY2MoZuuRJOZ33KVZInl_H774001.jpg","datePublished":"2020-08-28T09:12:31+00:00","dateModified":"2026-02-16T15:10:57+00:00","description":"Le Zamp RZ-18H White est un casque de course automobile Open-Face d'entr\u00e9e de gamme, certifi\u00e9 SA2020, qui offre un maximum de confort et de qualit\u00e9.","breadcrumb":{"@id":"https:\/\/zamphelmets.co\/fr\/produit\/rz-18h-blanc\/#breadcrumb"},"inLanguage":"fr-FR","potentialAction":[{"@type":"ReadAction","target":["https:\/\/zamphelmets.co\/fr\/produit\/rz-18h-blanc\/"]}]},{"@type":"ImageObject","inLanguage":"fr-FR","@id":"https:\/\/zamphelmets.co\/fr\/produit\/rz-18h-blanc\/#primaryimage","url":"https:\/\/zamphelmets.co\/wp-content\/uploads\/2020\/08\/WY2MoZuuRJOZ33KVZInl_H774001.jpg","contentUrl":"https:\/\/zamphelmets.co\/wp-content\/uploads\/2020\/08\/WY2MoZuuRJOZ33KVZInl_H774001.jpg","width":1500,"height":1500,"caption":"Zamp RZ-18H Casque de course blanc"},{"@type":"BreadcrumbList","@id":"https:\/\/zamphelmets.co\/fr\/produit\/rz-18h-blanc\/#breadcrumb","itemListElement":[{"@type":"ListItem","position":1,"name":"Boutique","item":"https:\/\/zamphelmets.co\/fr\/boutique\/"},{"@type":"ListItem","position":2,"name":"RZ 18H Blanc"}]},{"@type":"WebSite","@id":"https:\/\/zamphelmets.co\/fr\/#website","url":"https:\/\/zamphelmets.co\/fr\/","name":"Zamp Helmets | Helmet 28 EU","description":"High Quality Motorsport Helmets","potentialAction":[{"@type":"SearchAction","target":{"@type":"EntryPoint","urlTemplate":"https:\/\/zamphelmets.co\/fr\/?s={search_term_string}"},"query-input":{"@type":"PropertyValueSpecification","valueRequired":true,"valueName":"search_term_string"}}],"inLanguage":"fr-FR"}]}},"_links":{"self":[{"href":"https:\/\/zamphelmets.co\/fr\/wp-json\/wp\/v2\/product\/22665","targetHints":{"allow":["GET"]}}],"collection":[{"href":"https:\/\/zamphelmets.co\/fr\/wp-json\/wp\/v2\/product"}],"about":[{"href":"https:\/\/zamphelmets.co\/fr\/wp-json\/wp\/v2\/types\/product"}],"replies":[{"embeddable":true,"href":"https:\/\/zamphelmets.co\/fr\/wp-json\/wp\/v2\/comments?post=22665"}],"wp:featuredmedia":[{"embeddable":true,"href":"https:\/\/zamphelmets.co\/fr\/wp-json\/wp\/v2\/media\/12380"}],"wp:attachment":[{"href":"https:\/\/zamphelmets.co\/fr\/wp-json\/wp\/v2\/media?parent=22665"}],"wp:term":[{"taxonomy":"product_brand","embeddable":true,"href":"https:\/\/zamphelmets.co\/fr\/wp-json\/wp\/v2\/product_brand?post=22665"},{"taxonomy":"product_cat","embeddable":true,"href":"https:\/\/zamphelmets.co\/fr\/wp-json\/wp\/v2\/product_cat?post=22665"},{"taxonomy":"product_tag","embeddable":true,"href":"https:\/\/zamphelmets.co\/fr\/wp-json\/wp\/v2\/product_tag?post=22665"}],"curies":[{"name":"wp","href":"https:\/\/api.w.org\/{rel}","templated":true}]}}