{"id":207025,"date":"2025-05-14T11:50:03","date_gmt":"2025-05-14T11:50:03","guid":{"rendered":"https:\/\/zamphelmets.co\/product\/rz-48-youth-carbon\/"},"modified":"2025-05-14T11:50:03","modified_gmt":"2025-05-14T11:50:03","slug":"rz-48-youth-carbon","status":"publish","type":"product","link":"https:\/\/zamphelmets.co\/fr\/produit\/rz-48-youth-carbon\/","title":{"rendered":"RZ 48 Youth Carbon"},"content":{"rendered":"<p data-start=\"149\" data-end=\"248\"><strong data-start=\"149\" data-end=\"248\">D\u00e9couvrez le casque Zamp RZ-48Y Youth Carbon \u2013 le casque de karting Junior le plus l\u00e9ger du march\u00e9<\/strong><\/p>\n<p data-start=\"250\" data-end=\"516\">Con\u00e7u pour la performance et le confort, le tout nouveau <strong data-start=\"304\" data-end=\"339\">casque Zamp RZ-48Y Youth Carbon<\/strong> est l\u2019un des casques de karting Junior les plus l\u00e9gers du march\u00e9, \u00e0 seulement <strong data-start=\"407\" data-end=\"420\">1050g +\/-<\/strong>, ce qui en fait le choix ultime pour les jeunes pilotes \u00e0 la recherche d\u2019une protection de niveau sup\u00e9rieur, sans l\u2019encombrement.<\/p>\n<p data-start=\"518\" data-end=\"865\">Con\u00e7u pour la vitesse, la s\u00e9curit\u00e9 et un style qui se d\u00e9marque, ce casque est dot\u00e9 d\u2019une <strong data-start=\"586\" data-end=\"621\">coque en fibre de carbone de haute qualit\u00e9<\/strong> pour une r\u00e9sistance exceptionnelle et un poids r\u00e9duit. Con\u00e7u sp\u00e9cifiquement pour les jeunes pilotes et enti\u00e8rement conforme \u00e0 l\u2019homologation<strong data-start=\"737\" data-end=\"754\"> CMR2016<\/strong>, le RZ-48Y apporte des technologies premium de la gamme adulte Zamp dans un format plus compact, pr\u00eat pour la course. <\/p>\n<p data-start=\"980\" data-end=\"1176\">Que vous visiez le podium ou que vous d\u00e9butiez en karting, le RZ-48Y offre des performances de niveau \u00e9lite et un confort toute la journ\u00e9e, avec au choix le design standard en tissage carbone noir, ou deux d\u00e9cos pr\u00e9peintes.<\/p>\n<p data-start=\"1178\" data-end=\"1195\"><strong data-start=\"1178\" data-end=\"1195\">Caract\u00e9ristiques cl\u00e9s :<\/strong><\/p>\n<ul>\n<li data-start=\"1198\" data-end=\"1269\"><strong data-start=\"1198\" data-end=\"1232\">Coque carbone ultra-l\u00e9g\u00e8re<\/strong> \u2013 env. 1050g +\/- (selon la taille) <\/li>\n<li data-start=\"1272\" data-end=\"1341\"><strong data-start=\"1272\" data-end=\"1314\">Con\u00e7u sp\u00e9cifiquement pour les jeunes pilotes<\/strong>, avec certification CMR2016<\/li>\n<li data-start=\"1344\" data-end=\"1415\"><strong data-start=\"1344\" data-end=\"1381\">Construction premium en fibre de carbone<\/strong> pour un excellent rapport r\u00e9sistance\/poids<\/li>\n<li data-start=\"1418\" data-end=\"1480\"><strong data-start=\"1418\" data-end=\"1462\">Coiffe ignifug\u00e9e amovible et lavable<\/strong> pour un nettoyage facile<\/li>\n<li data-start=\"1483\" data-end=\"1537\"><strong data-start=\"1483\" data-end=\"1517\">\u00c9cran clair Z-20 Series 2.5mm<\/strong> avec plots tear-off<\/li>\n<li data-start=\"1540\" data-end=\"1611\"><strong data-start=\"1540\" data-end=\"1571\">Syst\u00e8me de ventilation avanc\u00e9<\/strong> avec a\u00e9rations sup\u00e9rieures et mentonni\u00e8re pour la circulation d\u2019air<\/li>\n<li data-start=\"1742\" data-end=\"1796\">Disponible en tailles Junior : 52 cm, 54 cm, 56 cm, 57 cm, 59 cm<\/li>\n<\/ul>\n<p>La taille de coque de nos casques Junior est l\u00e9g\u00e8rement plus petite que celle de nos casques adultes standard. Nous vous encourageons donc \u00e0 mesurer le plus pr\u00e9cis\u00e9ment possible et, en cas de doute, \u00e0 choisir la taille au-dessus avec ce mod\u00e8le. <\/p>\n<p><strong>Vous n&rsquo;\u00eates pas s\u00fbr de la taille ? <\/strong><a href=\"https:\/\/form.jotform.com\/251263198513053\">Remplissez notre formulaire de dimensionnement<\/a> et un membre de l&rsquo;\u00e9quipe vous contactera pour vous faire part de nos recommandations.<\/p>\n<p><img decoding=\"async\" class=\"alignnone wp-image-202049 lazyload\" data-src=\"https:\/\/zamphelmets.co\/wp-content\/uploads\/2025\/05\/Zamp-Helmets-sizing-guide-scaled.png\" alt=\"\" width=\"518\" height=\"518\" data-srcset=\"https:\/\/zamphelmets.co\/wp-content\/uploads\/2025\/05\/Zamp-Helmets-sizing-guide-scaled.png 2560w, https:\/\/zamphelmets.co\/wp-content\/uploads\/2025\/05\/Zamp-Helmets-sizing-guide-300x300.png 300w, https:\/\/zamphelmets.co\/wp-content\/uploads\/2025\/05\/Zamp-Helmets-sizing-guide-1024x1024.png 1024w, https:\/\/zamphelmets.co\/wp-content\/uploads\/2025\/05\/Zamp-Helmets-sizing-guide-150x150.png 150w, https:\/\/zamphelmets.co\/wp-content\/uploads\/2025\/05\/Zamp-Helmets-sizing-guide-768x768.png 768w, https:\/\/zamphelmets.co\/wp-content\/uploads\/2025\/05\/Zamp-Helmets-sizing-guide-1536x1536.png 1536w, https:\/\/zamphelmets.co\/wp-content\/uploads\/2025\/05\/Zamp-Helmets-sizing-guide-2048x2048.png 2048w, https:\/\/zamphelmets.co\/wp-content\/uploads\/2025\/05\/Zamp-Helmets-sizing-guide-600x600.png 600w, https:\/\/zamphelmets.co\/wp-content\/uploads\/2025\/05\/Zamp-Helmets-sizing-guide-100x100.png 100w\" data-sizes=\"(max-width: 518px) 100vw, 518px\" src=\"data:image\/svg+xml;base64,PHN2ZyB3aWR0aD0iMSIgaGVpZ2h0PSIxIiB4bWxucz0iaHR0cDovL3d3dy53My5vcmcvMjAwMC9zdmciPjwvc3ZnPg==\" style=\"--smush-placeholder-width: 518px; --smush-placeholder-aspect-ratio: 518\/518;\" \/><\/p>\n","protected":false},"excerpt":{"rendered":"<p>D\u00e9couvrez le casque Zamp RZ-48Y Youth Carbon \u2013 le casque de karting Junior le plus l\u00e9ger du march\u00e9 Con\u00e7u pour la performance et le confort, le tout nouveau casque Zamp RZ-48Y Youth Carbon est l\u2019un des casques de karting Junior les plus l\u00e9gers du march\u00e9, \u00e0 seulement 1050g +\/-, ce qui en fait le choix [&hellip;]<\/p>\n","protected":false},"featured_media":108191,"comment_status":"open","ping_status":"closed","template":"","meta":{"_acf_changed":false,"_iconic_wsb_product_page_order_bump_ids":[[]],"_sku":["HE785CA3"],"_iconic_wsb_product_page_bump_modal_ids":[[]]},"product_brand":[],"product_cat":[142,286,235,141],"product_tag":[],"class_list":{"0":"post-207025","1":"product","2":"type-product","3":"status-publish","4":"has-post-thumbnail","6":"product_cat-casques-zamp","7":"product_cat-jeunes-cmr-2016","8":"product_cat-sans-categorie","9":"product_cat-zamp-fr","11":"first","12":"instock","13":"taxable","14":"shipping-taxable","15":"purchasable","16":"product-type-variable"},"acf":[],"yoast_head":"<!-- This site is optimized with the Yoast SEO plugin v27.0 - https:\/\/yoast.com\/product\/yoast-seo-wordpress\/ -->\n<title>RZ 48 Youth Carbon - Zamp Helmets | Helmet 28 EU<\/title>\n<meta name=\"description\" content=\"D\u00e9couvrez le tout nouveau casque Zamp RZ-48Y Youth Carbon : l\u2019un des casques de karting homologu\u00e9s CMR2016 les plus l\u00e9gers, \u00e0 seulement 1050g. Coque en fibre de carbone, ajustement premium.\" \/>\n<meta name=\"robots\" content=\"index, follow, max-snippet:-1, max-image-preview:large, max-video-preview:-1\" \/>\n<link rel=\"canonical\" href=\"https:\/\/zamphelmets.co\/fr\/produit\/rz-48-youth-carbon\/\" \/>\n<meta property=\"og:locale\" content=\"fr_FR\" \/>\n<meta property=\"og:type\" content=\"article\" \/>\n<meta property=\"og:title\" content=\"RZ 48 Youth Carbon - Zamp Helmets | Helmet 28 EU\" \/>\n<meta property=\"og:description\" content=\"D\u00e9couvrez le tout nouveau casque Zamp RZ-48Y Youth Carbon : l\u2019un des casques de karting homologu\u00e9s CMR2016 les plus l\u00e9gers, \u00e0 seulement 1050g. Coque en fibre de carbone, ajustement premium.\" \/>\n<meta property=\"og:url\" content=\"https:\/\/zamphelmets.co\/fr\/produit\/rz-48-youth-carbon\/\" \/>\n<meta property=\"og:site_name\" content=\"Zamp Helmets | Helmet 28 EU\" \/>\n<meta property=\"og:image\" content=\"https:\/\/zamphelmets.co\/wp-content\/uploads\/2025\/05\/H785CA3.jpg\" \/>\n\t<meta property=\"og:image:width\" content=\"1500\" \/>\n\t<meta property=\"og:image:height\" content=\"1500\" \/>\n\t<meta property=\"og:image:type\" content=\"image\/jpeg\" \/>\n<meta name=\"twitter:card\" content=\"summary_large_image\" \/>\n<meta name=\"twitter:label1\" content=\"Est. reading time\" \/>\n\t<meta name=\"twitter:data1\" content=\"2 minutes\" \/>\n<script type=\"application\/ld+json\" class=\"yoast-schema-graph\">{\"@context\":\"https:\/\/schema.org\",\"@graph\":[{\"@type\":\"WebPage\",\"@id\":\"https:\/\/zamphelmets.co\/fr\/produit\/rz-48-youth-carbon\/\",\"url\":\"https:\/\/zamphelmets.co\/fr\/produit\/rz-48-youth-carbon\/\",\"name\":\"RZ 48 Youth Carbon - Zamp Helmets | Helmet 28 EU\",\"isPartOf\":{\"@id\":\"https:\/\/zamphelmets.co\/fr\/#website\"},\"primaryImageOfPage\":{\"@id\":\"https:\/\/zamphelmets.co\/fr\/produit\/rz-48-youth-carbon\/#primaryimage\"},\"image\":{\"@id\":\"https:\/\/zamphelmets.co\/fr\/produit\/rz-48-youth-carbon\/#primaryimage\"},\"thumbnailUrl\":\"https:\/\/zamphelmets.co\/wp-content\/uploads\/2025\/05\/H785CA3.jpg\",\"datePublished\":\"2025-05-14T11:50:03+00:00\",\"description\":\"D\u00e9couvrez le tout nouveau casque Zamp RZ-48Y Youth Carbon : l\u2019un des casques de karting homologu\u00e9s CMR2016 les plus l\u00e9gers, \u00e0 seulement 1050g. Coque en fibre de carbone, ajustement premium.\",\"breadcrumb\":{\"@id\":\"https:\/\/zamphelmets.co\/fr\/produit\/rz-48-youth-carbon\/#breadcrumb\"},\"inLanguage\":\"fr-FR\",\"potentialAction\":[{\"@type\":\"ReadAction\",\"target\":[\"https:\/\/zamphelmets.co\/fr\/produit\/rz-48-youth-carbon\/\"]}]},{\"@type\":\"ImageObject\",\"inLanguage\":\"fr-FR\",\"@id\":\"https:\/\/zamphelmets.co\/fr\/produit\/rz-48-youth-carbon\/#primaryimage\",\"url\":\"https:\/\/zamphelmets.co\/wp-content\/uploads\/2025\/05\/H785CA3.jpg\",\"contentUrl\":\"https:\/\/zamphelmets.co\/wp-content\/uploads\/2025\/05\/H785CA3.jpg\",\"width\":1500,\"height\":1500},{\"@type\":\"BreadcrumbList\",\"@id\":\"https:\/\/zamphelmets.co\/fr\/produit\/rz-48-youth-carbon\/#breadcrumb\",\"itemListElement\":[{\"@type\":\"ListItem\",\"position\":1,\"name\":\"Boutique\",\"item\":\"https:\/\/zamphelmets.co\/fr\/boutique\/\"},{\"@type\":\"ListItem\",\"position\":2,\"name\":\"RZ 48 Youth Carbon\"}]},{\"@type\":\"WebSite\",\"@id\":\"https:\/\/zamphelmets.co\/fr\/#website\",\"url\":\"https:\/\/zamphelmets.co\/fr\/\",\"name\":\"Zamp Helmets | Helmet 28 EU\",\"description\":\"High Quality Motorsport Helmets\",\"potentialAction\":[{\"@type\":\"SearchAction\",\"target\":{\"@type\":\"EntryPoint\",\"urlTemplate\":\"https:\/\/zamphelmets.co\/fr\/?s={search_term_string}\"},\"query-input\":{\"@type\":\"PropertyValueSpecification\",\"valueRequired\":true,\"valueName\":\"search_term_string\"}}],\"inLanguage\":\"fr-FR\"}]}<\/script>\n<!-- \/ Yoast SEO plugin. -->","yoast_head_json":{"title":"RZ 48 Youth Carbon - Zamp Helmets | Helmet 28 EU","description":"D\u00e9couvrez le tout nouveau casque Zamp RZ-48Y Youth Carbon : l\u2019un des casques de karting homologu\u00e9s CMR2016 les plus l\u00e9gers, \u00e0 seulement 1050g. Coque en fibre de carbone, ajustement premium.","robots":{"index":"index","follow":"follow","max-snippet":"max-snippet:-1","max-image-preview":"max-image-preview:large","max-video-preview":"max-video-preview:-1"},"canonical":"https:\/\/zamphelmets.co\/fr\/produit\/rz-48-youth-carbon\/","og_locale":"fr_FR","og_type":"article","og_title":"RZ 48 Youth Carbon - Zamp Helmets | Helmet 28 EU","og_description":"D\u00e9couvrez le tout nouveau casque Zamp RZ-48Y Youth Carbon : l\u2019un des casques de karting homologu\u00e9s CMR2016 les plus l\u00e9gers, \u00e0 seulement 1050g. Coque en fibre de carbone, ajustement premium.","og_url":"https:\/\/zamphelmets.co\/fr\/produit\/rz-48-youth-carbon\/","og_site_name":"Zamp Helmets | Helmet 28 EU","og_image":[{"width":1500,"height":1500,"url":"https:\/\/zamphelmets.co\/wp-content\/uploads\/2025\/05\/H785CA3.jpg","type":"image\/jpeg"}],"twitter_card":"summary_large_image","twitter_misc":{"Est. reading time":"2 minutes"},"schema":{"@context":"https:\/\/schema.org","@graph":[{"@type":"WebPage","@id":"https:\/\/zamphelmets.co\/fr\/produit\/rz-48-youth-carbon\/","url":"https:\/\/zamphelmets.co\/fr\/produit\/rz-48-youth-carbon\/","name":"RZ 48 Youth Carbon - Zamp Helmets | Helmet 28 EU","isPartOf":{"@id":"https:\/\/zamphelmets.co\/fr\/#website"},"primaryImageOfPage":{"@id":"https:\/\/zamphelmets.co\/fr\/produit\/rz-48-youth-carbon\/#primaryimage"},"image":{"@id":"https:\/\/zamphelmets.co\/fr\/produit\/rz-48-youth-carbon\/#primaryimage"},"thumbnailUrl":"https:\/\/zamphelmets.co\/wp-content\/uploads\/2025\/05\/H785CA3.jpg","datePublished":"2025-05-14T11:50:03+00:00","description":"D\u00e9couvrez le tout nouveau casque Zamp RZ-48Y Youth Carbon : l\u2019un des casques de karting homologu\u00e9s CMR2016 les plus l\u00e9gers, \u00e0 seulement 1050g. Coque en fibre de carbone, ajustement premium.","breadcrumb":{"@id":"https:\/\/zamphelmets.co\/fr\/produit\/rz-48-youth-carbon\/#breadcrumb"},"inLanguage":"fr-FR","potentialAction":[{"@type":"ReadAction","target":["https:\/\/zamphelmets.co\/fr\/produit\/rz-48-youth-carbon\/"]}]},{"@type":"ImageObject","inLanguage":"fr-FR","@id":"https:\/\/zamphelmets.co\/fr\/produit\/rz-48-youth-carbon\/#primaryimage","url":"https:\/\/zamphelmets.co\/wp-content\/uploads\/2025\/05\/H785CA3.jpg","contentUrl":"https:\/\/zamphelmets.co\/wp-content\/uploads\/2025\/05\/H785CA3.jpg","width":1500,"height":1500},{"@type":"BreadcrumbList","@id":"https:\/\/zamphelmets.co\/fr\/produit\/rz-48-youth-carbon\/#breadcrumb","itemListElement":[{"@type":"ListItem","position":1,"name":"Boutique","item":"https:\/\/zamphelmets.co\/fr\/boutique\/"},{"@type":"ListItem","position":2,"name":"RZ 48 Youth Carbon"}]},{"@type":"WebSite","@id":"https:\/\/zamphelmets.co\/fr\/#website","url":"https:\/\/zamphelmets.co\/fr\/","name":"Zamp Helmets | Helmet 28 EU","description":"High Quality Motorsport Helmets","potentialAction":[{"@type":"SearchAction","target":{"@type":"EntryPoint","urlTemplate":"https:\/\/zamphelmets.co\/fr\/?s={search_term_string}"},"query-input":{"@type":"PropertyValueSpecification","valueRequired":true,"valueName":"search_term_string"}}],"inLanguage":"fr-FR"}]}},"_links":{"self":[{"href":"https:\/\/zamphelmets.co\/fr\/wp-json\/wp\/v2\/product\/207025","targetHints":{"allow":["GET"]}}],"collection":[{"href":"https:\/\/zamphelmets.co\/fr\/wp-json\/wp\/v2\/product"}],"about":[{"href":"https:\/\/zamphelmets.co\/fr\/wp-json\/wp\/v2\/types\/product"}],"replies":[{"embeddable":true,"href":"https:\/\/zamphelmets.co\/fr\/wp-json\/wp\/v2\/comments?post=207025"}],"wp:featuredmedia":[{"embeddable":true,"href":"https:\/\/zamphelmets.co\/fr\/wp-json\/wp\/v2\/media\/108191"}],"wp:attachment":[{"href":"https:\/\/zamphelmets.co\/fr\/wp-json\/wp\/v2\/media?parent=207025"}],"wp:term":[{"taxonomy":"product_brand","embeddable":true,"href":"https:\/\/zamphelmets.co\/fr\/wp-json\/wp\/v2\/product_brand?post=207025"},{"taxonomy":"product_cat","embeddable":true,"href":"https:\/\/zamphelmets.co\/fr\/wp-json\/wp\/v2\/product_cat?post=207025"},{"taxonomy":"product_tag","embeddable":true,"href":"https:\/\/zamphelmets.co\/fr\/wp-json\/wp\/v2\/product_tag?post=207025"}],"curies":[{"name":"wp","href":"https:\/\/api.w.org\/{rel}","templated":true}]}}