{"id":207006,"date":"2025-08-13T13:16:32","date_gmt":"2025-08-13T13:16:32","guid":{"rendered":"https:\/\/zamphelmets.co\/product\/rz-57v-gris-mat\/"},"modified":"2025-08-13T13:16:32","modified_gmt":"2025-08-13T13:16:32","slug":"rz-57v-gris-mat","status":"publish","type":"product","link":"https:\/\/zamphelmets.co\/fr\/produit\/rz-57v-gris-mat\/","title":{"rendered":"RZ 57V Gris Mat"},"content":{"rendered":"<p data-start=\"225\" data-end=\"589\">Le <strong data-start=\"229\" data-end=\"251\">casque Zamp RZ-57V<\/strong> offre l\u2019\u00e9quilibre parfait entre performance, s\u00e9curit\u00e9 et prix abordable, red\u00e9finissant la v\u00e9ritable valeur de la protection en sport automobile. Con\u00e7u avec la derni\u00e8re <strong data-start=\"422\" data-end=\"449\">technologie Snell SA2025<\/strong>, ce casque composite l\u00e9ger est con\u00e7u pour les pilotes qui exigent fiabilit\u00e9, confort et performances modernes sans d\u00e9penser excessivement. <\/p>\n<p data-start=\"591\" data-end=\"1016\">Construit avec une <strong data-start=\"604\" data-end=\"634\">coque en fibre de verre composite<\/strong> et un int\u00e9rieur moelleux ignifuge, le RZ-57V assure un confort durable \u00e0 chaque course.<\/p>\n<p data-start=\"1018\" data-end=\"1384\">Avec des caract\u00e9ristiques g\u00e9n\u00e9ralement trouv\u00e9es dans des casques deux fois plus chers, le <strong data-start=\"1078\" data-end=\"1093\">Zamp RZ-57V<\/strong> est un choix polyvalent pour le karting, les journ\u00e9es sur piste et la comp\u00e9tition. Il est \u00e9quip\u00e9 d\u2019une <strong data-start=\"1188\" data-end=\"1209\">visi\u00e8re transparente Z-20<\/strong> avec des poteaux de tear-off, ainsi que des <strong data-start=\"1303\" data-end=\"1317\">inserts M6<\/strong> pour une <strong data-start=\"1331\" data-end=\"1381\">int\u00e9gration transparente du dispositif de retenue de la t\u00eate et du cou (HANS)<\/strong>. <\/p>\n<h3 data-start=\"1386\" data-end=\"1405\">Caract\u00e9ristiques cl\u00e9s :<\/h3>\n<ul data-start=\"1406\" data-end=\"1802\">\n<li data-start=\"1406\" data-end=\"1477\">\n<p data-start=\"1408\" data-end=\"1477\"><strong data-start=\"1408\" data-end=\"1450\">Coque l\u00e9g\u00e8re en fibre de verre composite<\/strong> pour la r\u00e9sistance et le confort<\/p>\n<\/li>\n<li data-start=\"1478\" data-end=\"1543\">\n<p data-start=\"1480\" data-end=\"1543\"><strong data-start=\"1480\" data-end=\"1507\">Ventilation frontale au design minimaliste<\/strong> avec \u00e9vents d\u2019a\u00e9ration au niveau du cuir chevelu et \u00e0 l\u2019arri\u00e8re pour un flux d\u2019air am\u00e9lior\u00e9<\/p>\n<\/li>\n<li data-start=\"1544\" data-end=\"1614\">\n<p data-start=\"1546\" data-end=\"1614\"><strong data-start=\"1546\" data-end=\"1579\">Int\u00e9rieur moelleux ignifuge<\/strong> (non amovible) pour une s\u00e9curit\u00e9 accrue<\/p>\n<\/li>\n<li data-start=\"1615\" data-end=\"1700\">\n<p data-start=\"1617\" data-end=\"1700\"><strong data-start=\"1617\" data-end=\"1638\">Visi\u00e8re transparente Z-20<\/strong> avec poteaux de tear-off, compatible avec les tear-offs de style banane<\/p>\n<\/li>\n<li data-start=\"1701\" data-end=\"1745\">\n<p data-start=\"1703\" data-end=\"1745\"><strong data-start=\"1703\" data-end=\"1717\">Inserts M6<\/strong> pour l\u2019utilisation de dispositifs HANS \/ HNR<\/p>\n<\/li>\n<li data-start=\"1746\" data-end=\"1802\">\n<p data-start=\"1748\" data-end=\"1802\"><strong data-start=\"1748\" data-end=\"1773\">Homologu\u00e9 Snell SA2025<\/strong> pour le sport automobile de comp\u00e9tition<\/p>\n<\/li>\n<\/ul>\n<p data-start=\"1804\" data-end=\"1954\">Que vous d\u00e9butiez ou que vous passiez au niveau sup\u00e9rieur, le <strong data-start=\"1852\" data-end=\"1867\">Zamp RZ-57V<\/strong> vous offre la technologie, le confort et la s\u00e9curit\u00e9 dont vous avez besoin pour rester concentr\u00e9 sur la piste.<\/p>\n","protected":false},"excerpt":{"rendered":"<p>Le casque Zamp RZ-57V offre l\u2019\u00e9quilibre parfait entre performance, s\u00e9curit\u00e9 et prix abordable, red\u00e9finissant la v\u00e9ritable valeur de la protection en sport automobile. Con\u00e7u avec la derni\u00e8re technologie Snell SA2025, ce casque composite l\u00e9ger est con\u00e7u pour les pilotes qui exigent fiabilit\u00e9, confort et performances modernes sans d\u00e9penser excessivement. Construit avec une coque en fibre [&hellip;]<\/p>\n","protected":false},"featured_media":113916,"comment_status":"open","ping_status":"closed","template":"","meta":{"_acf_changed":false,"_iconic_wsb_product_page_order_bump_ids":[[]],"_sku":["H78315F"],"_iconic_wsb_product_page_bump_modal_ids":[[]]},"product_brand":[],"product_cat":[142,235,476,141],"product_tag":[],"class_list":{"0":"post-207006","1":"product","2":"type-product","3":"status-publish","4":"has-post-thumbnail","6":"product_cat-casques-zamp","7":"product_cat-sans-categorie","8":"product_cat-snell-2025","9":"product_cat-zamp-fr","11":"first","12":"instock","13":"taxable","14":"shipping-taxable","15":"purchasable","16":"product-type-variable"},"acf":[],"yoast_head":"<!-- This site is optimized with the Yoast SEO plugin v27.0 - https:\/\/yoast.com\/product\/yoast-seo-wordpress\/ -->\n<title>RZ 57V Gris Mat - Zamp Helmets | Helmet 28 EU<\/title>\n<meta name=\"description\" content=\"ACHETER MAINTENANT - Homologu\u00e9 Snell SA2025, l\u00e9ger, durable et abordable, avec compatibilit\u00e9 Top Air pour des performances de course optimales.\" \/>\n<meta name=\"robots\" content=\"index, follow, max-snippet:-1, max-image-preview:large, max-video-preview:-1\" \/>\n<link rel=\"canonical\" href=\"https:\/\/zamphelmets.co\/fr\/produit\/rz-57v-gris-mat\/\" \/>\n<meta property=\"og:locale\" content=\"fr_FR\" \/>\n<meta property=\"og:type\" content=\"article\" \/>\n<meta property=\"og:title\" content=\"RZ 57V Gris Mat - Zamp Helmets | Helmet 28 EU\" \/>\n<meta property=\"og:description\" content=\"ACHETER MAINTENANT - Homologu\u00e9 Snell SA2025, l\u00e9ger, durable et abordable, avec compatibilit\u00e9 Top Air pour des performances de course optimales.\" \/>\n<meta property=\"og:url\" content=\"https:\/\/zamphelmets.co\/fr\/produit\/rz-57v-gris-mat\/\" \/>\n<meta property=\"og:site_name\" content=\"Zamp Helmets | Helmet 28 EU\" \/>\n<meta property=\"og:image\" content=\"https:\/\/zamphelmets.co\/wp-content\/uploads\/2025\/08\/H77215F.jpg\" \/>\n\t<meta property=\"og:image:width\" content=\"1500\" \/>\n\t<meta property=\"og:image:height\" content=\"1500\" \/>\n\t<meta property=\"og:image:type\" content=\"image\/jpeg\" \/>\n<meta name=\"twitter:card\" content=\"summary_large_image\" \/>\n<meta name=\"twitter:label1\" content=\"Est. reading time\" \/>\n\t<meta name=\"twitter:data1\" content=\"1 minute\" \/>\n<script type=\"application\/ld+json\" class=\"yoast-schema-graph\">{\"@context\":\"https:\/\/schema.org\",\"@graph\":[{\"@type\":\"WebPage\",\"@id\":\"https:\/\/zamphelmets.co\/fr\/produit\/rz-57v-gris-mat\/\",\"url\":\"https:\/\/zamphelmets.co\/fr\/produit\/rz-57v-gris-mat\/\",\"name\":\"RZ 57V Gris Mat - Zamp Helmets | Helmet 28 EU\",\"isPartOf\":{\"@id\":\"https:\/\/zamphelmets.co\/fr\/#website\"},\"primaryImageOfPage\":{\"@id\":\"https:\/\/zamphelmets.co\/fr\/produit\/rz-57v-gris-mat\/#primaryimage\"},\"image\":{\"@id\":\"https:\/\/zamphelmets.co\/fr\/produit\/rz-57v-gris-mat\/#primaryimage\"},\"thumbnailUrl\":\"https:\/\/zamphelmets.co\/wp-content\/uploads\/2025\/08\/H77215F.jpg\",\"datePublished\":\"2025-08-13T13:16:32+00:00\",\"description\":\"ACHETER MAINTENANT - Homologu\u00e9 Snell SA2025, l\u00e9ger, durable et abordable, avec compatibilit\u00e9 Top Air pour des performances de course optimales.\",\"breadcrumb\":{\"@id\":\"https:\/\/zamphelmets.co\/fr\/produit\/rz-57v-gris-mat\/#breadcrumb\"},\"inLanguage\":\"fr-FR\",\"potentialAction\":[{\"@type\":\"ReadAction\",\"target\":[\"https:\/\/zamphelmets.co\/fr\/produit\/rz-57v-gris-mat\/\"]}]},{\"@type\":\"ImageObject\",\"inLanguage\":\"fr-FR\",\"@id\":\"https:\/\/zamphelmets.co\/fr\/produit\/rz-57v-gris-mat\/#primaryimage\",\"url\":\"https:\/\/zamphelmets.co\/wp-content\/uploads\/2025\/08\/H77215F.jpg\",\"contentUrl\":\"https:\/\/zamphelmets.co\/wp-content\/uploads\/2025\/08\/H77215F.jpg\",\"width\":1500,\"height\":1500},{\"@type\":\"BreadcrumbList\",\"@id\":\"https:\/\/zamphelmets.co\/fr\/produit\/rz-57v-gris-mat\/#breadcrumb\",\"itemListElement\":[{\"@type\":\"ListItem\",\"position\":1,\"name\":\"Boutique\",\"item\":\"https:\/\/zamphelmets.co\/fr\/boutique\/\"},{\"@type\":\"ListItem\",\"position\":2,\"name\":\"RZ 57V Gris Mat\"}]},{\"@type\":\"WebSite\",\"@id\":\"https:\/\/zamphelmets.co\/fr\/#website\",\"url\":\"https:\/\/zamphelmets.co\/fr\/\",\"name\":\"Zamp Helmets | Helmet 28 EU\",\"description\":\"High Quality Motorsport Helmets\",\"potentialAction\":[{\"@type\":\"SearchAction\",\"target\":{\"@type\":\"EntryPoint\",\"urlTemplate\":\"https:\/\/zamphelmets.co\/fr\/?s={search_term_string}\"},\"query-input\":{\"@type\":\"PropertyValueSpecification\",\"valueRequired\":true,\"valueName\":\"search_term_string\"}}],\"inLanguage\":\"fr-FR\"}]}<\/script>\n<!-- \/ Yoast SEO plugin. -->","yoast_head_json":{"title":"RZ 57V Gris Mat - Zamp Helmets | Helmet 28 EU","description":"ACHETER MAINTENANT - Homologu\u00e9 Snell SA2025, l\u00e9ger, durable et abordable, avec compatibilit\u00e9 Top Air pour des performances de course optimales.","robots":{"index":"index","follow":"follow","max-snippet":"max-snippet:-1","max-image-preview":"max-image-preview:large","max-video-preview":"max-video-preview:-1"},"canonical":"https:\/\/zamphelmets.co\/fr\/produit\/rz-57v-gris-mat\/","og_locale":"fr_FR","og_type":"article","og_title":"RZ 57V Gris Mat - Zamp Helmets | Helmet 28 EU","og_description":"ACHETER MAINTENANT - Homologu\u00e9 Snell SA2025, l\u00e9ger, durable et abordable, avec compatibilit\u00e9 Top Air pour des performances de course optimales.","og_url":"https:\/\/zamphelmets.co\/fr\/produit\/rz-57v-gris-mat\/","og_site_name":"Zamp Helmets | Helmet 28 EU","og_image":[{"width":1500,"height":1500,"url":"https:\/\/zamphelmets.co\/wp-content\/uploads\/2025\/08\/H77215F.jpg","type":"image\/jpeg"}],"twitter_card":"summary_large_image","twitter_misc":{"Est. reading time":"1 minute"},"schema":{"@context":"https:\/\/schema.org","@graph":[{"@type":"WebPage","@id":"https:\/\/zamphelmets.co\/fr\/produit\/rz-57v-gris-mat\/","url":"https:\/\/zamphelmets.co\/fr\/produit\/rz-57v-gris-mat\/","name":"RZ 57V Gris Mat - Zamp Helmets | Helmet 28 EU","isPartOf":{"@id":"https:\/\/zamphelmets.co\/fr\/#website"},"primaryImageOfPage":{"@id":"https:\/\/zamphelmets.co\/fr\/produit\/rz-57v-gris-mat\/#primaryimage"},"image":{"@id":"https:\/\/zamphelmets.co\/fr\/produit\/rz-57v-gris-mat\/#primaryimage"},"thumbnailUrl":"https:\/\/zamphelmets.co\/wp-content\/uploads\/2025\/08\/H77215F.jpg","datePublished":"2025-08-13T13:16:32+00:00","description":"ACHETER MAINTENANT - Homologu\u00e9 Snell SA2025, l\u00e9ger, durable et abordable, avec compatibilit\u00e9 Top Air pour des performances de course optimales.","breadcrumb":{"@id":"https:\/\/zamphelmets.co\/fr\/produit\/rz-57v-gris-mat\/#breadcrumb"},"inLanguage":"fr-FR","potentialAction":[{"@type":"ReadAction","target":["https:\/\/zamphelmets.co\/fr\/produit\/rz-57v-gris-mat\/"]}]},{"@type":"ImageObject","inLanguage":"fr-FR","@id":"https:\/\/zamphelmets.co\/fr\/produit\/rz-57v-gris-mat\/#primaryimage","url":"https:\/\/zamphelmets.co\/wp-content\/uploads\/2025\/08\/H77215F.jpg","contentUrl":"https:\/\/zamphelmets.co\/wp-content\/uploads\/2025\/08\/H77215F.jpg","width":1500,"height":1500},{"@type":"BreadcrumbList","@id":"https:\/\/zamphelmets.co\/fr\/produit\/rz-57v-gris-mat\/#breadcrumb","itemListElement":[{"@type":"ListItem","position":1,"name":"Boutique","item":"https:\/\/zamphelmets.co\/fr\/boutique\/"},{"@type":"ListItem","position":2,"name":"RZ 57V Gris Mat"}]},{"@type":"WebSite","@id":"https:\/\/zamphelmets.co\/fr\/#website","url":"https:\/\/zamphelmets.co\/fr\/","name":"Zamp Helmets | Helmet 28 EU","description":"High Quality Motorsport Helmets","potentialAction":[{"@type":"SearchAction","target":{"@type":"EntryPoint","urlTemplate":"https:\/\/zamphelmets.co\/fr\/?s={search_term_string}"},"query-input":{"@type":"PropertyValueSpecification","valueRequired":true,"valueName":"search_term_string"}}],"inLanguage":"fr-FR"}]}},"_links":{"self":[{"href":"https:\/\/zamphelmets.co\/fr\/wp-json\/wp\/v2\/product\/207006","targetHints":{"allow":["GET"]}}],"collection":[{"href":"https:\/\/zamphelmets.co\/fr\/wp-json\/wp\/v2\/product"}],"about":[{"href":"https:\/\/zamphelmets.co\/fr\/wp-json\/wp\/v2\/types\/product"}],"replies":[{"embeddable":true,"href":"https:\/\/zamphelmets.co\/fr\/wp-json\/wp\/v2\/comments?post=207006"}],"wp:featuredmedia":[{"embeddable":true,"href":"https:\/\/zamphelmets.co\/fr\/wp-json\/wp\/v2\/media\/113916"}],"wp:attachment":[{"href":"https:\/\/zamphelmets.co\/fr\/wp-json\/wp\/v2\/media?parent=207006"}],"wp:term":[{"taxonomy":"product_brand","embeddable":true,"href":"https:\/\/zamphelmets.co\/fr\/wp-json\/wp\/v2\/product_brand?post=207006"},{"taxonomy":"product_cat","embeddable":true,"href":"https:\/\/zamphelmets.co\/fr\/wp-json\/wp\/v2\/product_cat?post=207006"},{"taxonomy":"product_tag","embeddable":true,"href":"https:\/\/zamphelmets.co\/fr\/wp-json\/wp\/v2\/product_tag?post=207006"}],"curies":[{"name":"wp","href":"https:\/\/api.w.org\/{rel}","templated":true}]}}