{"id":206964,"date":"2026-01-26T11:24:16","date_gmt":"2026-01-26T11:24:16","guid":{"rendered":"https:\/\/zamphelmets.co\/product\/unleash-rouge\/"},"modified":"2026-02-27T11:17:08","modified_gmt":"2026-02-27T11:17:08","slug":"unleash-rouge","status":"publish","type":"product","link":"https:\/\/zamphelmets.co\/fr\/produit\/unleash-rouge\/","title":{"rendered":"UNLEASH &#8211; Rouge"},"content":{"rendered":"<p data-start=\"561\" data-end=\"923\">Con\u00e7ue avec des <strong data-start=\"577\" data-end=\"595\">coutures externes<\/strong>, une <strong data-start=\"600\" data-end=\"628\">coupe ergonomique pr\u00e9-courb\u00e9e<\/strong> et le <strong data-start=\"648\" data-end=\"665\">bout de doigt rouge<\/strong> embl\u00e9matique qui d\u00e9finit 32Five, chaque paire est faite pour la performance et pour se d\u00e9marquer. Le dessus l\u00e9ger et respirant garde vos mains au frais sous pression, tandis que la <strong data-start=\"831\" data-end=\"860\">technologie avanc\u00e9e de paume DriveSkin<\/strong> assure une sensation de direction, une pr\u00e9cision et une durabilit\u00e9 in\u00e9gal\u00e9es. <\/p>\n<p data-start=\"925\" data-end=\"1081\">N\u00e9s de la passion et affin\u00e9s par la performance, les <strong data-start=\"976\" data-end=\"1038\">gants 32Five sont devenus une r\u00e9f\u00e9rence dans le monde du karting<\/strong> \u2014 et UNLEASH va encore plus loin.<\/p>\n<ul>\n<li data-start=\"1083\" data-end=\"1543\"><strong data-start=\"1085\" data-end=\"1103\">Coutures Externes<\/strong> \u2013 Minimisent la friction et les points de pression pour un confort sup\u00e9rieur et une durabilit\u00e9 accrue.<\/li>\n<li data-start=\"1083\" data-end=\"1543\"><strong data-start=\"1198\" data-end=\"1225\">Tissu Sup\u00e9rieur Respirant<\/strong> \u2013 L\u00e9ger, doux et ventil\u00e9 pour un confort tout au long de la journ\u00e9e et une couleur vive et percutante.<\/li>\n<li data-start=\"1083\" data-end=\"1543\"><strong data-start=\"1319\" data-end=\"1348\">Technologie de Paume DriveSkin<\/strong> \u2013 Adh\u00e9rence avanc\u00e9e et contr\u00f4le tactile, con\u00e7ue pour le karting de haute intensit\u00e9.<\/li>\n<li data-start=\"1083\" data-end=\"1543\"><strong data-start=\"1429\" data-end=\"1457\">Coupe Ergonomique Pr\u00e9-courb\u00e9e<\/strong> \u2013 Soutient le mouvement naturel de la main pour une pr\u00e9cision et une concentration am\u00e9lior\u00e9es au volant.<\/li>\n<li data-start=\"1083\" data-end=\"1543\"><strong>Disponible dans les tailles XXXS \u00e0 Large<\/strong><\/li>\n<\/ul>\n<p data-start=\"1545\" data-end=\"1742\">Du bout de doigt rouge embl\u00e9matique \u00e0 chaque d\u00e9tail soigneusement con\u00e7u, les <strong data-start=\"1614\" data-end=\"1639\">gants 32Five UNLEASH<\/strong> sont des <strong data-start=\"1644\" data-end=\"1740\">gants de karting premium con\u00e7us pour les pilotes qui exigent contr\u00f4le, confort et un style inimitable.<\/strong><\/p>\n<p data-start=\"1744\" data-end=\"1777\"><strong data-start=\"1744\" data-end=\"1777\">Suivez le rouge. Pilotez 32Five. <\/strong><\/p>\n<p data-start=\"1744\" data-end=\"1777\"><img decoding=\"async\" data-src=\"https:\/\/shop.32five.me\/cdn\/shop\/files\/32F-SizeGuide-25-V1.png?v=1751196689&amp;width=3840\" width=\"603\" height=\"324\" src=\"data:image\/svg+xml;base64,PHN2ZyB3aWR0aD0iMSIgaGVpZ2h0PSIxIiB4bWxucz0iaHR0cDovL3d3dy53My5vcmcvMjAwMC9zdmciPjwvc3ZnPg==\" class=\"lazyload\" style=\"--smush-placeholder-width: 603px; --smush-placeholder-aspect-ratio: 603\/324;\"><\/p>\n","protected":false},"excerpt":{"rendered":"<p>Con\u00e7ue avec des coutures externes, une coupe ergonomique pr\u00e9-courb\u00e9e et le bout de doigt rouge embl\u00e9matique qui d\u00e9finit 32Five, chaque paire est faite pour la performance et pour se d\u00e9marquer. Le dessus l\u00e9ger et respirant garde vos mains au frais sous pression, tandis que la technologie avanc\u00e9e de paume DriveSkin assure une sensation de direction, [&hellip;]<\/p>\n","protected":false},"featured_media":189843,"comment_status":"open","ping_status":"closed","template":"","meta":{"_acf_changed":false,"_iconic_wsb_product_page_order_bump_ids":[[]],"_sku":[],"_iconic_wsb_product_page_bump_modal_ids":[[]]},"product_brand":[],"product_cat":[486,194,193],"product_tag":[],"class_list":{"0":"post-206964","1":"product","2":"type-product","3":"status-publish","4":"has-post-thumbnail","6":"product_cat-32five","7":"product_cat-gants","8":"product_cat-protection-vetements","10":"first","11":"instock","12":"taxable","13":"shipping-taxable","14":"purchasable","15":"product-type-variable"},"acf":[],"yoast_head":"<!-- This site is optimized with the Yoast SEO plugin v27.0 - https:\/\/yoast.com\/product\/yoast-seo-wordpress\/ -->\n<title>UNLEASH - Rouge - Gants de Karting Premium<\/title>\n<meta name=\"robots\" content=\"index, follow, max-snippet:-1, max-image-preview:large, max-video-preview:-1\" \/>\n<link rel=\"canonical\" href=\"https:\/\/zamphelmets.co\/fr\/produit\/unleash-rouge\/\" \/>\n<meta property=\"og:locale\" content=\"fr_FR\" \/>\n<meta property=\"og:type\" content=\"article\" \/>\n<meta property=\"og:title\" content=\"UNLEASH - Rouge - Gants de Karting Premium\" \/>\n<meta property=\"og:description\" content=\"Con\u00e7ue avec des coutures externes, une coupe ergonomique pr\u00e9-courb\u00e9e et le bout de doigt rouge embl\u00e9matique qui d\u00e9finit 32Five, chaque paire est faite pour la performance et pour se d\u00e9marquer. Le dessus l\u00e9ger et respirant garde vos mains au frais sous pression, tandis que la technologie avanc\u00e9e de paume DriveSkin assure une sensation de direction, [&hellip;]\" \/>\n<meta property=\"og:url\" content=\"https:\/\/zamphelmets.co\/fr\/produit\/unleash-rouge\/\" \/>\n<meta property=\"og:site_name\" content=\"Zamp Helmets | Helmet 28 EU\" \/>\n<meta property=\"article:modified_time\" content=\"2026-02-27T11:17:08+00:00\" \/>\n<meta property=\"og:image\" content=\"https:\/\/zamphelmets.co\/wp-content\/uploads\/2026\/01\/unleash_red.jpeg\" \/>\n\t<meta property=\"og:image:width\" content=\"978\" \/>\n\t<meta property=\"og:image:height\" content=\"1000\" \/>\n\t<meta property=\"og:image:type\" content=\"image\/jpeg\" \/>\n<meta name=\"twitter:card\" content=\"summary_large_image\" \/>\n<meta name=\"twitter:label1\" content=\"Est. reading time\" \/>\n\t<meta name=\"twitter:data1\" content=\"1 minute\" \/>\n<script type=\"application\/ld+json\" class=\"yoast-schema-graph\">{\"@context\":\"https:\/\/schema.org\",\"@graph\":[{\"@type\":\"WebPage\",\"@id\":\"https:\/\/zamphelmets.co\/fr\/produit\/unleash-rouge\/\",\"url\":\"https:\/\/zamphelmets.co\/fr\/produit\/unleash-rouge\/\",\"name\":\"UNLEASH - Rouge - Gants de Karting Premium\",\"isPartOf\":{\"@id\":\"https:\/\/zamphelmets.co\/fr\/#website\"},\"primaryImageOfPage\":{\"@id\":\"https:\/\/zamphelmets.co\/fr\/produit\/unleash-rouge\/#primaryimage\"},\"image\":{\"@id\":\"https:\/\/zamphelmets.co\/fr\/produit\/unleash-rouge\/#primaryimage\"},\"thumbnailUrl\":\"https:\/\/zamphelmets.co\/wp-content\/uploads\/2026\/01\/unleash_red.jpeg\",\"datePublished\":\"2026-01-26T11:24:16+00:00\",\"dateModified\":\"2026-02-27T11:17:08+00:00\",\"breadcrumb\":{\"@id\":\"https:\/\/zamphelmets.co\/fr\/produit\/unleash-rouge\/#breadcrumb\"},\"inLanguage\":\"fr-FR\",\"potentialAction\":[{\"@type\":\"ReadAction\",\"target\":[\"https:\/\/zamphelmets.co\/fr\/produit\/unleash-rouge\/\"]}]},{\"@type\":\"ImageObject\",\"inLanguage\":\"fr-FR\",\"@id\":\"https:\/\/zamphelmets.co\/fr\/produit\/unleash-rouge\/#primaryimage\",\"url\":\"https:\/\/zamphelmets.co\/wp-content\/uploads\/2026\/01\/unleash_red.jpeg\",\"contentUrl\":\"https:\/\/zamphelmets.co\/wp-content\/uploads\/2026\/01\/unleash_red.jpeg\",\"width\":978,\"height\":1000},{\"@type\":\"BreadcrumbList\",\"@id\":\"https:\/\/zamphelmets.co\/fr\/produit\/unleash-rouge\/#breadcrumb\",\"itemListElement\":[{\"@type\":\"ListItem\",\"position\":1,\"name\":\"Boutique\",\"item\":\"https:\/\/zamphelmets.co\/fr\/boutique\/\"},{\"@type\":\"ListItem\",\"position\":2,\"name\":\"UNLEASH &#8211; Rouge\"}]},{\"@type\":\"WebSite\",\"@id\":\"https:\/\/zamphelmets.co\/fr\/#website\",\"url\":\"https:\/\/zamphelmets.co\/fr\/\",\"name\":\"Zamp Helmets | Helmet 28 EU\",\"description\":\"High Quality Motorsport Helmets\",\"potentialAction\":[{\"@type\":\"SearchAction\",\"target\":{\"@type\":\"EntryPoint\",\"urlTemplate\":\"https:\/\/zamphelmets.co\/fr\/?s={search_term_string}\"},\"query-input\":{\"@type\":\"PropertyValueSpecification\",\"valueRequired\":true,\"valueName\":\"search_term_string\"}}],\"inLanguage\":\"fr-FR\"}]}<\/script>\n<!-- \/ Yoast SEO plugin. -->","yoast_head_json":{"title":"UNLEASH - Rouge - Gants de Karting Premium","robots":{"index":"index","follow":"follow","max-snippet":"max-snippet:-1","max-image-preview":"max-image-preview:large","max-video-preview":"max-video-preview:-1"},"canonical":"https:\/\/zamphelmets.co\/fr\/produit\/unleash-rouge\/","og_locale":"fr_FR","og_type":"article","og_title":"UNLEASH - Rouge - Gants de Karting Premium","og_description":"Con\u00e7ue avec des coutures externes, une coupe ergonomique pr\u00e9-courb\u00e9e et le bout de doigt rouge embl\u00e9matique qui d\u00e9finit 32Five, chaque paire est faite pour la performance et pour se d\u00e9marquer. Le dessus l\u00e9ger et respirant garde vos mains au frais sous pression, tandis que la technologie avanc\u00e9e de paume DriveSkin assure une sensation de direction, [&hellip;]","og_url":"https:\/\/zamphelmets.co\/fr\/produit\/unleash-rouge\/","og_site_name":"Zamp Helmets | Helmet 28 EU","article_modified_time":"2026-02-27T11:17:08+00:00","og_image":[{"width":978,"height":1000,"url":"https:\/\/zamphelmets.co\/wp-content\/uploads\/2026\/01\/unleash_red.jpeg","type":"image\/jpeg"}],"twitter_card":"summary_large_image","twitter_misc":{"Est. reading time":"1 minute"},"schema":{"@context":"https:\/\/schema.org","@graph":[{"@type":"WebPage","@id":"https:\/\/zamphelmets.co\/fr\/produit\/unleash-rouge\/","url":"https:\/\/zamphelmets.co\/fr\/produit\/unleash-rouge\/","name":"UNLEASH - Rouge - Gants de Karting Premium","isPartOf":{"@id":"https:\/\/zamphelmets.co\/fr\/#website"},"primaryImageOfPage":{"@id":"https:\/\/zamphelmets.co\/fr\/produit\/unleash-rouge\/#primaryimage"},"image":{"@id":"https:\/\/zamphelmets.co\/fr\/produit\/unleash-rouge\/#primaryimage"},"thumbnailUrl":"https:\/\/zamphelmets.co\/wp-content\/uploads\/2026\/01\/unleash_red.jpeg","datePublished":"2026-01-26T11:24:16+00:00","dateModified":"2026-02-27T11:17:08+00:00","breadcrumb":{"@id":"https:\/\/zamphelmets.co\/fr\/produit\/unleash-rouge\/#breadcrumb"},"inLanguage":"fr-FR","potentialAction":[{"@type":"ReadAction","target":["https:\/\/zamphelmets.co\/fr\/produit\/unleash-rouge\/"]}]},{"@type":"ImageObject","inLanguage":"fr-FR","@id":"https:\/\/zamphelmets.co\/fr\/produit\/unleash-rouge\/#primaryimage","url":"https:\/\/zamphelmets.co\/wp-content\/uploads\/2026\/01\/unleash_red.jpeg","contentUrl":"https:\/\/zamphelmets.co\/wp-content\/uploads\/2026\/01\/unleash_red.jpeg","width":978,"height":1000},{"@type":"BreadcrumbList","@id":"https:\/\/zamphelmets.co\/fr\/produit\/unleash-rouge\/#breadcrumb","itemListElement":[{"@type":"ListItem","position":1,"name":"Boutique","item":"https:\/\/zamphelmets.co\/fr\/boutique\/"},{"@type":"ListItem","position":2,"name":"UNLEASH &#8211; Rouge"}]},{"@type":"WebSite","@id":"https:\/\/zamphelmets.co\/fr\/#website","url":"https:\/\/zamphelmets.co\/fr\/","name":"Zamp Helmets | Helmet 28 EU","description":"High Quality Motorsport Helmets","potentialAction":[{"@type":"SearchAction","target":{"@type":"EntryPoint","urlTemplate":"https:\/\/zamphelmets.co\/fr\/?s={search_term_string}"},"query-input":{"@type":"PropertyValueSpecification","valueRequired":true,"valueName":"search_term_string"}}],"inLanguage":"fr-FR"}]}},"_links":{"self":[{"href":"https:\/\/zamphelmets.co\/fr\/wp-json\/wp\/v2\/product\/206964","targetHints":{"allow":["GET"]}}],"collection":[{"href":"https:\/\/zamphelmets.co\/fr\/wp-json\/wp\/v2\/product"}],"about":[{"href":"https:\/\/zamphelmets.co\/fr\/wp-json\/wp\/v2\/types\/product"}],"replies":[{"embeddable":true,"href":"https:\/\/zamphelmets.co\/fr\/wp-json\/wp\/v2\/comments?post=206964"}],"wp:featuredmedia":[{"embeddable":true,"href":"https:\/\/zamphelmets.co\/fr\/wp-json\/wp\/v2\/media\/189843"}],"wp:attachment":[{"href":"https:\/\/zamphelmets.co\/fr\/wp-json\/wp\/v2\/media?parent=206964"}],"wp:term":[{"taxonomy":"product_brand","embeddable":true,"href":"https:\/\/zamphelmets.co\/fr\/wp-json\/wp\/v2\/product_brand?post=206964"},{"taxonomy":"product_cat","embeddable":true,"href":"https:\/\/zamphelmets.co\/fr\/wp-json\/wp\/v2\/product_cat?post=206964"},{"taxonomy":"product_tag","embeddable":true,"href":"https:\/\/zamphelmets.co\/fr\/wp-json\/wp\/v2\/product_tag?post=206964"}],"curies":[{"name":"wp","href":"https:\/\/api.w.org\/{rel}","templated":true}]}}