{"id":206936,"date":"2026-01-26T11:24:26","date_gmt":"2026-01-26T11:24:26","guid":{"rendered":"https:\/\/zamphelmets.co\/product\/unleash-bleu\/"},"modified":"2026-02-27T11:17:26","modified_gmt":"2026-02-27T11:17:26","slug":"unleash-bleu","status":"publish","type":"product","link":"https:\/\/zamphelmets.co\/fr\/produit\/unleash-bleu\/","title":{"rendered":"UNLEASH &#8211; Bleu"},"content":{"rendered":"<div class=\"container\">\n<div id=\"content\" class=\"site-content\">\n<div id=\"primary\" class=\"content-area\">\n<p><span style=\"font-weight: 400;\"><strong>D\u00e9couvrez la collection UNLEASH de 32Five<\/strong> \u2013 con\u00e7ue pour les pilotes qui repoussent les limites et refusent les compromis. Destin\u00e9s aux pilotes de karting professionnels et amateurs, ces gants allient mat\u00e9riaux premium, design audacieux et performance de pointe. <\/span><\/p>\n<p><span style=\"font-weight: 400;\">Avec <strong>l&#8217;embl\u00e9matique bout de doigt rouge<\/strong>, les coutures externes et la coupe ergonomique pr\u00e9form\u00e9e, chaque d\u00e9tail est con\u00e7u pour le contr\u00f4le et le confort. Le tissu sup\u00e9rieur respirant garde vos mains au frais sous pression, tandis que la technologie innovante DriveSkin de la paume offre une adh\u00e9rence in\u00e9gal\u00e9e, une pr\u00e9cision de pilotage et une durabilit\u00e9 exceptionnelle. <\/span><\/p>\n<p><span style=\"font-weight: 400;\">Issus de l\u2019esprit de comp\u00e9tition et perfectionn\u00e9s en course, les <strong>gants 32Five UNLEASH<\/strong> sont con\u00e7us pour performer au plus haut niveau, quelle que soit l\u2019intensit\u00e9 de la course.<\/span><\/p>\n<ul>\n<li><span style=\"font-weight: 400;\"><strong>Coutures externes<\/strong> \u2013 Moins de frottements et de points de pression pour un confort et une endurance sup\u00e9rieurs.<\/span><\/li>\n<li><span style=\"font-weight: 400;\"><strong>Tissu sup\u00e9rieur respirant<\/strong> \u2013 L\u00e9ger, doux et ventil\u00e9 pour un ajustement frais et confortable, tour apr\u00e8s tour.<\/span><\/li>\n<li><span style=\"font-weight: 400;\"><strong>Technologie de paume DriveSkin<\/strong> \u2013 Adh\u00e9rence maximale, ressenti de direction et durabilit\u00e9 pour un contr\u00f4le total au volant.<\/span><\/li>\n<li><span style=\"font-weight: 400;\"><strong>Coupe ergonomique pr\u00e9form\u00e9e<\/strong> \u2013 Accompagne la position naturelle de la main pour une concentration accrue et une pr\u00e9cision sans effort.<\/span><\/li>\n<li><strong>Disponible du XXXS au XL<\/strong><\/li>\n<\/ul>\n<p><span style=\"font-weight: 400;\">De l\u2019embl\u00e9matique bout du doigt rouge \u00e0 la couture finale, la collection <strong>UNLEASH<\/strong> incarne la philosophie 32Five : pilotez \u00e0 fond, d\u00e9marquez-vous et ne reculez jamais.<\/span><\/p>\n<p><strong>Suivez le rouge. Pilotez 32Five. <\/strong><\/p>\n<p><img decoding=\"async\" class=\"alignnone wp-image-222671 lazyload\" data-src=\"https:\/\/zamphelmets.co\/wp-content\/uploads\/2026\/01\/32F-SizeGuide-25-V1-scaled.webp\" alt=\"\" width=\"643\" height=\"346\" data-srcset=\"https:\/\/zamphelmets.co\/wp-content\/uploads\/2026\/01\/32F-SizeGuide-25-V1-scaled.webp 2560w, https:\/\/zamphelmets.co\/wp-content\/uploads\/2026\/01\/32F-SizeGuide-25-V1-300x161.webp 300w, https:\/\/zamphelmets.co\/wp-content\/uploads\/2026\/01\/32F-SizeGuide-25-V1-1024x551.webp 1024w, https:\/\/zamphelmets.co\/wp-content\/uploads\/2026\/01\/32F-SizeGuide-25-V1-768x413.webp 768w, https:\/\/zamphelmets.co\/wp-content\/uploads\/2026\/01\/32F-SizeGuide-25-V1-1536x826.webp 1536w, https:\/\/zamphelmets.co\/wp-content\/uploads\/2026\/01\/32F-SizeGuide-25-V1-2048x1101.webp 2048w, https:\/\/zamphelmets.co\/wp-content\/uploads\/2026\/01\/32F-SizeGuide-25-V1-600x323.webp 600w\" data-sizes=\"(max-width: 643px) 100vw, 643px\" src=\"data:image\/svg+xml;base64,PHN2ZyB3aWR0aD0iMSIgaGVpZ2h0PSIxIiB4bWxucz0iaHR0cDovL3d3dy53My5vcmcvMjAwMC9zdmciPjwvc3ZnPg==\" style=\"--smush-placeholder-width: 643px; --smush-placeholder-aspect-ratio: 643\/346;\" \/><\/p>\n<\/div>\n<\/div>\n<\/div>\n","protected":false},"excerpt":{"rendered":"<p>D\u00e9couvrez la collection UNLEASH de 32Five \u2013 con\u00e7ue pour les pilotes qui repoussent les limites et refusent les compromis. Destin\u00e9s aux pilotes de karting professionnels et amateurs, ces gants allient mat\u00e9riaux premium, design audacieux et performance de pointe. Avec l&#8217;embl\u00e9matique bout de doigt rouge, les coutures externes et la coupe ergonomique pr\u00e9form\u00e9e, chaque d\u00e9tail est [&hellip;]<\/p>\n","protected":false},"featured_media":189865,"comment_status":"open","ping_status":"closed","template":"","meta":{"_acf_changed":false,"_iconic_wsb_product_page_order_bump_ids":[[]],"_sku":[],"_iconic_wsb_product_page_bump_modal_ids":[[]]},"product_brand":[],"product_cat":[486,194,193],"product_tag":[],"class_list":{"0":"post-206936","1":"product","2":"type-product","3":"status-publish","4":"has-post-thumbnail","6":"product_cat-32five","7":"product_cat-gants","8":"product_cat-protection-vetements","10":"first","11":"instock","12":"taxable","13":"shipping-taxable","14":"purchasable","15":"product-type-variable"},"acf":[],"yoast_head":"<!-- This site is optimized with the Yoast SEO plugin v27.0 - https:\/\/yoast.com\/product\/yoast-seo-wordpress\/ -->\n<title>UNLEASH - Bleu - Gants de Karting Premium<\/title>\n<meta name=\"description\" content=\"Les gants de karting 32Five UNLEASH offrent une adh\u00e9rence maximale, un confort respirant et un contr\u00f4le pr\u00e9cis. Con\u00e7us pour la performance et pour se d\u00e9marquer sur la piste.\" \/>\n<meta name=\"robots\" content=\"index, follow, max-snippet:-1, max-image-preview:large, max-video-preview:-1\" \/>\n<link rel=\"canonical\" href=\"https:\/\/zamphelmets.co\/fr\/produit\/unleash-bleu\/\" \/>\n<meta property=\"og:locale\" content=\"fr_FR\" \/>\n<meta property=\"og:type\" content=\"article\" \/>\n<meta property=\"og:title\" content=\"UNLEASH - Bleu - Gants de Karting Premium\" \/>\n<meta property=\"og:description\" content=\"Les gants de karting 32Five UNLEASH offrent une adh\u00e9rence maximale, un confort respirant et un contr\u00f4le pr\u00e9cis. Con\u00e7us pour la performance et pour se d\u00e9marquer sur la piste.\" \/>\n<meta property=\"og:url\" content=\"https:\/\/zamphelmets.co\/fr\/produit\/unleash-bleu\/\" \/>\n<meta property=\"og:site_name\" content=\"Zamp Helmets | Helmet 28 EU\" \/>\n<meta property=\"article:modified_time\" content=\"2026-02-27T11:17:26+00:00\" \/>\n<meta property=\"og:image\" content=\"https:\/\/zamphelmets.co\/wp-content\/uploads\/2026\/01\/unleash_blue.jpeg\" \/>\n\t<meta property=\"og:image:width\" content=\"984\" \/>\n\t<meta property=\"og:image:height\" content=\"1000\" \/>\n\t<meta property=\"og:image:type\" content=\"image\/jpeg\" \/>\n<meta name=\"twitter:card\" content=\"summary_large_image\" \/>\n<meta name=\"twitter:label1\" content=\"Est. reading time\" \/>\n\t<meta name=\"twitter:data1\" content=\"1 minute\" \/>\n<script type=\"application\/ld+json\" class=\"yoast-schema-graph\">{\"@context\":\"https:\/\/schema.org\",\"@graph\":[{\"@type\":\"WebPage\",\"@id\":\"https:\/\/zamphelmets.co\/fr\/produit\/unleash-bleu\/\",\"url\":\"https:\/\/zamphelmets.co\/fr\/produit\/unleash-bleu\/\",\"name\":\"UNLEASH - Bleu - Gants de Karting Premium\",\"isPartOf\":{\"@id\":\"https:\/\/zamphelmets.co\/fr\/#website\"},\"primaryImageOfPage\":{\"@id\":\"https:\/\/zamphelmets.co\/fr\/produit\/unleash-bleu\/#primaryimage\"},\"image\":{\"@id\":\"https:\/\/zamphelmets.co\/fr\/produit\/unleash-bleu\/#primaryimage\"},\"thumbnailUrl\":\"https:\/\/zamphelmets.co\/wp-content\/uploads\/2026\/01\/unleash_blue.jpeg\",\"datePublished\":\"2026-01-26T11:24:26+00:00\",\"dateModified\":\"2026-02-27T11:17:26+00:00\",\"description\":\"Les gants de karting 32Five UNLEASH offrent une adh\u00e9rence maximale, un confort respirant et un contr\u00f4le pr\u00e9cis. Con\u00e7us pour la performance et pour se d\u00e9marquer sur la piste.\",\"breadcrumb\":{\"@id\":\"https:\/\/zamphelmets.co\/fr\/produit\/unleash-bleu\/#breadcrumb\"},\"inLanguage\":\"fr-FR\",\"potentialAction\":[{\"@type\":\"ReadAction\",\"target\":[\"https:\/\/zamphelmets.co\/fr\/produit\/unleash-bleu\/\"]}]},{\"@type\":\"ImageObject\",\"inLanguage\":\"fr-FR\",\"@id\":\"https:\/\/zamphelmets.co\/fr\/produit\/unleash-bleu\/#primaryimage\",\"url\":\"https:\/\/zamphelmets.co\/wp-content\/uploads\/2026\/01\/unleash_blue.jpeg\",\"contentUrl\":\"https:\/\/zamphelmets.co\/wp-content\/uploads\/2026\/01\/unleash_blue.jpeg\",\"width\":984,\"height\":1000},{\"@type\":\"BreadcrumbList\",\"@id\":\"https:\/\/zamphelmets.co\/fr\/produit\/unleash-bleu\/#breadcrumb\",\"itemListElement\":[{\"@type\":\"ListItem\",\"position\":1,\"name\":\"Boutique\",\"item\":\"https:\/\/zamphelmets.co\/fr\/boutique\/\"},{\"@type\":\"ListItem\",\"position\":2,\"name\":\"UNLEASH &#8211; Bleu\"}]},{\"@type\":\"WebSite\",\"@id\":\"https:\/\/zamphelmets.co\/fr\/#website\",\"url\":\"https:\/\/zamphelmets.co\/fr\/\",\"name\":\"Zamp Helmets | Helmet 28 EU\",\"description\":\"High Quality Motorsport Helmets\",\"potentialAction\":[{\"@type\":\"SearchAction\",\"target\":{\"@type\":\"EntryPoint\",\"urlTemplate\":\"https:\/\/zamphelmets.co\/fr\/?s={search_term_string}\"},\"query-input\":{\"@type\":\"PropertyValueSpecification\",\"valueRequired\":true,\"valueName\":\"search_term_string\"}}],\"inLanguage\":\"fr-FR\"}]}<\/script>\n<!-- \/ Yoast SEO plugin. -->","yoast_head_json":{"title":"UNLEASH - Bleu - Gants de Karting Premium","description":"Les gants de karting 32Five UNLEASH offrent une adh\u00e9rence maximale, un confort respirant et un contr\u00f4le pr\u00e9cis. Con\u00e7us pour la performance et pour se d\u00e9marquer sur la piste.","robots":{"index":"index","follow":"follow","max-snippet":"max-snippet:-1","max-image-preview":"max-image-preview:large","max-video-preview":"max-video-preview:-1"},"canonical":"https:\/\/zamphelmets.co\/fr\/produit\/unleash-bleu\/","og_locale":"fr_FR","og_type":"article","og_title":"UNLEASH - Bleu - Gants de Karting Premium","og_description":"Les gants de karting 32Five UNLEASH offrent une adh\u00e9rence maximale, un confort respirant et un contr\u00f4le pr\u00e9cis. Con\u00e7us pour la performance et pour se d\u00e9marquer sur la piste.","og_url":"https:\/\/zamphelmets.co\/fr\/produit\/unleash-bleu\/","og_site_name":"Zamp Helmets | Helmet 28 EU","article_modified_time":"2026-02-27T11:17:26+00:00","og_image":[{"width":984,"height":1000,"url":"https:\/\/zamphelmets.co\/wp-content\/uploads\/2026\/01\/unleash_blue.jpeg","type":"image\/jpeg"}],"twitter_card":"summary_large_image","twitter_misc":{"Est. reading time":"1 minute"},"schema":{"@context":"https:\/\/schema.org","@graph":[{"@type":"WebPage","@id":"https:\/\/zamphelmets.co\/fr\/produit\/unleash-bleu\/","url":"https:\/\/zamphelmets.co\/fr\/produit\/unleash-bleu\/","name":"UNLEASH - Bleu - Gants de Karting Premium","isPartOf":{"@id":"https:\/\/zamphelmets.co\/fr\/#website"},"primaryImageOfPage":{"@id":"https:\/\/zamphelmets.co\/fr\/produit\/unleash-bleu\/#primaryimage"},"image":{"@id":"https:\/\/zamphelmets.co\/fr\/produit\/unleash-bleu\/#primaryimage"},"thumbnailUrl":"https:\/\/zamphelmets.co\/wp-content\/uploads\/2026\/01\/unleash_blue.jpeg","datePublished":"2026-01-26T11:24:26+00:00","dateModified":"2026-02-27T11:17:26+00:00","description":"Les gants de karting 32Five UNLEASH offrent une adh\u00e9rence maximale, un confort respirant et un contr\u00f4le pr\u00e9cis. Con\u00e7us pour la performance et pour se d\u00e9marquer sur la piste.","breadcrumb":{"@id":"https:\/\/zamphelmets.co\/fr\/produit\/unleash-bleu\/#breadcrumb"},"inLanguage":"fr-FR","potentialAction":[{"@type":"ReadAction","target":["https:\/\/zamphelmets.co\/fr\/produit\/unleash-bleu\/"]}]},{"@type":"ImageObject","inLanguage":"fr-FR","@id":"https:\/\/zamphelmets.co\/fr\/produit\/unleash-bleu\/#primaryimage","url":"https:\/\/zamphelmets.co\/wp-content\/uploads\/2026\/01\/unleash_blue.jpeg","contentUrl":"https:\/\/zamphelmets.co\/wp-content\/uploads\/2026\/01\/unleash_blue.jpeg","width":984,"height":1000},{"@type":"BreadcrumbList","@id":"https:\/\/zamphelmets.co\/fr\/produit\/unleash-bleu\/#breadcrumb","itemListElement":[{"@type":"ListItem","position":1,"name":"Boutique","item":"https:\/\/zamphelmets.co\/fr\/boutique\/"},{"@type":"ListItem","position":2,"name":"UNLEASH &#8211; Bleu"}]},{"@type":"WebSite","@id":"https:\/\/zamphelmets.co\/fr\/#website","url":"https:\/\/zamphelmets.co\/fr\/","name":"Zamp Helmets | Helmet 28 EU","description":"High Quality Motorsport Helmets","potentialAction":[{"@type":"SearchAction","target":{"@type":"EntryPoint","urlTemplate":"https:\/\/zamphelmets.co\/fr\/?s={search_term_string}"},"query-input":{"@type":"PropertyValueSpecification","valueRequired":true,"valueName":"search_term_string"}}],"inLanguage":"fr-FR"}]}},"_links":{"self":[{"href":"https:\/\/zamphelmets.co\/fr\/wp-json\/wp\/v2\/product\/206936","targetHints":{"allow":["GET"]}}],"collection":[{"href":"https:\/\/zamphelmets.co\/fr\/wp-json\/wp\/v2\/product"}],"about":[{"href":"https:\/\/zamphelmets.co\/fr\/wp-json\/wp\/v2\/types\/product"}],"replies":[{"embeddable":true,"href":"https:\/\/zamphelmets.co\/fr\/wp-json\/wp\/v2\/comments?post=206936"}],"wp:featuredmedia":[{"embeddable":true,"href":"https:\/\/zamphelmets.co\/fr\/wp-json\/wp\/v2\/media\/189865"}],"wp:attachment":[{"href":"https:\/\/zamphelmets.co\/fr\/wp-json\/wp\/v2\/media?parent=206936"}],"wp:term":[{"taxonomy":"product_brand","embeddable":true,"href":"https:\/\/zamphelmets.co\/fr\/wp-json\/wp\/v2\/product_brand?post=206936"},{"taxonomy":"product_cat","embeddable":true,"href":"https:\/\/zamphelmets.co\/fr\/wp-json\/wp\/v2\/product_cat?post=206936"},{"taxonomy":"product_tag","embeddable":true,"href":"https:\/\/zamphelmets.co\/fr\/wp-json\/wp\/v2\/product_tag?post=206936"}],"curies":[{"name":"wp","href":"https:\/\/api.w.org\/{rel}","templated":true}]}}