{"id":206719,"date":"2026-01-26T11:25:08","date_gmt":"2026-01-26T11:25:08","guid":{"rendered":"https:\/\/zamphelmets.co\/product\/cagoule-smile-to-win-bleu-rose-fluo\/"},"modified":"2026-02-27T11:06:19","modified_gmt":"2026-02-27T11:06:19","slug":"cagoule-smile-to-win-bleu-rose-fluo","status":"publish","type":"product","link":"https:\/\/zamphelmets.co\/fr\/produit\/cagoule-smile-to-win-bleu-rose-fluo\/","title":{"rendered":"Cagoule SMILE TO WIN &#8211; Bleu \/ Rose fluo"},"content":{"rendered":"<div class=\"container\">\n<div id=\"content\" class=\"site-content\">\n<div id=\"primary\" class=\"content-area\">\n<p><span style=\"font-weight: 400;\">Compl\u00e9tez votre look de course avec la <strong>cagoule 32Five<\/strong> \u2013 con\u00e7ue pour s\u2019accorder parfaitement \u00e0 votre paire de <strong>gants de karting 32Five<\/strong> pr\u00e9f\u00e9r\u00e9e. Que vous aimiez les couleurs vives ou un style de performance \u00e9pur\u00e9, cette cagoule apporte la touche finale d\u2019identit\u00e9 et de fonctionnalit\u00e9 \u00e0 votre \u00e9quipement de course.<\/span><\/p>\n<p><span style=\"font-weight: 400;\">Fabriqu\u00e9e en <strong>polyester performance 100 %<\/strong>, elle est ultra-l\u00e9g\u00e8re, respirante et con\u00e7ue pour un confort maximal sous votre casque. Elle vous garde au frais, au sec et concentr\u00e9 \u2013 tour apr\u00e8s tour. <\/span><\/p>\n<p><strong>Caract\u00e9ristiques cl\u00e9s :<\/strong><\/p>\n<ul>\n<li><span style=\"font-weight: 400;\">Design assorti pour chaque style de gant (<strong>Smile to Win, UNLEASH, NO LIMITS<\/strong>)<\/span><\/li>\n<li><span style=\"font-weight: 400;\">Fabriqu\u00e9e en <strong>polyester performance 100 %<\/strong><\/span><\/li>\n<li><span style=\"font-weight: 400;\"><strong>Respirante<\/strong> et <strong>\u00e9vacuant l\u2019humidit\u00e9<\/strong> pour un confort optimal toute la journ\u00e9e<\/span><\/li>\n<li><span style=\"font-weight: 400;\"><strong>Coupe<\/strong> <strong>sans couture<\/strong> sous n\u2019importe quel casque<\/span><\/li>\n<li><span style=\"font-weight: 400;\"><strong>Durable<\/strong> et pr\u00eate pour la course<\/span><\/li>\n<li><strong>Unisexe &amp; Taille unique<\/strong><\/li>\n<\/ul>\n<p><strong>\u00c9quipez-vous de la t\u00eate aux pieds \u2013 parce que les d\u00e9tails font la diff\u00e9rence.<\/strong><\/p>\n<\/div>\n<\/div>\n<\/div>\n","protected":false},"excerpt":{"rendered":"<p>Compl\u00e9tez votre look de course avec la cagoule 32Five \u2013 con\u00e7ue pour s\u2019accorder parfaitement \u00e0 votre paire de gants de karting 32Five pr\u00e9f\u00e9r\u00e9e. Que vous aimiez les couleurs vives ou un style de performance \u00e9pur\u00e9, cette cagoule apporte la touche finale d\u2019identit\u00e9 et de fonctionnalit\u00e9 \u00e0 votre \u00e9quipement de course. Fabriqu\u00e9e en polyester performance 100 [&hellip;]<\/p>\n","protected":false},"featured_media":189958,"comment_status":"open","ping_status":"closed","template":"","meta":{"_acf_changed":false,"_iconic_wsb_product_page_order_bump_ids":[[]],"_sku":["32F-Balaclava-Smile2Win-02"],"_iconic_wsb_product_page_bump_modal_ids":[[]]},"product_brand":[],"product_cat":[486,292,193],"product_tag":[],"class_list":{"0":"post-206719","1":"product","2":"type-product","3":"status-publish","4":"has-post-thumbnail","6":"product_cat-32five","7":"product_cat-protection-de-lenvironnement","8":"product_cat-protection-vetements","10":"first","11":"instock","12":"taxable","13":"shipping-taxable","14":"purchasable","15":"product-type-simple"},"acf":[],"yoast_head":"<!-- This site is optimized with the Yoast SEO plugin v27.0 - https:\/\/yoast.com\/product\/yoast-seo-wordpress\/ -->\n<title>Cagoule SMILE TO WIN - Bleu \/ Rose fluo - Zamp Helmets | Helmet 28 EU<\/title>\n<meta name=\"description\" content=\"Cagoule de karting 32Five en polyester respirant et l\u00e9ger, pour un confort toute la journ\u00e9e. Coupe sans couture con\u00e7ue pour s\u2019accorder \u00e0 vos gants de course.\" \/>\n<meta name=\"robots\" content=\"index, follow, max-snippet:-1, max-image-preview:large, max-video-preview:-1\" \/>\n<link rel=\"canonical\" href=\"https:\/\/zamphelmets.co\/fr\/produit\/cagoule-smile-to-win-bleu-rose-fluo\/\" \/>\n<meta property=\"og:locale\" content=\"fr_FR\" \/>\n<meta property=\"og:type\" content=\"article\" \/>\n<meta property=\"og:title\" content=\"Cagoule SMILE TO WIN - Bleu \/ Rose fluo - Zamp Helmets | Helmet 28 EU\" \/>\n<meta property=\"og:description\" content=\"Cagoule de karting 32Five en polyester respirant et l\u00e9ger, pour un confort toute la journ\u00e9e. Coupe sans couture con\u00e7ue pour s\u2019accorder \u00e0 vos gants de course.\" \/>\n<meta property=\"og:url\" content=\"https:\/\/zamphelmets.co\/fr\/produit\/cagoule-smile-to-win-bleu-rose-fluo\/\" \/>\n<meta property=\"og:site_name\" content=\"Zamp Helmets | Helmet 28 EU\" \/>\n<meta property=\"article:modified_time\" content=\"2026-02-27T11:06:19+00:00\" \/>\n<meta property=\"og:image\" content=\"https:\/\/zamphelmets.co\/wp-content\/uploads\/2026\/01\/32Five-Balaclava-SmileToWin-blue2pink-Titel.jpg\" \/>\n\t<meta property=\"og:image:width\" content=\"1000\" \/>\n\t<meta property=\"og:image:height\" content=\"1000\" \/>\n\t<meta property=\"og:image:type\" content=\"image\/jpeg\" \/>\n<meta name=\"twitter:card\" content=\"summary_large_image\" \/>\n<meta name=\"twitter:label1\" content=\"Est. reading time\" \/>\n\t<meta name=\"twitter:data1\" content=\"1 minute\" \/>\n<script type=\"application\/ld+json\" class=\"yoast-schema-graph\">{\"@context\":\"https:\/\/schema.org\",\"@graph\":[{\"@type\":\"WebPage\",\"@id\":\"https:\/\/zamphelmets.co\/fr\/produit\/cagoule-smile-to-win-bleu-rose-fluo\/\",\"url\":\"https:\/\/zamphelmets.co\/fr\/produit\/cagoule-smile-to-win-bleu-rose-fluo\/\",\"name\":\"Cagoule SMILE TO WIN - Bleu \/ Rose fluo - Zamp Helmets | Helmet 28 EU\",\"isPartOf\":{\"@id\":\"https:\/\/zamphelmets.co\/fr\/#website\"},\"primaryImageOfPage\":{\"@id\":\"https:\/\/zamphelmets.co\/fr\/produit\/cagoule-smile-to-win-bleu-rose-fluo\/#primaryimage\"},\"image\":{\"@id\":\"https:\/\/zamphelmets.co\/fr\/produit\/cagoule-smile-to-win-bleu-rose-fluo\/#primaryimage\"},\"thumbnailUrl\":\"https:\/\/zamphelmets.co\/wp-content\/uploads\/2026\/01\/32Five-Balaclava-SmileToWin-blue2pink-Titel.jpg\",\"datePublished\":\"2026-01-26T11:25:08+00:00\",\"dateModified\":\"2026-02-27T11:06:19+00:00\",\"description\":\"Cagoule de karting 32Five en polyester respirant et l\u00e9ger, pour un confort toute la journ\u00e9e. Coupe sans couture con\u00e7ue pour s\u2019accorder \u00e0 vos gants de course.\",\"breadcrumb\":{\"@id\":\"https:\/\/zamphelmets.co\/fr\/produit\/cagoule-smile-to-win-bleu-rose-fluo\/#breadcrumb\"},\"inLanguage\":\"fr-FR\",\"potentialAction\":[{\"@type\":\"ReadAction\",\"target\":[\"https:\/\/zamphelmets.co\/fr\/produit\/cagoule-smile-to-win-bleu-rose-fluo\/\"]}]},{\"@type\":\"ImageObject\",\"inLanguage\":\"fr-FR\",\"@id\":\"https:\/\/zamphelmets.co\/fr\/produit\/cagoule-smile-to-win-bleu-rose-fluo\/#primaryimage\",\"url\":\"https:\/\/zamphelmets.co\/wp-content\/uploads\/2026\/01\/32Five-Balaclava-SmileToWin-blue2pink-Titel.jpg\",\"contentUrl\":\"https:\/\/zamphelmets.co\/wp-content\/uploads\/2026\/01\/32Five-Balaclava-SmileToWin-blue2pink-Titel.jpg\",\"width\":1000,\"height\":1000},{\"@type\":\"BreadcrumbList\",\"@id\":\"https:\/\/zamphelmets.co\/fr\/produit\/cagoule-smile-to-win-bleu-rose-fluo\/#breadcrumb\",\"itemListElement\":[{\"@type\":\"ListItem\",\"position\":1,\"name\":\"Boutique\",\"item\":\"https:\/\/zamphelmets.co\/fr\/boutique\/\"},{\"@type\":\"ListItem\",\"position\":2,\"name\":\"Cagoule SMILE TO WIN &#8211; Bleu \/ Rose fluo\"}]},{\"@type\":\"WebSite\",\"@id\":\"https:\/\/zamphelmets.co\/fr\/#website\",\"url\":\"https:\/\/zamphelmets.co\/fr\/\",\"name\":\"Zamp Helmets | Helmet 28 EU\",\"description\":\"High Quality Motorsport Helmets\",\"potentialAction\":[{\"@type\":\"SearchAction\",\"target\":{\"@type\":\"EntryPoint\",\"urlTemplate\":\"https:\/\/zamphelmets.co\/fr\/?s={search_term_string}\"},\"query-input\":{\"@type\":\"PropertyValueSpecification\",\"valueRequired\":true,\"valueName\":\"search_term_string\"}}],\"inLanguage\":\"fr-FR\"}]}<\/script>\n<!-- \/ Yoast SEO plugin. -->","yoast_head_json":{"title":"Cagoule SMILE TO WIN - Bleu \/ Rose fluo - Zamp Helmets | Helmet 28 EU","description":"Cagoule de karting 32Five en polyester respirant et l\u00e9ger, pour un confort toute la journ\u00e9e. Coupe sans couture con\u00e7ue pour s\u2019accorder \u00e0 vos gants de course.","robots":{"index":"index","follow":"follow","max-snippet":"max-snippet:-1","max-image-preview":"max-image-preview:large","max-video-preview":"max-video-preview:-1"},"canonical":"https:\/\/zamphelmets.co\/fr\/produit\/cagoule-smile-to-win-bleu-rose-fluo\/","og_locale":"fr_FR","og_type":"article","og_title":"Cagoule SMILE TO WIN - Bleu \/ Rose fluo - Zamp Helmets | Helmet 28 EU","og_description":"Cagoule de karting 32Five en polyester respirant et l\u00e9ger, pour un confort toute la journ\u00e9e. Coupe sans couture con\u00e7ue pour s\u2019accorder \u00e0 vos gants de course.","og_url":"https:\/\/zamphelmets.co\/fr\/produit\/cagoule-smile-to-win-bleu-rose-fluo\/","og_site_name":"Zamp Helmets | Helmet 28 EU","article_modified_time":"2026-02-27T11:06:19+00:00","og_image":[{"width":1000,"height":1000,"url":"https:\/\/zamphelmets.co\/wp-content\/uploads\/2026\/01\/32Five-Balaclava-SmileToWin-blue2pink-Titel.jpg","type":"image\/jpeg"}],"twitter_card":"summary_large_image","twitter_misc":{"Est. reading time":"1 minute"},"schema":{"@context":"https:\/\/schema.org","@graph":[{"@type":"WebPage","@id":"https:\/\/zamphelmets.co\/fr\/produit\/cagoule-smile-to-win-bleu-rose-fluo\/","url":"https:\/\/zamphelmets.co\/fr\/produit\/cagoule-smile-to-win-bleu-rose-fluo\/","name":"Cagoule SMILE TO WIN - Bleu \/ Rose fluo - Zamp Helmets | Helmet 28 EU","isPartOf":{"@id":"https:\/\/zamphelmets.co\/fr\/#website"},"primaryImageOfPage":{"@id":"https:\/\/zamphelmets.co\/fr\/produit\/cagoule-smile-to-win-bleu-rose-fluo\/#primaryimage"},"image":{"@id":"https:\/\/zamphelmets.co\/fr\/produit\/cagoule-smile-to-win-bleu-rose-fluo\/#primaryimage"},"thumbnailUrl":"https:\/\/zamphelmets.co\/wp-content\/uploads\/2026\/01\/32Five-Balaclava-SmileToWin-blue2pink-Titel.jpg","datePublished":"2026-01-26T11:25:08+00:00","dateModified":"2026-02-27T11:06:19+00:00","description":"Cagoule de karting 32Five en polyester respirant et l\u00e9ger, pour un confort toute la journ\u00e9e. Coupe sans couture con\u00e7ue pour s\u2019accorder \u00e0 vos gants de course.","breadcrumb":{"@id":"https:\/\/zamphelmets.co\/fr\/produit\/cagoule-smile-to-win-bleu-rose-fluo\/#breadcrumb"},"inLanguage":"fr-FR","potentialAction":[{"@type":"ReadAction","target":["https:\/\/zamphelmets.co\/fr\/produit\/cagoule-smile-to-win-bleu-rose-fluo\/"]}]},{"@type":"ImageObject","inLanguage":"fr-FR","@id":"https:\/\/zamphelmets.co\/fr\/produit\/cagoule-smile-to-win-bleu-rose-fluo\/#primaryimage","url":"https:\/\/zamphelmets.co\/wp-content\/uploads\/2026\/01\/32Five-Balaclava-SmileToWin-blue2pink-Titel.jpg","contentUrl":"https:\/\/zamphelmets.co\/wp-content\/uploads\/2026\/01\/32Five-Balaclava-SmileToWin-blue2pink-Titel.jpg","width":1000,"height":1000},{"@type":"BreadcrumbList","@id":"https:\/\/zamphelmets.co\/fr\/produit\/cagoule-smile-to-win-bleu-rose-fluo\/#breadcrumb","itemListElement":[{"@type":"ListItem","position":1,"name":"Boutique","item":"https:\/\/zamphelmets.co\/fr\/boutique\/"},{"@type":"ListItem","position":2,"name":"Cagoule SMILE TO WIN &#8211; Bleu \/ Rose fluo"}]},{"@type":"WebSite","@id":"https:\/\/zamphelmets.co\/fr\/#website","url":"https:\/\/zamphelmets.co\/fr\/","name":"Zamp Helmets | Helmet 28 EU","description":"High Quality Motorsport Helmets","potentialAction":[{"@type":"SearchAction","target":{"@type":"EntryPoint","urlTemplate":"https:\/\/zamphelmets.co\/fr\/?s={search_term_string}"},"query-input":{"@type":"PropertyValueSpecification","valueRequired":true,"valueName":"search_term_string"}}],"inLanguage":"fr-FR"}]}},"_links":{"self":[{"href":"https:\/\/zamphelmets.co\/fr\/wp-json\/wp\/v2\/product\/206719","targetHints":{"allow":["GET"]}}],"collection":[{"href":"https:\/\/zamphelmets.co\/fr\/wp-json\/wp\/v2\/product"}],"about":[{"href":"https:\/\/zamphelmets.co\/fr\/wp-json\/wp\/v2\/types\/product"}],"replies":[{"embeddable":true,"href":"https:\/\/zamphelmets.co\/fr\/wp-json\/wp\/v2\/comments?post=206719"}],"wp:featuredmedia":[{"embeddable":true,"href":"https:\/\/zamphelmets.co\/fr\/wp-json\/wp\/v2\/media\/189958"}],"wp:attachment":[{"href":"https:\/\/zamphelmets.co\/fr\/wp-json\/wp\/v2\/media?parent=206719"}],"wp:term":[{"taxonomy":"product_brand","embeddable":true,"href":"https:\/\/zamphelmets.co\/fr\/wp-json\/wp\/v2\/product_brand?post=206719"},{"taxonomy":"product_cat","embeddable":true,"href":"https:\/\/zamphelmets.co\/fr\/wp-json\/wp\/v2\/product_cat?post=206719"},{"taxonomy":"product_tag","embeddable":true,"href":"https:\/\/zamphelmets.co\/fr\/wp-json\/wp\/v2\/product_tag?post=206719"}],"curies":[{"name":"wp","href":"https:\/\/api.w.org\/{rel}","templated":true}]}}