{"id":206616,"date":"2026-01-26T11:26:31","date_gmt":"2026-01-26T11:26:31","guid":{"rendered":"https:\/\/zamphelmets.co\/product\/cagoule-unleash-noir-blanc-asymetrique\/"},"modified":"2026-02-27T10:43:21","modified_gmt":"2026-02-27T10:43:21","slug":"cagoule-unleash-noir-blanc-asymetrique","status":"publish","type":"product","link":"https:\/\/zamphelmets.co\/fr\/produit\/cagoule-unleash-noir-blanc-asymetrique\/","title":{"rendered":"Cagoule UNLEASH &#8211; noir &amp; blanc asym\u00e9trique"},"content":{"rendered":"<p><span style=\"font-weight: 400;\">Compl\u00e9tez votre tenue de course avec la <strong>Cagoule 32Five UNLEASH<\/strong> \u2014 une toute nouvelle addition \u00e0 la gamme 32Five et \u00e0 la collection Helmet 28.<\/span><\/p>\n<p><span style=\"font-weight: 400;\">Con\u00e7ue pour <strong>s\u2019accorder parfaitement avec vos gants de karting 32Five pr\u00e9f\u00e9r\u00e9s<\/strong>, cette cagoule offre l\u2019\u00e9quilibre id\u00e9al entre performance, confort et style. Que vous aimiez les couleurs vives ou une esth\u00e9tique \u00e9pur\u00e9e ax\u00e9e sur la performance, c\u2019est la touche finale qui sublime votre \u00e9quipement et vous aide \u00e0 rester concentr\u00e9 au moment crucial. <\/span><\/p>\n<p><span style=\"font-weight: 400;\">Fabriqu\u00e9e en <strong>polyester performance 100 %<\/strong>, elle est ultra-l\u00e9g\u00e8re et respirante, se glissant parfaitement sous votre casque pour vous garder au frais, au sec et \u00e0 l\u2019aise \u2014 tour apr\u00e8s tour.<\/span><\/p>\n<p><strong>Caract\u00e9ristiques principales<\/strong><\/p>\n<ul>\n<li><span style=\"font-weight: 400;\">100 % polyester performance \u2013 l\u00e9ger, doux et pr\u00eat pour la course<\/span><\/li>\n<li><span style=\"font-weight: 400;\">Respirante et anti-humidit\u00e9 \u2013 aide \u00e0 r\u00e9guler la temp\u00e9rature et \u00e0 \u00e9vacuer la transpiration<\/span><\/li>\n<li><span style=\"font-weight: 400;\">Coupe sans couture sous le casque \u2013 con\u00e7ue pour le confort avec n\u2019importe quel casque<\/span><\/li>\n<li><span style=\"font-weight: 400;\">Conception durable \u2013 con\u00e7ue pour r\u00e9sister aux exigences de la comp\u00e9tition<\/span><\/li>\n<li><span style=\"font-weight: 400;\">Unisexe | Taille unique, convient \u00e0 la plupart<\/span><\/li>\n<\/ul>\n<p><span style=\"font-weight: 400;\">Parfaite pour les pilotes de karting et de sport automobile qui veulent que leur \u00e9quipement de course performe aussi bien qu&rsquo;eux \u2014 la <strong>Cagoule 32Five UNLEASH<\/strong> est con\u00e7ue pour durer.<\/span><\/p>\n","protected":false},"excerpt":{"rendered":"<p>Compl\u00e9tez votre tenue de course avec la Cagoule 32Five UNLEASH \u2014 une toute nouvelle addition \u00e0 la gamme 32Five et \u00e0 la collection Helmet 28. Con\u00e7ue pour s\u2019accorder parfaitement avec vos gants de karting 32Five pr\u00e9f\u00e9r\u00e9s, cette cagoule offre l\u2019\u00e9quilibre id\u00e9al entre performance, confort et style. Que vous aimiez les couleurs vives ou une esth\u00e9tique [&hellip;]<\/p>\n","protected":false},"featured_media":190138,"comment_status":"open","ping_status":"closed","template":"","meta":{"_acf_changed":false,"_iconic_wsb_product_page_order_bump_ids":[[]],"_sku":["32Five-Balaclava-005-C"],"_iconic_wsb_product_page_bump_modal_ids":[[]]},"product_brand":[],"product_cat":[486,194,193],"product_tag":[],"class_list":{"0":"post-206616","1":"product","2":"type-product","3":"status-publish","4":"has-post-thumbnail","6":"product_cat-32five","7":"product_cat-gants","8":"product_cat-protection-vetements","10":"first","11":"instock","12":"taxable","13":"shipping-taxable","14":"purchasable","15":"product-type-simple"},"acf":[],"yoast_head":"<!-- This site is optimized with the Yoast SEO plugin v27.0 - https:\/\/yoast.com\/product\/yoast-seo-wordpress\/ -->\n<title>Cagoule UNLEASH - noir &amp; blanc asym\u00e9trique - Zamp Helmets | Helmet 28 EU<\/title>\n<meta name=\"description\" content=\"Cagoule 32Five UNLEASH en polyester respirant et l\u00e9ger, pour un confort toute la journ\u00e9e. Coupe sans coutures pour le karting et le sport automobile.\" \/>\n<meta name=\"robots\" content=\"index, follow, max-snippet:-1, max-image-preview:large, max-video-preview:-1\" \/>\n<link rel=\"canonical\" href=\"https:\/\/zamphelmets.co\/fr\/produit\/cagoule-unleash-noir-blanc-asymetrique\/\" \/>\n<meta property=\"og:locale\" content=\"fr_FR\" \/>\n<meta property=\"og:type\" content=\"article\" \/>\n<meta property=\"og:title\" content=\"Cagoule UNLEASH - noir &amp; blanc asym\u00e9trique - Zamp Helmets | Helmet 28 EU\" \/>\n<meta property=\"og:description\" content=\"Cagoule 32Five UNLEASH en polyester respirant et l\u00e9ger, pour un confort toute la journ\u00e9e. Coupe sans coutures pour le karting et le sport automobile.\" \/>\n<meta property=\"og:url\" content=\"https:\/\/zamphelmets.co\/fr\/produit\/cagoule-unleash-noir-blanc-asymetrique\/\" \/>\n<meta property=\"og:site_name\" content=\"Zamp Helmets | Helmet 28 EU\" \/>\n<meta property=\"article:modified_time\" content=\"2026-02-27T10:43:21+00:00\" \/>\n<meta property=\"og:image\" content=\"https:\/\/zamphelmets.co\/wp-content\/uploads\/2026\/01\/Unknown-1.jpeg\" \/>\n\t<meta property=\"og:image:width\" content=\"960\" \/>\n\t<meta property=\"og:image:height\" content=\"960\" \/>\n\t<meta property=\"og:image:type\" content=\"image\/jpeg\" \/>\n<meta name=\"twitter:card\" content=\"summary_large_image\" \/>\n<meta name=\"twitter:label1\" content=\"Est. reading time\" \/>\n\t<meta name=\"twitter:data1\" content=\"1 minute\" \/>\n<script type=\"application\/ld+json\" class=\"yoast-schema-graph\">{\"@context\":\"https:\/\/schema.org\",\"@graph\":[{\"@type\":\"WebPage\",\"@id\":\"https:\/\/zamphelmets.co\/fr\/produit\/cagoule-unleash-noir-blanc-asymetrique\/\",\"url\":\"https:\/\/zamphelmets.co\/fr\/produit\/cagoule-unleash-noir-blanc-asymetrique\/\",\"name\":\"Cagoule UNLEASH - noir &amp; blanc asym\u00e9trique - Zamp Helmets | Helmet 28 EU\",\"isPartOf\":{\"@id\":\"https:\/\/zamphelmets.co\/fr\/#website\"},\"primaryImageOfPage\":{\"@id\":\"https:\/\/zamphelmets.co\/fr\/produit\/cagoule-unleash-noir-blanc-asymetrique\/#primaryimage\"},\"image\":{\"@id\":\"https:\/\/zamphelmets.co\/fr\/produit\/cagoule-unleash-noir-blanc-asymetrique\/#primaryimage\"},\"thumbnailUrl\":\"https:\/\/zamphelmets.co\/wp-content\/uploads\/2026\/01\/Unknown-1.jpeg\",\"datePublished\":\"2026-01-26T11:26:31+00:00\",\"dateModified\":\"2026-02-27T10:43:21+00:00\",\"description\":\"Cagoule 32Five UNLEASH en polyester respirant et l\u00e9ger, pour un confort toute la journ\u00e9e. Coupe sans coutures pour le karting et le sport automobile.\",\"breadcrumb\":{\"@id\":\"https:\/\/zamphelmets.co\/fr\/produit\/cagoule-unleash-noir-blanc-asymetrique\/#breadcrumb\"},\"inLanguage\":\"fr-FR\",\"potentialAction\":[{\"@type\":\"ReadAction\",\"target\":[\"https:\/\/zamphelmets.co\/fr\/produit\/cagoule-unleash-noir-blanc-asymetrique\/\"]}]},{\"@type\":\"ImageObject\",\"inLanguage\":\"fr-FR\",\"@id\":\"https:\/\/zamphelmets.co\/fr\/produit\/cagoule-unleash-noir-blanc-asymetrique\/#primaryimage\",\"url\":\"https:\/\/zamphelmets.co\/wp-content\/uploads\/2026\/01\/Unknown-1.jpeg\",\"contentUrl\":\"https:\/\/zamphelmets.co\/wp-content\/uploads\/2026\/01\/Unknown-1.jpeg\",\"width\":960,\"height\":960},{\"@type\":\"BreadcrumbList\",\"@id\":\"https:\/\/zamphelmets.co\/fr\/produit\/cagoule-unleash-noir-blanc-asymetrique\/#breadcrumb\",\"itemListElement\":[{\"@type\":\"ListItem\",\"position\":1,\"name\":\"Boutique\",\"item\":\"https:\/\/zamphelmets.co\/fr\/boutique\/\"},{\"@type\":\"ListItem\",\"position\":2,\"name\":\"Cagoule UNLEASH &#8211; noir &amp; blanc asym\u00e9trique\"}]},{\"@type\":\"WebSite\",\"@id\":\"https:\/\/zamphelmets.co\/fr\/#website\",\"url\":\"https:\/\/zamphelmets.co\/fr\/\",\"name\":\"Zamp Helmets | Helmet 28 EU\",\"description\":\"High Quality Motorsport Helmets\",\"potentialAction\":[{\"@type\":\"SearchAction\",\"target\":{\"@type\":\"EntryPoint\",\"urlTemplate\":\"https:\/\/zamphelmets.co\/fr\/?s={search_term_string}\"},\"query-input\":{\"@type\":\"PropertyValueSpecification\",\"valueRequired\":true,\"valueName\":\"search_term_string\"}}],\"inLanguage\":\"fr-FR\"}]}<\/script>\n<!-- \/ Yoast SEO plugin. -->","yoast_head_json":{"title":"Cagoule UNLEASH - noir &amp; blanc asym\u00e9trique - Zamp Helmets | Helmet 28 EU","description":"Cagoule 32Five UNLEASH en polyester respirant et l\u00e9ger, pour un confort toute la journ\u00e9e. Coupe sans coutures pour le karting et le sport automobile.","robots":{"index":"index","follow":"follow","max-snippet":"max-snippet:-1","max-image-preview":"max-image-preview:large","max-video-preview":"max-video-preview:-1"},"canonical":"https:\/\/zamphelmets.co\/fr\/produit\/cagoule-unleash-noir-blanc-asymetrique\/","og_locale":"fr_FR","og_type":"article","og_title":"Cagoule UNLEASH - noir &amp; blanc asym\u00e9trique - Zamp Helmets | Helmet 28 EU","og_description":"Cagoule 32Five UNLEASH en polyester respirant et l\u00e9ger, pour un confort toute la journ\u00e9e. Coupe sans coutures pour le karting et le sport automobile.","og_url":"https:\/\/zamphelmets.co\/fr\/produit\/cagoule-unleash-noir-blanc-asymetrique\/","og_site_name":"Zamp Helmets | Helmet 28 EU","article_modified_time":"2026-02-27T10:43:21+00:00","og_image":[{"width":960,"height":960,"url":"https:\/\/zamphelmets.co\/wp-content\/uploads\/2026\/01\/Unknown-1.jpeg","type":"image\/jpeg"}],"twitter_card":"summary_large_image","twitter_misc":{"Est. reading time":"1 minute"},"schema":{"@context":"https:\/\/schema.org","@graph":[{"@type":"WebPage","@id":"https:\/\/zamphelmets.co\/fr\/produit\/cagoule-unleash-noir-blanc-asymetrique\/","url":"https:\/\/zamphelmets.co\/fr\/produit\/cagoule-unleash-noir-blanc-asymetrique\/","name":"Cagoule UNLEASH - noir &amp; blanc asym\u00e9trique - Zamp Helmets | Helmet 28 EU","isPartOf":{"@id":"https:\/\/zamphelmets.co\/fr\/#website"},"primaryImageOfPage":{"@id":"https:\/\/zamphelmets.co\/fr\/produit\/cagoule-unleash-noir-blanc-asymetrique\/#primaryimage"},"image":{"@id":"https:\/\/zamphelmets.co\/fr\/produit\/cagoule-unleash-noir-blanc-asymetrique\/#primaryimage"},"thumbnailUrl":"https:\/\/zamphelmets.co\/wp-content\/uploads\/2026\/01\/Unknown-1.jpeg","datePublished":"2026-01-26T11:26:31+00:00","dateModified":"2026-02-27T10:43:21+00:00","description":"Cagoule 32Five UNLEASH en polyester respirant et l\u00e9ger, pour un confort toute la journ\u00e9e. Coupe sans coutures pour le karting et le sport automobile.","breadcrumb":{"@id":"https:\/\/zamphelmets.co\/fr\/produit\/cagoule-unleash-noir-blanc-asymetrique\/#breadcrumb"},"inLanguage":"fr-FR","potentialAction":[{"@type":"ReadAction","target":["https:\/\/zamphelmets.co\/fr\/produit\/cagoule-unleash-noir-blanc-asymetrique\/"]}]},{"@type":"ImageObject","inLanguage":"fr-FR","@id":"https:\/\/zamphelmets.co\/fr\/produit\/cagoule-unleash-noir-blanc-asymetrique\/#primaryimage","url":"https:\/\/zamphelmets.co\/wp-content\/uploads\/2026\/01\/Unknown-1.jpeg","contentUrl":"https:\/\/zamphelmets.co\/wp-content\/uploads\/2026\/01\/Unknown-1.jpeg","width":960,"height":960},{"@type":"BreadcrumbList","@id":"https:\/\/zamphelmets.co\/fr\/produit\/cagoule-unleash-noir-blanc-asymetrique\/#breadcrumb","itemListElement":[{"@type":"ListItem","position":1,"name":"Boutique","item":"https:\/\/zamphelmets.co\/fr\/boutique\/"},{"@type":"ListItem","position":2,"name":"Cagoule UNLEASH &#8211; noir &amp; blanc asym\u00e9trique"}]},{"@type":"WebSite","@id":"https:\/\/zamphelmets.co\/fr\/#website","url":"https:\/\/zamphelmets.co\/fr\/","name":"Zamp Helmets | Helmet 28 EU","description":"High Quality Motorsport Helmets","potentialAction":[{"@type":"SearchAction","target":{"@type":"EntryPoint","urlTemplate":"https:\/\/zamphelmets.co\/fr\/?s={search_term_string}"},"query-input":{"@type":"PropertyValueSpecification","valueRequired":true,"valueName":"search_term_string"}}],"inLanguage":"fr-FR"}]}},"_links":{"self":[{"href":"https:\/\/zamphelmets.co\/fr\/wp-json\/wp\/v2\/product\/206616","targetHints":{"allow":["GET"]}}],"collection":[{"href":"https:\/\/zamphelmets.co\/fr\/wp-json\/wp\/v2\/product"}],"about":[{"href":"https:\/\/zamphelmets.co\/fr\/wp-json\/wp\/v2\/types\/product"}],"replies":[{"embeddable":true,"href":"https:\/\/zamphelmets.co\/fr\/wp-json\/wp\/v2\/comments?post=206616"}],"wp:featuredmedia":[{"embeddable":true,"href":"https:\/\/zamphelmets.co\/fr\/wp-json\/wp\/v2\/media\/190138"}],"wp:attachment":[{"href":"https:\/\/zamphelmets.co\/fr\/wp-json\/wp\/v2\/media?parent=206616"}],"wp:term":[{"taxonomy":"product_brand","embeddable":true,"href":"https:\/\/zamphelmets.co\/fr\/wp-json\/wp\/v2\/product_brand?post=206616"},{"taxonomy":"product_cat","embeddable":true,"href":"https:\/\/zamphelmets.co\/fr\/wp-json\/wp\/v2\/product_cat?post=206616"},{"taxonomy":"product_tag","embeddable":true,"href":"https:\/\/zamphelmets.co\/fr\/wp-json\/wp\/v2\/product_tag?post=206616"}],"curies":[{"name":"wp","href":"https:\/\/api.w.org\/{rel}","templated":true}]}}