{"id":205397,"date":"2026-01-26T11:25:41","date_gmt":"2026-01-26T11:25:41","guid":{"rendered":"https:\/\/zamphelmets.co\/product\/plus-f-smile-to-win-bleu-glacier\/"},"modified":"2026-02-27T10:55:33","modified_gmt":"2026-02-27T10:55:33","slug":"plus-f-smile-to-win-bleu-glacier","status":"publish","type":"product","link":"https:\/\/zamphelmets.co\/fr\/produit\/plus-f-smile-to-win-bleu-glacier\/","title":{"rendered":"\u00ab\u00a0PLUS F\u00a0\u00bb &#8211; SMILE TO WIN &#8211; Bleu glacier"},"content":{"rendered":"<div class=\"container\">\n<div id=\"content\" class=\"site-content\">\n<div id=\"primary\" class=\"content-area\">\n<p><span style=\"font-weight: 400;\">D\u00e9couvrez les <strong>gants de karting 32Five PLUS F \u2013 SMILE TO WIN<\/strong>, le <strong>premier gant de la marque enti\u00e8rement homologu\u00e9 FIA<\/strong>, con\u00e7u pour les pilotes de karting exigeant une protection certifi\u00e9e sans sacrifier le ressenti, l\u2019ajustement ou l\u2019impact visuel.<\/span><\/p>\n<p><span style=\"font-weight: 400;\">Homologu\u00e9e selon la norme <strong>FIA 8877-2022<\/strong>, la gamme PLUS F marque une \u00e9volution majeure pour 32Five, alliant s\u00e9curit\u00e9 de course, confort raffin\u00e9 et design inimitable. Le coloris NO LIMITS arbore une <strong>finition BLEU GLACE audacieuse<\/strong>, offrant un look \u00e9pur\u00e9 mais agressif qui se d\u00e9marque sur la grille. <\/span><\/p>\n<p><span style=\"font-weight: 400;\">Con\u00e7us sp\u00e9cifiquement pour le karting \u00e0 haute intensit\u00e9, les gants PLUS F privil\u00e9gient le contr\u00f4le, la durabilit\u00e9 et le confort sur les longues sessions, tout en respectant les derni\u00e8res r\u00e9glementations FIA.<\/span><\/p>\n<p><strong>Caract\u00e9ristiques cl\u00e9s en un coup d\u2019\u0153il<\/strong><\/p>\n<ul>\n<li><span style=\"font-weight: 400;\"><strong>Homologation FIA 8877-2022<\/strong> &#8211; <\/span>Approuv\u00e9e pour le karting de comp\u00e9tition, assurant confiance et conformit\u00e9 au niveau club et championnat.<\/li>\n<li><span style=\"font-weight: 400;\"><strong>Construction \u00e0 coutures externes<\/strong> &#8211; <\/span>Coutures positionn\u00e9es \u00e0 l\u2019ext\u00e9rieur pour minimiser les points de pression internes et r\u00e9duire les frottements, am\u00e9liorant le confort lors d\u2019une utilisation prolong\u00e9e.<\/li>\n<li><span style=\"font-weight: 400;\"><strong>Dessus l\u00e9ger et respirant<\/strong> &#8211; <\/span>Le tissu avanc\u00e9 favorise la circulation de l\u2019air pour garder les mains au frais, tout en conservant une sensation douce et flexible.<\/li>\n<li><span style=\"font-weight: 400;\"><strong>Paume DriveSkin\u2122 Grip<\/strong> &#8211; <\/span>Mat\u00e9riau de paume haute performance con\u00e7u pour un retour de direction pr\u00e9cis, une adh\u00e9rence forte et une excellente r\u00e9sistance \u00e0 l\u2019usure.<\/li>\n<li><span style=\"font-weight: 400;\"><strong>Forme ergonomique pr\u00e9-courb\u00e9e<\/strong> &#8211; <\/span>Con\u00e7ue pour suivre la position naturelle de la main afin de r\u00e9duire la fatigue et d\u2019am\u00e9liorer le contr\u00f4le pendant la course.<\/li>\n<\/ul>\n<p><span style=\"font-weight: 400;\">Chaque \u00e9l\u00e9ment \u2014 du <strong>bout de doigt rouge embl\u00e9matique<\/strong> \u00e0 la <strong>couture de pr\u00e9cision<\/strong> \u2014 refl\u00e8te l\u2019accent mis sur la long\u00e9vit\u00e9, la performance et la connexion avec le pilote. Ce sont des gants de karting <strong>con\u00e7us pour les pilotes qui op\u00e8rent \u00e0 la limite<\/strong> et attendent de leur \u00e9quipement qu\u2019il en fasse autant. <\/span><\/p>\n<p><strong>Pr\u00eats pour la comp\u00e9tition. Homologu\u00e9s FIA. Inimitablement 32Five.  <\/strong><\/p>\n<p><img decoding=\"async\" class=\"alignnone wp-image-222671 lazyload\" data-src=\"https:\/\/zamphelmets.co\/wp-content\/uploads\/2026\/01\/32F-SizeGuide-25-V1-scaled.webp\" alt=\"\" width=\"500\" height=\"269\" data-srcset=\"https:\/\/zamphelmets.co\/wp-content\/uploads\/2026\/01\/32F-SizeGuide-25-V1-scaled.webp 2560w, https:\/\/zamphelmets.co\/wp-content\/uploads\/2026\/01\/32F-SizeGuide-25-V1-300x161.webp 300w, https:\/\/zamphelmets.co\/wp-content\/uploads\/2026\/01\/32F-SizeGuide-25-V1-1024x551.webp 1024w, https:\/\/zamphelmets.co\/wp-content\/uploads\/2026\/01\/32F-SizeGuide-25-V1-768x413.webp 768w, https:\/\/zamphelmets.co\/wp-content\/uploads\/2026\/01\/32F-SizeGuide-25-V1-1536x826.webp 1536w, https:\/\/zamphelmets.co\/wp-content\/uploads\/2026\/01\/32F-SizeGuide-25-V1-2048x1101.webp 2048w, https:\/\/zamphelmets.co\/wp-content\/uploads\/2026\/01\/32F-SizeGuide-25-V1-600x323.webp 600w\" data-sizes=\"(max-width: 500px) 100vw, 500px\" src=\"data:image\/svg+xml;base64,PHN2ZyB3aWR0aD0iMSIgaGVpZ2h0PSIxIiB4bWxucz0iaHR0cDovL3d3dy53My5vcmcvMjAwMC9zdmciPjwvc3ZnPg==\" style=\"--smush-placeholder-width: 500px; --smush-placeholder-aspect-ratio: 500\/269;\" \/><\/p>\n<\/div>\n<\/div>\n<\/div>\n","protected":false},"excerpt":{"rendered":"<p>D\u00e9couvrez les gants de karting 32Five PLUS F \u2013 SMILE TO WIN, le premier gant de la marque enti\u00e8rement homologu\u00e9 FIA, con\u00e7u pour les pilotes de karting exigeant une protection certifi\u00e9e sans sacrifier le ressenti, l\u2019ajustement ou l\u2019impact visuel. Homologu\u00e9e selon la norme FIA 8877-2022, la gamme PLUS F marque une \u00e9volution majeure pour 32Five, [&hellip;]<\/p>\n","protected":false},"featured_media":190030,"comment_status":"open","ping_status":"closed","template":"","meta":{"_acf_changed":false,"_iconic_wsb_product_page_order_bump_ids":[[]],"_sku":[],"_iconic_wsb_product_page_bump_modal_ids":[[]]},"product_brand":[],"product_cat":[486,194,193],"product_tag":[],"class_list":{"0":"post-205397","1":"product","2":"type-product","3":"status-publish","4":"has-post-thumbnail","6":"product_cat-32five","7":"product_cat-gants","8":"product_cat-protection-vetements","10":"first","11":"instock","12":"taxable","13":"shipping-taxable","14":"purchasable","15":"product-type-variable"},"acf":[],"yoast_head":"<!-- This site is optimized with the Yoast SEO plugin v27.0 - https:\/\/yoast.com\/product\/yoast-seo-wordpress\/ -->\n<title>&quot;PLUS F&quot; - SMILE TO WIN - Bleu glacier - Gants de karting FIA<\/title>\n<meta name=\"description\" content=\"D\u00e9couvrez les gants de karting 32Five PLUS F SMILE TO WIN \u2013 gants de course homologu\u00e9s FIA avec paume DriveSkin, coupe ergonomique et design BLEU GLACIER audacieux.\" \/>\n<meta name=\"robots\" content=\"index, follow, max-snippet:-1, max-image-preview:large, max-video-preview:-1\" \/>\n<link rel=\"canonical\" href=\"https:\/\/zamphelmets.co\/fr\/produit\/plus-f-smile-to-win-bleu-glacier\/\" \/>\n<meta property=\"og:locale\" content=\"fr_FR\" \/>\n<meta property=\"og:type\" content=\"article\" \/>\n<meta property=\"og:title\" content=\"&quot;PLUS F&quot; - SMILE TO WIN - Bleu glacier - Gants de karting FIA\" \/>\n<meta property=\"og:description\" content=\"D\u00e9couvrez les gants de karting 32Five PLUS F SMILE TO WIN \u2013 gants de course homologu\u00e9s FIA avec paume DriveSkin, coupe ergonomique et design BLEU GLACIER audacieux.\" \/>\n<meta property=\"og:url\" content=\"https:\/\/zamphelmets.co\/fr\/produit\/plus-f-smile-to-win-bleu-glacier\/\" \/>\n<meta property=\"og:site_name\" content=\"Zamp Helmets | Helmet 28 EU\" \/>\n<meta property=\"article:modified_time\" content=\"2026-02-27T10:55:33+00:00\" \/>\n<meta property=\"og:image\" content=\"https:\/\/zamphelmets.co\/wp-content\/uploads\/2026\/01\/icyyy.jpeg\" \/>\n\t<meta property=\"og:image:width\" content=\"977\" \/>\n\t<meta property=\"og:image:height\" content=\"1000\" \/>\n\t<meta property=\"og:image:type\" content=\"image\/jpeg\" \/>\n<meta name=\"twitter:card\" content=\"summary_large_image\" \/>\n<meta name=\"twitter:label1\" content=\"Est. reading time\" \/>\n\t<meta name=\"twitter:data1\" content=\"2 minutes\" \/>\n<script type=\"application\/ld+json\" class=\"yoast-schema-graph\">{\"@context\":\"https:\/\/schema.org\",\"@graph\":[{\"@type\":\"WebPage\",\"@id\":\"https:\/\/zamphelmets.co\/fr\/produit\/plus-f-smile-to-win-bleu-glacier\/\",\"url\":\"https:\/\/zamphelmets.co\/fr\/produit\/plus-f-smile-to-win-bleu-glacier\/\",\"name\":\"\\\"PLUS F\\\" - SMILE TO WIN - Bleu glacier - Gants de karting FIA\",\"isPartOf\":{\"@id\":\"https:\/\/zamphelmets.co\/fr\/#website\"},\"primaryImageOfPage\":{\"@id\":\"https:\/\/zamphelmets.co\/fr\/produit\/plus-f-smile-to-win-bleu-glacier\/#primaryimage\"},\"image\":{\"@id\":\"https:\/\/zamphelmets.co\/fr\/produit\/plus-f-smile-to-win-bleu-glacier\/#primaryimage\"},\"thumbnailUrl\":\"https:\/\/zamphelmets.co\/wp-content\/uploads\/2026\/01\/icyyy.jpeg\",\"datePublished\":\"2026-01-26T11:25:41+00:00\",\"dateModified\":\"2026-02-27T10:55:33+00:00\",\"description\":\"D\u00e9couvrez les gants de karting 32Five PLUS F SMILE TO WIN \u2013 gants de course homologu\u00e9s FIA avec paume DriveSkin, coupe ergonomique et design BLEU GLACIER audacieux.\",\"breadcrumb\":{\"@id\":\"https:\/\/zamphelmets.co\/fr\/produit\/plus-f-smile-to-win-bleu-glacier\/#breadcrumb\"},\"inLanguage\":\"fr-FR\",\"potentialAction\":[{\"@type\":\"ReadAction\",\"target\":[\"https:\/\/zamphelmets.co\/fr\/produit\/plus-f-smile-to-win-bleu-glacier\/\"]}]},{\"@type\":\"ImageObject\",\"inLanguage\":\"fr-FR\",\"@id\":\"https:\/\/zamphelmets.co\/fr\/produit\/plus-f-smile-to-win-bleu-glacier\/#primaryimage\",\"url\":\"https:\/\/zamphelmets.co\/wp-content\/uploads\/2026\/01\/icyyy.jpeg\",\"contentUrl\":\"https:\/\/zamphelmets.co\/wp-content\/uploads\/2026\/01\/icyyy.jpeg\",\"width\":977,\"height\":1000},{\"@type\":\"BreadcrumbList\",\"@id\":\"https:\/\/zamphelmets.co\/fr\/produit\/plus-f-smile-to-win-bleu-glacier\/#breadcrumb\",\"itemListElement\":[{\"@type\":\"ListItem\",\"position\":1,\"name\":\"Boutique\",\"item\":\"https:\/\/zamphelmets.co\/fr\/boutique\/\"},{\"@type\":\"ListItem\",\"position\":2,\"name\":\"&#8220;PLUS F&#8221; &#8211; SMILE TO WIN &#8211; Bleu glacier\"}]},{\"@type\":\"WebSite\",\"@id\":\"https:\/\/zamphelmets.co\/fr\/#website\",\"url\":\"https:\/\/zamphelmets.co\/fr\/\",\"name\":\"Zamp Helmets | Helmet 28 EU\",\"description\":\"High Quality Motorsport Helmets\",\"potentialAction\":[{\"@type\":\"SearchAction\",\"target\":{\"@type\":\"EntryPoint\",\"urlTemplate\":\"https:\/\/zamphelmets.co\/fr\/?s={search_term_string}\"},\"query-input\":{\"@type\":\"PropertyValueSpecification\",\"valueRequired\":true,\"valueName\":\"search_term_string\"}}],\"inLanguage\":\"fr-FR\"}]}<\/script>\n<!-- \/ Yoast SEO plugin. -->","yoast_head_json":{"title":"\"PLUS F\" - SMILE TO WIN - Bleu glacier - Gants de karting FIA","description":"D\u00e9couvrez les gants de karting 32Five PLUS F SMILE TO WIN \u2013 gants de course homologu\u00e9s FIA avec paume DriveSkin, coupe ergonomique et design BLEU GLACIER audacieux.","robots":{"index":"index","follow":"follow","max-snippet":"max-snippet:-1","max-image-preview":"max-image-preview:large","max-video-preview":"max-video-preview:-1"},"canonical":"https:\/\/zamphelmets.co\/fr\/produit\/plus-f-smile-to-win-bleu-glacier\/","og_locale":"fr_FR","og_type":"article","og_title":"\"PLUS F\" - SMILE TO WIN - Bleu glacier - Gants de karting FIA","og_description":"D\u00e9couvrez les gants de karting 32Five PLUS F SMILE TO WIN \u2013 gants de course homologu\u00e9s FIA avec paume DriveSkin, coupe ergonomique et design BLEU GLACIER audacieux.","og_url":"https:\/\/zamphelmets.co\/fr\/produit\/plus-f-smile-to-win-bleu-glacier\/","og_site_name":"Zamp Helmets | Helmet 28 EU","article_modified_time":"2026-02-27T10:55:33+00:00","og_image":[{"width":977,"height":1000,"url":"https:\/\/zamphelmets.co\/wp-content\/uploads\/2026\/01\/icyyy.jpeg","type":"image\/jpeg"}],"twitter_card":"summary_large_image","twitter_misc":{"Est. reading time":"2 minutes"},"schema":{"@context":"https:\/\/schema.org","@graph":[{"@type":"WebPage","@id":"https:\/\/zamphelmets.co\/fr\/produit\/plus-f-smile-to-win-bleu-glacier\/","url":"https:\/\/zamphelmets.co\/fr\/produit\/plus-f-smile-to-win-bleu-glacier\/","name":"\"PLUS F\" - SMILE TO WIN - Bleu glacier - Gants de karting FIA","isPartOf":{"@id":"https:\/\/zamphelmets.co\/fr\/#website"},"primaryImageOfPage":{"@id":"https:\/\/zamphelmets.co\/fr\/produit\/plus-f-smile-to-win-bleu-glacier\/#primaryimage"},"image":{"@id":"https:\/\/zamphelmets.co\/fr\/produit\/plus-f-smile-to-win-bleu-glacier\/#primaryimage"},"thumbnailUrl":"https:\/\/zamphelmets.co\/wp-content\/uploads\/2026\/01\/icyyy.jpeg","datePublished":"2026-01-26T11:25:41+00:00","dateModified":"2026-02-27T10:55:33+00:00","description":"D\u00e9couvrez les gants de karting 32Five PLUS F SMILE TO WIN \u2013 gants de course homologu\u00e9s FIA avec paume DriveSkin, coupe ergonomique et design BLEU GLACIER audacieux.","breadcrumb":{"@id":"https:\/\/zamphelmets.co\/fr\/produit\/plus-f-smile-to-win-bleu-glacier\/#breadcrumb"},"inLanguage":"fr-FR","potentialAction":[{"@type":"ReadAction","target":["https:\/\/zamphelmets.co\/fr\/produit\/plus-f-smile-to-win-bleu-glacier\/"]}]},{"@type":"ImageObject","inLanguage":"fr-FR","@id":"https:\/\/zamphelmets.co\/fr\/produit\/plus-f-smile-to-win-bleu-glacier\/#primaryimage","url":"https:\/\/zamphelmets.co\/wp-content\/uploads\/2026\/01\/icyyy.jpeg","contentUrl":"https:\/\/zamphelmets.co\/wp-content\/uploads\/2026\/01\/icyyy.jpeg","width":977,"height":1000},{"@type":"BreadcrumbList","@id":"https:\/\/zamphelmets.co\/fr\/produit\/plus-f-smile-to-win-bleu-glacier\/#breadcrumb","itemListElement":[{"@type":"ListItem","position":1,"name":"Boutique","item":"https:\/\/zamphelmets.co\/fr\/boutique\/"},{"@type":"ListItem","position":2,"name":"&#8220;PLUS F&#8221; &#8211; SMILE TO WIN &#8211; Bleu glacier"}]},{"@type":"WebSite","@id":"https:\/\/zamphelmets.co\/fr\/#website","url":"https:\/\/zamphelmets.co\/fr\/","name":"Zamp Helmets | Helmet 28 EU","description":"High Quality Motorsport Helmets","potentialAction":[{"@type":"SearchAction","target":{"@type":"EntryPoint","urlTemplate":"https:\/\/zamphelmets.co\/fr\/?s={search_term_string}"},"query-input":{"@type":"PropertyValueSpecification","valueRequired":true,"valueName":"search_term_string"}}],"inLanguage":"fr-FR"}]}},"_links":{"self":[{"href":"https:\/\/zamphelmets.co\/fr\/wp-json\/wp\/v2\/product\/205397","targetHints":{"allow":["GET"]}}],"collection":[{"href":"https:\/\/zamphelmets.co\/fr\/wp-json\/wp\/v2\/product"}],"about":[{"href":"https:\/\/zamphelmets.co\/fr\/wp-json\/wp\/v2\/types\/product"}],"replies":[{"embeddable":true,"href":"https:\/\/zamphelmets.co\/fr\/wp-json\/wp\/v2\/comments?post=205397"}],"wp:featuredmedia":[{"embeddable":true,"href":"https:\/\/zamphelmets.co\/fr\/wp-json\/wp\/v2\/media\/190030"}],"wp:attachment":[{"href":"https:\/\/zamphelmets.co\/fr\/wp-json\/wp\/v2\/media?parent=205397"}],"wp:term":[{"taxonomy":"product_brand","embeddable":true,"href":"https:\/\/zamphelmets.co\/fr\/wp-json\/wp\/v2\/product_brand?post=205397"},{"taxonomy":"product_cat","embeddable":true,"href":"https:\/\/zamphelmets.co\/fr\/wp-json\/wp\/v2\/product_cat?post=205397"},{"taxonomy":"product_tag","embeddable":true,"href":"https:\/\/zamphelmets.co\/fr\/wp-json\/wp\/v2\/product_tag?post=205397"}],"curies":[{"name":"wp","href":"https:\/\/api.w.org\/{rel}","templated":true}]}}