{"id":205208,"date":"2025-08-13T13:15:36","date_gmt":"2025-08-13T13:15:36","guid":{"rendered":"https:\/\/zamphelmets.co\/product\/rz-57-blanc\/"},"modified":"2026-02-16T16:11:04","modified_gmt":"2026-02-16T16:11:04","slug":"rz-57-blanc","status":"publish","type":"product","link":"https:\/\/zamphelmets.co\/fr\/produit\/rz-57-blanc\/","title":{"rendered":"RZ 57 Blanc"},"content":{"rendered":"<p data-start=\"141\" data-end=\"453\">Le <strong data-start=\"145\" data-end=\"166\">casque Zamp RZ-57<\/strong> offre une s\u00e9curit\u00e9 de pointe \u00e0 un prix imbattable, ce qui en fait l\u2019un des meilleurs casques de sport auto polyvalents du march\u00e9. Con\u00e7u avec la toute derni\u00e8re <strong data-start=\"309\" data-end=\"336\">technologie Snell SA2025<\/strong>, il r\u00e9unit fiabilit\u00e9, confort et accessibilit\u00e9 \u2014 sans compromis sur les performances. <\/p>\n<p data-start=\"455\" data-end=\"931\">Dot\u00e9 d\u2019une <strong data-start=\"467\" data-end=\"509\">coque composite l\u00e9g\u00e8re en fibre de verre<\/strong> et d\u2019un <strong data-start=\"516\" data-end=\"549\">int\u00e9rieur moelleux ignifug\u00e9<\/strong>, le RZ-57 est pens\u00e9 pour un confort toute la journ\u00e9e, que vous fassiez du karting, couriez en comp\u00e9tition club ou encha\u00eeniez les track days haute performance.<\/p>\n<p data-start=\"933\" data-end=\"1246\">Le RZ-57 est livr\u00e9 avec un <strong data-start=\"956\" data-end=\"984\">\u00e9cran clair s\u00e9rie Z-20<\/strong> avec plots pour tear-offs, compatible avec les <strong data-start=\"1036\" data-end=\"1070\">tear-offs 12.125&Prime; type banane<\/strong>, pour \u00eatre toujours pr\u00eat \u00e0 courir. De plus, les <strong data-start=\"1140\" data-end=\"1154\">inserts M6<\/strong> le rendent enti\u00e8rement compatible avec les dispositifs de retenue t\u00eate et cou (HANS) pour une protection maximale. <\/p>\n<h3 data-start=\"1248\" data-end=\"1267\">Caract\u00e9ristiques cl\u00e9s :<\/h3>\n<ul data-start=\"1268\" data-end=\"1649\">\n<li data-start=\"1268\" data-end=\"1343\">\n<p data-start=\"1270\" data-end=\"1343\"><strong data-start=\"1270\" data-end=\"1312\">Coque composite l\u00e9g\u00e8re en fibre de verre<\/strong> pour la robustesse et les performances<\/p>\n<\/li>\n<li data-start=\"1344\" data-end=\"1404\">\n<p data-start=\"1346\" data-end=\"1404\"><strong data-start=\"1346\" data-end=\"1373\">Ventilation avant au design minimaliste<\/strong> avec sorties au sommet et \u00e0 l\u2019arri\u00e8re pour un meilleur flux d\u2019air<\/p>\n<\/li>\n<li data-start=\"1405\" data-end=\"1458\">\n<p data-start=\"1407\" data-end=\"1458\"><strong data-start=\"1407\" data-end=\"1440\">Int\u00e9rieur moelleux ignifug\u00e9<\/strong> (non amovible)<\/p>\n<\/li>\n<li data-start=\"1459\" data-end=\"1547\">\n<p data-start=\"1461\" data-end=\"1547\"><strong data-start=\"1461\" data-end=\"1482\">\u00c9cran clair Z-20<\/strong> avec plots pour tear-offs \u2013 compatible tear-offs type banane et Z Optics<\/p>\n<\/li>\n<li data-start=\"1548\" data-end=\"1592\">\n<p data-start=\"1550\" data-end=\"1592\"><strong data-start=\"1550\" data-end=\"1564\">Inserts M6<\/strong> pour l\u2019utilisation d\u2019un dispositif HANS \/ HNR<\/p>\n<\/li>\n<li data-start=\"1593\" data-end=\"1649\">\n<p data-start=\"1595\" data-end=\"1649\"><strong data-start=\"1595\" data-end=\"1620\">Homologu\u00e9 Snell SA2025<\/strong> pour la comp\u00e9tition motorsport<\/p>\n<\/li>\n<\/ul>\n<p data-start=\"1651\" data-end=\"1773\">Pour les pilotes qui recherchent une s\u00e9curit\u00e9 fiable, des performances modernes et un rapport qualit\u00e9-prix exceptionnel, le <strong data-start=\"1736\" data-end=\"1750\">Zamp RZ-57<\/strong> est le choix malin.<\/p>\n","protected":false},"excerpt":{"rendered":"<p>Le casque Zamp RZ-57 offre une s\u00e9curit\u00e9 de pointe \u00e0 un prix imbattable, ce qui en fait l\u2019un des meilleurs casques de sport auto polyvalents du march\u00e9. Con\u00e7u avec la toute derni\u00e8re technologie Snell SA2025, il r\u00e9unit fiabilit\u00e9, confort et accessibilit\u00e9 \u2014 sans compromis sur les performances. Dot\u00e9 d\u2019une coque composite l\u00e9g\u00e8re en fibre de [&hellip;]<\/p>\n","protected":false},"featured_media":113700,"comment_status":"open","ping_status":"closed","template":"","meta":{"_acf_changed":false,"_iconic_wsb_product_page_order_bump_ids":[[]],"_sku":["H784001"],"_iconic_wsb_product_page_bump_modal_ids":[[]]},"product_brand":[],"product_cat":[142,235,476,141],"product_tag":[],"class_list":{"0":"post-205208","1":"product","2":"type-product","3":"status-publish","4":"has-post-thumbnail","6":"product_cat-casques-zamp","7":"product_cat-sans-categorie","8":"product_cat-snell-2025","9":"product_cat-zamp-fr","11":"first","12":"instock","13":"taxable","14":"shipping-taxable","15":"purchasable","16":"product-type-variable"},"acf":[],"yoast_head":"<!-- This site is optimized with the Yoast SEO plugin v27.0 - https:\/\/yoast.com\/product\/yoast-seo-wordpress\/ -->\n<title>RZ 57 Blanc - Zamp Helmets | Helmet 28 EU<\/title>\n<meta name=\"description\" content=\"ACHETEZ MAINTENANT \u2013 Homologu\u00e9 Snell SA2025, l\u00e9ger, durable et abordable, compatible Top Air pour des performances motorsport.\" \/>\n<meta name=\"robots\" content=\"index, follow, max-snippet:-1, max-image-preview:large, max-video-preview:-1\" \/>\n<link rel=\"canonical\" href=\"https:\/\/zamphelmets.co\/fr\/produit\/rz-57-blanc\/\" \/>\n<meta property=\"og:locale\" content=\"fr_FR\" \/>\n<meta property=\"og:type\" content=\"article\" \/>\n<meta property=\"og:title\" content=\"RZ 57 Blanc - Zamp Helmets | Helmet 28 EU\" \/>\n<meta property=\"og:description\" content=\"ACHETEZ MAINTENANT \u2013 Homologu\u00e9 Snell SA2025, l\u00e9ger, durable et abordable, compatible Top Air pour des performances motorsport.\" \/>\n<meta property=\"og:url\" content=\"https:\/\/zamphelmets.co\/fr\/produit\/rz-57-blanc\/\" \/>\n<meta property=\"og:site_name\" content=\"Zamp Helmets | Helmet 28 EU\" \/>\n<meta property=\"article:modified_time\" content=\"2026-02-16T16:11:04+00:00\" \/>\n<meta property=\"og:image\" content=\"https:\/\/zamphelmets.co\/wp-content\/uploads\/2025\/08\/AcqhctSxSlmXaYC7MPk2_H770001.jpg\" \/>\n\t<meta property=\"og:image:width\" content=\"1500\" \/>\n\t<meta property=\"og:image:height\" content=\"1500\" \/>\n\t<meta property=\"og:image:type\" content=\"image\/jpeg\" \/>\n<meta name=\"twitter:card\" content=\"summary_large_image\" \/>\n<meta name=\"twitter:label1\" content=\"Est. reading time\" \/>\n\t<meta name=\"twitter:data1\" content=\"1 minute\" \/>\n<script type=\"application\/ld+json\" class=\"yoast-schema-graph\">{\"@context\":\"https:\/\/schema.org\",\"@graph\":[{\"@type\":\"WebPage\",\"@id\":\"https:\/\/zamphelmets.co\/fr\/produit\/rz-57-blanc\/\",\"url\":\"https:\/\/zamphelmets.co\/fr\/produit\/rz-57-blanc\/\",\"name\":\"RZ 57 Blanc - Zamp Helmets | Helmet 28 EU\",\"isPartOf\":{\"@id\":\"https:\/\/zamphelmets.co\/fr\/#website\"},\"primaryImageOfPage\":{\"@id\":\"https:\/\/zamphelmets.co\/fr\/produit\/rz-57-blanc\/#primaryimage\"},\"image\":{\"@id\":\"https:\/\/zamphelmets.co\/fr\/produit\/rz-57-blanc\/#primaryimage\"},\"thumbnailUrl\":\"https:\/\/zamphelmets.co\/wp-content\/uploads\/2025\/08\/AcqhctSxSlmXaYC7MPk2_H770001.jpg\",\"datePublished\":\"2025-08-13T13:15:36+00:00\",\"dateModified\":\"2026-02-16T16:11:04+00:00\",\"description\":\"ACHETEZ MAINTENANT \u2013 Homologu\u00e9 Snell SA2025, l\u00e9ger, durable et abordable, compatible Top Air pour des performances motorsport.\",\"breadcrumb\":{\"@id\":\"https:\/\/zamphelmets.co\/fr\/produit\/rz-57-blanc\/#breadcrumb\"},\"inLanguage\":\"fr-FR\",\"potentialAction\":[{\"@type\":\"ReadAction\",\"target\":[\"https:\/\/zamphelmets.co\/fr\/produit\/rz-57-blanc\/\"]}]},{\"@type\":\"ImageObject\",\"inLanguage\":\"fr-FR\",\"@id\":\"https:\/\/zamphelmets.co\/fr\/produit\/rz-57-blanc\/#primaryimage\",\"url\":\"https:\/\/zamphelmets.co\/wp-content\/uploads\/2025\/08\/AcqhctSxSlmXaYC7MPk2_H770001.jpg\",\"contentUrl\":\"https:\/\/zamphelmets.co\/wp-content\/uploads\/2025\/08\/AcqhctSxSlmXaYC7MPk2_H770001.jpg\",\"width\":1500,\"height\":1500},{\"@type\":\"BreadcrumbList\",\"@id\":\"https:\/\/zamphelmets.co\/fr\/produit\/rz-57-blanc\/#breadcrumb\",\"itemListElement\":[{\"@type\":\"ListItem\",\"position\":1,\"name\":\"Boutique\",\"item\":\"https:\/\/zamphelmets.co\/fr\/boutique\/\"},{\"@type\":\"ListItem\",\"position\":2,\"name\":\"RZ 57 Blanc\"}]},{\"@type\":\"WebSite\",\"@id\":\"https:\/\/zamphelmets.co\/fr\/#website\",\"url\":\"https:\/\/zamphelmets.co\/fr\/\",\"name\":\"Zamp Helmets | Helmet 28 EU\",\"description\":\"High Quality Motorsport Helmets\",\"potentialAction\":[{\"@type\":\"SearchAction\",\"target\":{\"@type\":\"EntryPoint\",\"urlTemplate\":\"https:\/\/zamphelmets.co\/fr\/?s={search_term_string}\"},\"query-input\":{\"@type\":\"PropertyValueSpecification\",\"valueRequired\":true,\"valueName\":\"search_term_string\"}}],\"inLanguage\":\"fr-FR\"}]}<\/script>\n<!-- \/ Yoast SEO plugin. -->","yoast_head_json":{"title":"RZ 57 Blanc - Zamp Helmets | Helmet 28 EU","description":"ACHETEZ MAINTENANT \u2013 Homologu\u00e9 Snell SA2025, l\u00e9ger, durable et abordable, compatible Top Air pour des performances motorsport.","robots":{"index":"index","follow":"follow","max-snippet":"max-snippet:-1","max-image-preview":"max-image-preview:large","max-video-preview":"max-video-preview:-1"},"canonical":"https:\/\/zamphelmets.co\/fr\/produit\/rz-57-blanc\/","og_locale":"fr_FR","og_type":"article","og_title":"RZ 57 Blanc - Zamp Helmets | Helmet 28 EU","og_description":"ACHETEZ MAINTENANT \u2013 Homologu\u00e9 Snell SA2025, l\u00e9ger, durable et abordable, compatible Top Air pour des performances motorsport.","og_url":"https:\/\/zamphelmets.co\/fr\/produit\/rz-57-blanc\/","og_site_name":"Zamp Helmets | Helmet 28 EU","article_modified_time":"2026-02-16T16:11:04+00:00","og_image":[{"width":1500,"height":1500,"url":"https:\/\/zamphelmets.co\/wp-content\/uploads\/2025\/08\/AcqhctSxSlmXaYC7MPk2_H770001.jpg","type":"image\/jpeg"}],"twitter_card":"summary_large_image","twitter_misc":{"Est. reading time":"1 minute"},"schema":{"@context":"https:\/\/schema.org","@graph":[{"@type":"WebPage","@id":"https:\/\/zamphelmets.co\/fr\/produit\/rz-57-blanc\/","url":"https:\/\/zamphelmets.co\/fr\/produit\/rz-57-blanc\/","name":"RZ 57 Blanc - Zamp Helmets | Helmet 28 EU","isPartOf":{"@id":"https:\/\/zamphelmets.co\/fr\/#website"},"primaryImageOfPage":{"@id":"https:\/\/zamphelmets.co\/fr\/produit\/rz-57-blanc\/#primaryimage"},"image":{"@id":"https:\/\/zamphelmets.co\/fr\/produit\/rz-57-blanc\/#primaryimage"},"thumbnailUrl":"https:\/\/zamphelmets.co\/wp-content\/uploads\/2025\/08\/AcqhctSxSlmXaYC7MPk2_H770001.jpg","datePublished":"2025-08-13T13:15:36+00:00","dateModified":"2026-02-16T16:11:04+00:00","description":"ACHETEZ MAINTENANT \u2013 Homologu\u00e9 Snell SA2025, l\u00e9ger, durable et abordable, compatible Top Air pour des performances motorsport.","breadcrumb":{"@id":"https:\/\/zamphelmets.co\/fr\/produit\/rz-57-blanc\/#breadcrumb"},"inLanguage":"fr-FR","potentialAction":[{"@type":"ReadAction","target":["https:\/\/zamphelmets.co\/fr\/produit\/rz-57-blanc\/"]}]},{"@type":"ImageObject","inLanguage":"fr-FR","@id":"https:\/\/zamphelmets.co\/fr\/produit\/rz-57-blanc\/#primaryimage","url":"https:\/\/zamphelmets.co\/wp-content\/uploads\/2025\/08\/AcqhctSxSlmXaYC7MPk2_H770001.jpg","contentUrl":"https:\/\/zamphelmets.co\/wp-content\/uploads\/2025\/08\/AcqhctSxSlmXaYC7MPk2_H770001.jpg","width":1500,"height":1500},{"@type":"BreadcrumbList","@id":"https:\/\/zamphelmets.co\/fr\/produit\/rz-57-blanc\/#breadcrumb","itemListElement":[{"@type":"ListItem","position":1,"name":"Boutique","item":"https:\/\/zamphelmets.co\/fr\/boutique\/"},{"@type":"ListItem","position":2,"name":"RZ 57 Blanc"}]},{"@type":"WebSite","@id":"https:\/\/zamphelmets.co\/fr\/#website","url":"https:\/\/zamphelmets.co\/fr\/","name":"Zamp Helmets | Helmet 28 EU","description":"High Quality Motorsport Helmets","potentialAction":[{"@type":"SearchAction","target":{"@type":"EntryPoint","urlTemplate":"https:\/\/zamphelmets.co\/fr\/?s={search_term_string}"},"query-input":{"@type":"PropertyValueSpecification","valueRequired":true,"valueName":"search_term_string"}}],"inLanguage":"fr-FR"}]}},"_links":{"self":[{"href":"https:\/\/zamphelmets.co\/fr\/wp-json\/wp\/v2\/product\/205208","targetHints":{"allow":["GET"]}}],"collection":[{"href":"https:\/\/zamphelmets.co\/fr\/wp-json\/wp\/v2\/product"}],"about":[{"href":"https:\/\/zamphelmets.co\/fr\/wp-json\/wp\/v2\/types\/product"}],"replies":[{"embeddable":true,"href":"https:\/\/zamphelmets.co\/fr\/wp-json\/wp\/v2\/comments?post=205208"}],"wp:featuredmedia":[{"embeddable":true,"href":"https:\/\/zamphelmets.co\/fr\/wp-json\/wp\/v2\/media\/113700"}],"wp:attachment":[{"href":"https:\/\/zamphelmets.co\/fr\/wp-json\/wp\/v2\/media?parent=205208"}],"wp:term":[{"taxonomy":"product_brand","embeddable":true,"href":"https:\/\/zamphelmets.co\/fr\/wp-json\/wp\/v2\/product_brand?post=205208"},{"taxonomy":"product_cat","embeddable":true,"href":"https:\/\/zamphelmets.co\/fr\/wp-json\/wp\/v2\/product_cat?post=205208"},{"taxonomy":"product_tag","embeddable":true,"href":"https:\/\/zamphelmets.co\/fr\/wp-json\/wp\/v2\/product_tag?post=205208"}],"curies":[{"name":"wp","href":"https:\/\/api.w.org\/{rel}","templated":true}]}}