{"id":205190,"date":"2025-08-13T13:16:22","date_gmt":"2025-08-13T13:16:22","guid":{"rendered":"https:\/\/zamphelmets.co\/product\/rz-57v-noir-mat\/"},"modified":"2025-08-13T13:16:22","modified_gmt":"2025-08-13T13:16:22","slug":"rz-57v-noir-mat","status":"publish","type":"product","link":"https:\/\/zamphelmets.co\/fr\/produit\/rz-57v-noir-mat\/","title":{"rendered":"RZ 57V Noir Mat"},"content":{"rendered":"<p data-start=\"225\" data-end=\"589\">Le <strong data-start=\"229\" data-end=\"251\">casque Zamp RZ-57V<\/strong> offre l\u2019\u00e9quilibre parfait entre performance, s\u00e9curit\u00e9 et prix abordable, red\u00e9finissant la notion de rapport qualit\u00e9-prix dans la protection du sport automobile. Con\u00e7u avec la derni\u00e8re <strong data-start=\"422\" data-end=\"449\">technologie Snell SA2025<\/strong>, ce casque composite l\u00e9ger est destin\u00e9 aux pilotes exigeant fiabilit\u00e9, confort et performances modernes sans se ruiner. <\/p>\n<p data-start=\"591\" data-end=\"1016\">Dot\u00e9 d\u2019une <strong data-start=\"604\" data-end=\"634\">coque composite en fibre de verre<\/strong> et d\u2019un int\u00e9rieur ignifug\u00e9 moelleux, le RZ-57V assure un confort durable \u00e0 chaque course.<\/p>\n<p data-start=\"1018\" data-end=\"1384\">Avec des caract\u00e9ristiques habituellement r\u00e9serv\u00e9es aux casques deux fois plus chers, le <strong data-start=\"1078\" data-end=\"1093\">Zamp RZ-57V<\/strong> est un choix polyvalent pour le karting, les journ\u00e9es sur circuit et la comp\u00e9tition. Il est \u00e9quip\u00e9 d\u2019une <strong data-start=\"1188\" data-end=\"1209\">visi\u00e8re transparente Z-20<\/strong> avec supports pour tear-offs, ainsi que d\u2019<strong data-start=\"1303\" data-end=\"1317\">inserts M6<\/strong> pour une <strong data-start=\"1331\" data-end=\"1381\">int\u00e9gration fluide du syst\u00e8me HANS<\/strong>. <\/p>\n<h3 data-start=\"1386\" data-end=\"1405\">Caract\u00e9ristiques principales :<\/h3>\n<ul data-start=\"1406\" data-end=\"1802\">\n<li data-start=\"1406\" data-end=\"1477\">\n<p data-start=\"1408\" data-end=\"1477\"><strong data-start=\"1408\" data-end=\"1450\">Coque l\u00e9g\u00e8re en composite de fibre de verre<\/strong> pour la r\u00e9sistance et le confort<\/p>\n<\/li>\n<li data-start=\"1478\" data-end=\"1543\">\n<p data-start=\"1480\" data-end=\"1543\"><strong data-start=\"1480\" data-end=\"1507\">Ventilation frontale au design minimaliste<\/strong> avec extracteurs d\u2019air sup\u00e9rieurs et arri\u00e8re pour un flux d\u2019air am\u00e9lior\u00e9<\/p>\n<\/li>\n<li data-start=\"1544\" data-end=\"1614\">\n<p data-start=\"1546\" data-end=\"1614\"><strong data-start=\"1546\" data-end=\"1579\">Int\u00e9rieur ignifug\u00e9 moelleux<\/strong> (non amovible) pour une s\u00e9curit\u00e9 accrue<\/p>\n<\/li>\n<li data-start=\"1615\" data-end=\"1700\">\n<p data-start=\"1617\" data-end=\"1700\"><strong data-start=\"1617\" data-end=\"1638\">Visi\u00e8re transparente Z-20<\/strong> avec supports pour tear-offs, compatible avec les tear-offs de type \u00ab banana \u00bb<\/p>\n<\/li>\n<li data-start=\"1701\" data-end=\"1745\">\n<p data-start=\"1703\" data-end=\"1745\"><strong data-start=\"1703\" data-end=\"1717\">Inserts M6<\/strong> pour l\u2019utilisation de dispositifs HANS \/ HNR<\/p>\n<\/li>\n<li data-start=\"1746\" data-end=\"1802\">\n<p data-start=\"1748\" data-end=\"1802\"><strong data-start=\"1748\" data-end=\"1773\">Homologu\u00e9 Snell SA2025<\/strong> pour le sport automobile de comp\u00e9tition<\/p>\n<\/li>\n<\/ul>\n<p data-start=\"1804\" data-end=\"1954\">Que vous d\u00e9butiez ou que vous passiez au niveau sup\u00e9rieur, le <strong data-start=\"1852\" data-end=\"1867\">Zamp RZ-57V<\/strong> vous apporte la technologie, le confort et la s\u00e9curit\u00e9 n\u00e9cessaires pour rester concentr\u00e9 sur la piste.<\/p>\n","protected":false},"excerpt":{"rendered":"<p>Le casque Zamp RZ-57V offre l\u2019\u00e9quilibre parfait entre performance, s\u00e9curit\u00e9 et prix abordable, red\u00e9finissant la notion de rapport qualit\u00e9-prix dans la protection du sport automobile. Con\u00e7u avec la derni\u00e8re technologie Snell SA2025, ce casque composite l\u00e9ger est destin\u00e9 aux pilotes exigeant fiabilit\u00e9, confort et performances modernes sans se ruiner. Dot\u00e9 d\u2019une coque composite en fibre [&hellip;]<\/p>\n","protected":false},"featured_media":113889,"comment_status":"open","ping_status":"closed","template":"","meta":{"_acf_changed":false,"_iconic_wsb_product_page_order_bump_ids":[[]],"_sku":["H78303F"],"_iconic_wsb_product_page_bump_modal_ids":[[]]},"product_brand":[],"product_cat":[142,235,476,141],"product_tag":[],"class_list":{"0":"post-205190","1":"product","2":"type-product","3":"status-publish","4":"has-post-thumbnail","6":"product_cat-casques-zamp","7":"product_cat-sans-categorie","8":"product_cat-snell-2025","9":"product_cat-zamp-fr","11":"first","12":"instock","13":"taxable","14":"shipping-taxable","15":"purchasable","16":"product-type-variable"},"acf":[],"yoast_head":"<!-- This site is optimized with the Yoast SEO plugin v27.0 - https:\/\/yoast.com\/product\/yoast-seo-wordpress\/ -->\n<title>RZ 57V Noir Mat - Zamp Helmets | Helmet 28 EU<\/title>\n<meta name=\"description\" content=\"ACHETEZ MAINTENANT - Homologu\u00e9 Snell SA2025, l\u00e9ger, durable et \u00e9conomique avec compatibilit\u00e9 Top Air pour des performances de course optimales.\" \/>\n<meta name=\"robots\" content=\"index, follow, max-snippet:-1, max-image-preview:large, max-video-preview:-1\" \/>\n<link rel=\"canonical\" href=\"https:\/\/zamphelmets.co\/fr\/produit\/rz-57v-noir-mat\/\" \/>\n<meta property=\"og:locale\" content=\"fr_FR\" \/>\n<meta property=\"og:type\" content=\"article\" \/>\n<meta property=\"og:title\" content=\"RZ 57V Noir Mat - Zamp Helmets | Helmet 28 EU\" \/>\n<meta property=\"og:description\" content=\"ACHETEZ MAINTENANT - Homologu\u00e9 Snell SA2025, l\u00e9ger, durable et \u00e9conomique avec compatibilit\u00e9 Top Air pour des performances de course optimales.\" \/>\n<meta property=\"og:url\" content=\"https:\/\/zamphelmets.co\/fr\/produit\/rz-57v-noir-mat\/\" \/>\n<meta property=\"og:site_name\" content=\"Zamp Helmets | Helmet 28 EU\" \/>\n<meta property=\"og:image\" content=\"https:\/\/zamphelmets.co\/wp-content\/uploads\/2025\/08\/H77203F.jpg\" \/>\n\t<meta property=\"og:image:width\" content=\"1500\" \/>\n\t<meta property=\"og:image:height\" content=\"1500\" \/>\n\t<meta property=\"og:image:type\" content=\"image\/jpeg\" \/>\n<meta name=\"twitter:card\" content=\"summary_large_image\" \/>\n<meta name=\"twitter:label1\" content=\"Est. reading time\" \/>\n\t<meta name=\"twitter:data1\" content=\"1 minute\" \/>\n<script type=\"application\/ld+json\" class=\"yoast-schema-graph\">{\"@context\":\"https:\/\/schema.org\",\"@graph\":[{\"@type\":\"WebPage\",\"@id\":\"https:\/\/zamphelmets.co\/fr\/produit\/rz-57v-noir-mat\/\",\"url\":\"https:\/\/zamphelmets.co\/fr\/produit\/rz-57v-noir-mat\/\",\"name\":\"RZ 57V Noir Mat - Zamp Helmets | Helmet 28 EU\",\"isPartOf\":{\"@id\":\"https:\/\/zamphelmets.co\/fr\/#website\"},\"primaryImageOfPage\":{\"@id\":\"https:\/\/zamphelmets.co\/fr\/produit\/rz-57v-noir-mat\/#primaryimage\"},\"image\":{\"@id\":\"https:\/\/zamphelmets.co\/fr\/produit\/rz-57v-noir-mat\/#primaryimage\"},\"thumbnailUrl\":\"https:\/\/zamphelmets.co\/wp-content\/uploads\/2025\/08\/H77203F.jpg\",\"datePublished\":\"2025-08-13T13:16:22+00:00\",\"description\":\"ACHETEZ MAINTENANT - Homologu\u00e9 Snell SA2025, l\u00e9ger, durable et \u00e9conomique avec compatibilit\u00e9 Top Air pour des performances de course optimales.\",\"breadcrumb\":{\"@id\":\"https:\/\/zamphelmets.co\/fr\/produit\/rz-57v-noir-mat\/#breadcrumb\"},\"inLanguage\":\"fr-FR\",\"potentialAction\":[{\"@type\":\"ReadAction\",\"target\":[\"https:\/\/zamphelmets.co\/fr\/produit\/rz-57v-noir-mat\/\"]}]},{\"@type\":\"ImageObject\",\"inLanguage\":\"fr-FR\",\"@id\":\"https:\/\/zamphelmets.co\/fr\/produit\/rz-57v-noir-mat\/#primaryimage\",\"url\":\"https:\/\/zamphelmets.co\/wp-content\/uploads\/2025\/08\/H77203F.jpg\",\"contentUrl\":\"https:\/\/zamphelmets.co\/wp-content\/uploads\/2025\/08\/H77203F.jpg\",\"width\":1500,\"height\":1500},{\"@type\":\"BreadcrumbList\",\"@id\":\"https:\/\/zamphelmets.co\/fr\/produit\/rz-57v-noir-mat\/#breadcrumb\",\"itemListElement\":[{\"@type\":\"ListItem\",\"position\":1,\"name\":\"Boutique\",\"item\":\"https:\/\/zamphelmets.co\/fr\/boutique\/\"},{\"@type\":\"ListItem\",\"position\":2,\"name\":\"RZ 57V Noir Mat\"}]},{\"@type\":\"WebSite\",\"@id\":\"https:\/\/zamphelmets.co\/fr\/#website\",\"url\":\"https:\/\/zamphelmets.co\/fr\/\",\"name\":\"Zamp Helmets | Helmet 28 EU\",\"description\":\"High Quality Motorsport Helmets\",\"potentialAction\":[{\"@type\":\"SearchAction\",\"target\":{\"@type\":\"EntryPoint\",\"urlTemplate\":\"https:\/\/zamphelmets.co\/fr\/?s={search_term_string}\"},\"query-input\":{\"@type\":\"PropertyValueSpecification\",\"valueRequired\":true,\"valueName\":\"search_term_string\"}}],\"inLanguage\":\"fr-FR\"}]}<\/script>\n<!-- \/ Yoast SEO plugin. -->","yoast_head_json":{"title":"RZ 57V Noir Mat - Zamp Helmets | Helmet 28 EU","description":"ACHETEZ MAINTENANT - Homologu\u00e9 Snell SA2025, l\u00e9ger, durable et \u00e9conomique avec compatibilit\u00e9 Top Air pour des performances de course optimales.","robots":{"index":"index","follow":"follow","max-snippet":"max-snippet:-1","max-image-preview":"max-image-preview:large","max-video-preview":"max-video-preview:-1"},"canonical":"https:\/\/zamphelmets.co\/fr\/produit\/rz-57v-noir-mat\/","og_locale":"fr_FR","og_type":"article","og_title":"RZ 57V Noir Mat - Zamp Helmets | Helmet 28 EU","og_description":"ACHETEZ MAINTENANT - Homologu\u00e9 Snell SA2025, l\u00e9ger, durable et \u00e9conomique avec compatibilit\u00e9 Top Air pour des performances de course optimales.","og_url":"https:\/\/zamphelmets.co\/fr\/produit\/rz-57v-noir-mat\/","og_site_name":"Zamp Helmets | Helmet 28 EU","og_image":[{"width":1500,"height":1500,"url":"https:\/\/zamphelmets.co\/wp-content\/uploads\/2025\/08\/H77203F.jpg","type":"image\/jpeg"}],"twitter_card":"summary_large_image","twitter_misc":{"Est. reading time":"1 minute"},"schema":{"@context":"https:\/\/schema.org","@graph":[{"@type":"WebPage","@id":"https:\/\/zamphelmets.co\/fr\/produit\/rz-57v-noir-mat\/","url":"https:\/\/zamphelmets.co\/fr\/produit\/rz-57v-noir-mat\/","name":"RZ 57V Noir Mat - Zamp Helmets | Helmet 28 EU","isPartOf":{"@id":"https:\/\/zamphelmets.co\/fr\/#website"},"primaryImageOfPage":{"@id":"https:\/\/zamphelmets.co\/fr\/produit\/rz-57v-noir-mat\/#primaryimage"},"image":{"@id":"https:\/\/zamphelmets.co\/fr\/produit\/rz-57v-noir-mat\/#primaryimage"},"thumbnailUrl":"https:\/\/zamphelmets.co\/wp-content\/uploads\/2025\/08\/H77203F.jpg","datePublished":"2025-08-13T13:16:22+00:00","description":"ACHETEZ MAINTENANT - Homologu\u00e9 Snell SA2025, l\u00e9ger, durable et \u00e9conomique avec compatibilit\u00e9 Top Air pour des performances de course optimales.","breadcrumb":{"@id":"https:\/\/zamphelmets.co\/fr\/produit\/rz-57v-noir-mat\/#breadcrumb"},"inLanguage":"fr-FR","potentialAction":[{"@type":"ReadAction","target":["https:\/\/zamphelmets.co\/fr\/produit\/rz-57v-noir-mat\/"]}]},{"@type":"ImageObject","inLanguage":"fr-FR","@id":"https:\/\/zamphelmets.co\/fr\/produit\/rz-57v-noir-mat\/#primaryimage","url":"https:\/\/zamphelmets.co\/wp-content\/uploads\/2025\/08\/H77203F.jpg","contentUrl":"https:\/\/zamphelmets.co\/wp-content\/uploads\/2025\/08\/H77203F.jpg","width":1500,"height":1500},{"@type":"BreadcrumbList","@id":"https:\/\/zamphelmets.co\/fr\/produit\/rz-57v-noir-mat\/#breadcrumb","itemListElement":[{"@type":"ListItem","position":1,"name":"Boutique","item":"https:\/\/zamphelmets.co\/fr\/boutique\/"},{"@type":"ListItem","position":2,"name":"RZ 57V Noir Mat"}]},{"@type":"WebSite","@id":"https:\/\/zamphelmets.co\/fr\/#website","url":"https:\/\/zamphelmets.co\/fr\/","name":"Zamp Helmets | Helmet 28 EU","description":"High Quality Motorsport Helmets","potentialAction":[{"@type":"SearchAction","target":{"@type":"EntryPoint","urlTemplate":"https:\/\/zamphelmets.co\/fr\/?s={search_term_string}"},"query-input":{"@type":"PropertyValueSpecification","valueRequired":true,"valueName":"search_term_string"}}],"inLanguage":"fr-FR"}]}},"_links":{"self":[{"href":"https:\/\/zamphelmets.co\/fr\/wp-json\/wp\/v2\/product\/205190","targetHints":{"allow":["GET"]}}],"collection":[{"href":"https:\/\/zamphelmets.co\/fr\/wp-json\/wp\/v2\/product"}],"about":[{"href":"https:\/\/zamphelmets.co\/fr\/wp-json\/wp\/v2\/types\/product"}],"replies":[{"embeddable":true,"href":"https:\/\/zamphelmets.co\/fr\/wp-json\/wp\/v2\/comments?post=205190"}],"wp:featuredmedia":[{"embeddable":true,"href":"https:\/\/zamphelmets.co\/fr\/wp-json\/wp\/v2\/media\/113889"}],"wp:attachment":[{"href":"https:\/\/zamphelmets.co\/fr\/wp-json\/wp\/v2\/media?parent=205190"}],"wp:term":[{"taxonomy":"product_brand","embeddable":true,"href":"https:\/\/zamphelmets.co\/fr\/wp-json\/wp\/v2\/product_brand?post=205190"},{"taxonomy":"product_cat","embeddable":true,"href":"https:\/\/zamphelmets.co\/fr\/wp-json\/wp\/v2\/product_cat?post=205190"},{"taxonomy":"product_tag","embeddable":true,"href":"https:\/\/zamphelmets.co\/fr\/wp-json\/wp\/v2\/product_tag?post=205190"}],"curies":[{"name":"wp","href":"https:\/\/api.w.org\/{rel}","templated":true}]}}