{"id":204988,"date":"2025-10-29T15:13:59","date_gmt":"2025-10-29T15:13:59","guid":{"rendered":"https:\/\/zamphelmets.co\/product\/rz-66c-carbon\/"},"modified":"2026-04-27T11:36:03","modified_gmt":"2026-04-27T11:36:03","slug":"rz-66c-carbon","status":"publish","type":"product","link":"https:\/\/zamphelmets.co\/fr\/produit\/rz-66c-carbon\/","title":{"rendered":"RZ 66C Carbon"},"content":{"rendered":"<p>D\u00e9couvrez le tout nouveau <strong data-start=\"317\" data-end=\"332\">Zamp RZ-66C<\/strong> \u2014 le casque haute performance ultime con\u00e7u pour les pilotes exigeant l\u00e9g\u00e8ret\u00e9, confort, ventilation d\u2019\u00e9lite et pr\u00e9cision a\u00e9rodynamique. Con\u00e7u pour l\u2019endurance et la vitesse, le RZ-66C allie technologie de pointe et polyvalence pour vous aider \u00e0 rester au frais, concentr\u00e9 et rapide ; \u00e0 chaque tour, \u00e0 chaque instant. <\/p>\n<p><b>Caract\u00e9ristiques cl\u00e9s :<\/b><\/p>\n<ul>\n<li style=\"font-weight: 400;\" aria-level=\"1\"><b>Coque Carbon Mix<\/b><span style=\"font-weight: 400;\"> \u2013 Conception ultra-l\u00e9g\u00e8re pour r\u00e9duire la fatigue du pilote<\/span><\/li>\n<li style=\"font-weight: 400;\" aria-level=\"1\"><b>SYST\u00c8ME DDAIR<\/b><span style=\"font-weight: 400;\"> \u2013 Nouveau <\/span><b>canal d&rsquo;air \u00e0 double densit\u00e9 \u00e0 360\u00b0<\/b><span style=\"font-weight: 400;\"> pour un refroidissement par air forc\u00e9 sup\u00e9rieur<\/span><\/li>\n<li style=\"font-weight: 400;\" aria-level=\"1\"><b>A\u00e9rodynamisme avanc\u00e9<\/b><span style=\"font-weight: 400;\"> \u2013 Rebords a\u00e9rodynamiques int\u00e9gr\u00e9s \u00e0 la coque, plus options d\u2019accessoires : spoiler arri\u00e8re r\u00e9glable et spoiler avant de mentonni\u00e8re<\/span><\/li>\n<li style=\"font-weight: 400;\" aria-level=\"1\"><b>TRI-Tech Air System<\/b><span style=\"font-weight: 400;\"> \u2013 Entr\u00e9es r\u00e9glables sur le dessus du casque et les deux c\u00f4t\u00e9s de la mentonni\u00e8re pour air naturel, air forc\u00e9 ou bouchons d\u2019air \u2013 le syst\u00e8me d\u2019air le plus polyvalent du march\u00e9<\/span><\/li>\n<li style=\"font-weight: 400;\" aria-level=\"1\"><b>Int\u00e9rieur Plush s\u00e9rie 28<\/b><span style=\"font-weight: 400;\"> \u2013 Mousses de joues et coiffe ultra-douces, amovibles, lavables et ignifug\u00e9es<\/span><\/li>\n<li style=\"font-weight: 400;\" aria-level=\"1\"><b>Visi\u00e8re antibu\u00e9e transparente s\u00e9rie Z-20<\/b><span style=\"font-weight: 400;\"> \u2013 \u00c9quip\u00e9e de supports de tear-off r\u00e9glables, compatible avec les tear-offs de type \u00ab banana \u00bb 12.125&Prime; ou les tear-offs Z Optics P208Z<\/span><\/li>\n<li style=\"font-weight: 400;\" aria-level=\"1\"><b>Pr\u00eat pour l\u2019hydratation<\/b><span style=\"font-weight: 400;\"> \u2013 Port d\u2019hydratation central int\u00e9gr\u00e9 \u00e0 la mentonni\u00e8re avec bouchon amovible<\/span><\/li>\n<li style=\"font-weight: 400;\" aria-level=\"1\"><b>Pr\u00eat pour l\u2019audio<\/b><span style=\"font-weight: 400;\"> \u2013 Comprend des oreillettes et des coussinets pour une r\u00e9duction du bruit et une int\u00e9gration facile de la communication<\/span><\/li>\n<li style=\"font-weight: 400;\" aria-level=\"1\"><b>Inserts M6<\/b><span style=\"font-weight: 400;\"> \u2013 Compatible avec les syst\u00e8mes de retenue t\u00eate et cou<\/span><\/li>\n<li style=\"font-weight: 400;\" aria-level=\"1\"><b>Approuv\u00e9 Snell SA2025<\/b><\/li>\n<\/ul>\n<p>Comme c&rsquo;est souvent le cas dans le sport automobile, nos tailles varient en fonction du mod\u00e8le de casque. Pour en savoir plus sur la taille de votre casque, <a href=\"https:\/\/zamphelmets.co\/fr\/comment-choisir-la-bonne-taille-de-casque\/\">cliquez ici<\/a>.<\/p>\n<p><a href=\"https:\/\/zamphelmets.cohomologation-explained\/\"><strong>Homologation expliqu\u00e9e<\/strong> \u2013 d\u00e9couvrez de quelle homologation vous avez besoin<\/a><\/p>\n<p><a href=\"https:\/\/zamphelmets.co\/fr\/poteaux-hans-dispositifs-hans-et-fhr\/\"><strong>Dispositif FHR \/ HANS<\/strong> \u2013 quand est-il requis ?<\/a><\/p>\n<p><img decoding=\"async\" class=\"alignnone wp-image-15017 lazyload\" data-src=\"https:\/\/zamphelmets.eu\/wp-content\/uploads\/2025\/06\/Zamp-Helmets-sizing-guide-4166-x-4166-px-600x600-1.png\" alt=\"\" width=\"494\" height=\"494\" src=\"data:image\/svg+xml;base64,PHN2ZyB3aWR0aD0iMSIgaGVpZ2h0PSIxIiB4bWxucz0iaHR0cDovL3d3dy53My5vcmcvMjAwMC9zdmciPjwvc3ZnPg==\" style=\"--smush-placeholder-width: 494px; --smush-placeholder-aspect-ratio: 494\/494;\"><\/p>\n","protected":false},"excerpt":{"rendered":"<p>D\u00e9couvrez le tout nouveau Zamp RZ-66C \u2014 le casque haute performance ultime con\u00e7u pour les pilotes exigeant l\u00e9g\u00e8ret\u00e9, confort, ventilation d\u2019\u00e9lite et pr\u00e9cision a\u00e9rodynamique. Con\u00e7u pour l\u2019endurance et la vitesse, le RZ-66C allie technologie de pointe et polyvalence pour vous aider \u00e0 rester au frais, concentr\u00e9 et rapide ; \u00e0 chaque tour, \u00e0 chaque instant. [&hellip;]<\/p>\n","protected":false},"featured_media":137897,"comment_status":"open","ping_status":"closed","template":"","meta":{"_acf_changed":false,"_iconic_wsb_product_page_order_bump_ids":[[]],"_sku":[],"_iconic_wsb_product_page_bump_modal_ids":[[]]},"product_brand":[],"product_cat":[142,235,476,141],"product_tag":[],"class_list":{"0":"post-204988","1":"product","2":"type-product","3":"status-publish","4":"has-post-thumbnail","6":"product_cat-casques-zamp","7":"product_cat-sans-categorie","8":"product_cat-snell-2025","9":"product_cat-zamp-fr","11":"first","12":"onbackorder","13":"taxable","14":"shipping-taxable","15":"purchasable","16":"product-type-variable"},"acf":[],"yoast_head":"<!-- This site is optimized with the Yoast SEO plugin v27.0 - https:\/\/yoast.com\/product\/yoast-seo-wordpress\/ -->\n<title>RZ 66C Carbon - Zamp Helmets | Helmet 28 EU<\/title>\n<meta name=\"description\" content=\"Casque Zamp RZ-66C \u2013 coque en m\u00e9lange de carbone, refroidissement DDAIR-SYSTEM, TRI-Tech Air System, pr\u00eat pour l\u2019hydratation et certifi\u00e9 Snell SA2025.\" \/>\n<meta name=\"robots\" content=\"index, follow, max-snippet:-1, max-image-preview:large, max-video-preview:-1\" \/>\n<link rel=\"canonical\" href=\"https:\/\/zamphelmets.co\/fr\/produit\/rz-66c-carbon\/\" \/>\n<meta property=\"og:locale\" content=\"fr_FR\" \/>\n<meta property=\"og:type\" content=\"article\" \/>\n<meta property=\"og:title\" content=\"RZ 66C Carbon - Zamp Helmets | Helmet 28 EU\" \/>\n<meta property=\"og:description\" content=\"Casque Zamp RZ-66C \u2013 coque en m\u00e9lange de carbone, refroidissement DDAIR-SYSTEM, TRI-Tech Air System, pr\u00eat pour l\u2019hydratation et certifi\u00e9 Snell SA2025.\" \/>\n<meta property=\"og:url\" content=\"https:\/\/zamphelmets.co\/fr\/produit\/rz-66c-carbon\/\" \/>\n<meta property=\"og:site_name\" content=\"Zamp Helmets | Helmet 28 EU\" \/>\n<meta property=\"article:modified_time\" content=\"2026-04-27T11:36:03+00:00\" \/>\n<meta property=\"og:image\" content=\"https:\/\/zamphelmets.co\/wp-content\/uploads\/2025\/10\/123213.png\" \/>\n\t<meta property=\"og:image:width\" content=\"663\" \/>\n\t<meta property=\"og:image:height\" content=\"621\" \/>\n\t<meta property=\"og:image:type\" content=\"image\/png\" \/>\n<meta name=\"twitter:card\" content=\"summary_large_image\" \/>\n<meta name=\"twitter:label1\" content=\"Est. reading time\" \/>\n\t<meta name=\"twitter:data1\" content=\"2 minutes\" \/>\n<script type=\"application\/ld+json\" class=\"yoast-schema-graph\">{\"@context\":\"https:\/\/schema.org\",\"@graph\":[{\"@type\":\"WebPage\",\"@id\":\"https:\/\/zamphelmets.co\/fr\/produit\/rz-66c-carbon\/\",\"url\":\"https:\/\/zamphelmets.co\/fr\/produit\/rz-66c-carbon\/\",\"name\":\"RZ 66C Carbon - Zamp Helmets | Helmet 28 EU\",\"isPartOf\":{\"@id\":\"https:\/\/zamphelmets.co\/fr\/#website\"},\"primaryImageOfPage\":{\"@id\":\"https:\/\/zamphelmets.co\/fr\/produit\/rz-66c-carbon\/#primaryimage\"},\"image\":{\"@id\":\"https:\/\/zamphelmets.co\/fr\/produit\/rz-66c-carbon\/#primaryimage\"},\"thumbnailUrl\":\"https:\/\/zamphelmets.co\/wp-content\/uploads\/2025\/10\/123213.png\",\"datePublished\":\"2025-10-29T15:13:59+00:00\",\"dateModified\":\"2026-04-27T11:36:03+00:00\",\"description\":\"Casque Zamp RZ-66C \u2013 coque en m\u00e9lange de carbone, refroidissement DDAIR-SYSTEM, TRI-Tech Air System, pr\u00eat pour l\u2019hydratation et certifi\u00e9 Snell SA2025.\",\"breadcrumb\":{\"@id\":\"https:\/\/zamphelmets.co\/fr\/produit\/rz-66c-carbon\/#breadcrumb\"},\"inLanguage\":\"fr-FR\",\"potentialAction\":[{\"@type\":\"ReadAction\",\"target\":[\"https:\/\/zamphelmets.co\/fr\/produit\/rz-66c-carbon\/\"]}]},{\"@type\":\"ImageObject\",\"inLanguage\":\"fr-FR\",\"@id\":\"https:\/\/zamphelmets.co\/fr\/produit\/rz-66c-carbon\/#primaryimage\",\"url\":\"https:\/\/zamphelmets.co\/wp-content\/uploads\/2025\/10\/123213.png\",\"contentUrl\":\"https:\/\/zamphelmets.co\/wp-content\/uploads\/2025\/10\/123213.png\",\"width\":663,\"height\":621},{\"@type\":\"BreadcrumbList\",\"@id\":\"https:\/\/zamphelmets.co\/fr\/produit\/rz-66c-carbon\/#breadcrumb\",\"itemListElement\":[{\"@type\":\"ListItem\",\"position\":1,\"name\":\"Boutique\",\"item\":\"https:\/\/zamphelmets.co\/fr\/boutique\/\"},{\"@type\":\"ListItem\",\"position\":2,\"name\":\"RZ 66C Carbon\"}]},{\"@type\":\"WebSite\",\"@id\":\"https:\/\/zamphelmets.co\/fr\/#website\",\"url\":\"https:\/\/zamphelmets.co\/fr\/\",\"name\":\"Zamp Helmets | Helmet 28 EU\",\"description\":\"High Quality Motorsport Helmets\",\"potentialAction\":[{\"@type\":\"SearchAction\",\"target\":{\"@type\":\"EntryPoint\",\"urlTemplate\":\"https:\/\/zamphelmets.co\/fr\/?s={search_term_string}\"},\"query-input\":{\"@type\":\"PropertyValueSpecification\",\"valueRequired\":true,\"valueName\":\"search_term_string\"}}],\"inLanguage\":\"fr-FR\"}]}<\/script>\n<!-- \/ Yoast SEO plugin. -->","yoast_head_json":{"title":"RZ 66C Carbon - Zamp Helmets | Helmet 28 EU","description":"Casque Zamp RZ-66C \u2013 coque en m\u00e9lange de carbone, refroidissement DDAIR-SYSTEM, TRI-Tech Air System, pr\u00eat pour l\u2019hydratation et certifi\u00e9 Snell SA2025.","robots":{"index":"index","follow":"follow","max-snippet":"max-snippet:-1","max-image-preview":"max-image-preview:large","max-video-preview":"max-video-preview:-1"},"canonical":"https:\/\/zamphelmets.co\/fr\/produit\/rz-66c-carbon\/","og_locale":"fr_FR","og_type":"article","og_title":"RZ 66C Carbon - Zamp Helmets | Helmet 28 EU","og_description":"Casque Zamp RZ-66C \u2013 coque en m\u00e9lange de carbone, refroidissement DDAIR-SYSTEM, TRI-Tech Air System, pr\u00eat pour l\u2019hydratation et certifi\u00e9 Snell SA2025.","og_url":"https:\/\/zamphelmets.co\/fr\/produit\/rz-66c-carbon\/","og_site_name":"Zamp Helmets | Helmet 28 EU","article_modified_time":"2026-04-27T11:36:03+00:00","og_image":[{"width":663,"height":621,"url":"https:\/\/zamphelmets.co\/wp-content\/uploads\/2025\/10\/123213.png","type":"image\/png"}],"twitter_card":"summary_large_image","twitter_misc":{"Est. reading time":"2 minutes"},"schema":{"@context":"https:\/\/schema.org","@graph":[{"@type":"WebPage","@id":"https:\/\/zamphelmets.co\/fr\/produit\/rz-66c-carbon\/","url":"https:\/\/zamphelmets.co\/fr\/produit\/rz-66c-carbon\/","name":"RZ 66C Carbon - Zamp Helmets | Helmet 28 EU","isPartOf":{"@id":"https:\/\/zamphelmets.co\/fr\/#website"},"primaryImageOfPage":{"@id":"https:\/\/zamphelmets.co\/fr\/produit\/rz-66c-carbon\/#primaryimage"},"image":{"@id":"https:\/\/zamphelmets.co\/fr\/produit\/rz-66c-carbon\/#primaryimage"},"thumbnailUrl":"https:\/\/zamphelmets.co\/wp-content\/uploads\/2025\/10\/123213.png","datePublished":"2025-10-29T15:13:59+00:00","dateModified":"2026-04-27T11:36:03+00:00","description":"Casque Zamp RZ-66C \u2013 coque en m\u00e9lange de carbone, refroidissement DDAIR-SYSTEM, TRI-Tech Air System, pr\u00eat pour l\u2019hydratation et certifi\u00e9 Snell SA2025.","breadcrumb":{"@id":"https:\/\/zamphelmets.co\/fr\/produit\/rz-66c-carbon\/#breadcrumb"},"inLanguage":"fr-FR","potentialAction":[{"@type":"ReadAction","target":["https:\/\/zamphelmets.co\/fr\/produit\/rz-66c-carbon\/"]}]},{"@type":"ImageObject","inLanguage":"fr-FR","@id":"https:\/\/zamphelmets.co\/fr\/produit\/rz-66c-carbon\/#primaryimage","url":"https:\/\/zamphelmets.co\/wp-content\/uploads\/2025\/10\/123213.png","contentUrl":"https:\/\/zamphelmets.co\/wp-content\/uploads\/2025\/10\/123213.png","width":663,"height":621},{"@type":"BreadcrumbList","@id":"https:\/\/zamphelmets.co\/fr\/produit\/rz-66c-carbon\/#breadcrumb","itemListElement":[{"@type":"ListItem","position":1,"name":"Boutique","item":"https:\/\/zamphelmets.co\/fr\/boutique\/"},{"@type":"ListItem","position":2,"name":"RZ 66C Carbon"}]},{"@type":"WebSite","@id":"https:\/\/zamphelmets.co\/fr\/#website","url":"https:\/\/zamphelmets.co\/fr\/","name":"Zamp Helmets | Helmet 28 EU","description":"High Quality Motorsport Helmets","potentialAction":[{"@type":"SearchAction","target":{"@type":"EntryPoint","urlTemplate":"https:\/\/zamphelmets.co\/fr\/?s={search_term_string}"},"query-input":{"@type":"PropertyValueSpecification","valueRequired":true,"valueName":"search_term_string"}}],"inLanguage":"fr-FR"}]}},"_links":{"self":[{"href":"https:\/\/zamphelmets.co\/fr\/wp-json\/wp\/v2\/product\/204988","targetHints":{"allow":["GET"]}}],"collection":[{"href":"https:\/\/zamphelmets.co\/fr\/wp-json\/wp\/v2\/product"}],"about":[{"href":"https:\/\/zamphelmets.co\/fr\/wp-json\/wp\/v2\/types\/product"}],"replies":[{"embeddable":true,"href":"https:\/\/zamphelmets.co\/fr\/wp-json\/wp\/v2\/comments?post=204988"}],"wp:featuredmedia":[{"embeddable":true,"href":"https:\/\/zamphelmets.co\/fr\/wp-json\/wp\/v2\/media\/137897"}],"wp:attachment":[{"href":"https:\/\/zamphelmets.co\/fr\/wp-json\/wp\/v2\/media?parent=204988"}],"wp:term":[{"taxonomy":"product_brand","embeddable":true,"href":"https:\/\/zamphelmets.co\/fr\/wp-json\/wp\/v2\/product_brand?post=204988"},{"taxonomy":"product_cat","embeddable":true,"href":"https:\/\/zamphelmets.co\/fr\/wp-json\/wp\/v2\/product_cat?post=204988"},{"taxonomy":"product_tag","embeddable":true,"href":"https:\/\/zamphelmets.co\/fr\/wp-json\/wp\/v2\/product_tag?post=204988"}],"curies":[{"name":"wp","href":"https:\/\/api.w.org\/{rel}","templated":true}]}}