{"id":204924,"date":"2026-01-26T11:24:06","date_gmt":"2026-01-26T11:24:06","guid":{"rendered":"https:\/\/zamphelmets.co\/product\/sourire-pour-gagner-arc-en-ciel\/"},"modified":"2026-03-01T12:24:22","modified_gmt":"2026-03-01T12:24:22","slug":"sourire-pour-gagner-arc-en-ciel","status":"publish","type":"product","link":"https:\/\/zamphelmets.co\/fr\/produit\/sourire-pour-gagner-arc-en-ciel\/","title":{"rendered":"SOURIRE POUR GAGNER &#8211; Arc-en-ciel"},"content":{"rendered":"<p><strong>Suivez le doigt rouge \u2013 La nouvelle g\u00e9n\u00e9ration de gants de karting premium<\/strong><\/p>\n<p>D\u00e9couvrez la toute nouvelle <strong>collection Smile to Win de 32Five<\/strong> \u2014 une fusion audacieuse de performance, de confort et de personnalit\u00e9, con\u00e7ue pour les pilotes exigeants. Destin\u00e9s aux professionnels comme aux passionn\u00e9s de karting, ces gants de course haut de gamme allient mat\u00e9riaux de pointe et style incomparable 32Five. <\/p>\n<p>Chaque paire arbore le <strong>bout de l\u2019index rouge embl\u00e9matique<\/strong>, des <strong>coutures ext\u00e9rieures de pr\u00e9cision<\/strong> et une <strong>coupe ergonomique pr\u00e9-courb\u00e9e<\/strong> pour un confort et un contr\u00f4le sup\u00e9rieurs. Le tissu respirant sur le dessus garde vos mains au frais sous la pression, tandis que la technologie de paume DriveSkin offre une adh\u00e9rence, un ressenti et une durabilit\u00e9 in\u00e9gal\u00e9s au volant. <\/p>\n<p>Que vous visiez le podium ou perfectionniez vos trajectoires, les gants 32Five sont faits pour performer, se d\u00e9marquer et durer.<\/p>\n<ul>\n<li><strong>Coutures externes<\/strong> \u2013 Moins de points de pression et de frottements pour un confort et une endurance maximum.<\/li>\n<li><strong>Tissu sup\u00e9rieur respirant<\/strong> \u2013 L\u00e9ger, doux et frais, avec des couleurs \u00e0 fort impact qui ne passent pas inaper\u00e7ues.<\/li>\n<li><strong>Technologie DriveSkin sur la paume<\/strong> \u2013 Adh\u00e9rence renforc\u00e9e, meilleur ressenti de direction et r\u00e9sistance \u00e0 l\u2019usure pour un contr\u00f4le ultime.<\/li>\n<li><strong>Coupe ergonomique pr\u00e9-courb\u00e9e<\/strong> \u2013 Accompagne la position naturelle de la main pour plus de pr\u00e9cision et de concentration \u00e0 chaque tour.<\/li>\n<li><strong>Disponible des tailles XXXSmall \u00e0 Large<\/strong><\/li>\n<\/ul>\n<p><strong>Souriez. Donnez tout. Gagnez avec 32Five.  <\/strong><\/p>\n<p><img decoding=\"async\" class=\"alignnone wp-image-222671 lazyload\" data-src=\"https:\/\/zamphelmets.co\/wp-content\/uploads\/2026\/01\/32F-SizeGuide-25-V1-scaled.webp\" alt=\"\" width=\"573\" height=\"308\" data-srcset=\"https:\/\/zamphelmets.co\/wp-content\/uploads\/2026\/01\/32F-SizeGuide-25-V1-scaled.webp 2560w, https:\/\/zamphelmets.co\/wp-content\/uploads\/2026\/01\/32F-SizeGuide-25-V1-300x161.webp 300w, https:\/\/zamphelmets.co\/wp-content\/uploads\/2026\/01\/32F-SizeGuide-25-V1-1024x551.webp 1024w, https:\/\/zamphelmets.co\/wp-content\/uploads\/2026\/01\/32F-SizeGuide-25-V1-768x413.webp 768w, https:\/\/zamphelmets.co\/wp-content\/uploads\/2026\/01\/32F-SizeGuide-25-V1-1536x826.webp 1536w, https:\/\/zamphelmets.co\/wp-content\/uploads\/2026\/01\/32F-SizeGuide-25-V1-2048x1101.webp 2048w, https:\/\/zamphelmets.co\/wp-content\/uploads\/2026\/01\/32F-SizeGuide-25-V1-600x323.webp 600w\" data-sizes=\"(max-width: 573px) 100vw, 573px\" src=\"data:image\/svg+xml;base64,PHN2ZyB3aWR0aD0iMSIgaGVpZ2h0PSIxIiB4bWxucz0iaHR0cDovL3d3dy53My5vcmcvMjAwMC9zdmciPjwvc3ZnPg==\" style=\"--smush-placeholder-width: 573px; --smush-placeholder-aspect-ratio: 573\/308;\" \/><\/p>\n","protected":false},"excerpt":{"rendered":"<p>Suivez le doigt rouge \u2013 La nouvelle g\u00e9n\u00e9ration de gants de karting premium D\u00e9couvrez la toute nouvelle collection Smile to Win de 32Five \u2014 une fusion audacieuse de performance, de confort et de personnalit\u00e9, con\u00e7ue pour les pilotes exigeants. Destin\u00e9s aux professionnels comme aux passionn\u00e9s de karting, ces gants de course haut de gamme allient [&hellip;]<\/p>\n","protected":false},"featured_media":189821,"comment_status":"open","ping_status":"closed","template":"","meta":{"_acf_changed":false,"_iconic_wsb_product_page_order_bump_ids":[[]],"_sku":[],"_iconic_wsb_product_page_bump_modal_ids":[[]]},"product_brand":[],"product_cat":[486,194,193],"product_tag":[],"class_list":{"0":"post-204924","1":"product","2":"type-product","3":"status-publish","4":"has-post-thumbnail","6":"product_cat-32five","7":"product_cat-gants","8":"product_cat-protection-vetements","10":"first","11":"instock","12":"taxable","13":"shipping-taxable","14":"purchasable","15":"product-type-variable"},"acf":[],"yoast_head":"<!-- This site is optimized with the Yoast SEO plugin v27.0 - https:\/\/yoast.com\/product\/yoast-seo-wordpress\/ -->\n<title>32Five SOURIRE POUR GAGNER - Arc-en-ciel - Gants de karting premium<\/title>\n<meta name=\"description\" content=\"Gants de karting premium 32Five avec paume DriveSkin, tissu respirant et coupe ergonomique. Con\u00e7us pour la performance, le confort et le contr\u00f4le.\" \/>\n<meta name=\"robots\" content=\"index, follow, max-snippet:-1, max-image-preview:large, max-video-preview:-1\" \/>\n<link rel=\"canonical\" href=\"https:\/\/zamphelmets.co\/fr\/produit\/sourire-pour-gagner-arc-en-ciel\/\" \/>\n<meta property=\"og:locale\" content=\"fr_FR\" \/>\n<meta property=\"og:type\" content=\"article\" \/>\n<meta property=\"og:title\" content=\"32Five SOURIRE POUR GAGNER - Arc-en-ciel - Gants de karting premium\" \/>\n<meta property=\"og:description\" content=\"Gants de karting premium 32Five avec paume DriveSkin, tissu respirant et coupe ergonomique. Con\u00e7us pour la performance, le confort et le contr\u00f4le.\" \/>\n<meta property=\"og:url\" content=\"https:\/\/zamphelmets.co\/fr\/produit\/sourire-pour-gagner-arc-en-ciel\/\" \/>\n<meta property=\"og:site_name\" content=\"Zamp Helmets | Helmet 28 EU\" \/>\n<meta property=\"article:modified_time\" content=\"2026-03-01T12:24:22+00:00\" \/>\n<meta property=\"og:image\" content=\"https:\/\/zamphelmets.co\/wp-content\/uploads\/2026\/01\/smiletowin_rainbow.jpeg\" \/>\n\t<meta property=\"og:image:width\" content=\"989\" \/>\n\t<meta property=\"og:image:height\" content=\"1000\" \/>\n\t<meta property=\"og:image:type\" content=\"image\/jpeg\" \/>\n<meta name=\"twitter:card\" content=\"summary_large_image\" \/>\n<meta name=\"twitter:label1\" content=\"Est. reading time\" \/>\n\t<meta name=\"twitter:data1\" content=\"1 minute\" \/>\n<script type=\"application\/ld+json\" class=\"yoast-schema-graph\">{\"@context\":\"https:\/\/schema.org\",\"@graph\":[{\"@type\":\"WebPage\",\"@id\":\"https:\/\/zamphelmets.co\/fr\/produit\/sourire-pour-gagner-arc-en-ciel\/\",\"url\":\"https:\/\/zamphelmets.co\/fr\/produit\/sourire-pour-gagner-arc-en-ciel\/\",\"name\":\"32Five SOURIRE POUR GAGNER - Arc-en-ciel - Gants de karting premium\",\"isPartOf\":{\"@id\":\"https:\/\/zamphelmets.co\/fr\/#website\"},\"primaryImageOfPage\":{\"@id\":\"https:\/\/zamphelmets.co\/fr\/produit\/sourire-pour-gagner-arc-en-ciel\/#primaryimage\"},\"image\":{\"@id\":\"https:\/\/zamphelmets.co\/fr\/produit\/sourire-pour-gagner-arc-en-ciel\/#primaryimage\"},\"thumbnailUrl\":\"https:\/\/zamphelmets.co\/wp-content\/uploads\/2026\/01\/smiletowin_rainbow.jpeg\",\"datePublished\":\"2026-01-26T11:24:06+00:00\",\"dateModified\":\"2026-03-01T12:24:22+00:00\",\"description\":\"Gants de karting premium 32Five avec paume DriveSkin, tissu respirant et coupe ergonomique. Con\u00e7us pour la performance, le confort et le contr\u00f4le.\",\"breadcrumb\":{\"@id\":\"https:\/\/zamphelmets.co\/fr\/produit\/sourire-pour-gagner-arc-en-ciel\/#breadcrumb\"},\"inLanguage\":\"fr-FR\",\"potentialAction\":[{\"@type\":\"ReadAction\",\"target\":[\"https:\/\/zamphelmets.co\/fr\/produit\/sourire-pour-gagner-arc-en-ciel\/\"]}]},{\"@type\":\"ImageObject\",\"inLanguage\":\"fr-FR\",\"@id\":\"https:\/\/zamphelmets.co\/fr\/produit\/sourire-pour-gagner-arc-en-ciel\/#primaryimage\",\"url\":\"https:\/\/zamphelmets.co\/wp-content\/uploads\/2026\/01\/smiletowin_rainbow.jpeg\",\"contentUrl\":\"https:\/\/zamphelmets.co\/wp-content\/uploads\/2026\/01\/smiletowin_rainbow.jpeg\",\"width\":989,\"height\":1000},{\"@type\":\"BreadcrumbList\",\"@id\":\"https:\/\/zamphelmets.co\/fr\/produit\/sourire-pour-gagner-arc-en-ciel\/#breadcrumb\",\"itemListElement\":[{\"@type\":\"ListItem\",\"position\":1,\"name\":\"Boutique\",\"item\":\"https:\/\/zamphelmets.co\/fr\/boutique\/\"},{\"@type\":\"ListItem\",\"position\":2,\"name\":\"SOURIRE POUR GAGNER &#8211; Arc-en-ciel\"}]},{\"@type\":\"WebSite\",\"@id\":\"https:\/\/zamphelmets.co\/fr\/#website\",\"url\":\"https:\/\/zamphelmets.co\/fr\/\",\"name\":\"Zamp Helmets | Helmet 28 EU\",\"description\":\"High Quality Motorsport Helmets\",\"potentialAction\":[{\"@type\":\"SearchAction\",\"target\":{\"@type\":\"EntryPoint\",\"urlTemplate\":\"https:\/\/zamphelmets.co\/fr\/?s={search_term_string}\"},\"query-input\":{\"@type\":\"PropertyValueSpecification\",\"valueRequired\":true,\"valueName\":\"search_term_string\"}}],\"inLanguage\":\"fr-FR\"}]}<\/script>\n<!-- \/ Yoast SEO plugin. -->","yoast_head_json":{"title":"32Five SOURIRE POUR GAGNER - Arc-en-ciel - Gants de karting premium","description":"Gants de karting premium 32Five avec paume DriveSkin, tissu respirant et coupe ergonomique. Con\u00e7us pour la performance, le confort et le contr\u00f4le.","robots":{"index":"index","follow":"follow","max-snippet":"max-snippet:-1","max-image-preview":"max-image-preview:large","max-video-preview":"max-video-preview:-1"},"canonical":"https:\/\/zamphelmets.co\/fr\/produit\/sourire-pour-gagner-arc-en-ciel\/","og_locale":"fr_FR","og_type":"article","og_title":"32Five SOURIRE POUR GAGNER - Arc-en-ciel - Gants de karting premium","og_description":"Gants de karting premium 32Five avec paume DriveSkin, tissu respirant et coupe ergonomique. Con\u00e7us pour la performance, le confort et le contr\u00f4le.","og_url":"https:\/\/zamphelmets.co\/fr\/produit\/sourire-pour-gagner-arc-en-ciel\/","og_site_name":"Zamp Helmets | Helmet 28 EU","article_modified_time":"2026-03-01T12:24:22+00:00","og_image":[{"width":989,"height":1000,"url":"https:\/\/zamphelmets.co\/wp-content\/uploads\/2026\/01\/smiletowin_rainbow.jpeg","type":"image\/jpeg"}],"twitter_card":"summary_large_image","twitter_misc":{"Est. reading time":"1 minute"},"schema":{"@context":"https:\/\/schema.org","@graph":[{"@type":"WebPage","@id":"https:\/\/zamphelmets.co\/fr\/produit\/sourire-pour-gagner-arc-en-ciel\/","url":"https:\/\/zamphelmets.co\/fr\/produit\/sourire-pour-gagner-arc-en-ciel\/","name":"32Five SOURIRE POUR GAGNER - Arc-en-ciel - Gants de karting premium","isPartOf":{"@id":"https:\/\/zamphelmets.co\/fr\/#website"},"primaryImageOfPage":{"@id":"https:\/\/zamphelmets.co\/fr\/produit\/sourire-pour-gagner-arc-en-ciel\/#primaryimage"},"image":{"@id":"https:\/\/zamphelmets.co\/fr\/produit\/sourire-pour-gagner-arc-en-ciel\/#primaryimage"},"thumbnailUrl":"https:\/\/zamphelmets.co\/wp-content\/uploads\/2026\/01\/smiletowin_rainbow.jpeg","datePublished":"2026-01-26T11:24:06+00:00","dateModified":"2026-03-01T12:24:22+00:00","description":"Gants de karting premium 32Five avec paume DriveSkin, tissu respirant et coupe ergonomique. Con\u00e7us pour la performance, le confort et le contr\u00f4le.","breadcrumb":{"@id":"https:\/\/zamphelmets.co\/fr\/produit\/sourire-pour-gagner-arc-en-ciel\/#breadcrumb"},"inLanguage":"fr-FR","potentialAction":[{"@type":"ReadAction","target":["https:\/\/zamphelmets.co\/fr\/produit\/sourire-pour-gagner-arc-en-ciel\/"]}]},{"@type":"ImageObject","inLanguage":"fr-FR","@id":"https:\/\/zamphelmets.co\/fr\/produit\/sourire-pour-gagner-arc-en-ciel\/#primaryimage","url":"https:\/\/zamphelmets.co\/wp-content\/uploads\/2026\/01\/smiletowin_rainbow.jpeg","contentUrl":"https:\/\/zamphelmets.co\/wp-content\/uploads\/2026\/01\/smiletowin_rainbow.jpeg","width":989,"height":1000},{"@type":"BreadcrumbList","@id":"https:\/\/zamphelmets.co\/fr\/produit\/sourire-pour-gagner-arc-en-ciel\/#breadcrumb","itemListElement":[{"@type":"ListItem","position":1,"name":"Boutique","item":"https:\/\/zamphelmets.co\/fr\/boutique\/"},{"@type":"ListItem","position":2,"name":"SOURIRE POUR GAGNER &#8211; Arc-en-ciel"}]},{"@type":"WebSite","@id":"https:\/\/zamphelmets.co\/fr\/#website","url":"https:\/\/zamphelmets.co\/fr\/","name":"Zamp Helmets | Helmet 28 EU","description":"High Quality Motorsport Helmets","potentialAction":[{"@type":"SearchAction","target":{"@type":"EntryPoint","urlTemplate":"https:\/\/zamphelmets.co\/fr\/?s={search_term_string}"},"query-input":{"@type":"PropertyValueSpecification","valueRequired":true,"valueName":"search_term_string"}}],"inLanguage":"fr-FR"}]}},"_links":{"self":[{"href":"https:\/\/zamphelmets.co\/fr\/wp-json\/wp\/v2\/product\/204924","targetHints":{"allow":["GET"]}}],"collection":[{"href":"https:\/\/zamphelmets.co\/fr\/wp-json\/wp\/v2\/product"}],"about":[{"href":"https:\/\/zamphelmets.co\/fr\/wp-json\/wp\/v2\/types\/product"}],"replies":[{"embeddable":true,"href":"https:\/\/zamphelmets.co\/fr\/wp-json\/wp\/v2\/comments?post=204924"}],"wp:featuredmedia":[{"embeddable":true,"href":"https:\/\/zamphelmets.co\/fr\/wp-json\/wp\/v2\/media\/189821"}],"wp:attachment":[{"href":"https:\/\/zamphelmets.co\/fr\/wp-json\/wp\/v2\/media?parent=204924"}],"wp:term":[{"taxonomy":"product_brand","embeddable":true,"href":"https:\/\/zamphelmets.co\/fr\/wp-json\/wp\/v2\/product_brand?post=204924"},{"taxonomy":"product_cat","embeddable":true,"href":"https:\/\/zamphelmets.co\/fr\/wp-json\/wp\/v2\/product_cat?post=204924"},{"taxonomy":"product_tag","embeddable":true,"href":"https:\/\/zamphelmets.co\/fr\/wp-json\/wp\/v2\/product_tag?post=204924"}],"curies":[{"name":"wp","href":"https:\/\/api.w.org\/{rel}","templated":true}]}}