{"id":203680,"date":"2025-05-14T11:50:07","date_gmt":"2025-05-14T11:50:07","guid":{"rendered":"https:\/\/zamphelmets.co\/product\/autocollant-zamp-noir\/"},"modified":"2025-05-14T11:50:07","modified_gmt":"2025-05-14T11:50:07","slug":"autocollant-zamp-noir","status":"publish","type":"product","link":"https:\/\/zamphelmets.co\/fr\/produit\/autocollant-zamp-noir\/","title":{"rendered":"Autocollant Zamp noir"},"content":{"rendered":"<p>Ajoutez un peu de style \u00e0 votre voiture, votre kart, votre casque ou tout ce qui vous pla\u00eet avec l&rsquo;autocollant officiel de Zamp. Facile \u00e0 appliquer et super durable, l&rsquo;autocollant Zamp est magnifique o\u00f9 que vous choisissiez de le placer. Montrez votre soutien \u00e0 l&rsquo;\u00e9quipe Zamp et obtenez le look complet du jour de la course.  <\/p>\n<p style=\"margin: 0cm; font-size: 16px; font-family: Aptos, sans-serif; font-style: normal; font-weight: 400; text-align: start; text-decoration: none;\"><span style=\"font-size: 15px;\">1 x <span style=\"font-size: 15px;\">Autocollant<\/span> noir 23,1 cm x 6,1 cm<\/span><\/p>\n<p style=\"margin: 0cm; font-size: 16px; font-family: Aptos, sans-serif; font-style: normal; font-weight: 400; text-align: start; text-decoration: none;\">\n<p>&nbsp;<\/p>\n","protected":false},"excerpt":{"rendered":"<p>Ajoutez un peu de style \u00e0 votre voiture, votre kart, votre casque ou tout ce qui vous pla\u00eet avec l&rsquo;autocollant officiel de Zamp. Facile \u00e0 appliquer et super durable, l&rsquo;autocollant Zamp est magnifique o\u00f9 que vous choisissiez de le placer. Montrez votre soutien \u00e0 l&rsquo;\u00e9quipe Zamp et obtenez le look complet du jour de la [&hellip;]<\/p>\n","protected":false},"featured_media":63077,"comment_status":"open","ping_status":"closed","template":"","meta":{"_acf_changed":false,"_iconic_wsb_product_page_order_bump_ids":[[]],"_sku":["ZSB"],"_iconic_wsb_product_page_bump_modal_ids":[[]]},"product_brand":[],"product_cat":[170,223],"product_tag":[],"class_list":{"0":"post-203680","1":"product","2":"type-product","3":"status-publish","4":"has-post-thumbnail","6":"product_cat-accessoires-fr","7":"product_cat-autre","9":"first","10":"instock","11":"taxable","12":"shipping-taxable","13":"purchasable","14":"product-type-simple"},"acf":[],"yoast_head":"<!-- This site is optimized with the Yoast SEO plugin v27.0 - https:\/\/yoast.com\/product\/yoast-seo-wordpress\/ -->\n<title>Autocollant Zamp noir - Zamp Helmets | Helmet 28 EU<\/title>\n<meta name=\"robots\" content=\"index, follow, max-snippet:-1, max-image-preview:large, max-video-preview:-1\" \/>\n<link rel=\"canonical\" href=\"https:\/\/zamphelmets.co\/fr\/produit\/autocollant-zamp-noir\/\" \/>\n<meta property=\"og:locale\" content=\"fr_FR\" \/>\n<meta property=\"og:type\" content=\"article\" \/>\n<meta property=\"og:title\" content=\"Autocollant Zamp noir - Zamp Helmets | Helmet 28 EU\" \/>\n<meta property=\"og:description\" content=\"Ajoutez un peu de style \u00e0 votre voiture, votre kart, votre casque ou tout ce qui vous pla\u00eet avec l&rsquo;autocollant officiel de Zamp. Facile \u00e0 appliquer et super durable, l&rsquo;autocollant Zamp est magnifique o\u00f9 que vous choisissiez de le placer. Montrez votre soutien \u00e0 l&rsquo;\u00e9quipe Zamp et obtenez le look complet du jour de la [&hellip;]\" \/>\n<meta property=\"og:url\" content=\"https:\/\/zamphelmets.co\/fr\/produit\/autocollant-zamp-noir\/\" \/>\n<meta property=\"og:site_name\" content=\"Zamp Helmets | Helmet 28 EU\" \/>\n<meta name=\"twitter:card\" content=\"summary_large_image\" \/>\n<script type=\"application\/ld+json\" class=\"yoast-schema-graph\">{\"@context\":\"https:\/\/schema.org\",\"@graph\":[{\"@type\":\"WebPage\",\"@id\":\"https:\/\/zamphelmets.co\/fr\/produit\/autocollant-zamp-noir\/\",\"url\":\"https:\/\/zamphelmets.co\/fr\/produit\/autocollant-zamp-noir\/\",\"name\":\"Autocollant Zamp noir - Zamp Helmets | Helmet 28 EU\",\"isPartOf\":{\"@id\":\"https:\/\/zamphelmets.co\/fr\/#website\"},\"primaryImageOfPage\":{\"@id\":\"https:\/\/zamphelmets.co\/fr\/produit\/autocollant-zamp-noir\/#primaryimage\"},\"image\":{\"@id\":\"https:\/\/zamphelmets.co\/fr\/produit\/autocollant-zamp-noir\/#primaryimage\"},\"thumbnailUrl\":\"https:\/\/zamphelmets.co\/wp-content\/uploads\/2025\/05\/a8f2d17bb4a7b6940beda5a3c5ea34749e199d94-pdf.jpg\",\"datePublished\":\"2025-05-14T11:50:07+00:00\",\"breadcrumb\":{\"@id\":\"https:\/\/zamphelmets.co\/fr\/produit\/autocollant-zamp-noir\/#breadcrumb\"},\"inLanguage\":\"fr-FR\",\"potentialAction\":[{\"@type\":\"ReadAction\",\"target\":[\"https:\/\/zamphelmets.co\/fr\/produit\/autocollant-zamp-noir\/\"]}]},{\"@type\":\"ImageObject\",\"inLanguage\":\"fr-FR\",\"@id\":\"https:\/\/zamphelmets.co\/fr\/produit\/autocollant-zamp-noir\/#primaryimage\",\"url\":\"https:\/\/zamphelmets.co\/wp-content\/uploads\/2025\/05\/a8f2d17bb4a7b6940beda5a3c5ea34749e199d94-pdf.jpg\",\"contentUrl\":\"https:\/\/zamphelmets.co\/wp-content\/uploads\/2025\/05\/a8f2d17bb4a7b6940beda5a3c5ea34749e199d94-pdf.jpg\"},{\"@type\":\"BreadcrumbList\",\"@id\":\"https:\/\/zamphelmets.co\/fr\/produit\/autocollant-zamp-noir\/#breadcrumb\",\"itemListElement\":[{\"@type\":\"ListItem\",\"position\":1,\"name\":\"Boutique\",\"item\":\"https:\/\/zamphelmets.co\/fr\/boutique\/\"},{\"@type\":\"ListItem\",\"position\":2,\"name\":\"Autocollant Zamp noir\"}]},{\"@type\":\"WebSite\",\"@id\":\"https:\/\/zamphelmets.co\/fr\/#website\",\"url\":\"https:\/\/zamphelmets.co\/fr\/\",\"name\":\"Zamp Helmets | Helmet 28 EU\",\"description\":\"High Quality Motorsport Helmets\",\"potentialAction\":[{\"@type\":\"SearchAction\",\"target\":{\"@type\":\"EntryPoint\",\"urlTemplate\":\"https:\/\/zamphelmets.co\/fr\/?s={search_term_string}\"},\"query-input\":{\"@type\":\"PropertyValueSpecification\",\"valueRequired\":true,\"valueName\":\"search_term_string\"}}],\"inLanguage\":\"fr-FR\"}]}<\/script>\n<!-- \/ Yoast SEO plugin. -->","yoast_head_json":{"title":"Autocollant Zamp noir - Zamp Helmets | Helmet 28 EU","robots":{"index":"index","follow":"follow","max-snippet":"max-snippet:-1","max-image-preview":"max-image-preview:large","max-video-preview":"max-video-preview:-1"},"canonical":"https:\/\/zamphelmets.co\/fr\/produit\/autocollant-zamp-noir\/","og_locale":"fr_FR","og_type":"article","og_title":"Autocollant Zamp noir - Zamp Helmets | Helmet 28 EU","og_description":"Ajoutez un peu de style \u00e0 votre voiture, votre kart, votre casque ou tout ce qui vous pla\u00eet avec l&rsquo;autocollant officiel de Zamp. Facile \u00e0 appliquer et super durable, l&rsquo;autocollant Zamp est magnifique o\u00f9 que vous choisissiez de le placer. Montrez votre soutien \u00e0 l&rsquo;\u00e9quipe Zamp et obtenez le look complet du jour de la [&hellip;]","og_url":"https:\/\/zamphelmets.co\/fr\/produit\/autocollant-zamp-noir\/","og_site_name":"Zamp Helmets | Helmet 28 EU","twitter_card":"summary_large_image","schema":{"@context":"https:\/\/schema.org","@graph":[{"@type":"WebPage","@id":"https:\/\/zamphelmets.co\/fr\/produit\/autocollant-zamp-noir\/","url":"https:\/\/zamphelmets.co\/fr\/produit\/autocollant-zamp-noir\/","name":"Autocollant Zamp noir - Zamp Helmets | Helmet 28 EU","isPartOf":{"@id":"https:\/\/zamphelmets.co\/fr\/#website"},"primaryImageOfPage":{"@id":"https:\/\/zamphelmets.co\/fr\/produit\/autocollant-zamp-noir\/#primaryimage"},"image":{"@id":"https:\/\/zamphelmets.co\/fr\/produit\/autocollant-zamp-noir\/#primaryimage"},"thumbnailUrl":"https:\/\/zamphelmets.co\/wp-content\/uploads\/2025\/05\/a8f2d17bb4a7b6940beda5a3c5ea34749e199d94-pdf.jpg","datePublished":"2025-05-14T11:50:07+00:00","breadcrumb":{"@id":"https:\/\/zamphelmets.co\/fr\/produit\/autocollant-zamp-noir\/#breadcrumb"},"inLanguage":"fr-FR","potentialAction":[{"@type":"ReadAction","target":["https:\/\/zamphelmets.co\/fr\/produit\/autocollant-zamp-noir\/"]}]},{"@type":"ImageObject","inLanguage":"fr-FR","@id":"https:\/\/zamphelmets.co\/fr\/produit\/autocollant-zamp-noir\/#primaryimage","url":"https:\/\/zamphelmets.co\/wp-content\/uploads\/2025\/05\/a8f2d17bb4a7b6940beda5a3c5ea34749e199d94-pdf.jpg","contentUrl":"https:\/\/zamphelmets.co\/wp-content\/uploads\/2025\/05\/a8f2d17bb4a7b6940beda5a3c5ea34749e199d94-pdf.jpg"},{"@type":"BreadcrumbList","@id":"https:\/\/zamphelmets.co\/fr\/produit\/autocollant-zamp-noir\/#breadcrumb","itemListElement":[{"@type":"ListItem","position":1,"name":"Boutique","item":"https:\/\/zamphelmets.co\/fr\/boutique\/"},{"@type":"ListItem","position":2,"name":"Autocollant Zamp noir"}]},{"@type":"WebSite","@id":"https:\/\/zamphelmets.co\/fr\/#website","url":"https:\/\/zamphelmets.co\/fr\/","name":"Zamp Helmets | Helmet 28 EU","description":"High Quality Motorsport Helmets","potentialAction":[{"@type":"SearchAction","target":{"@type":"EntryPoint","urlTemplate":"https:\/\/zamphelmets.co\/fr\/?s={search_term_string}"},"query-input":{"@type":"PropertyValueSpecification","valueRequired":true,"valueName":"search_term_string"}}],"inLanguage":"fr-FR"}]}},"_links":{"self":[{"href":"https:\/\/zamphelmets.co\/fr\/wp-json\/wp\/v2\/product\/203680","targetHints":{"allow":["GET"]}}],"collection":[{"href":"https:\/\/zamphelmets.co\/fr\/wp-json\/wp\/v2\/product"}],"about":[{"href":"https:\/\/zamphelmets.co\/fr\/wp-json\/wp\/v2\/types\/product"}],"replies":[{"embeddable":true,"href":"https:\/\/zamphelmets.co\/fr\/wp-json\/wp\/v2\/comments?post=203680"}],"wp:featuredmedia":[{"embeddable":true,"href":"https:\/\/zamphelmets.co\/fr\/wp-json\/wp\/v2\/media\/63077"}],"wp:attachment":[{"href":"https:\/\/zamphelmets.co\/fr\/wp-json\/wp\/v2\/media?parent=203680"}],"wp:term":[{"taxonomy":"product_brand","embeddable":true,"href":"https:\/\/zamphelmets.co\/fr\/wp-json\/wp\/v2\/product_brand?post=203680"},{"taxonomy":"product_cat","embeddable":true,"href":"https:\/\/zamphelmets.co\/fr\/wp-json\/wp\/v2\/product_cat?post=203680"},{"taxonomy":"product_tag","embeddable":true,"href":"https:\/\/zamphelmets.co\/fr\/wp-json\/wp\/v2\/product_tag?post=203680"}],"curies":[{"name":"wp","href":"https:\/\/api.w.org\/{rel}","templated":true}]}}