{"id":28413,"date":"2024-07-16T12:57:09","date_gmt":"2024-07-16T12:57:09","guid":{"rendered":"https:\/\/zamphelmets.co\/politique-en-matiere-de-confidentialite-et-de-cookies\/"},"modified":"2026-02-16T15:06:37","modified_gmt":"2026-02-16T15:06:37","slug":"politique-en-matiere-de-confidentialite-et-de-cookies","status":"publish","type":"page","link":"https:\/\/zamphelmets.co\/fr\/politique-en-matiere-de-confidentialite-et-de-cookies\/","title":{"rendered":"Politique en mati\u00e8re de confidentialit\u00e9 et de cookies"},"content":{"rendered":"<p>Nous nous engageons \u00e0 prot\u00e9ger la vie priv\u00e9e des visiteurs et des utilisateurs de notre site web ; cette politique d\u00e9finit la mani\u00e8re dont nous traiterons vos informations personnelles.<br \/>\nCette politique est divis\u00e9e en trois parties :<br \/>\n~ La partie A fournit des informations sur notre collecte et notre utilisation des informations personnelles ;<br \/>\n~ La partie B fournit des informations sur les cookies utilis\u00e9s sur ce site web ; et<br \/>\n~ La partie C contient des informations sur nous (y compris les coordonn\u00e9es).<br \/>\nEn utilisant notre site web et en acceptant cette politique, vous consentez \u00e0 ce que nous utilisions des cookies conform\u00e9ment aux termes de cette politique.<br \/>\nPARTIE A : VOS INFORMATIONS PERSONNELLES<br \/>\n(1) Quelles sont les informations que nous recueillons ?<br \/>\nNous pouvons collecter, stocker et utiliser les types d&rsquo;informations personnelles suivants :<br \/>\n(a) des informations sur votre ordinateur et sur vos visites et votre utilisation de ce site web (y compris votre adresse IP, votre localisation g\u00e9ographique, le type et la version de votre navigateur, votre syst\u00e8me d&rsquo;exploitation, la source de r\u00e9f\u00e9rence, la dur\u00e9e de la visite, les pages consult\u00e9es et la navigation sur le site web) ;<br \/>\n(b) les informations que vous nous fournissez pour vous inscrire, y compris les informations d&rsquo;inscription fournies (nom, adresse \u00e9lectronique, num\u00e9ro de t\u00e9l\u00e9phone mobile, num\u00e9ro de t\u00e9l\u00e9phone fixe, pays, r\u00e9gion, ville, adresse de la ville et adresse postale) ;<br \/>\n(d) les informations que vous nous fournissez pour vous abonner aux services de notre site web, aux notifications par courrier \u00e9lectronique et\/ou aux bulletins d&rsquo;information ;<br \/>\n(e) toute autre information que vous choisissez de nous envoyer (via le formulaire de contact par exemple) ;<br \/>\nAvant de nous communiquer les informations personnelles d&rsquo;une autre personne, vous devez obtenir le consentement de cette personne \u00e0 la fois pour la communication et pour le traitement de ces informations personnelles conform\u00e9ment aux termes de la pr\u00e9sente politique.<br \/>\n(2) Utilisation de vos informations personnelles<br \/>\nLes informations personnelles qui nous sont communiqu\u00e9es par l&rsquo;interm\u00e9diaire de ce site web seront utilis\u00e9es aux fins sp\u00e9cifi\u00e9es dans la pr\u00e9sente politique ou dans les parties pertinentes du site web.<br \/>\nNous pouvons utiliser vos informations personnelles pour :<br \/>\n(a) administrer le site web ;<br \/>\n(b) am\u00e9liorer votre exp\u00e9rience de navigation en personnalisant le site web ;<br \/>\n(c) vous permettre d&rsquo;utiliser les services disponibles sur le site web ;<br \/>\n(d) vous envoyer les notifications par courrier \u00e9lectronique que vous avez sp\u00e9cifiquement demand\u00e9es ;<br \/>\n(e) vous envoyer par courrier \u00e9lectronique notre lettre d&rsquo;information et d&rsquo;autres communications commerciales relatives \u00e0 nos activit\u00e9s et susceptibles de vous int\u00e9resser (vous pouvez vous d\u00e9sinscrire en cliquant sur le lien de d\u00e9sinscription figurant au bas de nos lettres d&rsquo;information \u00e9lectroniques) ;<br \/>\n(f) traiter les demandes de renseignements et les plaintes formul\u00e9es par vous ou \u00e0 votre sujet concernant le site web ;<br \/>\n(g) assurer la s\u00e9curit\u00e9 du site web et pr\u00e9venir la fraude ;<br \/>\n(h) v\u00e9rifier le respect des termes et conditions r\u00e9gissant l&rsquo;utilisation du site web (y compris le contr\u00f4le des messages priv\u00e9s envoy\u00e9s par le biais du service de messagerie priv\u00e9e de notre site web) ;<br \/>\nLorsque vous soumettez des informations personnelles pour publication sur notre site web, nous publierons et utiliserons ces informations conform\u00e9ment \u00e0 la licence que vous nous accordez.<br \/>\nVos param\u00e8tres de confidentialit\u00e9 peuvent \u00eatre utilis\u00e9s pour limiter la publication de vos informations sur le site web.<br \/>\nNous ne fournirons pas, sans votre consentement explicite, vos informations personnelles \u00e0 des tiers \u00e0 des fins de marketing direct.<br \/>\nToutes les transactions financi\u00e8res effectu\u00e9es sur notre site web sont trait\u00e9es par notre fournisseur de services de paiement, PayPal ou Stripe. Vous pouvez consulter la politique de confidentialit\u00e9 de PayPal \u00e0 l&rsquo;adresse www.paypal.com. Nous partagerons des informations avec PayPal uniquement dans la mesure n\u00e9cessaire au traitement des paiements que vous effectuez via notre site web, au remboursement de ces paiements et au traitement des plaintes et des questions relatives \u00e0 ces paiements et \u00e0 ces remboursements.<br \/>\n(3) Divulgations<br \/>\nNous pouvons divulguer vos informations personnelles \u00e0 l&rsquo;un de nos employ\u00e9s, dirigeants, agents, fournisseurs ou sous-traitants dans la mesure o\u00f9 cela est raisonnablement n\u00e9cessaire aux fins \u00e9nonc\u00e9es dans la pr\u00e9sente politique.<br \/>\nNous pouvons divulguer vos informations personnelles \u00e0 tout membre de notre groupe de soci\u00e9t\u00e9s (c&rsquo;est-\u00e0-dire nos filiales, notre soci\u00e9t\u00e9 holding ultime et toutes ses filiales) dans la mesure o\u00f9 cela est raisonnablement n\u00e9cessaire aux fins \u00e9nonc\u00e9es dans la pr\u00e9sente politique.<br \/>\nEn outre, nous pouvons divulguer vos informations personnelles :<br \/>\n(a) dans la mesure o\u00f9 la loi nous y oblige ;<br \/>\n(b) dans le cadre de toute proc\u00e9dure judiciaire en cours ou \u00e0 venir ;<br \/>\n(c) afin d&rsquo;\u00e9tablir, d&rsquo;exercer ou de d\u00e9fendre nos droits l\u00e9gaux (y compris la fourniture d&rsquo;informations \u00e0 des tiers \u00e0 des fins de pr\u00e9vention de la fraude et de r\u00e9duction du risque de cr\u00e9dit) ;<br \/>\n(d) \u00e0 l&rsquo;acheteur (ou \u00e0 l&rsquo;acheteur potentiel) de toute entreprise ou de tout actif que nous vendons (ou que nous envisageons de vendre) ; et<br \/>\n(e) \u00e0 toute personne dont nous pensons raisonnablement qu&rsquo;elle peut demander \u00e0 un tribunal ou \u00e0 une autre autorit\u00e9 comp\u00e9tente la divulgation de ces informations \u00e0 caract\u00e8re personnel lorsque, selon notre opinion raisonnable, ce tribunal ou cette autorit\u00e9 serait raisonnablement susceptible d&rsquo;ordonner la divulgation de ces informations \u00e0 caract\u00e8re personnel.<br \/>\nSauf dans les cas pr\u00e9vus par la pr\u00e9sente politique, nous ne fournirons pas vos informations \u00e0 des tiers.<br \/>\n(4) Transferts internationaux de donn\u00e9es<br \/>\nLes informations que nous collectons peuvent \u00eatre stock\u00e9es, trait\u00e9es et transf\u00e9r\u00e9es entre les pays dans lesquels nous op\u00e9rons afin de nous permettre d&rsquo;utiliser ces informations conform\u00e9ment \u00e0 la pr\u00e9sente politique.<br \/>\nLes informations que vous fournissez peuvent \u00eatre transf\u00e9r\u00e9es vers des pays qui ne disposent pas de lois sur la protection des donn\u00e9es \u00e9quivalentes \u00e0 celles en vigueur dans l&rsquo;Espace \u00e9conomique europ\u00e9en.<br \/>\nEn outre, les informations personnelles que vous soumettez pour publication sur le site web seront publi\u00e9es sur l&rsquo;internet et peuvent \u00eatre disponibles, via l&rsquo;internet, dans le monde entier. Nous ne pouvons pas emp\u00eacher l&rsquo;utilisation ou la mauvaise utilisation de ces informations par d&rsquo;autres.<br \/>\nVous acceptez express\u00e9ment ces transferts d&rsquo;informations personnelles.<br \/>\n(5) S\u00e9curit\u00e9 de vos informations personnelles<br \/>\nNous prendrons des pr\u00e9cautions techniques et organisationnelles raisonnables pour emp\u00eacher la perte, la mauvaise utilisation ou l&rsquo;alt\u00e9ration de vos informations personnelles.<br \/>\nNous stockerons toutes les informations personnelles que vous nous fournirez sur nos serveurs s\u00e9curis\u00e9s (prot\u00e9g\u00e9s par mot de passe et pare-feu).<br \/>\nVous reconnaissez que la transmission d&rsquo;informations sur l&rsquo;internet est intrins\u00e8quement peu s\u00fbre et que nous ne pouvons pas garantir la s\u00e9curit\u00e9 des donn\u00e9es envoy\u00e9es sur l&rsquo;internet.<br \/>\nVous \u00eates responsable de la confidentialit\u00e9 de votre mot de passe et de vos autres donn\u00e9es d&rsquo;acc\u00e8s. Nous ne vous demanderons pas votre mot de passe (sauf lorsque vous vous connectez au site web).<x id=\"gid_6\"><\/x>(6) Modifications de la politique<x id=\"gid_7\"><\/x>Nous pouvons mettre \u00e0 jour cette politique de temps \u00e0 autre en publiant une nouvelle version sur notre site web. Nous vous conseillons de consulter cette page de temps en temps pour vous assurer que vous \u00eates satisfait des changements.<x id=\"gid_8\"><\/x>(7) Vos droits<x id=\"gid_9\"><\/x>Vous pouvez nous demander de vous fournir toutes les informations personnelles que nous d\u00e9tenons \u00e0 votre sujet. La fourniture de ces informations sera soumise aux conditions suivantes :<x id=\"gid_10\"><\/x>(a) le paiement d&rsquo;une redevance (actuellement fix\u00e9e \u00e0 10 GBP) ; et<x id=\"gid_11\"><\/x>(b) la fourniture d&rsquo;une preuve appropri\u00e9e de votre identit\u00e9 (\u00e0 cette fin, nous acceptons g\u00e9n\u00e9ralement une photocopie de votre passeport certifi\u00e9e par un avocat ou une banque ainsi qu&rsquo;une copie originale d&rsquo;une facture de service public indiquant votre adresse actuelle).<x id=\"gid_12\"><\/x>Nous pouvons retenir ces informations personnelles dans la mesure permise par la loi.<x id=\"gid_13\"><\/x>Vous pouvez nous demander de ne pas traiter vos informations personnelles \u00e0 des fins de marketing.    En pratique, vous accepterez g\u00e9n\u00e9ralement \u00e0 l&rsquo;avance que nous utilisions vos informations personnelles \u00e0 des fins de marketing, ou nous vous donnerons la possibilit\u00e9 de refuser l&rsquo;utilisation de vos informations personnelles \u00e0 des fins de marketing.<br \/>\n(8) Sites web de tiers<br \/>\nLe site web contient des liens vers d&rsquo;autres sites web. Nous ne sommes pas responsables des politiques ou pratiques de confidentialit\u00e9 des sites web de tiers.<x id=\"gid_2\"><\/x>(9) Mise \u00e0 jour des informations<x id=\"gid_3\"><\/x>Veuillez nous faire savoir si les informations personnelles que nous d\u00e9tenons \u00e0 votre sujet doivent \u00eatre corrig\u00e9es ou mises \u00e0 jour (ces informations peuvent \u00eatre mises \u00e0 jour via votre tableau de bord de connexion).<x id=\"gid_4\"><\/x>PARTIE B : COOKIES<x id=\"gid_5\"><\/x>(10) \u00c0 propos des cookies<x id=\"gid_6\"><\/x>Un cookie est un fichier contenant un identifiant (une cha\u00eene de lettres et de chiffres) qui est envoy\u00e9 par un serveur web \u00e0 un navigateur web et qui est stock\u00e9 par le navigateur.  L&rsquo;identifiant est ensuite renvoy\u00e9 au serveur chaque fois que le navigateur demande une page au serveur.<br \/>\nLes cookies peuvent \u00eatre utilis\u00e9s par les serveurs web pour identifier et suivre les utilisateurs lorsqu&rsquo;ils naviguent sur les diff\u00e9rentes pages d&rsquo;un site web et pour identifier les utilisateurs qui reviennent sur un site web.<br \/>\nLes cookies peuvent \u00eatre des cookies \u00ab\u00a0persistants\u00a0\u00bb ou des cookies \u00ab\u00a0de session\u00a0\u00bb.<br \/>\nUn cookie persistant consiste en un fichier texte envoy\u00e9 par un serveur web \u00e0 un navigateur web, qui sera stock\u00e9 par le navigateur et restera valide jusqu&rsquo;\u00e0 la date d&rsquo;expiration fix\u00e9e (\u00e0 moins que l&rsquo;utilisateur ne le supprime avant la date d&rsquo;expiration).<br \/>\nUn cookie de session, en revanche, expire \u00e0 la fin de la session de l&rsquo;utilisateur, lorsque le navigateur web est ferm\u00e9.<br \/>\n(11) Nos cookies<br \/>\nNous utilisons \u00e0 la fois des cookies de session et des cookies persistants sur ce site web.<br \/>\n(12) Cookies de tiers et cookies analytiques<br \/>\nLorsque vous utilisez notre site web, vous pouvez \u00e9galement recevoir des cookies de tiers.<br \/>\nNos annonceurs peuvent vous envoyer des cookies. Ils peuvent utiliser les informations qu&rsquo;ils obtiennent de votre utilisation de leurs cookies :<br \/>\n(a) pour \u00e9tablir un profil de votre navigation sur le web ; et<br \/>\n(b) pour cibler des publicit\u00e9s susceptibles de vous int\u00e9resser particuli\u00e8rement.<br \/>\nEn outre, nous utilisons Google Analytics pour analyser l&rsquo;utilisation de ce site web. Google Analytics g\u00e9n\u00e8re des statistiques et d&rsquo;autres informations sur l&rsquo;utilisation du site Web au moyen de cookies, qui sont stock\u00e9s sur les ordinateurs des utilisateurs. Les informations g\u00e9n\u00e9r\u00e9es concernant notre site web sont utilis\u00e9es pour cr\u00e9er des rapports sur l&rsquo;utilisation du site web. Google conservera ces informations. La politique de confidentialit\u00e9 de Google est disponible \u00e0 l&rsquo;adresse suivante : http:\/\/www.google.com\/privacypolicy.html.<br \/>\nNous pouvons publier des publicit\u00e9s Google AdSense bas\u00e9es sur les int\u00e9r\u00eats sur notre site web. Google les adapte \u00e0 vos centres d&rsquo;int\u00e9r\u00eat. Pour d\u00e9terminer vos centres d&rsquo;int\u00e9r\u00eat, Google suit votre comportement sur notre site web et sur d&rsquo;autres sites web \u00e0 l&rsquo;aide du cookie DART. Vous pouvez afficher, supprimer ou ajouter des cat\u00e9gories d&rsquo;int\u00e9r\u00eat associ\u00e9es \u00e0 votre navigateur en utilisant le gestionnaire des pr\u00e9f\u00e9rences publicitaires de Google, disponible \u00e0 l&rsquo;adresse suivante : http:\/\/www.google.com\/ads\/preferences\/. Vous pouvez d\u00e9sactiver le cookie du r\u00e9seau de partenaires AdSense \u00e0 l&rsquo;adresse suivante : http:\/\/www.google.com\/privacy\/ads\/ ou en utilisant le m\u00e9canisme de d\u00e9sactivation multi-cookie de la NAI (Network Advertising Initiative) \u00e0 l&rsquo;adresse suivante : http:\/\/www.networkadvertising.org\/managing\/opt_out.asp. Toutefois, ces m\u00e9canismes d&rsquo;exclusion utilisent des cookies et si vous effacez les cookies de votre navigateur, votre exclusion ne sera pas maintenue. Pour vous assurer que la d\u00e9sactivation est maintenue pour un navigateur particulier, vous devez utiliser le plug-in de navigateur Google disponible \u00e0 l&rsquo;adresse suivante : http:\/\/www.google.com\/ads\/preferences\/plugin.<br \/>\n(13) Cookies et informations personnelles<br \/>\nLes cookies ne contiennent aucune information permettant de vous identifier personnellement, mais les informations personnelles que nous stockons \u00e0 votre sujet peuvent \u00eatre li\u00e9es, par nous, aux informations stock\u00e9es dans les cookies et obtenues \u00e0 partir de ceux-ci.<br \/>\n(14) Blocage des cookies<br \/>\nLa plupart des navigateurs vous permettent de refuser d&rsquo;accepter les cookies. Par exemple :<br \/>\n(a) dans Internet Explorer (version 9), vous pouvez bloquer les cookies en utilisant les param\u00e8tres d&rsquo;annulation de la gestion des cookies disponibles en cliquant sur \u00ab\u00a0Outils\u00a0\u00bb, \u00ab\u00a0Options Internet\u00a0\u00bb, \u00ab\u00a0Confidentialit\u00e9\u00a0\u00bb puis \u00ab\u00a0Avanc\u00e9\u00a0\u00bb ;<br \/>\n(b) dans Firefox (version 16), vous pouvez bloquer tous les cookies en cliquant sur \u00ab\u00a0Outils\u00a0\u00bb, \u00ab\u00a0Options\u00a0\u00bb, \u00ab\u00a0Confidentialit\u00e9\u00a0\u00bb, en s\u00e9lectionnant \u00ab\u00a0Utiliser les param\u00e8tres personnalis\u00e9s pour l&rsquo;historique\u00a0\u00bb dans le menu d\u00e9roulant et en d\u00e9cochant \u00ab\u00a0Accepter les cookies des sites\u00a0\u00bb ; et<br \/>\n(c) dans Chrome (version 23), vous pouvez bloquer tous les cookies en acc\u00e9dant au menu \u00ab\u00a0Personnaliser et contr\u00f4ler\u00a0\u00bb et en cliquant sur \u00ab\u00a0Param\u00e8tres\u00a0\u00bb, \u00ab\u00a0Afficher les param\u00e8tres avanc\u00e9s\u00a0\u00bb et \u00ab\u00a0Param\u00e8tres de contenu\u00a0\u00bb, puis en s\u00e9lectionnant \u00ab\u00a0Emp\u00eacher les sites de d\u00e9finir des donn\u00e9es\u00a0\u00bb sous la rubrique \u00ab\u00a0Cookies\u00a0\u00bb.<br \/>\nLe blocage de tous les cookies aura toutefois un impact n\u00e9gatif sur la convivialit\u00e9 de nombreux sites web.<br \/>\nSi vous bloquez les cookies, il se peut que vous ne puissiez pas utiliser toutes les fonctionnalit\u00e9s de ce site web.<br \/>\n(15) Suppression des cookies<br \/>\nVous pouvez \u00e9galement supprimer les cookies d\u00e9j\u00e0 stock\u00e9s sur votre ordinateur. Par exemple :<br \/>\n(a) dans Internet Explorer (version 9), vous devez supprimer manuellement les fichiers de cookies (vous trouverez des instructions \u00e0 ce sujet \u00e0 l&rsquo;adresse http:\/\/support.microsoft.com\/kb\/278835) ;<br \/>\n(b) dans Firefox (version 16), vous pouvez supprimer les cookies en cliquant sur \u00ab\u00a0Outils\u00a0\u00bb, \u00ab\u00a0Options\u00a0\u00bb, \u00ab\u00a0Confidentialit\u00e9\u00a0\u00bb, puis \u00ab\u00a0Afficher les cookies\u00a0\u00bb, et enfin en cliquant sur \u00ab\u00a0Supprimer tous les cookies\u00a0\u00bb ; et<br \/>\n(c) dans Chrome (version 23), vous pouvez supprimer tous les cookies en acc\u00e9dant au menu \u00ab\u00a0Personnaliser et contr\u00f4ler\u00a0\u00bb et en cliquant sur \u00ab\u00a0Param\u00e8tres\u00a0\u00bb, \u00ab\u00a0Afficher les param\u00e8tres avanc\u00e9s\u00a0\u00bb et \u00ab\u00a0Effacer les donn\u00e9es de navigation\u00a0\u00bb, puis en s\u00e9lectionnant \u00ab\u00a0Supprimer les cookies et autres donn\u00e9es de site et de plug-in\u00a0\u00bb avant de cliquer sur \u00ab\u00a0Effacer les donn\u00e9es de navigation\u00a0\u00bb.<br \/>\nL\u00e0 encore, cela peut avoir un impact n\u00e9gatif sur la facilit\u00e9 d&rsquo;utilisation de nombreux sites web.<br \/>\nPARTIE C : NOS COORDONN\u00c9ES<br \/>\n(16) Contactez-nous<br \/>\nCe site web est d\u00e9tenu et exploit\u00e9 par Helmet 28 LTD<br \/>\nSi vous avez des questions concernant nos cookies ou cette politique, veuillez nous contacter :<br \/>\n(a) par courrier \u00e9lectronique \u00e0 l&rsquo;adresse support@helmet28.com :<br \/>\n(b) par courrier \u00e0 Helmet 28 LTD Clifton Square, Alderley Edge, Cheshire, SK9 7NW<\/p>\n","protected":false},"excerpt":{"rendered":"<p>Nous nous engageons \u00e0 prot\u00e9ger la vie priv\u00e9e des visiteurs et des utilisateurs de notre site web ; cette politique d\u00e9finit la mani\u00e8re dont nous traiterons vos informations personnelles. Cette politique est divis\u00e9e en trois parties : ~ La partie A fournit des informations sur notre collecte et notre utilisation des informations personnelles ; ~ [&hellip;]<\/p>\n","protected":false},"author":1,"featured_media":0,"parent":0,"menu_order":0,"comment_status":"closed","ping_status":"closed","template":"templates\/fullwidth.php","meta":{"_acf_changed":false,"footnotes":""},"class_list":["post-28413","page","type-page","status-publish","hentry"],"acf":[],"yoast_head":"<!-- This site is optimized with the Yoast SEO plugin v27.0 - https:\/\/yoast.com\/product\/yoast-seo-wordpress\/ -->\n<title>Politique en mati\u00e8re de confidentialit\u00e9 et de cookies - Zamp Helmets | Helmet 28 EU<\/title>\n<meta name=\"robots\" content=\"index, follow, max-snippet:-1, max-image-preview:large, max-video-preview:-1\" \/>\n<link rel=\"canonical\" href=\"https:\/\/zamphelmets.co\/fr\/politique-en-matiere-de-confidentialite-et-de-cookies\/\" \/>\n<meta property=\"og:locale\" content=\"fr_FR\" \/>\n<meta property=\"og:type\" content=\"article\" \/>\n<meta property=\"og:title\" content=\"Politique en mati\u00e8re de confidentialit\u00e9 et de cookies - Zamp Helmets | Helmet 28 EU\" \/>\n<meta property=\"og:description\" content=\"Nous nous engageons \u00e0 prot\u00e9ger la vie priv\u00e9e des visiteurs et des utilisateurs de notre site web ; cette politique d\u00e9finit la mani\u00e8re dont nous traiterons vos informations personnelles. Cette politique est divis\u00e9e en trois parties : ~ La partie A fournit des informations sur notre collecte et notre utilisation des informations personnelles ; ~ [&hellip;]\" \/>\n<meta property=\"og:url\" content=\"https:\/\/zamphelmets.co\/fr\/politique-en-matiere-de-confidentialite-et-de-cookies\/\" \/>\n<meta property=\"og:site_name\" content=\"Zamp Helmets | Helmet 28 EU\" \/>\n<meta property=\"article:modified_time\" content=\"2026-02-16T15:06:37+00:00\" \/>\n<meta name=\"twitter:card\" content=\"summary_large_image\" \/>\n<meta name=\"twitter:label1\" content=\"Est. reading time\" \/>\n\t<meta name=\"twitter:data1\" content=\"12 minutes\" \/>\n<script type=\"application\/ld+json\" class=\"yoast-schema-graph\">{\"@context\":\"https:\/\/schema.org\",\"@graph\":[{\"@type\":\"WebPage\",\"@id\":\"https:\/\/zamphelmets.co\/fr\/politique-en-matiere-de-confidentialite-et-de-cookies\/\",\"url\":\"https:\/\/zamphelmets.co\/fr\/politique-en-matiere-de-confidentialite-et-de-cookies\/\",\"name\":\"Politique en mati\u00e8re de confidentialit\u00e9 et de cookies - Zamp Helmets | Helmet 28 EU\",\"isPartOf\":{\"@id\":\"https:\/\/zamphelmets.co\/fr\/#website\"},\"datePublished\":\"2024-07-16T12:57:09+00:00\",\"dateModified\":\"2026-02-16T15:06:37+00:00\",\"inLanguage\":\"fr-FR\",\"potentialAction\":[{\"@type\":\"ReadAction\",\"target\":[\"https:\/\/zamphelmets.co\/fr\/politique-en-matiere-de-confidentialite-et-de-cookies\/\"]}]},{\"@type\":\"WebSite\",\"@id\":\"https:\/\/zamphelmets.co\/fr\/#website\",\"url\":\"https:\/\/zamphelmets.co\/fr\/\",\"name\":\"Zamp Helmets | Helmet 28 EU\",\"description\":\"High Quality Motorsport Helmets\",\"potentialAction\":[{\"@type\":\"SearchAction\",\"target\":{\"@type\":\"EntryPoint\",\"urlTemplate\":\"https:\/\/zamphelmets.co\/fr\/?s={search_term_string}\"},\"query-input\":{\"@type\":\"PropertyValueSpecification\",\"valueRequired\":true,\"valueName\":\"search_term_string\"}}],\"inLanguage\":\"fr-FR\"}]}<\/script>\n<!-- \/ Yoast SEO plugin. -->","yoast_head_json":{"title":"Politique en mati\u00e8re de confidentialit\u00e9 et de cookies - Zamp Helmets | Helmet 28 EU","robots":{"index":"index","follow":"follow","max-snippet":"max-snippet:-1","max-image-preview":"max-image-preview:large","max-video-preview":"max-video-preview:-1"},"canonical":"https:\/\/zamphelmets.co\/fr\/politique-en-matiere-de-confidentialite-et-de-cookies\/","og_locale":"fr_FR","og_type":"article","og_title":"Politique en mati\u00e8re de confidentialit\u00e9 et de cookies - Zamp Helmets | Helmet 28 EU","og_description":"Nous nous engageons \u00e0 prot\u00e9ger la vie priv\u00e9e des visiteurs et des utilisateurs de notre site web ; cette politique d\u00e9finit la mani\u00e8re dont nous traiterons vos informations personnelles. Cette politique est divis\u00e9e en trois parties : ~ La partie A fournit des informations sur notre collecte et notre utilisation des informations personnelles ; ~ [&hellip;]","og_url":"https:\/\/zamphelmets.co\/fr\/politique-en-matiere-de-confidentialite-et-de-cookies\/","og_site_name":"Zamp Helmets | Helmet 28 EU","article_modified_time":"2026-02-16T15:06:37+00:00","twitter_card":"summary_large_image","twitter_misc":{"Est. reading time":"12 minutes"},"schema":{"@context":"https:\/\/schema.org","@graph":[{"@type":"WebPage","@id":"https:\/\/zamphelmets.co\/fr\/politique-en-matiere-de-confidentialite-et-de-cookies\/","url":"https:\/\/zamphelmets.co\/fr\/politique-en-matiere-de-confidentialite-et-de-cookies\/","name":"Politique en mati\u00e8re de confidentialit\u00e9 et de cookies - Zamp Helmets | Helmet 28 EU","isPartOf":{"@id":"https:\/\/zamphelmets.co\/fr\/#website"},"datePublished":"2024-07-16T12:57:09+00:00","dateModified":"2026-02-16T15:06:37+00:00","inLanguage":"fr-FR","potentialAction":[{"@type":"ReadAction","target":["https:\/\/zamphelmets.co\/fr\/politique-en-matiere-de-confidentialite-et-de-cookies\/"]}]},{"@type":"WebSite","@id":"https:\/\/zamphelmets.co\/fr\/#website","url":"https:\/\/zamphelmets.co\/fr\/","name":"Zamp Helmets | Helmet 28 EU","description":"High Quality Motorsport Helmets","potentialAction":[{"@type":"SearchAction","target":{"@type":"EntryPoint","urlTemplate":"https:\/\/zamphelmets.co\/fr\/?s={search_term_string}"},"query-input":{"@type":"PropertyValueSpecification","valueRequired":true,"valueName":"search_term_string"}}],"inLanguage":"fr-FR"}]}},"_links":{"self":[{"href":"https:\/\/zamphelmets.co\/fr\/wp-json\/wp\/v2\/pages\/28413","targetHints":{"allow":["GET"]}}],"collection":[{"href":"https:\/\/zamphelmets.co\/fr\/wp-json\/wp\/v2\/pages"}],"about":[{"href":"https:\/\/zamphelmets.co\/fr\/wp-json\/wp\/v2\/types\/page"}],"author":[{"embeddable":true,"href":"https:\/\/zamphelmets.co\/fr\/wp-json\/wp\/v2\/users\/1"}],"replies":[{"embeddable":true,"href":"https:\/\/zamphelmets.co\/fr\/wp-json\/wp\/v2\/comments?post=28413"}],"version-history":[{"count":1,"href":"https:\/\/zamphelmets.co\/fr\/wp-json\/wp\/v2\/pages\/28413\/revisions"}],"predecessor-version":[{"id":203606,"href":"https:\/\/zamphelmets.co\/fr\/wp-json\/wp\/v2\/pages\/28413\/revisions\/203606"}],"wp:attachment":[{"href":"https:\/\/zamphelmets.co\/fr\/wp-json\/wp\/v2\/media?parent=28413"}],"curies":[{"name":"wp","href":"https:\/\/api.w.org\/{rel}","templated":true}]}}