{"id":22377,"date":"2022-10-27T10:45:12","date_gmt":"2022-10-27T10:45:12","guid":{"rendered":"https:\/\/zamphelmets.co\/retours\/"},"modified":"2026-02-16T15:06:28","modified_gmt":"2026-02-16T15:06:28","slug":"retours","status":"publish","type":"page","link":"https:\/\/zamphelmets.co\/fr\/retours\/","title":{"rendered":"Retours"},"content":{"rendered":"<p>Nous nous effor\u00e7ons toujours de fournir des produits de haute qualit\u00e9 qui ne pr\u00e9sentent aucun d\u00e9faut. Il peut arriver que vous deviez nous renvoyer vos produits s&rsquo;ils ne vous conviennent pas. Pour autant que votre produit soit retourn\u00e9 dans son <a href=\"https:\/\/zamphelmets.co\/fr\/conditions-generales-dutilisation\/\"><br \/>\n  <strong>dans son \u00e9tat et son emballage d&rsquo;origine<\/strong><br \/>\n<\/a> avec la preuve d&rsquo;achat, nous nous ferons un plaisir de vous l&rsquo;\u00e9changer ou de vous le rembourser. Pour demander un retour, veuillez suivre les \u00e9tapes ci-dessous.<\/p>\n<h1><img decoding=\"async\" class=\"size-medium wp-image-6622 alignleft lazyload\" data-src=\"https:\/\/zamphelmets.co\/wp-content\/uploads\/2019\/11\/4-2-300x300.png\" alt=\"\" width=\"300\" height=\"300\" src=\"data:image\/svg+xml;base64,PHN2ZyB3aWR0aD0iMSIgaGVpZ2h0PSIxIiB4bWxucz0iaHR0cDovL3d3dy53My5vcmcvMjAwMC9zdmciPjwvc3ZnPg==\" style=\"--smush-placeholder-width: 300px; --smush-placeholder-aspect-ratio: 300\/300;\">1. Soumettez votre demande de retour<\/h1>\n<p>Avant que nous puissions commencer \u00e0 traiter votre retour, vous devez <strong><a href=\"https:\/\/form.jotform.com\/222003849309352\">remplir un formulaire de retour et d&rsquo;\u00e9change ICI<\/a> <\/strong>. Cette demande doit \u00eatre soumise au plus tard 14 jours apr\u00e8s la r\u00e9ception de votre commande.<\/p>\n<h1>2. Attendre la confirmation de la demande de retour<\/h1>\n<p>Nous nous effor\u00e7ons de r\u00e9pondre aux demandes de retour dans un d\u00e9lai de 1 \u00e0 2 jours ouvrables. Lorsque votre <a href=\"https:\/\/form.jotform.com\/222003849309352\">demande<\/a> a \u00e9t\u00e9 approuv\u00e9e par notre \u00e9quipe d&rsquo;assistance \u00e0 la client\u00e8le, vous recevrez un courriel de confirmation. Si votre <a href=\"https:\/\/form.jotform.com\/222003849309352\">demande<\/a> a \u00e9t\u00e9 refus\u00e9e et que vous souhaitez en conna\u00eetre les raisons, veuillez <g id=\"gid_2\">contacter<\/g> directement <g id=\"gid_2\">notre service client\u00e8le<\/g> en mentionnant votre num\u00e9ro de commande. <\/p>\n<h1><img decoding=\"async\" class=\"size-medium wp-image-6597 alignright lazyload\" data-src=\"https:\/\/zamphelmets.co\/wp-content\/uploads\/2020\/01\/3-1-300x300.png\" alt=\"\" width=\"300\" height=\"300\" src=\"data:image\/svg+xml;base64,PHN2ZyB3aWR0aD0iMSIgaGVpZ2h0PSIxIiB4bWxucz0iaHR0cDovL3d3dy53My5vcmcvMjAwMC9zdmciPjwvc3ZnPg==\" style=\"--smush-placeholder-width: 300px; --smush-placeholder-aspect-ratio: 300\/300;\">3. Emballer et envoyer vos articles<\/h1>\n<p>Une fois que vous avez re\u00e7u votre confirmation de retour, les <strong>articles doivent \u00eatre renvoy\u00e9s en toute s\u00e9curit\u00e9 dans leur emballage d&rsquo;origine afin d&rsquo;\u00e9viter tout dommage pendant le transport, ainsi que tous les documents originaux <\/strong>(facture et bordereau d&rsquo;exp\u00e9dition). Il doit \u00eatre retourn\u00e9 dans les 14 jours suivant la r\u00e9ception de l&rsquo;autorisation de retour.<\/p>\n<p>Les articles doivent \u00eatre retourn\u00e9s dans un \u00e9tat vendable. Helmet 28 se r\u00e9serve le droit de rejeter toute demande de retour si les marchandises sont retourn\u00e9es de mani\u00e8re inappropri\u00e9e. Veuillez noter que cela inclut l&rsquo;ajout d&rsquo;accessoires au casque. Si vous avez pay\u00e9 pour notre service d&rsquo;adaptation d&rsquo;accessoires, ces articles ne peuvent pas \u00eatre retourn\u00e9s, comme le stipulent nos conditions g\u00e9n\u00e9rales.<\/p>\n<p><strong>Adresse de retour : Helmet 28 Returns, AteaLaan 36, Herentals, Belgique 2200<\/strong><\/p>\n<p>Si l&rsquo;une des conditions ci-dessus n&rsquo;est pas respect\u00e9e lors du retour des articles, des frais de restockage de 25 euros vous seront factur\u00e9s.<\/p>\n<h1>4. Recevoir votre remboursement\/\u00e9change<\/h1>\n<p>Une fois que nous avons re\u00e7u votre article en toute s\u00e9curit\u00e9 et que nous nous sommes assur\u00e9s qu&rsquo;il est en bon \u00e9tat, nous proc\u00e9dons au remboursement ou \u00e0 l&rsquo;envoi d&rsquo;articles de remplacement.<\/p>\n<p>&nbsp;<\/p>\n<p>Pour plus de d\u00e9tails, consultez notre <a href=\"https:\/\/zamphelmets.co\/fr\/conditions-generales-dutilisation\/\">page Conditions g\u00e9n\u00e9rales ici<\/a>.<\/p>\n","protected":false},"excerpt":{"rendered":"<p>Nous nous effor\u00e7ons toujours de fournir des produits de haute qualit\u00e9 qui ne pr\u00e9sentent aucun d\u00e9faut. Il peut arriver que vous deviez nous renvoyer vos produits s&rsquo;ils ne vous conviennent pas. Pour autant que votre produit soit retourn\u00e9 dans son dans son \u00e9tat et son emballage d&rsquo;origine avec la preuve d&rsquo;achat, nous nous ferons un [&hellip;]<\/p>\n","protected":false},"author":2,"featured_media":17896,"parent":0,"menu_order":0,"comment_status":"closed","ping_status":"closed","template":"","meta":{"_acf_changed":false,"footnotes":""},"class_list":["post-22377","page","type-page","status-publish","has-post-thumbnail","hentry"],"acf":[],"yoast_head":"<!-- This site is optimized with the Yoast SEO plugin v27.0 - https:\/\/yoast.com\/product\/yoast-seo-wordpress\/ -->\n<title>Retours - Zamp Helmets | Helmet 28 EU<\/title>\n<meta name=\"description\" content=\"Il peut arriver que des marchandises fournies par nous doivent \u00eatre retourn\u00e9es et ces retours sont r\u00e9gis par les pr\u00e9sentes conditions g\u00e9n\u00e9rales.\" \/>\n<meta name=\"robots\" content=\"index, follow, max-snippet:-1, max-image-preview:large, max-video-preview:-1\" \/>\n<link rel=\"canonical\" href=\"https:\/\/zamphelmets.co\/fr\/retours\/\" \/>\n<meta property=\"og:locale\" content=\"fr_FR\" \/>\n<meta property=\"og:type\" content=\"article\" \/>\n<meta property=\"og:title\" content=\"Retours - Zamp Helmets | Helmet 28 EU\" \/>\n<meta property=\"og:description\" content=\"Il peut arriver que des marchandises fournies par nous doivent \u00eatre retourn\u00e9es et ces retours sont r\u00e9gis par les pr\u00e9sentes conditions g\u00e9n\u00e9rales.\" \/>\n<meta property=\"og:url\" content=\"https:\/\/zamphelmets.co\/fr\/retours\/\" \/>\n<meta property=\"og:site_name\" content=\"Zamp Helmets | Helmet 28 EU\" \/>\n<meta property=\"article:modified_time\" content=\"2026-02-16T15:06:28+00:00\" \/>\n<meta property=\"og:image\" content=\"https:\/\/zamphelmets.co\/wp-content\/uploads\/2022\/07\/IMG_6159-2.jpg\" \/>\n\t<meta property=\"og:image:width\" content=\"828\" \/>\n\t<meta property=\"og:image:height\" content=\"573\" \/>\n\t<meta property=\"og:image:type\" content=\"image\/jpeg\" \/>\n<meta name=\"twitter:card\" content=\"summary_large_image\" \/>\n<meta name=\"twitter:label1\" content=\"Est. reading time\" \/>\n\t<meta name=\"twitter:data1\" content=\"2 minutes\" \/>\n<script type=\"application\/ld+json\" class=\"yoast-schema-graph\">{\"@context\":\"https:\/\/schema.org\",\"@graph\":[{\"@type\":\"WebPage\",\"@id\":\"https:\/\/zamphelmets.co\/fr\/retours\/\",\"url\":\"https:\/\/zamphelmets.co\/fr\/retours\/\",\"name\":\"Retours - Zamp Helmets | Helmet 28 EU\",\"isPartOf\":{\"@id\":\"https:\/\/zamphelmets.co\/fr\/#website\"},\"primaryImageOfPage\":{\"@id\":\"https:\/\/zamphelmets.co\/fr\/retours\/#primaryimage\"},\"image\":{\"@id\":\"https:\/\/zamphelmets.co\/fr\/retours\/#primaryimage\"},\"thumbnailUrl\":\"https:\/\/zamphelmets.co\/wp-content\/uploads\/2022\/07\/IMG_6159-2.jpg\",\"datePublished\":\"2022-10-27T10:45:12+00:00\",\"dateModified\":\"2026-02-16T15:06:28+00:00\",\"description\":\"Il peut arriver que des marchandises fournies par nous doivent \u00eatre retourn\u00e9es et ces retours sont r\u00e9gis par les pr\u00e9sentes conditions g\u00e9n\u00e9rales.\",\"inLanguage\":\"fr-FR\",\"potentialAction\":[{\"@type\":\"ReadAction\",\"target\":[\"https:\/\/zamphelmets.co\/fr\/retours\/\"]}]},{\"@type\":\"ImageObject\",\"inLanguage\":\"fr-FR\",\"@id\":\"https:\/\/zamphelmets.co\/fr\/retours\/#primaryimage\",\"url\":\"https:\/\/zamphelmets.co\/wp-content\/uploads\/2022\/07\/IMG_6159-2.jpg\",\"contentUrl\":\"https:\/\/zamphelmets.co\/wp-content\/uploads\/2022\/07\/IMG_6159-2.jpg\",\"width\":828,\"height\":573},{\"@type\":\"WebSite\",\"@id\":\"https:\/\/zamphelmets.co\/fr\/#website\",\"url\":\"https:\/\/zamphelmets.co\/fr\/\",\"name\":\"Zamp Helmets | Helmet 28 EU\",\"description\":\"High Quality Motorsport Helmets\",\"potentialAction\":[{\"@type\":\"SearchAction\",\"target\":{\"@type\":\"EntryPoint\",\"urlTemplate\":\"https:\/\/zamphelmets.co\/fr\/?s={search_term_string}\"},\"query-input\":{\"@type\":\"PropertyValueSpecification\",\"valueRequired\":true,\"valueName\":\"search_term_string\"}}],\"inLanguage\":\"fr-FR\"}]}<\/script>\n<!-- \/ Yoast SEO plugin. -->","yoast_head_json":{"title":"Retours - Zamp Helmets | Helmet 28 EU","description":"Il peut arriver que des marchandises fournies par nous doivent \u00eatre retourn\u00e9es et ces retours sont r\u00e9gis par les pr\u00e9sentes conditions g\u00e9n\u00e9rales.","robots":{"index":"index","follow":"follow","max-snippet":"max-snippet:-1","max-image-preview":"max-image-preview:large","max-video-preview":"max-video-preview:-1"},"canonical":"https:\/\/zamphelmets.co\/fr\/retours\/","og_locale":"fr_FR","og_type":"article","og_title":"Retours - Zamp Helmets | Helmet 28 EU","og_description":"Il peut arriver que des marchandises fournies par nous doivent \u00eatre retourn\u00e9es et ces retours sont r\u00e9gis par les pr\u00e9sentes conditions g\u00e9n\u00e9rales.","og_url":"https:\/\/zamphelmets.co\/fr\/retours\/","og_site_name":"Zamp Helmets | Helmet 28 EU","article_modified_time":"2026-02-16T15:06:28+00:00","og_image":[{"width":828,"height":573,"url":"https:\/\/zamphelmets.co\/wp-content\/uploads\/2022\/07\/IMG_6159-2.jpg","type":"image\/jpeg"}],"twitter_card":"summary_large_image","twitter_misc":{"Est. reading time":"2 minutes"},"schema":{"@context":"https:\/\/schema.org","@graph":[{"@type":"WebPage","@id":"https:\/\/zamphelmets.co\/fr\/retours\/","url":"https:\/\/zamphelmets.co\/fr\/retours\/","name":"Retours - Zamp Helmets | Helmet 28 EU","isPartOf":{"@id":"https:\/\/zamphelmets.co\/fr\/#website"},"primaryImageOfPage":{"@id":"https:\/\/zamphelmets.co\/fr\/retours\/#primaryimage"},"image":{"@id":"https:\/\/zamphelmets.co\/fr\/retours\/#primaryimage"},"thumbnailUrl":"https:\/\/zamphelmets.co\/wp-content\/uploads\/2022\/07\/IMG_6159-2.jpg","datePublished":"2022-10-27T10:45:12+00:00","dateModified":"2026-02-16T15:06:28+00:00","description":"Il peut arriver que des marchandises fournies par nous doivent \u00eatre retourn\u00e9es et ces retours sont r\u00e9gis par les pr\u00e9sentes conditions g\u00e9n\u00e9rales.","inLanguage":"fr-FR","potentialAction":[{"@type":"ReadAction","target":["https:\/\/zamphelmets.co\/fr\/retours\/"]}]},{"@type":"ImageObject","inLanguage":"fr-FR","@id":"https:\/\/zamphelmets.co\/fr\/retours\/#primaryimage","url":"https:\/\/zamphelmets.co\/wp-content\/uploads\/2022\/07\/IMG_6159-2.jpg","contentUrl":"https:\/\/zamphelmets.co\/wp-content\/uploads\/2022\/07\/IMG_6159-2.jpg","width":828,"height":573},{"@type":"WebSite","@id":"https:\/\/zamphelmets.co\/fr\/#website","url":"https:\/\/zamphelmets.co\/fr\/","name":"Zamp Helmets | Helmet 28 EU","description":"High Quality Motorsport Helmets","potentialAction":[{"@type":"SearchAction","target":{"@type":"EntryPoint","urlTemplate":"https:\/\/zamphelmets.co\/fr\/?s={search_term_string}"},"query-input":{"@type":"PropertyValueSpecification","valueRequired":true,"valueName":"search_term_string"}}],"inLanguage":"fr-FR"}]}},"_links":{"self":[{"href":"https:\/\/zamphelmets.co\/fr\/wp-json\/wp\/v2\/pages\/22377","targetHints":{"allow":["GET"]}}],"collection":[{"href":"https:\/\/zamphelmets.co\/fr\/wp-json\/wp\/v2\/pages"}],"about":[{"href":"https:\/\/zamphelmets.co\/fr\/wp-json\/wp\/v2\/types\/page"}],"author":[{"embeddable":true,"href":"https:\/\/zamphelmets.co\/fr\/wp-json\/wp\/v2\/users\/2"}],"replies":[{"embeddable":true,"href":"https:\/\/zamphelmets.co\/fr\/wp-json\/wp\/v2\/comments?post=22377"}],"version-history":[{"count":1,"href":"https:\/\/zamphelmets.co\/fr\/wp-json\/wp\/v2\/pages\/22377\/revisions"}],"predecessor-version":[{"id":203591,"href":"https:\/\/zamphelmets.co\/fr\/wp-json\/wp\/v2\/pages\/22377\/revisions\/203591"}],"wp:featuredmedia":[{"embeddable":true,"href":"https:\/\/zamphelmets.co\/fr\/wp-json\/wp\/v2\/media\/17896"}],"wp:attachment":[{"href":"https:\/\/zamphelmets.co\/fr\/wp-json\/wp\/v2\/media?parent=22377"}],"curies":[{"name":"wp","href":"https:\/\/api.w.org\/{rel}","templated":true}]}}