{"id":22352,"date":"2023-12-21T10:17:19","date_gmt":"2023-12-21T10:17:19","guid":{"rendered":"https:\/\/zamphelmets.co\/modes-de-paiement\/"},"modified":"2023-12-21T10:17:19","modified_gmt":"2023-12-21T10:17:19","slug":"modes-de-paiement","status":"publish","type":"page","link":"https:\/\/zamphelmets.co\/fr\/modes-de-paiement\/","title":{"rendered":"Modes de paiement"},"content":{"rendered":"<p>Nous avons plusieurs fa\u00e7ons de payer votre commande chez Zamp Helmets EU. Vous trouverez ci-dessous plus d&rsquo;informations sur les options de paiement :<\/p>\n<h2>Payer par carte  <img decoding=\"async\" class=\"alignnone wp-image-8747 lazyload\" style=\"--smush-placeholder-width: 68px; --smush-placeholder-aspect-ratio: 68\/38;font-size: 16px;\" data-src=\"https:\/\/zamphelmets.co\/wp-content\/uploads\/2023\/12\/visa-logo-800x450-1-300x169.jpg\" alt=\"\" width=\"68\" height=\"38\" data-srcset=\"https:\/\/zamphelmets.co\/wp-content\/uploads\/2023\/12\/visa-logo-800x450-1-300x169.jpg 300w, https:\/\/zamphelmets.co\/wp-content\/uploads\/2023\/12\/visa-logo-800x450-1-768x432.jpg 768w, https:\/\/zamphelmets.co\/wp-content\/uploads\/2023\/12\/visa-logo-800x450-1-600x338.jpg 600w, https:\/\/zamphelmets.co\/wp-content\/uploads\/2023\/12\/visa-logo-800x450-1.jpg 800w\" data-sizes=\"(max-width: 68px) 100vw, 68px\" src=\"data:image\/svg+xml;base64,PHN2ZyB3aWR0aD0iMSIgaGVpZ2h0PSIxIiB4bWxucz0iaHR0cDovL3d3dy53My5vcmcvMjAwMC9zdmciPjwvc3ZnPg==\" \/><img decoding=\"async\" class=\"alignnone wp-image-8749 lazyload\" data-src=\"https:\/\/zamphelmets.co\/wp-content\/uploads\/2023\/12\/mastercard-og-image-e1703153294945-300x193.png\" alt=\"\" width=\"44\" height=\"28\" data-srcset=\"https:\/\/zamphelmets.co\/wp-content\/uploads\/2023\/12\/mastercard-og-image-e1703153294945-300x193.png 300w, https:\/\/zamphelmets.co\/wp-content\/uploads\/2023\/12\/mastercard-og-image-e1703153294945-1024x659.png 1024w, https:\/\/zamphelmets.co\/wp-content\/uploads\/2023\/12\/mastercard-og-image-e1703153294945-768x494.png 768w, https:\/\/zamphelmets.co\/wp-content\/uploads\/2023\/12\/mastercard-og-image-e1703153294945-1536x989.png 1536w, https:\/\/zamphelmets.co\/wp-content\/uploads\/2023\/12\/mastercard-og-image-e1703153294945-2048x1318.png 2048w, https:\/\/zamphelmets.co\/wp-content\/uploads\/2023\/12\/mastercard-og-image-e1703153294945-600x386.png 600w\" data-sizes=\"(max-width: 44px) 100vw, 44px\" src=\"data:image\/svg+xml;base64,PHN2ZyB3aWR0aD0iMSIgaGVpZ2h0PSIxIiB4bWxucz0iaHR0cDovL3d3dy53My5vcmcvMjAwMC9zdmciPjwvc3ZnPg==\" style=\"--smush-placeholder-width: 44px; --smush-placeholder-aspect-ratio: 44\/28;\" \/><\/h2>\n<p>Il vous suffit de saisir les d\u00e9tails de votre carte au moment du paiement et votre transaction sera g\u00e9r\u00e9e en toute s\u00e9curit\u00e9 par Stripe.<\/p>\n<h2>Revolut Pay  <img decoding=\"async\" class=\"alignnone wp-image-8750 lazyload\" data-src=\"https:\/\/zamphelmets.co\/wp-content\/uploads\/2023\/12\/Revolut-Symbol-e1703153388116-255x300.png\" alt=\"\" width=\"25\" height=\"29\" data-srcset=\"https:\/\/zamphelmets.co\/wp-content\/uploads\/2023\/12\/Revolut-Symbol-e1703153388116-255x300.png 255w, https:\/\/zamphelmets.co\/wp-content\/uploads\/2023\/12\/Revolut-Symbol-e1703153388116.png 382w\" data-sizes=\"(max-width: 25px) 100vw, 25px\" src=\"data:image\/svg+xml;base64,PHN2ZyB3aWR0aD0iMSIgaGVpZ2h0PSIxIiB4bWxucz0iaHR0cDovL3d3dy53My5vcmcvMjAwMC9zdmciPjwvc3ZnPg==\" style=\"--smush-placeholder-width: 25px; --smush-placeholder-aspect-ratio: 25\/29;\" \/><\/h2>\n<p>Une m\u00e9thode de paiement populaire pour ceux qui souhaitent b\u00e9n\u00e9ficier de cashback et \u00e9viter les frais suppl\u00e9mentaires avec une carte et un compte Revolut.<\/p>\n<h2>SOFORT  <img decoding=\"async\" class=\"alignnone wp-image-8751 lazyload\" data-src=\"https:\/\/zamphelmets.co\/wp-content\/uploads\/2023\/12\/sofort-logo1-300x120.webp\" alt=\"\" width=\"90\" height=\"36\" data-srcset=\"https:\/\/zamphelmets.co\/wp-content\/uploads\/2023\/12\/sofort-logo1-300x120.webp 300w, https:\/\/zamphelmets.co\/wp-content\/uploads\/2023\/12\/sofort-logo1.webp 400w\" data-sizes=\"(max-width: 90px) 100vw, 90px\" src=\"data:image\/svg+xml;base64,PHN2ZyB3aWR0aD0iMSIgaGVpZ2h0PSIxIiB4bWxucz0iaHR0cDovL3d3dy53My5vcmcvMjAwMC9zdmciPjwvc3ZnPg==\" style=\"--smush-placeholder-width: 90px; --smush-placeholder-aspect-ratio: 90\/36;\" \/><\/h2>\n<p>Sofort, \u00e9galement connu sous le nom de Pay Now, vous permet d&rsquo;effectuer un paiement rapide et facile de vos achats en ligne en utilisant vos coordonn\u00e9es bancaires en ligne.<\/p>\n<h2>iDeal  <img decoding=\"async\" class=\"alignnone wp-image-8752 lazyload\" data-src=\"https:\/\/zamphelmets.co\/wp-content\/uploads\/2023\/12\/1687139-300x300.png\" alt=\"\" width=\"47\" height=\"47\" data-srcset=\"https:\/\/zamphelmets.co\/wp-content\/uploads\/2023\/12\/1687139-300x300.png 300w, https:\/\/zamphelmets.co\/wp-content\/uploads\/2023\/12\/1687139-150x150.png 150w, https:\/\/zamphelmets.co\/wp-content\/uploads\/2023\/12\/1687139-100x100.png 100w, https:\/\/zamphelmets.co\/wp-content\/uploads\/2023\/12\/1687139.png 512w\" data-sizes=\"(max-width: 47px) 100vw, 47px\" src=\"data:image\/svg+xml;base64,PHN2ZyB3aWR0aD0iMSIgaGVpZ2h0PSIxIiB4bWxucz0iaHR0cDovL3d3dy53My5vcmcvMjAwMC9zdmciPjwvc3ZnPg==\" style=\"--smush-placeholder-width: 47px; --smush-placeholder-aspect-ratio: 47\/47;\" \/><\/h2>\n<p>iDEAL est une m\u00e9thode de paiement bas\u00e9e aux Pays-Bas qui permet aux clients d&rsquo;effectuer des transactions en ligne en utilisant leurs identifiants bancaires. Toutes les grandes banques n\u00e9erlandaises sont membres de Currence, le syst\u00e8me qui g\u00e8re iDEAL, ce qui en fait la m\u00e9thode de paiement en ligne la plus populaire aux Pays-Bas.<\/p>\n<h2>Klarna &#8211; Achetez maintenant, payez plus tard  <img decoding=\"async\" class=\"alignnone wp-image-8753 lazyload\" data-src=\"https:\/\/zamphelmets.co\/wp-content\/uploads\/2023\/12\/1280px-Klarna_Payment_Badge.svg_-300x167.png\" alt=\"\" width=\"60\" height=\"33\" data-srcset=\"https:\/\/zamphelmets.co\/wp-content\/uploads\/2023\/12\/1280px-Klarna_Payment_Badge.svg_-300x167.png 300w, https:\/\/zamphelmets.co\/wp-content\/uploads\/2023\/12\/1280px-Klarna_Payment_Badge.svg_-1024x570.png 1024w, https:\/\/zamphelmets.co\/wp-content\/uploads\/2023\/12\/1280px-Klarna_Payment_Badge.svg_-768x427.png 768w, https:\/\/zamphelmets.co\/wp-content\/uploads\/2023\/12\/1280px-Klarna_Payment_Badge.svg_-600x334.png 600w, https:\/\/zamphelmets.co\/wp-content\/uploads\/2023\/12\/1280px-Klarna_Payment_Badge.svg_.png 1280w\" data-sizes=\"(max-width: 60px) 100vw, 60px\" src=\"data:image\/svg+xml;base64,PHN2ZyB3aWR0aD0iMSIgaGVpZ2h0PSIxIiB4bWxucz0iaHR0cDovL3d3dy53My5vcmcvMjAwMC9zdmciPjwvc3ZnPg==\" style=\"--smush-placeholder-width: 60px; --smush-placeholder-aspect-ratio: 60\/33;\" \/><\/h2>\n<p>Avec Klarna, vous pouvez acheter maintenant et payer plus tard chez tous vos d\u00e9taillants pr\u00e9f\u00e9r\u00e9s. Divisez l&rsquo;achat en 3 versements faciles \u00e0 g\u00e9rer.<\/p>\n<h2>PayPal  <img decoding=\"async\" class=\"alignnone wp-image-8754 lazyload\" data-src=\"https:\/\/zamphelmets.co\/wp-content\/uploads\/2023\/12\/PayPal_Logo_Icon_2014.svg_-244x300.png\" alt=\"\" width=\"26\" height=\"32\" data-srcset=\"https:\/\/zamphelmets.co\/wp-content\/uploads\/2023\/12\/PayPal_Logo_Icon_2014.svg_-244x300.png 244w, https:\/\/zamphelmets.co\/wp-content\/uploads\/2023\/12\/PayPal_Logo_Icon_2014.svg_-832x1024.png 832w, https:\/\/zamphelmets.co\/wp-content\/uploads\/2023\/12\/PayPal_Logo_Icon_2014.svg_-768x945.png 768w, https:\/\/zamphelmets.co\/wp-content\/uploads\/2023\/12\/PayPal_Logo_Icon_2014.svg_-1248x1536.png 1248w, https:\/\/zamphelmets.co\/wp-content\/uploads\/2023\/12\/PayPal_Logo_Icon_2014.svg_-600x738.png 600w, https:\/\/zamphelmets.co\/wp-content\/uploads\/2023\/12\/PayPal_Logo_Icon_2014.svg_.png 1664w\" data-sizes=\"(max-width: 26px) 100vw, 26px\" src=\"data:image\/svg+xml;base64,PHN2ZyB3aWR0aD0iMSIgaGVpZ2h0PSIxIiB4bWxucz0iaHR0cDovL3d3dy53My5vcmcvMjAwMC9zdmciPjwvc3ZnPg==\" style=\"--smush-placeholder-width: 26px; --smush-placeholder-aspect-ratio: 26\/32;\" \/><\/h2>\n<p>PayPal vous permet d&rsquo;effectuer des paiements en toute s\u00e9curit\u00e9 \u00e0 des particuliers ou \u00e0 des entreprises dans le monde entier. Il n&rsquo;est pas n\u00e9cessaire de saisir vos coordonn\u00e9es bancaires, il vous suffit de vous connecter \u00e0 votre compte PayPal au moment du paiement et d&rsquo;acheter en cliquant sur un bouton.<\/p>\n<h2>Pr\u00e9l\u00e8vement automatique SEPA  <img decoding=\"async\" class=\"alignnone wp-image-8755 lazyload\" data-src=\"https:\/\/zamphelmets.co\/wp-content\/uploads\/2023\/12\/sepa1593-e1703153654243-300x298.jpg\" alt=\"\" width=\"45\" height=\"45\" data-srcset=\"https:\/\/zamphelmets.co\/wp-content\/uploads\/2023\/12\/sepa1593-e1703153654243-300x300.jpg 300w, https:\/\/zamphelmets.co\/wp-content\/uploads\/2023\/12\/sepa1593-e1703153654243-150x150.jpg 150w, https:\/\/zamphelmets.co\/wp-content\/uploads\/2023\/12\/sepa1593-e1703153654243-100x100.jpg 100w, https:\/\/zamphelmets.co\/wp-content\/uploads\/2023\/12\/sepa1593-e1703153654243.jpg 499w\" data-sizes=\"(max-width: 45px) 100vw, 45px\" src=\"data:image\/svg+xml;base64,PHN2ZyB3aWR0aD0iMSIgaGVpZ2h0PSIxIiB4bWxucz0iaHR0cDovL3d3dy53My5vcmcvMjAwMC9zdmciPjwvc3ZnPg==\" style=\"--smush-placeholder-width: 45px; --smush-placeholder-aspect-ratio: 45\/45;\" \/><\/h2>\n<p>Le pr\u00e9l\u00e8vement SEPA est un syst\u00e8me de pr\u00e9l\u00e8vement paneurop\u00e9en qui permet aux commer\u00e7ants d&rsquo;encaisser des paiements libell\u00e9s en euros \u00e0 partir de comptes situ\u00e9s dans les 34 pays de l&rsquo;espace SEPA.<\/p>\n<h2>Bancontact  <img decoding=\"async\" class=\"alignnone wp-image-8756 lazyload\" data-src=\"https:\/\/zamphelmets.co\/wp-content\/uploads\/2023\/12\/1280px-Bancontact_logo.svg_-300x213.png\" alt=\"\" width=\"61\" height=\"43\" data-srcset=\"https:\/\/zamphelmets.co\/wp-content\/uploads\/2023\/12\/1280px-Bancontact_logo.svg_-300x213.png 300w, https:\/\/zamphelmets.co\/wp-content\/uploads\/2023\/12\/1280px-Bancontact_logo.svg_-1024x726.png 1024w, https:\/\/zamphelmets.co\/wp-content\/uploads\/2023\/12\/1280px-Bancontact_logo.svg_-768x544.png 768w, https:\/\/zamphelmets.co\/wp-content\/uploads\/2023\/12\/1280px-Bancontact_logo.svg_-600x425.png 600w, https:\/\/zamphelmets.co\/wp-content\/uploads\/2023\/12\/1280px-Bancontact_logo.svg_.png 1280w\" data-sizes=\"(max-width: 61px) 100vw, 61px\" src=\"data:image\/svg+xml;base64,PHN2ZyB3aWR0aD0iMSIgaGVpZ2h0PSIxIiB4bWxucz0iaHR0cDovL3d3dy53My5vcmcvMjAwMC9zdmciPjwvc3ZnPg==\" style=\"--smush-placeholder-width: 61px; --smush-placeholder-aspect-ratio: 61\/43;\" \/><\/h2>\n<p>Les clients utilisent une carte Bancontact ou une application mobile li\u00e9e \u00e0 un compte bancaire belge pour effectuer des paiements en ligne qui sont s\u00e9curis\u00e9s, garantis et confirm\u00e9s imm\u00e9diatement.<\/p>\n<h2>Giropay  <img decoding=\"async\" class=\"alignnone wp-image-8757 lazyload\" data-src=\"https:\/\/zamphelmets.co\/wp-content\/uploads\/2023\/12\/1200px-Giropay.svg_-300x139.png\" alt=\"\" width=\"52\" height=\"24\" data-srcset=\"https:\/\/zamphelmets.co\/wp-content\/uploads\/2023\/12\/1200px-Giropay.svg_-300x139.png 300w, https:\/\/zamphelmets.co\/wp-content\/uploads\/2023\/12\/1200px-Giropay.svg_-1024x473.png 1024w, https:\/\/zamphelmets.co\/wp-content\/uploads\/2023\/12\/1200px-Giropay.svg_-768x355.png 768w, https:\/\/zamphelmets.co\/wp-content\/uploads\/2023\/12\/1200px-Giropay.svg_-600x277.png 600w, https:\/\/zamphelmets.co\/wp-content\/uploads\/2023\/12\/1200px-Giropay.svg_.png 1200w\" data-sizes=\"(max-width: 52px) 100vw, 52px\" src=\"data:image\/svg+xml;base64,PHN2ZyB3aWR0aD0iMSIgaGVpZ2h0PSIxIiB4bWxucz0iaHR0cDovL3d3dy53My5vcmcvMjAwMC9zdmciPjwvc3ZnPg==\" style=\"--smush-placeholder-width: 52px; --smush-placeholder-aspect-ratio: 52\/24;\" \/><\/h2>\n<p>Giropay est une m\u00e9thode de paiement allemande bas\u00e9e sur les services bancaires en ligne, introduite en 2006. Il permet aux clients d&rsquo;effectuer des transactions en ligne en utilisant leur environnement de banque en ligne, les fonds \u00e9tant d\u00e9bit\u00e9s de leur compte bancaire.<\/p>\n<h2>Multibanco  <img decoding=\"async\" class=\"alignnone wp-image-8758 lazyload\" data-src=\"https:\/\/zamphelmets.co\/wp-content\/uploads\/2023\/12\/multibanco-logo-vector-e1703153790341-260x300.png\" alt=\"\" width=\"39\" height=\"45\" data-srcset=\"https:\/\/zamphelmets.co\/wp-content\/uploads\/2023\/12\/multibanco-logo-vector-e1703153790341-260x300.png 260w, https:\/\/zamphelmets.co\/wp-content\/uploads\/2023\/12\/multibanco-logo-vector-e1703153790341.png 432w\" data-sizes=\"(max-width: 39px) 100vw, 39px\" src=\"data:image\/svg+xml;base64,PHN2ZyB3aWR0aD0iMSIgaGVpZ2h0PSIxIiB4bWxucz0iaHR0cDovL3d3dy53My5vcmcvMjAwMC9zdmciPjwvc3ZnPg==\" style=\"--smush-placeholder-width: 39px; --smush-placeholder-aspect-ratio: 39\/45;\" \/><\/h2>\n<p>Multibanco est la marque du syst\u00e8me de paiement national qui permet aux Portugais de payer des biens ou des services achet\u00e9s en ligne en utilisant des guichets automatiques ou des services bancaires en ligne.<\/p>\n","protected":false},"excerpt":{"rendered":"<p>Nous avons plusieurs fa\u00e7ons de payer votre commande chez Zamp Helmets EU. Vous trouverez ci-dessous plus d&rsquo;informations sur les options de paiement : Payer par carte Il vous suffit de saisir les d\u00e9tails de votre carte au moment du paiement et votre transaction sera g\u00e9r\u00e9e en toute s\u00e9curit\u00e9 par Stripe. Revolut Pay Une m\u00e9thode de [&hellip;]<\/p>\n","protected":false},"author":2,"featured_media":0,"parent":0,"menu_order":0,"comment_status":"closed","ping_status":"closed","template":"","meta":{"_acf_changed":false,"footnotes":""},"class_list":["post-22352","page","type-page","status-publish","hentry"],"acf":[],"yoast_head":"<!-- This site is optimized with the Yoast SEO plugin v27.0 - https:\/\/yoast.com\/product\/yoast-seo-wordpress\/ -->\n<title>Modes de paiement - Zamp Helmets | Helmet 28 EU<\/title>\n<meta name=\"robots\" content=\"index, follow, max-snippet:-1, max-image-preview:large, max-video-preview:-1\" \/>\n<link rel=\"canonical\" href=\"https:\/\/zamphelmets.co\/fr\/modes-de-paiement\/\" \/>\n<meta property=\"og:locale\" content=\"fr_FR\" \/>\n<meta property=\"og:type\" content=\"article\" \/>\n<meta property=\"og:title\" content=\"Modes de paiement - Zamp Helmets | Helmet 28 EU\" \/>\n<meta property=\"og:description\" content=\"Nous avons plusieurs fa\u00e7ons de payer votre commande chez Zamp Helmets EU. Vous trouverez ci-dessous plus d&rsquo;informations sur les options de paiement : Payer par carte Il vous suffit de saisir les d\u00e9tails de votre carte au moment du paiement et votre transaction sera g\u00e9r\u00e9e en toute s\u00e9curit\u00e9 par Stripe. Revolut Pay Une m\u00e9thode de [&hellip;]\" \/>\n<meta property=\"og:url\" content=\"https:\/\/zamphelmets.co\/fr\/modes-de-paiement\/\" \/>\n<meta property=\"og:site_name\" content=\"Zamp Helmets | Helmet 28 EU\" \/>\n<meta property=\"og:image\" content=\"https:\/\/zamphelmets.co\/wp-content\/uploads\/2023\/12\/visa-logo-800x450-1-300x169.jpg\" \/>\n<meta name=\"twitter:card\" content=\"summary_large_image\" \/>\n<meta name=\"twitter:label1\" content=\"Est. reading time\" \/>\n\t<meta name=\"twitter:data1\" content=\"2 minutes\" \/>\n<script type=\"application\/ld+json\" class=\"yoast-schema-graph\">{\"@context\":\"https:\/\/schema.org\",\"@graph\":[{\"@type\":\"WebPage\",\"@id\":\"https:\/\/zamphelmets.co\/fr\/modes-de-paiement\/\",\"url\":\"https:\/\/zamphelmets.co\/fr\/modes-de-paiement\/\",\"name\":\"Modes de paiement - Zamp Helmets | Helmet 28 EU\",\"isPartOf\":{\"@id\":\"https:\/\/zamphelmets.co\/fr\/#website\"},\"primaryImageOfPage\":{\"@id\":\"https:\/\/zamphelmets.co\/fr\/modes-de-paiement\/#primaryimage\"},\"image\":{\"@id\":\"https:\/\/zamphelmets.co\/fr\/modes-de-paiement\/#primaryimage\"},\"thumbnailUrl\":\"https:\/\/zamphelmets.co\/wp-content\/uploads\/2023\/12\/visa-logo-800x450-1-300x169.jpg\",\"datePublished\":\"2023-12-21T10:17:19+00:00\",\"inLanguage\":\"fr-FR\",\"potentialAction\":[{\"@type\":\"ReadAction\",\"target\":[\"https:\/\/zamphelmets.co\/fr\/modes-de-paiement\/\"]}]},{\"@type\":\"ImageObject\",\"inLanguage\":\"fr-FR\",\"@id\":\"https:\/\/zamphelmets.co\/fr\/modes-de-paiement\/#primaryimage\",\"url\":\"https:\/\/zamphelmets.co\/wp-content\/uploads\/2023\/12\/visa-logo-800x450-1-300x169.jpg\",\"contentUrl\":\"https:\/\/zamphelmets.co\/wp-content\/uploads\/2023\/12\/visa-logo-800x450-1-300x169.jpg\"},{\"@type\":\"WebSite\",\"@id\":\"https:\/\/zamphelmets.co\/fr\/#website\",\"url\":\"https:\/\/zamphelmets.co\/fr\/\",\"name\":\"Zamp Helmets | Helmet 28 EU\",\"description\":\"High Quality Motorsport Helmets\",\"potentialAction\":[{\"@type\":\"SearchAction\",\"target\":{\"@type\":\"EntryPoint\",\"urlTemplate\":\"https:\/\/zamphelmets.co\/fr\/?s={search_term_string}\"},\"query-input\":{\"@type\":\"PropertyValueSpecification\",\"valueRequired\":true,\"valueName\":\"search_term_string\"}}],\"inLanguage\":\"fr-FR\"}]}<\/script>\n<!-- \/ Yoast SEO plugin. -->","yoast_head_json":{"title":"Modes de paiement - Zamp Helmets | Helmet 28 EU","robots":{"index":"index","follow":"follow","max-snippet":"max-snippet:-1","max-image-preview":"max-image-preview:large","max-video-preview":"max-video-preview:-1"},"canonical":"https:\/\/zamphelmets.co\/fr\/modes-de-paiement\/","og_locale":"fr_FR","og_type":"article","og_title":"Modes de paiement - Zamp Helmets | Helmet 28 EU","og_description":"Nous avons plusieurs fa\u00e7ons de payer votre commande chez Zamp Helmets EU. Vous trouverez ci-dessous plus d&rsquo;informations sur les options de paiement : Payer par carte Il vous suffit de saisir les d\u00e9tails de votre carte au moment du paiement et votre transaction sera g\u00e9r\u00e9e en toute s\u00e9curit\u00e9 par Stripe. Revolut Pay Une m\u00e9thode de [&hellip;]","og_url":"https:\/\/zamphelmets.co\/fr\/modes-de-paiement\/","og_site_name":"Zamp Helmets | Helmet 28 EU","og_image":[{"url":"https:\/\/zamphelmets.co\/wp-content\/uploads\/2023\/12\/visa-logo-800x450-1-300x169.jpg","type":"","width":"","height":""}],"twitter_card":"summary_large_image","twitter_misc":{"Est. reading time":"2 minutes"},"schema":{"@context":"https:\/\/schema.org","@graph":[{"@type":"WebPage","@id":"https:\/\/zamphelmets.co\/fr\/modes-de-paiement\/","url":"https:\/\/zamphelmets.co\/fr\/modes-de-paiement\/","name":"Modes de paiement - Zamp Helmets | Helmet 28 EU","isPartOf":{"@id":"https:\/\/zamphelmets.co\/fr\/#website"},"primaryImageOfPage":{"@id":"https:\/\/zamphelmets.co\/fr\/modes-de-paiement\/#primaryimage"},"image":{"@id":"https:\/\/zamphelmets.co\/fr\/modes-de-paiement\/#primaryimage"},"thumbnailUrl":"https:\/\/zamphelmets.co\/wp-content\/uploads\/2023\/12\/visa-logo-800x450-1-300x169.jpg","datePublished":"2023-12-21T10:17:19+00:00","inLanguage":"fr-FR","potentialAction":[{"@type":"ReadAction","target":["https:\/\/zamphelmets.co\/fr\/modes-de-paiement\/"]}]},{"@type":"ImageObject","inLanguage":"fr-FR","@id":"https:\/\/zamphelmets.co\/fr\/modes-de-paiement\/#primaryimage","url":"https:\/\/zamphelmets.co\/wp-content\/uploads\/2023\/12\/visa-logo-800x450-1-300x169.jpg","contentUrl":"https:\/\/zamphelmets.co\/wp-content\/uploads\/2023\/12\/visa-logo-800x450-1-300x169.jpg"},{"@type":"WebSite","@id":"https:\/\/zamphelmets.co\/fr\/#website","url":"https:\/\/zamphelmets.co\/fr\/","name":"Zamp Helmets | Helmet 28 EU","description":"High Quality Motorsport Helmets","potentialAction":[{"@type":"SearchAction","target":{"@type":"EntryPoint","urlTemplate":"https:\/\/zamphelmets.co\/fr\/?s={search_term_string}"},"query-input":{"@type":"PropertyValueSpecification","valueRequired":true,"valueName":"search_term_string"}}],"inLanguage":"fr-FR"}]}},"_links":{"self":[{"href":"https:\/\/zamphelmets.co\/fr\/wp-json\/wp\/v2\/pages\/22352","targetHints":{"allow":["GET"]}}],"collection":[{"href":"https:\/\/zamphelmets.co\/fr\/wp-json\/wp\/v2\/pages"}],"about":[{"href":"https:\/\/zamphelmets.co\/fr\/wp-json\/wp\/v2\/types\/page"}],"author":[{"embeddable":true,"href":"https:\/\/zamphelmets.co\/fr\/wp-json\/wp\/v2\/users\/2"}],"replies":[{"embeddable":true,"href":"https:\/\/zamphelmets.co\/fr\/wp-json\/wp\/v2\/comments?post=22352"}],"version-history":[{"count":0,"href":"https:\/\/zamphelmets.co\/fr\/wp-json\/wp\/v2\/pages\/22352\/revisions"}],"wp:attachment":[{"href":"https:\/\/zamphelmets.co\/fr\/wp-json\/wp\/v2\/media?parent=22352"}],"curies":[{"name":"wp","href":"https:\/\/api.w.org\/{rel}","templated":true}]}}