{"id":22170,"date":"2021-12-17T10:10:53","date_gmt":"2021-12-17T10:10:53","guid":{"rendered":"https:\/\/zamphelmets.co\/gagnez-un-casque-rz-59-matte-grey\/"},"modified":"2021-12-17T10:10:53","modified_gmt":"2021-12-17T10:10:53","slug":"gagnez-un-casque-rz-59-matte-grey","status":"publish","type":"page","link":"https:\/\/zamphelmets.co\/fr\/gagnez-un-casque-rz-59-matte-grey\/","title":{"rendered":"Gagnez un casque RZ-59 Matte Grey !"},"content":{"rendered":"<p><strong>Nous avons fait \u00e9quipe avec <a href=\"https:\/\/www.youtube.com\/channel\/UCkOKVH-H63P7yUbtbZ25yxw\">Tom Gear<\/a> pour vous donner la chance de gagner un <a href=\"https:\/\/zamphelmets.co\/fr\/produit\/rz-59-gris-mat\/#description\">casque RZ-59 Matte Grey<\/a> ET une casquette Zamp gratuite !  <\/strong><\/p>\n<div class=\"klaviyo-form-WSmQDv\"><\/div>\n<p><img decoding=\"async\" class=\"alignleft lazyload\" data-src=\"https:\/\/zamphelmets.co\/wp-content\/uploads\/sites\/3\/2020\/08\/H77215F.jpg\" alt=\"Casque de course RZ 59 Matte Grey de Zamp Helmets\" width=\"235\" height=\"235\" src=\"data:image\/svg+xml;base64,PHN2ZyB3aWR0aD0iMSIgaGVpZ2h0PSIxIiB4bWxucz0iaHR0cDovL3d3dy53My5vcmcvMjAwMC9zdmciPjwvc3ZnPg==\" style=\"--smush-placeholder-width: 235px; --smush-placeholder-aspect-ratio: 235\/235;\">Le Zamp <a href=\"https:\/\/zamphelmets.co\/fr\/produit\/rz-59-gris-mat\/#description\">RZ-59 Matte Grey <\/a> combine la derni\u00e8re technologie de casque <a href=\"https:\/\/zamphelmets.co\/fr\/lhomologation-expliquee\/\">Snell SA2020<\/a> avec un design de qualit\u00e9 pour offrir le <em>meilleur rapport qualit\u00e9\/prix du march\u00e9 !<\/em><\/p>\n<p>Ce mod\u00e8le offre une grande ventilation et un grand confort avec un design simple et \u00e9l\u00e9gant pour aider \u00e0 rester au frais et \u00e9viter la formation de bu\u00e9e dans des conditions de course extr\u00eames. Le <a href=\"https:\/\/zamphelmets.co\/fr\/produit\/rz-59-gris-mat\/#description\">RZ-59<\/a> offre un ajustement parfait, une finition de haut niveau et le prix le plus comp\u00e9titif de l&rsquo;industrie.<\/p>\n<p><em>Pour participer, il vous suffit de remplir le formulaire ci-dessus et de surveiller vos e-mails pour savoir si vous avez \u00e9t\u00e9 choisi comme l&rsquo;heureux gagnant ! Le nom du gagnant sera annonc\u00e9 le 28 f\u00e9vrier 2022.<\/em><\/p>\n<div class=\"klaviyo-form-WSmQDv\"><\/div>\n<div><\/div>\n","protected":false},"excerpt":{"rendered":"<p>Nous avons fait \u00e9quipe avec Tom Gear pour vous donner la chance de gagner un casque RZ-59 Matte Grey ET une casquette Zamp gratuite ! Le Zamp RZ-59 Matte Grey combine la derni\u00e8re technologie de casque Snell SA2020 avec un design de qualit\u00e9 pour offrir le meilleur rapport qualit\u00e9\/prix du march\u00e9 ! Ce mod\u00e8le offre [&hellip;]<\/p>\n","protected":false},"author":2,"featured_media":0,"parent":0,"menu_order":0,"comment_status":"closed","ping_status":"closed","template":"","meta":{"_acf_changed":false,"footnotes":""},"class_list":["post-22170","page","type-page","status-publish","hentry"],"acf":[],"yoast_head":"<!-- This site is optimized with the Yoast SEO plugin v27.0 - https:\/\/yoast.com\/product\/yoast-seo-wordpress\/ -->\n<title>Gagnez un casque RZ-59 Matte Grey ! - Zamp Helmets | Helmet 28 EU<\/title>\n<meta name=\"robots\" content=\"index, follow, max-snippet:-1, max-image-preview:large, max-video-preview:-1\" \/>\n<link rel=\"canonical\" href=\"https:\/\/zamphelmets.co\/fr\/gagnez-un-casque-rz-59-matte-grey\/\" \/>\n<meta property=\"og:locale\" content=\"fr_FR\" \/>\n<meta property=\"og:type\" content=\"article\" \/>\n<meta property=\"og:title\" content=\"Gagnez un casque RZ-59 Matte Grey ! - Zamp Helmets | Helmet 28 EU\" \/>\n<meta property=\"og:description\" content=\"Nous avons fait \u00e9quipe avec Tom Gear pour vous donner la chance de gagner un casque RZ-59 Matte Grey ET une casquette Zamp gratuite ! Le Zamp RZ-59 Matte Grey combine la derni\u00e8re technologie de casque Snell SA2020 avec un design de qualit\u00e9 pour offrir le meilleur rapport qualit\u00e9\/prix du march\u00e9 ! Ce mod\u00e8le offre [&hellip;]\" \/>\n<meta property=\"og:url\" content=\"https:\/\/zamphelmets.co\/fr\/gagnez-un-casque-rz-59-matte-grey\/\" \/>\n<meta property=\"og:site_name\" content=\"Zamp Helmets | Helmet 28 EU\" \/>\n<meta property=\"og:image\" content=\"https:\/\/zamphelmets.co\/wp-content\/uploads\/sites\/3\/2020\/08\/H77215F.jpg\" \/>\n<meta name=\"twitter:card\" content=\"summary_large_image\" \/>\n<meta name=\"twitter:label1\" content=\"Est. reading time\" \/>\n\t<meta name=\"twitter:data1\" content=\"1 minute\" \/>\n<script type=\"application\/ld+json\" class=\"yoast-schema-graph\">{\"@context\":\"https:\/\/schema.org\",\"@graph\":[{\"@type\":\"WebPage\",\"@id\":\"https:\/\/zamphelmets.co\/fr\/gagnez-un-casque-rz-59-matte-grey\/\",\"url\":\"https:\/\/zamphelmets.co\/fr\/gagnez-un-casque-rz-59-matte-grey\/\",\"name\":\"Gagnez un casque RZ-59 Matte Grey ! - Zamp Helmets | Helmet 28 EU\",\"isPartOf\":{\"@id\":\"https:\/\/zamphelmets.co\/fr\/#website\"},\"primaryImageOfPage\":{\"@id\":\"https:\/\/zamphelmets.co\/fr\/gagnez-un-casque-rz-59-matte-grey\/#primaryimage\"},\"image\":{\"@id\":\"https:\/\/zamphelmets.co\/fr\/gagnez-un-casque-rz-59-matte-grey\/#primaryimage\"},\"thumbnailUrl\":\"https:\/\/zamphelmets.co\/wp-content\/uploads\/sites\/3\/2020\/08\/H77215F.jpg\",\"datePublished\":\"2021-12-17T10:10:53+00:00\",\"inLanguage\":\"fr-FR\",\"potentialAction\":[{\"@type\":\"ReadAction\",\"target\":[\"https:\/\/zamphelmets.co\/fr\/gagnez-un-casque-rz-59-matte-grey\/\"]}]},{\"@type\":\"ImageObject\",\"inLanguage\":\"fr-FR\",\"@id\":\"https:\/\/zamphelmets.co\/fr\/gagnez-un-casque-rz-59-matte-grey\/#primaryimage\",\"url\":\"https:\/\/zamphelmets.co\/wp-content\/uploads\/sites\/3\/2020\/08\/H77215F.jpg\",\"contentUrl\":\"https:\/\/zamphelmets.co\/wp-content\/uploads\/sites\/3\/2020\/08\/H77215F.jpg\"},{\"@type\":\"WebSite\",\"@id\":\"https:\/\/zamphelmets.co\/fr\/#website\",\"url\":\"https:\/\/zamphelmets.co\/fr\/\",\"name\":\"Zamp Helmets | Helmet 28 EU\",\"description\":\"High Quality Motorsport Helmets\",\"potentialAction\":[{\"@type\":\"SearchAction\",\"target\":{\"@type\":\"EntryPoint\",\"urlTemplate\":\"https:\/\/zamphelmets.co\/fr\/?s={search_term_string}\"},\"query-input\":{\"@type\":\"PropertyValueSpecification\",\"valueRequired\":true,\"valueName\":\"search_term_string\"}}],\"inLanguage\":\"fr-FR\"}]}<\/script>\n<!-- \/ Yoast SEO plugin. -->","yoast_head_json":{"title":"Gagnez un casque RZ-59 Matte Grey ! - Zamp Helmets | Helmet 28 EU","robots":{"index":"index","follow":"follow","max-snippet":"max-snippet:-1","max-image-preview":"max-image-preview:large","max-video-preview":"max-video-preview:-1"},"canonical":"https:\/\/zamphelmets.co\/fr\/gagnez-un-casque-rz-59-matte-grey\/","og_locale":"fr_FR","og_type":"article","og_title":"Gagnez un casque RZ-59 Matte Grey ! - Zamp Helmets | Helmet 28 EU","og_description":"Nous avons fait \u00e9quipe avec Tom Gear pour vous donner la chance de gagner un casque RZ-59 Matte Grey ET une casquette Zamp gratuite ! Le Zamp RZ-59 Matte Grey combine la derni\u00e8re technologie de casque Snell SA2020 avec un design de qualit\u00e9 pour offrir le meilleur rapport qualit\u00e9\/prix du march\u00e9 ! Ce mod\u00e8le offre [&hellip;]","og_url":"https:\/\/zamphelmets.co\/fr\/gagnez-un-casque-rz-59-matte-grey\/","og_site_name":"Zamp Helmets | Helmet 28 EU","og_image":[{"url":"https:\/\/zamphelmets.co\/wp-content\/uploads\/sites\/3\/2020\/08\/H77215F.jpg","type":"","width":"","height":""}],"twitter_card":"summary_large_image","twitter_misc":{"Est. reading time":"1 minute"},"schema":{"@context":"https:\/\/schema.org","@graph":[{"@type":"WebPage","@id":"https:\/\/zamphelmets.co\/fr\/gagnez-un-casque-rz-59-matte-grey\/","url":"https:\/\/zamphelmets.co\/fr\/gagnez-un-casque-rz-59-matte-grey\/","name":"Gagnez un casque RZ-59 Matte Grey ! - Zamp Helmets | Helmet 28 EU","isPartOf":{"@id":"https:\/\/zamphelmets.co\/fr\/#website"},"primaryImageOfPage":{"@id":"https:\/\/zamphelmets.co\/fr\/gagnez-un-casque-rz-59-matte-grey\/#primaryimage"},"image":{"@id":"https:\/\/zamphelmets.co\/fr\/gagnez-un-casque-rz-59-matte-grey\/#primaryimage"},"thumbnailUrl":"https:\/\/zamphelmets.co\/wp-content\/uploads\/sites\/3\/2020\/08\/H77215F.jpg","datePublished":"2021-12-17T10:10:53+00:00","inLanguage":"fr-FR","potentialAction":[{"@type":"ReadAction","target":["https:\/\/zamphelmets.co\/fr\/gagnez-un-casque-rz-59-matte-grey\/"]}]},{"@type":"ImageObject","inLanguage":"fr-FR","@id":"https:\/\/zamphelmets.co\/fr\/gagnez-un-casque-rz-59-matte-grey\/#primaryimage","url":"https:\/\/zamphelmets.co\/wp-content\/uploads\/sites\/3\/2020\/08\/H77215F.jpg","contentUrl":"https:\/\/zamphelmets.co\/wp-content\/uploads\/sites\/3\/2020\/08\/H77215F.jpg"},{"@type":"WebSite","@id":"https:\/\/zamphelmets.co\/fr\/#website","url":"https:\/\/zamphelmets.co\/fr\/","name":"Zamp Helmets | Helmet 28 EU","description":"High Quality Motorsport Helmets","potentialAction":[{"@type":"SearchAction","target":{"@type":"EntryPoint","urlTemplate":"https:\/\/zamphelmets.co\/fr\/?s={search_term_string}"},"query-input":{"@type":"PropertyValueSpecification","valueRequired":true,"valueName":"search_term_string"}}],"inLanguage":"fr-FR"}]}},"_links":{"self":[{"href":"https:\/\/zamphelmets.co\/fr\/wp-json\/wp\/v2\/pages\/22170","targetHints":{"allow":["GET"]}}],"collection":[{"href":"https:\/\/zamphelmets.co\/fr\/wp-json\/wp\/v2\/pages"}],"about":[{"href":"https:\/\/zamphelmets.co\/fr\/wp-json\/wp\/v2\/types\/page"}],"author":[{"embeddable":true,"href":"https:\/\/zamphelmets.co\/fr\/wp-json\/wp\/v2\/users\/2"}],"replies":[{"embeddable":true,"href":"https:\/\/zamphelmets.co\/fr\/wp-json\/wp\/v2\/comments?post=22170"}],"version-history":[{"count":0,"href":"https:\/\/zamphelmets.co\/fr\/wp-json\/wp\/v2\/pages\/22170\/revisions"}],"wp:attachment":[{"href":"https:\/\/zamphelmets.co\/fr\/wp-json\/wp\/v2\/media?parent=22170"}],"curies":[{"name":"wp","href":"https:\/\/api.w.org\/{rel}","templated":true}]}}