{"id":22109,"date":"2021-11-26T13:43:24","date_gmt":"2021-11-26T13:43:24","guid":{"rendered":"https:\/\/zamphelmets.co\/gagnez-un-casque-rz-59-matte-black-plus-une-casquette-zamp-2\/"},"modified":"2024-06-15T07:35:23","modified_gmt":"2024-06-15T07:35:23","slug":"gagnez-un-casque-rz-59-matte-black-plus-une-casquette-zamp-2","status":"publish","type":"page","link":"https:\/\/zamphelmets.co\/fr\/gagnez-un-casque-rz-59-matte-black-plus-une-casquette-zamp-2\/","title":{"rendered":"Gagnez un casque RZ-59 Matte Black PLUS une casquette Zamp !"},"content":{"rendered":"<p><img decoding=\"async\" class=\"wp-image-4803 aligncenter lazyload\" data-src=\"https:\/\/zamphelmets.co\/wp-content\/uploads\/sites\/3\/2021\/11\/Untitled-design-300x50.png\" alt=\"\" width=\"762\" height=\"127\" data-srcset=\"https:\/\/zamphelmets.co\/wp-content\/uploads\/2021\/11\/Untitled-design-300x50.png 300w, https:\/\/zamphelmets.co\/wp-content\/uploads\/2021\/11\/Untitled-design-1024x171.png 1024w, https:\/\/zamphelmets.co\/wp-content\/uploads\/2021\/11\/Untitled-design-768x128.png 768w, https:\/\/zamphelmets.co\/wp-content\/uploads\/2021\/11\/Untitled-design-1536x256.png 1536w, https:\/\/zamphelmets.co\/wp-content\/uploads\/2021\/11\/Untitled-design-600x100.png 600w, https:\/\/zamphelmets.co\/wp-content\/uploads\/2021\/11\/Untitled-design.png 1800w\" data-sizes=\"(max-width: 762px) 100vw, 762px\" src=\"data:image\/svg+xml;base64,PHN2ZyB3aWR0aD0iMSIgaGVpZ2h0PSIxIiB4bWxucz0iaHR0cDovL3d3dy53My5vcmcvMjAwMC9zdmciPjwvc3ZnPg==\" style=\"--smush-placeholder-width: 762px; --smush-placeholder-aspect-ratio: 762\/127;\" \/><\/p>\n<div class=\"klaviyo-form-YanjCr\"><\/div>\n<p>&nbsp;<\/p>\n<p><strong>Nous avons fait \u00e9quipe avec <a href=\"https:\/\/www.youtube.com\/channel\/UCLFEKc27sxYTT89hp3sehYg\" target=\"_blank\" rel=\"noopener\">VadoAlMax<\/a> pour vous donner la chance de gagner un <a href=\"https:\/\/zamphelmets.co\/fr\/produit\/rz-59-noir-mat\/\">casque RZ-59 Matte Black<\/a> ET une casquette Zamp gratuite !  <\/strong><\/p>\n<p><img decoding=\"async\" class=\"size-medium wp-image-4704 alignleft lazyload\" data-src=\"https:\/\/zamphelmets.co\/wp-content\/uploads\/sites\/3\/2021\/11\/H77203F-300x300.jpg\" alt=\"RZ 59 casque zamp noir mat\" width=\"300\" height=\"300\" data-srcset=\"https:\/\/zamphelmets.co\/wp-content\/uploads\/2021\/11\/H77203F-300x300.jpg 300w, https:\/\/zamphelmets.co\/wp-content\/uploads\/2021\/11\/H77203F-1024x1024.jpg 1024w, https:\/\/zamphelmets.co\/wp-content\/uploads\/2021\/11\/H77203F-150x150.jpg 150w, https:\/\/zamphelmets.co\/wp-content\/uploads\/2021\/11\/H77203F-768x768.jpg 768w, https:\/\/zamphelmets.co\/wp-content\/uploads\/2021\/11\/H77203F-600x600.jpg 600w, https:\/\/zamphelmets.co\/wp-content\/uploads\/2021\/11\/H77203F-100x100.jpg 100w, https:\/\/zamphelmets.co\/wp-content\/uploads\/2021\/11\/H77203F.jpg 1500w\" data-sizes=\"(max-width: 300px) 100vw, 300px\" src=\"data:image\/svg+xml;base64,PHN2ZyB3aWR0aD0iMSIgaGVpZ2h0PSIxIiB4bWxucz0iaHR0cDovL3d3dy53My5vcmcvMjAwMC9zdmciPjwvc3ZnPg==\" style=\"--smush-placeholder-width: 300px; --smush-placeholder-aspect-ratio: 300\/300;\" \/>Le Zamp <a href=\"https:\/\/zamphelmets.co\/fr\/produit\/rz-59-noir-mat\/#description\">RZ-59 Matte Black <\/a> combine la derni\u00e8re technologie de casque <a href=\"https:\/\/zamphelmets.co\/fr\/lhomologation-expliquee\/\">Snell SA2020<\/a> avec un design de qualit\u00e9 pour offrir le <em>meilleur rapport qualit\u00e9\/prix du march\u00e9 !<\/em><\/p>\n<p>Ce mod\u00e8le offre une grande ventilation et un grand confort avec un design simple et \u00e9l\u00e9gant pour aider \u00e0 rester au frais et \u00e9viter la formation de bu\u00e9e dans des conditions de course extr\u00eames. Le <a href=\"https:\/\/zamphelmets.co\/fr\/produit\/rz-59-noir-mat\/#description\">RZ-59<\/a> offre un ajustement parfait, une finition de haut niveau et le prix le plus comp\u00e9titif de l&rsquo;industrie.<\/p>\n<div><\/div>\n<p>&nbsp;<\/p>\n<p><em>Pour participer, il vous suffit de remplir le formulaire ci-dessus et de surveiller vos e-mails pour savoir si vous avez \u00e9t\u00e9 choisi comme l&rsquo;heureux gagnant ! Le concours sera cl\u00f4tur\u00e9 le lundi 7 f\u00e9vrier 2022 et le gagnant sera annonc\u00e9 et contact\u00e9 le 8 f\u00e9vrier 2022.<\/em><\/p>\n<p>&nbsp;<\/p>\n<figure id=\"attachment_4723\" aria-describedby=\"caption-attachment-4723\" style=\"width: 400px\" class=\"wp-caption aligncenter\"><img decoding=\"async\" class=\"wp-image-4723 lazyload\" data-src=\"https:\/\/zamphelmets.co\/wp-content\/uploads\/sites\/3\/2021\/11\/IMG_3354-300x294.jpg\" alt=\"\" width=\"400\" height=\"392\" data-srcset=\"https:\/\/zamphelmets.co\/wp-content\/uploads\/2021\/11\/IMG_3354-300x294.jpg 300w, https:\/\/zamphelmets.co\/wp-content\/uploads\/2021\/11\/IMG_3354-1024x1005.jpg 1024w, https:\/\/zamphelmets.co\/wp-content\/uploads\/2021\/11\/IMG_3354-768x754.jpg 768w, https:\/\/zamphelmets.co\/wp-content\/uploads\/2021\/11\/IMG_3354-600x589.jpg 600w, https:\/\/zamphelmets.co\/wp-content\/uploads\/2021\/11\/IMG_3354.jpg 1242w\" data-sizes=\"(max-width: 400px) 100vw, 400px\" src=\"data:image\/svg+xml;base64,PHN2ZyB3aWR0aD0iMSIgaGVpZ2h0PSIxIiB4bWxucz0iaHR0cDovL3d3dy53My5vcmcvMjAwMC9zdmciPjwvc3ZnPg==\" style=\"--smush-placeholder-width: 400px; --smush-placeholder-aspect-ratio: 400\/392;\" \/><figcaption id=\"caption-attachment-4723\" class=\"wp-caption-text\">(cr\u00e9dit) SnappyRacers.com<\/figcaption><\/figure>\n<div class=\"klaviyo-form-YanjCr\"><\/div>\n","protected":false},"excerpt":{"rendered":"<p>&nbsp; Nous avons fait \u00e9quipe avec VadoAlMax pour vous donner la chance de gagner un casque RZ-59 Matte Black ET une casquette Zamp gratuite ! Le Zamp RZ-59 Matte Black combine la derni\u00e8re technologie de casque Snell SA2020 avec un design de qualit\u00e9 pour offrir le meilleur rapport qualit\u00e9\/prix du march\u00e9 ! Ce mod\u00e8le offre [&hellip;]<\/p>\n","protected":false},"author":2,"featured_media":0,"parent":0,"menu_order":0,"comment_status":"closed","ping_status":"closed","template":"","meta":{"_acf_changed":false,"footnotes":""},"class_list":["post-22109","page","type-page","status-publish","hentry"],"acf":[],"yoast_head":"<!-- This site is optimized with the Yoast SEO plugin v27.0 - https:\/\/yoast.com\/product\/yoast-seo-wordpress\/ -->\n<title>Gagnez un casque RZ-59 Matte Black PLUS une casquette Zamp ! - Zamp Helmets | Helmet 28 EU<\/title>\n<meta name=\"robots\" content=\"index, follow, max-snippet:-1, max-image-preview:large, max-video-preview:-1\" \/>\n<link rel=\"canonical\" href=\"https:\/\/zamphelmets.co\/fr\/gagnez-un-casque-rz-59-matte-black-plus-une-casquette-zamp-2\/\" \/>\n<meta property=\"og:locale\" content=\"fr_FR\" \/>\n<meta property=\"og:type\" content=\"article\" \/>\n<meta property=\"og:title\" content=\"Gagnez un casque RZ-59 Matte Black PLUS une casquette Zamp ! - Zamp Helmets | Helmet 28 EU\" \/>\n<meta property=\"og:description\" content=\"&nbsp; Nous avons fait \u00e9quipe avec VadoAlMax pour vous donner la chance de gagner un casque RZ-59 Matte Black ET une casquette Zamp gratuite ! Le Zamp RZ-59 Matte Black combine la derni\u00e8re technologie de casque Snell SA2020 avec un design de qualit\u00e9 pour offrir le meilleur rapport qualit\u00e9\/prix du march\u00e9 ! Ce mod\u00e8le offre [&hellip;]\" \/>\n<meta property=\"og:url\" content=\"https:\/\/zamphelmets.co\/fr\/gagnez-un-casque-rz-59-matte-black-plus-une-casquette-zamp-2\/\" \/>\n<meta property=\"og:site_name\" content=\"Zamp Helmets | Helmet 28 EU\" \/>\n<meta property=\"article:modified_time\" content=\"2024-06-15T07:35:23+00:00\" \/>\n<meta property=\"og:image\" content=\"https:\/\/zamphelmets.co\/wp-content\/uploads\/sites\/3\/2021\/11\/Untitled-design-300x50.png\" \/>\n<meta name=\"twitter:card\" content=\"summary_large_image\" \/>\n<meta name=\"twitter:label1\" content=\"Est. reading time\" \/>\n\t<meta name=\"twitter:data1\" content=\"1 minute\" \/>\n<script type=\"application\/ld+json\" class=\"yoast-schema-graph\">{\"@context\":\"https:\/\/schema.org\",\"@graph\":[{\"@type\":\"WebPage\",\"@id\":\"https:\/\/zamphelmets.co\/fr\/gagnez-un-casque-rz-59-matte-black-plus-une-casquette-zamp-2\/\",\"url\":\"https:\/\/zamphelmets.co\/fr\/gagnez-un-casque-rz-59-matte-black-plus-une-casquette-zamp-2\/\",\"name\":\"Gagnez un casque RZ-59 Matte Black PLUS une casquette Zamp ! - Zamp Helmets | Helmet 28 EU\",\"isPartOf\":{\"@id\":\"https:\/\/zamphelmets.co\/fr\/#website\"},\"primaryImageOfPage\":{\"@id\":\"https:\/\/zamphelmets.co\/fr\/gagnez-un-casque-rz-59-matte-black-plus-une-casquette-zamp-2\/#primaryimage\"},\"image\":{\"@id\":\"https:\/\/zamphelmets.co\/fr\/gagnez-un-casque-rz-59-matte-black-plus-une-casquette-zamp-2\/#primaryimage\"},\"thumbnailUrl\":\"https:\/\/zamphelmets.co\/wp-content\/uploads\/sites\/3\/2021\/11\/Untitled-design-300x50.png\",\"datePublished\":\"2021-11-26T13:43:24+00:00\",\"dateModified\":\"2024-06-15T07:35:23+00:00\",\"inLanguage\":\"fr-FR\",\"potentialAction\":[{\"@type\":\"ReadAction\",\"target\":[\"https:\/\/zamphelmets.co\/fr\/gagnez-un-casque-rz-59-matte-black-plus-une-casquette-zamp-2\/\"]}]},{\"@type\":\"ImageObject\",\"inLanguage\":\"fr-FR\",\"@id\":\"https:\/\/zamphelmets.co\/fr\/gagnez-un-casque-rz-59-matte-black-plus-une-casquette-zamp-2\/#primaryimage\",\"url\":\"https:\/\/zamphelmets.co\/wp-content\/uploads\/sites\/3\/2021\/11\/Untitled-design-300x50.png\",\"contentUrl\":\"https:\/\/zamphelmets.co\/wp-content\/uploads\/sites\/3\/2021\/11\/Untitled-design-300x50.png\"},{\"@type\":\"WebSite\",\"@id\":\"https:\/\/zamphelmets.co\/fr\/#website\",\"url\":\"https:\/\/zamphelmets.co\/fr\/\",\"name\":\"Zamp Helmets | Helmet 28 EU\",\"description\":\"High Quality Motorsport Helmets\",\"potentialAction\":[{\"@type\":\"SearchAction\",\"target\":{\"@type\":\"EntryPoint\",\"urlTemplate\":\"https:\/\/zamphelmets.co\/fr\/?s={search_term_string}\"},\"query-input\":{\"@type\":\"PropertyValueSpecification\",\"valueRequired\":true,\"valueName\":\"search_term_string\"}}],\"inLanguage\":\"fr-FR\"}]}<\/script>\n<!-- \/ Yoast SEO plugin. -->","yoast_head_json":{"title":"Gagnez un casque RZ-59 Matte Black PLUS une casquette Zamp ! - Zamp Helmets | Helmet 28 EU","robots":{"index":"index","follow":"follow","max-snippet":"max-snippet:-1","max-image-preview":"max-image-preview:large","max-video-preview":"max-video-preview:-1"},"canonical":"https:\/\/zamphelmets.co\/fr\/gagnez-un-casque-rz-59-matte-black-plus-une-casquette-zamp-2\/","og_locale":"fr_FR","og_type":"article","og_title":"Gagnez un casque RZ-59 Matte Black PLUS une casquette Zamp ! - Zamp Helmets | Helmet 28 EU","og_description":"&nbsp; Nous avons fait \u00e9quipe avec VadoAlMax pour vous donner la chance de gagner un casque RZ-59 Matte Black ET une casquette Zamp gratuite ! Le Zamp RZ-59 Matte Black combine la derni\u00e8re technologie de casque Snell SA2020 avec un design de qualit\u00e9 pour offrir le meilleur rapport qualit\u00e9\/prix du march\u00e9 ! Ce mod\u00e8le offre [&hellip;]","og_url":"https:\/\/zamphelmets.co\/fr\/gagnez-un-casque-rz-59-matte-black-plus-une-casquette-zamp-2\/","og_site_name":"Zamp Helmets | Helmet 28 EU","article_modified_time":"2024-06-15T07:35:23+00:00","og_image":[{"url":"https:\/\/zamphelmets.co\/wp-content\/uploads\/sites\/3\/2021\/11\/Untitled-design-300x50.png","type":"","width":"","height":""}],"twitter_card":"summary_large_image","twitter_misc":{"Est. reading time":"1 minute"},"schema":{"@context":"https:\/\/schema.org","@graph":[{"@type":"WebPage","@id":"https:\/\/zamphelmets.co\/fr\/gagnez-un-casque-rz-59-matte-black-plus-une-casquette-zamp-2\/","url":"https:\/\/zamphelmets.co\/fr\/gagnez-un-casque-rz-59-matte-black-plus-une-casquette-zamp-2\/","name":"Gagnez un casque RZ-59 Matte Black PLUS une casquette Zamp ! - Zamp Helmets | Helmet 28 EU","isPartOf":{"@id":"https:\/\/zamphelmets.co\/fr\/#website"},"primaryImageOfPage":{"@id":"https:\/\/zamphelmets.co\/fr\/gagnez-un-casque-rz-59-matte-black-plus-une-casquette-zamp-2\/#primaryimage"},"image":{"@id":"https:\/\/zamphelmets.co\/fr\/gagnez-un-casque-rz-59-matte-black-plus-une-casquette-zamp-2\/#primaryimage"},"thumbnailUrl":"https:\/\/zamphelmets.co\/wp-content\/uploads\/sites\/3\/2021\/11\/Untitled-design-300x50.png","datePublished":"2021-11-26T13:43:24+00:00","dateModified":"2024-06-15T07:35:23+00:00","inLanguage":"fr-FR","potentialAction":[{"@type":"ReadAction","target":["https:\/\/zamphelmets.co\/fr\/gagnez-un-casque-rz-59-matte-black-plus-une-casquette-zamp-2\/"]}]},{"@type":"ImageObject","inLanguage":"fr-FR","@id":"https:\/\/zamphelmets.co\/fr\/gagnez-un-casque-rz-59-matte-black-plus-une-casquette-zamp-2\/#primaryimage","url":"https:\/\/zamphelmets.co\/wp-content\/uploads\/sites\/3\/2021\/11\/Untitled-design-300x50.png","contentUrl":"https:\/\/zamphelmets.co\/wp-content\/uploads\/sites\/3\/2021\/11\/Untitled-design-300x50.png"},{"@type":"WebSite","@id":"https:\/\/zamphelmets.co\/fr\/#website","url":"https:\/\/zamphelmets.co\/fr\/","name":"Zamp Helmets | Helmet 28 EU","description":"High Quality Motorsport Helmets","potentialAction":[{"@type":"SearchAction","target":{"@type":"EntryPoint","urlTemplate":"https:\/\/zamphelmets.co\/fr\/?s={search_term_string}"},"query-input":{"@type":"PropertyValueSpecification","valueRequired":true,"valueName":"search_term_string"}}],"inLanguage":"fr-FR"}]}},"_links":{"self":[{"href":"https:\/\/zamphelmets.co\/fr\/wp-json\/wp\/v2\/pages\/22109","targetHints":{"allow":["GET"]}}],"collection":[{"href":"https:\/\/zamphelmets.co\/fr\/wp-json\/wp\/v2\/pages"}],"about":[{"href":"https:\/\/zamphelmets.co\/fr\/wp-json\/wp\/v2\/types\/page"}],"author":[{"embeddable":true,"href":"https:\/\/zamphelmets.co\/fr\/wp-json\/wp\/v2\/users\/2"}],"replies":[{"embeddable":true,"href":"https:\/\/zamphelmets.co\/fr\/wp-json\/wp\/v2\/comments?post=22109"}],"version-history":[{"count":1,"href":"https:\/\/zamphelmets.co\/fr\/wp-json\/wp\/v2\/pages\/22109\/revisions"}],"predecessor-version":[{"id":22130,"href":"https:\/\/zamphelmets.co\/fr\/wp-json\/wp\/v2\/pages\/22109\/revisions\/22130"}],"wp:attachment":[{"href":"https:\/\/zamphelmets.co\/fr\/wp-json\/wp\/v2\/media?parent=22109"}],"curies":[{"name":"wp","href":"https:\/\/api.w.org\/{rel}","templated":true}]}}