{"id":22102,"date":"2021-02-25T17:21:31","date_gmt":"2021-02-25T17:21:31","guid":{"rendered":"https:\/\/zamphelmets.co\/offres-zamp-2021\/"},"modified":"2024-06-15T07:35:23","modified_gmt":"2024-06-15T07:35:23","slug":"offres-zamp-2021","status":"publish","type":"page","link":"https:\/\/zamphelmets.co\/fr\/offres-zamp-2021\/","title":{"rendered":"Offres Zamp 2021"},"content":{"rendered":"<p><img decoding=\"async\" class=\"alignnone wp-image-3202 aligncenter lazyload\" data-src=\"https:\/\/zamphelmets.co\/wp-content\/uploads\/sites\/3\/2021\/02\/Template-3_Zamp-Helmet-300x300.png\" alt=\"\" width=\"400\" height=\"400\" data-srcset=\"https:\/\/zamphelmets.co\/wp-content\/uploads\/2021\/02\/Template-3_Zamp-Helmet-300x300.png 300w, https:\/\/zamphelmets.co\/wp-content\/uploads\/2021\/02\/Template-3_Zamp-Helmet-150x150.png 150w, https:\/\/zamphelmets.co\/wp-content\/uploads\/2021\/02\/Template-3_Zamp-Helmet-768x768.png 768w, https:\/\/zamphelmets.co\/wp-content\/uploads\/2021\/02\/Template-3_Zamp-Helmet-600x600.png 600w, https:\/\/zamphelmets.co\/wp-content\/uploads\/2021\/02\/Template-3_Zamp-Helmet-100x100.png 100w, https:\/\/zamphelmets.co\/wp-content\/uploads\/2021\/02\/Template-3_Zamp-Helmet.png 1000w\" data-sizes=\"(max-width: 400px) 100vw, 400px\" src=\"data:image\/svg+xml;base64,PHN2ZyB3aWR0aD0iMSIgaGVpZ2h0PSIxIiB4bWxucz0iaHR0cDovL3d3dy53My5vcmcvMjAwMC9zdmciPjwvc3ZnPg==\" style=\"--smush-placeholder-width: 400px; --smush-placeholder-aspect-ratio: 400\/400;\" \/><\/p>\n<p><strong>D\u00e9pensez 300\u20ac et recevez un <a href=\"https:\/\/zamphelmets.co\/product\/team-zamp-package\/\">pack Team Zamp<\/a> gratuit<\/strong> &#8211; Si vous d\u00e9pensez plus de 300\u20ac, utilisez le code <strong>ZAMPDRIVER <\/strong>\u00e0 la fin de votre commande et nous vous fournirons le pack pilote indispensable &#8211; sacoche pour casque, casquette Zamp et kit d&rsquo;autocollants.<\/p>\n<p><img decoding=\"async\" class=\"alignnone wp-image-3201 aligncenter lazyload\" data-src=\"https:\/\/zamphelmets.co\/wp-content\/uploads\/sites\/3\/2021\/02\/Template-2_Zamp-Helmet-300x300.png\" alt=\"\" width=\"400\" height=\"400\" data-srcset=\"https:\/\/zamphelmets.co\/wp-content\/uploads\/2021\/02\/Template-2_Zamp-Helmet-300x300.png 300w, https:\/\/zamphelmets.co\/wp-content\/uploads\/2021\/02\/Template-2_Zamp-Helmet-150x150.png 150w, https:\/\/zamphelmets.co\/wp-content\/uploads\/2021\/02\/Template-2_Zamp-Helmet-768x768.png 768w, https:\/\/zamphelmets.co\/wp-content\/uploads\/2021\/02\/Template-2_Zamp-Helmet-600x600.png 600w, https:\/\/zamphelmets.co\/wp-content\/uploads\/2021\/02\/Template-2_Zamp-Helmet-100x100.png 100w, https:\/\/zamphelmets.co\/wp-content\/uploads\/2021\/02\/Template-2_Zamp-Helmet.png 1000w\" data-sizes=\"(max-width: 400px) 100vw, 400px\" src=\"data:image\/svg+xml;base64,PHN2ZyB3aWR0aD0iMSIgaGVpZ2h0PSIxIiB4bWxucz0iaHR0cDovL3d3dy53My5vcmcvMjAwMC9zdmciPjwvc3ZnPg==\" style=\"--smush-placeholder-width: 400px; --smush-placeholder-aspect-ratio: 400\/400;\" \/><strong>D\u00e9pensez 500 \u20ac et recevez<\/strong> une <strong> <a href=\"https:\/\/zamphelmets.co\/fr\/produit\/visieres-z20\/\">visi\u00e8re \u00e0 prisme Z20 <\/a><\/strong> gratuite &#8211; En d\u00e9pensant plus de 500 \u20ac, vous aurez droit \u00e0 une visi\u00e8re \u00e0 prisme gratuite. Disponibles en 3 couleurs \u00e9tonnantes Or\/Bleu\/Rouge, ces visi\u00e8res sont compatibles avec tous les casques du site. Il vous suffit d&rsquo;utiliser le code <strong>FREEPRISM <\/strong>lors du paiement.<\/p>\n<p><strong>*La visi\u00e8re PRISM DOIT \u00eatre dans votre panier pour que le code fonctionne.<\/strong><\/p>\n<p>&nbsp;<\/p>\n<p>EXPIRATION PROCHAINE !<\/p>\n","protected":false},"excerpt":{"rendered":"<p>D\u00e9pensez 300\u20ac et recevez un pack Team Zamp gratuit &#8211; Si vous d\u00e9pensez plus de 300\u20ac, utilisez le code ZAMPDRIVER \u00e0 la fin de votre commande et nous vous fournirons le pack pilote indispensable &#8211; sacoche pour casque, casquette Zamp et kit d&rsquo;autocollants. D\u00e9pensez 500 \u20ac et recevez une visi\u00e8re \u00e0 prisme Z20 gratuite &#8211; [&hellip;]<\/p>\n","protected":false},"author":2,"featured_media":0,"parent":0,"menu_order":0,"comment_status":"closed","ping_status":"closed","template":"templates\/fullwidth.php","meta":{"_acf_changed":false,"footnotes":""},"class_list":["post-22102","page","type-page","status-publish","hentry"],"acf":[],"yoast_head":"<!-- This site is optimized with the Yoast SEO plugin v27.0 - https:\/\/yoast.com\/product\/yoast-seo-wordpress\/ -->\n<title>Offres Zamp 2021 - Zamp Helmets | Helmet 28 EU<\/title>\n<meta name=\"robots\" content=\"index, follow, max-snippet:-1, max-image-preview:large, max-video-preview:-1\" \/>\n<link rel=\"canonical\" href=\"https:\/\/zamphelmets.co\/fr\/offres-zamp-2021\/\" \/>\n<meta property=\"og:locale\" content=\"fr_FR\" \/>\n<meta property=\"og:type\" content=\"article\" \/>\n<meta property=\"og:title\" content=\"Offres Zamp 2021 - Zamp Helmets | Helmet 28 EU\" \/>\n<meta property=\"og:description\" content=\"D\u00e9pensez 300\u20ac et recevez un pack Team Zamp gratuit &#8211; Si vous d\u00e9pensez plus de 300\u20ac, utilisez le code ZAMPDRIVER \u00e0 la fin de votre commande et nous vous fournirons le pack pilote indispensable &#8211; sacoche pour casque, casquette Zamp et kit d&rsquo;autocollants. D\u00e9pensez 500 \u20ac et recevez une visi\u00e8re \u00e0 prisme Z20 gratuite &#8211; [&hellip;]\" \/>\n<meta property=\"og:url\" content=\"https:\/\/zamphelmets.co\/fr\/offres-zamp-2021\/\" \/>\n<meta property=\"og:site_name\" content=\"Zamp Helmets | Helmet 28 EU\" \/>\n<meta property=\"article:modified_time\" content=\"2024-06-15T07:35:23+00:00\" \/>\n<meta property=\"og:image\" content=\"https:\/\/zamphelmets.co\/wp-content\/uploads\/sites\/3\/2021\/02\/Template-3_Zamp-Helmet-300x300.png\" \/>\n<meta name=\"twitter:card\" content=\"summary_large_image\" \/>\n<meta name=\"twitter:label1\" content=\"Est. reading time\" \/>\n\t<meta name=\"twitter:data1\" content=\"1 minute\" \/>\n<script type=\"application\/ld+json\" class=\"yoast-schema-graph\">{\"@context\":\"https:\/\/schema.org\",\"@graph\":[{\"@type\":\"WebPage\",\"@id\":\"https:\/\/zamphelmets.co\/fr\/offres-zamp-2021\/\",\"url\":\"https:\/\/zamphelmets.co\/fr\/offres-zamp-2021\/\",\"name\":\"Offres Zamp 2021 - Zamp Helmets | Helmet 28 EU\",\"isPartOf\":{\"@id\":\"https:\/\/zamphelmets.co\/fr\/#website\"},\"primaryImageOfPage\":{\"@id\":\"https:\/\/zamphelmets.co\/fr\/offres-zamp-2021\/#primaryimage\"},\"image\":{\"@id\":\"https:\/\/zamphelmets.co\/fr\/offres-zamp-2021\/#primaryimage\"},\"thumbnailUrl\":\"https:\/\/zamphelmets.co\/wp-content\/uploads\/sites\/3\/2021\/02\/Template-3_Zamp-Helmet-300x300.png\",\"datePublished\":\"2021-02-25T17:21:31+00:00\",\"dateModified\":\"2024-06-15T07:35:23+00:00\",\"inLanguage\":\"fr-FR\",\"potentialAction\":[{\"@type\":\"ReadAction\",\"target\":[\"https:\/\/zamphelmets.co\/fr\/offres-zamp-2021\/\"]}]},{\"@type\":\"ImageObject\",\"inLanguage\":\"fr-FR\",\"@id\":\"https:\/\/zamphelmets.co\/fr\/offres-zamp-2021\/#primaryimage\",\"url\":\"https:\/\/zamphelmets.co\/wp-content\/uploads\/sites\/3\/2021\/02\/Template-3_Zamp-Helmet-300x300.png\",\"contentUrl\":\"https:\/\/zamphelmets.co\/wp-content\/uploads\/sites\/3\/2021\/02\/Template-3_Zamp-Helmet-300x300.png\"},{\"@type\":\"WebSite\",\"@id\":\"https:\/\/zamphelmets.co\/fr\/#website\",\"url\":\"https:\/\/zamphelmets.co\/fr\/\",\"name\":\"Zamp Helmets | Helmet 28 EU\",\"description\":\"High Quality Motorsport Helmets\",\"potentialAction\":[{\"@type\":\"SearchAction\",\"target\":{\"@type\":\"EntryPoint\",\"urlTemplate\":\"https:\/\/zamphelmets.co\/fr\/?s={search_term_string}\"},\"query-input\":{\"@type\":\"PropertyValueSpecification\",\"valueRequired\":true,\"valueName\":\"search_term_string\"}}],\"inLanguage\":\"fr-FR\"}]}<\/script>\n<!-- \/ Yoast SEO plugin. -->","yoast_head_json":{"title":"Offres Zamp 2021 - Zamp Helmets | Helmet 28 EU","robots":{"index":"index","follow":"follow","max-snippet":"max-snippet:-1","max-image-preview":"max-image-preview:large","max-video-preview":"max-video-preview:-1"},"canonical":"https:\/\/zamphelmets.co\/fr\/offres-zamp-2021\/","og_locale":"fr_FR","og_type":"article","og_title":"Offres Zamp 2021 - Zamp Helmets | Helmet 28 EU","og_description":"D\u00e9pensez 300\u20ac et recevez un pack Team Zamp gratuit &#8211; Si vous d\u00e9pensez plus de 300\u20ac, utilisez le code ZAMPDRIVER \u00e0 la fin de votre commande et nous vous fournirons le pack pilote indispensable &#8211; sacoche pour casque, casquette Zamp et kit d&rsquo;autocollants. D\u00e9pensez 500 \u20ac et recevez une visi\u00e8re \u00e0 prisme Z20 gratuite &#8211; [&hellip;]","og_url":"https:\/\/zamphelmets.co\/fr\/offres-zamp-2021\/","og_site_name":"Zamp Helmets | Helmet 28 EU","article_modified_time":"2024-06-15T07:35:23+00:00","og_image":[{"url":"https:\/\/zamphelmets.co\/wp-content\/uploads\/sites\/3\/2021\/02\/Template-3_Zamp-Helmet-300x300.png","type":"","width":"","height":""}],"twitter_card":"summary_large_image","twitter_misc":{"Est. reading time":"1 minute"},"schema":{"@context":"https:\/\/schema.org","@graph":[{"@type":"WebPage","@id":"https:\/\/zamphelmets.co\/fr\/offres-zamp-2021\/","url":"https:\/\/zamphelmets.co\/fr\/offres-zamp-2021\/","name":"Offres Zamp 2021 - Zamp Helmets | Helmet 28 EU","isPartOf":{"@id":"https:\/\/zamphelmets.co\/fr\/#website"},"primaryImageOfPage":{"@id":"https:\/\/zamphelmets.co\/fr\/offres-zamp-2021\/#primaryimage"},"image":{"@id":"https:\/\/zamphelmets.co\/fr\/offres-zamp-2021\/#primaryimage"},"thumbnailUrl":"https:\/\/zamphelmets.co\/wp-content\/uploads\/sites\/3\/2021\/02\/Template-3_Zamp-Helmet-300x300.png","datePublished":"2021-02-25T17:21:31+00:00","dateModified":"2024-06-15T07:35:23+00:00","inLanguage":"fr-FR","potentialAction":[{"@type":"ReadAction","target":["https:\/\/zamphelmets.co\/fr\/offres-zamp-2021\/"]}]},{"@type":"ImageObject","inLanguage":"fr-FR","@id":"https:\/\/zamphelmets.co\/fr\/offres-zamp-2021\/#primaryimage","url":"https:\/\/zamphelmets.co\/wp-content\/uploads\/sites\/3\/2021\/02\/Template-3_Zamp-Helmet-300x300.png","contentUrl":"https:\/\/zamphelmets.co\/wp-content\/uploads\/sites\/3\/2021\/02\/Template-3_Zamp-Helmet-300x300.png"},{"@type":"WebSite","@id":"https:\/\/zamphelmets.co\/fr\/#website","url":"https:\/\/zamphelmets.co\/fr\/","name":"Zamp Helmets | Helmet 28 EU","description":"High Quality Motorsport Helmets","potentialAction":[{"@type":"SearchAction","target":{"@type":"EntryPoint","urlTemplate":"https:\/\/zamphelmets.co\/fr\/?s={search_term_string}"},"query-input":{"@type":"PropertyValueSpecification","valueRequired":true,"valueName":"search_term_string"}}],"inLanguage":"fr-FR"}]}},"_links":{"self":[{"href":"https:\/\/zamphelmets.co\/fr\/wp-json\/wp\/v2\/pages\/22102","targetHints":{"allow":["GET"]}}],"collection":[{"href":"https:\/\/zamphelmets.co\/fr\/wp-json\/wp\/v2\/pages"}],"about":[{"href":"https:\/\/zamphelmets.co\/fr\/wp-json\/wp\/v2\/types\/page"}],"author":[{"embeddable":true,"href":"https:\/\/zamphelmets.co\/fr\/wp-json\/wp\/v2\/users\/2"}],"replies":[{"embeddable":true,"href":"https:\/\/zamphelmets.co\/fr\/wp-json\/wp\/v2\/comments?post=22102"}],"version-history":[{"count":1,"href":"https:\/\/zamphelmets.co\/fr\/wp-json\/wp\/v2\/pages\/22102\/revisions"}],"predecessor-version":[{"id":22111,"href":"https:\/\/zamphelmets.co\/fr\/wp-json\/wp\/v2\/pages\/22102\/revisions\/22111"}],"wp:attachment":[{"href":"https:\/\/zamphelmets.co\/fr\/wp-json\/wp\/v2\/media?parent=22102"}],"curies":[{"name":"wp","href":"https:\/\/api.w.org\/{rel}","templated":true}]}}