{"id":22059,"date":"2020-11-24T12:30:52","date_gmt":"2020-11-24T12:30:52","guid":{"rendered":"https:\/\/zamphelmets.co\/contact\/formulaire-dinscription-des-ambassadeurs\/"},"modified":"2020-11-24T12:30:52","modified_gmt":"2020-11-24T12:30:52","slug":"formulaire-dinscription-des-ambassadeurs","status":"publish","type":"page","link":"https:\/\/zamphelmets.co\/fr\/contact\/formulaire-dinscription-des-ambassadeurs\/","title":{"rendered":"Formulaire d&rsquo;inscription des ambassadeurs"},"content":{"rendered":"<p><strong>Vous souhaitez devenir ambassadeur de <a href=\"https:\/\/zamphelmets.co\/product-category\/zamp-helmets\/\">Zamp Helmets<\/a>? Veuillez remplir le formulaire ci-dessous et un membre de notre \u00e9quipe vous contactera pour \u00e9valuer votre candidature d&rsquo;ambassadeur.<\/strong><\/p>\n<p>Zamp Helmets propose des <a href=\"https:\/\/zamphelmets.co\/product-category\/zamp-helmets\/\">casques de qualit\u00e9 sup\u00e9rieure<\/a> dot\u00e9s d&rsquo;une technologie de pointe \u00e0 un prix abordable.<\/p>\n<p>Fond\u00e9e aux \u00c9tats-Unis, la soci\u00e9t\u00e9 Zamp est r\u00e9put\u00e9e pour offrir une qualit\u00e9 incroyable \u00e0 un <a href=\"https:\/\/zamphelmets.co\/product-category\/zamp-helmets\/\">prix extr\u00eamement comp\u00e9titif<\/a>. Si vous les comparez \u00e0 d&rsquo;autres marques sur le march\u00e9, vous constaterez que nos produits offrent le meilleur rapport qualit\u00e9-prix, les meilleures caract\u00e9ristiques et le meilleur design. Nous pensons que les courses ne doivent pas \u00eatre restrictives et interdire la participation en raison du prix. Nous voulons faciliter la participation d&rsquo;un groupe de personnes aussi large que possible.<\/p>\n<p>Que vous pratiquiez le sport automobile en club, le karting ou les s\u00e9ries de courses les plus prestigieuses au monde, Zamp a le casque qu&rsquo;il vous faut.<\/p>\n<p>L&rsquo;entr\u00e9e sur le march\u00e9 du <a href=\"https:\/\/zamphelmets.co\/product\/rz-56\/\">Full Face RZ 56<\/a>, parfait pour les jours de piste et les courses dans les fosses closes. Pour notre <a href=\"https:\/\/zamphelmets.co\/fr\/produit\/interrupteur-rz-70e-orange-jaune\/#description\">casque<\/a> r\u00e9volutionnaire <a href=\"https:\/\/zamphelmets.co\/fr\/produit\/interrupteur-rz-70e-orange-jaune\/#description\">RZ 70E Switch Hel<\/a>met, qui vous permet de configurer facilement votre casque pour une vari\u00e9t\u00e9 de configurations de course. La gamme Zamp propose des casques standard blancs et noirs, ainsi qu&rsquo;une gamme \u00e9tonnante de casques peints et graphiques.<\/p>\n<h5><\/h5>\n<p><div class=\"afwc_reg_form_wrapper\"><form action=\"#\" id=\"afwc_registration_form\"><div class=\"afwc_reg_field_wrapper afwc_reg_email \"><label for=\"afwc_reg_email\" class=\"afwc_required\">Email<\/label><input type=\"email\" id=\"afwc_reg_email\" name=\"afwc_reg_email\" required class=\"afwc_reg_form_field\"\/><\/div><div class=\"afwc_reg_field_wrapper afwc_reg_first_name afwc_is_half\"><label for=\"afwc_reg_first_name\" class=\"afwc_\">First Name<\/label><input type=\"text\" id=\"afwc_reg_first_name\" name=\"afwc_reg_first_name\"  class=\"afwc_reg_form_field\"\/><\/div><div class=\"afwc_reg_field_wrapper afwc_reg_last_name afwc_is_half\"><label for=\"afwc_reg_last_name\" class=\"afwc_\">Last Name<\/label><input type=\"text\" id=\"afwc_reg_last_name\" name=\"afwc_reg_last_name\"  class=\"afwc_reg_form_field\"\/><\/div><div class=\"afwc_reg_field_wrapper afwc_reg_phone_no afwc_is_half\"><label for=\"afwc_reg_phone_no\" class=\"afwc_\">Phone Number<\/label><input type=\"tel\" id=\"afwc_reg_phone_no\" name=\"afwc_reg_phone_no\"  class=\"afwc_reg_form_field\"\/><\/div><div class=\"afwc_reg_field_wrapper afwc_reg_skype afwc_is_half\"><label for=\"afwc_reg_skype\" class=\"afwc_\">Skype ID<\/label><input type=\"text\" id=\"afwc_reg_skype\" name=\"afwc_reg_skype\"  class=\"afwc_reg_form_field\"\/><\/div><div class=\"afwc_reg_field_wrapper afwc_reg_website \"><label for=\"afwc_reg_website\" class=\"afwc_\">Website<\/label><input type=\"text\" id=\"afwc_reg_website\" name=\"afwc_reg_website\"  class=\"afwc_reg_form_field\"\/><\/div><div class=\"afwc_reg_field_wrapper afwc_reg_password afwc_is_half\"><label for=\"afwc_reg_password\" class=\"afwc_required\">Password<\/label><input type=\"password\" id=\"afwc_reg_password\" name=\"afwc_reg_password\" required class=\"afwc_reg_form_field\"\/><\/div><div class=\"afwc_reg_field_wrapper afwc_reg_confirm_password afwc_is_half\"><label for=\"afwc_reg_confirm_password\" class=\"afwc_required\">Confirm Password<\/label><input type=\"password\" id=\"afwc_reg_confirm_password\" name=\"afwc_reg_confirm_password\" required class=\"afwc_reg_form_field\"\/><\/div><div class=\"afwc_reg_field_wrapper afwc_reg_desc \"><label for=\"afwc_reg_desc\" class=\"afwc_required\">Tell us more about yourself and why you'd like to partner with us (please include your social media handles, experience promoting others, tell us about your audience etc)<\/label><textarea name=\"afwc_reg_desc\" id=\"afwc_reg_desc\" required size=\"100\" rows=\"5\" cols=\"58\" class=\"afwc_reg_form_field\"><\/textarea><\/div><div class=\"afwc_reg_field_wrapper afwc_reg_terms \"><label for=\"afwc_reg_terms\" class=\"afwc_required\"><input type=\"checkbox\" id=\"afwc_reg_terms\" name=\"afwc_reg_terms\" required class=\"afwc_reg_form_field\"\/> I accept all the terms of this program<\/label><\/div><input type=\"hidden\" name=\"afwc_registration\" id=\"afwc_registration\" value=\"aa0f24ef49\"\/><label style=\"position:absolute;top:-99999px;left:-99999px;z-index:-99;\"><input type=\"text\" name=\"afwc_hp_email\"  tabindex=\"-1\" autocomplete=\"-1\" value=\"\"\/><\/label><div class=\"afwc_reg_field_wrapper\"><input type=\"submit\" name=\"submit\" class=\"afwc_registration_form_submit\" id=\"afwc_registration_form_submit\" value=\"Submit\"\/><div class=\"afwc_reg_loader\"><img decoding=\"async\" data-src=\"https:\/\/zamphelmets.co\/wp-content\/plugins\/woocommerce\/assets\/images\/wpspin-2x.gif\" src=\"data:image\/svg+xml;base64,PHN2ZyB3aWR0aD0iMSIgaGVpZ2h0PSIxIiB4bWxucz0iaHR0cDovL3d3dy53My5vcmcvMjAwMC9zdmciPjwvc3ZnPg==\" class=\"lazyload\" style=\"--smush-placeholder-width: 32px; --smush-placeholder-aspect-ratio: 32\/32;\" \/><\/div><\/div><div class=\"afwc_reg_message\"><\/div><\/form><\/div><img decoding=\"async\" class=\"alignnone wp-image-2748 size-medium lazyload\" data-src=\"https:\/\/zamphelmets.co\/wp-content\/uploads\/2020\/11\/a9c4171a-b48e-419a-96b8-c046b8b23d2c-238x300.png\" alt=\"ambassadeur des casques zamp\" width=\"238\" height=\"300\" data-srcset=\"https:\/\/zamphelmets.co\/wp-content\/uploads\/2020\/11\/a9c4171a-b48e-419a-96b8-c046b8b23d2c-238x300.png 238w, https:\/\/zamphelmets.co\/wp-content\/uploads\/2020\/11\/a9c4171a-b48e-419a-96b8-c046b8b23d2c.png 535w\" data-sizes=\"(max-width: 238px) 100vw, 238px\" src=\"data:image\/svg+xml;base64,PHN2ZyB3aWR0aD0iMSIgaGVpZ2h0PSIxIiB4bWxucz0iaHR0cDovL3d3dy53My5vcmcvMjAwMC9zdmciPjwvc3ZnPg==\" style=\"--smush-placeholder-width: 238px; --smush-placeholder-aspect-ratio: 238\/300;\" \/><\/p>\n","protected":false},"excerpt":{"rendered":"<p>Vous souhaitez devenir ambassadeur de Zamp Helmets? Veuillez remplir le formulaire ci-dessous et un membre de notre \u00e9quipe vous contactera pour \u00e9valuer votre candidature d&rsquo;ambassadeur. Zamp Helmets propose des casques de qualit\u00e9 sup\u00e9rieure dot\u00e9s d&rsquo;une technologie de pointe \u00e0 un prix abordable. Fond\u00e9e aux \u00c9tats-Unis, la soci\u00e9t\u00e9 Zamp est r\u00e9put\u00e9e pour offrir une qualit\u00e9 incroyable [&hellip;]<\/p>\n","protected":false},"author":2,"featured_media":13591,"parent":21983,"menu_order":0,"comment_status":"closed","ping_status":"closed","template":"","meta":{"_acf_changed":false,"footnotes":""},"class_list":["post-22059","page","type-page","status-publish","has-post-thumbnail","hentry"],"acf":[],"yoast_head":"<!-- This site is optimized with the Yoast SEO plugin v27.0 - https:\/\/yoast.com\/product\/yoast-seo-wordpress\/ -->\n<title>Formulaire d&#039;inscription des ambassadeurs - Zamp Helmets | Helmet 28 EU<\/title>\n<meta name=\"description\" content=\"Vous souhaitez devenir ambassadeur de Zamp Helmets ? Veuillez remplir le formulaire ci-dessous et un membre de notre \u00e9quipe vous contactera.\" \/>\n<meta name=\"robots\" content=\"index, follow, max-snippet:-1, max-image-preview:large, max-video-preview:-1\" \/>\n<link rel=\"canonical\" href=\"https:\/\/zamphelmets.co\/fr\/contact\/formulaire-dinscription-des-ambassadeurs\/\" \/>\n<meta property=\"og:locale\" content=\"fr_FR\" \/>\n<meta property=\"og:type\" content=\"article\" \/>\n<meta property=\"og:title\" content=\"Formulaire d&#039;inscription des ambassadeurs - Zamp Helmets | Helmet 28 EU\" \/>\n<meta property=\"og:description\" content=\"Vous souhaitez devenir ambassadeur de Zamp Helmets ? Veuillez remplir le formulaire ci-dessous et un membre de notre \u00e9quipe vous contactera.\" \/>\n<meta property=\"og:url\" content=\"https:\/\/zamphelmets.co\/fr\/contact\/formulaire-dinscription-des-ambassadeurs\/\" \/>\n<meta property=\"og:site_name\" content=\"Zamp Helmets | Helmet 28 EU\" \/>\n<meta property=\"og:image\" content=\"https:\/\/zamphelmets.co\/wp-content\/uploads\/2020\/11\/a9c4171a-b48e-419a-96b8-c046b8b23d2c.png\" \/>\n\t<meta property=\"og:image:width\" content=\"535\" \/>\n\t<meta property=\"og:image:height\" content=\"674\" \/>\n\t<meta property=\"og:image:type\" content=\"image\/png\" \/>\n<meta name=\"twitter:card\" content=\"summary_large_image\" \/>\n<meta name=\"twitter:label1\" content=\"Est. reading time\" \/>\n\t<meta name=\"twitter:data1\" content=\"1 minute\" \/>\n<script type=\"application\/ld+json\" class=\"yoast-schema-graph\">{\"@context\":\"https:\/\/schema.org\",\"@graph\":[{\"@type\":\"WebPage\",\"@id\":\"https:\/\/zamphelmets.co\/fr\/contact\/formulaire-dinscription-des-ambassadeurs\/\",\"url\":\"https:\/\/zamphelmets.co\/fr\/contact\/formulaire-dinscription-des-ambassadeurs\/\",\"name\":\"Formulaire d'inscription des ambassadeurs - Zamp Helmets | Helmet 28 EU\",\"isPartOf\":{\"@id\":\"https:\/\/zamphelmets.co\/fr\/#website\"},\"primaryImageOfPage\":{\"@id\":\"https:\/\/zamphelmets.co\/fr\/contact\/formulaire-dinscription-des-ambassadeurs\/#primaryimage\"},\"image\":{\"@id\":\"https:\/\/zamphelmets.co\/fr\/contact\/formulaire-dinscription-des-ambassadeurs\/#primaryimage\"},\"thumbnailUrl\":\"https:\/\/zamphelmets.co\/wp-content\/uploads\/2020\/11\/a9c4171a-b48e-419a-96b8-c046b8b23d2c.png\",\"datePublished\":\"2020-11-24T12:30:52+00:00\",\"description\":\"Vous souhaitez devenir ambassadeur de Zamp Helmets ? Veuillez remplir le formulaire ci-dessous et un membre de notre \u00e9quipe vous contactera.\",\"breadcrumb\":{\"@id\":\"https:\/\/zamphelmets.co\/fr\/contact\/formulaire-dinscription-des-ambassadeurs\/#breadcrumb\"},\"inLanguage\":\"fr-FR\",\"potentialAction\":[{\"@type\":\"ReadAction\",\"target\":[\"https:\/\/zamphelmets.co\/fr\/contact\/formulaire-dinscription-des-ambassadeurs\/\"]}]},{\"@type\":\"ImageObject\",\"inLanguage\":\"fr-FR\",\"@id\":\"https:\/\/zamphelmets.co\/fr\/contact\/formulaire-dinscription-des-ambassadeurs\/#primaryimage\",\"url\":\"https:\/\/zamphelmets.co\/wp-content\/uploads\/2020\/11\/a9c4171a-b48e-419a-96b8-c046b8b23d2c.png\",\"contentUrl\":\"https:\/\/zamphelmets.co\/wp-content\/uploads\/2020\/11\/a9c4171a-b48e-419a-96b8-c046b8b23d2c.png\",\"width\":535,\"height\":674},{\"@type\":\"BreadcrumbList\",\"@id\":\"https:\/\/zamphelmets.co\/fr\/contact\/formulaire-dinscription-des-ambassadeurs\/#breadcrumb\",\"itemListElement\":[{\"@type\":\"ListItem\",\"position\":1,\"name\":\"Contact\",\"item\":\"https:\/\/zamphelmets.co\/fr\/contact\/\"},{\"@type\":\"ListItem\",\"position\":2,\"name\":\"Formulaire d&#8217;inscription des ambassadeurs\"}]},{\"@type\":\"WebSite\",\"@id\":\"https:\/\/zamphelmets.co\/fr\/#website\",\"url\":\"https:\/\/zamphelmets.co\/fr\/\",\"name\":\"Zamp Helmets | Helmet 28 EU\",\"description\":\"High Quality Motorsport Helmets\",\"potentialAction\":[{\"@type\":\"SearchAction\",\"target\":{\"@type\":\"EntryPoint\",\"urlTemplate\":\"https:\/\/zamphelmets.co\/fr\/?s={search_term_string}\"},\"query-input\":{\"@type\":\"PropertyValueSpecification\",\"valueRequired\":true,\"valueName\":\"search_term_string\"}}],\"inLanguage\":\"fr-FR\"}]}<\/script>\n<!-- \/ Yoast SEO plugin. -->","yoast_head_json":{"title":"Formulaire d'inscription des ambassadeurs - Zamp Helmets | Helmet 28 EU","description":"Vous souhaitez devenir ambassadeur de Zamp Helmets ? Veuillez remplir le formulaire ci-dessous et un membre de notre \u00e9quipe vous contactera.","robots":{"index":"index","follow":"follow","max-snippet":"max-snippet:-1","max-image-preview":"max-image-preview:large","max-video-preview":"max-video-preview:-1"},"canonical":"https:\/\/zamphelmets.co\/fr\/contact\/formulaire-dinscription-des-ambassadeurs\/","og_locale":"fr_FR","og_type":"article","og_title":"Formulaire d'inscription des ambassadeurs - Zamp Helmets | Helmet 28 EU","og_description":"Vous souhaitez devenir ambassadeur de Zamp Helmets ? Veuillez remplir le formulaire ci-dessous et un membre de notre \u00e9quipe vous contactera.","og_url":"https:\/\/zamphelmets.co\/fr\/contact\/formulaire-dinscription-des-ambassadeurs\/","og_site_name":"Zamp Helmets | Helmet 28 EU","og_image":[{"width":535,"height":674,"url":"https:\/\/zamphelmets.co\/wp-content\/uploads\/2020\/11\/a9c4171a-b48e-419a-96b8-c046b8b23d2c.png","type":"image\/png"}],"twitter_card":"summary_large_image","twitter_misc":{"Est. reading time":"1 minute"},"schema":{"@context":"https:\/\/schema.org","@graph":[{"@type":"WebPage","@id":"https:\/\/zamphelmets.co\/fr\/contact\/formulaire-dinscription-des-ambassadeurs\/","url":"https:\/\/zamphelmets.co\/fr\/contact\/formulaire-dinscription-des-ambassadeurs\/","name":"Formulaire d'inscription des ambassadeurs - Zamp Helmets | Helmet 28 EU","isPartOf":{"@id":"https:\/\/zamphelmets.co\/fr\/#website"},"primaryImageOfPage":{"@id":"https:\/\/zamphelmets.co\/fr\/contact\/formulaire-dinscription-des-ambassadeurs\/#primaryimage"},"image":{"@id":"https:\/\/zamphelmets.co\/fr\/contact\/formulaire-dinscription-des-ambassadeurs\/#primaryimage"},"thumbnailUrl":"https:\/\/zamphelmets.co\/wp-content\/uploads\/2020\/11\/a9c4171a-b48e-419a-96b8-c046b8b23d2c.png","datePublished":"2020-11-24T12:30:52+00:00","description":"Vous souhaitez devenir ambassadeur de Zamp Helmets ? Veuillez remplir le formulaire ci-dessous et un membre de notre \u00e9quipe vous contactera.","breadcrumb":{"@id":"https:\/\/zamphelmets.co\/fr\/contact\/formulaire-dinscription-des-ambassadeurs\/#breadcrumb"},"inLanguage":"fr-FR","potentialAction":[{"@type":"ReadAction","target":["https:\/\/zamphelmets.co\/fr\/contact\/formulaire-dinscription-des-ambassadeurs\/"]}]},{"@type":"ImageObject","inLanguage":"fr-FR","@id":"https:\/\/zamphelmets.co\/fr\/contact\/formulaire-dinscription-des-ambassadeurs\/#primaryimage","url":"https:\/\/zamphelmets.co\/wp-content\/uploads\/2020\/11\/a9c4171a-b48e-419a-96b8-c046b8b23d2c.png","contentUrl":"https:\/\/zamphelmets.co\/wp-content\/uploads\/2020\/11\/a9c4171a-b48e-419a-96b8-c046b8b23d2c.png","width":535,"height":674},{"@type":"BreadcrumbList","@id":"https:\/\/zamphelmets.co\/fr\/contact\/formulaire-dinscription-des-ambassadeurs\/#breadcrumb","itemListElement":[{"@type":"ListItem","position":1,"name":"Contact","item":"https:\/\/zamphelmets.co\/fr\/contact\/"},{"@type":"ListItem","position":2,"name":"Formulaire d&#8217;inscription des ambassadeurs"}]},{"@type":"WebSite","@id":"https:\/\/zamphelmets.co\/fr\/#website","url":"https:\/\/zamphelmets.co\/fr\/","name":"Zamp Helmets | Helmet 28 EU","description":"High Quality Motorsport Helmets","potentialAction":[{"@type":"SearchAction","target":{"@type":"EntryPoint","urlTemplate":"https:\/\/zamphelmets.co\/fr\/?s={search_term_string}"},"query-input":{"@type":"PropertyValueSpecification","valueRequired":true,"valueName":"search_term_string"}}],"inLanguage":"fr-FR"}]}},"_links":{"self":[{"href":"https:\/\/zamphelmets.co\/fr\/wp-json\/wp\/v2\/pages\/22059","targetHints":{"allow":["GET"]}}],"collection":[{"href":"https:\/\/zamphelmets.co\/fr\/wp-json\/wp\/v2\/pages"}],"about":[{"href":"https:\/\/zamphelmets.co\/fr\/wp-json\/wp\/v2\/types\/page"}],"author":[{"embeddable":true,"href":"https:\/\/zamphelmets.co\/fr\/wp-json\/wp\/v2\/users\/2"}],"replies":[{"embeddable":true,"href":"https:\/\/zamphelmets.co\/fr\/wp-json\/wp\/v2\/comments?post=22059"}],"version-history":[{"count":0,"href":"https:\/\/zamphelmets.co\/fr\/wp-json\/wp\/v2\/pages\/22059\/revisions"}],"up":[{"embeddable":true,"href":"https:\/\/zamphelmets.co\/fr\/wp-json\/wp\/v2\/pages\/21983"}],"wp:featuredmedia":[{"embeddable":true,"href":"https:\/\/zamphelmets.co\/fr\/wp-json\/wp\/v2\/media\/13591"}],"wp:attachment":[{"href":"https:\/\/zamphelmets.co\/fr\/wp-json\/wp\/v2\/media?parent=22059"}],"curies":[{"name":"wp","href":"https:\/\/api.w.org\/{rel}","templated":true}]}}