{"id":22024,"date":"2020-12-02T15:45:54","date_gmt":"2020-12-02T15:45:54","guid":{"rendered":"https:\/\/zamphelmets.co\/delais-dexpedition\/"},"modified":"2026-02-16T15:01:57","modified_gmt":"2026-02-16T15:01:57","slug":"delais-dexpedition","status":"publish","type":"page","link":"https:\/\/zamphelmets.co\/fr\/delais-dexpedition\/","title":{"rendered":"D\u00e9lais d&rsquo;exp\u00e9dition"},"content":{"rendered":"<p>Chez <a href=\"https:\/\/zamphelmets.co\/fr\/product-category\/zamp-fr\/casques-zamp\/\">Zamp Helmets<\/a>, nous nous effor\u00e7ons d&rsquo;exp\u00e9dier toutes les commandes le plus rapidement possible. Nous disposons d&rsquo;un entrep\u00f4t et d&rsquo;un r\u00e9seau d&rsquo;exp\u00e9dition sophistiqu\u00e9s qui nous permettent de vous faire parvenir vos envois le plus rapidement possible. Toutes les commandes sont exp\u00e9di\u00e9es <span style=\"text-decoration: underline;\"><br \/>\n  <strong>DPD suivi<\/strong><br \/>\n<\/span>.<\/p>\n<p>La plupart des envois b\u00e9n\u00e9ficient de la LIVRAISON GRATUITE, mais toutes les autres commandes sont livr\u00e9es au tarif standard. Cela d\u00e9pend du pays.<strong> <\/strong><\/p>\n<table width=\"624\">\n<tbody>\n<tr>\n<td width=\"264\"><\/td>\n<td width=\"88\"><strong>ZONE 1<\/strong><\/td>\n<td width=\"88\"><strong>ZONE 2<\/strong><\/td>\n<td width=\"88\"><strong>ZONE 3<\/strong><\/td>\n<td width=\"96\"><strong>ZONE 4<\/strong><\/td>\n<\/tr>\n<tr>\n<td>Exp\u00e9dition gratuite (si plus de)<\/td>\n<td> \u20ac 250.00<\/td>\n<td> \u20ac 300.00<\/td>\n<td> \u20ac 500.00<\/td>\n<td> \u20ac 1,500.00<\/td>\n<\/tr>\n<tr>\n<td>Frais d&rsquo;exp\u00e9dition (si inf\u00e9rieurs)<\/td>\n<td> \u20ac 7.50<\/td>\n<td> \u20ac 12.50<\/td>\n<td> \u20ac 25.00<\/td>\n<td> \u20ac 40.00<\/td>\n<\/tr>\n<\/tbody>\n<\/table>\n<p><strong>Veuillez noter que notre entrep\u00f4t europ\u00e9en est ferm\u00e9 le lundi et que, par cons\u00e9quent, aucune commande ne sera exp\u00e9di\u00e9e le lundi.<\/strong><\/p>\n<table width=\"221\">\n<tbody>\n<tr>\n<td width=\"128\">PAYS<\/td>\n<td width=\"93\">TEMPS DE TRANSIT (jours)<\/td>\n<\/tr>\n<tr>\n<td>ZONE 1<\/td>\n<td><\/td>\n<\/tr>\n<tr>\n<td>Belgique<\/td>\n<td>1-2<\/td>\n<\/tr>\n<tr>\n<td>Pays-Bas<\/td>\n<td>1-2<\/td>\n<\/tr>\n<tr>\n<td>Luxembourg<\/td>\n<td>1-2<\/td>\n<\/tr>\n<tr>\n<td>Allemagne<\/td>\n<td>1-3<\/td>\n<\/tr>\n<tr>\n<td>France<\/td>\n<td>2-4<\/td>\n<\/tr>\n<tr>\n<td><\/td>\n<td><\/td>\n<\/tr>\n<tr>\n<td>ZONE 2<\/td>\n<td><\/td>\n<\/tr>\n<tr>\n<td>ROYAUME-UNI<\/td>\n<td>3-4<\/td>\n<\/tr>\n<tr>\n<td>Danemark<\/td>\n<td>2-3<\/td>\n<\/tr>\n<tr>\n<td>Espagne<\/td>\n<td>3-5<\/td>\n<\/tr>\n<tr>\n<td>Portugal<\/td>\n<td>4-5<\/td>\n<\/tr>\n<tr>\n<td>Italie<\/td>\n<td>2-5<\/td>\n<\/tr>\n<tr>\n<td>Su\u00e8de<\/td>\n<td>3-4<\/td>\n<\/tr>\n<tr>\n<td>Autriche<\/td>\n<td>2-3<\/td>\n<\/tr>\n<tr>\n<td><\/td>\n<td><\/td>\n<\/tr>\n<tr>\n<td>ZONE 3<\/td>\n<td><\/td>\n<\/tr>\n<tr>\n<td>Finlande<\/td>\n<td>5-6<\/td>\n<\/tr>\n<tr>\n<td>Slov\u00e9nie<\/td>\n<td>2-3<\/td>\n<\/tr>\n<tr>\n<td>Slovaquie<\/td>\n<td>3-4<\/td>\n<\/tr>\n<tr>\n<td>Hongrie<\/td>\n<td>2-4<\/td>\n<\/tr>\n<tr>\n<td>Irlande<\/td>\n<td>3-4<\/td>\n<\/tr>\n<tr>\n<td>R\u00e9publique tch\u00e8que<\/td>\n<td>2-4<\/td>\n<\/tr>\n<tr>\n<td>Pologne<\/td>\n<td>2-3<\/td>\n<\/tr>\n<tr>\n<td>Estonie<\/td>\n<td>4-5<\/td>\n<\/tr>\n<tr>\n<td>Lituanie<\/td>\n<td>3-5<\/td>\n<\/tr>\n<tr>\n<td>Lettonie<\/td>\n<td>3-5<\/td>\n<\/tr>\n<tr>\n<td><\/td>\n<td><\/td>\n<\/tr>\n<tr>\n<td>ZONE 4 + Tous les autres<\/td>\n<td><\/td>\n<\/tr>\n<tr>\n<td>Croatie<\/td>\n<td>3-4<\/td>\n<\/tr>\n<tr>\n<td>Bulgarie<\/td>\n<td>4-5<\/td>\n<\/tr>\n<tr>\n<td>Gr\u00e8ce<\/td>\n<td>5-7<\/td>\n<\/tr>\n<tr>\n<td>Roumanie<\/td>\n<td>3-4<\/td>\n<\/tr>\n<\/tbody>\n<\/table>\n<p>Toutes les commandes sont exp\u00e9di\u00e9es par l&rsquo;interm\u00e9diaire de l&rsquo;entreprise de transport de premier plan <a href=\"https:\/\/www.dpd.co.uk\/\">DPD via un SERVICE D&rsquo;EXP\u00c9DITION SUIVI<\/a>. D\u00e8s que votre commande est trait\u00e9e par notre personnel de l&rsquo;entrep\u00f4t, vous recevrez un e-mail vous informant qu&rsquo;elle est en cours d&rsquo;acheminement. Cet e-mail contient un num\u00e9ro de suivi qui vous permettra de suivre le colis tout au long de son acheminement.<\/p>\n","protected":false},"excerpt":{"rendered":"<p>Chez Zamp Helmets, nous nous effor\u00e7ons d&rsquo;exp\u00e9dier toutes les commandes le plus rapidement possible. Nous disposons d&rsquo;un entrep\u00f4t et d&rsquo;un r\u00e9seau d&rsquo;exp\u00e9dition sophistiqu\u00e9s qui nous permettent de vous faire parvenir vos envois le plus rapidement possible. Toutes les commandes sont exp\u00e9di\u00e9es DPD suivi . La plupart des envois b\u00e9n\u00e9ficient de la LIVRAISON GRATUITE, mais toutes [&hellip;]<\/p>\n","protected":false},"author":2,"featured_media":0,"parent":0,"menu_order":0,"comment_status":"closed","ping_status":"closed","template":"","meta":{"_acf_changed":false,"footnotes":""},"class_list":["post-22024","page","type-page","status-publish","hentry"],"acf":[],"yoast_head":"<!-- This site is optimized with the Yoast SEO plugin v27.0 - https:\/\/yoast.com\/product\/yoast-seo-wordpress\/ -->\n<title>D\u00e9lais d&#039;exp\u00e9dition - Zamp Helmets | Helmet 28 EU<\/title>\n<meta name=\"description\" content=\"Chez Zamp Helmets, nous nous effor\u00e7ons d&#039;exp\u00e9dier toutes les commandes le plus rapidement possible. Consultez nos d\u00e9lais de livraison pour votre pays\/territoire.\" \/>\n<meta name=\"robots\" content=\"index, follow, max-snippet:-1, max-image-preview:large, max-video-preview:-1\" \/>\n<link rel=\"canonical\" href=\"https:\/\/zamphelmets.co\/fr\/delais-dexpedition\/\" \/>\n<meta property=\"og:locale\" content=\"fr_FR\" \/>\n<meta property=\"og:type\" content=\"article\" \/>\n<meta property=\"og:title\" content=\"D\u00e9lais d&#039;exp\u00e9dition - Zamp Helmets | Helmet 28 EU\" \/>\n<meta property=\"og:description\" content=\"Chez Zamp Helmets, nous nous effor\u00e7ons d&#039;exp\u00e9dier toutes les commandes le plus rapidement possible. Consultez nos d\u00e9lais de livraison pour votre pays\/territoire.\" \/>\n<meta property=\"og:url\" content=\"https:\/\/zamphelmets.co\/fr\/delais-dexpedition\/\" \/>\n<meta property=\"og:site_name\" content=\"Zamp Helmets | Helmet 28 EU\" \/>\n<meta property=\"article:modified_time\" content=\"2026-02-16T15:01:57+00:00\" \/>\n<meta name=\"twitter:card\" content=\"summary_large_image\" \/>\n<meta name=\"twitter:label1\" content=\"Est. reading time\" \/>\n\t<meta name=\"twitter:data1\" content=\"1 minute\" \/>\n<script type=\"application\/ld+json\" class=\"yoast-schema-graph\">{\"@context\":\"https:\/\/schema.org\",\"@graph\":[{\"@type\":\"WebPage\",\"@id\":\"https:\/\/zamphelmets.co\/fr\/delais-dexpedition\/\",\"url\":\"https:\/\/zamphelmets.co\/fr\/delais-dexpedition\/\",\"name\":\"D\u00e9lais d'exp\u00e9dition - Zamp Helmets | Helmet 28 EU\",\"isPartOf\":{\"@id\":\"https:\/\/zamphelmets.co\/fr\/#website\"},\"datePublished\":\"2020-12-02T15:45:54+00:00\",\"dateModified\":\"2026-02-16T15:01:57+00:00\",\"description\":\"Chez Zamp Helmets, nous nous effor\u00e7ons d'exp\u00e9dier toutes les commandes le plus rapidement possible. Consultez nos d\u00e9lais de livraison pour votre pays\/territoire.\",\"inLanguage\":\"fr-FR\",\"potentialAction\":[{\"@type\":\"ReadAction\",\"target\":[\"https:\/\/zamphelmets.co\/fr\/delais-dexpedition\/\"]}]},{\"@type\":\"WebSite\",\"@id\":\"https:\/\/zamphelmets.co\/fr\/#website\",\"url\":\"https:\/\/zamphelmets.co\/fr\/\",\"name\":\"Zamp Helmets | Helmet 28 EU\",\"description\":\"High Quality Motorsport Helmets\",\"potentialAction\":[{\"@type\":\"SearchAction\",\"target\":{\"@type\":\"EntryPoint\",\"urlTemplate\":\"https:\/\/zamphelmets.co\/fr\/?s={search_term_string}\"},\"query-input\":{\"@type\":\"PropertyValueSpecification\",\"valueRequired\":true,\"valueName\":\"search_term_string\"}}],\"inLanguage\":\"fr-FR\"}]}<\/script>\n<!-- \/ Yoast SEO plugin. -->","yoast_head_json":{"title":"D\u00e9lais d'exp\u00e9dition - Zamp Helmets | Helmet 28 EU","description":"Chez Zamp Helmets, nous nous effor\u00e7ons d'exp\u00e9dier toutes les commandes le plus rapidement possible. Consultez nos d\u00e9lais de livraison pour votre pays\/territoire.","robots":{"index":"index","follow":"follow","max-snippet":"max-snippet:-1","max-image-preview":"max-image-preview:large","max-video-preview":"max-video-preview:-1"},"canonical":"https:\/\/zamphelmets.co\/fr\/delais-dexpedition\/","og_locale":"fr_FR","og_type":"article","og_title":"D\u00e9lais d'exp\u00e9dition - Zamp Helmets | Helmet 28 EU","og_description":"Chez Zamp Helmets, nous nous effor\u00e7ons d'exp\u00e9dier toutes les commandes le plus rapidement possible. Consultez nos d\u00e9lais de livraison pour votre pays\/territoire.","og_url":"https:\/\/zamphelmets.co\/fr\/delais-dexpedition\/","og_site_name":"Zamp Helmets | Helmet 28 EU","article_modified_time":"2026-02-16T15:01:57+00:00","twitter_card":"summary_large_image","twitter_misc":{"Est. reading time":"1 minute"},"schema":{"@context":"https:\/\/schema.org","@graph":[{"@type":"WebPage","@id":"https:\/\/zamphelmets.co\/fr\/delais-dexpedition\/","url":"https:\/\/zamphelmets.co\/fr\/delais-dexpedition\/","name":"D\u00e9lais d'exp\u00e9dition - Zamp Helmets | Helmet 28 EU","isPartOf":{"@id":"https:\/\/zamphelmets.co\/fr\/#website"},"datePublished":"2020-12-02T15:45:54+00:00","dateModified":"2026-02-16T15:01:57+00:00","description":"Chez Zamp Helmets, nous nous effor\u00e7ons d'exp\u00e9dier toutes les commandes le plus rapidement possible. Consultez nos d\u00e9lais de livraison pour votre pays\/territoire.","inLanguage":"fr-FR","potentialAction":[{"@type":"ReadAction","target":["https:\/\/zamphelmets.co\/fr\/delais-dexpedition\/"]}]},{"@type":"WebSite","@id":"https:\/\/zamphelmets.co\/fr\/#website","url":"https:\/\/zamphelmets.co\/fr\/","name":"Zamp Helmets | Helmet 28 EU","description":"High Quality Motorsport Helmets","potentialAction":[{"@type":"SearchAction","target":{"@type":"EntryPoint","urlTemplate":"https:\/\/zamphelmets.co\/fr\/?s={search_term_string}"},"query-input":{"@type":"PropertyValueSpecification","valueRequired":true,"valueName":"search_term_string"}}],"inLanguage":"fr-FR"}]}},"_links":{"self":[{"href":"https:\/\/zamphelmets.co\/fr\/wp-json\/wp\/v2\/pages\/22024","targetHints":{"allow":["GET"]}}],"collection":[{"href":"https:\/\/zamphelmets.co\/fr\/wp-json\/wp\/v2\/pages"}],"about":[{"href":"https:\/\/zamphelmets.co\/fr\/wp-json\/wp\/v2\/types\/page"}],"author":[{"embeddable":true,"href":"https:\/\/zamphelmets.co\/fr\/wp-json\/wp\/v2\/users\/2"}],"replies":[{"embeddable":true,"href":"https:\/\/zamphelmets.co\/fr\/wp-json\/wp\/v2\/comments?post=22024"}],"version-history":[{"count":1,"href":"https:\/\/zamphelmets.co\/fr\/wp-json\/wp\/v2\/pages\/22024\/revisions"}],"predecessor-version":[{"id":203499,"href":"https:\/\/zamphelmets.co\/fr\/wp-json\/wp\/v2\/pages\/22024\/revisions\/203499"}],"wp:attachment":[{"href":"https:\/\/zamphelmets.co\/fr\/wp-json\/wp\/v2\/media?parent=22024"}],"curies":[{"name":"wp","href":"https:\/\/api.w.org\/{rel}","templated":true}]}}