{"id":22016,"date":"2019-01-08T14:25:04","date_gmt":"2019-01-08T14:25:04","guid":{"rendered":"https:\/\/zamphelmets.co\/a-propos-de\/"},"modified":"2026-02-16T15:02:59","modified_gmt":"2026-02-16T15:02:59","slug":"a-propos-de","status":"publish","type":"page","link":"https:\/\/zamphelmets.co\/fr\/a-propos-de\/","title":{"rendered":"A propos de"},"content":{"rendered":"<p><img decoding=\"async\" class=\"size-medium wp-image-7967 alignleft lazyload\" data-src=\"https:\/\/zamphelmets.co\/wp-content\/uploads\/2023\/04\/ZAMP-additional-product-images-Aug-23-800x800px-3-300x300.png\" alt=\"\" width=\"300\" height=\"300\" data-srcset=\"https:\/\/zamphelmets.co\/wp-content\/uploads\/2023\/04\/ZAMP-additional-product-images-Aug-23-800x800px-3-300x300.png 300w, https:\/\/zamphelmets.co\/wp-content\/uploads\/2023\/04\/ZAMP-additional-product-images-Aug-23-800x800px-3-150x150.png 150w, https:\/\/zamphelmets.co\/wp-content\/uploads\/2023\/04\/ZAMP-additional-product-images-Aug-23-800x800px-3-768x768.png 768w, https:\/\/zamphelmets.co\/wp-content\/uploads\/2023\/04\/ZAMP-additional-product-images-Aug-23-800x800px-3-600x600.png 600w, https:\/\/zamphelmets.co\/wp-content\/uploads\/2023\/04\/ZAMP-additional-product-images-Aug-23-800x800px-3-100x100.png 100w, https:\/\/zamphelmets.co\/wp-content\/uploads\/2023\/04\/ZAMP-additional-product-images-Aug-23-800x800px-3.png 800w\" data-sizes=\"(max-width: 300px) 100vw, 300px\" src=\"data:image\/svg+xml;base64,PHN2ZyB3aWR0aD0iMSIgaGVpZ2h0PSIxIiB4bWxucz0iaHR0cDovL3d3dy53My5vcmcvMjAwMC9zdmciPjwvc3ZnPg==\" style=\"--smush-placeholder-width: 300px; --smush-placeholder-aspect-ratio: 300\/300;\" \/>Zamp Helmets propose des <a href=\"https:\/\/zamphelmets.co\/fr\/product-category\/zamp-fr\/casques-zamp\/\">casques de qualit\u00e9 sup\u00e9rieure<\/a> dot\u00e9s d&rsquo;une technologie de pointe \u00e0 un prix abordable.<\/p>\n<p>Helmet 28 distribue les casques Zamp depuis son entrep\u00f4t en Belgique.<\/p>\n<p>Fond\u00e9e aux \u00c9tats-Unis, la soci\u00e9t\u00e9 Zamp est r\u00e9put\u00e9e pour offrir une qualit\u00e9 incroyable \u00e0 un <a href=\"https:\/\/zamphelmets.co\/fr\/product-category\/zamp-fr\/casques-zamp\/\">prix extr\u00eamement comp\u00e9titif<\/a>. Si vous les comparez \u00e0 d&rsquo;autres marques sur le march\u00e9, vous constaterez que nos produits offrent le meilleur rapport qualit\u00e9-prix, les meilleures caract\u00e9ristiques et le meilleur design. Nous pensons que les courses ne doivent pas \u00eatre restrictives et interdire la participation en raison du prix. Nous voulons faciliter la participation d&rsquo;un groupe de personnes aussi large que possible.<\/p>\n<h5>Ce qui diff\u00e9rencie nos produits<\/h5>\n<p>Notre  <a href=\"https:\/\/zamphelmets.co\/fr\/product-category\/zamp-fr\/casques-zamp\/\">les casques<\/a>,  <a href=\"https:\/\/zamphelmets.co\/fr\/product-category\/zamp-fr\/protection-vetements\/costumes\/\">des combinaisons<\/a>,  <a href=\"https:\/\/zamphelmets.co\/fr\/product-category\/zamp-fr\/protection-vetements\/gants\/\">gants<\/a> et  Les <a href=\"https:\/\/zamphelmets.co\/fr\/product-category\/zamp-fr\/accessoires-fr\/\">autres accessoires<\/a> sont tous conformes \u00e0 une gamme compl\u00e8te de <a href=\"https:\/\/www.motorsportuk.org\/the-sport\/regulations\/\">normes de s\u00e9curit\u00e9<\/a>, telles que <a href=\"https:\/\/zamphelmets.co\/fr\/product-category\/fia-8859-fr\/\">FIA 8859-2015<\/a>, <a href=\"https:\/\/zamphelmets.co\/fr\/product-category\/zamp-fr\/casques-zamp\/snell-fr\/\">Snell SA 2020<\/a> et <a href=\"https:\/\/zamphelmets.co\/fr\/product-category\/zamp-fr\/casques-zamp\/jeunes-cmr-2016\/\">CMR 2016<\/a>. Que vous d\u00e9butiez dans le karting ou que vous participiez \u00e0 des championnats internationaux de haut niveau, il existe un produit adapt\u00e9 \u00e0 vos besoins.<\/p>\n<p>Que vous pratiquiez le sport automobile en club, le karting ou les s\u00e9ries de courses les plus prestigieuses au monde, Zamp a le casque qu&rsquo;il vous faut.<\/p>\n<p>L&rsquo;entr\u00e9e sur le march\u00e9 du <a href=\"https:\/\/zamphelmets.co\/product\/rz-56\/\">Full Face RZ 56<\/a>, parfait pour les jours de piste et les courses dans les fosses closes. Pour notre <a href=\"https:\/\/zamphelmets.co\/fr\/produit\/interrupteur-rz-70e-orange-jaune\/#description\">casque r\u00e9volutionnaire RZ 70E Switch Helmet<\/a>, qui vous permet de configurer facilement votre casque pour une vari\u00e9t\u00e9 de configurations de course. La gamme Zamp propose des casques standard blancs et noirs, ainsi qu&rsquo;une gamme \u00e9tonnante de casques peints et graphiques.<\/p>\n<h5>S&rsquo;approprier les lieux<\/h5>\n<p>Il n&rsquo;a jamais \u00e9t\u00e9 aussi facile de personnaliser votre casque pour l&rsquo;\u00e9quiper au mieux le jour de la course. Gr\u00e2ce \u00e0 notre gamme compl\u00e8te d&rsquo;<a href=\"https:\/\/zamphelmets.co\/fr\/product-category\/zamp-fr\/accessoires-fr\/\">accessoires<\/a>, chaque casque Zamp peut \u00eatre \u00e9quip\u00e9 d&rsquo;une <a href=\"https:\/\/zamphelmets.co\/fr\/produit\/visieres-z20\/\">visi\u00e8re Z20<\/a> de rechange. Des visi\u00e8res Iridium et Prism accrocheuses \u00e0 la visi\u00e8re Amber (parfaite pour une utilisation dans des conditions de faible luminosit\u00e9). Zamp propose \u00e9galement une gamme de <a href=\"https:\/\/zamphelmets.co\/product\/zamp-shield-retention-kit\/\">vis de visi\u00e8re anodis\u00e9es<\/a> ainsi que des <a href=\"https:\/\/zamphelmets.co\/product\/visor-tear-off\/\">arrachements de visi\u00e8re<\/a>.<\/p>\n<p>Que vous soyez \u00e0 la recherche d&rsquo;un moyen bon march\u00e9 et abordable de participer \u00e0 des courses ou que vous soyez \u00e0 la recherche de votre prochain avantage concurrentiel, Zamp vous couvre !<\/p>\n<p>Si vous avez des questions, n&rsquo;h\u00e9sitez pas \u00e0 <a href=\"mailto:support@helmet28.com\">nous contacter.<\/a><\/p>\n<p>(Les casques Zamp sont import\u00e9s par Helmet 28 Ltd)<\/p>\n","protected":false},"excerpt":{"rendered":"<p>Zamp Helmets propose des casques de qualit\u00e9 sup\u00e9rieure dot\u00e9s d&rsquo;une technologie de pointe \u00e0 un prix abordable. Helmet 28 distribue les casques Zamp depuis son entrep\u00f4t en Belgique. Fond\u00e9e aux \u00c9tats-Unis, la soci\u00e9t\u00e9 Zamp est r\u00e9put\u00e9e pour offrir une qualit\u00e9 incroyable \u00e0 un prix extr\u00eamement comp\u00e9titif. Si vous les comparez \u00e0 d&rsquo;autres marques sur le [&hellip;]<\/p>\n","protected":false},"author":1,"featured_media":0,"parent":0,"menu_order":0,"comment_status":"closed","ping_status":"closed","template":"templates\/fullwidth.php","meta":{"_acf_changed":false,"footnotes":""},"class_list":["post-22016","page","type-page","status-publish","hentry"],"acf":[],"yoast_head":"<!-- This site is optimized with the Yoast SEO plugin v27.0 - https:\/\/yoast.com\/product\/yoast-seo-wordpress\/ -->\n<title>A propos de - Zamp Helmets | Helmet 28 EU<\/title>\n<meta name=\"description\" content=\"Zamp Helmets propose des casques d&#039;une qualit\u00e9 incroyable dot\u00e9s d&#039;une technologie de pointe \u00e0 un prix extr\u00eamement comp\u00e9titif.\" \/>\n<meta name=\"robots\" content=\"index, follow, max-snippet:-1, max-image-preview:large, max-video-preview:-1\" \/>\n<link rel=\"canonical\" href=\"https:\/\/zamphelmets.co\/fr\/a-propos-de\/\" \/>\n<meta property=\"og:locale\" content=\"fr_FR\" \/>\n<meta property=\"og:type\" content=\"article\" \/>\n<meta property=\"og:title\" content=\"A propos de - Zamp Helmets | Helmet 28 EU\" \/>\n<meta property=\"og:description\" content=\"Zamp Helmets propose des casques d&#039;une qualit\u00e9 incroyable dot\u00e9s d&#039;une technologie de pointe \u00e0 un prix extr\u00eamement comp\u00e9titif.\" \/>\n<meta property=\"og:url\" content=\"https:\/\/zamphelmets.co\/fr\/a-propos-de\/\" \/>\n<meta property=\"og:site_name\" content=\"Zamp Helmets | Helmet 28 EU\" \/>\n<meta property=\"article:modified_time\" content=\"2026-02-16T15:02:59+00:00\" \/>\n<meta property=\"og:image\" content=\"https:\/\/zamphelmets.co\/wp-content\/uploads\/2023\/04\/ZAMP-additional-product-images-Aug-23-800x800px-3.png\" \/>\n\t<meta property=\"og:image:width\" content=\"800\" \/>\n\t<meta property=\"og:image:height\" content=\"800\" \/>\n\t<meta property=\"og:image:type\" content=\"image\/png\" \/>\n<meta name=\"twitter:card\" content=\"summary_large_image\" \/>\n<meta name=\"twitter:label1\" content=\"Est. reading time\" \/>\n\t<meta name=\"twitter:data1\" content=\"2 minutes\" \/>\n<script type=\"application\/ld+json\" class=\"yoast-schema-graph\">{\"@context\":\"https:\/\/schema.org\",\"@graph\":[{\"@type\":\"WebPage\",\"@id\":\"https:\/\/zamphelmets.co\/fr\/a-propos-de\/\",\"url\":\"https:\/\/zamphelmets.co\/fr\/a-propos-de\/\",\"name\":\"A propos de - Zamp Helmets | Helmet 28 EU\",\"isPartOf\":{\"@id\":\"https:\/\/zamphelmets.co\/fr\/#website\"},\"primaryImageOfPage\":{\"@id\":\"https:\/\/zamphelmets.co\/fr\/a-propos-de\/#primaryimage\"},\"image\":{\"@id\":\"https:\/\/zamphelmets.co\/fr\/a-propos-de\/#primaryimage\"},\"thumbnailUrl\":\"https:\/\/zamphelmets.co\/wp-content\/uploads\/2023\/04\/ZAMP-additional-product-images-Aug-23-800x800px-3-300x300.png\",\"datePublished\":\"2019-01-08T14:25:04+00:00\",\"dateModified\":\"2026-02-16T15:02:59+00:00\",\"description\":\"Zamp Helmets propose des casques d'une qualit\u00e9 incroyable dot\u00e9s d'une technologie de pointe \u00e0 un prix extr\u00eamement comp\u00e9titif.\",\"inLanguage\":\"fr-FR\",\"potentialAction\":[{\"@type\":\"ReadAction\",\"target\":[\"https:\/\/zamphelmets.co\/fr\/a-propos-de\/\"]}]},{\"@type\":\"ImageObject\",\"inLanguage\":\"fr-FR\",\"@id\":\"https:\/\/zamphelmets.co\/fr\/a-propos-de\/#primaryimage\",\"url\":\"https:\/\/zamphelmets.co\/wp-content\/uploads\/2023\/04\/ZAMP-additional-product-images-Aug-23-800x800px-3-300x300.png\",\"contentUrl\":\"https:\/\/zamphelmets.co\/wp-content\/uploads\/2023\/04\/ZAMP-additional-product-images-Aug-23-800x800px-3-300x300.png\"},{\"@type\":\"WebSite\",\"@id\":\"https:\/\/zamphelmets.co\/fr\/#website\",\"url\":\"https:\/\/zamphelmets.co\/fr\/\",\"name\":\"Zamp Helmets | Helmet 28 EU\",\"description\":\"High Quality Motorsport Helmets\",\"potentialAction\":[{\"@type\":\"SearchAction\",\"target\":{\"@type\":\"EntryPoint\",\"urlTemplate\":\"https:\/\/zamphelmets.co\/fr\/?s={search_term_string}\"},\"query-input\":{\"@type\":\"PropertyValueSpecification\",\"valueRequired\":true,\"valueName\":\"search_term_string\"}}],\"inLanguage\":\"fr-FR\"}]}<\/script>\n<!-- \/ Yoast SEO plugin. -->","yoast_head_json":{"title":"A propos de - Zamp Helmets | Helmet 28 EU","description":"Zamp Helmets propose des casques d'une qualit\u00e9 incroyable dot\u00e9s d'une technologie de pointe \u00e0 un prix extr\u00eamement comp\u00e9titif.","robots":{"index":"index","follow":"follow","max-snippet":"max-snippet:-1","max-image-preview":"max-image-preview:large","max-video-preview":"max-video-preview:-1"},"canonical":"https:\/\/zamphelmets.co\/fr\/a-propos-de\/","og_locale":"fr_FR","og_type":"article","og_title":"A propos de - Zamp Helmets | Helmet 28 EU","og_description":"Zamp Helmets propose des casques d'une qualit\u00e9 incroyable dot\u00e9s d'une technologie de pointe \u00e0 un prix extr\u00eamement comp\u00e9titif.","og_url":"https:\/\/zamphelmets.co\/fr\/a-propos-de\/","og_site_name":"Zamp Helmets | Helmet 28 EU","article_modified_time":"2026-02-16T15:02:59+00:00","og_image":[{"width":800,"height":800,"url":"https:\/\/zamphelmets.co\/wp-content\/uploads\/2023\/04\/ZAMP-additional-product-images-Aug-23-800x800px-3.png","type":"image\/png"}],"twitter_card":"summary_large_image","twitter_misc":{"Est. reading time":"2 minutes"},"schema":{"@context":"https:\/\/schema.org","@graph":[{"@type":"WebPage","@id":"https:\/\/zamphelmets.co\/fr\/a-propos-de\/","url":"https:\/\/zamphelmets.co\/fr\/a-propos-de\/","name":"A propos de - Zamp Helmets | Helmet 28 EU","isPartOf":{"@id":"https:\/\/zamphelmets.co\/fr\/#website"},"primaryImageOfPage":{"@id":"https:\/\/zamphelmets.co\/fr\/a-propos-de\/#primaryimage"},"image":{"@id":"https:\/\/zamphelmets.co\/fr\/a-propos-de\/#primaryimage"},"thumbnailUrl":"https:\/\/zamphelmets.co\/wp-content\/uploads\/2023\/04\/ZAMP-additional-product-images-Aug-23-800x800px-3-300x300.png","datePublished":"2019-01-08T14:25:04+00:00","dateModified":"2026-02-16T15:02:59+00:00","description":"Zamp Helmets propose des casques d'une qualit\u00e9 incroyable dot\u00e9s d'une technologie de pointe \u00e0 un prix extr\u00eamement comp\u00e9titif.","inLanguage":"fr-FR","potentialAction":[{"@type":"ReadAction","target":["https:\/\/zamphelmets.co\/fr\/a-propos-de\/"]}]},{"@type":"ImageObject","inLanguage":"fr-FR","@id":"https:\/\/zamphelmets.co\/fr\/a-propos-de\/#primaryimage","url":"https:\/\/zamphelmets.co\/wp-content\/uploads\/2023\/04\/ZAMP-additional-product-images-Aug-23-800x800px-3-300x300.png","contentUrl":"https:\/\/zamphelmets.co\/wp-content\/uploads\/2023\/04\/ZAMP-additional-product-images-Aug-23-800x800px-3-300x300.png"},{"@type":"WebSite","@id":"https:\/\/zamphelmets.co\/fr\/#website","url":"https:\/\/zamphelmets.co\/fr\/","name":"Zamp Helmets | Helmet 28 EU","description":"High Quality Motorsport Helmets","potentialAction":[{"@type":"SearchAction","target":{"@type":"EntryPoint","urlTemplate":"https:\/\/zamphelmets.co\/fr\/?s={search_term_string}"},"query-input":{"@type":"PropertyValueSpecification","valueRequired":true,"valueName":"search_term_string"}}],"inLanguage":"fr-FR"}]}},"_links":{"self":[{"href":"https:\/\/zamphelmets.co\/fr\/wp-json\/wp\/v2\/pages\/22016","targetHints":{"allow":["GET"]}}],"collection":[{"href":"https:\/\/zamphelmets.co\/fr\/wp-json\/wp\/v2\/pages"}],"about":[{"href":"https:\/\/zamphelmets.co\/fr\/wp-json\/wp\/v2\/types\/page"}],"author":[{"embeddable":true,"href":"https:\/\/zamphelmets.co\/fr\/wp-json\/wp\/v2\/users\/1"}],"replies":[{"embeddable":true,"href":"https:\/\/zamphelmets.co\/fr\/wp-json\/wp\/v2\/comments?post=22016"}],"version-history":[{"count":2,"href":"https:\/\/zamphelmets.co\/fr\/wp-json\/wp\/v2\/pages\/22016\/revisions"}],"predecessor-version":[{"id":203545,"href":"https:\/\/zamphelmets.co\/fr\/wp-json\/wp\/v2\/pages\/22016\/revisions\/203545"}],"wp:attachment":[{"href":"https:\/\/zamphelmets.co\/fr\/wp-json\/wp\/v2\/media?parent=22016"}],"curies":[{"name":"wp","href":"https:\/\/api.w.org\/{rel}","templated":true}]}}