{"id":22007,"date":"2020-03-11T15:48:13","date_gmt":"2020-03-11T15:48:13","guid":{"rendered":"https:\/\/zamphelmets.co\/guide-de-la-visiere-zamp\/"},"modified":"2020-03-11T15:48:13","modified_gmt":"2020-03-11T15:48:13","slug":"guide-de-la-visiere-zamp","status":"publish","type":"page","link":"https:\/\/zamphelmets.co\/fr\/guide-de-la-visiere-zamp\/","title":{"rendered":"Guide de la visi\u00e8re Zamp"},"content":{"rendered":"<p>Avec un choix de 10 visi\u00e8res Zamp, il n&rsquo;y a pas de p\u00e9nurie de casques.<\/p>\n<p><img decoding=\"async\" class=\"alignnone size-medium wp-image-1448 lazyload\" data-src=\"https:\/\/zamphelmets.co\/wp-content\/uploads\/sites\/3\/2020\/03\/Z20-Prism-Gold-300x300.jpg\" alt=\"\" width=\"300\" height=\"300\" data-srcset=\"https:\/\/zamphelmets.co\/wp-content\/uploads\/2020\/03\/Z20-Prism-Gold-300x300.jpg 300w, https:\/\/zamphelmets.co\/wp-content\/uploads\/2020\/03\/Z20-Prism-Gold-150x150.jpg 150w, https:\/\/zamphelmets.co\/wp-content\/uploads\/2020\/03\/Z20-Prism-Gold-768x768.jpg 768w, https:\/\/zamphelmets.co\/wp-content\/uploads\/2020\/03\/Z20-Prism-Gold-600x600.jpg 600w, https:\/\/zamphelmets.co\/wp-content\/uploads\/2020\/03\/Z20-Prism-Gold-100x100.jpg 100w, https:\/\/zamphelmets.co\/wp-content\/uploads\/2020\/03\/Z20-Prism-Gold.jpg 1000w\" data-sizes=\"(max-width: 300px) 100vw, 300px\" src=\"data:image\/svg+xml;base64,PHN2ZyB3aWR0aD0iMSIgaGVpZ2h0PSIxIiB4bWxucz0iaHR0cDovL3d3dy53My5vcmcvMjAwMC9zdmciPjwvc3ZnPg==\" style=\"--smush-placeholder-width: 300px; --smush-placeholder-aspect-ratio: 300\/300;\" \/><img decoding=\"async\" class=\"alignnone size-medium wp-image-1450 lazyload\" data-src=\"https:\/\/zamphelmets.co\/wp-content\/uploads\/sites\/3\/2020\/03\/HASZ20RP-1-300x300.jpg\" alt=\"\" width=\"300\" height=\"300\" data-srcset=\"https:\/\/zamphelmets.co\/wp-content\/uploads\/2020\/03\/HASZ20RP-1-300x300.jpg 300w, https:\/\/zamphelmets.co\/wp-content\/uploads\/2020\/03\/HASZ20RP-1-150x150.jpg 150w, https:\/\/zamphelmets.co\/wp-content\/uploads\/2020\/03\/HASZ20RP-1-768x768.jpg 768w, https:\/\/zamphelmets.co\/wp-content\/uploads\/2020\/03\/HASZ20RP-1-600x600.jpg 600w, https:\/\/zamphelmets.co\/wp-content\/uploads\/2020\/03\/HASZ20RP-1-100x100.jpg 100w, https:\/\/zamphelmets.co\/wp-content\/uploads\/2020\/03\/HASZ20RP-1.jpg 1000w\" data-sizes=\"(max-width: 300px) 100vw, 300px\" src=\"data:image\/svg+xml;base64,PHN2ZyB3aWR0aD0iMSIgaGVpZ2h0PSIxIiB4bWxucz0iaHR0cDovL3d3dy53My5vcmcvMjAwMC9zdmciPjwvc3ZnPg==\" style=\"--smush-placeholder-width: 300px; --smush-placeholder-aspect-ratio: 300\/300;\" \/><\/p>\n<p>Tout d&rsquo;abord, il est important de savoir que la <a href=\"https:\/\/zamphelmets.co\/fr\/produit\/visieres-z20\/\">gamme de visi\u00e8res Z20<\/a> est compatible avec tous les casques cit\u00e9s :<\/p>\n<p>-RZ 44CE (Graphique)<\/p>\n<p>-RZ 70E<\/p>\n<p>-RZ 42<\/p>\n<p>-RZ 35E<\/p>\n<p>-RZ 58<\/p>\n<p>-RZ 42Y<\/p>\n<p>Les <a href=\"https:\/\/zamphelmets.co\/fr\/produit\/visieres-z20\/\">visi\u00e8res Z20<\/a> ont une \u00e9paisseur de 3 mm, sont homologu\u00e9es FIA et comprennent des supports d&rsquo;arrachage pr\u00e9-mont\u00e9s. Les prix s&rsquo;\u00e9chelonnent de 34,99 \u00e0 59,99 livres sterling. Zamp propose \u00e9galement des <a href=\"https:\/\/zamphelmets.co\/fr\/produit\/visieres-z20-antifog-series\/\">visi\u00e8res antibu\u00e9e de qualit\u00e9 sup\u00e9rieure<\/a>, en version claire ou fum\u00e9e fonc\u00e9e. Ce rev\u00eatement antibu\u00e9e de qualit\u00e9 sup\u00e9rieure garantit que la visi\u00e8re reste claire m\u00eame dans les conditions les plus humides, afin que vous puissiez garder les yeux fix\u00e9s sur la route.<\/p>\n<p>Une visi\u00e8re de rechange peut vous aider \u00e0 obtenir des performances optimales dans toutes les conditions de course. Vous trouverez ci-dessous une liste de quelques conditions et des visi\u00e8res que nous vous conseillons.<\/p>\n<p><strong>Faible luminosit\u00e9 \/ brouillard : <\/strong>Si vous courez dans de mauvaises conditions, la meilleure option est la visi\u00e8re Z20 AMBER. Cette visi\u00e8re est con\u00e7ue sp\u00e9cifiquement pour apporter plus de concentration et de clart\u00e9 \u00e0 votre vision.<\/p>\n<p><img decoding=\"async\" class=\"alignnone size-medium wp-image-1451 lazyload\" data-src=\"https:\/\/zamphelmets.co\/wp-content\/uploads\/sites\/3\/2020\/03\/Z20-amber-300x300.jpg\" alt=\"\" width=\"300\" height=\"300\" data-srcset=\"https:\/\/zamphelmets.co\/wp-content\/uploads\/2020\/03\/Z20-amber-300x300.jpg 300w, https:\/\/zamphelmets.co\/wp-content\/uploads\/2020\/03\/Z20-amber-1024x1024.jpg 1024w, https:\/\/zamphelmets.co\/wp-content\/uploads\/2020\/03\/Z20-amber-150x150.jpg 150w, https:\/\/zamphelmets.co\/wp-content\/uploads\/2020\/03\/Z20-amber-768x768.jpg 768w, https:\/\/zamphelmets.co\/wp-content\/uploads\/2020\/03\/Z20-amber-600x600.jpg 600w, https:\/\/zamphelmets.co\/wp-content\/uploads\/2020\/03\/Z20-amber-100x100.jpg 100w, https:\/\/zamphelmets.co\/wp-content\/uploads\/2020\/03\/Z20-amber.jpg 1450w\" data-sizes=\"(max-width: 300px) 100vw, 300px\" src=\"data:image\/svg+xml;base64,PHN2ZyB3aWR0aD0iMSIgaGVpZ2h0PSIxIiB4bWxucz0iaHR0cDovL3d3dy53My5vcmcvMjAwMC9zdmciPjwvc3ZnPg==\" style=\"--smush-placeholder-width: 300px; --smush-placeholder-aspect-ratio: 300\/300;\" \/><\/p>\n<p><strong>Mouill\u00e9<\/strong>: La visi\u00e8re Z20 AMBER ci-dessus reste une excellente option pour les courses sur sol mouill\u00e9. Une autre option que vous devriez envisager est la gamme ANTI-FOG, en version CLEAR ou DARK SMOKE.<\/p>\n<p><strong>Soleil \/ luminosit\u00e9<\/strong>: Zamp propose une s\u00e9rie de visi\u00e8res pour ces conditions, qui varient \u00e0 la fois en termes d&rsquo;apparence et de niveau de teinte. Ils sont \u00e9num\u00e9r\u00e9s ci-dessous, du niveau de teinte le plus faible au plus \u00e9lev\u00e9 :<\/p>\n<p>-Fum\u00e9e<\/p>\n<p>-Iridium<\/p>\n<p>-Miroir argent\u00e9<\/p>\n<p>-Prisme (rouge\/or\/bleu)<\/p>\n<p>-Fum\u00e9e fonc\u00e9e<\/p>\n<p>Une <a href=\"https:\/\/zamphelmets.co\/fr\/produit\/visieres-z20\/\">visi\u00e8re Z20<\/a> peut \u00e9galement \u00eatre un excellent moyen d&rsquo;am\u00e9liorer l&rsquo;apparence de votre visi\u00e8re. Que vous souhaitiez assortir la couleur graphique de votre casque ou que vous vouliez compl\u00e9ter les couleurs de votre course\/combinaison, vous n&rsquo;aurez que l&#8217;embarras du choix.<\/p>\n<p>La derni\u00e8re consid\u00e9ration en mati\u00e8re de personnalisation est l&rsquo;ajout de <a href=\"https:\/\/zamphelmets.co\/product\/zamp-shield-retention-kit\/\">vis de visi\u00e8re anodis\u00e9es Zamp<\/a>. Disponibles en 7 couleurs, ces vis sont une option brillante et bon march\u00e9 \u00e0 seulement \u00a314.95 pour apporter encore plus de couleur et d&rsquo;excitation \u00e0 votre casque.<\/p>\n<p><img decoding=\"async\" class=\"alignnone size-medium wp-image-1386 lazyload\" data-src=\"https:\/\/zamphelmets.co\/wp-content\/uploads\/sites\/3\/2019\/11\/Zamp-Shield-Retention-Kit_0003-300x200.jpg\" alt=\"\" width=\"300\" height=\"200\" data-srcset=\"https:\/\/zamphelmets.co\/wp-content\/uploads\/2019\/11\/Zamp-Shield-Retention-Kit_0003-300x200.jpg 300w, https:\/\/zamphelmets.co\/wp-content\/uploads\/2019\/11\/Zamp-Shield-Retention-Kit_0003-1024x683.jpg 1024w, https:\/\/zamphelmets.co\/wp-content\/uploads\/2019\/11\/Zamp-Shield-Retention-Kit_0003-768x512.jpg 768w, https:\/\/zamphelmets.co\/wp-content\/uploads\/2019\/11\/Zamp-Shield-Retention-Kit_0003-1536x1024.jpg 1536w, https:\/\/zamphelmets.co\/wp-content\/uploads\/2019\/11\/Zamp-Shield-Retention-Kit_0003-600x400.jpg 600w, https:\/\/zamphelmets.co\/wp-content\/uploads\/2019\/11\/Zamp-Shield-Retention-Kit_0003.jpg 2048w\" data-sizes=\"(max-width: 300px) 100vw, 300px\" src=\"data:image\/svg+xml;base64,PHN2ZyB3aWR0aD0iMSIgaGVpZ2h0PSIxIiB4bWxucz0iaHR0cDovL3d3dy53My5vcmcvMjAwMC9zdmciPjwvc3ZnPg==\" style=\"--smush-placeholder-width: 300px; --smush-placeholder-aspect-ratio: 300\/200;\" \/> <img decoding=\"async\" class=\"alignnone size-medium wp-image-1387 lazyload\" data-src=\"https:\/\/zamphelmets.co\/wp-content\/uploads\/sites\/3\/2019\/11\/Zamp-Shield-Retention-Kit_0004-300x200.jpg\" alt=\"\" width=\"300\" height=\"200\" data-srcset=\"https:\/\/zamphelmets.co\/wp-content\/uploads\/2019\/11\/Zamp-Shield-Retention-Kit_0004-300x200.jpg 300w, https:\/\/zamphelmets.co\/wp-content\/uploads\/2019\/11\/Zamp-Shield-Retention-Kit_0004-1024x683.jpg 1024w, https:\/\/zamphelmets.co\/wp-content\/uploads\/2019\/11\/Zamp-Shield-Retention-Kit_0004-768x512.jpg 768w, https:\/\/zamphelmets.co\/wp-content\/uploads\/2019\/11\/Zamp-Shield-Retention-Kit_0004-1536x1024.jpg 1536w, https:\/\/zamphelmets.co\/wp-content\/uploads\/2019\/11\/Zamp-Shield-Retention-Kit_0004-600x400.jpg 600w, https:\/\/zamphelmets.co\/wp-content\/uploads\/2019\/11\/Zamp-Shield-Retention-Kit_0004.jpg 2048w\" data-sizes=\"(max-width: 300px) 100vw, 300px\" src=\"data:image\/svg+xml;base64,PHN2ZyB3aWR0aD0iMSIgaGVpZ2h0PSIxIiB4bWxucz0iaHR0cDovL3d3dy53My5vcmcvMjAwMC9zdmciPjwvc3ZnPg==\" style=\"--smush-placeholder-width: 300px; --smush-placeholder-aspect-ratio: 300\/200;\" \/> <img decoding=\"async\" class=\"alignnone size-medium wp-image-1388 lazyload\" data-src=\"https:\/\/zamphelmets.co\/wp-content\/uploads\/sites\/3\/2019\/11\/Zamp-Shield-Retention-Kit_0005-300x200.jpg\" alt=\"\" width=\"300\" height=\"200\" data-srcset=\"https:\/\/zamphelmets.co\/wp-content\/uploads\/2019\/11\/Zamp-Shield-Retention-Kit_0005-300x200.jpg 300w, https:\/\/zamphelmets.co\/wp-content\/uploads\/2019\/11\/Zamp-Shield-Retention-Kit_0005-1024x683.jpg 1024w, https:\/\/zamphelmets.co\/wp-content\/uploads\/2019\/11\/Zamp-Shield-Retention-Kit_0005-768x512.jpg 768w, https:\/\/zamphelmets.co\/wp-content\/uploads\/2019\/11\/Zamp-Shield-Retention-Kit_0005-1536x1024.jpg 1536w, https:\/\/zamphelmets.co\/wp-content\/uploads\/2019\/11\/Zamp-Shield-Retention-Kit_0005-600x400.jpg 600w, https:\/\/zamphelmets.co\/wp-content\/uploads\/2019\/11\/Zamp-Shield-Retention-Kit_0005.jpg 2048w\" data-sizes=\"(max-width: 300px) 100vw, 300px\" src=\"data:image\/svg+xml;base64,PHN2ZyB3aWR0aD0iMSIgaGVpZ2h0PSIxIiB4bWxucz0iaHR0cDovL3d3dy53My5vcmcvMjAwMC9zdmciPjwvc3ZnPg==\" style=\"--smush-placeholder-width: 300px; --smush-placeholder-aspect-ratio: 300\/200;\" \/><img decoding=\"async\" class=\"alignnone size-medium wp-image-1389 lazyload\" data-src=\"https:\/\/zamphelmets.co\/wp-content\/uploads\/sites\/3\/2019\/11\/Zamp-Shield-Retention-Kit_0006-300x200.jpg\" alt=\"\" width=\"300\" height=\"200\" data-srcset=\"https:\/\/zamphelmets.co\/wp-content\/uploads\/2019\/11\/Zamp-Shield-Retention-Kit_0006-300x200.jpg 300w, https:\/\/zamphelmets.co\/wp-content\/uploads\/2019\/11\/Zamp-Shield-Retention-Kit_0006-1024x683.jpg 1024w, https:\/\/zamphelmets.co\/wp-content\/uploads\/2019\/11\/Zamp-Shield-Retention-Kit_0006-768x512.jpg 768w, https:\/\/zamphelmets.co\/wp-content\/uploads\/2019\/11\/Zamp-Shield-Retention-Kit_0006-1536x1024.jpg 1536w, https:\/\/zamphelmets.co\/wp-content\/uploads\/2019\/11\/Zamp-Shield-Retention-Kit_0006-600x400.jpg 600w, https:\/\/zamphelmets.co\/wp-content\/uploads\/2019\/11\/Zamp-Shield-Retention-Kit_0006.jpg 2048w\" data-sizes=\"(max-width: 300px) 100vw, 300px\" src=\"data:image\/svg+xml;base64,PHN2ZyB3aWR0aD0iMSIgaGVpZ2h0PSIxIiB4bWxucz0iaHR0cDovL3d3dy53My5vcmcvMjAwMC9zdmciPjwvc3ZnPg==\" style=\"--smush-placeholder-width: 300px; --smush-placeholder-aspect-ratio: 300\/200;\" \/><\/p>\n<p>Si vous avez d&rsquo;autres questions sur les visi\u00e8res, n&rsquo;h\u00e9sitez pas \u00e0 nous <a href=\"https:\/\/zamphelmets.co\/fr\/contact\/\">contacter<\/a>!<\/p>\n","protected":false},"excerpt":{"rendered":"<p>Avec un choix de 10 visi\u00e8res Zamp, il n&rsquo;y a pas de p\u00e9nurie de casques. Tout d&rsquo;abord, il est important de savoir que la gamme de visi\u00e8res Z20 est compatible avec tous les casques cit\u00e9s : -RZ 44CE (Graphique) -RZ 70E -RZ 42 -RZ 35E -RZ 58 -RZ 42Y Les visi\u00e8res Z20 ont une \u00e9paisseur [&hellip;]<\/p>\n","protected":false},"author":2,"featured_media":0,"parent":0,"menu_order":0,"comment_status":"closed","ping_status":"closed","template":"templates\/fullwidth.php","meta":{"_acf_changed":false,"footnotes":""},"class_list":["post-22007","page","type-page","status-publish","hentry"],"acf":[],"yoast_head":"<!-- This site is optimized with the Yoast SEO plugin v27.0 - https:\/\/yoast.com\/product\/yoast-seo-wordpress\/ -->\n<title>Guide de la visi\u00e8re Zamp - Z20 Visors - Zamp Helmets | Helmet 28 EU<\/title>\n<meta name=\"description\" content=\"La gamme de visi\u00e8res Zamp Z20 est compatible avec tous les casques list\u00e9s sur notre site. Une visi\u00e8re de rechange est un excellent moyen de personnaliser votre casque pour le jour de la course.\" \/>\n<meta name=\"robots\" content=\"index, follow, max-snippet:-1, max-image-preview:large, max-video-preview:-1\" \/>\n<link rel=\"canonical\" href=\"https:\/\/zamphelmets.co\/fr\/guide-de-la-visiere-zamp\/\" \/>\n<meta property=\"og:locale\" content=\"fr_FR\" \/>\n<meta property=\"og:type\" content=\"article\" \/>\n<meta property=\"og:title\" content=\"Guide de la visi\u00e8re Zamp - Z20 Visors - Zamp Helmets | Helmet 28 EU\" \/>\n<meta property=\"og:description\" content=\"La gamme de visi\u00e8res Zamp Z20 est compatible avec tous les casques list\u00e9s sur notre site. Une visi\u00e8re de rechange est un excellent moyen de personnaliser votre casque pour le jour de la course.\" \/>\n<meta property=\"og:url\" content=\"https:\/\/zamphelmets.co\/fr\/guide-de-la-visiere-zamp\/\" \/>\n<meta property=\"og:site_name\" content=\"Zamp Helmets | Helmet 28 EU\" \/>\n<meta property=\"og:image\" content=\"https:\/\/zamphelmets.co\/wp-content\/uploads\/sites\/3\/2020\/03\/Z20-Prism-Gold-300x300.jpg\" \/>\n<meta name=\"twitter:card\" content=\"summary_large_image\" \/>\n<meta name=\"twitter:label1\" content=\"Est. reading time\" \/>\n\t<meta name=\"twitter:data1\" content=\"2 minutes\" \/>\n<script type=\"application\/ld+json\" class=\"yoast-schema-graph\">{\"@context\":\"https:\/\/schema.org\",\"@graph\":[{\"@type\":\"WebPage\",\"@id\":\"https:\/\/zamphelmets.co\/fr\/guide-de-la-visiere-zamp\/\",\"url\":\"https:\/\/zamphelmets.co\/fr\/guide-de-la-visiere-zamp\/\",\"name\":\"Guide de la visi\u00e8re Zamp - Z20 Visors - Zamp Helmets | Helmet 28 EU\",\"isPartOf\":{\"@id\":\"https:\/\/zamphelmets.co\/fr\/#website\"},\"primaryImageOfPage\":{\"@id\":\"https:\/\/zamphelmets.co\/fr\/guide-de-la-visiere-zamp\/#primaryimage\"},\"image\":{\"@id\":\"https:\/\/zamphelmets.co\/fr\/guide-de-la-visiere-zamp\/#primaryimage\"},\"thumbnailUrl\":\"https:\/\/zamphelmets.co\/wp-content\/uploads\/sites\/3\/2020\/03\/Z20-Prism-Gold-300x300.jpg\",\"datePublished\":\"2020-03-11T15:48:13+00:00\",\"description\":\"La gamme de visi\u00e8res Zamp Z20 est compatible avec tous les casques list\u00e9s sur notre site. Une visi\u00e8re de rechange est un excellent moyen de personnaliser votre casque pour le jour de la course.\",\"inLanguage\":\"fr-FR\",\"potentialAction\":[{\"@type\":\"ReadAction\",\"target\":[\"https:\/\/zamphelmets.co\/fr\/guide-de-la-visiere-zamp\/\"]}]},{\"@type\":\"ImageObject\",\"inLanguage\":\"fr-FR\",\"@id\":\"https:\/\/zamphelmets.co\/fr\/guide-de-la-visiere-zamp\/#primaryimage\",\"url\":\"https:\/\/zamphelmets.co\/wp-content\/uploads\/sites\/3\/2020\/03\/Z20-Prism-Gold-300x300.jpg\",\"contentUrl\":\"https:\/\/zamphelmets.co\/wp-content\/uploads\/sites\/3\/2020\/03\/Z20-Prism-Gold-300x300.jpg\"},{\"@type\":\"WebSite\",\"@id\":\"https:\/\/zamphelmets.co\/fr\/#website\",\"url\":\"https:\/\/zamphelmets.co\/fr\/\",\"name\":\"Zamp Helmets | Helmet 28 EU\",\"description\":\"High Quality Motorsport Helmets\",\"potentialAction\":[{\"@type\":\"SearchAction\",\"target\":{\"@type\":\"EntryPoint\",\"urlTemplate\":\"https:\/\/zamphelmets.co\/fr\/?s={search_term_string}\"},\"query-input\":{\"@type\":\"PropertyValueSpecification\",\"valueRequired\":true,\"valueName\":\"search_term_string\"}}],\"inLanguage\":\"fr-FR\"}]}<\/script>\n<!-- \/ Yoast SEO plugin. -->","yoast_head_json":{"title":"Guide de la visi\u00e8re Zamp - Z20 Visors - Zamp Helmets | Helmet 28 EU","description":"La gamme de visi\u00e8res Zamp Z20 est compatible avec tous les casques list\u00e9s sur notre site. Une visi\u00e8re de rechange est un excellent moyen de personnaliser votre casque pour le jour de la course.","robots":{"index":"index","follow":"follow","max-snippet":"max-snippet:-1","max-image-preview":"max-image-preview:large","max-video-preview":"max-video-preview:-1"},"canonical":"https:\/\/zamphelmets.co\/fr\/guide-de-la-visiere-zamp\/","og_locale":"fr_FR","og_type":"article","og_title":"Guide de la visi\u00e8re Zamp - Z20 Visors - Zamp Helmets | Helmet 28 EU","og_description":"La gamme de visi\u00e8res Zamp Z20 est compatible avec tous les casques list\u00e9s sur notre site. Une visi\u00e8re de rechange est un excellent moyen de personnaliser votre casque pour le jour de la course.","og_url":"https:\/\/zamphelmets.co\/fr\/guide-de-la-visiere-zamp\/","og_site_name":"Zamp Helmets | Helmet 28 EU","og_image":[{"url":"https:\/\/zamphelmets.co\/wp-content\/uploads\/sites\/3\/2020\/03\/Z20-Prism-Gold-300x300.jpg","type":"","width":"","height":""}],"twitter_card":"summary_large_image","twitter_misc":{"Est. reading time":"2 minutes"},"schema":{"@context":"https:\/\/schema.org","@graph":[{"@type":"WebPage","@id":"https:\/\/zamphelmets.co\/fr\/guide-de-la-visiere-zamp\/","url":"https:\/\/zamphelmets.co\/fr\/guide-de-la-visiere-zamp\/","name":"Guide de la visi\u00e8re Zamp - Z20 Visors - Zamp Helmets | Helmet 28 EU","isPartOf":{"@id":"https:\/\/zamphelmets.co\/fr\/#website"},"primaryImageOfPage":{"@id":"https:\/\/zamphelmets.co\/fr\/guide-de-la-visiere-zamp\/#primaryimage"},"image":{"@id":"https:\/\/zamphelmets.co\/fr\/guide-de-la-visiere-zamp\/#primaryimage"},"thumbnailUrl":"https:\/\/zamphelmets.co\/wp-content\/uploads\/sites\/3\/2020\/03\/Z20-Prism-Gold-300x300.jpg","datePublished":"2020-03-11T15:48:13+00:00","description":"La gamme de visi\u00e8res Zamp Z20 est compatible avec tous les casques list\u00e9s sur notre site. Une visi\u00e8re de rechange est un excellent moyen de personnaliser votre casque pour le jour de la course.","inLanguage":"fr-FR","potentialAction":[{"@type":"ReadAction","target":["https:\/\/zamphelmets.co\/fr\/guide-de-la-visiere-zamp\/"]}]},{"@type":"ImageObject","inLanguage":"fr-FR","@id":"https:\/\/zamphelmets.co\/fr\/guide-de-la-visiere-zamp\/#primaryimage","url":"https:\/\/zamphelmets.co\/wp-content\/uploads\/sites\/3\/2020\/03\/Z20-Prism-Gold-300x300.jpg","contentUrl":"https:\/\/zamphelmets.co\/wp-content\/uploads\/sites\/3\/2020\/03\/Z20-Prism-Gold-300x300.jpg"},{"@type":"WebSite","@id":"https:\/\/zamphelmets.co\/fr\/#website","url":"https:\/\/zamphelmets.co\/fr\/","name":"Zamp Helmets | Helmet 28 EU","description":"High Quality Motorsport Helmets","potentialAction":[{"@type":"SearchAction","target":{"@type":"EntryPoint","urlTemplate":"https:\/\/zamphelmets.co\/fr\/?s={search_term_string}"},"query-input":{"@type":"PropertyValueSpecification","valueRequired":true,"valueName":"search_term_string"}}],"inLanguage":"fr-FR"}]}},"_links":{"self":[{"href":"https:\/\/zamphelmets.co\/fr\/wp-json\/wp\/v2\/pages\/22007","targetHints":{"allow":["GET"]}}],"collection":[{"href":"https:\/\/zamphelmets.co\/fr\/wp-json\/wp\/v2\/pages"}],"about":[{"href":"https:\/\/zamphelmets.co\/fr\/wp-json\/wp\/v2\/types\/page"}],"author":[{"embeddable":true,"href":"https:\/\/zamphelmets.co\/fr\/wp-json\/wp\/v2\/users\/2"}],"replies":[{"embeddable":true,"href":"https:\/\/zamphelmets.co\/fr\/wp-json\/wp\/v2\/comments?post=22007"}],"version-history":[{"count":0,"href":"https:\/\/zamphelmets.co\/fr\/wp-json\/wp\/v2\/pages\/22007\/revisions"}],"wp:attachment":[{"href":"https:\/\/zamphelmets.co\/fr\/wp-json\/wp\/v2\/media?parent=22007"}],"curies":[{"name":"wp","href":"https:\/\/api.w.org\/{rel}","templated":true}]}}