{"id":21987,"date":"2020-02-06T11:37:14","date_gmt":"2020-02-06T11:37:14","guid":{"rendered":"https:\/\/zamphelmets.co\/poteaux-hans-dispositifs-hans-et-fhr\/"},"modified":"2026-02-16T15:02:12","modified_gmt":"2026-02-16T15:02:12","slug":"poteaux-hans-dispositifs-hans-et-fhr","status":"publish","type":"page","link":"https:\/\/zamphelmets.co\/fr\/poteaux-hans-dispositifs-hans-et-fhr\/","title":{"rendered":"Poteaux HANS, dispositifs HANS et FHR"},"content":{"rendered":"<h2><strong>Que sont les postes Hans, les dispositifs HANS et FHR ?<\/strong><\/h2>\n<ol>\n<li>Un FHR est un <strong>appuie-t\u00eate frontal<\/strong>: c&rsquo;est le terme g\u00e9n\u00e9ral pour ce que l&rsquo;on appelle souvent un dispositif HANS.<\/li>\n<li>Le HANS est en fait une marque d\u00e9pos\u00e9e &#8211; un acronyme pour <strong>Head and Neck Support <\/strong>&#8211; que seuls certains fabricants peuvent utiliser. C&rsquo;est le terme le plus courant pour d\u00e9signer ces dispositifs.<\/li>\n<li>Poteaux HANS &#8211; il s&rsquo;agit des poteaux\/vis qui se fixent \u00e0 votre casque, par l&rsquo;interm\u00e9diaire de ce que l&rsquo;on appelle la borne m6, pour permettre au dispositif d&rsquo;\u00eatre fix\u00e9 en toute s\u00e9curit\u00e9.<\/li>\n<\/ol>\n<h2>Quel est le r\u00f4le d&rsquo;un dispositif HANS ?<\/h2>\n<p>Les dispositifs HANS et FHR sont con\u00e7us pour retenir la t\u00eate du conducteur &#8211; par rapport \u00e0 son corps &#8211; lors d&rsquo;un accident de course \u00e0 l&rsquo;avant et \u00e0 l&rsquo;avant inclin\u00e9. En raison de la restriction de la t\u00eate, l&rsquo;impact sur le cou est consid\u00e9rablement r\u00e9duit, ce qui diminue le risque de blessure.<\/p>\n<p>Tous les casques Zamp list\u00e9s ici sont livr\u00e9s avec la borne M6 pr\u00e9-perc\u00e9e. Ainsi, si vous devez utiliser un dispositif HANS, vous \u00eates pr\u00eat \u00e0 le faire ; il ne faut que quelques minutes pour installer les montants HANS. Vous pouvez acheter un jeu de <a href=\"https:\/\/zamphelmets.co\/fr\/produit\/poste-hans\/\">poteaux HANS ici<\/a>.<\/p>\n<p><img decoding=\"async\" class=\"alignnone wp-image-333 size-medium lazyload\" data-src=\"https:\/\/zamphelmets.co\/wp-content\/uploads\/2019\/11\/sim_ak1131-12s-1-300x300.jpg\" alt=\"postes d'argent hans\" width=\"300\" height=\"300\" data-srcset=\"https:\/\/zamphelmets.co\/wp-content\/uploads\/2019\/11\/sim_ak1131-12s-1-300x300.jpg 300w, https:\/\/zamphelmets.co\/wp-content\/uploads\/2019\/11\/sim_ak1131-12s-1-100x100.jpg 100w, https:\/\/zamphelmets.co\/wp-content\/uploads\/2019\/11\/sim_ak1131-12s-1-150x150.jpg 150w, https:\/\/zamphelmets.co\/wp-content\/uploads\/2019\/11\/sim_ak1131-12s-1.jpg 560w\" data-sizes=\"(max-width: 300px) 100vw, 300px\" src=\"data:image\/svg+xml;base64,PHN2ZyB3aWR0aD0iMSIgaGVpZ2h0PSIxIiB4bWxucz0iaHR0cDovL3d3dy53My5vcmcvMjAwMC9zdmciPjwvc3ZnPg==\" style=\"--smush-placeholder-width: 300px; --smush-placeholder-aspect-ratio: 300\/300;\" \/><\/p>\n<p>Tous les casques pour adultes de la gamme Zamp sont compatibles avec les montants HANS. Chaque casque est pr\u00e9-perc\u00e9 d&rsquo;une borne M6 permettant d&rsquo;installer facilement les montants HANS.<\/p>\n<div class=\"container\">\n<div id=\"content\" class=\"site-content\">\n<div id=\"primary\" class=\"content-area\">\n<p>&nbsp;<\/p>\n<div id=\"product-308\" class=\"product type-product post-308 status-publish first instock product_cat-accessories product_cat-helmet-accessories product_cat-other product_cat-zamp has-post-thumbnail taxable shipping-taxable purchasable product-type-simple\">\n<div class=\"woocommerce-tabs wc-tabs-wrapper\">\n<div id=\"tab-description\" class=\"woocommerce-Tabs-panel woocommerce-Tabs-panel--description panel entry-content wc-tab\" role=\"tabpanel\" aria-labelledby=\"tab-title-description\">\n<p>Pour plus d&rsquo;informations sur les dispositifs HANS\/FHR et sur les personnes qui en ont besoin, veuillez <a href=\"https:\/\/www.motorsportuk.org\/assets\/fhrguidance.pdf\">suivre ce lien<\/a> pour en savoir plus sur les <a href=\"https:\/\/zamphelmets.co\/fr\/produit\/poste-hans\/#description\">HANS<\/a> et sur la mani\u00e8re de les installer.<\/p>\n<\/div>\n<\/div>\n<\/div>\n<\/div>\n<\/div>\n<\/div>\n","protected":false},"excerpt":{"rendered":"<p>Que sont les postes Hans, les dispositifs HANS et FHR ? Un FHR est un appuie-t\u00eate frontal: c&rsquo;est le terme g\u00e9n\u00e9ral pour ce que l&rsquo;on appelle souvent un dispositif HANS. Le HANS est en fait une marque d\u00e9pos\u00e9e &#8211; un acronyme pour Head and Neck Support &#8211; que seuls certains fabricants peuvent utiliser. C&rsquo;est le [&hellip;]<\/p>\n","protected":false},"author":2,"featured_media":0,"parent":0,"menu_order":0,"comment_status":"closed","ping_status":"closed","template":"templates\/fullwidth.php","meta":{"_acf_changed":false,"footnotes":""},"class_list":["post-21987","page","type-page","status-publish","hentry"],"acf":[],"yoast_head":"<!-- This site is optimized with the Yoast SEO plugin v27.0 - https:\/\/yoast.com\/product\/yoast-seo-wordpress\/ -->\n<title>Poteaux HANS, dispositifs HANS et FHR expliqu\u00e9e - Zamp Helmets | Helmet 28 EU<\/title>\n<meta name=\"description\" content=\"Qu&#039;est-ce qu&#039;un HANS Posts et un HANS Devices et qui doit les porter ? Cet article vous expliquera tout ce que vous devez savoir sur les HANS Posts.\" \/>\n<meta name=\"robots\" content=\"index, follow, max-snippet:-1, max-image-preview:large, max-video-preview:-1\" \/>\n<link rel=\"canonical\" href=\"https:\/\/zamphelmets.co\/fr\/poteaux-hans-dispositifs-hans-et-fhr\/\" \/>\n<meta property=\"og:locale\" content=\"fr_FR\" \/>\n<meta property=\"og:type\" content=\"article\" \/>\n<meta property=\"og:title\" content=\"Poteaux HANS, dispositifs HANS et FHR expliqu\u00e9e - Zamp Helmets | Helmet 28 EU\" \/>\n<meta property=\"og:description\" content=\"Qu&#039;est-ce qu&#039;un HANS Posts et un HANS Devices et qui doit les porter ? Cet article vous expliquera tout ce que vous devez savoir sur les HANS Posts.\" \/>\n<meta property=\"og:url\" content=\"https:\/\/zamphelmets.co\/fr\/poteaux-hans-dispositifs-hans-et-fhr\/\" \/>\n<meta property=\"og:site_name\" content=\"Zamp Helmets | Helmet 28 EU\" \/>\n<meta property=\"article:modified_time\" content=\"2026-02-16T15:02:12+00:00\" \/>\n<meta property=\"og:image\" content=\"https:\/\/zamphelmets.co\/wp-content\/uploads\/2019\/11\/sim_ak1131-12s-1.jpg\" \/>\n\t<meta property=\"og:image:width\" content=\"560\" \/>\n\t<meta property=\"og:image:height\" content=\"560\" \/>\n\t<meta property=\"og:image:type\" content=\"image\/jpeg\" \/>\n<meta name=\"twitter:card\" content=\"summary_large_image\" \/>\n<meta name=\"twitter:label1\" content=\"Est. reading time\" \/>\n\t<meta name=\"twitter:data1\" content=\"1 minute\" \/>\n<script type=\"application\/ld+json\" class=\"yoast-schema-graph\">{\"@context\":\"https:\/\/schema.org\",\"@graph\":[{\"@type\":\"WebPage\",\"@id\":\"https:\/\/zamphelmets.co\/fr\/poteaux-hans-dispositifs-hans-et-fhr\/\",\"url\":\"https:\/\/zamphelmets.co\/fr\/poteaux-hans-dispositifs-hans-et-fhr\/\",\"name\":\"Poteaux HANS, dispositifs HANS et FHR expliqu\u00e9e - Zamp Helmets | Helmet 28 EU\",\"isPartOf\":{\"@id\":\"https:\/\/zamphelmets.co\/fr\/#website\"},\"primaryImageOfPage\":{\"@id\":\"https:\/\/zamphelmets.co\/fr\/poteaux-hans-dispositifs-hans-et-fhr\/#primaryimage\"},\"image\":{\"@id\":\"https:\/\/zamphelmets.co\/fr\/poteaux-hans-dispositifs-hans-et-fhr\/#primaryimage\"},\"thumbnailUrl\":\"https:\/\/zamphelmets.co\/wp-content\/uploads\/2019\/11\/sim_ak1131-12s-1-300x300.jpg\",\"datePublished\":\"2020-02-06T11:37:14+00:00\",\"dateModified\":\"2026-02-16T15:02:12+00:00\",\"description\":\"Qu'est-ce qu'un HANS Posts et un HANS Devices et qui doit les porter ? Cet article vous expliquera tout ce que vous devez savoir sur les HANS Posts.\",\"inLanguage\":\"fr-FR\",\"potentialAction\":[{\"@type\":\"ReadAction\",\"target\":[\"https:\/\/zamphelmets.co\/fr\/poteaux-hans-dispositifs-hans-et-fhr\/\"]}]},{\"@type\":\"ImageObject\",\"inLanguage\":\"fr-FR\",\"@id\":\"https:\/\/zamphelmets.co\/fr\/poteaux-hans-dispositifs-hans-et-fhr\/#primaryimage\",\"url\":\"https:\/\/zamphelmets.co\/wp-content\/uploads\/2019\/11\/sim_ak1131-12s-1-300x300.jpg\",\"contentUrl\":\"https:\/\/zamphelmets.co\/wp-content\/uploads\/2019\/11\/sim_ak1131-12s-1-300x300.jpg\"},{\"@type\":\"WebSite\",\"@id\":\"https:\/\/zamphelmets.co\/fr\/#website\",\"url\":\"https:\/\/zamphelmets.co\/fr\/\",\"name\":\"Zamp Helmets | Helmet 28 EU\",\"description\":\"High Quality Motorsport Helmets\",\"potentialAction\":[{\"@type\":\"SearchAction\",\"target\":{\"@type\":\"EntryPoint\",\"urlTemplate\":\"https:\/\/zamphelmets.co\/fr\/?s={search_term_string}\"},\"query-input\":{\"@type\":\"PropertyValueSpecification\",\"valueRequired\":true,\"valueName\":\"search_term_string\"}}],\"inLanguage\":\"fr-FR\"}]}<\/script>\n<!-- \/ Yoast SEO plugin. -->","yoast_head_json":{"title":"Poteaux HANS, dispositifs HANS et FHR expliqu\u00e9e - Zamp Helmets | Helmet 28 EU","description":"Qu'est-ce qu'un HANS Posts et un HANS Devices et qui doit les porter ? Cet article vous expliquera tout ce que vous devez savoir sur les HANS Posts.","robots":{"index":"index","follow":"follow","max-snippet":"max-snippet:-1","max-image-preview":"max-image-preview:large","max-video-preview":"max-video-preview:-1"},"canonical":"https:\/\/zamphelmets.co\/fr\/poteaux-hans-dispositifs-hans-et-fhr\/","og_locale":"fr_FR","og_type":"article","og_title":"Poteaux HANS, dispositifs HANS et FHR expliqu\u00e9e - Zamp Helmets | Helmet 28 EU","og_description":"Qu'est-ce qu'un HANS Posts et un HANS Devices et qui doit les porter ? Cet article vous expliquera tout ce que vous devez savoir sur les HANS Posts.","og_url":"https:\/\/zamphelmets.co\/fr\/poteaux-hans-dispositifs-hans-et-fhr\/","og_site_name":"Zamp Helmets | Helmet 28 EU","article_modified_time":"2026-02-16T15:02:12+00:00","og_image":[{"width":560,"height":560,"url":"https:\/\/zamphelmets.co\/wp-content\/uploads\/2019\/11\/sim_ak1131-12s-1.jpg","type":"image\/jpeg"}],"twitter_card":"summary_large_image","twitter_misc":{"Est. reading time":"1 minute"},"schema":{"@context":"https:\/\/schema.org","@graph":[{"@type":"WebPage","@id":"https:\/\/zamphelmets.co\/fr\/poteaux-hans-dispositifs-hans-et-fhr\/","url":"https:\/\/zamphelmets.co\/fr\/poteaux-hans-dispositifs-hans-et-fhr\/","name":"Poteaux HANS, dispositifs HANS et FHR expliqu\u00e9e - Zamp Helmets | Helmet 28 EU","isPartOf":{"@id":"https:\/\/zamphelmets.co\/fr\/#website"},"primaryImageOfPage":{"@id":"https:\/\/zamphelmets.co\/fr\/poteaux-hans-dispositifs-hans-et-fhr\/#primaryimage"},"image":{"@id":"https:\/\/zamphelmets.co\/fr\/poteaux-hans-dispositifs-hans-et-fhr\/#primaryimage"},"thumbnailUrl":"https:\/\/zamphelmets.co\/wp-content\/uploads\/2019\/11\/sim_ak1131-12s-1-300x300.jpg","datePublished":"2020-02-06T11:37:14+00:00","dateModified":"2026-02-16T15:02:12+00:00","description":"Qu'est-ce qu'un HANS Posts et un HANS Devices et qui doit les porter ? Cet article vous expliquera tout ce que vous devez savoir sur les HANS Posts.","inLanguage":"fr-FR","potentialAction":[{"@type":"ReadAction","target":["https:\/\/zamphelmets.co\/fr\/poteaux-hans-dispositifs-hans-et-fhr\/"]}]},{"@type":"ImageObject","inLanguage":"fr-FR","@id":"https:\/\/zamphelmets.co\/fr\/poteaux-hans-dispositifs-hans-et-fhr\/#primaryimage","url":"https:\/\/zamphelmets.co\/wp-content\/uploads\/2019\/11\/sim_ak1131-12s-1-300x300.jpg","contentUrl":"https:\/\/zamphelmets.co\/wp-content\/uploads\/2019\/11\/sim_ak1131-12s-1-300x300.jpg"},{"@type":"WebSite","@id":"https:\/\/zamphelmets.co\/fr\/#website","url":"https:\/\/zamphelmets.co\/fr\/","name":"Zamp Helmets | Helmet 28 EU","description":"High Quality Motorsport Helmets","potentialAction":[{"@type":"SearchAction","target":{"@type":"EntryPoint","urlTemplate":"https:\/\/zamphelmets.co\/fr\/?s={search_term_string}"},"query-input":{"@type":"PropertyValueSpecification","valueRequired":true,"valueName":"search_term_string"}}],"inLanguage":"fr-FR"}]}},"_links":{"self":[{"href":"https:\/\/zamphelmets.co\/fr\/wp-json\/wp\/v2\/pages\/21987","targetHints":{"allow":["GET"]}}],"collection":[{"href":"https:\/\/zamphelmets.co\/fr\/wp-json\/wp\/v2\/pages"}],"about":[{"href":"https:\/\/zamphelmets.co\/fr\/wp-json\/wp\/v2\/types\/page"}],"author":[{"embeddable":true,"href":"https:\/\/zamphelmets.co\/fr\/wp-json\/wp\/v2\/users\/2"}],"replies":[{"embeddable":true,"href":"https:\/\/zamphelmets.co\/fr\/wp-json\/wp\/v2\/comments?post=21987"}],"version-history":[{"count":1,"href":"https:\/\/zamphelmets.co\/fr\/wp-json\/wp\/v2\/pages\/21987\/revisions"}],"predecessor-version":[{"id":203524,"href":"https:\/\/zamphelmets.co\/fr\/wp-json\/wp\/v2\/pages\/21987\/revisions\/203524"}],"wp:attachment":[{"href":"https:\/\/zamphelmets.co\/fr\/wp-json\/wp\/v2\/media?parent=21987"}],"curies":[{"name":"wp","href":"https:\/\/api.w.org\/{rel}","templated":true}]}}