{"id":21977,"date":"2020-02-06T11:04:13","date_gmt":"2020-02-06T11:04:13","guid":{"rendered":"https:\/\/zamphelmets.co\/lhomologation-expliquee\/"},"modified":"2026-02-16T15:06:50","modified_gmt":"2026-02-16T15:06:50","slug":"lhomologation-expliquee","status":"publish","type":"page","link":"https:\/\/zamphelmets.co\/fr\/lhomologation-expliquee\/","title":{"rendered":"L&rsquo;homologation expliqu\u00e9e"},"content":{"rendered":"<section class=\"elementor-element elementor-element-49c97e0 elementor-section-boxed elementor-section-height-default elementor-section-height-default elementor-section elementor-top-section\" data-id=\"49c97e0\" data-element_type=\"section\">\n<div class=\"elementor-container elementor-column-gap-default\">\n<div class=\"elementor-row\">\n<div class=\"elementor-element elementor-element-a04f786 elementor-column elementor-col-100 elementor-top-column\" data-id=\"a04f786\" data-element_type=\"column\">\n<div class=\"elementor-column-wrap elementor-element-populated\">\n<div class=\"elementor-widget-wrap\">\n<div class=\"elementor-element elementor-element-d7779a7 elementor-widget elementor-widget-heading\" data-id=\"d7779a7\" data-element_type=\"widget\" data-widget_type=\"heading.default\">\n<div class=\"elementor-widget-container\">\n<section class=\"elementor-element elementor-element-49c97e0 elementor-section-boxed elementor-section-height-default elementor-section-height-default elementor-section elementor-top-section\" data-id=\"49c97e0\" data-element_type=\"section\">\n<div class=\"elementor-container elementor-column-gap-default\">\n<div class=\"elementor-row\">\n<div class=\"elementor-element elementor-element-a04f786 elementor-column elementor-col-100 elementor-top-column\" data-id=\"a04f786\" data-element_type=\"column\">\n<div class=\"elementor-column-wrap elementor-element-populated\">\n<div class=\"elementor-widget-wrap\">\n<div class=\"elementor-element elementor-element-d7779a7 elementor-widget elementor-widget-heading\" data-id=\"d7779a7\" data-element_type=\"widget\" data-widget_type=\"heading.default\">\n<div class=\"elementor-widget-container\">\n<h3 class=\"elementor-heading-title elementor-size-xxl\">De quelle homologation ai-je besoin ?<\/h3>\n<\/div>\n<\/div>\n<\/div>\n<\/div>\n<\/div>\n<\/div>\n<\/div>\n<\/section>\n<section class=\"elementor-element elementor-element-049f318 elementor-section-boxed elementor-section-height-default elementor-section-height-default elementor-section elementor-top-section\" data-id=\"049f318\" data-element_type=\"section\">\n<div class=\"elementor-container elementor-column-gap-default\">\n<div class=\"elementor-row\">\n<div class=\"elementor-element elementor-element-1083611 elementor-column elementor-col-100 elementor-top-column\" data-id=\"1083611\" data-element_type=\"column\">\n<div class=\"elementor-column-wrap elementor-element-populated\">\n<div class=\"elementor-widget-wrap\">\n<div class=\"elementor-element elementor-element-7c9e7ad elementor-widget elementor-widget-spacer\" data-id=\"7c9e7ad\" data-element_type=\"widget\" data-widget_type=\"spacer.default\">\n<div class=\"elementor-widget-container\">\n<div class=\"elementor-spacer\">\n<div class=\"elementor-spacer-inner\">La derni\u00e8re chose que vous souhaitez, c&rsquo;est de vous rendre \u00e0 votre prochain \u00e9v\u00e9nement de sport automobile et de constater que votre \u00e9quipement est obsol\u00e8te. Nous savons que la compr\u00e9hension de l&rsquo;homologation dont vous avez besoin (FIA \/ SNELL \/ CMR) peut parfois ressembler \u00e0 un champ de mines. La premi\u00e8re chose que nous vous sugg\u00e9rons est de contacter les organisateurs de votre championnat de course et de leur demander exactement quelle est l&rsquo;homologation dont vous avez besoin. Sinon, n&rsquo;h\u00e9sitez pas \u00e0 <a href=\"https:\/\/zamphelmets.co\/fr\/contact\/\">nous contacter<\/a> et nous ferons de notre mieux pour vous aider.<\/div>\n<\/div>\n<\/div>\n<\/div>\n<\/div>\n<\/div>\n<\/div>\n<div class=\"elementor-element elementor-element-1083611 elementor-column elementor-col-100 elementor-top-column\" data-id=\"1083611\" data-element_type=\"column\">\n<div class=\"elementor-column-wrap elementor-element-populated\">\n<div class=\"elementor-widget-wrap\">\n<div class=\"elementor-element elementor-element-7c9e7ad elementor-widget elementor-widget-spacer\" data-id=\"7c9e7ad\" data-element_type=\"widget\" data-widget_type=\"spacer.default\">\n<div class=\"elementor-widget-container\">\n<div>\n<h3 class=\"elementor-heading-title elementor-size-xxl\">Votre casque est-il \u00e0 jour ?<\/h3>\n<\/div>\n<div class=\"elementor-spacer\">\n<div class=\"elementor-spacer-inner\">Si vous avez d\u00e9j\u00e0 un casque mais que vous avez besoin de v\u00e9rifier que votre homologation est toujours d&rsquo;actualit\u00e9 et valide pour la course, nous avons list\u00e9 ci-dessous un guide de toutes les homologations actuelles et de leur date de validit\u00e9 :<\/div>\n<\/div>\n<\/div>\n<div>\n<h3 class=\"elementor-heading-title elementor-size-xxl\"><a href=\"https:\/\/www.fia.com\/\">FIA<\/a><\/h3>\n<p>Les normes de la FIA sont largement reconnues dans les comp\u00e9titions automobiles britanniques et europ\u00e9ennes et sont r\u00e9put\u00e9es pour leurs crit\u00e8res de s\u00e9curit\u00e9 \u00e9lev\u00e9s, d\u00e9passant souvent les normes SNELL.<\/p>\n<ul>\n<li><strong>FIA 8860-2004<\/strong> &#8211; Expir\u00e9 le 31\/12\/2020<\/li>\n<li><strong>FIA 8858-2010<\/strong> | Valable jusqu&rsquo;au 31\/12\/2023<\/li>\n<li><strong>FIA 8860-2010<\/strong> | Valable jusqu&rsquo;au 31\/12\/2028<\/li>\n<li><strong>FIA 8859-2015<\/strong> | En cours de validit\u00e9 (pas de date d&rsquo;expiration)<\/li>\n<li><strong>FIA 8859-2024<\/strong> | En cours de validit\u00e9 (pas de date d&rsquo;expiration)<\/li>\n<li><strong>FIA 8859-2024 ABP<\/strong> | En cours de validit\u00e9 (pas de date d&rsquo;expiration)<\/li>\n<li><strong>FIA 8860-2018<\/strong> | En cours de validit\u00e9 (pas de date d&rsquo;expiration)<\/li>\n<li><strong>FIA 8860-2018 ABP<\/strong> | En cours de validit\u00e9 (pas de date d&rsquo;expiration)<\/li>\n<\/ul>\n<h3 class=\"elementor-heading-title elementor-size-xxl\"><a href=\"https:\/\/smf.org\/cert\">SNELL<\/a><\/h3>\n<p>Les normes SNELL sont reconnues dans le monde entier et sont souvent utilis\u00e9es comme alternative aux normes FIA. Ces casques sont largement disponibles et b\u00e9n\u00e9ficient de la confiance de nombreuses organisations de course. <\/p>\n<ul>\n<li><strong>SA2005<\/strong> | Expir\u00e9 31\/12\/2018<\/li>\n<li><strong>SA2010<\/strong> | Expiration 31\/12\/2023<\/li>\n<li><strong>SAH2010<\/strong> | Expiration 31\/12\/2023<\/li>\n<li><strong>SA2015<\/strong> | Expiration 31\/12\/2023<\/li>\n<li><strong>SA2020<\/strong> | En cours de validit\u00e9 (pas de date d&rsquo;expiration)<\/li>\n<\/ul>\n<p><em>Remarque : les casques de la norme SA2020 ont \u00e9t\u00e9 introduits en octobre 2020 et sont d\u00e9sormais largement disponibles. La plupart des organismes d&rsquo;homologation abandonnent progressivement les normes plus anciennes, comme la norme SA2010. <\/em><\/p>\n<h3 class=\"elementor-heading-title elementor-size-xxl\">CMR<\/h3>\n<p>Les normes CMR sont sp\u00e9cifiquement con\u00e7ues pour les karts juniors (moins de 16 ans) et donnent la priorit\u00e9 \u00e0 un faible poids afin de minimiser les forces de rotation en cas d&rsquo;accident.<\/p>\n<ul>\n<li><strong>Snell-FIA CMR 2007<\/strong> | Valable jusqu&rsquo;au 31\/12\/2024<\/li>\n<li><strong>Snell-FIA CMR 2016<\/strong> | En cours de validit\u00e9 (pas de date d&rsquo;expiration)<\/li>\n<\/ul>\n<p>Le <strong>Snell-FIA CMR 2016<\/strong> reste la norme la plus r\u00e9cente pour les casques de karting junior, garantissant la meilleure protection possible pour les jeunes pilotes.<\/p>\n<p>&nbsp;<\/p>\n<hr>\n<\/div>\n<p>&nbsp;<\/p>\n<p>Poids <strong>&#8211; <\/strong>Le poids autoris\u00e9 d&rsquo;un casque d\u00e9pend de la plus petite circonf\u00e9rence de la t\u00eate pour laquelle le casque est pr\u00e9vu et de la configuration du casque pour recevoir un \u00e9cran facial. Les casques doivent \u00eatre pes\u00e9s dans la configuration la plus massive possible, avec l&rsquo;attirail qui les accompagne.<\/p>\n<p><img decoding=\"async\" class=\"alignnone wp-image-1441 size-full lazyload\" data-src=\"https:\/\/zamphelmets.co\/wp-content\/uploads\/2020\/03\/Screenshot-2020-03-10-at-11.14.14.png\" alt=\"tableau des poids pour l'homologation des casques\" width=\"687\" height=\"202\" data-srcset=\"https:\/\/zamphelmets.co\/wp-content\/uploads\/2020\/03\/Screenshot-2020-03-10-at-11.14.14.png 687w, https:\/\/zamphelmets.co\/wp-content\/uploads\/2020\/03\/Screenshot-2020-03-10-at-11.14.14-300x88.png 300w, https:\/\/zamphelmets.co\/wp-content\/uploads\/2020\/03\/Screenshot-2020-03-10-at-11.14.14-600x176.png 600w\" data-sizes=\"(max-width: 687px) 100vw, 687px\" src=\"data:image\/svg+xml;base64,PHN2ZyB3aWR0aD0iMSIgaGVpZ2h0PSIxIiB4bWxucz0iaHR0cDovL3d3dy53My5vcmcvMjAwMC9zdmciPjwvc3ZnPg==\" style=\"--smush-placeholder-width: 687px; --smush-placeholder-aspect-ratio: 687\/202;\" \/><\/p>\n<\/div>\n<p><em>Veuillez noter que toutes les informations figurant sur cette page sont exactes \u00e0 la date de janvier 2025.  <\/em><\/p>\n<\/div>\n<\/div>\n<\/div>\n<\/div>\n<\/div>\n<\/section>\n<\/div>\n<\/div>\n<\/div>\n<\/div>\n<\/div>\n<\/div>\n<\/div>\n<\/section>\n","protected":false},"excerpt":{"rendered":"<p>De quelle homologation ai-je besoin ? La derni\u00e8re chose que vous souhaitez, c&rsquo;est de vous rendre \u00e0 votre prochain \u00e9v\u00e9nement de sport automobile et de constater que votre \u00e9quipement est obsol\u00e8te. Nous savons que la compr\u00e9hension de l&rsquo;homologation dont vous avez besoin (FIA \/ SNELL \/ CMR) peut parfois ressembler \u00e0 un champ de mines. [&hellip;]<\/p>\n","protected":false},"author":2,"featured_media":0,"parent":0,"menu_order":0,"comment_status":"closed","ping_status":"closed","template":"templates\/fullwidth.php","meta":{"_acf_changed":false,"footnotes":""},"class_list":["post-21977","page","type-page","status-publish","hentry"],"acf":[],"yoast_head":"<!-- This site is optimized with the Yoast SEO plugin v27.0 - https:\/\/yoast.com\/product\/yoast-seo-wordpress\/ -->\n<title>Casque L&#039;homologation expliqu\u00e9e - Zamp Helmets | Helmet 28 EU Guide<\/title>\n<meta name=\"description\" content=\"Assurez-vous que vous disposez de l&#039;homologation correcte pour la course \u00e0 laquelle vous participez. Ce guide vous expliquera tout ce que vous devez savoir.\" \/>\n<meta name=\"robots\" content=\"index, follow, max-snippet:-1, max-image-preview:large, max-video-preview:-1\" \/>\n<link rel=\"canonical\" href=\"https:\/\/zamphelmets.co\/fr\/lhomologation-expliquee\/\" \/>\n<meta property=\"og:locale\" content=\"fr_FR\" \/>\n<meta property=\"og:type\" content=\"article\" \/>\n<meta property=\"og:title\" content=\"Casque L&#039;homologation expliqu\u00e9e - Zamp Helmets | Helmet 28 EU Guide\" \/>\n<meta property=\"og:description\" content=\"Assurez-vous que vous disposez de l&#039;homologation correcte pour la course \u00e0 laquelle vous participez. Ce guide vous expliquera tout ce que vous devez savoir.\" \/>\n<meta property=\"og:url\" content=\"https:\/\/zamphelmets.co\/fr\/lhomologation-expliquee\/\" \/>\n<meta property=\"og:site_name\" content=\"Zamp Helmets | Helmet 28 EU\" \/>\n<meta property=\"article:modified_time\" content=\"2026-02-16T15:06:50+00:00\" \/>\n<meta property=\"og:image\" content=\"https:\/\/zamphelmets.co\/wp-content\/uploads\/2020\/03\/Screenshot-2020-03-10-at-11.14.14.png\" \/>\n\t<meta property=\"og:image:width\" content=\"687\" \/>\n\t<meta property=\"og:image:height\" content=\"202\" \/>\n\t<meta property=\"og:image:type\" content=\"image\/png\" \/>\n<meta name=\"twitter:card\" content=\"summary_large_image\" \/>\n<meta name=\"twitter:label1\" content=\"Est. reading time\" \/>\n\t<meta name=\"twitter:data1\" content=\"2 minutes\" \/>\n<script type=\"application\/ld+json\" class=\"yoast-schema-graph\">{\"@context\":\"https:\/\/schema.org\",\"@graph\":[{\"@type\":\"WebPage\",\"@id\":\"https:\/\/zamphelmets.co\/fr\/lhomologation-expliquee\/\",\"url\":\"https:\/\/zamphelmets.co\/fr\/lhomologation-expliquee\/\",\"name\":\"Casque L'homologation expliqu\u00e9e - Zamp Helmets | Helmet 28 EU Guide\",\"isPartOf\":{\"@id\":\"https:\/\/zamphelmets.co\/fr\/#website\"},\"primaryImageOfPage\":{\"@id\":\"https:\/\/zamphelmets.co\/fr\/lhomologation-expliquee\/#primaryimage\"},\"image\":{\"@id\":\"https:\/\/zamphelmets.co\/fr\/lhomologation-expliquee\/#primaryimage\"},\"thumbnailUrl\":\"https:\/\/zamphelmets.co\/wp-content\/uploads\/2020\/03\/Screenshot-2020-03-10-at-11.14.14.png\",\"datePublished\":\"2020-02-06T11:04:13+00:00\",\"dateModified\":\"2026-02-16T15:06:50+00:00\",\"description\":\"Assurez-vous que vous disposez de l'homologation correcte pour la course \u00e0 laquelle vous participez. Ce guide vous expliquera tout ce que vous devez savoir.\",\"inLanguage\":\"fr-FR\",\"potentialAction\":[{\"@type\":\"ReadAction\",\"target\":[\"https:\/\/zamphelmets.co\/fr\/lhomologation-expliquee\/\"]}]},{\"@type\":\"ImageObject\",\"inLanguage\":\"fr-FR\",\"@id\":\"https:\/\/zamphelmets.co\/fr\/lhomologation-expliquee\/#primaryimage\",\"url\":\"https:\/\/zamphelmets.co\/wp-content\/uploads\/2020\/03\/Screenshot-2020-03-10-at-11.14.14.png\",\"contentUrl\":\"https:\/\/zamphelmets.co\/wp-content\/uploads\/2020\/03\/Screenshot-2020-03-10-at-11.14.14.png\"},{\"@type\":\"WebSite\",\"@id\":\"https:\/\/zamphelmets.co\/fr\/#website\",\"url\":\"https:\/\/zamphelmets.co\/fr\/\",\"name\":\"Zamp Helmets | Helmet 28 EU\",\"description\":\"High Quality Motorsport Helmets\",\"potentialAction\":[{\"@type\":\"SearchAction\",\"target\":{\"@type\":\"EntryPoint\",\"urlTemplate\":\"https:\/\/zamphelmets.co\/fr\/?s={search_term_string}\"},\"query-input\":{\"@type\":\"PropertyValueSpecification\",\"valueRequired\":true,\"valueName\":\"search_term_string\"}}],\"inLanguage\":\"fr-FR\"}]}<\/script>\n<!-- \/ Yoast SEO plugin. -->","yoast_head_json":{"title":"Casque L'homologation expliqu\u00e9e - Zamp Helmets | Helmet 28 EU Guide","description":"Assurez-vous que vous disposez de l'homologation correcte pour la course \u00e0 laquelle vous participez. Ce guide vous expliquera tout ce que vous devez savoir.","robots":{"index":"index","follow":"follow","max-snippet":"max-snippet:-1","max-image-preview":"max-image-preview:large","max-video-preview":"max-video-preview:-1"},"canonical":"https:\/\/zamphelmets.co\/fr\/lhomologation-expliquee\/","og_locale":"fr_FR","og_type":"article","og_title":"Casque L'homologation expliqu\u00e9e - Zamp Helmets | Helmet 28 EU Guide","og_description":"Assurez-vous que vous disposez de l'homologation correcte pour la course \u00e0 laquelle vous participez. Ce guide vous expliquera tout ce que vous devez savoir.","og_url":"https:\/\/zamphelmets.co\/fr\/lhomologation-expliquee\/","og_site_name":"Zamp Helmets | Helmet 28 EU","article_modified_time":"2026-02-16T15:06:50+00:00","og_image":[{"width":687,"height":202,"url":"https:\/\/zamphelmets.co\/wp-content\/uploads\/2020\/03\/Screenshot-2020-03-10-at-11.14.14.png","type":"image\/png"}],"twitter_card":"summary_large_image","twitter_misc":{"Est. reading time":"2 minutes"},"schema":{"@context":"https:\/\/schema.org","@graph":[{"@type":"WebPage","@id":"https:\/\/zamphelmets.co\/fr\/lhomologation-expliquee\/","url":"https:\/\/zamphelmets.co\/fr\/lhomologation-expliquee\/","name":"Casque L'homologation expliqu\u00e9e - Zamp Helmets | Helmet 28 EU Guide","isPartOf":{"@id":"https:\/\/zamphelmets.co\/fr\/#website"},"primaryImageOfPage":{"@id":"https:\/\/zamphelmets.co\/fr\/lhomologation-expliquee\/#primaryimage"},"image":{"@id":"https:\/\/zamphelmets.co\/fr\/lhomologation-expliquee\/#primaryimage"},"thumbnailUrl":"https:\/\/zamphelmets.co\/wp-content\/uploads\/2020\/03\/Screenshot-2020-03-10-at-11.14.14.png","datePublished":"2020-02-06T11:04:13+00:00","dateModified":"2026-02-16T15:06:50+00:00","description":"Assurez-vous que vous disposez de l'homologation correcte pour la course \u00e0 laquelle vous participez. Ce guide vous expliquera tout ce que vous devez savoir.","inLanguage":"fr-FR","potentialAction":[{"@type":"ReadAction","target":["https:\/\/zamphelmets.co\/fr\/lhomologation-expliquee\/"]}]},{"@type":"ImageObject","inLanguage":"fr-FR","@id":"https:\/\/zamphelmets.co\/fr\/lhomologation-expliquee\/#primaryimage","url":"https:\/\/zamphelmets.co\/wp-content\/uploads\/2020\/03\/Screenshot-2020-03-10-at-11.14.14.png","contentUrl":"https:\/\/zamphelmets.co\/wp-content\/uploads\/2020\/03\/Screenshot-2020-03-10-at-11.14.14.png"},{"@type":"WebSite","@id":"https:\/\/zamphelmets.co\/fr\/#website","url":"https:\/\/zamphelmets.co\/fr\/","name":"Zamp Helmets | Helmet 28 EU","description":"High Quality Motorsport Helmets","potentialAction":[{"@type":"SearchAction","target":{"@type":"EntryPoint","urlTemplate":"https:\/\/zamphelmets.co\/fr\/?s={search_term_string}"},"query-input":{"@type":"PropertyValueSpecification","valueRequired":true,"valueName":"search_term_string"}}],"inLanguage":"fr-FR"}]}},"_links":{"self":[{"href":"https:\/\/zamphelmets.co\/fr\/wp-json\/wp\/v2\/pages\/21977","targetHints":{"allow":["GET"]}}],"collection":[{"href":"https:\/\/zamphelmets.co\/fr\/wp-json\/wp\/v2\/pages"}],"about":[{"href":"https:\/\/zamphelmets.co\/fr\/wp-json\/wp\/v2\/types\/page"}],"author":[{"embeddable":true,"href":"https:\/\/zamphelmets.co\/fr\/wp-json\/wp\/v2\/users\/2"}],"replies":[{"embeddable":true,"href":"https:\/\/zamphelmets.co\/fr\/wp-json\/wp\/v2\/comments?post=21977"}],"version-history":[{"count":1,"href":"https:\/\/zamphelmets.co\/fr\/wp-json\/wp\/v2\/pages\/21977\/revisions"}],"predecessor-version":[{"id":203623,"href":"https:\/\/zamphelmets.co\/fr\/wp-json\/wp\/v2\/pages\/21977\/revisions\/203623"}],"wp:attachment":[{"href":"https:\/\/zamphelmets.co\/fr\/wp-json\/wp\/v2\/media?parent=21977"}],"curies":[{"name":"wp","href":"https:\/\/api.w.org\/{rel}","templated":true}]}}