{"id":293652,"date":"2025-08-13T13:15:59","date_gmt":"2025-08-13T13:15:59","guid":{"rendered":"https:\/\/zamphelmets.co\/product\/forro-de-corona-rz-42-48-youth-gris\/"},"modified":"2026-05-07T08:27:27","modified_gmt":"2026-05-07T08:27:27","slug":"forro-de-corona-rz-42-48-youth-gris","status":"publish","type":"product","link":"https:\/\/zamphelmets.co\/es\/producto\/forro-de-corona-rz-42-48-youth-gris\/","title":{"rendered":"Forro interior de corona RZ 48 Youth gris"},"content":{"rendered":"<p data-start=\"222\" data-end=\"386\">D\u00e9 a su casco una sensaci\u00f3n renovada y el ajuste perfecto con el <strong data-start=\"281\" data-end=\"322\">Forro de Corona RZ 48 Youth,<\/strong> dise\u00f1ado espec\u00edficamente para los populares modelos de cascos juveniles de Zamp.<\/p>\n<p data-start=\"388\" data-end=\"608\">Ya sea para renovar el interior de un casco muy usado o para ajustar el ajuste a medida que su joven piloto crece, este forro de corona de recambio original hace que sea r\u00e1pido y f\u00e1cil mejorar la comodidad sin necesidad de sustituir todo el casco.<\/p>\n<h3 data-start=\"610\" data-end=\"643\">\u00bfPor qu\u00e9 sustituir el forro de corona?<\/h3>\n<ul data-start=\"645\" data-end=\"946\">\n<li data-start=\"645\" data-end=\"708\">\n<p data-start=\"647\" data-end=\"708\"><strong data-start=\"650\" data-end=\"669\">Restaurar la comodidad<\/strong> \u2013 Sustituya el acolchado desgastado o comprimido<\/p>\n<\/li>\n<li data-start=\"709\" data-end=\"781\">\n<p data-start=\"711\" data-end=\"781\"><strong data-start=\"714\" data-end=\"731\">Ajustar la talla<\/strong> \u2013 Ajuste el interior para pilotos en crecimiento<\/p>\n<\/li>\n<li data-start=\"782\" data-end=\"867\">\n<p data-start=\"784\" data-end=\"867\"><strong data-start=\"787\" data-end=\"809\">Prolongar la vida del casco<\/strong> \u2013 Mantenga su RZ 48 Youth rindiendo al m\u00e1ximo<\/p>\n<\/li>\n<li data-start=\"868\" data-end=\"946\">\n<p data-start=\"870\" data-end=\"946\"><strong data-start=\"873\" data-end=\"898\">Compatibilidad genuina<\/strong> \u2013 Dise\u00f1ado espec\u00edficamente para modelos Youth de Zamp<\/p>\n<\/li>\n<\/ul>\n<p data-start=\"948\" data-end=\"1158\">Un casco correctamente ajustado no es solo cuesti\u00f3n de comodidad, sino de seguridad y confianza en pista. Sustituir el forro de corona puede ayudar a mantener un ajuste ce\u00f1ido y seguro que favorece el rendimiento sesi\u00f3n tras sesi\u00f3n. <\/p>\n<h3 data-start=\"1165\" data-end=\"1184\">Disponible en tallas 52, 54, 56, 57 y 59<\/h3>\n<p data-start=\"1288\" data-end=\"1435\">Si el casco de su joven piloto empieza a sentirse holgado, desgastado o menos firme de lo que deber\u00eda, esta sencilla mejora podr\u00eda marcar la diferencia.<\/p>\n","protected":false},"excerpt":{"rendered":"<p>D\u00e9 a su casco una sensaci\u00f3n renovada y el ajuste perfecto con el Forro de Corona RZ 48 Youth, dise\u00f1ado espec\u00edficamente para los populares modelos de cascos juveniles de Zamp. Ya sea para renovar el interior de un casco muy usado o para ajustar el ajuste a medida que su joven piloto crece, este forro [&hellip;]<\/p>\n","protected":false},"featured_media":216235,"comment_status":"open","ping_status":"closed","template":"","meta":{"_acf_changed":false,"_iconic_wsb_product_page_order_bump_ids":[[]],"_sku":["HALCL30C15"],"_iconic_wsb_product_page_bump_modal_ids":[[]]},"product_brand":[],"product_cat":[372,361],"product_tag":[],"class_list":{"0":"post-293652","1":"product","2":"type-product","3":"status-publish","4":"has-post-thumbnail","6":"product_cat-accesorios","7":"product_cat-accesorios-para-cascos","9":"first","10":"instock","11":"taxable","12":"shipping-taxable","13":"purchasable","14":"product-type-variable"},"acf":[],"yoast_head":"<!-- This site is optimized with the Yoast SEO plugin v27.0 - https:\/\/yoast.com\/product\/yoast-seo-wordpress\/ -->\n<title>Forro interior de corona RZ 48 Youth gris - Zamp Helmets | Helmet 28 EU<\/title>\n<meta name=\"description\" content=\"Sustituir el forro de corona puede ayudar a mantener un ajuste ce\u00f1ido y seguro que favorece el rendimiento en pista para j\u00f3venes pilotos y karting.\" \/>\n<meta name=\"robots\" content=\"index, follow, max-snippet:-1, max-image-preview:large, max-video-preview:-1\" \/>\n<link rel=\"canonical\" href=\"https:\/\/zamphelmets.co\/es\/producto\/forro-de-corona-rz-42-48-youth-gris\/\" \/>\n<meta property=\"og:locale\" content=\"es_ES\" \/>\n<meta property=\"og:type\" content=\"article\" \/>\n<meta property=\"og:title\" content=\"Forro interior de corona RZ 48 Youth gris - Zamp Helmets | Helmet 28 EU\" \/>\n<meta property=\"og:description\" content=\"Sustituir el forro de corona puede ayudar a mantener un ajuste ce\u00f1ido y seguro que favorece el rendimiento en pista para j\u00f3venes pilotos y karting.\" \/>\n<meta property=\"og:url\" content=\"https:\/\/zamphelmets.co\/es\/producto\/forro-de-corona-rz-42-48-youth-gris\/\" \/>\n<meta property=\"og:site_name\" content=\"Zamp Helmets | Helmet 28 EU\" \/>\n<meta property=\"article:modified_time\" content=\"2026-05-07T08:27:27+00:00\" \/>\n<meta property=\"og:image\" content=\"https:\/\/zamphelmets.co\/wp-content\/uploads\/2025\/08\/HALCL28C15.webp\" \/>\n\t<meta property=\"og:image:width\" content=\"1500\" \/>\n\t<meta property=\"og:image:height\" content=\"1500\" \/>\n\t<meta property=\"og:image:type\" content=\"image\/webp\" \/>\n<meta name=\"twitter:card\" content=\"summary_large_image\" \/>\n<meta name=\"twitter:label1\" content=\"Est. reading time\" \/>\n\t<meta name=\"twitter:data1\" content=\"1 minuto\" \/>\n<script type=\"application\/ld+json\" class=\"yoast-schema-graph\">{\"@context\":\"https:\/\/schema.org\",\"@graph\":[{\"@type\":\"WebPage\",\"@id\":\"https:\/\/zamphelmets.co\/es\/producto\/forro-de-corona-rz-42-48-youth-gris\/\",\"url\":\"https:\/\/zamphelmets.co\/es\/producto\/forro-de-corona-rz-42-48-youth-gris\/\",\"name\":\"Forro interior de corona RZ 48 Youth gris - Zamp Helmets | Helmet 28 EU\",\"isPartOf\":{\"@id\":\"https:\/\/zamphelmets.co\/es\/#website\"},\"primaryImageOfPage\":{\"@id\":\"https:\/\/zamphelmets.co\/es\/producto\/forro-de-corona-rz-42-48-youth-gris\/#primaryimage\"},\"image\":{\"@id\":\"https:\/\/zamphelmets.co\/es\/producto\/forro-de-corona-rz-42-48-youth-gris\/#primaryimage\"},\"thumbnailUrl\":\"https:\/\/zamphelmets.co\/wp-content\/uploads\/2025\/08\/HALCL28C15.webp\",\"datePublished\":\"2025-08-13T13:15:59+00:00\",\"dateModified\":\"2026-05-07T08:27:27+00:00\",\"description\":\"Sustituir el forro de corona puede ayudar a mantener un ajuste ce\u00f1ido y seguro que favorece el rendimiento en pista para j\u00f3venes pilotos y karting.\",\"breadcrumb\":{\"@id\":\"https:\/\/zamphelmets.co\/es\/producto\/forro-de-corona-rz-42-48-youth-gris\/#breadcrumb\"},\"inLanguage\":\"es\",\"potentialAction\":[{\"@type\":\"ReadAction\",\"target\":[\"https:\/\/zamphelmets.co\/es\/producto\/forro-de-corona-rz-42-48-youth-gris\/\"]}]},{\"@type\":\"ImageObject\",\"inLanguage\":\"es\",\"@id\":\"https:\/\/zamphelmets.co\/es\/producto\/forro-de-corona-rz-42-48-youth-gris\/#primaryimage\",\"url\":\"https:\/\/zamphelmets.co\/wp-content\/uploads\/2025\/08\/HALCL28C15.webp\",\"contentUrl\":\"https:\/\/zamphelmets.co\/wp-content\/uploads\/2025\/08\/HALCL28C15.webp\",\"width\":1500,\"height\":1500},{\"@type\":\"BreadcrumbList\",\"@id\":\"https:\/\/zamphelmets.co\/es\/producto\/forro-de-corona-rz-42-48-youth-gris\/#breadcrumb\",\"itemListElement\":[{\"@type\":\"ListItem\",\"position\":1,\"name\":\"Tienda\",\"item\":\"https:\/\/zamphelmets.co\/es\/tienda\/\"},{\"@type\":\"ListItem\",\"position\":2,\"name\":\"Forro interior de corona RZ 48 Youth gris\"}]},{\"@type\":\"WebSite\",\"@id\":\"https:\/\/zamphelmets.co\/es\/#website\",\"url\":\"https:\/\/zamphelmets.co\/es\/\",\"name\":\"Zamp Helmets | Helmet 28 EU\",\"description\":\"High Quality Motorsport Helmets\",\"potentialAction\":[{\"@type\":\"SearchAction\",\"target\":{\"@type\":\"EntryPoint\",\"urlTemplate\":\"https:\/\/zamphelmets.co\/es\/?s={search_term_string}\"},\"query-input\":{\"@type\":\"PropertyValueSpecification\",\"valueRequired\":true,\"valueName\":\"search_term_string\"}}],\"inLanguage\":\"es\"}]}<\/script>\n<!-- \/ Yoast SEO plugin. -->","yoast_head_json":{"title":"Forro interior de corona RZ 48 Youth gris - Zamp Helmets | Helmet 28 EU","description":"Sustituir el forro de corona puede ayudar a mantener un ajuste ce\u00f1ido y seguro que favorece el rendimiento en pista para j\u00f3venes pilotos y karting.","robots":{"index":"index","follow":"follow","max-snippet":"max-snippet:-1","max-image-preview":"max-image-preview:large","max-video-preview":"max-video-preview:-1"},"canonical":"https:\/\/zamphelmets.co\/es\/producto\/forro-de-corona-rz-42-48-youth-gris\/","og_locale":"es_ES","og_type":"article","og_title":"Forro interior de corona RZ 48 Youth gris - Zamp Helmets | Helmet 28 EU","og_description":"Sustituir el forro de corona puede ayudar a mantener un ajuste ce\u00f1ido y seguro que favorece el rendimiento en pista para j\u00f3venes pilotos y karting.","og_url":"https:\/\/zamphelmets.co\/es\/producto\/forro-de-corona-rz-42-48-youth-gris\/","og_site_name":"Zamp Helmets | Helmet 28 EU","article_modified_time":"2026-05-07T08:27:27+00:00","og_image":[{"width":1500,"height":1500,"url":"https:\/\/zamphelmets.co\/wp-content\/uploads\/2025\/08\/HALCL28C15.webp","type":"image\/webp"}],"twitter_card":"summary_large_image","twitter_misc":{"Est. reading time":"1 minuto"},"schema":{"@context":"https:\/\/schema.org","@graph":[{"@type":"WebPage","@id":"https:\/\/zamphelmets.co\/es\/producto\/forro-de-corona-rz-42-48-youth-gris\/","url":"https:\/\/zamphelmets.co\/es\/producto\/forro-de-corona-rz-42-48-youth-gris\/","name":"Forro interior de corona RZ 48 Youth gris - Zamp Helmets | Helmet 28 EU","isPartOf":{"@id":"https:\/\/zamphelmets.co\/es\/#website"},"primaryImageOfPage":{"@id":"https:\/\/zamphelmets.co\/es\/producto\/forro-de-corona-rz-42-48-youth-gris\/#primaryimage"},"image":{"@id":"https:\/\/zamphelmets.co\/es\/producto\/forro-de-corona-rz-42-48-youth-gris\/#primaryimage"},"thumbnailUrl":"https:\/\/zamphelmets.co\/wp-content\/uploads\/2025\/08\/HALCL28C15.webp","datePublished":"2025-08-13T13:15:59+00:00","dateModified":"2026-05-07T08:27:27+00:00","description":"Sustituir el forro de corona puede ayudar a mantener un ajuste ce\u00f1ido y seguro que favorece el rendimiento en pista para j\u00f3venes pilotos y karting.","breadcrumb":{"@id":"https:\/\/zamphelmets.co\/es\/producto\/forro-de-corona-rz-42-48-youth-gris\/#breadcrumb"},"inLanguage":"es","potentialAction":[{"@type":"ReadAction","target":["https:\/\/zamphelmets.co\/es\/producto\/forro-de-corona-rz-42-48-youth-gris\/"]}]},{"@type":"ImageObject","inLanguage":"es","@id":"https:\/\/zamphelmets.co\/es\/producto\/forro-de-corona-rz-42-48-youth-gris\/#primaryimage","url":"https:\/\/zamphelmets.co\/wp-content\/uploads\/2025\/08\/HALCL28C15.webp","contentUrl":"https:\/\/zamphelmets.co\/wp-content\/uploads\/2025\/08\/HALCL28C15.webp","width":1500,"height":1500},{"@type":"BreadcrumbList","@id":"https:\/\/zamphelmets.co\/es\/producto\/forro-de-corona-rz-42-48-youth-gris\/#breadcrumb","itemListElement":[{"@type":"ListItem","position":1,"name":"Tienda","item":"https:\/\/zamphelmets.co\/es\/tienda\/"},{"@type":"ListItem","position":2,"name":"Forro interior de corona RZ 48 Youth gris"}]},{"@type":"WebSite","@id":"https:\/\/zamphelmets.co\/es\/#website","url":"https:\/\/zamphelmets.co\/es\/","name":"Zamp Helmets | Helmet 28 EU","description":"High Quality Motorsport Helmets","potentialAction":[{"@type":"SearchAction","target":{"@type":"EntryPoint","urlTemplate":"https:\/\/zamphelmets.co\/es\/?s={search_term_string}"},"query-input":{"@type":"PropertyValueSpecification","valueRequired":true,"valueName":"search_term_string"}}],"inLanguage":"es"}]}},"_links":{"self":[{"href":"https:\/\/zamphelmets.co\/es\/wp-json\/wp\/v2\/product\/293652","targetHints":{"allow":["GET"]}}],"collection":[{"href":"https:\/\/zamphelmets.co\/es\/wp-json\/wp\/v2\/product"}],"about":[{"href":"https:\/\/zamphelmets.co\/es\/wp-json\/wp\/v2\/types\/product"}],"replies":[{"embeddable":true,"href":"https:\/\/zamphelmets.co\/es\/wp-json\/wp\/v2\/comments?post=293652"}],"wp:featuredmedia":[{"embeddable":true,"href":"https:\/\/zamphelmets.co\/es\/wp-json\/wp\/v2\/media\/216235"}],"wp:attachment":[{"href":"https:\/\/zamphelmets.co\/es\/wp-json\/wp\/v2\/media?parent=293652"}],"wp:term":[{"taxonomy":"product_brand","embeddable":true,"href":"https:\/\/zamphelmets.co\/es\/wp-json\/wp\/v2\/product_brand?post=293652"},{"taxonomy":"product_cat","embeddable":true,"href":"https:\/\/zamphelmets.co\/es\/wp-json\/wp\/v2\/product_cat?post=293652"},{"taxonomy":"product_tag","embeddable":true,"href":"https:\/\/zamphelmets.co\/es\/wp-json\/wp\/v2\/product_tag?post=293652"}],"curies":[{"name":"wp","href":"https:\/\/api.w.org\/{rel}","templated":true}]}}