{"id":28106,"date":"2022-02-23T09:47:38","date_gmt":"2022-02-23T09:47:38","guid":{"rendered":"https:\/\/zamphelmets.co\/product\/viseras-z20\/"},"modified":"2026-04-29T23:13:26","modified_gmt":"2026-04-29T23:13:26","slug":"viseras-z20","status":"publish","type":"product","link":"https:\/\/zamphelmets.co\/es\/producto\/viseras-z20\/","title":{"rendered":"Viseras Z20"},"content":{"rendered":"<p class=\"_3vFF3xH4Yd\">Los escudos Zamp de la serie Z-20 est\u00e1n dise\u00f1ados para adaptarse a todos los cascos Zamp de la serie RZ. Los escudos Zamp Z-20 tienen 3 mm de grosor y postes arrancables. Adem\u00e1s, todas las Viseras Z-20 llevan un revestimiento antivaho.<\/p>\n<p>Ten en cuenta que los clientes no deben colocar la l\u00e1mina transparente (que viene en todas las viseras est\u00e1ndar) encima de las Viseras Prisma. Esto no proteger\u00e1 el visor y puede da\u00f1ar su revestimiento.<\/p>\n<p><strong><span style=\"color: black; font-size: 10pt;\">Recambio del escudo Zamp Z-20:<\/span><\/strong><\/p>\n<p><span style=\"color: black; font-size: 10pt;\">NOTA: Es importante NO UTILIZAR herramientas el\u00e9ctricas ni apretar demasiado los tornillos al cambiar los escudos.<\/span><\/p>\n<p><strong><br \/>\n  <span style=\"color: black; font-size: 10pt;\">Paso 1 <\/span><br \/>\n<\/strong><span style=\"color: black; font-size: 10pt;\">Coloca una toalla sobre una superficie plana y pon el casco sobre ella.<\/span><\/p>\n<p><strong><span style=\"color: black; font-size: 10pt;\">Paso 2  <\/span><\/strong><span style=\"color: black; font-size: 10pt;\">Quita los tensores del pivote del escudo de cada lado. Es el tornillo m\u00e1s peque\u00f1o de los laterales del escudo.<\/span><\/p>\n<p><strong><span style=\"color: black; font-size: 10pt;\">Paso 3  <\/span><\/strong><span style=\"color: black; font-size: 10pt;\">Quita los tornillos de pivote del escudo de cada lado. Este es el tornillo m\u00e1s grande del lateral del escudo. Para obtener mejores resultados, te sugerimos que utilices una moneda de 25 centavos para aflojarla\/apretarla.<\/span><\/p>\n<p><strong><span style=\"color: black; font-size: 10pt;\">Paso 4  <\/span><\/strong><span style=\"color: black; font-size: 10pt;\">Quita el escudo. Te aconsejamos que utilices una toalla de tela para limpiar la junta de goma y el lugar donde se monta la pantalla en el casco para obtener los mejores resultados.<\/span><\/p>\n<p><strong><span style=\"color: black; font-size: 10pt;\">Paso 5  <\/span><\/strong><span style=\"color: black; font-size: 10pt;\">Coloca la pantalla en el casco. Hay dos arandelas blancas que van entre el escudo y el casco, aseg\u00farate de que est\u00e1n en su sitio antes de volver a instalar el escudo.<\/span><\/p>\n<p><strong><span style=\"color: black; font-size: 10pt;\">Paso 6  <\/span><\/strong><span style=\"color: black; font-size: 10pt;\">Rosca a mano en los pivotes del escudo (tornillo m\u00e1s grande) para mantener el escudo en su sitio. Una vez enroscados a mano, utiliza una moneda y apri\u00e9talos hasta que queden ajustados a la calota del casco. No aprietes demasiado.<\/span><\/p>\n<p><strong><br \/>\n  <span style=\"color: black; font-size: 10pt;\">Paso 7 <\/span><br \/>\n<\/strong><span style=\"color: black; font-size: 10pt;\">Enrosca a mano los tensores del pivote del escudo y apri\u00e9talos a la tensi\u00f3n deseada para el movimiento del escudo.<\/span><\/p>\n<p>&nbsp;<\/p>\n","protected":false},"excerpt":{"rendered":"<p>Los escudos Zamp de la serie Z-20 est\u00e1n dise\u00f1ados para adaptarse a todos los cascos Zamp de la serie RZ. Los escudos Zamp Z-20 tienen 3 mm de grosor y postes arrancables. Adem\u00e1s, todas las Viseras Z-20 llevan un revestimiento antivaho. Ten en cuenta que los clientes no deben colocar la l\u00e1mina transparente (que viene [&hellip;]<\/p>\n","protected":false},"featured_media":28118,"comment_status":"closed","ping_status":"closed","template":"","meta":{"_acf_changed":false,"_iconic_wsb_product_page_order_bump_ids":[[]],"_sku":[""],"_iconic_wsb_product_page_bump_modal_ids":[[]]},"product_brand":[],"product_cat":[372,380,360],"product_tag":[],"class_list":{"0":"post-28106","1":"product","2":"type-product","3":"status-publish","4":"has-post-thumbnail","6":"product_cat-accesorios","7":"product_cat-viseras","8":"product_cat-zamp-es","10":"first","11":"instock","12":"taxable","13":"shipping-taxable","14":"purchasable","15":"product-type-variable"},"acf":[],"yoast_head":"<!-- This site is optimized with the Yoast SEO plugin v27.0 - https:\/\/yoast.com\/product\/yoast-seo-wordpress\/ -->\n<title>Viseras Z20 for Cascos de carreras - Zamp Helmets | Helmet 28 EU - Desde 37,49<\/title>\n<meta name=\"description\" content=\"Las viseras de la serie Zamp Z20 est\u00e1n dise\u00f1adas para adaptarse a todos los cascos de la serie Zamp RZ. Disponible en 9 variantes, seguro que encuentras la adecuada.\" \/>\n<meta name=\"robots\" content=\"index, follow, max-snippet:-1, max-image-preview:large, max-video-preview:-1\" \/>\n<link rel=\"canonical\" href=\"https:\/\/zamphelmets.co\/es\/producto\/viseras-z20\/\" \/>\n<meta property=\"og:locale\" content=\"es_ES\" \/>\n<meta property=\"og:type\" content=\"article\" \/>\n<meta property=\"og:title\" content=\"Viseras Z20 for Cascos de carreras - Zamp Helmets | Helmet 28 EU - Desde 37,49\" \/>\n<meta property=\"og:description\" content=\"Las viseras de la serie Zamp Z20 est\u00e1n dise\u00f1adas para adaptarse a todos los cascos de la serie Zamp RZ. Disponible en 9 variantes, seguro que encuentras la adecuada.\" \/>\n<meta property=\"og:url\" content=\"https:\/\/zamphelmets.co\/es\/producto\/viseras-z20\/\" \/>\n<meta property=\"og:site_name\" content=\"Zamp Helmets | Helmet 28 EU\" \/>\n<meta property=\"article:modified_time\" content=\"2026-04-29T23:13:26+00:00\" \/>\n<meta property=\"og:image\" content=\"https:\/\/zamphelmets.co\/wp-content\/uploads\/2019\/11\/HASZ20RP-1.jpg\" \/>\n\t<meta property=\"og:image:width\" content=\"1000\" \/>\n\t<meta property=\"og:image:height\" content=\"1000\" \/>\n\t<meta property=\"og:image:type\" content=\"image\/jpeg\" \/>\n<meta name=\"twitter:card\" content=\"summary_large_image\" \/>\n<meta name=\"twitter:label1\" content=\"Est. reading time\" \/>\n\t<meta name=\"twitter:data1\" content=\"2 minutos\" \/>\n<script type=\"application\/ld+json\" class=\"yoast-schema-graph\">{\"@context\":\"https:\/\/schema.org\",\"@graph\":[{\"@type\":\"WebPage\",\"@id\":\"https:\/\/zamphelmets.co\/es\/producto\/viseras-z20\/\",\"url\":\"https:\/\/zamphelmets.co\/es\/producto\/viseras-z20\/\",\"name\":\"Viseras Z20 for Cascos de carreras - Zamp Helmets | Helmet 28 EU - Desde 37,49\",\"isPartOf\":{\"@id\":\"https:\/\/zamphelmets.co\/es\/#website\"},\"primaryImageOfPage\":{\"@id\":\"https:\/\/zamphelmets.co\/es\/producto\/viseras-z20\/#primaryimage\"},\"image\":{\"@id\":\"https:\/\/zamphelmets.co\/es\/producto\/viseras-z20\/#primaryimage\"},\"thumbnailUrl\":\"https:\/\/zamphelmets.co\/wp-content\/uploads\/2019\/11\/HASZ20RP-1.jpg\",\"datePublished\":\"2022-02-23T09:47:38+00:00\",\"dateModified\":\"2026-04-29T23:13:26+00:00\",\"description\":\"Las viseras de la serie Zamp Z20 est\u00e1n dise\u00f1adas para adaptarse a todos los cascos de la serie Zamp RZ. Disponible en 9 variantes, seguro que encuentras la adecuada.\",\"breadcrumb\":{\"@id\":\"https:\/\/zamphelmets.co\/es\/producto\/viseras-z20\/#breadcrumb\"},\"inLanguage\":\"es\",\"potentialAction\":[{\"@type\":\"ReadAction\",\"target\":[\"https:\/\/zamphelmets.co\/es\/producto\/viseras-z20\/\"]}]},{\"@type\":\"ImageObject\",\"inLanguage\":\"es\",\"@id\":\"https:\/\/zamphelmets.co\/es\/producto\/viseras-z20\/#primaryimage\",\"url\":\"https:\/\/zamphelmets.co\/wp-content\/uploads\/2019\/11\/HASZ20RP-1.jpg\",\"contentUrl\":\"https:\/\/zamphelmets.co\/wp-content\/uploads\/2019\/11\/HASZ20RP-1.jpg\",\"width\":1000,\"height\":1000,\"caption\":\"Viseras Zamp Z20 para cascos Zamp Racing\"},{\"@type\":\"BreadcrumbList\",\"@id\":\"https:\/\/zamphelmets.co\/es\/producto\/viseras-z20\/#breadcrumb\",\"itemListElement\":[{\"@type\":\"ListItem\",\"position\":1,\"name\":\"Tienda\",\"item\":\"https:\/\/zamphelmets.co\/es\/tienda\/\"},{\"@type\":\"ListItem\",\"position\":2,\"name\":\"Viseras Z20\"}]},{\"@type\":\"WebSite\",\"@id\":\"https:\/\/zamphelmets.co\/es\/#website\",\"url\":\"https:\/\/zamphelmets.co\/es\/\",\"name\":\"Zamp Helmets | Helmet 28 EU\",\"description\":\"High Quality Motorsport Helmets\",\"potentialAction\":[{\"@type\":\"SearchAction\",\"target\":{\"@type\":\"EntryPoint\",\"urlTemplate\":\"https:\/\/zamphelmets.co\/es\/?s={search_term_string}\"},\"query-input\":{\"@type\":\"PropertyValueSpecification\",\"valueRequired\":true,\"valueName\":\"search_term_string\"}}],\"inLanguage\":\"es\"}]}<\/script>\n<!-- \/ Yoast SEO plugin. -->","yoast_head_json":{"title":"Viseras Z20 for Cascos de carreras - Zamp Helmets | Helmet 28 EU - Desde 37,49","description":"Las viseras de la serie Zamp Z20 est\u00e1n dise\u00f1adas para adaptarse a todos los cascos de la serie Zamp RZ. Disponible en 9 variantes, seguro que encuentras la adecuada.","robots":{"index":"index","follow":"follow","max-snippet":"max-snippet:-1","max-image-preview":"max-image-preview:large","max-video-preview":"max-video-preview:-1"},"canonical":"https:\/\/zamphelmets.co\/es\/producto\/viseras-z20\/","og_locale":"es_ES","og_type":"article","og_title":"Viseras Z20 for Cascos de carreras - Zamp Helmets | Helmet 28 EU - Desde 37,49","og_description":"Las viseras de la serie Zamp Z20 est\u00e1n dise\u00f1adas para adaptarse a todos los cascos de la serie Zamp RZ. Disponible en 9 variantes, seguro que encuentras la adecuada.","og_url":"https:\/\/zamphelmets.co\/es\/producto\/viseras-z20\/","og_site_name":"Zamp Helmets | Helmet 28 EU","article_modified_time":"2026-04-29T23:13:26+00:00","og_image":[{"width":1000,"height":1000,"url":"https:\/\/zamphelmets.co\/wp-content\/uploads\/2019\/11\/HASZ20RP-1.jpg","type":"image\/jpeg"}],"twitter_card":"summary_large_image","twitter_misc":{"Est. reading time":"2 minutos"},"schema":{"@context":"https:\/\/schema.org","@graph":[{"@type":"WebPage","@id":"https:\/\/zamphelmets.co\/es\/producto\/viseras-z20\/","url":"https:\/\/zamphelmets.co\/es\/producto\/viseras-z20\/","name":"Viseras Z20 for Cascos de carreras - Zamp Helmets | Helmet 28 EU - Desde 37,49","isPartOf":{"@id":"https:\/\/zamphelmets.co\/es\/#website"},"primaryImageOfPage":{"@id":"https:\/\/zamphelmets.co\/es\/producto\/viseras-z20\/#primaryimage"},"image":{"@id":"https:\/\/zamphelmets.co\/es\/producto\/viseras-z20\/#primaryimage"},"thumbnailUrl":"https:\/\/zamphelmets.co\/wp-content\/uploads\/2019\/11\/HASZ20RP-1.jpg","datePublished":"2022-02-23T09:47:38+00:00","dateModified":"2026-04-29T23:13:26+00:00","description":"Las viseras de la serie Zamp Z20 est\u00e1n dise\u00f1adas para adaptarse a todos los cascos de la serie Zamp RZ. Disponible en 9 variantes, seguro que encuentras la adecuada.","breadcrumb":{"@id":"https:\/\/zamphelmets.co\/es\/producto\/viseras-z20\/#breadcrumb"},"inLanguage":"es","potentialAction":[{"@type":"ReadAction","target":["https:\/\/zamphelmets.co\/es\/producto\/viseras-z20\/"]}]},{"@type":"ImageObject","inLanguage":"es","@id":"https:\/\/zamphelmets.co\/es\/producto\/viseras-z20\/#primaryimage","url":"https:\/\/zamphelmets.co\/wp-content\/uploads\/2019\/11\/HASZ20RP-1.jpg","contentUrl":"https:\/\/zamphelmets.co\/wp-content\/uploads\/2019\/11\/HASZ20RP-1.jpg","width":1000,"height":1000,"caption":"Viseras Zamp Z20 para cascos Zamp Racing"},{"@type":"BreadcrumbList","@id":"https:\/\/zamphelmets.co\/es\/producto\/viseras-z20\/#breadcrumb","itemListElement":[{"@type":"ListItem","position":1,"name":"Tienda","item":"https:\/\/zamphelmets.co\/es\/tienda\/"},{"@type":"ListItem","position":2,"name":"Viseras Z20"}]},{"@type":"WebSite","@id":"https:\/\/zamphelmets.co\/es\/#website","url":"https:\/\/zamphelmets.co\/es\/","name":"Zamp Helmets | Helmet 28 EU","description":"High Quality Motorsport Helmets","potentialAction":[{"@type":"SearchAction","target":{"@type":"EntryPoint","urlTemplate":"https:\/\/zamphelmets.co\/es\/?s={search_term_string}"},"query-input":{"@type":"PropertyValueSpecification","valueRequired":true,"valueName":"search_term_string"}}],"inLanguage":"es"}]}},"_links":{"self":[{"href":"https:\/\/zamphelmets.co\/es\/wp-json\/wp\/v2\/product\/28106","targetHints":{"allow":["GET"]}}],"collection":[{"href":"https:\/\/zamphelmets.co\/es\/wp-json\/wp\/v2\/product"}],"about":[{"href":"https:\/\/zamphelmets.co\/es\/wp-json\/wp\/v2\/types\/product"}],"replies":[{"embeddable":true,"href":"https:\/\/zamphelmets.co\/es\/wp-json\/wp\/v2\/comments?post=28106"}],"wp:featuredmedia":[{"embeddable":true,"href":"https:\/\/zamphelmets.co\/es\/wp-json\/wp\/v2\/media\/28118"}],"wp:attachment":[{"href":"https:\/\/zamphelmets.co\/es\/wp-json\/wp\/v2\/media?parent=28106"}],"wp:term":[{"taxonomy":"product_brand","embeddable":true,"href":"https:\/\/zamphelmets.co\/es\/wp-json\/wp\/v2\/product_brand?post=28106"},{"taxonomy":"product_cat","embeddable":true,"href":"https:\/\/zamphelmets.co\/es\/wp-json\/wp\/v2\/product_cat?post=28106"},{"taxonomy":"product_tag","embeddable":true,"href":"https:\/\/zamphelmets.co\/es\/wp-json\/wp\/v2\/product_tag?post=28106"}],"curies":[{"name":"wp","href":"https:\/\/api.w.org\/{rel}","templated":true}]}}