{"id":28069,"date":"2019-11-11T09:48:08","date_gmt":"2019-11-11T09:48:08","guid":{"rendered":"https:\/\/zamphelmets.co\/product\/rz-42-juvenil-verde-plata\/"},"modified":"2026-02-27T08:53:01","modified_gmt":"2026-02-27T08:53:01","slug":"rz-42-juvenil-verde-plata","status":"publish","type":"product","link":"https:\/\/zamphelmets.co\/es\/producto\/rz-42-juvenil-verde-plata\/","title":{"rendered":"RZ 42 Juvenil Verde\/Plata"},"content":{"rendered":"<p class=\"_3vFF3xH4Yd\" dir=\"ltr\">El Zamp RZ-42Y CMR Youth Verde\/Plata es el casco de karting definitivo con CMR2016. Dise\u00f1ado para corredores j\u00fanior de karting que requieren la homologaci\u00f3n CMR est\u00e1ndar. Con caracter\u00edsticas actualizadas, el RZ-42Y es <strong>m\u00e1s peque\u00f1o<\/strong> y <strong>ligero<\/strong>, pero mantiene todas las prestaciones y caracter\u00edsticas del casco de adulto.<\/p>\n<p dir=\"ltr\"><strong>Se trata de un casco dise\u00f1ado espec\u00edficamente para ni\u00f1os. No es apropiado llevar este casco siendo adulto, consulta el <a href=\"https:\/\/zamphelmets.co\/faqs\/#:~:text=I%20Have%20A%20Small%20Head%2C%20Can%20I%20Wear%20A%20Youth%20Helmet%3F\">ENLACE AQU\u00cd<\/a> para m\u00e1s detalles.<\/strong><\/p>\n<p dir=\"ltr\">Fabricado con un armaz\u00f3n de fibra de vidrio compuesto superligero con m\u00faltiples orificios de ventilaci\u00f3n para una ventilaci\u00f3n \u00f3ptima. El casco tambi\u00e9n viene con forros extra\u00edbles para que lavarlo sea f\u00e1cil y eficaz.<\/p>\n<p dir=\"ltr\">Esta impresionante gama de colores verde y plateado prepintada tiene un acabado soberbio y destaca en el mercado frente a otros cascos de marcas l\u00edderes. El gr\u00e1fico Zamp Verde\/Plata ofrece una alternativa brillante a pagar por un trabajo de pintura postventa a una fracci\u00f3n del coste.<\/p>\n<ul>\n<li class=\"_3vFF3xH4Yd\">Carcasa m\u00e1s peque\u00f1a y ligera<\/li>\n<li class=\"_3vFF3xH4Yd\">Carcasa ligera de mezcla compuesta de Kevlar<\/li>\n<li class=\"_3vFF3xH4Yd\">Interior de felpa ign\u00edfuga<\/li>\n<li class=\"_3vFF3xH4Yd\">Escudo transparente de 2,5 mm de la serie Z-20<\/li>\n<li>Spoiler trasero incluido<\/li>\n<li class=\"_3vFF3xH4Yd\">Forro c\u00f3modo extra\u00edble\/lavable<\/li>\n<li>Ventilaci\u00f3n superior de admisi\u00f3n de aire y ventilaci\u00f3n de la mentonera. Permite la opci\u00f3n de hacer funcionar el accesorio Aire Forzado<\/li>\n<li class=\"_3vFF3xH4Yd\">Norma SNELL CMR2016<\/li>\n<li class=\"_3vFF3xH4Yd\">Tallas disponibles: 52cm, 54cm, 56cm, 57cm<\/li>\n<\/ul>\n<p>&nbsp;<\/p>\n<p>Nota: si est\u00e1s midiendo entre dos tallas, te recomendamos que elijas una talla superior a tu ajuste habitual para una comodidad \u00f3ptima y una colocaci\u00f3n adecuada del casco.<\/p>\n<p><img decoding=\"async\" class=\"alignnone wp-image-202049 lazyload\" data-src=\"https:\/\/zamphelmets.co\/wp-content\/uploads\/2025\/05\/Zamp-Helmets-sizing-guide-scaled.png\" alt=\"\" width=\"518\" height=\"518\" data-srcset=\"https:\/\/zamphelmets.co\/wp-content\/uploads\/2025\/05\/Zamp-Helmets-sizing-guide-scaled.png 2560w, https:\/\/zamphelmets.co\/wp-content\/uploads\/2025\/05\/Zamp-Helmets-sizing-guide-300x300.png 300w, https:\/\/zamphelmets.co\/wp-content\/uploads\/2025\/05\/Zamp-Helmets-sizing-guide-1024x1024.png 1024w, https:\/\/zamphelmets.co\/wp-content\/uploads\/2025\/05\/Zamp-Helmets-sizing-guide-150x150.png 150w, https:\/\/zamphelmets.co\/wp-content\/uploads\/2025\/05\/Zamp-Helmets-sizing-guide-768x768.png 768w, https:\/\/zamphelmets.co\/wp-content\/uploads\/2025\/05\/Zamp-Helmets-sizing-guide-1536x1536.png 1536w, https:\/\/zamphelmets.co\/wp-content\/uploads\/2025\/05\/Zamp-Helmets-sizing-guide-2048x2048.png 2048w, https:\/\/zamphelmets.co\/wp-content\/uploads\/2025\/05\/Zamp-Helmets-sizing-guide-600x600.png 600w, https:\/\/zamphelmets.co\/wp-content\/uploads\/2025\/05\/Zamp-Helmets-sizing-guide-100x100.png 100w\" data-sizes=\"(max-width: 518px) 100vw, 518px\" src=\"data:image\/svg+xml;base64,PHN2ZyB3aWR0aD0iMSIgaGVpZ2h0PSIxIiB4bWxucz0iaHR0cDovL3d3dy53My5vcmcvMjAwMC9zdmciPjwvc3ZnPg==\" style=\"--smush-placeholder-width: 518px; --smush-placeholder-aspect-ratio: 518\/518;\" \/><\/p>\n<div id=\"product-10089\" class=\"product type-product post-10089 status-publish first instock product_cat-fia product_cat-snell-2020-sa2020 product_cat-zamp has-post-thumbnail taxable shipping-taxable purchasable product-type-variable\">\n<div class=\"woocommerce-tabs wc-tabs-wrapper\">\n<div id=\"tab-description\" class=\"woocommerce-Tabs-panel woocommerce-Tabs-panel--description panel entry-content wc-tab\" role=\"tabpanel\" aria-labelledby=\"tab-title-description\">\n<p><strong>\u00bfNo est\u00e1s seguro del tama\u00f1o? <\/strong><a href=\"https:\/\/form.jotform.com\/251263198513053\">Rellena nuestro formulario de tallas<\/a> y un miembro del equipo se pondr\u00e1 en contacto contigo para darte nuestras recomendaciones.<\/p>\n<\/div>\n<\/div>\n<\/div>\n","protected":false},"excerpt":{"rendered":"<p>El Zamp RZ-42Y CMR Youth Verde\/Plata es el casco de karting definitivo con CMR2016. Dise\u00f1ado para corredores j\u00fanior de karting que requieren la homologaci\u00f3n CMR est\u00e1ndar. Con caracter\u00edsticas actualizadas, el RZ-42Y es m\u00e1s peque\u00f1o y ligero, pero mantiene todas las prestaciones y caracter\u00edsticas del casco de adulto. Se trata de un casco dise\u00f1ado espec\u00edficamente para [&hellip;]<\/p>\n","protected":false},"featured_media":27351,"comment_status":"open","ping_status":"closed","template":"","meta":{"_acf_changed":false,"_iconic_wsb_product_page_order_bump_ids":[[]],"_sku":["HE753C39"],"_iconic_wsb_product_page_bump_modal_ids":[[]]},"product_brand":[],"product_cat":[368,383,360],"product_tag":[],"class_list":{"0":"post-28069","1":"product","2":"type-product","3":"status-publish","4":"has-post-thumbnail","6":"product_cat-cascos","7":"product_cat-juventud-cmr-2016","8":"product_cat-zamp-es","10":"first","11":"instock","12":"taxable","13":"shipping-taxable","14":"purchasable","15":"product-type-variable"},"acf":[],"yoast_head":"<!-- This site is optimized with the Yoast SEO plugin v27.0 - https:\/\/yoast.com\/product\/yoast-seo-wordpress\/ -->\n<title>RZ 42 Juvenil Verde\/Plata Kartingpage - Zamp Helmets | Helmet 28 EU - \u20ac270.83<\/title>\n<meta name=\"description\" content=\"El casco de competici\u00f3n juvenil CMR Zamp RZ-42Y Verde\/Plata es lo \u00faltimo en cascos de karting con CMR2016. Gran relaci\u00f3n calidad-precio y dise\u00f1ado para corredores j\u00fanior de karting.\" \/>\n<meta name=\"robots\" content=\"index, follow, max-snippet:-1, max-image-preview:large, max-video-preview:-1\" \/>\n<link rel=\"canonical\" href=\"https:\/\/zamphelmets.co\/es\/producto\/rz-42-juvenil-verde-plata\/\" \/>\n<meta property=\"og:locale\" content=\"es_ES\" \/>\n<meta property=\"og:type\" content=\"article\" \/>\n<meta property=\"og:title\" content=\"RZ 42 Juvenil Verde\/Plata Kartingpage - Zamp Helmets | Helmet 28 EU - \u20ac270.83\" \/>\n<meta property=\"og:description\" content=\"El casco de competici\u00f3n juvenil CMR Zamp RZ-42Y Verde\/Plata es lo \u00faltimo en cascos de karting con CMR2016. Gran relaci\u00f3n calidad-precio y dise\u00f1ado para corredores j\u00fanior de karting.\" \/>\n<meta property=\"og:url\" content=\"https:\/\/zamphelmets.co\/es\/producto\/rz-42-juvenil-verde-plata\/\" \/>\n<meta property=\"og:site_name\" content=\"Zamp Helmets | Helmet 28 EU\" \/>\n<meta property=\"article:modified_time\" content=\"2026-02-27T08:53:01+00:00\" \/>\n<meta property=\"og:image\" content=\"https:\/\/zamphelmets.co\/wp-content\/uploads\/2021\/08\/H753C39.jpg\" \/>\n\t<meta property=\"og:image:width\" content=\"1500\" \/>\n\t<meta property=\"og:image:height\" content=\"1500\" \/>\n\t<meta property=\"og:image:type\" content=\"image\/jpeg\" \/>\n<meta name=\"twitter:card\" content=\"summary_large_image\" \/>\n<meta name=\"twitter:label1\" content=\"Est. reading time\" \/>\n\t<meta name=\"twitter:data1\" content=\"2 minutos\" \/>\n<script type=\"application\/ld+json\" class=\"yoast-schema-graph\">{\"@context\":\"https:\/\/schema.org\",\"@graph\":[{\"@type\":\"WebPage\",\"@id\":\"https:\/\/zamphelmets.co\/es\/producto\/rz-42-juvenil-verde-plata\/\",\"url\":\"https:\/\/zamphelmets.co\/es\/producto\/rz-42-juvenil-verde-plata\/\",\"name\":\"RZ 42 Juvenil Verde\/Plata Kartingpage - Zamp Helmets | Helmet 28 EU - \u20ac270.83\",\"isPartOf\":{\"@id\":\"https:\/\/zamphelmets.co\/es\/#website\"},\"primaryImageOfPage\":{\"@id\":\"https:\/\/zamphelmets.co\/es\/producto\/rz-42-juvenil-verde-plata\/#primaryimage\"},\"image\":{\"@id\":\"https:\/\/zamphelmets.co\/es\/producto\/rz-42-juvenil-verde-plata\/#primaryimage\"},\"thumbnailUrl\":\"https:\/\/zamphelmets.co\/wp-content\/uploads\/2021\/08\/H753C39.jpg\",\"datePublished\":\"2019-11-11T09:48:08+00:00\",\"dateModified\":\"2026-02-27T08:53:01+00:00\",\"description\":\"El casco de competici\u00f3n juvenil CMR Zamp RZ-42Y Verde\/Plata es lo \u00faltimo en cascos de karting con CMR2016. Gran relaci\u00f3n calidad-precio y dise\u00f1ado para corredores j\u00fanior de karting.\",\"breadcrumb\":{\"@id\":\"https:\/\/zamphelmets.co\/es\/producto\/rz-42-juvenil-verde-plata\/#breadcrumb\"},\"inLanguage\":\"es\",\"potentialAction\":[{\"@type\":\"ReadAction\",\"target\":[\"https:\/\/zamphelmets.co\/es\/producto\/rz-42-juvenil-verde-plata\/\"]}]},{\"@type\":\"ImageObject\",\"inLanguage\":\"es\",\"@id\":\"https:\/\/zamphelmets.co\/es\/producto\/rz-42-juvenil-verde-plata\/#primaryimage\",\"url\":\"https:\/\/zamphelmets.co\/wp-content\/uploads\/2021\/08\/H753C39.jpg\",\"contentUrl\":\"https:\/\/zamphelmets.co\/wp-content\/uploads\/2021\/08\/H753C39.jpg\",\"width\":1500,\"height\":1500},{\"@type\":\"BreadcrumbList\",\"@id\":\"https:\/\/zamphelmets.co\/es\/producto\/rz-42-juvenil-verde-plata\/#breadcrumb\",\"itemListElement\":[{\"@type\":\"ListItem\",\"position\":1,\"name\":\"Tienda\",\"item\":\"https:\/\/zamphelmets.co\/es\/tienda\/\"},{\"@type\":\"ListItem\",\"position\":2,\"name\":\"RZ 42 Juvenil Verde\/Plata\"}]},{\"@type\":\"WebSite\",\"@id\":\"https:\/\/zamphelmets.co\/es\/#website\",\"url\":\"https:\/\/zamphelmets.co\/es\/\",\"name\":\"Zamp Helmets | Helmet 28 EU\",\"description\":\"High Quality Motorsport Helmets\",\"potentialAction\":[{\"@type\":\"SearchAction\",\"target\":{\"@type\":\"EntryPoint\",\"urlTemplate\":\"https:\/\/zamphelmets.co\/es\/?s={search_term_string}\"},\"query-input\":{\"@type\":\"PropertyValueSpecification\",\"valueRequired\":true,\"valueName\":\"search_term_string\"}}],\"inLanguage\":\"es\"}]}<\/script>\n<!-- \/ Yoast SEO plugin. -->","yoast_head_json":{"title":"RZ 42 Juvenil Verde\/Plata Kartingpage - Zamp Helmets | Helmet 28 EU - \u20ac270.83","description":"El casco de competici\u00f3n juvenil CMR Zamp RZ-42Y Verde\/Plata es lo \u00faltimo en cascos de karting con CMR2016. Gran relaci\u00f3n calidad-precio y dise\u00f1ado para corredores j\u00fanior de karting.","robots":{"index":"index","follow":"follow","max-snippet":"max-snippet:-1","max-image-preview":"max-image-preview:large","max-video-preview":"max-video-preview:-1"},"canonical":"https:\/\/zamphelmets.co\/es\/producto\/rz-42-juvenil-verde-plata\/","og_locale":"es_ES","og_type":"article","og_title":"RZ 42 Juvenil Verde\/Plata Kartingpage - Zamp Helmets | Helmet 28 EU - \u20ac270.83","og_description":"El casco de competici\u00f3n juvenil CMR Zamp RZ-42Y Verde\/Plata es lo \u00faltimo en cascos de karting con CMR2016. Gran relaci\u00f3n calidad-precio y dise\u00f1ado para corredores j\u00fanior de karting.","og_url":"https:\/\/zamphelmets.co\/es\/producto\/rz-42-juvenil-verde-plata\/","og_site_name":"Zamp Helmets | Helmet 28 EU","article_modified_time":"2026-02-27T08:53:01+00:00","og_image":[{"width":1500,"height":1500,"url":"https:\/\/zamphelmets.co\/wp-content\/uploads\/2021\/08\/H753C39.jpg","type":"image\/jpeg"}],"twitter_card":"summary_large_image","twitter_misc":{"Est. reading time":"2 minutos"},"schema":{"@context":"https:\/\/schema.org","@graph":[{"@type":"WebPage","@id":"https:\/\/zamphelmets.co\/es\/producto\/rz-42-juvenil-verde-plata\/","url":"https:\/\/zamphelmets.co\/es\/producto\/rz-42-juvenil-verde-plata\/","name":"RZ 42 Juvenil Verde\/Plata Kartingpage - Zamp Helmets | Helmet 28 EU - \u20ac270.83","isPartOf":{"@id":"https:\/\/zamphelmets.co\/es\/#website"},"primaryImageOfPage":{"@id":"https:\/\/zamphelmets.co\/es\/producto\/rz-42-juvenil-verde-plata\/#primaryimage"},"image":{"@id":"https:\/\/zamphelmets.co\/es\/producto\/rz-42-juvenil-verde-plata\/#primaryimage"},"thumbnailUrl":"https:\/\/zamphelmets.co\/wp-content\/uploads\/2021\/08\/H753C39.jpg","datePublished":"2019-11-11T09:48:08+00:00","dateModified":"2026-02-27T08:53:01+00:00","description":"El casco de competici\u00f3n juvenil CMR Zamp RZ-42Y Verde\/Plata es lo \u00faltimo en cascos de karting con CMR2016. Gran relaci\u00f3n calidad-precio y dise\u00f1ado para corredores j\u00fanior de karting.","breadcrumb":{"@id":"https:\/\/zamphelmets.co\/es\/producto\/rz-42-juvenil-verde-plata\/#breadcrumb"},"inLanguage":"es","potentialAction":[{"@type":"ReadAction","target":["https:\/\/zamphelmets.co\/es\/producto\/rz-42-juvenil-verde-plata\/"]}]},{"@type":"ImageObject","inLanguage":"es","@id":"https:\/\/zamphelmets.co\/es\/producto\/rz-42-juvenil-verde-plata\/#primaryimage","url":"https:\/\/zamphelmets.co\/wp-content\/uploads\/2021\/08\/H753C39.jpg","contentUrl":"https:\/\/zamphelmets.co\/wp-content\/uploads\/2021\/08\/H753C39.jpg","width":1500,"height":1500},{"@type":"BreadcrumbList","@id":"https:\/\/zamphelmets.co\/es\/producto\/rz-42-juvenil-verde-plata\/#breadcrumb","itemListElement":[{"@type":"ListItem","position":1,"name":"Tienda","item":"https:\/\/zamphelmets.co\/es\/tienda\/"},{"@type":"ListItem","position":2,"name":"RZ 42 Juvenil Verde\/Plata"}]},{"@type":"WebSite","@id":"https:\/\/zamphelmets.co\/es\/#website","url":"https:\/\/zamphelmets.co\/es\/","name":"Zamp Helmets | Helmet 28 EU","description":"High Quality Motorsport Helmets","potentialAction":[{"@type":"SearchAction","target":{"@type":"EntryPoint","urlTemplate":"https:\/\/zamphelmets.co\/es\/?s={search_term_string}"},"query-input":{"@type":"PropertyValueSpecification","valueRequired":true,"valueName":"search_term_string"}}],"inLanguage":"es"}]}},"_links":{"self":[{"href":"https:\/\/zamphelmets.co\/es\/wp-json\/wp\/v2\/product\/28069","targetHints":{"allow":["GET"]}}],"collection":[{"href":"https:\/\/zamphelmets.co\/es\/wp-json\/wp\/v2\/product"}],"about":[{"href":"https:\/\/zamphelmets.co\/es\/wp-json\/wp\/v2\/types\/product"}],"replies":[{"embeddable":true,"href":"https:\/\/zamphelmets.co\/es\/wp-json\/wp\/v2\/comments?post=28069"}],"wp:featuredmedia":[{"embeddable":true,"href":"https:\/\/zamphelmets.co\/es\/wp-json\/wp\/v2\/media\/27351"}],"wp:attachment":[{"href":"https:\/\/zamphelmets.co\/es\/wp-json\/wp\/v2\/media?parent=28069"}],"wp:term":[{"taxonomy":"product_brand","embeddable":true,"href":"https:\/\/zamphelmets.co\/es\/wp-json\/wp\/v2\/product_brand?post=28069"},{"taxonomy":"product_cat","embeddable":true,"href":"https:\/\/zamphelmets.co\/es\/wp-json\/wp\/v2\/product_cat?post=28069"},{"taxonomy":"product_tag","embeddable":true,"href":"https:\/\/zamphelmets.co\/es\/wp-json\/wp\/v2\/product_tag?post=28069"}],"curies":[{"name":"wp","href":"https:\/\/api.w.org\/{rel}","templated":true}]}}