{"id":27901,"date":"2020-01-30T12:50:44","date_gmt":"2020-01-30T12:50:44","guid":{"rendered":"https:\/\/zamphelmets.co\/product\/interruptor-rz-70e-azul-azul-claro\/"},"modified":"2026-04-07T10:12:25","modified_gmt":"2026-04-07T10:12:25","slug":"interruptor-rz-70e-azul-azul-claro","status":"publish","type":"product","link":"https:\/\/zamphelmets.co\/es\/producto\/interruptor-rz-70e-azul-azul-claro\/","title":{"rendered":"Interruptor RZ 70E Azul \/ Azul claro"},"content":{"rendered":"<p>Presentamos nuestro revolucionario casco <strong>RZ-70E SWITCH <\/strong>. Nuestro exclusivo sistema te permite configurar f\u00e1cilmente el casco para distintas configuraciones de competici\u00f3n.  <strong>\u00a1A\u00f1adir comunicaci\u00f3n o hidrataci\u00f3n a tu casco nunca ha sido tan f\u00e1cil!  <\/strong><\/p>\n<p>&nbsp;<\/p>\n<p>Este casco incorpora el nuevo DDAIR-SYSTEM, un nuevo sistema de alivio de integraci\u00f3n de aire de doble densidad. Canalizaci\u00f3n de aire completa de 360 grados que proporciona el m\u00e1ximo flujo de aire. El aire fr\u00edo entra en el casco, el aire caliente sale del casco.<\/p>\n<ul>\n<li>Armaz\u00f3n ligero <strong>compuesto de mezcla de aramida<\/strong> <\/li>\n<li>El <strong>dise\u00f1o<\/strong> en <strong>Z<\/strong> de la carcasa hace circular el aire por toda la carcasa utilizando grandes canales internos<\/li>\n<li>Los <strong>canales en el EPS de la barra mentonera <\/strong>permiten montar f\u00e1cilmente comunicaciones\/micr\u00f3fono, tubo de bebida.<\/li>\n<li>Escudo transparente de 3 mm de <strong>la serie ZF-20<\/strong> con postes arrancables que utilizan postes arrancables tipo banana de 12,125 pulgadas<\/li>\n<li><strong>Insertos M6 <\/strong>para sujeci\u00f3n de cabeza y cuello<\/li>\n<li><strong>Instalaci\u00f3n disponible para Comunicaciones e Hidrataci\u00f3n<\/strong><\/li>\n<li><strong>Aprobado FIA 8859-2015\/Snell SA-2020<\/strong><\/li>\n<li><strong>Peso: aproximadamente 1510 g +\/-30 g en la talla M<\/strong><\/li>\n<\/ul>\n<p>Como es habitual en los deportes de motor, nuestro tallaje var\u00eda en funci\u00f3n del modelo de casco. Para m\u00e1s informaci\u00f3n sobre la talla del casco, <a href=\"https:\/\/zamphelmets.co\/es\/como-elegir-la-talla-de-casco-correcta\/\">consulta aqu\u00ed<\/a>.<\/p>\n<p><a href=\"https:\/\/zamphelmets.co\/es\/explicacion-de-la-homologacion\/\"><strong>Explicaci\u00f3n de la homologaci\u00f3n<\/strong>: averigua qu\u00e9 homologaci\u00f3n necesitas<\/a><\/p>\n<p><a href=\"https:\/\/zamphelmets.co\/es\/postes-hans-dispositivos-hans-y-fhr\/\"><strong>FHR \/ Dispositivo HANS<\/strong>: \u00bfcu\u00e1ndo es necesario?<\/a><\/p>\n<p>&nbsp;<\/p>\n<p><img decoding=\"async\" class=\"alignnone wp-image-26355 size-full lazyload\" data-src=\"https:\/\/zamphelmets.co\/wp-content\/uploads\/2024\/03\/Zamp-Helmets-sizing-guide-4166-x-4166-px-1.png\" alt=\"\" width=\"500\" height=\"500\" data-srcset=\"https:\/\/zamphelmets.co\/wp-content\/uploads\/2024\/03\/Zamp-Helmets-sizing-guide-4166-x-4166-px-1.png 500w, https:\/\/zamphelmets.co\/wp-content\/uploads\/2024\/03\/Zamp-Helmets-sizing-guide-4166-x-4166-px-1-300x300.png 300w, https:\/\/zamphelmets.co\/wp-content\/uploads\/2024\/03\/Zamp-Helmets-sizing-guide-4166-x-4166-px-1-150x150.png 150w, https:\/\/zamphelmets.co\/wp-content\/uploads\/2024\/03\/Zamp-Helmets-sizing-guide-4166-x-4166-px-1-100x100.png 100w\" data-sizes=\"(max-width: 500px) 100vw, 500px\" src=\"data:image\/svg+xml;base64,PHN2ZyB3aWR0aD0iMSIgaGVpZ2h0PSIxIiB4bWxucz0iaHR0cDovL3d3dy53My5vcmcvMjAwMC9zdmciPjwvc3ZnPg==\" style=\"--smush-placeholder-width: 500px; --smush-placeholder-aspect-ratio: 500\/500;\" \/><\/p>\n<div id=\"product-10089\" class=\"product type-product post-10089 status-publish first instock product_cat-fia product_cat-snell-2020-sa2020 product_cat-zamp has-post-thumbnail taxable shipping-taxable purchasable product-type-variable\">\n<div class=\"woocommerce-tabs wc-tabs-wrapper\">\n<div id=\"tab-description\" class=\"woocommerce-Tabs-panel woocommerce-Tabs-panel--description panel entry-content wc-tab\" role=\"tabpanel\" aria-labelledby=\"tab-title-description\">\n<p><strong>\u00bfNo est\u00e1s seguro del tama\u00f1o? <\/strong><a href=\"https:\/\/form.jotform.com\/251263198513053\">Rellena nuestro formulario de tallas<\/a> y un miembro del equipo se pondr\u00e1 en contacto contigo para darte nuestras recomendaciones.<\/p>\n<\/div>\n<\/div>\n<\/div>\n","protected":false},"excerpt":{"rendered":"<p>Presentamos nuestro revolucionario casco RZ-70E SWITCH . Nuestro exclusivo sistema te permite configurar f\u00e1cilmente el casco para distintas configuraciones de competici\u00f3n. \u00a1A\u00f1adir comunicaci\u00f3n o hidrataci\u00f3n a tu casco nunca ha sido tan f\u00e1cil! &nbsp; Este casco incorpora el nuevo DDAIR-SYSTEM, un nuevo sistema de alivio de integraci\u00f3n de aire de doble densidad. Canalizaci\u00f3n de aire [&hellip;]<\/p>\n","protected":false},"featured_media":27913,"comment_status":"open","ping_status":"closed","template":"","meta":{"_acf_changed":false,"_iconic_wsb_product_page_order_bump_ids":[[]],"_sku":[],"_iconic_wsb_product_page_bump_modal_ids":[[]]},"product_brand":[],"product_cat":[368,369,384,376,385,360],"product_tag":[],"class_list":{"0":"post-27901","1":"product","2":"type-product","3":"status-publish","4":"has-post-thumbnail","6":"product_cat-cascos","7":"product_cat-fia-es","8":"product_cat-premium-es","9":"product_cat-snell-2020-sa2020-es","10":"product_cat-snell-2020","11":"product_cat-zamp-es","13":"first","14":"instock","15":"taxable","16":"shipping-taxable","17":"product-type-variable"},"acf":[],"yoast_head":"<!-- This site is optimized with the Yoast SEO plugin v27.0 - https:\/\/yoast.com\/product\/yoast-seo-wordpress\/ -->\n<title>Interruptor RZ 70E Azul \/ Azul claro \u20ac515, - Zamp Helmets | Helmet 28 EU<\/title>\n<meta name=\"description\" content=\"El Zamp RZ 70E Azul\/Azul claro es el casco polivalente definitivo. Casco ligero FIA 8859 con m\u00faltiples configuraciones disponibles para el d\u00eda de la carrera.\" \/>\n<meta name=\"robots\" content=\"index, follow, max-snippet:-1, max-image-preview:large, max-video-preview:-1\" \/>\n<link rel=\"canonical\" href=\"https:\/\/zamphelmets.co\/es\/producto\/interruptor-rz-70e-azul-azul-claro\/\" \/>\n<meta property=\"og:locale\" content=\"es_ES\" \/>\n<meta property=\"og:type\" content=\"article\" \/>\n<meta property=\"og:title\" content=\"Interruptor RZ 70E Azul \/ Azul claro \u20ac515, - Zamp Helmets | Helmet 28 EU\" \/>\n<meta property=\"og:description\" content=\"El Zamp RZ 70E Azul\/Azul claro es el casco polivalente definitivo. Casco ligero FIA 8859 con m\u00faltiples configuraciones disponibles para el d\u00eda de la carrera.\" \/>\n<meta property=\"og:url\" content=\"https:\/\/zamphelmets.co\/es\/producto\/interruptor-rz-70e-azul-azul-claro\/\" \/>\n<meta property=\"og:site_name\" content=\"Zamp Helmets | Helmet 28 EU\" \/>\n<meta property=\"article:modified_time\" content=\"2026-04-07T10:12:25+00:00\" \/>\n<meta property=\"og:image\" content=\"https:\/\/zamphelmets.co\/wp-content\/uploads\/2020\/01\/H760C31300dpi.jpg\" \/>\n\t<meta property=\"og:image:width\" content=\"1500\" \/>\n\t<meta property=\"og:image:height\" content=\"1500\" \/>\n\t<meta property=\"og:image:type\" content=\"image\/jpeg\" \/>\n<meta name=\"twitter:card\" content=\"summary_large_image\" \/>\n<meta name=\"twitter:label1\" content=\"Est. reading time\" \/>\n\t<meta name=\"twitter:data1\" content=\"1 minuto\" \/>\n<script type=\"application\/ld+json\" class=\"yoast-schema-graph\">{\"@context\":\"https:\/\/schema.org\",\"@graph\":[{\"@type\":\"WebPage\",\"@id\":\"https:\/\/zamphelmets.co\/es\/producto\/interruptor-rz-70e-azul-azul-claro\/\",\"url\":\"https:\/\/zamphelmets.co\/es\/producto\/interruptor-rz-70e-azul-azul-claro\/\",\"name\":\"Interruptor RZ 70E Azul \/ Azul claro \u20ac515, - Zamp Helmets | Helmet 28 EU\",\"isPartOf\":{\"@id\":\"https:\/\/zamphelmets.co\/es\/#website\"},\"primaryImageOfPage\":{\"@id\":\"https:\/\/zamphelmets.co\/es\/producto\/interruptor-rz-70e-azul-azul-claro\/#primaryimage\"},\"image\":{\"@id\":\"https:\/\/zamphelmets.co\/es\/producto\/interruptor-rz-70e-azul-azul-claro\/#primaryimage\"},\"thumbnailUrl\":\"https:\/\/zamphelmets.co\/wp-content\/uploads\/2020\/01\/H760C31300dpi.jpg\",\"datePublished\":\"2020-01-30T12:50:44+00:00\",\"dateModified\":\"2026-04-07T10:12:25+00:00\",\"description\":\"El Zamp RZ 70E Azul\/Azul claro es el casco polivalente definitivo. Casco ligero FIA 8859 con m\u00faltiples configuraciones disponibles para el d\u00eda de la carrera.\",\"breadcrumb\":{\"@id\":\"https:\/\/zamphelmets.co\/es\/producto\/interruptor-rz-70e-azul-azul-claro\/#breadcrumb\"},\"inLanguage\":\"es\",\"potentialAction\":[{\"@type\":\"ReadAction\",\"target\":[\"https:\/\/zamphelmets.co\/es\/producto\/interruptor-rz-70e-azul-azul-claro\/\"]}]},{\"@type\":\"ImageObject\",\"inLanguage\":\"es\",\"@id\":\"https:\/\/zamphelmets.co\/es\/producto\/interruptor-rz-70e-azul-azul-claro\/#primaryimage\",\"url\":\"https:\/\/zamphelmets.co\/wp-content\/uploads\/2020\/01\/H760C31300dpi.jpg\",\"contentUrl\":\"https:\/\/zamphelmets.co\/wp-content\/uploads\/2020\/01\/H760C31300dpi.jpg\",\"width\":1500,\"height\":1500,\"caption\":\"Casco de carreras Zamp RZ 70E azul\"},{\"@type\":\"BreadcrumbList\",\"@id\":\"https:\/\/zamphelmets.co\/es\/producto\/interruptor-rz-70e-azul-azul-claro\/#breadcrumb\",\"itemListElement\":[{\"@type\":\"ListItem\",\"position\":1,\"name\":\"Tienda\",\"item\":\"https:\/\/zamphelmets.co\/es\/tienda\/\"},{\"@type\":\"ListItem\",\"position\":2,\"name\":\"Interruptor RZ 70E Azul \/ Azul claro\"}]},{\"@type\":\"WebSite\",\"@id\":\"https:\/\/zamphelmets.co\/es\/#website\",\"url\":\"https:\/\/zamphelmets.co\/es\/\",\"name\":\"Zamp Helmets | Helmet 28 EU\",\"description\":\"High Quality Motorsport Helmets\",\"potentialAction\":[{\"@type\":\"SearchAction\",\"target\":{\"@type\":\"EntryPoint\",\"urlTemplate\":\"https:\/\/zamphelmets.co\/es\/?s={search_term_string}\"},\"query-input\":{\"@type\":\"PropertyValueSpecification\",\"valueRequired\":true,\"valueName\":\"search_term_string\"}}],\"inLanguage\":\"es\"}]}<\/script>\n<!-- \/ Yoast SEO plugin. -->","yoast_head_json":{"title":"Interruptor RZ 70E Azul \/ Azul claro \u20ac515, - Zamp Helmets | Helmet 28 EU","description":"El Zamp RZ 70E Azul\/Azul claro es el casco polivalente definitivo. Casco ligero FIA 8859 con m\u00faltiples configuraciones disponibles para el d\u00eda de la carrera.","robots":{"index":"index","follow":"follow","max-snippet":"max-snippet:-1","max-image-preview":"max-image-preview:large","max-video-preview":"max-video-preview:-1"},"canonical":"https:\/\/zamphelmets.co\/es\/producto\/interruptor-rz-70e-azul-azul-claro\/","og_locale":"es_ES","og_type":"article","og_title":"Interruptor RZ 70E Azul \/ Azul claro \u20ac515, - Zamp Helmets | Helmet 28 EU","og_description":"El Zamp RZ 70E Azul\/Azul claro es el casco polivalente definitivo. Casco ligero FIA 8859 con m\u00faltiples configuraciones disponibles para el d\u00eda de la carrera.","og_url":"https:\/\/zamphelmets.co\/es\/producto\/interruptor-rz-70e-azul-azul-claro\/","og_site_name":"Zamp Helmets | Helmet 28 EU","article_modified_time":"2026-04-07T10:12:25+00:00","og_image":[{"width":1500,"height":1500,"url":"https:\/\/zamphelmets.co\/wp-content\/uploads\/2020\/01\/H760C31300dpi.jpg","type":"image\/jpeg"}],"twitter_card":"summary_large_image","twitter_misc":{"Est. reading time":"1 minuto"},"schema":{"@context":"https:\/\/schema.org","@graph":[{"@type":"WebPage","@id":"https:\/\/zamphelmets.co\/es\/producto\/interruptor-rz-70e-azul-azul-claro\/","url":"https:\/\/zamphelmets.co\/es\/producto\/interruptor-rz-70e-azul-azul-claro\/","name":"Interruptor RZ 70E Azul \/ Azul claro \u20ac515, - Zamp Helmets | Helmet 28 EU","isPartOf":{"@id":"https:\/\/zamphelmets.co\/es\/#website"},"primaryImageOfPage":{"@id":"https:\/\/zamphelmets.co\/es\/producto\/interruptor-rz-70e-azul-azul-claro\/#primaryimage"},"image":{"@id":"https:\/\/zamphelmets.co\/es\/producto\/interruptor-rz-70e-azul-azul-claro\/#primaryimage"},"thumbnailUrl":"https:\/\/zamphelmets.co\/wp-content\/uploads\/2020\/01\/H760C31300dpi.jpg","datePublished":"2020-01-30T12:50:44+00:00","dateModified":"2026-04-07T10:12:25+00:00","description":"El Zamp RZ 70E Azul\/Azul claro es el casco polivalente definitivo. Casco ligero FIA 8859 con m\u00faltiples configuraciones disponibles para el d\u00eda de la carrera.","breadcrumb":{"@id":"https:\/\/zamphelmets.co\/es\/producto\/interruptor-rz-70e-azul-azul-claro\/#breadcrumb"},"inLanguage":"es","potentialAction":[{"@type":"ReadAction","target":["https:\/\/zamphelmets.co\/es\/producto\/interruptor-rz-70e-azul-azul-claro\/"]}]},{"@type":"ImageObject","inLanguage":"es","@id":"https:\/\/zamphelmets.co\/es\/producto\/interruptor-rz-70e-azul-azul-claro\/#primaryimage","url":"https:\/\/zamphelmets.co\/wp-content\/uploads\/2020\/01\/H760C31300dpi.jpg","contentUrl":"https:\/\/zamphelmets.co\/wp-content\/uploads\/2020\/01\/H760C31300dpi.jpg","width":1500,"height":1500,"caption":"Casco de carreras Zamp RZ 70E azul"},{"@type":"BreadcrumbList","@id":"https:\/\/zamphelmets.co\/es\/producto\/interruptor-rz-70e-azul-azul-claro\/#breadcrumb","itemListElement":[{"@type":"ListItem","position":1,"name":"Tienda","item":"https:\/\/zamphelmets.co\/es\/tienda\/"},{"@type":"ListItem","position":2,"name":"Interruptor RZ 70E Azul \/ Azul claro"}]},{"@type":"WebSite","@id":"https:\/\/zamphelmets.co\/es\/#website","url":"https:\/\/zamphelmets.co\/es\/","name":"Zamp Helmets | Helmet 28 EU","description":"High Quality Motorsport Helmets","potentialAction":[{"@type":"SearchAction","target":{"@type":"EntryPoint","urlTemplate":"https:\/\/zamphelmets.co\/es\/?s={search_term_string}"},"query-input":{"@type":"PropertyValueSpecification","valueRequired":true,"valueName":"search_term_string"}}],"inLanguage":"es"}]}},"_links":{"self":[{"href":"https:\/\/zamphelmets.co\/es\/wp-json\/wp\/v2\/product\/27901","targetHints":{"allow":["GET"]}}],"collection":[{"href":"https:\/\/zamphelmets.co\/es\/wp-json\/wp\/v2\/product"}],"about":[{"href":"https:\/\/zamphelmets.co\/es\/wp-json\/wp\/v2\/types\/product"}],"replies":[{"embeddable":true,"href":"https:\/\/zamphelmets.co\/es\/wp-json\/wp\/v2\/comments?post=27901"}],"wp:featuredmedia":[{"embeddable":true,"href":"https:\/\/zamphelmets.co\/es\/wp-json\/wp\/v2\/media\/27913"}],"wp:attachment":[{"href":"https:\/\/zamphelmets.co\/es\/wp-json\/wp\/v2\/media?parent=27901"}],"wp:term":[{"taxonomy":"product_brand","embeddable":true,"href":"https:\/\/zamphelmets.co\/es\/wp-json\/wp\/v2\/product_brand?post=27901"},{"taxonomy":"product_cat","embeddable":true,"href":"https:\/\/zamphelmets.co\/es\/wp-json\/wp\/v2\/product_cat?post=27901"},{"taxonomy":"product_tag","embeddable":true,"href":"https:\/\/zamphelmets.co\/es\/wp-json\/wp\/v2\/product_tag?post=27901"}],"curies":[{"name":"wp","href":"https:\/\/api.w.org\/{rel}","templated":true}]}}