{"id":27834,"date":"2022-02-23T16:32:59","date_gmt":"2022-02-23T16:32:59","guid":{"rendered":"https:\/\/zamphelmets.co\/product\/viseras-z20-serie-antivaho\/"},"modified":"2026-04-08T12:34:09","modified_gmt":"2026-04-08T12:34:09","slug":"viseras-z20-serie-antivaho","status":"publish","type":"product","link":"https:\/\/zamphelmets.co\/es\/producto\/viseras-z20-serie-antivaho\/","title":{"rendered":"Viseras Z20 Serie Antivaho"},"content":{"rendered":"<p class=\"_3vFF3xH4Yd\">Los escudos Zamp de la serie Z-20 est\u00e1n dise\u00f1ados para adaptarse a todos los cascos Zamp de la serie RZ. Los escudos Zamp Z-20 tienen 3 mm de grosor y postes arrancables. Todas las Viseras Z-20 vienen tambi\u00e9n con un recubrimiento antivaho de primera calidad <a href=\"https:\/\/youtu.be\/4oJ1dM1s-HE\">https:\/\/youtu.be\/4oJ1dM1s-HE<\/a><\/p>\n<p><strong><span style=\"color: black; font-size: 10pt;\">Recambio del escudo Zamp Z-20:<\/span><\/strong><\/p>\n<p><span style=\"color: black; font-size: 10pt;\">NOTA: Es importante NO UTILIZAR herramientas el\u00e9ctricas ni apretar demasiado los tornillos al cambiar los escudos.<\/span><\/p>\n<p><strong><br \/>\n  <span style=\"color: black; font-size: 10pt;\">Paso 1 <\/span><br \/>\n<\/strong><span style=\"color: black; font-size: 10pt;\">Coloca una toalla sobre una superficie plana y pon el casco sobre ella.<\/span><\/p>\n<p><strong><span style=\"color: black; font-size: 10pt;\">Paso 2  <\/span><\/strong><span style=\"color: black; font-size: 10pt;\">Quita los tensores del pivote del escudo de cada lado. Es el tornillo m\u00e1s peque\u00f1o de los laterales del escudo.<\/span><\/p>\n<p><strong><span style=\"color: black; font-size: 10pt;\">Paso 3  <\/span><\/strong><span style=\"color: black; font-size: 10pt;\">Quita los tornillos de pivote del escudo de cada lado. Este es el tornillo m\u00e1s grande del lateral del escudo. Para obtener mejores resultados, te sugerimos que utilices una moneda de 25 centavos para aflojarla\/apretarla.<\/span><\/p>\n<p><strong><span style=\"color: black; font-size: 10pt;\">Paso 4  <\/span><\/strong><span style=\"color: black; font-size: 10pt;\">Quita el escudo. Te aconsejamos que utilices una toalla de tela para limpiar la junta de goma y el lugar donde se monta la pantalla en el casco para obtener los mejores resultados.<\/span><\/p>\n<p><strong><span style=\"color: black; font-size: 10pt;\">Paso 5  <\/span><\/strong><span style=\"color: black; font-size: 10pt;\">Coloca la pantalla en el casco. Hay dos arandelas blancas que van entre el escudo y el casco, aseg\u00farate de que est\u00e1n en su sitio antes de volver a instalar el escudo.<\/span><\/p>\n<p><strong><span style=\"color: black; font-size: 10pt;\">Paso 6  <\/span><\/strong><span style=\"color: black; font-size: 10pt;\">Rosca a mano en los pivotes del escudo (tornillo m\u00e1s grande) para mantener el escudo en su sitio. Una vez enroscados a mano, utiliza una moneda y apri\u00e9talos hasta que queden ajustados a la calota del casco. No aprietes demasiado.<\/span><\/p>\n<p><strong><br \/>\n  <span style=\"color: black; font-size: 10pt;\">Paso 7 <\/span><br \/>\n<\/strong><span style=\"color: black; font-size: 10pt;\">Enrosca a mano los tensores del pivote del escudo y apri\u00e9talos a la tensi\u00f3n deseada para el movimiento del escudo.<\/span><\/p>\n<p>&nbsp;<\/p>\n","protected":false},"excerpt":{"rendered":"[embed]https:\/\/www.youtube.com\/watch?v=DAw7PA8v1I0&amp;feature=emb_title[\/embed]\n","protected":false},"featured_media":27839,"comment_status":"open","ping_status":"closed","template":"","meta":{"_acf_changed":false,"_iconic_wsb_product_page_order_bump_ids":[[]],"_sku":[],"_iconic_wsb_product_page_bump_modal_ids":[[]]},"product_brand":[],"product_cat":[372,380,360],"product_tag":[],"class_list":{"0":"post-27834","1":"product","2":"type-product","3":"status-publish","4":"has-post-thumbnail","6":"product_cat-accesorios","7":"product_cat-viseras","8":"product_cat-zamp-es","10":"first","11":"onbackorder","12":"taxable","13":"shipping-taxable","14":"purchasable","15":"product-type-variable"},"acf":[],"yoast_head":"<!-- This site is optimized with the Yoast SEO plugin v27.0 - https:\/\/yoast.com\/product\/yoast-seo-wordpress\/ -->\n<title>- Perfecto en el Wet - Zamp Helmets | Helmet 28 EU<\/title>\n<meta name=\"description\" content=\"Las viseras antivaho de la serie Zamp est\u00e1n dise\u00f1adas para rendir en las condiciones m\u00e1s duras gracias a nuestro revestimiento de primera calidad que garantiza unas condiciones \u00f3ptimas para la competici\u00f3n.\" \/>\n<meta name=\"robots\" content=\"index, follow, max-snippet:-1, max-image-preview:large, max-video-preview:-1\" \/>\n<link rel=\"canonical\" href=\"https:\/\/zamphelmets.co\/es\/producto\/viseras-z20-serie-antivaho\/\" \/>\n<meta property=\"og:locale\" content=\"es_ES\" \/>\n<meta property=\"og:type\" content=\"article\" \/>\n<meta property=\"og:title\" content=\"- Perfecto en el Wet - Zamp Helmets | Helmet 28 EU\" \/>\n<meta property=\"og:description\" content=\"Las viseras antivaho de la serie Zamp est\u00e1n dise\u00f1adas para rendir en las condiciones m\u00e1s duras gracias a nuestro revestimiento de primera calidad que garantiza unas condiciones \u00f3ptimas para la competici\u00f3n.\" \/>\n<meta property=\"og:url\" content=\"https:\/\/zamphelmets.co\/es\/producto\/viseras-z20-serie-antivaho\/\" \/>\n<meta property=\"og:site_name\" content=\"Zamp Helmets | Helmet 28 EU\" \/>\n<meta property=\"article:modified_time\" content=\"2026-04-08T12:34:09+00:00\" \/>\n<meta property=\"og:image\" content=\"https:\/\/zamphelmets.co\/wp-content\/uploads\/2022\/02\/HASZF20CL.jpg\" \/>\n\t<meta property=\"og:image:width\" content=\"1500\" \/>\n\t<meta property=\"og:image:height\" content=\"1500\" \/>\n\t<meta property=\"og:image:type\" content=\"image\/jpeg\" \/>\n<meta name=\"twitter:card\" content=\"summary_large_image\" \/>\n<meta name=\"twitter:label1\" content=\"Est. reading time\" \/>\n\t<meta name=\"twitter:data1\" content=\"1 minuto\" \/>\n<script type=\"application\/ld+json\" class=\"yoast-schema-graph\">{\"@context\":\"https:\/\/schema.org\",\"@graph\":[{\"@type\":\"WebPage\",\"@id\":\"https:\/\/zamphelmets.co\/es\/producto\/viseras-z20-serie-antivaho\/\",\"url\":\"https:\/\/zamphelmets.co\/es\/producto\/viseras-z20-serie-antivaho\/\",\"name\":\"- Perfecto en el Wet - Zamp Helmets | Helmet 28 EU\",\"isPartOf\":{\"@id\":\"https:\/\/zamphelmets.co\/es\/#website\"},\"primaryImageOfPage\":{\"@id\":\"https:\/\/zamphelmets.co\/es\/producto\/viseras-z20-serie-antivaho\/#primaryimage\"},\"image\":{\"@id\":\"https:\/\/zamphelmets.co\/es\/producto\/viseras-z20-serie-antivaho\/#primaryimage\"},\"thumbnailUrl\":\"https:\/\/zamphelmets.co\/wp-content\/uploads\/2022\/02\/HASZF20CL.jpg\",\"datePublished\":\"2022-02-23T16:32:59+00:00\",\"dateModified\":\"2026-04-08T12:34:09+00:00\",\"description\":\"Las viseras antivaho de la serie Zamp est\u00e1n dise\u00f1adas para rendir en las condiciones m\u00e1s duras gracias a nuestro revestimiento de primera calidad que garantiza unas condiciones \u00f3ptimas para la competici\u00f3n.\",\"breadcrumb\":{\"@id\":\"https:\/\/zamphelmets.co\/es\/producto\/viseras-z20-serie-antivaho\/#breadcrumb\"},\"inLanguage\":\"es\",\"potentialAction\":[{\"@type\":\"ReadAction\",\"target\":[\"https:\/\/zamphelmets.co\/es\/producto\/viseras-z20-serie-antivaho\/\"]}]},{\"@type\":\"ImageObject\",\"inLanguage\":\"es\",\"@id\":\"https:\/\/zamphelmets.co\/es\/producto\/viseras-z20-serie-antivaho\/#primaryimage\",\"url\":\"https:\/\/zamphelmets.co\/wp-content\/uploads\/2022\/02\/HASZF20CL.jpg\",\"contentUrl\":\"https:\/\/zamphelmets.co\/wp-content\/uploads\/2022\/02\/HASZF20CL.jpg\",\"width\":1500,\"height\":1500},{\"@type\":\"BreadcrumbList\",\"@id\":\"https:\/\/zamphelmets.co\/es\/producto\/viseras-z20-serie-antivaho\/#breadcrumb\",\"itemListElement\":[{\"@type\":\"ListItem\",\"position\":1,\"name\":\"Tienda\",\"item\":\"https:\/\/zamphelmets.co\/es\/tienda\/\"},{\"@type\":\"ListItem\",\"position\":2,\"name\":\"Viseras Z20 Serie Antivaho\"}]},{\"@type\":\"WebSite\",\"@id\":\"https:\/\/zamphelmets.co\/es\/#website\",\"url\":\"https:\/\/zamphelmets.co\/es\/\",\"name\":\"Zamp Helmets | Helmet 28 EU\",\"description\":\"High Quality Motorsport Helmets\",\"potentialAction\":[{\"@type\":\"SearchAction\",\"target\":{\"@type\":\"EntryPoint\",\"urlTemplate\":\"https:\/\/zamphelmets.co\/es\/?s={search_term_string}\"},\"query-input\":{\"@type\":\"PropertyValueSpecification\",\"valueRequired\":true,\"valueName\":\"search_term_string\"}}],\"inLanguage\":\"es\"}]}<\/script>\n<!-- \/ Yoast SEO plugin. -->","yoast_head_json":{"title":"- Perfecto en el Wet - Zamp Helmets | Helmet 28 EU","description":"Las viseras antivaho de la serie Zamp est\u00e1n dise\u00f1adas para rendir en las condiciones m\u00e1s duras gracias a nuestro revestimiento de primera calidad que garantiza unas condiciones \u00f3ptimas para la competici\u00f3n.","robots":{"index":"index","follow":"follow","max-snippet":"max-snippet:-1","max-image-preview":"max-image-preview:large","max-video-preview":"max-video-preview:-1"},"canonical":"https:\/\/zamphelmets.co\/es\/producto\/viseras-z20-serie-antivaho\/","og_locale":"es_ES","og_type":"article","og_title":"- Perfecto en el Wet - Zamp Helmets | Helmet 28 EU","og_description":"Las viseras antivaho de la serie Zamp est\u00e1n dise\u00f1adas para rendir en las condiciones m\u00e1s duras gracias a nuestro revestimiento de primera calidad que garantiza unas condiciones \u00f3ptimas para la competici\u00f3n.","og_url":"https:\/\/zamphelmets.co\/es\/producto\/viseras-z20-serie-antivaho\/","og_site_name":"Zamp Helmets | Helmet 28 EU","article_modified_time":"2026-04-08T12:34:09+00:00","og_image":[{"width":1500,"height":1500,"url":"https:\/\/zamphelmets.co\/wp-content\/uploads\/2022\/02\/HASZF20CL.jpg","type":"image\/jpeg"}],"twitter_card":"summary_large_image","twitter_misc":{"Est. reading time":"1 minuto"},"schema":{"@context":"https:\/\/schema.org","@graph":[{"@type":"WebPage","@id":"https:\/\/zamphelmets.co\/es\/producto\/viseras-z20-serie-antivaho\/","url":"https:\/\/zamphelmets.co\/es\/producto\/viseras-z20-serie-antivaho\/","name":"- Perfecto en el Wet - Zamp Helmets | Helmet 28 EU","isPartOf":{"@id":"https:\/\/zamphelmets.co\/es\/#website"},"primaryImageOfPage":{"@id":"https:\/\/zamphelmets.co\/es\/producto\/viseras-z20-serie-antivaho\/#primaryimage"},"image":{"@id":"https:\/\/zamphelmets.co\/es\/producto\/viseras-z20-serie-antivaho\/#primaryimage"},"thumbnailUrl":"https:\/\/zamphelmets.co\/wp-content\/uploads\/2022\/02\/HASZF20CL.jpg","datePublished":"2022-02-23T16:32:59+00:00","dateModified":"2026-04-08T12:34:09+00:00","description":"Las viseras antivaho de la serie Zamp est\u00e1n dise\u00f1adas para rendir en las condiciones m\u00e1s duras gracias a nuestro revestimiento de primera calidad que garantiza unas condiciones \u00f3ptimas para la competici\u00f3n.","breadcrumb":{"@id":"https:\/\/zamphelmets.co\/es\/producto\/viseras-z20-serie-antivaho\/#breadcrumb"},"inLanguage":"es","potentialAction":[{"@type":"ReadAction","target":["https:\/\/zamphelmets.co\/es\/producto\/viseras-z20-serie-antivaho\/"]}]},{"@type":"ImageObject","inLanguage":"es","@id":"https:\/\/zamphelmets.co\/es\/producto\/viseras-z20-serie-antivaho\/#primaryimage","url":"https:\/\/zamphelmets.co\/wp-content\/uploads\/2022\/02\/HASZF20CL.jpg","contentUrl":"https:\/\/zamphelmets.co\/wp-content\/uploads\/2022\/02\/HASZF20CL.jpg","width":1500,"height":1500},{"@type":"BreadcrumbList","@id":"https:\/\/zamphelmets.co\/es\/producto\/viseras-z20-serie-antivaho\/#breadcrumb","itemListElement":[{"@type":"ListItem","position":1,"name":"Tienda","item":"https:\/\/zamphelmets.co\/es\/tienda\/"},{"@type":"ListItem","position":2,"name":"Viseras Z20 Serie Antivaho"}]},{"@type":"WebSite","@id":"https:\/\/zamphelmets.co\/es\/#website","url":"https:\/\/zamphelmets.co\/es\/","name":"Zamp Helmets | Helmet 28 EU","description":"High Quality Motorsport Helmets","potentialAction":[{"@type":"SearchAction","target":{"@type":"EntryPoint","urlTemplate":"https:\/\/zamphelmets.co\/es\/?s={search_term_string}"},"query-input":{"@type":"PropertyValueSpecification","valueRequired":true,"valueName":"search_term_string"}}],"inLanguage":"es"}]}},"_links":{"self":[{"href":"https:\/\/zamphelmets.co\/es\/wp-json\/wp\/v2\/product\/27834","targetHints":{"allow":["GET"]}}],"collection":[{"href":"https:\/\/zamphelmets.co\/es\/wp-json\/wp\/v2\/product"}],"about":[{"href":"https:\/\/zamphelmets.co\/es\/wp-json\/wp\/v2\/types\/product"}],"replies":[{"embeddable":true,"href":"https:\/\/zamphelmets.co\/es\/wp-json\/wp\/v2\/comments?post=27834"}],"wp:featuredmedia":[{"embeddable":true,"href":"https:\/\/zamphelmets.co\/es\/wp-json\/wp\/v2\/media\/27839"}],"wp:attachment":[{"href":"https:\/\/zamphelmets.co\/es\/wp-json\/wp\/v2\/media?parent=27834"}],"wp:term":[{"taxonomy":"product_brand","embeddable":true,"href":"https:\/\/zamphelmets.co\/es\/wp-json\/wp\/v2\/product_brand?post=27834"},{"taxonomy":"product_cat","embeddable":true,"href":"https:\/\/zamphelmets.co\/es\/wp-json\/wp\/v2\/product_cat?post=27834"},{"taxonomy":"product_tag","embeddable":true,"href":"https:\/\/zamphelmets.co\/es\/wp-json\/wp\/v2\/product_tag?post=27834"}],"curies":[{"name":"wp","href":"https:\/\/api.w.org\/{rel}","templated":true}]}}