{"id":27714,"date":"2020-08-07T11:58:44","date_gmt":"2020-08-07T11:58:44","guid":{"rendered":"https:\/\/zamphelmets.co\/product\/rz-65d-negro-gris\/"},"modified":"2026-04-12T11:20:18","modified_gmt":"2026-04-12T11:20:18","slug":"rz-65d-negro-gris","status":"publish","type":"product","link":"https:\/\/zamphelmets.co\/es\/producto\/rz-65d-negro-gris\/","title":{"rendered":"RZ 65D Negro\/Gris"},"content":{"rendered":"<p><strong>El RZ-65D es un casco de carbono de primera calidad, capaz de realizar multitud de configuraciones de competici\u00f3n diferentes. Con un atractivo par de gruesos tejidos de carbono con un impresionante gr\u00e1fico Negro\/Gris, llamar\u00e1 la atenci\u00f3n en cualquier pista del mundo. Equipado con la homologaci\u00f3n Snell SA2020 en un tejido ultraligero de fibra de carbono de gran tama\u00f1o, el RZ 65D ofrece el m\u00e1ximo confort y seguridad a los conductores cuando hace calor o en salidas largas.<\/strong><\/p>\n<p><strong>Las caracter\u00edsticas incluyen:  <\/strong><\/p>\n<ul>\n<li>C\u00e1scara de <strong>mezcla de carbono de gran tejido<\/strong> para una c\u00e1scara superligera<\/li>\n<li><strong>Mentoneras DUAL<\/strong> Montadas en la parte superior e inferior de la barra de la barbilla<\/li>\n<li><strong>Aerodin\u00e1mica <\/strong>Optimizada para mejorar la estabilidad mediante un gran aler\u00f3n delantero inferior<\/li>\n<li>El <strong>sistema Top Air <\/strong>te permite utilizar aire natural, aire forzado o tapones de aire<\/li>\n<li><strong>Felpa ign\u00edfuga Performance Fit <\/strong>extra\u00edble\/lavable interior ultrasuave con espuma EPS para la barbilla<\/li>\n<li><strong>Escudo transparente de 3 mm de la serie Z-20 <\/strong>con postes desgarrables tensores en los postes centrales de 12,25 utilizando postes desgarrables tipo banana<\/li>\n<li><strong>Orificio\/enchufe de hidrataci\u00f3n<\/strong> delante y en el centro de la mentonera, f\u00e1cil de montar. Retira el tap\u00f3n para instalar el Kit Accesorio de Hidrataci\u00f3n.<\/li>\n<li><strong>Auriculares y almohadillas<\/strong> para dar al conductor un entorno m\u00e1s silencioso para o\u00edr lo que necesita o\u00edr. F\u00e1cil integraci\u00f3n del Equipo de Comunicaci\u00f3n con el EPS de mejillas y el Liner de Confort.<\/li>\n<li><strong>Insertos M6<\/strong> para Apoyacabezas y Cuello<\/li>\n<li><strong>Aprobado por Snell SA2020<\/strong><\/li>\n<li><strong>Peso: aproximadamente 1360 g +\/-20 g en la talla M<\/strong><\/li>\n<\/ul>\n<p>Como es habitual en los deportes de motor, nuestro tallaje var\u00eda en funci\u00f3n del modelo de casco. Para m\u00e1s informaci\u00f3n sobre la talla del casco, <a href=\"https:\/\/zamphelmets.co\/es\/como-elegir-la-talla-de-casco-correcta\/\">consulta aqu\u00ed<\/a>.<\/p>\n<p>El fald\u00f3n de la barbilla y los deflectores de aliento se pueden quitar f\u00e1cilmente. Mira este v\u00eddeo para ver c\u00f3mo se instala y tambi\u00e9n te servir\u00e1 de gu\u00eda para desmontarlo:<\/p>\n<p><iframe title=\"How to Install the Fabric Breath Deflector\/Chin Curtain on your Zamp Helmet\" width=\"500\" height=\"281\" data-src=\"https:\/\/www.youtube.com\/embed\/aKc17YTgtSA?start=32&#038;feature=oembed\" frameborder=\"0\" allow=\"accelerometer; autoplay; clipboard-write; encrypted-media; gyroscope; picture-in-picture; web-share\" referrerpolicy=\"strict-origin-when-cross-origin\" allowfullscreen src=\"data:image\/svg+xml;base64,PHN2ZyB3aWR0aD0iMSIgaGVpZ2h0PSIxIiB4bWxucz0iaHR0cDovL3d3dy53My5vcmcvMjAwMC9zdmciPjwvc3ZnPg==\" class=\"lazyload\" data-load-mode=\"1\"><\/iframe><\/p>\n<p><a href=\"https:\/\/zamphelmets.co\/es\/explicacion-de-la-homologacion\/\"><strong>Explicaci\u00f3n de la homologaci\u00f3n<\/strong>: averigua qu\u00e9 homologaci\u00f3n necesitas<\/a><\/p>\n<p><a href=\"https:\/\/zamphelmets.co\/es\/postes-hans-dispositivos-hans-y-fhr\/\"><strong>FHR \/ Dispositivo HANS<\/strong>: \u00bfcu\u00e1ndo es necesario?<\/a><\/p>\n<p>&nbsp;<\/p>\n<p><img decoding=\"async\" class=\"alignnone wp-image-26355 size-full lazyload\" data-src=\"https:\/\/zamphelmets.co\/wp-content\/uploads\/2024\/03\/Zamp-Helmets-sizing-guide-4166-x-4166-px-1.png\" alt=\"\" width=\"500\" height=\"500\" data-srcset=\"https:\/\/zamphelmets.co\/wp-content\/uploads\/2024\/03\/Zamp-Helmets-sizing-guide-4166-x-4166-px-1.png 500w, https:\/\/zamphelmets.co\/wp-content\/uploads\/2024\/03\/Zamp-Helmets-sizing-guide-4166-x-4166-px-1-300x300.png 300w, https:\/\/zamphelmets.co\/wp-content\/uploads\/2024\/03\/Zamp-Helmets-sizing-guide-4166-x-4166-px-1-150x150.png 150w, https:\/\/zamphelmets.co\/wp-content\/uploads\/2024\/03\/Zamp-Helmets-sizing-guide-4166-x-4166-px-1-100x100.png 100w\" data-sizes=\"(max-width: 500px) 100vw, 500px\" src=\"data:image\/svg+xml;base64,PHN2ZyB3aWR0aD0iMSIgaGVpZ2h0PSIxIiB4bWxucz0iaHR0cDovL3d3dy53My5vcmcvMjAwMC9zdmciPjwvc3ZnPg==\" style=\"--smush-placeholder-width: 500px; --smush-placeholder-aspect-ratio: 500\/500;\" \/><\/p>\n<div id=\"product-10089\" class=\"product type-product post-10089 status-publish first instock product_cat-fia product_cat-snell-2020-sa2020 product_cat-zamp has-post-thumbnail taxable shipping-taxable purchasable product-type-variable\">\n<div class=\"woocommerce-tabs wc-tabs-wrapper\">\n<div id=\"tab-description\" class=\"woocommerce-Tabs-panel woocommerce-Tabs-panel--description panel entry-content wc-tab\" role=\"tabpanel\" aria-labelledby=\"tab-title-description\">\n<p><strong>\u00bfNo est\u00e1s seguro del tama\u00f1o? <\/strong><a href=\"https:\/\/form.jotform.com\/251263198513053\">Rellena nuestro formulario de tallas<\/a> y un miembro del equipo se pondr\u00e1 en contacto contigo para darte nuestras recomendaciones.<\/p>\n<\/div>\n<\/div>\n<\/div>\n","protected":false},"excerpt":{"rendered":"<p><strong>El RZ-65D Negro\/Gris de Zamp es un casco de carbono de primera calidad capaz de funcionar con una gran variedad de configuraciones de competici\u00f3n. Con un atractivo tejido de carbono grueso, llamar\u00e1 la atenci\u00f3n en cualquier circuito del mundo. Equipado con la nueva clasificaci\u00f3n Snell SA2020 en un tejido ultraligero de fibra de carbono de gran tama\u00f1o, el RZ 65D ofrece lo \u00faltimo en confort y seguridad para los conductores cuando hace calor o en tandas largas.  <\/strong><\/p>\n","protected":false},"featured_media":27759,"comment_status":"open","ping_status":"closed","template":"","meta":{"_acf_changed":false,"_iconic_wsb_product_page_order_bump_ids":[[]],"_sku":[],"_iconic_wsb_product_page_bump_modal_ids":[[]]},"product_brand":[],"product_cat":[368,384,376,385,360],"product_tag":[],"class_list":{"0":"post-27714","1":"product","2":"type-product","3":"status-publish","4":"has-post-thumbnail","6":"product_cat-cascos","7":"product_cat-premium-es","8":"product_cat-snell-2020-sa2020-es","9":"product_cat-snell-2020","10":"product_cat-zamp-es","12":"first","13":"outofstock","14":"taxable","15":"shipping-taxable","16":"product-type-variable"},"acf":[],"yoast_head":"<!-- This site is optimized with the Yoast SEO plugin v27.0 - https:\/\/yoast.com\/product\/yoast-seo-wordpress\/ -->\n<title>RZ 65D Negro\/Gris \u20ac585,83 - Zamp Helmets | Helmet 28 EU SA2020<\/title>\n<meta name=\"description\" content=\"Atractivo gr\u00e1fico de carbono negro\/gris RZ 65D sobre un impresionante tejido grueso de carbono. Ultraligero y completo con Homologaci\u00f3n Snell 2020.\" \/>\n<meta name=\"robots\" content=\"index, follow, max-snippet:-1, max-image-preview:large, max-video-preview:-1\" \/>\n<link rel=\"canonical\" href=\"https:\/\/zamphelmets.co\/es\/producto\/rz-65d-negro-gris\/\" \/>\n<meta property=\"og:locale\" content=\"es_ES\" \/>\n<meta property=\"og:type\" content=\"article\" \/>\n<meta property=\"og:title\" content=\"RZ 65D Negro\/Gris \u20ac585,83 - Zamp Helmets | Helmet 28 EU SA2020\" \/>\n<meta property=\"og:description\" content=\"Atractivo gr\u00e1fico de carbono negro\/gris RZ 65D sobre un impresionante tejido grueso de carbono. Ultraligero y completo con Homologaci\u00f3n Snell 2020.\" \/>\n<meta property=\"og:url\" content=\"https:\/\/zamphelmets.co\/es\/producto\/rz-65d-negro-gris\/\" \/>\n<meta property=\"og:site_name\" content=\"Zamp Helmets | Helmet 28 EU\" \/>\n<meta property=\"article:modified_time\" content=\"2026-04-12T11:20:18+00:00\" \/>\n<meta property=\"og:image\" content=\"https:\/\/zamphelmets.co\/wp-content\/uploads\/2020\/08\/7zn6VhGpRjybL0aL5KoV_H775C15.jpg\" \/>\n\t<meta property=\"og:image:width\" content=\"1500\" \/>\n\t<meta property=\"og:image:height\" content=\"1500\" \/>\n\t<meta property=\"og:image:type\" content=\"image\/jpeg\" \/>\n<meta name=\"twitter:card\" content=\"summary_large_image\" \/>\n<meta name=\"twitter:label1\" content=\"Est. reading time\" \/>\n\t<meta name=\"twitter:data1\" content=\"2 minutos\" \/>\n<script type=\"application\/ld+json\" class=\"yoast-schema-graph\">{\"@context\":\"https:\/\/schema.org\",\"@graph\":[{\"@type\":\"WebPage\",\"@id\":\"https:\/\/zamphelmets.co\/es\/producto\/rz-65d-negro-gris\/\",\"url\":\"https:\/\/zamphelmets.co\/es\/producto\/rz-65d-negro-gris\/\",\"name\":\"RZ 65D Negro\/Gris \u20ac585,83 - Zamp Helmets | Helmet 28 EU SA2020\",\"isPartOf\":{\"@id\":\"https:\/\/zamphelmets.co\/es\/#website\"},\"primaryImageOfPage\":{\"@id\":\"https:\/\/zamphelmets.co\/es\/producto\/rz-65d-negro-gris\/#primaryimage\"},\"image\":{\"@id\":\"https:\/\/zamphelmets.co\/es\/producto\/rz-65d-negro-gris\/#primaryimage\"},\"thumbnailUrl\":\"https:\/\/zamphelmets.co\/wp-content\/uploads\/2020\/08\/7zn6VhGpRjybL0aL5KoV_H775C15.jpg\",\"datePublished\":\"2020-08-07T11:58:44+00:00\",\"dateModified\":\"2026-04-12T11:20:18+00:00\",\"description\":\"Atractivo gr\u00e1fico de carbono negro\/gris RZ 65D sobre un impresionante tejido grueso de carbono. Ultraligero y completo con Homologaci\u00f3n Snell 2020.\",\"breadcrumb\":{\"@id\":\"https:\/\/zamphelmets.co\/es\/producto\/rz-65d-negro-gris\/#breadcrumb\"},\"inLanguage\":\"es\",\"potentialAction\":[{\"@type\":\"ReadAction\",\"target\":[\"https:\/\/zamphelmets.co\/es\/producto\/rz-65d-negro-gris\/\"]}]},{\"@type\":\"ImageObject\",\"inLanguage\":\"es\",\"@id\":\"https:\/\/zamphelmets.co\/es\/producto\/rz-65d-negro-gris\/#primaryimage\",\"url\":\"https:\/\/zamphelmets.co\/wp-content\/uploads\/2020\/08\/7zn6VhGpRjybL0aL5KoV_H775C15.jpg\",\"contentUrl\":\"https:\/\/zamphelmets.co\/wp-content\/uploads\/2020\/08\/7zn6VhGpRjybL0aL5KoV_H775C15.jpg\",\"width\":1500,\"height\":1500,\"caption\":\"Casco de competici\u00f3n RZ 65D Negro\/Gris Carbono de Zamp Helmets\"},{\"@type\":\"BreadcrumbList\",\"@id\":\"https:\/\/zamphelmets.co\/es\/producto\/rz-65d-negro-gris\/#breadcrumb\",\"itemListElement\":[{\"@type\":\"ListItem\",\"position\":1,\"name\":\"Tienda\",\"item\":\"https:\/\/zamphelmets.co\/es\/tienda\/\"},{\"@type\":\"ListItem\",\"position\":2,\"name\":\"RZ 65D Negro\/Gris\"}]},{\"@type\":\"WebSite\",\"@id\":\"https:\/\/zamphelmets.co\/es\/#website\",\"url\":\"https:\/\/zamphelmets.co\/es\/\",\"name\":\"Zamp Helmets | Helmet 28 EU\",\"description\":\"High Quality Motorsport Helmets\",\"potentialAction\":[{\"@type\":\"SearchAction\",\"target\":{\"@type\":\"EntryPoint\",\"urlTemplate\":\"https:\/\/zamphelmets.co\/es\/?s={search_term_string}\"},\"query-input\":{\"@type\":\"PropertyValueSpecification\",\"valueRequired\":true,\"valueName\":\"search_term_string\"}}],\"inLanguage\":\"es\"}]}<\/script>\n<!-- \/ Yoast SEO plugin. -->","yoast_head_json":{"title":"RZ 65D Negro\/Gris \u20ac585,83 - Zamp Helmets | Helmet 28 EU SA2020","description":"Atractivo gr\u00e1fico de carbono negro\/gris RZ 65D sobre un impresionante tejido grueso de carbono. Ultraligero y completo con Homologaci\u00f3n Snell 2020.","robots":{"index":"index","follow":"follow","max-snippet":"max-snippet:-1","max-image-preview":"max-image-preview:large","max-video-preview":"max-video-preview:-1"},"canonical":"https:\/\/zamphelmets.co\/es\/producto\/rz-65d-negro-gris\/","og_locale":"es_ES","og_type":"article","og_title":"RZ 65D Negro\/Gris \u20ac585,83 - Zamp Helmets | Helmet 28 EU SA2020","og_description":"Atractivo gr\u00e1fico de carbono negro\/gris RZ 65D sobre un impresionante tejido grueso de carbono. Ultraligero y completo con Homologaci\u00f3n Snell 2020.","og_url":"https:\/\/zamphelmets.co\/es\/producto\/rz-65d-negro-gris\/","og_site_name":"Zamp Helmets | Helmet 28 EU","article_modified_time":"2026-04-12T11:20:18+00:00","og_image":[{"width":1500,"height":1500,"url":"https:\/\/zamphelmets.co\/wp-content\/uploads\/2020\/08\/7zn6VhGpRjybL0aL5KoV_H775C15.jpg","type":"image\/jpeg"}],"twitter_card":"summary_large_image","twitter_misc":{"Est. reading time":"2 minutos"},"schema":{"@context":"https:\/\/schema.org","@graph":[{"@type":"WebPage","@id":"https:\/\/zamphelmets.co\/es\/producto\/rz-65d-negro-gris\/","url":"https:\/\/zamphelmets.co\/es\/producto\/rz-65d-negro-gris\/","name":"RZ 65D Negro\/Gris \u20ac585,83 - Zamp Helmets | Helmet 28 EU SA2020","isPartOf":{"@id":"https:\/\/zamphelmets.co\/es\/#website"},"primaryImageOfPage":{"@id":"https:\/\/zamphelmets.co\/es\/producto\/rz-65d-negro-gris\/#primaryimage"},"image":{"@id":"https:\/\/zamphelmets.co\/es\/producto\/rz-65d-negro-gris\/#primaryimage"},"thumbnailUrl":"https:\/\/zamphelmets.co\/wp-content\/uploads\/2020\/08\/7zn6VhGpRjybL0aL5KoV_H775C15.jpg","datePublished":"2020-08-07T11:58:44+00:00","dateModified":"2026-04-12T11:20:18+00:00","description":"Atractivo gr\u00e1fico de carbono negro\/gris RZ 65D sobre un impresionante tejido grueso de carbono. Ultraligero y completo con Homologaci\u00f3n Snell 2020.","breadcrumb":{"@id":"https:\/\/zamphelmets.co\/es\/producto\/rz-65d-negro-gris\/#breadcrumb"},"inLanguage":"es","potentialAction":[{"@type":"ReadAction","target":["https:\/\/zamphelmets.co\/es\/producto\/rz-65d-negro-gris\/"]}]},{"@type":"ImageObject","inLanguage":"es","@id":"https:\/\/zamphelmets.co\/es\/producto\/rz-65d-negro-gris\/#primaryimage","url":"https:\/\/zamphelmets.co\/wp-content\/uploads\/2020\/08\/7zn6VhGpRjybL0aL5KoV_H775C15.jpg","contentUrl":"https:\/\/zamphelmets.co\/wp-content\/uploads\/2020\/08\/7zn6VhGpRjybL0aL5KoV_H775C15.jpg","width":1500,"height":1500,"caption":"Casco de competici\u00f3n RZ 65D Negro\/Gris Carbono de Zamp Helmets"},{"@type":"BreadcrumbList","@id":"https:\/\/zamphelmets.co\/es\/producto\/rz-65d-negro-gris\/#breadcrumb","itemListElement":[{"@type":"ListItem","position":1,"name":"Tienda","item":"https:\/\/zamphelmets.co\/es\/tienda\/"},{"@type":"ListItem","position":2,"name":"RZ 65D Negro\/Gris"}]},{"@type":"WebSite","@id":"https:\/\/zamphelmets.co\/es\/#website","url":"https:\/\/zamphelmets.co\/es\/","name":"Zamp Helmets | Helmet 28 EU","description":"High Quality Motorsport Helmets","potentialAction":[{"@type":"SearchAction","target":{"@type":"EntryPoint","urlTemplate":"https:\/\/zamphelmets.co\/es\/?s={search_term_string}"},"query-input":{"@type":"PropertyValueSpecification","valueRequired":true,"valueName":"search_term_string"}}],"inLanguage":"es"}]}},"_links":{"self":[{"href":"https:\/\/zamphelmets.co\/es\/wp-json\/wp\/v2\/product\/27714","targetHints":{"allow":["GET"]}}],"collection":[{"href":"https:\/\/zamphelmets.co\/es\/wp-json\/wp\/v2\/product"}],"about":[{"href":"https:\/\/zamphelmets.co\/es\/wp-json\/wp\/v2\/types\/product"}],"replies":[{"embeddable":true,"href":"https:\/\/zamphelmets.co\/es\/wp-json\/wp\/v2\/comments?post=27714"}],"wp:featuredmedia":[{"embeddable":true,"href":"https:\/\/zamphelmets.co\/es\/wp-json\/wp\/v2\/media\/27759"}],"wp:attachment":[{"href":"https:\/\/zamphelmets.co\/es\/wp-json\/wp\/v2\/media?parent=27714"}],"wp:term":[{"taxonomy":"product_brand","embeddable":true,"href":"https:\/\/zamphelmets.co\/es\/wp-json\/wp\/v2\/product_brand?post=27714"},{"taxonomy":"product_cat","embeddable":true,"href":"https:\/\/zamphelmets.co\/es\/wp-json\/wp\/v2\/product_cat?post=27714"},{"taxonomy":"product_tag","embeddable":true,"href":"https:\/\/zamphelmets.co\/es\/wp-json\/wp\/v2\/product_tag?post=27714"}],"curies":[{"name":"wp","href":"https:\/\/api.w.org\/{rel}","templated":true}]}}