{"id":27656,"date":"2020-08-07T11:58:58","date_gmt":"2020-08-07T11:58:58","guid":{"rendered":"https:\/\/zamphelmets.co\/product\/rz-59-gris-mate\/"},"modified":"2026-02-16T15:18:57","modified_gmt":"2026-02-16T15:18:57","slug":"rz-59-gris-mate","status":"publish","type":"product","link":"https:\/\/zamphelmets.co\/es\/producto\/rz-59-gris-mate\/","title":{"rendered":"RZ 59 Gris mate"},"content":{"rendered":"<p><strong>El casco Zamp RZ-59 Gris Mate combina la \u00faltima tecnolog\u00eda en cascos Snell SA2020 con un dise\u00f1o de calidad para ofrecer el casco con la mejor relaci\u00f3n calidad-precio del mercado. Este modelo proporciona una gran ventilaci\u00f3n y comodidad  <\/strong><strong>con un dise\u00f1o elegante y sencillo para ayudar a mantenerse fresco y evitar que se empa\u00f1e en condiciones de carrera extremas. La RZ-59 ofrece un gran ajuste, un acabado de alto nivel y el precio m\u00e1s competitivo del sector. El asombroso acabado Gris Mate proporciona un gran casco de iniciaci\u00f3n para d\u00edas de pista, karting y otras carreras gobernadas por SA2020.<\/strong><\/p>\n<p><strong>Las caracter\u00edsticas incluyen:<\/strong><\/p>\n<ul>\n<li>Carcasa ligera <strong>de fibra de vidrio compuesta <\/strong><\/li>\n<li><strong>Ventilaci\u00f3n m\u00ednima hacia delante<\/strong> con orificios de ventilaci\u00f3n y escape<\/li>\n<li><strong>Interior de felpa ign\u00edfuga<\/strong><\/li>\n<li><strong>Serie Z-20 Escudo de 3 mm <\/strong>con postes arrancables, postes centrales de 12,25 pulgadas<\/li>\n<li><strong>Insertos M6 <\/strong>para Apoyacabezas y Cuello<\/li>\n<li><strong>Aprobado por Snell SA2020<\/strong><\/li>\n<li><strong>Peso: 1440 g en la talla M<\/strong><\/li>\n<\/ul>\n<p>Como es habitual en los deportes de motor, nuestro tallaje var\u00eda en funci\u00f3n del modelo de casco. Para m\u00e1s informaci\u00f3n sobre la talla del casco, <a href=\"https:\/\/zamphelmets.co\/es\/como-elegir-la-talla-de-casco-correcta\/\">consulta aqu\u00ed<\/a>.<\/p>\n<p><a href=\"https:\/\/zamphelmets.co\/es\/explicacion-de-la-homologacion\/\"><strong>Explicaci\u00f3n de la homologaci\u00f3n<\/strong>: averigua qu\u00e9 homologaci\u00f3n necesitas<\/a><\/p>\n<p><a href=\"https:\/\/zamphelmets.co\/es\/postes-hans-dispositivos-hans-y-fhr\/\"><strong>FHR \/ Dispositivo HANS<\/strong>: \u00bfcu\u00e1ndo es necesario?<\/a><\/p>\n<p>&nbsp;<\/p>\n<p><img decoding=\"async\" class=\"alignnone wp-image-26355 size-full lazyload\" data-src=\"https:\/\/zamphelmets.co\/wp-content\/uploads\/2024\/03\/Zamp-Helmets-sizing-guide-4166-x-4166-px-1.png\" alt=\"\" width=\"500\" height=\"500\" data-srcset=\"https:\/\/zamphelmets.co\/wp-content\/uploads\/2024\/03\/Zamp-Helmets-sizing-guide-4166-x-4166-px-1.png 500w, https:\/\/zamphelmets.co\/wp-content\/uploads\/2024\/03\/Zamp-Helmets-sizing-guide-4166-x-4166-px-1-300x300.png 300w, https:\/\/zamphelmets.co\/wp-content\/uploads\/2024\/03\/Zamp-Helmets-sizing-guide-4166-x-4166-px-1-150x150.png 150w, https:\/\/zamphelmets.co\/wp-content\/uploads\/2024\/03\/Zamp-Helmets-sizing-guide-4166-x-4166-px-1-100x100.png 100w\" data-sizes=\"(max-width: 500px) 100vw, 500px\" src=\"data:image\/svg+xml;base64,PHN2ZyB3aWR0aD0iMSIgaGVpZ2h0PSIxIiB4bWxucz0iaHR0cDovL3d3dy53My5vcmcvMjAwMC9zdmciPjwvc3ZnPg==\" style=\"--smush-placeholder-width: 500px; --smush-placeholder-aspect-ratio: 500\/500;\" \/><\/p>\n<div id=\"product-10089\" class=\"product type-product post-10089 status-publish first instock product_cat-fia product_cat-snell-2020-sa2020 product_cat-zamp has-post-thumbnail taxable shipping-taxable purchasable product-type-variable\">\n<div class=\"woocommerce-tabs wc-tabs-wrapper\">\n<div id=\"tab-description\" class=\"woocommerce-Tabs-panel woocommerce-Tabs-panel--description panel entry-content wc-tab\" role=\"tabpanel\" aria-labelledby=\"tab-title-description\">\n<p><strong>\u00bfNo est\u00e1s seguro del tama\u00f1o? <\/strong><a href=\"https:\/\/form.jotform.com\/251263198513053\">Rellena nuestro formulario de tallas<\/a> y un miembro del equipo se pondr\u00e1 en contacto contigo para darte nuestras recomendaciones.<\/p>\n<\/div>\n<\/div>\n<\/div>\n","protected":false},"excerpt":{"rendered":"<p>El casco Zamp RZ-59 Gris Mate combina la \u00faltima tecnolog\u00eda en cascos Snell SA2020 con un dise\u00f1o de calidad para ofrecer el casco con la mejor relaci\u00f3n calidad-precio del mercado. Este modelo proporciona una gran ventilaci\u00f3n y comodidad con un dise\u00f1o elegante y sencillo para ayudar a mantenerse fresco y evitar que se empa\u00f1e en [&hellip;]<\/p>\n","protected":false},"featured_media":27684,"comment_status":"open","ping_status":"closed","template":"","meta":{"_acf_changed":false,"_iconic_wsb_product_page_order_bump_ids":[[]],"_sku":[],"_iconic_wsb_product_page_bump_modal_ids":[[]]},"product_brand":[],"product_cat":[368,386,376,385,360],"product_tag":[],"class_list":{"0":"post-27656","1":"product","2":"type-product","3":"status-publish","4":"has-post-thumbnail","6":"product_cat-cascos","7":"product_cat-estandar","8":"product_cat-snell-2020-sa2020-es","9":"product_cat-snell-2020","10":"product_cat-zamp-es","12":"first","13":"outofstock","14":"taxable","15":"shipping-taxable","16":"product-type-variable"},"acf":[],"yoast_head":"<!-- This site is optimized with the Yoast SEO plugin v27.0 - https:\/\/yoast.com\/product\/yoast-seo-wordpress\/ -->\n<title>RZ 59 Gris mate (SA2020) - S\u00f3lo 225,83 euros - Zamp Helmets | Helmet 28 EU<\/title>\n<meta name=\"description\" content=\"El RZ 59 Gris Mate ofrece un gran ajuste al precio m\u00e1s competitivo del sector, lo que lo convierte en un gran casco de competici\u00f3n b\u00e1sico.\" \/>\n<meta name=\"robots\" content=\"index, follow, max-snippet:-1, max-image-preview:large, max-video-preview:-1\" \/>\n<link rel=\"canonical\" href=\"https:\/\/zamphelmets.co\/es\/producto\/rz-59-gris-mate\/\" \/>\n<meta property=\"og:locale\" content=\"es_ES\" \/>\n<meta property=\"og:type\" content=\"article\" \/>\n<meta property=\"og:title\" content=\"RZ 59 Gris mate (SA2020) - S\u00f3lo 225,83 euros - Zamp Helmets | Helmet 28 EU\" \/>\n<meta property=\"og:description\" content=\"El RZ 59 Gris Mate ofrece un gran ajuste al precio m\u00e1s competitivo del sector, lo que lo convierte en un gran casco de competici\u00f3n b\u00e1sico.\" \/>\n<meta property=\"og:url\" content=\"https:\/\/zamphelmets.co\/es\/producto\/rz-59-gris-mate\/\" \/>\n<meta property=\"og:site_name\" content=\"Zamp Helmets | Helmet 28 EU\" \/>\n<meta property=\"article:modified_time\" content=\"2026-02-16T15:18:57+00:00\" \/>\n<meta property=\"og:image\" content=\"https:\/\/zamphelmets.co\/wp-content\/uploads\/2020\/08\/H77215F.jpg\" \/>\n\t<meta property=\"og:image:width\" content=\"1500\" \/>\n\t<meta property=\"og:image:height\" content=\"1500\" \/>\n\t<meta property=\"og:image:type\" content=\"image\/jpeg\" \/>\n<meta name=\"twitter:card\" content=\"summary_large_image\" \/>\n<meta name=\"twitter:label1\" content=\"Est. reading time\" \/>\n\t<meta name=\"twitter:data1\" content=\"1 minuto\" \/>\n<script type=\"application\/ld+json\" class=\"yoast-schema-graph\">{\"@context\":\"https:\/\/schema.org\",\"@graph\":[{\"@type\":\"WebPage\",\"@id\":\"https:\/\/zamphelmets.co\/es\/producto\/rz-59-gris-mate\/\",\"url\":\"https:\/\/zamphelmets.co\/es\/producto\/rz-59-gris-mate\/\",\"name\":\"RZ 59 Gris mate (SA2020) - S\u00f3lo 225,83 euros - Zamp Helmets | Helmet 28 EU\",\"isPartOf\":{\"@id\":\"https:\/\/zamphelmets.co\/es\/#website\"},\"primaryImageOfPage\":{\"@id\":\"https:\/\/zamphelmets.co\/es\/producto\/rz-59-gris-mate\/#primaryimage\"},\"image\":{\"@id\":\"https:\/\/zamphelmets.co\/es\/producto\/rz-59-gris-mate\/#primaryimage\"},\"thumbnailUrl\":\"https:\/\/zamphelmets.co\/wp-content\/uploads\/2020\/08\/H77215F.jpg\",\"datePublished\":\"2020-08-07T11:58:58+00:00\",\"dateModified\":\"2026-02-16T15:18:57+00:00\",\"description\":\"El RZ 59 Gris Mate ofrece un gran ajuste al precio m\u00e1s competitivo del sector, lo que lo convierte en un gran casco de competici\u00f3n b\u00e1sico.\",\"breadcrumb\":{\"@id\":\"https:\/\/zamphelmets.co\/es\/producto\/rz-59-gris-mate\/#breadcrumb\"},\"inLanguage\":\"es\",\"potentialAction\":[{\"@type\":\"ReadAction\",\"target\":[\"https:\/\/zamphelmets.co\/es\/producto\/rz-59-gris-mate\/\"]}]},{\"@type\":\"ImageObject\",\"inLanguage\":\"es\",\"@id\":\"https:\/\/zamphelmets.co\/es\/producto\/rz-59-gris-mate\/#primaryimage\",\"url\":\"https:\/\/zamphelmets.co\/wp-content\/uploads\/2020\/08\/H77215F.jpg\",\"contentUrl\":\"https:\/\/zamphelmets.co\/wp-content\/uploads\/2020\/08\/H77215F.jpg\",\"width\":1500,\"height\":1500,\"caption\":\"Casco de competici\u00f3n RZ 59 Gris Mate de Zamp Helmets\"},{\"@type\":\"BreadcrumbList\",\"@id\":\"https:\/\/zamphelmets.co\/es\/producto\/rz-59-gris-mate\/#breadcrumb\",\"itemListElement\":[{\"@type\":\"ListItem\",\"position\":1,\"name\":\"Tienda\",\"item\":\"https:\/\/zamphelmets.co\/es\/tienda\/\"},{\"@type\":\"ListItem\",\"position\":2,\"name\":\"RZ 59 Gris mate\"}]},{\"@type\":\"WebSite\",\"@id\":\"https:\/\/zamphelmets.co\/es\/#website\",\"url\":\"https:\/\/zamphelmets.co\/es\/\",\"name\":\"Zamp Helmets | Helmet 28 EU\",\"description\":\"High Quality Motorsport Helmets\",\"potentialAction\":[{\"@type\":\"SearchAction\",\"target\":{\"@type\":\"EntryPoint\",\"urlTemplate\":\"https:\/\/zamphelmets.co\/es\/?s={search_term_string}\"},\"query-input\":{\"@type\":\"PropertyValueSpecification\",\"valueRequired\":true,\"valueName\":\"search_term_string\"}}],\"inLanguage\":\"es\"}]}<\/script>\n<!-- \/ Yoast SEO plugin. -->","yoast_head_json":{"title":"RZ 59 Gris mate (SA2020) - S\u00f3lo 225,83 euros - Zamp Helmets | Helmet 28 EU","description":"El RZ 59 Gris Mate ofrece un gran ajuste al precio m\u00e1s competitivo del sector, lo que lo convierte en un gran casco de competici\u00f3n b\u00e1sico.","robots":{"index":"index","follow":"follow","max-snippet":"max-snippet:-1","max-image-preview":"max-image-preview:large","max-video-preview":"max-video-preview:-1"},"canonical":"https:\/\/zamphelmets.co\/es\/producto\/rz-59-gris-mate\/","og_locale":"es_ES","og_type":"article","og_title":"RZ 59 Gris mate (SA2020) - S\u00f3lo 225,83 euros - Zamp Helmets | Helmet 28 EU","og_description":"El RZ 59 Gris Mate ofrece un gran ajuste al precio m\u00e1s competitivo del sector, lo que lo convierte en un gran casco de competici\u00f3n b\u00e1sico.","og_url":"https:\/\/zamphelmets.co\/es\/producto\/rz-59-gris-mate\/","og_site_name":"Zamp Helmets | Helmet 28 EU","article_modified_time":"2026-02-16T15:18:57+00:00","og_image":[{"width":1500,"height":1500,"url":"https:\/\/zamphelmets.co\/wp-content\/uploads\/2020\/08\/H77215F.jpg","type":"image\/jpeg"}],"twitter_card":"summary_large_image","twitter_misc":{"Est. reading time":"1 minuto"},"schema":{"@context":"https:\/\/schema.org","@graph":[{"@type":"WebPage","@id":"https:\/\/zamphelmets.co\/es\/producto\/rz-59-gris-mate\/","url":"https:\/\/zamphelmets.co\/es\/producto\/rz-59-gris-mate\/","name":"RZ 59 Gris mate (SA2020) - S\u00f3lo 225,83 euros - Zamp Helmets | Helmet 28 EU","isPartOf":{"@id":"https:\/\/zamphelmets.co\/es\/#website"},"primaryImageOfPage":{"@id":"https:\/\/zamphelmets.co\/es\/producto\/rz-59-gris-mate\/#primaryimage"},"image":{"@id":"https:\/\/zamphelmets.co\/es\/producto\/rz-59-gris-mate\/#primaryimage"},"thumbnailUrl":"https:\/\/zamphelmets.co\/wp-content\/uploads\/2020\/08\/H77215F.jpg","datePublished":"2020-08-07T11:58:58+00:00","dateModified":"2026-02-16T15:18:57+00:00","description":"El RZ 59 Gris Mate ofrece un gran ajuste al precio m\u00e1s competitivo del sector, lo que lo convierte en un gran casco de competici\u00f3n b\u00e1sico.","breadcrumb":{"@id":"https:\/\/zamphelmets.co\/es\/producto\/rz-59-gris-mate\/#breadcrumb"},"inLanguage":"es","potentialAction":[{"@type":"ReadAction","target":["https:\/\/zamphelmets.co\/es\/producto\/rz-59-gris-mate\/"]}]},{"@type":"ImageObject","inLanguage":"es","@id":"https:\/\/zamphelmets.co\/es\/producto\/rz-59-gris-mate\/#primaryimage","url":"https:\/\/zamphelmets.co\/wp-content\/uploads\/2020\/08\/H77215F.jpg","contentUrl":"https:\/\/zamphelmets.co\/wp-content\/uploads\/2020\/08\/H77215F.jpg","width":1500,"height":1500,"caption":"Casco de competici\u00f3n RZ 59 Gris Mate de Zamp Helmets"},{"@type":"BreadcrumbList","@id":"https:\/\/zamphelmets.co\/es\/producto\/rz-59-gris-mate\/#breadcrumb","itemListElement":[{"@type":"ListItem","position":1,"name":"Tienda","item":"https:\/\/zamphelmets.co\/es\/tienda\/"},{"@type":"ListItem","position":2,"name":"RZ 59 Gris mate"}]},{"@type":"WebSite","@id":"https:\/\/zamphelmets.co\/es\/#website","url":"https:\/\/zamphelmets.co\/es\/","name":"Zamp Helmets | Helmet 28 EU","description":"High Quality Motorsport Helmets","potentialAction":[{"@type":"SearchAction","target":{"@type":"EntryPoint","urlTemplate":"https:\/\/zamphelmets.co\/es\/?s={search_term_string}"},"query-input":{"@type":"PropertyValueSpecification","valueRequired":true,"valueName":"search_term_string"}}],"inLanguage":"es"}]}},"_links":{"self":[{"href":"https:\/\/zamphelmets.co\/es\/wp-json\/wp\/v2\/product\/27656","targetHints":{"allow":["GET"]}}],"collection":[{"href":"https:\/\/zamphelmets.co\/es\/wp-json\/wp\/v2\/product"}],"about":[{"href":"https:\/\/zamphelmets.co\/es\/wp-json\/wp\/v2\/types\/product"}],"replies":[{"embeddable":true,"href":"https:\/\/zamphelmets.co\/es\/wp-json\/wp\/v2\/comments?post=27656"}],"wp:featuredmedia":[{"embeddable":true,"href":"https:\/\/zamphelmets.co\/es\/wp-json\/wp\/v2\/media\/27684"}],"wp:attachment":[{"href":"https:\/\/zamphelmets.co\/es\/wp-json\/wp\/v2\/media?parent=27656"}],"wp:term":[{"taxonomy":"product_brand","embeddable":true,"href":"https:\/\/zamphelmets.co\/es\/wp-json\/wp\/v2\/product_brand?post=27656"},{"taxonomy":"product_cat","embeddable":true,"href":"https:\/\/zamphelmets.co\/es\/wp-json\/wp\/v2\/product_cat?post=27656"},{"taxonomy":"product_tag","embeddable":true,"href":"https:\/\/zamphelmets.co\/es\/wp-json\/wp\/v2\/product_tag?post=27656"}],"curies":[{"name":"wp","href":"https:\/\/api.w.org\/{rel}","templated":true}]}}