{"id":27583,"date":"2022-02-19T16:39:18","date_gmt":"2022-02-19T16:39:18","guid":{"rendered":"https:\/\/zamphelmets.co\/product\/chin-spoiler\/"},"modified":"2026-03-13T18:52:36","modified_gmt":"2026-03-13T18:52:36","slug":"chin-spoiler","status":"publish","type":"product","link":"https:\/\/zamphelmets.co\/es\/producto\/chin-spoiler\/","title":{"rendered":"Chin Spoiler"},"content":{"rendered":"<p>El aler\u00f3n de barbilla es perfecto para las carreras de cock-pit abierto, ya que evita que se levante el casco a altas velocidades y reduce la resistencia aerodin\u00e1mica. Y lo que es m\u00e1s importante, esto reducir\u00e1 dr\u00e1sticamente las tensiones y fuerzas sobre tu cabeza y cuello en el transcurso de una carrera o esfuerzo.<\/p>\n<p>El aler\u00f3n de barbilla es compatible con los siguientes cascos:<\/p>\n<ul>\n<li>Gr\u00e1ficos RZ 44CE \/ RZ 44CE<\/li>\n<li>RZ 70E<\/li>\n<li>RZ 65D \/ RZ 65D Gris\/Negro<\/li>\n<li>RZ 62<\/li>\n<\/ul>\n<p><iframe title=\"Reproductor de v\u00eddeo de YouTube\" data-src=\"https:\/\/www.youtube.com\/embed\/O3_PtsyDxTA\" width=\"560\" height=\"315\" frameborder=\"0\" allowfullscreen=\"allowfullscreen\" src=\"data:image\/svg+xml;base64,PHN2ZyB3aWR0aD0iMSIgaGVpZ2h0PSIxIiB4bWxucz0iaHR0cDovL3d3dy53My5vcmcvMjAwMC9zdmciPjwvc3ZnPg==\" class=\"lazyload\" data-load-mode=\"1\"><\/iframe><\/p>\n","protected":false},"excerpt":{"rendered":"<p>El aler\u00f3n de barbilla es perfecto para las carreras de cock-pit abierto, ya que evita que se levante el casco a altas velocidades y reduce la resistencia aerodin\u00e1mica. Y lo que es m\u00e1s importante, esto reducir\u00e1 dr\u00e1sticamente las tensiones y fuerzas sobre tu cabeza y cuello en el transcurso de una carrera o esfuerzo. El [&hellip;]<\/p>\n","protected":false},"featured_media":27584,"comment_status":"open","ping_status":"closed","template":"","meta":{"_acf_changed":false,"_iconic_wsb_product_page_order_bump_ids":[],"_sku":["HSZ210CL"],"_iconic_wsb_product_page_bump_modal_ids":[]},"product_brand":[],"product_cat":[372,361,360],"product_tag":[],"class_list":{"0":"post-27583","1":"product","2":"type-product","3":"status-publish","4":"has-post-thumbnail","6":"product_cat-accesorios","7":"product_cat-accesorios-para-cascos","8":"product_cat-zamp-es","10":"first","11":"onbackorder","12":"taxable","13":"shipping-taxable","14":"purchasable","15":"product-type-simple"},"acf":[],"yoast_head":"<!-- This site is optimized with the Yoast SEO plugin v27.0 - https:\/\/yoast.com\/product\/yoast-seo-wordpress\/ -->\n<title>Chin Spoiler for Cascos de carreras \u20ac24.99 - Zamp Helmets | Helmet 28 EU<\/title>\n<meta name=\"description\" content=\"El aler\u00f3n de barbilla es perfecto para las carreras de cock-pit abierto, ya que evita que se levante el casco a altas velocidades y reduce la resistencia aerodin\u00e1mica.\" \/>\n<meta name=\"robots\" content=\"index, follow, max-snippet:-1, max-image-preview:large, max-video-preview:-1\" \/>\n<link rel=\"canonical\" href=\"https:\/\/zamphelmets.co\/es\/producto\/chin-spoiler\/\" \/>\n<meta property=\"og:locale\" content=\"es_ES\" \/>\n<meta property=\"og:type\" content=\"article\" \/>\n<meta property=\"og:title\" content=\"Chin Spoiler for Cascos de carreras \u20ac24.99 - Zamp Helmets | Helmet 28 EU\" \/>\n<meta property=\"og:description\" content=\"El aler\u00f3n de barbilla es perfecto para las carreras de cock-pit abierto, ya que evita que se levante el casco a altas velocidades y reduce la resistencia aerodin\u00e1mica.\" \/>\n<meta property=\"og:url\" content=\"https:\/\/zamphelmets.co\/es\/producto\/chin-spoiler\/\" \/>\n<meta property=\"og:site_name\" content=\"Zamp Helmets | Helmet 28 EU\" \/>\n<meta property=\"article:modified_time\" content=\"2026-03-13T18:52:36+00:00\" \/>\n<meta property=\"og:image\" content=\"https:\/\/zamphelmets.co\/wp-content\/uploads\/2020\/08\/mPxzSzaATTy9bX8I8AvZ_HSZ210CL_89a84e9d-3ee0-4c97-8a12-a1e8fd5bee45.jpg\" \/>\n\t<meta property=\"og:image:width\" content=\"1000\" \/>\n\t<meta property=\"og:image:height\" content=\"1000\" \/>\n\t<meta property=\"og:image:type\" content=\"image\/jpeg\" \/>\n<meta name=\"twitter:card\" content=\"summary_large_image\" \/>\n<script type=\"application\/ld+json\" class=\"yoast-schema-graph\">{\"@context\":\"https:\/\/schema.org\",\"@graph\":[{\"@type\":\"WebPage\",\"@id\":\"https:\/\/zamphelmets.co\/es\/producto\/chin-spoiler\/\",\"url\":\"https:\/\/zamphelmets.co\/es\/producto\/chin-spoiler\/\",\"name\":\"Chin Spoiler for Cascos de carreras \u20ac24.99 - Zamp Helmets | Helmet 28 EU\",\"isPartOf\":{\"@id\":\"https:\/\/zamphelmets.co\/es\/#website\"},\"primaryImageOfPage\":{\"@id\":\"https:\/\/zamphelmets.co\/es\/producto\/chin-spoiler\/#primaryimage\"},\"image\":{\"@id\":\"https:\/\/zamphelmets.co\/es\/producto\/chin-spoiler\/#primaryimage\"},\"thumbnailUrl\":\"https:\/\/zamphelmets.co\/wp-content\/uploads\/2020\/08\/mPxzSzaATTy9bX8I8AvZ_HSZ210CL_89a84e9d-3ee0-4c97-8a12-a1e8fd5bee45.jpg\",\"datePublished\":\"2022-02-19T16:39:18+00:00\",\"dateModified\":\"2026-03-13T18:52:36+00:00\",\"description\":\"El aler\u00f3n de barbilla es perfecto para las carreras de cock-pit abierto, ya que evita que se levante el casco a altas velocidades y reduce la resistencia aerodin\u00e1mica.\",\"breadcrumb\":{\"@id\":\"https:\/\/zamphelmets.co\/es\/producto\/chin-spoiler\/#breadcrumb\"},\"inLanguage\":\"es\",\"potentialAction\":[{\"@type\":\"ReadAction\",\"target\":[\"https:\/\/zamphelmets.co\/es\/producto\/chin-spoiler\/\"]}]},{\"@type\":\"ImageObject\",\"inLanguage\":\"es\",\"@id\":\"https:\/\/zamphelmets.co\/es\/producto\/chin-spoiler\/#primaryimage\",\"url\":\"https:\/\/zamphelmets.co\/wp-content\/uploads\/2020\/08\/mPxzSzaATTy9bX8I8AvZ_HSZ210CL_89a84e9d-3ee0-4c97-8a12-a1e8fd5bee45.jpg\",\"contentUrl\":\"https:\/\/zamphelmets.co\/wp-content\/uploads\/2020\/08\/mPxzSzaATTy9bX8I8AvZ_HSZ210CL_89a84e9d-3ee0-4c97-8a12-a1e8fd5bee45.jpg\",\"width\":1000,\"height\":1000,\"caption\":\"Mentonera para cascos de competici\u00f3n de Zamp Helmets\"},{\"@type\":\"BreadcrumbList\",\"@id\":\"https:\/\/zamphelmets.co\/es\/producto\/chin-spoiler\/#breadcrumb\",\"itemListElement\":[{\"@type\":\"ListItem\",\"position\":1,\"name\":\"Tienda\",\"item\":\"https:\/\/zamphelmets.co\/es\/tienda\/\"},{\"@type\":\"ListItem\",\"position\":2,\"name\":\"Chin Spoiler\"}]},{\"@type\":\"WebSite\",\"@id\":\"https:\/\/zamphelmets.co\/es\/#website\",\"url\":\"https:\/\/zamphelmets.co\/es\/\",\"name\":\"Zamp Helmets | Helmet 28 EU\",\"description\":\"High Quality Motorsport Helmets\",\"potentialAction\":[{\"@type\":\"SearchAction\",\"target\":{\"@type\":\"EntryPoint\",\"urlTemplate\":\"https:\/\/zamphelmets.co\/es\/?s={search_term_string}\"},\"query-input\":{\"@type\":\"PropertyValueSpecification\",\"valueRequired\":true,\"valueName\":\"search_term_string\"}}],\"inLanguage\":\"es\"}]}<\/script>\n<!-- \/ Yoast SEO plugin. -->","yoast_head_json":{"title":"Chin Spoiler for Cascos de carreras \u20ac24.99 - Zamp Helmets | Helmet 28 EU","description":"El aler\u00f3n de barbilla es perfecto para las carreras de cock-pit abierto, ya que evita que se levante el casco a altas velocidades y reduce la resistencia aerodin\u00e1mica.","robots":{"index":"index","follow":"follow","max-snippet":"max-snippet:-1","max-image-preview":"max-image-preview:large","max-video-preview":"max-video-preview:-1"},"canonical":"https:\/\/zamphelmets.co\/es\/producto\/chin-spoiler\/","og_locale":"es_ES","og_type":"article","og_title":"Chin Spoiler for Cascos de carreras \u20ac24.99 - Zamp Helmets | Helmet 28 EU","og_description":"El aler\u00f3n de barbilla es perfecto para las carreras de cock-pit abierto, ya que evita que se levante el casco a altas velocidades y reduce la resistencia aerodin\u00e1mica.","og_url":"https:\/\/zamphelmets.co\/es\/producto\/chin-spoiler\/","og_site_name":"Zamp Helmets | Helmet 28 EU","article_modified_time":"2026-03-13T18:52:36+00:00","og_image":[{"width":1000,"height":1000,"url":"https:\/\/zamphelmets.co\/wp-content\/uploads\/2020\/08\/mPxzSzaATTy9bX8I8AvZ_HSZ210CL_89a84e9d-3ee0-4c97-8a12-a1e8fd5bee45.jpg","type":"image\/jpeg"}],"twitter_card":"summary_large_image","schema":{"@context":"https:\/\/schema.org","@graph":[{"@type":"WebPage","@id":"https:\/\/zamphelmets.co\/es\/producto\/chin-spoiler\/","url":"https:\/\/zamphelmets.co\/es\/producto\/chin-spoiler\/","name":"Chin Spoiler for Cascos de carreras \u20ac24.99 - Zamp Helmets | Helmet 28 EU","isPartOf":{"@id":"https:\/\/zamphelmets.co\/es\/#website"},"primaryImageOfPage":{"@id":"https:\/\/zamphelmets.co\/es\/producto\/chin-spoiler\/#primaryimage"},"image":{"@id":"https:\/\/zamphelmets.co\/es\/producto\/chin-spoiler\/#primaryimage"},"thumbnailUrl":"https:\/\/zamphelmets.co\/wp-content\/uploads\/2020\/08\/mPxzSzaATTy9bX8I8AvZ_HSZ210CL_89a84e9d-3ee0-4c97-8a12-a1e8fd5bee45.jpg","datePublished":"2022-02-19T16:39:18+00:00","dateModified":"2026-03-13T18:52:36+00:00","description":"El aler\u00f3n de barbilla es perfecto para las carreras de cock-pit abierto, ya que evita que se levante el casco a altas velocidades y reduce la resistencia aerodin\u00e1mica.","breadcrumb":{"@id":"https:\/\/zamphelmets.co\/es\/producto\/chin-spoiler\/#breadcrumb"},"inLanguage":"es","potentialAction":[{"@type":"ReadAction","target":["https:\/\/zamphelmets.co\/es\/producto\/chin-spoiler\/"]}]},{"@type":"ImageObject","inLanguage":"es","@id":"https:\/\/zamphelmets.co\/es\/producto\/chin-spoiler\/#primaryimage","url":"https:\/\/zamphelmets.co\/wp-content\/uploads\/2020\/08\/mPxzSzaATTy9bX8I8AvZ_HSZ210CL_89a84e9d-3ee0-4c97-8a12-a1e8fd5bee45.jpg","contentUrl":"https:\/\/zamphelmets.co\/wp-content\/uploads\/2020\/08\/mPxzSzaATTy9bX8I8AvZ_HSZ210CL_89a84e9d-3ee0-4c97-8a12-a1e8fd5bee45.jpg","width":1000,"height":1000,"caption":"Mentonera para cascos de competici\u00f3n de Zamp Helmets"},{"@type":"BreadcrumbList","@id":"https:\/\/zamphelmets.co\/es\/producto\/chin-spoiler\/#breadcrumb","itemListElement":[{"@type":"ListItem","position":1,"name":"Tienda","item":"https:\/\/zamphelmets.co\/es\/tienda\/"},{"@type":"ListItem","position":2,"name":"Chin Spoiler"}]},{"@type":"WebSite","@id":"https:\/\/zamphelmets.co\/es\/#website","url":"https:\/\/zamphelmets.co\/es\/","name":"Zamp Helmets | Helmet 28 EU","description":"High Quality Motorsport Helmets","potentialAction":[{"@type":"SearchAction","target":{"@type":"EntryPoint","urlTemplate":"https:\/\/zamphelmets.co\/es\/?s={search_term_string}"},"query-input":{"@type":"PropertyValueSpecification","valueRequired":true,"valueName":"search_term_string"}}],"inLanguage":"es"}]}},"_links":{"self":[{"href":"https:\/\/zamphelmets.co\/es\/wp-json\/wp\/v2\/product\/27583","targetHints":{"allow":["GET"]}}],"collection":[{"href":"https:\/\/zamphelmets.co\/es\/wp-json\/wp\/v2\/product"}],"about":[{"href":"https:\/\/zamphelmets.co\/es\/wp-json\/wp\/v2\/types\/product"}],"replies":[{"embeddable":true,"href":"https:\/\/zamphelmets.co\/es\/wp-json\/wp\/v2\/comments?post=27583"}],"wp:featuredmedia":[{"embeddable":true,"href":"https:\/\/zamphelmets.co\/es\/wp-json\/wp\/v2\/media\/27584"}],"wp:attachment":[{"href":"https:\/\/zamphelmets.co\/es\/wp-json\/wp\/v2\/media?parent=27583"}],"wp:term":[{"taxonomy":"product_brand","embeddable":true,"href":"https:\/\/zamphelmets.co\/es\/wp-json\/wp\/v2\/product_brand?post=27583"},{"taxonomy":"product_cat","embeddable":true,"href":"https:\/\/zamphelmets.co\/es\/wp-json\/wp\/v2\/product_cat?post=27583"},{"taxonomy":"product_tag","embeddable":true,"href":"https:\/\/zamphelmets.co\/es\/wp-json\/wp\/v2\/product_tag?post=27583"}],"curies":[{"name":"wp","href":"https:\/\/api.w.org\/{rel}","templated":true}]}}